{"id":4738,"date":"2021-07-23T12:18:10","date_gmt":"2021-07-23T12:18:10","guid":{"rendered":"https:\/\/www.weddingportugal.com\/services\/mehr-dienstleistungen\/gastgeschenke\/"},"modified":"2021-07-26T17:37:38","modified_gmt":"2021-07-26T17:37:38","slug":"gastgeschenke","status":"publish","type":"page","link":"https:\/\/www.weddingportugal.com\/de\/services\/mehr-dienstleistungen\/gastgeschenke\/","title":{"rendered":"Gastgeschenke"},"content":{"rendered":"\t\t<div data-elementor-type=\"wp-page\" data-elementor-id=\"4738\" class=\"elementor elementor-4738 elementor-2952\" data-elementor-post-type=\"page\">\n\t\t\t\t\t\t<section class=\"elementor-section elementor-top-section elementor-element elementor-element-10680aa2 elementor-section-boxed elementor-section-height-default elementor-section-height-default\" data-id=\"10680aa2\" data-element_type=\"section\" data-e-type=\"section\">\n\t\t\t\t\t\t<div class=\"elementor-container elementor-column-gap-default\">\n\t\t\t\t\t<div class=\"elementor-column elementor-col-100 elementor-top-column elementor-element elementor-element-46a83551\" data-id=\"46a83551\" data-element_type=\"column\" data-e-type=\"column\">\n\t\t\t<div class=\"elementor-widget-wrap elementor-element-populated\">\n\t\t\t\t\t\t<div class=\"elementor-element elementor-element-14141b72 elementor-widget elementor-widget-text-editor\" data-id=\"14141b72\" data-element_type=\"widget\" data-e-type=\"widget\" data-widget_type=\"text-editor.default\">\n\t\t\t\t<div class=\"elementor-widget-container\">\n\t\t\t\t\t\t\t\t\t<p>Sie wollen Ihren G\u00e4sten eine Freude machen und sie mit einem kleinen portugiesischen Pr\u00e4sent \u00fcberraschen? Dann lassen Sie sich hier von den sch\u00f6nsten Gastgeschenken f\u00fcr eine Hochzeit inspirieren. Bitte klicken Sie auf den untenstehenden Link, um Details zu sehen.<\/p>\n\t\t\t\t\t\t\t\t<\/div>\n\t\t\t\t<\/div>\n\t\t\t\t\t<\/div>\n\t\t<\/div>\n\t\t\t\t\t<\/div>\n\t\t<\/section>\n\t\t\t\t<section class=\"elementor-section elementor-top-section elementor-element elementor-element-0516836 elementor-section-boxed elementor-section-height-default elementor-section-height-default\" data-id=\"0516836\" data-element_type=\"section\" data-e-type=\"section\">\n\t\t\t\t\t\t<div class=\"elementor-container elementor-column-gap-default\">\n\t\t\t\t\t<div class=\"elementor-column elementor-col-50 elementor-top-column elementor-element elementor-element-c06edbe\" data-id=\"c06edbe\" data-element_type=\"column\" data-e-type=\"column\">\n\t\t\t<div class=\"elementor-widget-wrap elementor-element-populated\">\n\t\t\t\t\t\t<div class=\"elementor-element elementor-element-2296b00 elementor-widget elementor-widget-image\" data-id=\"2296b00\" data-element_type=\"widget\" data-e-type=\"widget\" data-widget_type=\"image.default\">\n\t\t\t\t<div class=\"elementor-widget-container\">\n\t\t\t\t\t\t\t\t\t\t\t\t\t\t\t<img fetchpriority=\"high\" decoding=\"async\" width=\"760\" height=\"500\" src=\"https:\/\/www.weddingportugal.com\/wp-content\/uploads\/2020\/12\/PoisSelection.jpg\" class=\"attachment-large size-large wp-image-2999\" alt=\"\" srcset=\"https:\/\/www.weddingportugal.com\/wp-content\/uploads\/2020\/12\/PoisSelection.jpg 760w, https:\/\/www.weddingportugal.com\/wp-content\/uploads\/2020\/12\/PoisSelection-300x197.jpg 300w\" sizes=\"(max-width: 760px) 100vw, 760px\" \/>\t\t\t\t\t\t\t\t\t\t\t\t\t\t\t<\/div>\n\t\t\t\t<\/div>\n\t\t\t\t<div class=\"elementor-element elementor-element-b993ba8 elementor-widget elementor-widget-text-editor\" data-id=\"b993ba8\" data-element_type=\"widget\" data-e-type=\"widget\" data-widget_type=\"text-editor.default\">\n\t\t\t\t<div class=\"elementor-widget-container\">\n\t\t\t\t\t\t\t\t\t<p>Schauen Sie sich diesen erstaunlichen Katalog mit so vielen interessanten Vorschl\u00e4gen f\u00fcr Gastgeschenke an.<\/p>\n<p>Sie k\u00f6nnen direkt bei Pois Selection bestellen oder uns bitten, f\u00fcr Sie zu bestellen.<\/p>\n<p>&nbsp;<\/p>\n\t\t\t\t\t\t\t\t<\/div>\n\t\t\t\t<\/div>\n\t\t\t\t\t<\/div>\n\t\t<\/div>\n\t\t\t\t<div class=\"elementor-column elementor-col-50 elementor-top-column elementor-element elementor-element-1da800c\" data-id=\"1da800c\" data-element_type=\"column\" data-e-type=\"column\">\n\t\t\t<div class=\"elementor-widget-wrap elementor-element-populated\">\n\t\t\t\t\t\t<div class=\"elementor-element elementor-element-5964604 elementor-widget elementor-widget-image\" data-id=\"5964604\" data-element_type=\"widget\" data-e-type=\"widget\" data-widget_type=\"image.default\">\n\t\t\t\t<div class=\"elementor-widget-container\">\n\t\t\t\t\t\t\t\t\t\t\t\t\t\t\t<img decoding=\"async\" width=\"760\" height=\"500\" src=\"https:\/\/www.weddingportugal.com\/wp-content\/uploads\/2020\/12\/HandmadeSoaps.jpg\" class=\"attachment-large size-large wp-image-3008\" alt=\"\" srcset=\"https:\/\/www.weddingportugal.com\/wp-content\/uploads\/2020\/12\/HandmadeSoaps.jpg 760w, https:\/\/www.weddingportugal.com\/wp-content\/uploads\/2020\/12\/HandmadeSoaps-300x197.jpg 300w\" sizes=\"(max-width: 760px) 100vw, 760px\" \/>\t\t\t\t\t\t\t\t\t\t\t\t\t\t\t<\/div>\n\t\t\t\t<\/div>\n\t\t\t\t<div class=\"elementor-element elementor-element-1b0e021 elementor-widget elementor-widget-text-editor\" data-id=\"1b0e021\" data-element_type=\"widget\" data-e-type=\"widget\" data-widget_type=\"text-editor.default\">\n\t\t\t\t<div class=\"elementor-widget-container\">\n\t\t\t\t\t\t\t\t\t<p>Diese h\u00fcbschen Seifen sind Made-in-Portugal und f\u00fcr eine Portugiesische Hochzeit find ich die in Sardinenform echt witzig.<\/p>\n<p>Die Cupcake-Seifen sehen so echt aus das hoffentlich keiner rein beisst \ud83d\ude42<\/p>\n\t\t\t\t\t\t\t\t<\/div>\n\t\t\t\t<\/div>\n\t\t\t\t\t<\/div>\n\t\t<\/div>\n\t\t\t\t\t<\/div>\n\t\t<\/section>\n\t\t\t\t<section class=\"elementor-section elementor-top-section elementor-element elementor-element-d4e63b3 elementor-section-boxed elementor-section-height-default elementor-section-height-default\" data-id=\"d4e63b3\" data-element_type=\"section\" data-e-type=\"section\">\n\t\t\t\t\t\t<div class=\"elementor-container elementor-column-gap-default\">\n\t\t\t\t\t<div class=\"elementor-column elementor-col-50 elementor-top-column elementor-element elementor-element-950305f\" data-id=\"950305f\" data-element_type=\"column\" data-e-type=\"column\">\n\t\t\t<div class=\"elementor-widget-wrap elementor-element-populated\">\n\t\t\t\t\t\t<div class=\"elementor-element elementor-element-5ffd316 elementor-widget elementor-widget-image\" data-id=\"5ffd316\" data-element_type=\"widget\" data-e-type=\"widget\" data-widget_type=\"image.default\">\n\t\t\t\t<div class=\"elementor-widget-container\">\n\t\t\t\t\t\t\t\t\t\t\t\t\t\t\t<img decoding=\"async\" width=\"760\" height=\"500\" src=\"https:\/\/www.weddingportugal.com\/wp-content\/uploads\/2020\/12\/RawSeasalt.jpg\" class=\"attachment-large size-large wp-image-3013\" alt=\"\" srcset=\"https:\/\/www.weddingportugal.com\/wp-content\/uploads\/2020\/12\/RawSeasalt.jpg 760w, https:\/\/www.weddingportugal.com\/wp-content\/uploads\/2020\/12\/RawSeasalt-300x197.jpg 300w\" sizes=\"(max-width: 760px) 100vw, 760px\" \/>\t\t\t\t\t\t\t\t\t\t\t\t\t\t\t<\/div>\n\t\t\t\t<\/div>\n\t\t\t\t<div class=\"elementor-element elementor-element-cce9d8e elementor-widget elementor-widget-text-editor\" data-id=\"cce9d8e\" data-element_type=\"widget\" data-e-type=\"widget\" data-widget_type=\"text-editor.default\">\n\t\t\t\t<div class=\"elementor-widget-container\">\n\t\t\t\t\t\t\t\t\t<p><strong>Meersalz im Stoffs\u00e4ckchen<\/strong>:\u00a0 eine der Kostbarkeiten Portugals: Meersalz. Ja ich weiss, man sagt immer zu viel Salz sei schlecht, dabei kommt es doch nur auf das Salz an und das Portugisische Meersalz ist nur so bombenvoll mit Mineralien und nicht umsonst war Salz mal wertvoller als Gold!<\/p>\n<p>Das 200 g P\u00e4ckchen Salz im Stoffs\u00e4ckchen mit pers\u00f6nlichem Etikett kostet 3,50 \u20ac<\/p>\n<p class=\"western\"><strong><b>Planungs und Buchungsgeb\u00fchr: <\/b><\/strong>Personalisierter Service, abh\u00e4ngig von Bestellmenge und anderen Serviceleistungen die mit uns gebucht sind.<\/p>\n<p class=\"western\">Bitte fragen Sie uns nach unserem pers\u00f6nlichen Angebot.<\/p>\n<p><strong>Tip:<\/strong> wie w\u00e4re es mit einem Etikett das sagt:<\/p>\n<p>\u201eF\u00fcr die W\u00fcrze im Leben\u201c \u2013 Danke das ihr mit uns feiert \u2013 Simon und Natasha\u00a0 \u2013 3. September 2009<\/p>\n\t\t\t\t\t\t\t\t<\/div>\n\t\t\t\t<\/div>\n\t\t\t\t\t<\/div>\n\t\t<\/div>\n\t\t\t\t<div class=\"elementor-column elementor-col-50 elementor-top-column elementor-element elementor-element-2bfe4bf\" data-id=\"2bfe4bf\" data-element_type=\"column\" data-e-type=\"column\">\n\t\t\t<div class=\"elementor-widget-wrap elementor-element-populated\">\n\t\t\t\t\t\t<div class=\"elementor-element elementor-element-86f74da elementor-widget elementor-widget-image\" data-id=\"86f74da\" data-element_type=\"widget\" data-e-type=\"widget\" data-widget_type=\"image.default\">\n\t\t\t\t<div class=\"elementor-widget-container\">\n\t\t\t\t\t\t\t\t\t\t\t\t\t\t\t<img loading=\"lazy\" decoding=\"async\" width=\"760\" height=\"500\" src=\"https:\/\/www.weddingportugal.com\/wp-content\/uploads\/2020\/12\/OliveOil.jpg\" class=\"attachment-large size-large wp-image-3018\" alt=\"\" srcset=\"https:\/\/www.weddingportugal.com\/wp-content\/uploads\/2020\/12\/OliveOil.jpg 760w, https:\/\/www.weddingportugal.com\/wp-content\/uploads\/2020\/12\/OliveOil-300x197.jpg 300w\" sizes=\"(max-width: 760px) 100vw, 760px\" \/>\t\t\t\t\t\t\t\t\t\t\t\t\t\t\t<\/div>\n\t\t\t\t<\/div>\n\t\t\t\t<div class=\"elementor-element elementor-element-495420c elementor-widget elementor-widget-text-editor\" data-id=\"495420c\" data-element_type=\"widget\" data-e-type=\"widget\" data-widget_type=\"text-editor.default\">\n\t\t\t\t<div class=\"elementor-widget-container\">\n\t\t\t\t\t\t\t\t\t<p>Portugal ist bekannt f\u00fcr sein tolles Oliven\u00f6l und es ist wirklich eines der gr\u00f6ssten Reicht\u00fcmers dieses Landes. Die Ernte der Oliven ist sehr zeitaufwendig und doch werden hier jedes Jahr im Oktober, November, Dezember die Oliven geerntet und man sieht die Dorfbev\u00f6lkerung \u00fcberall zusammen arbeiten, ein idylischer Anblick ! Ein passendes\u00a0 besonderes Geschenk f\u00fcr ihre Portugalhochzeitsg\u00e4ste.<\/p>\n<p>0,2 l Flasche mit\u00a0 personaliziertem Label \u2013\u00a0 5 \u20ac.<\/p>\n<p class=\"western\"><strong><b>Planungs und Buchungsgeb\u00fchr: <\/b><\/strong>Personalisierter Service, abh\u00e4ngig von Bestellmenge und anderen Serviceleistungen die mit uns gebucht sind.<\/p>\n<p class=\"western\">Bitte fragen Sie uns nach unserem pers\u00f6nlichen Angebot.<\/p>\n\t\t\t\t\t\t\t\t<\/div>\n\t\t\t\t<\/div>\n\t\t\t\t\t<\/div>\n\t\t<\/div>\n\t\t\t\t\t<\/div>\n\t\t<\/section>\n\t\t\t\t<\/div>\n\t\t","protected":false},"excerpt":{"rendered":"<p>Sie wollen Ihren G\u00e4sten eine Freude machen und sie mit einem kleinen portugiesischen Pr\u00e4sent \u00fcberraschen? Dann lassen Sie sich hier von den sch\u00f6nsten Gastgeschenken f\u00fcr eine Hochzeit inspirieren. Bitte klicken Sie auf den untenstehenden Link, um Details zu sehen. Schauen Sie sich diesen erstaunlichen Katalog mit so vielen interessanten Vorschl\u00e4gen f\u00fcr Gastgeschenke an. Sie k\u00f6nnen [&hellip;]<\/p>\n","protected":false},"author":1,"featured_media":2991,"parent":4524,"menu_order":128,"comment_status":"closed","ping_status":"closed","template":"","meta":{"content-type":"","footnotes":""},"class_list":["post-4738","page","type-page","status-publish","has-post-thumbnail","hentry"],"yoast_head":"<!-- This site is optimized with the Yoast SEO plugin v27.2 - https:\/\/yoast.com\/product\/yoast-seo-wordpress\/ -->\n<title>Gastgeschenke - Wedding Portugal<\/title>\n<meta name=\"robots\" content=\"index, follow, max-snippet:-1, max-image-preview:large, max-video-preview:-1\" \/>\n<link rel=\"canonical\" href=\"https:\/\/www.weddingportugal.com\/de\/services\/mehr-dienstleistungen\/gastgeschenke\/\" \/>\n<meta property=\"og:locale\" content=\"de_DE\" \/>\n<meta property=\"og:type\" content=\"article\" \/>\n<meta property=\"og:title\" content=\"Gastgeschenke - Wedding Portugal\" \/>\n<meta property=\"og:description\" content=\"Sie wollen Ihren G\u00e4sten eine Freude machen und sie mit einem kleinen portugiesischen Pr\u00e4sent \u00fcberraschen? Dann lassen Sie sich hier von den sch\u00f6nsten Gastgeschenken f\u00fcr eine Hochzeit inspirieren. Bitte klicken Sie auf den untenstehenden Link, um Details zu sehen. Schauen Sie sich diesen erstaunlichen Katalog mit so vielen interessanten Vorschl\u00e4gen f\u00fcr Gastgeschenke an. Sie k\u00f6nnen [&hellip;]\" \/>\n<meta property=\"og:url\" content=\"https:\/\/www.weddingportugal.com\/de\/services\/mehr-dienstleistungen\/gastgeschenke\/\" \/>\n<meta property=\"og:site_name\" content=\"Wedding Portugal\" \/>\n<meta property=\"article:modified_time\" content=\"2021-07-26T17:37:38+00:00\" \/>\n<meta property=\"og:image\" content=\"https:\/\/www.weddingportugal.com\/wp-content\/uploads\/2020\/12\/GuestFavours.jpg\" \/>\n\t<meta property=\"og:image:width\" content=\"760\" \/>\n\t<meta property=\"og:image:height\" content=\"500\" \/>\n\t<meta property=\"og:image:type\" content=\"image\/jpeg\" \/>\n<meta name=\"twitter:card\" content=\"summary_large_image\" \/>\n<meta name=\"twitter:label1\" content=\"Gesch\u00e4tzte Lesezeit\" \/>\n\t<meta name=\"twitter:data1\" content=\"2\u00a0Minuten\" \/>\n<script type=\"application\/ld+json\" class=\"yoast-schema-graph\">{\"@context\":\"https:\/\/schema.org\",\"@graph\":[{\"@type\":\"WebPage\",\"@id\":\"https:\/\/www.weddingportugal.com\/de\/services\/mehr-dienstleistungen\/gastgeschenke\/\",\"url\":\"https:\/\/www.weddingportugal.com\/de\/services\/mehr-dienstleistungen\/gastgeschenke\/\",\"name\":\"Gastgeschenke - Wedding Portugal\",\"isPartOf\":{\"@id\":\"https:\/\/www.weddingportugal.com\/de\/#website\"},\"primaryImageOfPage\":{\"@id\":\"https:\/\/www.weddingportugal.com\/de\/services\/mehr-dienstleistungen\/gastgeschenke\/#primaryimage\"},\"image\":{\"@id\":\"https:\/\/www.weddingportugal.com\/de\/services\/mehr-dienstleistungen\/gastgeschenke\/#primaryimage\"},\"thumbnailUrl\":\"https:\/\/www.weddingportugal.com\/wp-content\/uploads\/2020\/12\/GuestFavours.jpg\",\"datePublished\":\"2021-07-23T12:18:10+00:00\",\"dateModified\":\"2021-07-26T17:37:38+00:00\",\"breadcrumb\":{\"@id\":\"https:\/\/www.weddingportugal.com\/de\/services\/mehr-dienstleistungen\/gastgeschenke\/#breadcrumb\"},\"inLanguage\":\"de\",\"potentialAction\":[{\"@type\":\"ReadAction\",\"target\":[\"https:\/\/www.weddingportugal.com\/de\/services\/mehr-dienstleistungen\/gastgeschenke\/\"]}]},{\"@type\":\"ImageObject\",\"inLanguage\":\"de\",\"@id\":\"https:\/\/www.weddingportugal.com\/de\/services\/mehr-dienstleistungen\/gastgeschenke\/#primaryimage\",\"url\":\"https:\/\/www.weddingportugal.com\/wp-content\/uploads\/2020\/12\/GuestFavours.jpg\",\"contentUrl\":\"https:\/\/www.weddingportugal.com\/wp-content\/uploads\/2020\/12\/GuestFavours.jpg\",\"width\":760,\"height\":500},{\"@type\":\"BreadcrumbList\",\"@id\":\"https:\/\/www.weddingportugal.com\/de\/services\/mehr-dienstleistungen\/gastgeschenke\/#breadcrumb\",\"itemListElement\":[{\"@type\":\"ListItem\",\"position\":1,\"name\":\"Home\",\"item\":\"https:\/\/www.weddingportugal.com\/de\/\"},{\"@type\":\"ListItem\",\"position\":2,\"name\":\"Services\",\"item\":\"https:\/\/www.weddingportugal.com\/de\/services\/\"},{\"@type\":\"ListItem\",\"position\":3,\"name\":\"Mehr Dienstleistungen\",\"item\":\"https:\/\/www.weddingportugal.com\/de\/services\/mehr-dienstleistungen\/\"},{\"@type\":\"ListItem\",\"position\":4,\"name\":\"Gastgeschenke\"}]},{\"@type\":\"WebSite\",\"@id\":\"https:\/\/www.weddingportugal.com\/de\/#website\",\"url\":\"https:\/\/www.weddingportugal.com\/de\/\",\"name\":\"Wedding Portugal\",\"description\":\"We tell you why you should get your weeding in Portugal\",\"publisher\":{\"@id\":\"https:\/\/www.weddingportugal.com\/de\/#organization\"},\"potentialAction\":[{\"@type\":\"SearchAction\",\"target\":{\"@type\":\"EntryPoint\",\"urlTemplate\":\"https:\/\/www.weddingportugal.com\/de\/?s={search_term_string}\"},\"query-input\":{\"@type\":\"PropertyValueSpecification\",\"valueRequired\":true,\"valueName\":\"search_term_string\"}}],\"inLanguage\":\"de\"},{\"@type\":\"Organization\",\"@id\":\"https:\/\/www.weddingportugal.com\/de\/#organization\",\"name\":\"Wedding Portugal\",\"url\":\"https:\/\/www.weddingportugal.com\/de\/\",\"logo\":{\"@type\":\"ImageObject\",\"inLanguage\":\"de\",\"@id\":\"https:\/\/www.weddingportugal.com\/de\/#\/schema\/logo\/image\/\",\"url\":\"https:\/\/www.weddingportugal.com\/wp-content\/uploads\/2020\/02\/cropped-logo-WeddingPortugal.png\",\"contentUrl\":\"https:\/\/www.weddingportugal.com\/wp-content\/uploads\/2020\/02\/cropped-logo-WeddingPortugal.png\",\"width\":523,\"height\":89,\"caption\":\"Wedding Portugal\"},\"image\":{\"@id\":\"https:\/\/www.weddingportugal.com\/de\/#\/schema\/logo\/image\/\"}}]}<\/script>\n<!-- \/ Yoast SEO plugin. -->","yoast_head_json":{"title":"Gastgeschenke - Wedding Portugal","robots":{"index":"index","follow":"follow","max-snippet":"max-snippet:-1","max-image-preview":"max-image-preview:large","max-video-preview":"max-video-preview:-1"},"canonical":"https:\/\/www.weddingportugal.com\/de\/services\/mehr-dienstleistungen\/gastgeschenke\/","og_locale":"de_DE","og_type":"article","og_title":"Gastgeschenke - Wedding Portugal","og_description":"Sie wollen Ihren G\u00e4sten eine Freude machen und sie mit einem kleinen portugiesischen Pr\u00e4sent \u00fcberraschen? Dann lassen Sie sich hier von den sch\u00f6nsten Gastgeschenken f\u00fcr eine Hochzeit inspirieren. Bitte klicken Sie auf den untenstehenden Link, um Details zu sehen. Schauen Sie sich diesen erstaunlichen Katalog mit so vielen interessanten Vorschl\u00e4gen f\u00fcr Gastgeschenke an. Sie k\u00f6nnen [&hellip;]","og_url":"https:\/\/www.weddingportugal.com\/de\/services\/mehr-dienstleistungen\/gastgeschenke\/","og_site_name":"Wedding Portugal","article_modified_time":"2021-07-26T17:37:38+00:00","og_image":[{"width":760,"height":500,"url":"https:\/\/www.weddingportugal.com\/wp-content\/uploads\/2020\/12\/GuestFavours.jpg","type":"image\/jpeg"}],"twitter_card":"summary_large_image","twitter_misc":{"Gesch\u00e4tzte Lesezeit":"2\u00a0Minuten"},"schema":{"@context":"https:\/\/schema.org","@graph":[{"@type":"WebPage","@id":"https:\/\/www.weddingportugal.com\/de\/services\/mehr-dienstleistungen\/gastgeschenke\/","url":"https:\/\/www.weddingportugal.com\/de\/services\/mehr-dienstleistungen\/gastgeschenke\/","name":"Gastgeschenke - Wedding Portugal","isPartOf":{"@id":"https:\/\/www.weddingportugal.com\/de\/#website"},"primaryImageOfPage":{"@id":"https:\/\/www.weddingportugal.com\/de\/services\/mehr-dienstleistungen\/gastgeschenke\/#primaryimage"},"image":{"@id":"https:\/\/www.weddingportugal.com\/de\/services\/mehr-dienstleistungen\/gastgeschenke\/#primaryimage"},"thumbnailUrl":"https:\/\/www.weddingportugal.com\/wp-content\/uploads\/2020\/12\/GuestFavours.jpg","datePublished":"2021-07-23T12:18:10+00:00","dateModified":"2021-07-26T17:37:38+00:00","breadcrumb":{"@id":"https:\/\/www.weddingportugal.com\/de\/services\/mehr-dienstleistungen\/gastgeschenke\/#breadcrumb"},"inLanguage":"de","potentialAction":[{"@type":"ReadAction","target":["https:\/\/www.weddingportugal.com\/de\/services\/mehr-dienstleistungen\/gastgeschenke\/"]}]},{"@type":"ImageObject","inLanguage":"de","@id":"https:\/\/www.weddingportugal.com\/de\/services\/mehr-dienstleistungen\/gastgeschenke\/#primaryimage","url":"https:\/\/www.weddingportugal.com\/wp-content\/uploads\/2020\/12\/GuestFavours.jpg","contentUrl":"https:\/\/www.weddingportugal.com\/wp-content\/uploads\/2020\/12\/GuestFavours.jpg","width":760,"height":500},{"@type":"BreadcrumbList","@id":"https:\/\/www.weddingportugal.com\/de\/services\/mehr-dienstleistungen\/gastgeschenke\/#breadcrumb","itemListElement":[{"@type":"ListItem","position":1,"name":"Home","item":"https:\/\/www.weddingportugal.com\/de\/"},{"@type":"ListItem","position":2,"name":"Services","item":"https:\/\/www.weddingportugal.com\/de\/services\/"},{"@type":"ListItem","position":3,"name":"Mehr Dienstleistungen","item":"https:\/\/www.weddingportugal.com\/de\/services\/mehr-dienstleistungen\/"},{"@type":"ListItem","position":4,"name":"Gastgeschenke"}]},{"@type":"WebSite","@id":"https:\/\/www.weddingportugal.com\/de\/#website","url":"https:\/\/www.weddingportugal.com\/de\/","name":"Wedding Portugal","description":"We tell you why you should get your weeding in Portugal","publisher":{"@id":"https:\/\/www.weddingportugal.com\/de\/#organization"},"potentialAction":[{"@type":"SearchAction","target":{"@type":"EntryPoint","urlTemplate":"https:\/\/www.weddingportugal.com\/de\/?s={search_term_string}"},"query-input":{"@type":"PropertyValueSpecification","valueRequired":true,"valueName":"search_term_string"}}],"inLanguage":"de"},{"@type":"Organization","@id":"https:\/\/www.weddingportugal.com\/de\/#organization","name":"Wedding Portugal","url":"https:\/\/www.weddingportugal.com\/de\/","logo":{"@type":"ImageObject","inLanguage":"de","@id":"https:\/\/www.weddingportugal.com\/de\/#\/schema\/logo\/image\/","url":"https:\/\/www.weddingportugal.com\/wp-content\/uploads\/2020\/02\/cropped-logo-WeddingPortugal.png","contentUrl":"https:\/\/www.weddingportugal.com\/wp-content\/uploads\/2020\/02\/cropped-logo-WeddingPortugal.png","width":523,"height":89,"caption":"Wedding Portugal"},"image":{"@id":"https:\/\/www.weddingportugal.com\/de\/#\/schema\/logo\/image\/"}}]}},"_links":{"self":[{"href":"https:\/\/www.weddingportugal.com\/de\/wp-json\/wp\/v2\/pages\/4738","targetHints":{"allow":["GET"]}}],"collection":[{"href":"https:\/\/www.weddingportugal.com\/de\/wp-json\/wp\/v2\/pages"}],"about":[{"href":"https:\/\/www.weddingportugal.com\/de\/wp-json\/wp\/v2\/types\/page"}],"author":[{"embeddable":true,"href":"https:\/\/www.weddingportugal.com\/de\/wp-json\/wp\/v2\/users\/1"}],"replies":[{"embeddable":true,"href":"https:\/\/www.weddingportugal.com\/de\/wp-json\/wp\/v2\/comments?post=4738"}],"version-history":[{"count":1,"href":"https:\/\/www.weddingportugal.com\/de\/wp-json\/wp\/v2\/pages\/4738\/revisions"}],"predecessor-version":[{"id":4739,"href":"https:\/\/www.weddingportugal.com\/de\/wp-json\/wp\/v2\/pages\/4738\/revisions\/4739"}],"up":[{"embeddable":true,"href":"https:\/\/www.weddingportugal.com\/de\/wp-json\/wp\/v2\/pages\/4524"}],"wp:featuredmedia":[{"embeddable":true,"href":"https:\/\/www.weddingportugal.com\/de\/wp-json\/wp\/v2\/media\/2991"}],"wp:attachment":[{"href":"https:\/\/www.weddingportugal.com\/de\/wp-json\/wp\/v2\/media?parent=4738"}],"curies":[{"name":"wp","href":"https:\/\/api.w.org\/{rel}","templated":true}]}}