{"id":4736,"date":"2021-07-23T12:09:53","date_gmt":"2021-07-23T12:09:53","guid":{"rendered":"https:\/\/www.weddingportugal.com\/services\/mehr-dienstleistungen\/unterkunft\/algarve-vilamoura-antara-resort\/"},"modified":"2021-07-26T17:37:38","modified_gmt":"2021-07-26T17:37:38","slug":"algarve-vilamoura-antara-resort","status":"publish","type":"page","link":"https:\/\/www.weddingportugal.com\/de\/services\/mehr-dienstleistungen\/unterkunft\/algarve-vilamoura-antara-resort\/","title":{"rendered":"Algarve &#8211; Vilamoura \/ Antara Resort"},"content":{"rendered":"\t\t<div data-elementor-type=\"wp-page\" data-elementor-id=\"4736\" class=\"elementor elementor-4736 elementor-2962\" data-elementor-post-type=\"page\">\n\t\t\t\t\t\t<section class=\"elementor-section elementor-top-section elementor-element elementor-element-40edc26f elementor-section-boxed elementor-section-height-default elementor-section-height-default\" data-id=\"40edc26f\" data-element_type=\"section\" data-e-type=\"section\">\n\t\t\t\t\t\t<div class=\"elementor-container elementor-column-gap-default\">\n\t\t\t\t\t<div class=\"elementor-column elementor-col-50 elementor-top-column elementor-element elementor-element-129a82fe\" data-id=\"129a82fe\" data-element_type=\"column\" data-e-type=\"column\">\n\t\t\t<div class=\"elementor-widget-wrap elementor-element-populated\">\n\t\t\t\t\t\t<div class=\"elementor-element elementor-element-07aeb79 elementor-widget elementor-widget-text-editor\" data-id=\"07aeb79\" data-element_type=\"widget\" data-e-type=\"widget\" data-widget_type=\"text-editor.default\">\n\t\t\t\t<div class=\"elementor-widget-container\">\n\t\t\t\t\t\t\t\t\t<p>Das Anantara Vilamoura bietet den perfekten Rahmen f\u00fcr ein unvergessliches Erlebnis. Von Valentinspausen bis hin zu privaten Suiten f\u00fcr Flitterw\u00f6chner sind unsere romantischen Bungalows wie geschaffen f\u00fcr Paare, die sich eine luxuri\u00f6se Flucht voller purer und vollkommener Verw\u00f6hnung w\u00fcnschen. Frische Blumen, Leckereien\u00a0 und viele weitere \u00dcberraschungen warten auf Sie.<\/p>\n\t\t\t\t\t\t\t\t<\/div>\n\t\t\t\t<\/div>\n\t\t\t\t<div class=\"elementor-element elementor-element-ec5b0d8 elementor-widget elementor-widget-text-editor\" data-id=\"ec5b0d8\" data-element_type=\"widget\" data-e-type=\"widget\" data-widget_type=\"text-editor.default\">\n\t\t\t\t<div class=\"elementor-widget-container\">\n\t\t\t\t\t\t\t\t\t<p><a href=\"\/wp-content\/uploads\/2020\/12\/Anantara-Vilamoura-Connoisseurs-Package-Romantic-Journeys.pdf\" target=\"_blank\" rel=\"noopener\"><img decoding=\"async\" class=\"alignnone size-full wp-image-2749\" src=\"http:\/\/www.weddingportugal.com\/wp-content\/uploads\/2020\/11\/icon-pdf.png\" alt=\"\" width=\"37\" height=\"39\" \/><\/a><br \/>\n<a href=\"\/wp-content\/uploads\/2020\/12\/Anantara-Vilamoura-Connoisseurs-Package-Romantic-Journeys.pdf\" target=\"_blank\" rel=\"noopener\">Anantara Vilamoura &#8211; Connoisseurs Package &#8211; Romantic Journeys<\/a><\/p>\n\t\t\t\t\t\t\t\t<\/div>\n\t\t\t\t<\/div>\n\t\t\t\t<div class=\"elementor-element elementor-element-f8fe98d elementor-widget elementor-widget-text-editor\" data-id=\"f8fe98d\" data-element_type=\"widget\" data-e-type=\"widget\" data-widget_type=\"text-editor.default\">\n\t\t\t\t<div class=\"elementor-widget-container\">\n\t\t\t\t\t\t\t\t\t<p><a href=\"\/wp-content\/uploads\/2020\/12\/Anantara-Vilamoura-Visual-Presentation.pdf\" target=\"_blank\" rel=\"noopener\"><img decoding=\"async\" class=\"alignnone size-full wp-image-2749\" src=\"http:\/\/www.weddingportugal.com\/wp-content\/uploads\/2020\/11\/icon-pdf.png\" alt=\"\" width=\"37\" height=\"39\" \/><\/a><br \/>\n<a href=\"\/wp-content\/uploads\/2020\/12\/Anantara-Vilamoura-Visual-Presentation.pdf\" target=\"_blank\" rel=\"noopener\">Anantara Vilamoura Visual Presentation<\/a><\/p>\n\t\t\t\t\t\t\t\t<\/div>\n\t\t\t\t<\/div>\n\t\t\t\t\t<\/div>\n\t\t<\/div>\n\t\t\t\t<div class=\"elementor-column elementor-col-50 elementor-top-column elementor-element elementor-element-26f98497\" data-id=\"26f98497\" data-element_type=\"column\" data-e-type=\"column\">\n\t\t\t<div class=\"elementor-widget-wrap elementor-element-populated\">\n\t\t\t\t\t\t<div class=\"elementor-element elementor-element-380bb4d5 elementor-widget elementor-widget-image\" data-id=\"380bb4d5\" data-element_type=\"widget\" data-e-type=\"widget\" data-widget_type=\"image.default\">\n\t\t\t\t<div class=\"elementor-widget-container\">\n\t\t\t\t\t\t\t\t\t\t\t\t\t\t\t<img fetchpriority=\"high\" decoding=\"async\" width=\"760\" height=\"500\" src=\"https:\/\/www.weddingportugal.com\/wp-content\/uploads\/2020\/12\/AntaraResort.jpg\" class=\"attachment-large size-large wp-image-2970\" alt=\"\" srcset=\"https:\/\/www.weddingportugal.com\/wp-content\/uploads\/2020\/12\/AntaraResort.jpg 760w, https:\/\/www.weddingportugal.com\/wp-content\/uploads\/2020\/12\/AntaraResort-300x197.jpg 300w\" sizes=\"(max-width: 760px) 100vw, 760px\" \/>\t\t\t\t\t\t\t\t\t\t\t\t\t\t\t<\/div>\n\t\t\t\t<\/div>\n\t\t\t\t\t<\/div>\n\t\t<\/div>\n\t\t\t\t\t<\/div>\n\t\t<\/section>\n\t\t\t\t<\/div>\n\t\t","protected":false},"excerpt":{"rendered":"<p>Das Anantara Vilamoura bietet den perfekten Rahmen f\u00fcr ein unvergessliches Erlebnis. Von Valentinspausen bis hin zu privaten Suiten f\u00fcr Flitterw\u00f6chner sind unsere romantischen Bungalows wie geschaffen f\u00fcr Paare, die sich eine luxuri\u00f6se Flucht voller purer und vollkommener Verw\u00f6hnung w\u00fcnschen. Frische Blumen, Leckereien\u00a0 und viele weitere \u00dcberraschungen warten auf Sie. Anantara Vilamoura &#8211; Connoisseurs Package &#8211; [&hellip;]<\/p>\n","protected":false},"author":1,"featured_media":2970,"parent":4591,"menu_order":125,"comment_status":"closed","ping_status":"closed","template":"","meta":{"content-type":"","footnotes":""},"class_list":["post-4736","page","type-page","status-publish","has-post-thumbnail","hentry"],"yoast_head":"<!-- This site is optimized with the Yoast SEO plugin v27.2 - https:\/\/yoast.com\/product\/yoast-seo-wordpress\/ -->\n<title>Algarve - Vilamoura \/ Antara Resort - Wedding Portugal<\/title>\n<meta name=\"robots\" content=\"index, follow, max-snippet:-1, max-image-preview:large, max-video-preview:-1\" \/>\n<link rel=\"canonical\" href=\"https:\/\/www.weddingportugal.com\/de\/services\/mehr-dienstleistungen\/unterkunft\/algarve-vilamoura-antara-resort\/\" \/>\n<meta property=\"og:locale\" content=\"de_DE\" \/>\n<meta property=\"og:type\" content=\"article\" \/>\n<meta property=\"og:title\" content=\"Algarve - Vilamoura \/ Antara Resort - Wedding Portugal\" \/>\n<meta property=\"og:description\" content=\"Das Anantara Vilamoura bietet den perfekten Rahmen f\u00fcr ein unvergessliches Erlebnis. Von Valentinspausen bis hin zu privaten Suiten f\u00fcr Flitterw\u00f6chner sind unsere romantischen Bungalows wie geschaffen f\u00fcr Paare, die sich eine luxuri\u00f6se Flucht voller purer und vollkommener Verw\u00f6hnung w\u00fcnschen. Frische Blumen, Leckereien\u00a0 und viele weitere \u00dcberraschungen warten auf Sie. Anantara Vilamoura &#8211; Connoisseurs Package &#8211; [&hellip;]\" \/>\n<meta property=\"og:url\" content=\"https:\/\/www.weddingportugal.com\/de\/services\/mehr-dienstleistungen\/unterkunft\/algarve-vilamoura-antara-resort\/\" \/>\n<meta property=\"og:site_name\" content=\"Wedding Portugal\" \/>\n<meta property=\"article:modified_time\" content=\"2021-07-26T17:37:38+00:00\" \/>\n<meta property=\"og:image\" content=\"https:\/\/www.weddingportugal.com\/wp-content\/uploads\/2020\/12\/AntaraResort.jpg\" \/>\n\t<meta property=\"og:image:width\" content=\"760\" \/>\n\t<meta property=\"og:image:height\" content=\"500\" \/>\n\t<meta property=\"og:image:type\" content=\"image\/jpeg\" \/>\n<meta name=\"twitter:card\" content=\"summary_large_image\" \/>\n<script type=\"application\/ld+json\" class=\"yoast-schema-graph\">{\"@context\":\"https:\/\/schema.org\",\"@graph\":[{\"@type\":\"WebPage\",\"@id\":\"https:\/\/www.weddingportugal.com\/de\/services\/mehr-dienstleistungen\/unterkunft\/algarve-vilamoura-antara-resort\/\",\"url\":\"https:\/\/www.weddingportugal.com\/de\/services\/mehr-dienstleistungen\/unterkunft\/algarve-vilamoura-antara-resort\/\",\"name\":\"Algarve - Vilamoura \/ Antara Resort - Wedding Portugal\",\"isPartOf\":{\"@id\":\"https:\/\/www.weddingportugal.com\/de\/#website\"},\"primaryImageOfPage\":{\"@id\":\"https:\/\/www.weddingportugal.com\/de\/services\/mehr-dienstleistungen\/unterkunft\/algarve-vilamoura-antara-resort\/#primaryimage\"},\"image\":{\"@id\":\"https:\/\/www.weddingportugal.com\/de\/services\/mehr-dienstleistungen\/unterkunft\/algarve-vilamoura-antara-resort\/#primaryimage\"},\"thumbnailUrl\":\"https:\/\/www.weddingportugal.com\/wp-content\/uploads\/2020\/12\/AntaraResort.jpg\",\"datePublished\":\"2021-07-23T12:09:53+00:00\",\"dateModified\":\"2021-07-26T17:37:38+00:00\",\"breadcrumb\":{\"@id\":\"https:\/\/www.weddingportugal.com\/de\/services\/mehr-dienstleistungen\/unterkunft\/algarve-vilamoura-antara-resort\/#breadcrumb\"},\"inLanguage\":\"de\",\"potentialAction\":[{\"@type\":\"ReadAction\",\"target\":[\"https:\/\/www.weddingportugal.com\/de\/services\/mehr-dienstleistungen\/unterkunft\/algarve-vilamoura-antara-resort\/\"]}]},{\"@type\":\"ImageObject\",\"inLanguage\":\"de\",\"@id\":\"https:\/\/www.weddingportugal.com\/de\/services\/mehr-dienstleistungen\/unterkunft\/algarve-vilamoura-antara-resort\/#primaryimage\",\"url\":\"https:\/\/www.weddingportugal.com\/wp-content\/uploads\/2020\/12\/AntaraResort.jpg\",\"contentUrl\":\"https:\/\/www.weddingportugal.com\/wp-content\/uploads\/2020\/12\/AntaraResort.jpg\",\"width\":760,\"height\":500},{\"@type\":\"BreadcrumbList\",\"@id\":\"https:\/\/www.weddingportugal.com\/de\/services\/mehr-dienstleistungen\/unterkunft\/algarve-vilamoura-antara-resort\/#breadcrumb\",\"itemListElement\":[{\"@type\":\"ListItem\",\"position\":1,\"name\":\"Home\",\"item\":\"https:\/\/www.weddingportugal.com\/de\/\"},{\"@type\":\"ListItem\",\"position\":2,\"name\":\"Services\",\"item\":\"https:\/\/www.weddingportugal.com\/de\/services\/\"},{\"@type\":\"ListItem\",\"position\":3,\"name\":\"Mehr Dienstleistungen\",\"item\":\"https:\/\/www.weddingportugal.com\/de\/services\/mehr-dienstleistungen\/\"},{\"@type\":\"ListItem\",\"position\":4,\"name\":\"Unterkunft\",\"item\":\"https:\/\/www.weddingportugal.com\/de\/services\/mehr-dienstleistungen\/unterkunft\/\"},{\"@type\":\"ListItem\",\"position\":5,\"name\":\"Algarve &#8211; Vilamoura \/ Antara Resort\"}]},{\"@type\":\"WebSite\",\"@id\":\"https:\/\/www.weddingportugal.com\/de\/#website\",\"url\":\"https:\/\/www.weddingportugal.com\/de\/\",\"name\":\"Wedding Portugal\",\"description\":\"We tell you why you should get your weeding in Portugal\",\"publisher\":{\"@id\":\"https:\/\/www.weddingportugal.com\/de\/#organization\"},\"potentialAction\":[{\"@type\":\"SearchAction\",\"target\":{\"@type\":\"EntryPoint\",\"urlTemplate\":\"https:\/\/www.weddingportugal.com\/de\/?s={search_term_string}\"},\"query-input\":{\"@type\":\"PropertyValueSpecification\",\"valueRequired\":true,\"valueName\":\"search_term_string\"}}],\"inLanguage\":\"de\"},{\"@type\":\"Organization\",\"@id\":\"https:\/\/www.weddingportugal.com\/de\/#organization\",\"name\":\"Wedding Portugal\",\"url\":\"https:\/\/www.weddingportugal.com\/de\/\",\"logo\":{\"@type\":\"ImageObject\",\"inLanguage\":\"de\",\"@id\":\"https:\/\/www.weddingportugal.com\/de\/#\/schema\/logo\/image\/\",\"url\":\"https:\/\/www.weddingportugal.com\/wp-content\/uploads\/2020\/02\/cropped-logo-WeddingPortugal.png\",\"contentUrl\":\"https:\/\/www.weddingportugal.com\/wp-content\/uploads\/2020\/02\/cropped-logo-WeddingPortugal.png\",\"width\":523,\"height\":89,\"caption\":\"Wedding Portugal\"},\"image\":{\"@id\":\"https:\/\/www.weddingportugal.com\/de\/#\/schema\/logo\/image\/\"}}]}<\/script>\n<!-- \/ Yoast SEO plugin. -->","yoast_head_json":{"title":"Algarve - Vilamoura \/ Antara Resort - Wedding Portugal","robots":{"index":"index","follow":"follow","max-snippet":"max-snippet:-1","max-image-preview":"max-image-preview:large","max-video-preview":"max-video-preview:-1"},"canonical":"https:\/\/www.weddingportugal.com\/de\/services\/mehr-dienstleistungen\/unterkunft\/algarve-vilamoura-antara-resort\/","og_locale":"de_DE","og_type":"article","og_title":"Algarve - Vilamoura \/ Antara Resort - Wedding Portugal","og_description":"Das Anantara Vilamoura bietet den perfekten Rahmen f\u00fcr ein unvergessliches Erlebnis. Von Valentinspausen bis hin zu privaten Suiten f\u00fcr Flitterw\u00f6chner sind unsere romantischen Bungalows wie geschaffen f\u00fcr Paare, die sich eine luxuri\u00f6se Flucht voller purer und vollkommener Verw\u00f6hnung w\u00fcnschen. Frische Blumen, Leckereien\u00a0 und viele weitere \u00dcberraschungen warten auf Sie. Anantara Vilamoura &#8211; Connoisseurs Package &#8211; [&hellip;]","og_url":"https:\/\/www.weddingportugal.com\/de\/services\/mehr-dienstleistungen\/unterkunft\/algarve-vilamoura-antara-resort\/","og_site_name":"Wedding Portugal","article_modified_time":"2021-07-26T17:37:38+00:00","og_image":[{"width":760,"height":500,"url":"https:\/\/www.weddingportugal.com\/wp-content\/uploads\/2020\/12\/AntaraResort.jpg","type":"image\/jpeg"}],"twitter_card":"summary_large_image","schema":{"@context":"https:\/\/schema.org","@graph":[{"@type":"WebPage","@id":"https:\/\/www.weddingportugal.com\/de\/services\/mehr-dienstleistungen\/unterkunft\/algarve-vilamoura-antara-resort\/","url":"https:\/\/www.weddingportugal.com\/de\/services\/mehr-dienstleistungen\/unterkunft\/algarve-vilamoura-antara-resort\/","name":"Algarve - Vilamoura \/ Antara Resort - Wedding Portugal","isPartOf":{"@id":"https:\/\/www.weddingportugal.com\/de\/#website"},"primaryImageOfPage":{"@id":"https:\/\/www.weddingportugal.com\/de\/services\/mehr-dienstleistungen\/unterkunft\/algarve-vilamoura-antara-resort\/#primaryimage"},"image":{"@id":"https:\/\/www.weddingportugal.com\/de\/services\/mehr-dienstleistungen\/unterkunft\/algarve-vilamoura-antara-resort\/#primaryimage"},"thumbnailUrl":"https:\/\/www.weddingportugal.com\/wp-content\/uploads\/2020\/12\/AntaraResort.jpg","datePublished":"2021-07-23T12:09:53+00:00","dateModified":"2021-07-26T17:37:38+00:00","breadcrumb":{"@id":"https:\/\/www.weddingportugal.com\/de\/services\/mehr-dienstleistungen\/unterkunft\/algarve-vilamoura-antara-resort\/#breadcrumb"},"inLanguage":"de","potentialAction":[{"@type":"ReadAction","target":["https:\/\/www.weddingportugal.com\/de\/services\/mehr-dienstleistungen\/unterkunft\/algarve-vilamoura-antara-resort\/"]}]},{"@type":"ImageObject","inLanguage":"de","@id":"https:\/\/www.weddingportugal.com\/de\/services\/mehr-dienstleistungen\/unterkunft\/algarve-vilamoura-antara-resort\/#primaryimage","url":"https:\/\/www.weddingportugal.com\/wp-content\/uploads\/2020\/12\/AntaraResort.jpg","contentUrl":"https:\/\/www.weddingportugal.com\/wp-content\/uploads\/2020\/12\/AntaraResort.jpg","width":760,"height":500},{"@type":"BreadcrumbList","@id":"https:\/\/www.weddingportugal.com\/de\/services\/mehr-dienstleistungen\/unterkunft\/algarve-vilamoura-antara-resort\/#breadcrumb","itemListElement":[{"@type":"ListItem","position":1,"name":"Home","item":"https:\/\/www.weddingportugal.com\/de\/"},{"@type":"ListItem","position":2,"name":"Services","item":"https:\/\/www.weddingportugal.com\/de\/services\/"},{"@type":"ListItem","position":3,"name":"Mehr Dienstleistungen","item":"https:\/\/www.weddingportugal.com\/de\/services\/mehr-dienstleistungen\/"},{"@type":"ListItem","position":4,"name":"Unterkunft","item":"https:\/\/www.weddingportugal.com\/de\/services\/mehr-dienstleistungen\/unterkunft\/"},{"@type":"ListItem","position":5,"name":"Algarve &#8211; Vilamoura \/ Antara Resort"}]},{"@type":"WebSite","@id":"https:\/\/www.weddingportugal.com\/de\/#website","url":"https:\/\/www.weddingportugal.com\/de\/","name":"Wedding Portugal","description":"We tell you why you should get your weeding in Portugal","publisher":{"@id":"https:\/\/www.weddingportugal.com\/de\/#organization"},"potentialAction":[{"@type":"SearchAction","target":{"@type":"EntryPoint","urlTemplate":"https:\/\/www.weddingportugal.com\/de\/?s={search_term_string}"},"query-input":{"@type":"PropertyValueSpecification","valueRequired":true,"valueName":"search_term_string"}}],"inLanguage":"de"},{"@type":"Organization","@id":"https:\/\/www.weddingportugal.com\/de\/#organization","name":"Wedding Portugal","url":"https:\/\/www.weddingportugal.com\/de\/","logo":{"@type":"ImageObject","inLanguage":"de","@id":"https:\/\/www.weddingportugal.com\/de\/#\/schema\/logo\/image\/","url":"https:\/\/www.weddingportugal.com\/wp-content\/uploads\/2020\/02\/cropped-logo-WeddingPortugal.png","contentUrl":"https:\/\/www.weddingportugal.com\/wp-content\/uploads\/2020\/02\/cropped-logo-WeddingPortugal.png","width":523,"height":89,"caption":"Wedding Portugal"},"image":{"@id":"https:\/\/www.weddingportugal.com\/de\/#\/schema\/logo\/image\/"}}]}},"_links":{"self":[{"href":"https:\/\/www.weddingportugal.com\/de\/wp-json\/wp\/v2\/pages\/4736","targetHints":{"allow":["GET"]}}],"collection":[{"href":"https:\/\/www.weddingportugal.com\/de\/wp-json\/wp\/v2\/pages"}],"about":[{"href":"https:\/\/www.weddingportugal.com\/de\/wp-json\/wp\/v2\/types\/page"}],"author":[{"embeddable":true,"href":"https:\/\/www.weddingportugal.com\/de\/wp-json\/wp\/v2\/users\/1"}],"replies":[{"embeddable":true,"href":"https:\/\/www.weddingportugal.com\/de\/wp-json\/wp\/v2\/comments?post=4736"}],"version-history":[{"count":1,"href":"https:\/\/www.weddingportugal.com\/de\/wp-json\/wp\/v2\/pages\/4736\/revisions"}],"predecessor-version":[{"id":4737,"href":"https:\/\/www.weddingportugal.com\/de\/wp-json\/wp\/v2\/pages\/4736\/revisions\/4737"}],"up":[{"embeddable":true,"href":"https:\/\/www.weddingportugal.com\/de\/wp-json\/wp\/v2\/pages\/4591"}],"wp:featuredmedia":[{"embeddable":true,"href":"https:\/\/www.weddingportugal.com\/de\/wp-json\/wp\/v2\/media\/2970"}],"wp:attachment":[{"href":"https:\/\/www.weddingportugal.com\/de\/wp-json\/wp\/v2\/media?parent=4736"}],"curies":[{"name":"wp","href":"https:\/\/api.w.org\/{rel}","templated":true}]}}