{"id":4734,"date":"2021-07-23T12:02:17","date_gmt":"2021-07-23T12:02:17","guid":{"rendered":"https:\/\/www.weddingportugal.com\/services\/haar-und-make-up\/lissabon-vanda-haar-stylistin\/"},"modified":"2021-07-26T17:37:20","modified_gmt":"2021-07-26T17:37:20","slug":"lissabon-vanda-haar-stylistin","status":"publish","type":"page","link":"https:\/\/www.weddingportugal.com\/de\/services\/haar-und-make-up\/lissabon-vanda-haar-stylistin\/","title":{"rendered":"Lissabon \u2013 Vanda Haar Stylistin"},"content":{"rendered":"\t\t<div data-elementor-type=\"wp-page\" data-elementor-id=\"4734\" class=\"elementor elementor-4734 elementor-2658\" data-elementor-post-type=\"page\">\n\t\t\t\t\t\t<section class=\"elementor-section elementor-top-section elementor-element elementor-element-23e2d44e elementor-section-boxed elementor-section-height-default elementor-section-height-default\" data-id=\"23e2d44e\" data-element_type=\"section\" data-e-type=\"section\">\n\t\t\t\t\t\t<div class=\"elementor-container elementor-column-gap-default\">\n\t\t\t\t\t<div class=\"elementor-column elementor-col-50 elementor-top-column elementor-element elementor-element-407ae8b6\" data-id=\"407ae8b6\" data-element_type=\"column\" data-e-type=\"column\">\n\t\t\t<div class=\"elementor-widget-wrap elementor-element-populated\">\n\t\t\t\t\t\t<div class=\"elementor-element elementor-element-79e0580f elementor-widget elementor-widget-text-editor\" data-id=\"79e0580f\" data-element_type=\"widget\" data-e-type=\"widget\" data-widget_type=\"text-editor.default\">\n\t\t\t\t<div class=\"elementor-widget-container\">\n\t\t\t\t\t\t\t\t\t<p>Vanda`s Brautservice bietet einen professionellen und pers\u00f6nlichen Ansatz f\u00fcr Hochzeitsfrisuren. Sie ist stolz darauf, einen au\u00dfergew\u00f6hnlichen Service zu liefern, der so einzigartig ist wie Sie und Ihr Tag, so dass Sie die beste Version von sich selbst bleiben.<\/p>\n<p>Die Wahl einer Frisur f\u00fcr den Hochzeitstag ist eine sehr wichtige Entscheidung. Denken Sie daran, dass diese Frisur Sie jahrelang begleiten wird, sowohl auf Fotos als auch in der Erinnerung an Ihrem gro\u00dfen Tag, deshalb sollen Sie absolut perfekt aussehen.<\/p>\n\t\t\t\t\t\t\t\t<\/div>\n\t\t\t\t<\/div>\n\t\t\t\t\t<\/div>\n\t\t<\/div>\n\t\t\t\t<div class=\"elementor-column elementor-col-50 elementor-top-column elementor-element elementor-element-461f68d2\" data-id=\"461f68d2\" data-element_type=\"column\" data-e-type=\"column\">\n\t\t\t<div class=\"elementor-widget-wrap elementor-element-populated\">\n\t\t\t\t\t\t<div class=\"elementor-element elementor-element-2a4fe7da elementor-widget elementor-widget-image\" data-id=\"2a4fe7da\" data-element_type=\"widget\" data-e-type=\"widget\" data-widget_type=\"image.default\">\n\t\t\t\t<div class=\"elementor-widget-container\">\n\t\t\t\t\t\t\t\t\t\t\t\t\t\t\t<img fetchpriority=\"high\" decoding=\"async\" width=\"760\" height=\"500\" src=\"https:\/\/www.weddingportugal.com\/wp-content\/uploads\/2020\/11\/VandaHairStylist.jpg\" class=\"attachment-large size-large wp-image-2702\" alt=\"\" srcset=\"https:\/\/www.weddingportugal.com\/wp-content\/uploads\/2020\/11\/VandaHairStylist.jpg 760w, https:\/\/www.weddingportugal.com\/wp-content\/uploads\/2020\/11\/VandaHairStylist-300x197.jpg 300w\" sizes=\"(max-width: 760px) 100vw, 760px\" \/>\t\t\t\t\t\t\t\t\t\t\t\t\t\t\t<\/div>\n\t\t\t\t<\/div>\n\t\t\t\t\t<\/div>\n\t\t<\/div>\n\t\t\t\t\t<\/div>\n\t\t<\/section>\n\t\t\t\t<\/div>\n\t\t","protected":false},"excerpt":{"rendered":"<p>Vanda`s Brautservice bietet einen professionellen und pers\u00f6nlichen Ansatz f\u00fcr Hochzeitsfrisuren. Sie ist stolz darauf, einen au\u00dfergew\u00f6hnlichen Service zu liefern, der so einzigartig ist wie Sie und Ihr Tag, so dass Sie die beste Version von sich selbst bleiben. Die Wahl einer Frisur f\u00fcr den Hochzeitstag ist eine sehr wichtige Entscheidung. Denken Sie daran, dass diese [&hellip;]<\/p>\n","protected":false},"author":1,"featured_media":2702,"parent":4482,"menu_order":95,"comment_status":"closed","ping_status":"closed","template":"","meta":{"content-type":"","footnotes":""},"class_list":["post-4734","page","type-page","status-publish","has-post-thumbnail","hentry"],"yoast_head":"<!-- This site is optimized with the Yoast SEO plugin v27.2 - https:\/\/yoast.com\/product\/yoast-seo-wordpress\/ -->\n<title>Lissabon \u2013 Vanda Haar Stylistin - Wedding Portugal<\/title>\n<meta name=\"robots\" content=\"index, follow, max-snippet:-1, max-image-preview:large, max-video-preview:-1\" \/>\n<link rel=\"canonical\" href=\"https:\/\/www.weddingportugal.com\/de\/services\/haar-und-make-up\/lissabon-vanda-haar-stylistin\/\" \/>\n<meta property=\"og:locale\" content=\"de_DE\" \/>\n<meta property=\"og:type\" content=\"article\" \/>\n<meta property=\"og:title\" content=\"Lissabon \u2013 Vanda Haar Stylistin - Wedding Portugal\" \/>\n<meta property=\"og:description\" content=\"Vanda`s Brautservice bietet einen professionellen und pers\u00f6nlichen Ansatz f\u00fcr Hochzeitsfrisuren. Sie ist stolz darauf, einen au\u00dfergew\u00f6hnlichen Service zu liefern, der so einzigartig ist wie Sie und Ihr Tag, so dass Sie die beste Version von sich selbst bleiben. Die Wahl einer Frisur f\u00fcr den Hochzeitstag ist eine sehr wichtige Entscheidung. Denken Sie daran, dass diese [&hellip;]\" \/>\n<meta property=\"og:url\" content=\"https:\/\/www.weddingportugal.com\/de\/services\/haar-und-make-up\/lissabon-vanda-haar-stylistin\/\" \/>\n<meta property=\"og:site_name\" content=\"Wedding Portugal\" \/>\n<meta property=\"article:modified_time\" content=\"2021-07-26T17:37:20+00:00\" \/>\n<meta property=\"og:image\" content=\"https:\/\/www.weddingportugal.com\/wp-content\/uploads\/2020\/11\/VandaHairStylist.jpg\" \/>\n\t<meta property=\"og:image:width\" content=\"760\" \/>\n\t<meta property=\"og:image:height\" content=\"500\" \/>\n\t<meta property=\"og:image:type\" content=\"image\/jpeg\" \/>\n<meta name=\"twitter:card\" content=\"summary_large_image\" \/>\n<script type=\"application\/ld+json\" class=\"yoast-schema-graph\">{\"@context\":\"https:\/\/schema.org\",\"@graph\":[{\"@type\":\"WebPage\",\"@id\":\"https:\/\/www.weddingportugal.com\/de\/services\/haar-und-make-up\/lissabon-vanda-haar-stylistin\/\",\"url\":\"https:\/\/www.weddingportugal.com\/de\/services\/haar-und-make-up\/lissabon-vanda-haar-stylistin\/\",\"name\":\"Lissabon \u2013 Vanda Haar Stylistin - Wedding Portugal\",\"isPartOf\":{\"@id\":\"https:\/\/www.weddingportugal.com\/de\/#website\"},\"primaryImageOfPage\":{\"@id\":\"https:\/\/www.weddingportugal.com\/de\/services\/haar-und-make-up\/lissabon-vanda-haar-stylistin\/#primaryimage\"},\"image\":{\"@id\":\"https:\/\/www.weddingportugal.com\/de\/services\/haar-und-make-up\/lissabon-vanda-haar-stylistin\/#primaryimage\"},\"thumbnailUrl\":\"https:\/\/www.weddingportugal.com\/wp-content\/uploads\/2020\/11\/VandaHairStylist.jpg\",\"datePublished\":\"2021-07-23T12:02:17+00:00\",\"dateModified\":\"2021-07-26T17:37:20+00:00\",\"breadcrumb\":{\"@id\":\"https:\/\/www.weddingportugal.com\/de\/services\/haar-und-make-up\/lissabon-vanda-haar-stylistin\/#breadcrumb\"},\"inLanguage\":\"de\",\"potentialAction\":[{\"@type\":\"ReadAction\",\"target\":[\"https:\/\/www.weddingportugal.com\/de\/services\/haar-und-make-up\/lissabon-vanda-haar-stylistin\/\"]}]},{\"@type\":\"ImageObject\",\"inLanguage\":\"de\",\"@id\":\"https:\/\/www.weddingportugal.com\/de\/services\/haar-und-make-up\/lissabon-vanda-haar-stylistin\/#primaryimage\",\"url\":\"https:\/\/www.weddingportugal.com\/wp-content\/uploads\/2020\/11\/VandaHairStylist.jpg\",\"contentUrl\":\"https:\/\/www.weddingportugal.com\/wp-content\/uploads\/2020\/11\/VandaHairStylist.jpg\",\"width\":760,\"height\":500},{\"@type\":\"BreadcrumbList\",\"@id\":\"https:\/\/www.weddingportugal.com\/de\/services\/haar-und-make-up\/lissabon-vanda-haar-stylistin\/#breadcrumb\",\"itemListElement\":[{\"@type\":\"ListItem\",\"position\":1,\"name\":\"Home\",\"item\":\"https:\/\/www.weddingportugal.com\/de\/\"},{\"@type\":\"ListItem\",\"position\":2,\"name\":\"Services\",\"item\":\"https:\/\/www.weddingportugal.com\/de\/services\/\"},{\"@type\":\"ListItem\",\"position\":3,\"name\":\"Haar und Make up\",\"item\":\"https:\/\/www.weddingportugal.com\/de\/services\/haar-und-make-up\/\"},{\"@type\":\"ListItem\",\"position\":4,\"name\":\"Lissabon \u2013 Vanda Haar Stylistin\"}]},{\"@type\":\"WebSite\",\"@id\":\"https:\/\/www.weddingportugal.com\/de\/#website\",\"url\":\"https:\/\/www.weddingportugal.com\/de\/\",\"name\":\"Wedding Portugal\",\"description\":\"We tell you why you should get your weeding in Portugal\",\"publisher\":{\"@id\":\"https:\/\/www.weddingportugal.com\/de\/#organization\"},\"potentialAction\":[{\"@type\":\"SearchAction\",\"target\":{\"@type\":\"EntryPoint\",\"urlTemplate\":\"https:\/\/www.weddingportugal.com\/de\/?s={search_term_string}\"},\"query-input\":{\"@type\":\"PropertyValueSpecification\",\"valueRequired\":true,\"valueName\":\"search_term_string\"}}],\"inLanguage\":\"de\"},{\"@type\":\"Organization\",\"@id\":\"https:\/\/www.weddingportugal.com\/de\/#organization\",\"name\":\"Wedding Portugal\",\"url\":\"https:\/\/www.weddingportugal.com\/de\/\",\"logo\":{\"@type\":\"ImageObject\",\"inLanguage\":\"de\",\"@id\":\"https:\/\/www.weddingportugal.com\/de\/#\/schema\/logo\/image\/\",\"url\":\"https:\/\/www.weddingportugal.com\/wp-content\/uploads\/2020\/02\/cropped-logo-WeddingPortugal.png\",\"contentUrl\":\"https:\/\/www.weddingportugal.com\/wp-content\/uploads\/2020\/02\/cropped-logo-WeddingPortugal.png\",\"width\":523,\"height\":89,\"caption\":\"Wedding Portugal\"},\"image\":{\"@id\":\"https:\/\/www.weddingportugal.com\/de\/#\/schema\/logo\/image\/\"}}]}<\/script>\n<!-- \/ Yoast SEO plugin. -->","yoast_head_json":{"title":"Lissabon \u2013 Vanda Haar Stylistin - Wedding Portugal","robots":{"index":"index","follow":"follow","max-snippet":"max-snippet:-1","max-image-preview":"max-image-preview:large","max-video-preview":"max-video-preview:-1"},"canonical":"https:\/\/www.weddingportugal.com\/de\/services\/haar-und-make-up\/lissabon-vanda-haar-stylistin\/","og_locale":"de_DE","og_type":"article","og_title":"Lissabon \u2013 Vanda Haar Stylistin - Wedding Portugal","og_description":"Vanda`s Brautservice bietet einen professionellen und pers\u00f6nlichen Ansatz f\u00fcr Hochzeitsfrisuren. Sie ist stolz darauf, einen au\u00dfergew\u00f6hnlichen Service zu liefern, der so einzigartig ist wie Sie und Ihr Tag, so dass Sie die beste Version von sich selbst bleiben. Die Wahl einer Frisur f\u00fcr den Hochzeitstag ist eine sehr wichtige Entscheidung. Denken Sie daran, dass diese [&hellip;]","og_url":"https:\/\/www.weddingportugal.com\/de\/services\/haar-und-make-up\/lissabon-vanda-haar-stylistin\/","og_site_name":"Wedding Portugal","article_modified_time":"2021-07-26T17:37:20+00:00","og_image":[{"width":760,"height":500,"url":"https:\/\/www.weddingportugal.com\/wp-content\/uploads\/2020\/11\/VandaHairStylist.jpg","type":"image\/jpeg"}],"twitter_card":"summary_large_image","schema":{"@context":"https:\/\/schema.org","@graph":[{"@type":"WebPage","@id":"https:\/\/www.weddingportugal.com\/de\/services\/haar-und-make-up\/lissabon-vanda-haar-stylistin\/","url":"https:\/\/www.weddingportugal.com\/de\/services\/haar-und-make-up\/lissabon-vanda-haar-stylistin\/","name":"Lissabon \u2013 Vanda Haar Stylistin - Wedding Portugal","isPartOf":{"@id":"https:\/\/www.weddingportugal.com\/de\/#website"},"primaryImageOfPage":{"@id":"https:\/\/www.weddingportugal.com\/de\/services\/haar-und-make-up\/lissabon-vanda-haar-stylistin\/#primaryimage"},"image":{"@id":"https:\/\/www.weddingportugal.com\/de\/services\/haar-und-make-up\/lissabon-vanda-haar-stylistin\/#primaryimage"},"thumbnailUrl":"https:\/\/www.weddingportugal.com\/wp-content\/uploads\/2020\/11\/VandaHairStylist.jpg","datePublished":"2021-07-23T12:02:17+00:00","dateModified":"2021-07-26T17:37:20+00:00","breadcrumb":{"@id":"https:\/\/www.weddingportugal.com\/de\/services\/haar-und-make-up\/lissabon-vanda-haar-stylistin\/#breadcrumb"},"inLanguage":"de","potentialAction":[{"@type":"ReadAction","target":["https:\/\/www.weddingportugal.com\/de\/services\/haar-und-make-up\/lissabon-vanda-haar-stylistin\/"]}]},{"@type":"ImageObject","inLanguage":"de","@id":"https:\/\/www.weddingportugal.com\/de\/services\/haar-und-make-up\/lissabon-vanda-haar-stylistin\/#primaryimage","url":"https:\/\/www.weddingportugal.com\/wp-content\/uploads\/2020\/11\/VandaHairStylist.jpg","contentUrl":"https:\/\/www.weddingportugal.com\/wp-content\/uploads\/2020\/11\/VandaHairStylist.jpg","width":760,"height":500},{"@type":"BreadcrumbList","@id":"https:\/\/www.weddingportugal.com\/de\/services\/haar-und-make-up\/lissabon-vanda-haar-stylistin\/#breadcrumb","itemListElement":[{"@type":"ListItem","position":1,"name":"Home","item":"https:\/\/www.weddingportugal.com\/de\/"},{"@type":"ListItem","position":2,"name":"Services","item":"https:\/\/www.weddingportugal.com\/de\/services\/"},{"@type":"ListItem","position":3,"name":"Haar und Make up","item":"https:\/\/www.weddingportugal.com\/de\/services\/haar-und-make-up\/"},{"@type":"ListItem","position":4,"name":"Lissabon \u2013 Vanda Haar Stylistin"}]},{"@type":"WebSite","@id":"https:\/\/www.weddingportugal.com\/de\/#website","url":"https:\/\/www.weddingportugal.com\/de\/","name":"Wedding Portugal","description":"We tell you why you should get your weeding in Portugal","publisher":{"@id":"https:\/\/www.weddingportugal.com\/de\/#organization"},"potentialAction":[{"@type":"SearchAction","target":{"@type":"EntryPoint","urlTemplate":"https:\/\/www.weddingportugal.com\/de\/?s={search_term_string}"},"query-input":{"@type":"PropertyValueSpecification","valueRequired":true,"valueName":"search_term_string"}}],"inLanguage":"de"},{"@type":"Organization","@id":"https:\/\/www.weddingportugal.com\/de\/#organization","name":"Wedding Portugal","url":"https:\/\/www.weddingportugal.com\/de\/","logo":{"@type":"ImageObject","inLanguage":"de","@id":"https:\/\/www.weddingportugal.com\/de\/#\/schema\/logo\/image\/","url":"https:\/\/www.weddingportugal.com\/wp-content\/uploads\/2020\/02\/cropped-logo-WeddingPortugal.png","contentUrl":"https:\/\/www.weddingportugal.com\/wp-content\/uploads\/2020\/02\/cropped-logo-WeddingPortugal.png","width":523,"height":89,"caption":"Wedding Portugal"},"image":{"@id":"https:\/\/www.weddingportugal.com\/de\/#\/schema\/logo\/image\/"}}]}},"_links":{"self":[{"href":"https:\/\/www.weddingportugal.com\/de\/wp-json\/wp\/v2\/pages\/4734","targetHints":{"allow":["GET"]}}],"collection":[{"href":"https:\/\/www.weddingportugal.com\/de\/wp-json\/wp\/v2\/pages"}],"about":[{"href":"https:\/\/www.weddingportugal.com\/de\/wp-json\/wp\/v2\/types\/page"}],"author":[{"embeddable":true,"href":"https:\/\/www.weddingportugal.com\/de\/wp-json\/wp\/v2\/users\/1"}],"replies":[{"embeddable":true,"href":"https:\/\/www.weddingportugal.com\/de\/wp-json\/wp\/v2\/comments?post=4734"}],"version-history":[{"count":1,"href":"https:\/\/www.weddingportugal.com\/de\/wp-json\/wp\/v2\/pages\/4734\/revisions"}],"predecessor-version":[{"id":4735,"href":"https:\/\/www.weddingportugal.com\/de\/wp-json\/wp\/v2\/pages\/4734\/revisions\/4735"}],"up":[{"embeddable":true,"href":"https:\/\/www.weddingportugal.com\/de\/wp-json\/wp\/v2\/pages\/4482"}],"wp:featuredmedia":[{"embeddable":true,"href":"https:\/\/www.weddingportugal.com\/de\/wp-json\/wp\/v2\/media\/2702"}],"wp:attachment":[{"href":"https:\/\/www.weddingportugal.com\/de\/wp-json\/wp\/v2\/media?parent=4734"}],"curies":[{"name":"wp","href":"https:\/\/api.w.org\/{rel}","templated":true}]}}