{"id":4722,"date":"2021-07-23T10:29:42","date_gmt":"2021-07-23T10:29:42","guid":{"rendered":"https:\/\/www.weddingportugal.com\/zeremonie\/gleichgeschlechtliche-hochzeiten\/"},"modified":"2021-07-26T17:37:05","modified_gmt":"2021-07-26T17:37:05","slug":"gleichgeschlechtliche-hochzeiten","status":"publish","type":"page","link":"https:\/\/www.weddingportugal.com\/de\/zeremonie\/gleichgeschlechtliche-hochzeiten\/","title":{"rendered":"Gleichgeschlechtliche Hochzeiten"},"content":{"rendered":"\t\t<div data-elementor-type=\"wp-page\" data-elementor-id=\"4722\" class=\"elementor elementor-4722 elementor-682\" data-elementor-post-type=\"page\">\n\t\t\t\t\t\t<section class=\"elementor-section elementor-top-section elementor-element elementor-element-2960e5a6 elementor-section-boxed elementor-section-height-default elementor-section-height-default\" data-id=\"2960e5a6\" data-element_type=\"section\" data-e-type=\"section\">\n\t\t\t\t\t\t<div class=\"elementor-container elementor-column-gap-default\">\n\t\t\t\t\t<div class=\"elementor-column elementor-col-50 elementor-top-column elementor-element elementor-element-1665e209\" data-id=\"1665e209\" data-element_type=\"column\" data-e-type=\"column\">\n\t\t\t<div class=\"elementor-widget-wrap elementor-element-populated\">\n\t\t\t\t\t\t<div class=\"elementor-element elementor-element-27f41128 elementor-widget elementor-widget-text-editor\" data-id=\"27f41128\" data-element_type=\"widget\" data-e-type=\"widget\" data-widget_type=\"text-editor.default\">\n\t\t\t\t<div class=\"elementor-widget-container\">\n\t\t\t\t\t\t\t\t\t<p>Gleichgeschlechtliche Ehen sind in Portugal seit 2010 rechtm\u00e4\u00dfig und werden vom Standesamt vollzogen. F\u00fcr deutsche Staatsangeh\u00f6rige und ebenso f\u00fcr \u00d6sterreicher ben\u00f6tigen wir die folgenden Papiere f\u00fcr eine gleichgeschlechtliche Eheschlie\u00dfung.<\/p>\n<ul>\n<li>2 x Auszug aus dem Geburtenregister (1 x je Partner) (internationale\/mehrsprachige Version) (circa 5 \u2013 15 \u20ac) \u2013 nicht mehr als 6 Monate vorm Hochzeitstermin ausgestellt. Diese bekommen sie auf dem Standesamt bei dem die Geburt registriert wurde. In den meisten F\u00e4llen kann diese online bestellt werden.<\/li>\n<li>1 x Ehef\u00e4higkeitszeugnis (f\u00fcr beide \u2013 falls beide deutsche Staatsangeh\u00f6rigkeit haben) (internationale\/mehrsprachige Version) (circa 40 \u20ac) \u2013 nicht mehr als 6 Monate vorm Hochzeitstermin ausgestellt. Diese wird auf dem Standesamt wo sie derzeit gemeldet sind beantragt.<\/li>\n<\/ul>\n<p><em>Bitte fragen Sie auf Ihrem Standesamt nach einem Ehef\u00e4higkeitszeugnis. Falls es dort nicht ausgestellt werden kann, regeln wir diese Situation durch eine Konsulatsbescheinigung. Dazu m\u00fcssen wir nur wissen welches Standesamt f\u00fcr Sie zust\u00e4ndige ist. Das Konsulat best\u00e4tigt dann bei Ihrem Standesamt, dass das Ehef\u00e4higkeitszeugnis nicht ausgestellt werden kann. F\u00fcr den Extraaufwand berechnen wir einen Aufpreis von 80 \u20ac.<\/em><\/p>\n<p><em>\u00a0<\/em><\/p>\n<ul>\n<li>Vollmacht mit notarieller Beglaubigung und Apostille (circa 50 \u20ac) Wir geben Ihnen eine Vorlage<\/li>\n<\/ul>\n<p>*bei geschiedenen oder verwitweten brauchen wir au\u00dferdem eine internationalen Auszug aus dem Eheregister oder eine internationale Sterbeurkunde.<\/p>\n<p>&nbsp;<\/p>\n<p>Nach der Hochzeit schicken wir Ihnen eine internationale Heiratsurkunde zu, damit k\u00f6nnen Sie Ihre Hochzeit beim Standesamt im Heimatort eintragen lassen. In manchen L\u00e4ndern wird die internationale Version nicht anerkannt und sie ben\u00f6tigen die original portugiesische Heiratsurkunde mit Apostille. F\u00fcr n\u00e4here Informationen erkundigen Sie sich bei Ihrem zust\u00e4ndigen Standesamt. (In Deutschland und in \u00d6sterreich wird die internationale Version akzeptiert)<\/p>\n<p>In Deutschland haben gleichgeschlechtliche Paare das Recht auf Eheschlie\u00dfung seit dem 1.\u00a0Oktober 2017)<\/p>\n\t\t\t\t\t\t\t\t<\/div>\n\t\t\t\t<\/div>\n\t\t\t\t\t<\/div>\n\t\t<\/div>\n\t\t\t\t<div class=\"elementor-column elementor-col-50 elementor-top-column elementor-element elementor-element-e3e5723\" data-id=\"e3e5723\" data-element_type=\"column\" data-e-type=\"column\">\n\t\t\t<div class=\"elementor-widget-wrap elementor-element-populated\">\n\t\t\t\t\t\t<div class=\"elementor-element elementor-element-6295601f elementor-widget elementor-widget-image\" data-id=\"6295601f\" data-element_type=\"widget\" data-e-type=\"widget\" data-widget_type=\"image.default\">\n\t\t\t\t<div class=\"elementor-widget-container\">\n\t\t\t\t\t\t\t\t\t\t\t\t\t\t\t<img fetchpriority=\"high\" decoding=\"async\" width=\"760\" height=\"500\" src=\"https:\/\/www.weddingportugal.com\/wp-content\/uploads\/2020\/10\/Same-Sex-Weddings.jpg\" class=\"attachment-large size-large wp-image-1891\" alt=\"\" srcset=\"https:\/\/www.weddingportugal.com\/wp-content\/uploads\/2020\/10\/Same-Sex-Weddings.jpg 760w, https:\/\/www.weddingportugal.com\/wp-content\/uploads\/2020\/10\/Same-Sex-Weddings-300x197.jpg 300w\" sizes=\"(max-width: 760px) 100vw, 760px\" \/>\t\t\t\t\t\t\t\t\t\t\t\t\t\t\t<\/div>\n\t\t\t\t<\/div>\n\t\t\t\t\t<\/div>\n\t\t<\/div>\n\t\t\t\t\t<\/div>\n\t\t<\/section>\n\t\t\t\t<\/div>\n\t\t","protected":false},"excerpt":{"rendered":"<p>Gleichgeschlechtliche Ehen sind in Portugal seit 2010 rechtm\u00e4\u00dfig und werden vom Standesamt vollzogen. F\u00fcr deutsche Staatsangeh\u00f6rige und ebenso f\u00fcr \u00d6sterreicher ben\u00f6tigen wir die folgenden Papiere f\u00fcr eine gleichgeschlechtliche Eheschlie\u00dfung. 2 x Auszug aus dem Geburtenregister (1 x je Partner) (internationale\/mehrsprachige Version) (circa 5 \u2013 15 \u20ac) \u2013 nicht mehr als 6 Monate vorm Hochzeitstermin ausgestellt. [&hellip;]<\/p>\n","protected":false},"author":1,"featured_media":1891,"parent":4322,"menu_order":56,"comment_status":"closed","ping_status":"closed","template":"","meta":{"content-type":"","footnotes":""},"class_list":["post-4722","page","type-page","status-publish","has-post-thumbnail","hentry"],"yoast_head":"<!-- This site is optimized with the Yoast SEO plugin v27.2 - https:\/\/yoast.com\/product\/yoast-seo-wordpress\/ -->\n<title>Gleichgeschlechtliche Hochzeiten - Wedding Portugal<\/title>\n<meta name=\"robots\" content=\"index, follow, max-snippet:-1, max-image-preview:large, max-video-preview:-1\" \/>\n<link rel=\"canonical\" href=\"https:\/\/www.weddingportugal.com\/de\/zeremonie\/gleichgeschlechtliche-hochzeiten\/\" \/>\n<meta property=\"og:locale\" content=\"de_DE\" \/>\n<meta property=\"og:type\" content=\"article\" \/>\n<meta property=\"og:title\" content=\"Gleichgeschlechtliche Hochzeiten - Wedding Portugal\" \/>\n<meta property=\"og:description\" content=\"Gleichgeschlechtliche Ehen sind in Portugal seit 2010 rechtm\u00e4\u00dfig und werden vom Standesamt vollzogen. F\u00fcr deutsche Staatsangeh\u00f6rige und ebenso f\u00fcr \u00d6sterreicher ben\u00f6tigen wir die folgenden Papiere f\u00fcr eine gleichgeschlechtliche Eheschlie\u00dfung. 2 x Auszug aus dem Geburtenregister (1 x je Partner) (internationale\/mehrsprachige Version) (circa 5 \u2013 15 \u20ac) \u2013 nicht mehr als 6 Monate vorm Hochzeitstermin ausgestellt. [&hellip;]\" \/>\n<meta property=\"og:url\" content=\"https:\/\/www.weddingportugal.com\/de\/zeremonie\/gleichgeschlechtliche-hochzeiten\/\" \/>\n<meta property=\"og:site_name\" content=\"Wedding Portugal\" \/>\n<meta property=\"article:modified_time\" content=\"2021-07-26T17:37:05+00:00\" \/>\n<meta property=\"og:image\" content=\"https:\/\/www.weddingportugal.com\/wp-content\/uploads\/2020\/10\/Same-Sex-Weddings.jpg\" \/>\n\t<meta property=\"og:image:width\" content=\"760\" \/>\n\t<meta property=\"og:image:height\" content=\"500\" \/>\n\t<meta property=\"og:image:type\" content=\"image\/jpeg\" \/>\n<meta name=\"twitter:card\" content=\"summary_large_image\" \/>\n<meta name=\"twitter:label1\" content=\"Gesch\u00e4tzte Lesezeit\" \/>\n\t<meta name=\"twitter:data1\" content=\"1\u00a0Minute\" \/>\n<script type=\"application\/ld+json\" class=\"yoast-schema-graph\">{\"@context\":\"https:\/\/schema.org\",\"@graph\":[{\"@type\":\"WebPage\",\"@id\":\"https:\/\/www.weddingportugal.com\/de\/zeremonie\/gleichgeschlechtliche-hochzeiten\/\",\"url\":\"https:\/\/www.weddingportugal.com\/de\/zeremonie\/gleichgeschlechtliche-hochzeiten\/\",\"name\":\"Gleichgeschlechtliche Hochzeiten - Wedding Portugal\",\"isPartOf\":{\"@id\":\"https:\/\/www.weddingportugal.com\/de\/#website\"},\"primaryImageOfPage\":{\"@id\":\"https:\/\/www.weddingportugal.com\/de\/zeremonie\/gleichgeschlechtliche-hochzeiten\/#primaryimage\"},\"image\":{\"@id\":\"https:\/\/www.weddingportugal.com\/de\/zeremonie\/gleichgeschlechtliche-hochzeiten\/#primaryimage\"},\"thumbnailUrl\":\"https:\/\/www.weddingportugal.com\/wp-content\/uploads\/2020\/10\/Same-Sex-Weddings.jpg\",\"datePublished\":\"2021-07-23T10:29:42+00:00\",\"dateModified\":\"2021-07-26T17:37:05+00:00\",\"breadcrumb\":{\"@id\":\"https:\/\/www.weddingportugal.com\/de\/zeremonie\/gleichgeschlechtliche-hochzeiten\/#breadcrumb\"},\"inLanguage\":\"de\",\"potentialAction\":[{\"@type\":\"ReadAction\",\"target\":[\"https:\/\/www.weddingportugal.com\/de\/zeremonie\/gleichgeschlechtliche-hochzeiten\/\"]}]},{\"@type\":\"ImageObject\",\"inLanguage\":\"de\",\"@id\":\"https:\/\/www.weddingportugal.com\/de\/zeremonie\/gleichgeschlechtliche-hochzeiten\/#primaryimage\",\"url\":\"https:\/\/www.weddingportugal.com\/wp-content\/uploads\/2020\/10\/Same-Sex-Weddings.jpg\",\"contentUrl\":\"https:\/\/www.weddingportugal.com\/wp-content\/uploads\/2020\/10\/Same-Sex-Weddings.jpg\",\"width\":760,\"height\":500},{\"@type\":\"BreadcrumbList\",\"@id\":\"https:\/\/www.weddingportugal.com\/de\/zeremonie\/gleichgeschlechtliche-hochzeiten\/#breadcrumb\",\"itemListElement\":[{\"@type\":\"ListItem\",\"position\":1,\"name\":\"Home\",\"item\":\"https:\/\/www.weddingportugal.com\/de\/\"},{\"@type\":\"ListItem\",\"position\":2,\"name\":\"Zeremonie\",\"item\":\"https:\/\/www.weddingportugal.com\/de\/zeremonie\/\"},{\"@type\":\"ListItem\",\"position\":3,\"name\":\"Gleichgeschlechtliche Hochzeiten\"}]},{\"@type\":\"WebSite\",\"@id\":\"https:\/\/www.weddingportugal.com\/de\/#website\",\"url\":\"https:\/\/www.weddingportugal.com\/de\/\",\"name\":\"Wedding Portugal\",\"description\":\"We tell you why you should get your weeding in Portugal\",\"publisher\":{\"@id\":\"https:\/\/www.weddingportugal.com\/de\/#organization\"},\"potentialAction\":[{\"@type\":\"SearchAction\",\"target\":{\"@type\":\"EntryPoint\",\"urlTemplate\":\"https:\/\/www.weddingportugal.com\/de\/?s={search_term_string}\"},\"query-input\":{\"@type\":\"PropertyValueSpecification\",\"valueRequired\":true,\"valueName\":\"search_term_string\"}}],\"inLanguage\":\"de\"},{\"@type\":\"Organization\",\"@id\":\"https:\/\/www.weddingportugal.com\/de\/#organization\",\"name\":\"Wedding Portugal\",\"url\":\"https:\/\/www.weddingportugal.com\/de\/\",\"logo\":{\"@type\":\"ImageObject\",\"inLanguage\":\"de\",\"@id\":\"https:\/\/www.weddingportugal.com\/de\/#\/schema\/logo\/image\/\",\"url\":\"https:\/\/www.weddingportugal.com\/wp-content\/uploads\/2020\/02\/cropped-logo-WeddingPortugal.png\",\"contentUrl\":\"https:\/\/www.weddingportugal.com\/wp-content\/uploads\/2020\/02\/cropped-logo-WeddingPortugal.png\",\"width\":523,\"height\":89,\"caption\":\"Wedding Portugal\"},\"image\":{\"@id\":\"https:\/\/www.weddingportugal.com\/de\/#\/schema\/logo\/image\/\"}}]}<\/script>\n<!-- \/ Yoast SEO plugin. -->","yoast_head_json":{"title":"Gleichgeschlechtliche Hochzeiten - Wedding Portugal","robots":{"index":"index","follow":"follow","max-snippet":"max-snippet:-1","max-image-preview":"max-image-preview:large","max-video-preview":"max-video-preview:-1"},"canonical":"https:\/\/www.weddingportugal.com\/de\/zeremonie\/gleichgeschlechtliche-hochzeiten\/","og_locale":"de_DE","og_type":"article","og_title":"Gleichgeschlechtliche Hochzeiten - Wedding Portugal","og_description":"Gleichgeschlechtliche Ehen sind in Portugal seit 2010 rechtm\u00e4\u00dfig und werden vom Standesamt vollzogen. F\u00fcr deutsche Staatsangeh\u00f6rige und ebenso f\u00fcr \u00d6sterreicher ben\u00f6tigen wir die folgenden Papiere f\u00fcr eine gleichgeschlechtliche Eheschlie\u00dfung. 2 x Auszug aus dem Geburtenregister (1 x je Partner) (internationale\/mehrsprachige Version) (circa 5 \u2013 15 \u20ac) \u2013 nicht mehr als 6 Monate vorm Hochzeitstermin ausgestellt. [&hellip;]","og_url":"https:\/\/www.weddingportugal.com\/de\/zeremonie\/gleichgeschlechtliche-hochzeiten\/","og_site_name":"Wedding Portugal","article_modified_time":"2021-07-26T17:37:05+00:00","og_image":[{"width":760,"height":500,"url":"https:\/\/www.weddingportugal.com\/wp-content\/uploads\/2020\/10\/Same-Sex-Weddings.jpg","type":"image\/jpeg"}],"twitter_card":"summary_large_image","twitter_misc":{"Gesch\u00e4tzte Lesezeit":"1\u00a0Minute"},"schema":{"@context":"https:\/\/schema.org","@graph":[{"@type":"WebPage","@id":"https:\/\/www.weddingportugal.com\/de\/zeremonie\/gleichgeschlechtliche-hochzeiten\/","url":"https:\/\/www.weddingportugal.com\/de\/zeremonie\/gleichgeschlechtliche-hochzeiten\/","name":"Gleichgeschlechtliche Hochzeiten - Wedding Portugal","isPartOf":{"@id":"https:\/\/www.weddingportugal.com\/de\/#website"},"primaryImageOfPage":{"@id":"https:\/\/www.weddingportugal.com\/de\/zeremonie\/gleichgeschlechtliche-hochzeiten\/#primaryimage"},"image":{"@id":"https:\/\/www.weddingportugal.com\/de\/zeremonie\/gleichgeschlechtliche-hochzeiten\/#primaryimage"},"thumbnailUrl":"https:\/\/www.weddingportugal.com\/wp-content\/uploads\/2020\/10\/Same-Sex-Weddings.jpg","datePublished":"2021-07-23T10:29:42+00:00","dateModified":"2021-07-26T17:37:05+00:00","breadcrumb":{"@id":"https:\/\/www.weddingportugal.com\/de\/zeremonie\/gleichgeschlechtliche-hochzeiten\/#breadcrumb"},"inLanguage":"de","potentialAction":[{"@type":"ReadAction","target":["https:\/\/www.weddingportugal.com\/de\/zeremonie\/gleichgeschlechtliche-hochzeiten\/"]}]},{"@type":"ImageObject","inLanguage":"de","@id":"https:\/\/www.weddingportugal.com\/de\/zeremonie\/gleichgeschlechtliche-hochzeiten\/#primaryimage","url":"https:\/\/www.weddingportugal.com\/wp-content\/uploads\/2020\/10\/Same-Sex-Weddings.jpg","contentUrl":"https:\/\/www.weddingportugal.com\/wp-content\/uploads\/2020\/10\/Same-Sex-Weddings.jpg","width":760,"height":500},{"@type":"BreadcrumbList","@id":"https:\/\/www.weddingportugal.com\/de\/zeremonie\/gleichgeschlechtliche-hochzeiten\/#breadcrumb","itemListElement":[{"@type":"ListItem","position":1,"name":"Home","item":"https:\/\/www.weddingportugal.com\/de\/"},{"@type":"ListItem","position":2,"name":"Zeremonie","item":"https:\/\/www.weddingportugal.com\/de\/zeremonie\/"},{"@type":"ListItem","position":3,"name":"Gleichgeschlechtliche Hochzeiten"}]},{"@type":"WebSite","@id":"https:\/\/www.weddingportugal.com\/de\/#website","url":"https:\/\/www.weddingportugal.com\/de\/","name":"Wedding Portugal","description":"We tell you why you should get your weeding in Portugal","publisher":{"@id":"https:\/\/www.weddingportugal.com\/de\/#organization"},"potentialAction":[{"@type":"SearchAction","target":{"@type":"EntryPoint","urlTemplate":"https:\/\/www.weddingportugal.com\/de\/?s={search_term_string}"},"query-input":{"@type":"PropertyValueSpecification","valueRequired":true,"valueName":"search_term_string"}}],"inLanguage":"de"},{"@type":"Organization","@id":"https:\/\/www.weddingportugal.com\/de\/#organization","name":"Wedding Portugal","url":"https:\/\/www.weddingportugal.com\/de\/","logo":{"@type":"ImageObject","inLanguage":"de","@id":"https:\/\/www.weddingportugal.com\/de\/#\/schema\/logo\/image\/","url":"https:\/\/www.weddingportugal.com\/wp-content\/uploads\/2020\/02\/cropped-logo-WeddingPortugal.png","contentUrl":"https:\/\/www.weddingportugal.com\/wp-content\/uploads\/2020\/02\/cropped-logo-WeddingPortugal.png","width":523,"height":89,"caption":"Wedding Portugal"},"image":{"@id":"https:\/\/www.weddingportugal.com\/de\/#\/schema\/logo\/image\/"}}]}},"_links":{"self":[{"href":"https:\/\/www.weddingportugal.com\/de\/wp-json\/wp\/v2\/pages\/4722","targetHints":{"allow":["GET"]}}],"collection":[{"href":"https:\/\/www.weddingportugal.com\/de\/wp-json\/wp\/v2\/pages"}],"about":[{"href":"https:\/\/www.weddingportugal.com\/de\/wp-json\/wp\/v2\/types\/page"}],"author":[{"embeddable":true,"href":"https:\/\/www.weddingportugal.com\/de\/wp-json\/wp\/v2\/users\/1"}],"replies":[{"embeddable":true,"href":"https:\/\/www.weddingportugal.com\/de\/wp-json\/wp\/v2\/comments?post=4722"}],"version-history":[{"count":1,"href":"https:\/\/www.weddingportugal.com\/de\/wp-json\/wp\/v2\/pages\/4722\/revisions"}],"predecessor-version":[{"id":4723,"href":"https:\/\/www.weddingportugal.com\/de\/wp-json\/wp\/v2\/pages\/4722\/revisions\/4723"}],"up":[{"embeddable":true,"href":"https:\/\/www.weddingportugal.com\/de\/wp-json\/wp\/v2\/pages\/4322"}],"wp:featuredmedia":[{"embeddable":true,"href":"https:\/\/www.weddingportugal.com\/de\/wp-json\/wp\/v2\/media\/1891"}],"wp:attachment":[{"href":"https:\/\/www.weddingportugal.com\/de\/wp-json\/wp\/v2\/media?parent=4722"}],"curies":[{"name":"wp","href":"https:\/\/api.w.org\/{rel}","templated":true}]}}