{"id":4716,"date":"2021-07-22T15:43:08","date_gmt":"2021-07-22T15:43:08","guid":{"rendered":"https:\/\/www.weddingportugal.com\/zeremonie\/standesamtliche-feierlichkeitszeremonie\/"},"modified":"2021-07-26T17:37:04","modified_gmt":"2021-07-26T17:37:04","slug":"standesamtliche-feierlichkeitszeremonie","status":"publish","type":"page","link":"https:\/\/www.weddingportugal.com\/de\/zeremonie\/standesamtliche-feierlichkeitszeremonie\/","title":{"rendered":"Standesamtliche &#038; Feierlichkeitszeremonie"},"content":{"rendered":"\t\t<div data-elementor-type=\"wp-page\" data-elementor-id=\"4716\" class=\"elementor elementor-4716 elementor-676\" data-elementor-post-type=\"page\">\n\t\t\t\t\t\t<section class=\"elementor-section elementor-top-section elementor-element elementor-element-11eae5bc elementor-section-boxed elementor-section-height-default elementor-section-height-default\" data-id=\"11eae5bc\" data-element_type=\"section\" data-e-type=\"section\">\n\t\t\t\t\t\t<div class=\"elementor-container elementor-column-gap-default\">\n\t\t\t\t\t<div class=\"elementor-column elementor-col-50 elementor-top-column elementor-element elementor-element-10c7ccc6\" data-id=\"10c7ccc6\" data-element_type=\"column\" data-e-type=\"column\">\n\t\t\t<div class=\"elementor-widget-wrap elementor-element-populated\">\n\t\t\t\t\t\t<div class=\"elementor-element elementor-element-47decb14 elementor-widget elementor-widget-text-editor\" data-id=\"47decb14\" data-element_type=\"widget\" data-e-type=\"widget\" data-widget_type=\"text-editor.default\">\n\t\t\t\t<div class=\"elementor-widget-container\">\n\t\t\t\t\t\t\t\t\t<p>Bei einer Standesamtlichen Zeremonie mit Feierlichkeitszeremonie beginnt die Hochzeit mit der f\u00f6rmlichen offiziellen standesamtlichen Hochzeit (hier werden Daten vorgelesen und Informationen \u00fcber die Gesetzeslage vermittelt). Im Anschluss daran erfolgt die romantische Feierlichkeitszeremonie. Der Zelebrant erschafft daf\u00fcr einen Rahmen in dem er bei Beginn das Brautpaar und die G\u00e4ste begr\u00fc\u00dft und den Standesbeamten vorstellt. Dieser leitet dann die standesamtliche Hochzeit ein, welche vom Zelebranten \u00fcbersetzt wird. Nachdem der standesamtliche Teil abgeschlossen ist, \u00fcbernimmt der Zelebrant erneut den Vorstand und zelebriert die Feierlichkeitszeremonie.<\/p>\n\t\t\t\t\t\t\t\t<\/div>\n\t\t\t\t<\/div>\n\t\t\t\t\t<\/div>\n\t\t<\/div>\n\t\t\t\t<div class=\"elementor-column elementor-col-50 elementor-top-column elementor-element elementor-element-3382b6cc\" data-id=\"3382b6cc\" data-element_type=\"column\" data-e-type=\"column\">\n\t\t\t<div class=\"elementor-widget-wrap elementor-element-populated\">\n\t\t\t\t\t\t<div class=\"elementor-element elementor-element-57a1de48 elementor-widget elementor-widget-image\" data-id=\"57a1de48\" data-element_type=\"widget\" data-e-type=\"widget\" data-widget_type=\"image.default\">\n\t\t\t\t<div class=\"elementor-widget-container\">\n\t\t\t\t\t\t\t\t\t\t\t\t\t\t\t<img fetchpriority=\"high\" decoding=\"async\" width=\"760\" height=\"500\" src=\"https:\/\/www.weddingportugal.com\/wp-content\/uploads\/2020\/10\/Civil-Celebration.jpg\" class=\"attachment-large size-large wp-image-1873\" alt=\"\" srcset=\"https:\/\/www.weddingportugal.com\/wp-content\/uploads\/2020\/10\/Civil-Celebration.jpg 760w, https:\/\/www.weddingportugal.com\/wp-content\/uploads\/2020\/10\/Civil-Celebration-300x197.jpg 300w\" sizes=\"(max-width: 760px) 100vw, 760px\" \/>\t\t\t\t\t\t\t\t\t\t\t\t\t\t\t<\/div>\n\t\t\t\t<\/div>\n\t\t\t\t\t<\/div>\n\t\t<\/div>\n\t\t\t\t\t<\/div>\n\t\t<\/section>\n\t\t\t\t<section class=\"elementor-section elementor-top-section elementor-element elementor-element-2085ae9 elementor-section-boxed elementor-section-height-default elementor-section-height-default\" data-id=\"2085ae9\" data-element_type=\"section\" data-e-type=\"section\">\n\t\t\t\t\t\t<div class=\"elementor-container elementor-column-gap-default\">\n\t\t\t\t\t<div class=\"elementor-column elementor-col-100 elementor-top-column elementor-element elementor-element-99cb738\" data-id=\"99cb738\" data-element_type=\"column\" data-e-type=\"column\">\n\t\t\t<div class=\"elementor-widget-wrap elementor-element-populated\">\n\t\t\t\t\t\t<div class=\"elementor-element elementor-element-3f0d8fb elementor-widget elementor-widget-text-editor\" data-id=\"3f0d8fb\" data-element_type=\"widget\" data-e-type=\"widget\" data-widget_type=\"text-editor.default\">\n\t\t\t\t<div class=\"elementor-widget-container\">\n\t\t\t\t\t\t\t\t\t<p>F\u00fcr Ihre Feierlichkeitszeremonie k\u00f6nnen Sie zwischen verschiedenen beachtenswerten Texten ausw\u00e4hlen (siehe unten) nat\u00fcrlich k\u00f6nnen die Hochzeitsreden auch an Ihre W\u00fcnsche angepasst werden. Au\u00dferdem gibt es die M\u00f6glichkeit, dass wir Ihre pers\u00f6nliche Geschichte miteinbauen.<\/p>\n\t\t\t\t\t\t\t\t<\/div>\n\t\t\t\t<\/div>\n\t\t\t\t\t<\/div>\n\t\t<\/div>\n\t\t\t\t\t<\/div>\n\t\t<\/section>\n\t\t\t\t<\/div>\n\t\t","protected":false},"excerpt":{"rendered":"<p>Bei einer Standesamtlichen Zeremonie mit Feierlichkeitszeremonie beginnt die Hochzeit mit der f\u00f6rmlichen offiziellen standesamtlichen Hochzeit (hier werden Daten vorgelesen und Informationen \u00fcber die Gesetzeslage vermittelt). Im Anschluss daran erfolgt die romantische Feierlichkeitszeremonie. Der Zelebrant erschafft daf\u00fcr einen Rahmen in dem er bei Beginn das Brautpaar und die G\u00e4ste begr\u00fc\u00dft und den Standesbeamten vorstellt. Dieser leitet [&hellip;]<\/p>\n","protected":false},"author":1,"featured_media":1873,"parent":4322,"menu_order":53,"comment_status":"closed","ping_status":"closed","template":"","meta":{"content-type":"","footnotes":""},"class_list":["post-4716","page","type-page","status-publish","has-post-thumbnail","hentry"],"yoast_head":"<!-- This site is optimized with the Yoast SEO plugin v27.2 - https:\/\/yoast.com\/product\/yoast-seo-wordpress\/ -->\n<title>Standesamtliche &amp; Feierlichkeitszeremonie - Wedding Portugal<\/title>\n<meta name=\"robots\" content=\"index, follow, max-snippet:-1, max-image-preview:large, max-video-preview:-1\" \/>\n<link rel=\"canonical\" href=\"https:\/\/www.weddingportugal.com\/de\/zeremonie\/standesamtliche-feierlichkeitszeremonie\/\" \/>\n<meta property=\"og:locale\" content=\"de_DE\" \/>\n<meta property=\"og:type\" content=\"article\" \/>\n<meta property=\"og:title\" content=\"Standesamtliche &amp; Feierlichkeitszeremonie - Wedding Portugal\" \/>\n<meta property=\"og:description\" content=\"Bei einer Standesamtlichen Zeremonie mit Feierlichkeitszeremonie beginnt die Hochzeit mit der f\u00f6rmlichen offiziellen standesamtlichen Hochzeit (hier werden Daten vorgelesen und Informationen \u00fcber die Gesetzeslage vermittelt). Im Anschluss daran erfolgt die romantische Feierlichkeitszeremonie. Der Zelebrant erschafft daf\u00fcr einen Rahmen in dem er bei Beginn das Brautpaar und die G\u00e4ste begr\u00fc\u00dft und den Standesbeamten vorstellt. Dieser leitet [&hellip;]\" \/>\n<meta property=\"og:url\" content=\"https:\/\/www.weddingportugal.com\/de\/zeremonie\/standesamtliche-feierlichkeitszeremonie\/\" \/>\n<meta property=\"og:site_name\" content=\"Wedding Portugal\" \/>\n<meta property=\"article:modified_time\" content=\"2021-07-26T17:37:04+00:00\" \/>\n<meta property=\"og:image\" content=\"https:\/\/www.weddingportugal.com\/wp-content\/uploads\/2020\/10\/Civil-Celebration.jpg\" \/>\n\t<meta property=\"og:image:width\" content=\"760\" \/>\n\t<meta property=\"og:image:height\" content=\"500\" \/>\n\t<meta property=\"og:image:type\" content=\"image\/jpeg\" \/>\n<meta name=\"twitter:card\" content=\"summary_large_image\" \/>\n<meta name=\"twitter:label1\" content=\"Gesch\u00e4tzte Lesezeit\" \/>\n\t<meta name=\"twitter:data1\" content=\"1\u00a0Minute\" \/>\n<script type=\"application\/ld+json\" class=\"yoast-schema-graph\">{\"@context\":\"https:\/\/schema.org\",\"@graph\":[{\"@type\":\"WebPage\",\"@id\":\"https:\/\/www.weddingportugal.com\/de\/zeremonie\/standesamtliche-feierlichkeitszeremonie\/\",\"url\":\"https:\/\/www.weddingportugal.com\/de\/zeremonie\/standesamtliche-feierlichkeitszeremonie\/\",\"name\":\"Standesamtliche & Feierlichkeitszeremonie - Wedding Portugal\",\"isPartOf\":{\"@id\":\"https:\/\/www.weddingportugal.com\/de\/#website\"},\"primaryImageOfPage\":{\"@id\":\"https:\/\/www.weddingportugal.com\/de\/zeremonie\/standesamtliche-feierlichkeitszeremonie\/#primaryimage\"},\"image\":{\"@id\":\"https:\/\/www.weddingportugal.com\/de\/zeremonie\/standesamtliche-feierlichkeitszeremonie\/#primaryimage\"},\"thumbnailUrl\":\"https:\/\/www.weddingportugal.com\/wp-content\/uploads\/2020\/10\/Civil-Celebration.jpg\",\"datePublished\":\"2021-07-22T15:43:08+00:00\",\"dateModified\":\"2021-07-26T17:37:04+00:00\",\"breadcrumb\":{\"@id\":\"https:\/\/www.weddingportugal.com\/de\/zeremonie\/standesamtliche-feierlichkeitszeremonie\/#breadcrumb\"},\"inLanguage\":\"de\",\"potentialAction\":[{\"@type\":\"ReadAction\",\"target\":[\"https:\/\/www.weddingportugal.com\/de\/zeremonie\/standesamtliche-feierlichkeitszeremonie\/\"]}]},{\"@type\":\"ImageObject\",\"inLanguage\":\"de\",\"@id\":\"https:\/\/www.weddingportugal.com\/de\/zeremonie\/standesamtliche-feierlichkeitszeremonie\/#primaryimage\",\"url\":\"https:\/\/www.weddingportugal.com\/wp-content\/uploads\/2020\/10\/Civil-Celebration.jpg\",\"contentUrl\":\"https:\/\/www.weddingportugal.com\/wp-content\/uploads\/2020\/10\/Civil-Celebration.jpg\",\"width\":760,\"height\":500},{\"@type\":\"BreadcrumbList\",\"@id\":\"https:\/\/www.weddingportugal.com\/de\/zeremonie\/standesamtliche-feierlichkeitszeremonie\/#breadcrumb\",\"itemListElement\":[{\"@type\":\"ListItem\",\"position\":1,\"name\":\"Home\",\"item\":\"https:\/\/www.weddingportugal.com\/de\/\"},{\"@type\":\"ListItem\",\"position\":2,\"name\":\"Zeremonie\",\"item\":\"https:\/\/www.weddingportugal.com\/de\/zeremonie\/\"},{\"@type\":\"ListItem\",\"position\":3,\"name\":\"Standesamtliche &#038; Feierlichkeitszeremonie\"}]},{\"@type\":\"WebSite\",\"@id\":\"https:\/\/www.weddingportugal.com\/de\/#website\",\"url\":\"https:\/\/www.weddingportugal.com\/de\/\",\"name\":\"Wedding Portugal\",\"description\":\"We tell you why you should get your weeding in Portugal\",\"publisher\":{\"@id\":\"https:\/\/www.weddingportugal.com\/de\/#organization\"},\"potentialAction\":[{\"@type\":\"SearchAction\",\"target\":{\"@type\":\"EntryPoint\",\"urlTemplate\":\"https:\/\/www.weddingportugal.com\/de\/?s={search_term_string}\"},\"query-input\":{\"@type\":\"PropertyValueSpecification\",\"valueRequired\":true,\"valueName\":\"search_term_string\"}}],\"inLanguage\":\"de\"},{\"@type\":\"Organization\",\"@id\":\"https:\/\/www.weddingportugal.com\/de\/#organization\",\"name\":\"Wedding Portugal\",\"url\":\"https:\/\/www.weddingportugal.com\/de\/\",\"logo\":{\"@type\":\"ImageObject\",\"inLanguage\":\"de\",\"@id\":\"https:\/\/www.weddingportugal.com\/de\/#\/schema\/logo\/image\/\",\"url\":\"https:\/\/www.weddingportugal.com\/wp-content\/uploads\/2020\/02\/cropped-logo-WeddingPortugal.png\",\"contentUrl\":\"https:\/\/www.weddingportugal.com\/wp-content\/uploads\/2020\/02\/cropped-logo-WeddingPortugal.png\",\"width\":523,\"height\":89,\"caption\":\"Wedding Portugal\"},\"image\":{\"@id\":\"https:\/\/www.weddingportugal.com\/de\/#\/schema\/logo\/image\/\"}}]}<\/script>\n<!-- \/ Yoast SEO plugin. -->","yoast_head_json":{"title":"Standesamtliche & Feierlichkeitszeremonie - Wedding Portugal","robots":{"index":"index","follow":"follow","max-snippet":"max-snippet:-1","max-image-preview":"max-image-preview:large","max-video-preview":"max-video-preview:-1"},"canonical":"https:\/\/www.weddingportugal.com\/de\/zeremonie\/standesamtliche-feierlichkeitszeremonie\/","og_locale":"de_DE","og_type":"article","og_title":"Standesamtliche & Feierlichkeitszeremonie - Wedding Portugal","og_description":"Bei einer Standesamtlichen Zeremonie mit Feierlichkeitszeremonie beginnt die Hochzeit mit der f\u00f6rmlichen offiziellen standesamtlichen Hochzeit (hier werden Daten vorgelesen und Informationen \u00fcber die Gesetzeslage vermittelt). Im Anschluss daran erfolgt die romantische Feierlichkeitszeremonie. Der Zelebrant erschafft daf\u00fcr einen Rahmen in dem er bei Beginn das Brautpaar und die G\u00e4ste begr\u00fc\u00dft und den Standesbeamten vorstellt. Dieser leitet [&hellip;]","og_url":"https:\/\/www.weddingportugal.com\/de\/zeremonie\/standesamtliche-feierlichkeitszeremonie\/","og_site_name":"Wedding Portugal","article_modified_time":"2021-07-26T17:37:04+00:00","og_image":[{"width":760,"height":500,"url":"https:\/\/www.weddingportugal.com\/wp-content\/uploads\/2020\/10\/Civil-Celebration.jpg","type":"image\/jpeg"}],"twitter_card":"summary_large_image","twitter_misc":{"Gesch\u00e4tzte Lesezeit":"1\u00a0Minute"},"schema":{"@context":"https:\/\/schema.org","@graph":[{"@type":"WebPage","@id":"https:\/\/www.weddingportugal.com\/de\/zeremonie\/standesamtliche-feierlichkeitszeremonie\/","url":"https:\/\/www.weddingportugal.com\/de\/zeremonie\/standesamtliche-feierlichkeitszeremonie\/","name":"Standesamtliche & Feierlichkeitszeremonie - Wedding Portugal","isPartOf":{"@id":"https:\/\/www.weddingportugal.com\/de\/#website"},"primaryImageOfPage":{"@id":"https:\/\/www.weddingportugal.com\/de\/zeremonie\/standesamtliche-feierlichkeitszeremonie\/#primaryimage"},"image":{"@id":"https:\/\/www.weddingportugal.com\/de\/zeremonie\/standesamtliche-feierlichkeitszeremonie\/#primaryimage"},"thumbnailUrl":"https:\/\/www.weddingportugal.com\/wp-content\/uploads\/2020\/10\/Civil-Celebration.jpg","datePublished":"2021-07-22T15:43:08+00:00","dateModified":"2021-07-26T17:37:04+00:00","breadcrumb":{"@id":"https:\/\/www.weddingportugal.com\/de\/zeremonie\/standesamtliche-feierlichkeitszeremonie\/#breadcrumb"},"inLanguage":"de","potentialAction":[{"@type":"ReadAction","target":["https:\/\/www.weddingportugal.com\/de\/zeremonie\/standesamtliche-feierlichkeitszeremonie\/"]}]},{"@type":"ImageObject","inLanguage":"de","@id":"https:\/\/www.weddingportugal.com\/de\/zeremonie\/standesamtliche-feierlichkeitszeremonie\/#primaryimage","url":"https:\/\/www.weddingportugal.com\/wp-content\/uploads\/2020\/10\/Civil-Celebration.jpg","contentUrl":"https:\/\/www.weddingportugal.com\/wp-content\/uploads\/2020\/10\/Civil-Celebration.jpg","width":760,"height":500},{"@type":"BreadcrumbList","@id":"https:\/\/www.weddingportugal.com\/de\/zeremonie\/standesamtliche-feierlichkeitszeremonie\/#breadcrumb","itemListElement":[{"@type":"ListItem","position":1,"name":"Home","item":"https:\/\/www.weddingportugal.com\/de\/"},{"@type":"ListItem","position":2,"name":"Zeremonie","item":"https:\/\/www.weddingportugal.com\/de\/zeremonie\/"},{"@type":"ListItem","position":3,"name":"Standesamtliche &#038; Feierlichkeitszeremonie"}]},{"@type":"WebSite","@id":"https:\/\/www.weddingportugal.com\/de\/#website","url":"https:\/\/www.weddingportugal.com\/de\/","name":"Wedding Portugal","description":"We tell you why you should get your weeding in Portugal","publisher":{"@id":"https:\/\/www.weddingportugal.com\/de\/#organization"},"potentialAction":[{"@type":"SearchAction","target":{"@type":"EntryPoint","urlTemplate":"https:\/\/www.weddingportugal.com\/de\/?s={search_term_string}"},"query-input":{"@type":"PropertyValueSpecification","valueRequired":true,"valueName":"search_term_string"}}],"inLanguage":"de"},{"@type":"Organization","@id":"https:\/\/www.weddingportugal.com\/de\/#organization","name":"Wedding Portugal","url":"https:\/\/www.weddingportugal.com\/de\/","logo":{"@type":"ImageObject","inLanguage":"de","@id":"https:\/\/www.weddingportugal.com\/de\/#\/schema\/logo\/image\/","url":"https:\/\/www.weddingportugal.com\/wp-content\/uploads\/2020\/02\/cropped-logo-WeddingPortugal.png","contentUrl":"https:\/\/www.weddingportugal.com\/wp-content\/uploads\/2020\/02\/cropped-logo-WeddingPortugal.png","width":523,"height":89,"caption":"Wedding Portugal"},"image":{"@id":"https:\/\/www.weddingportugal.com\/de\/#\/schema\/logo\/image\/"}}]}},"_links":{"self":[{"href":"https:\/\/www.weddingportugal.com\/de\/wp-json\/wp\/v2\/pages\/4716","targetHints":{"allow":["GET"]}}],"collection":[{"href":"https:\/\/www.weddingportugal.com\/de\/wp-json\/wp\/v2\/pages"}],"about":[{"href":"https:\/\/www.weddingportugal.com\/de\/wp-json\/wp\/v2\/types\/page"}],"author":[{"embeddable":true,"href":"https:\/\/www.weddingportugal.com\/de\/wp-json\/wp\/v2\/users\/1"}],"replies":[{"embeddable":true,"href":"https:\/\/www.weddingportugal.com\/de\/wp-json\/wp\/v2\/comments?post=4716"}],"version-history":[{"count":1,"href":"https:\/\/www.weddingportugal.com\/de\/wp-json\/wp\/v2\/pages\/4716\/revisions"}],"predecessor-version":[{"id":4717,"href":"https:\/\/www.weddingportugal.com\/de\/wp-json\/wp\/v2\/pages\/4716\/revisions\/4717"}],"up":[{"embeddable":true,"href":"https:\/\/www.weddingportugal.com\/de\/wp-json\/wp\/v2\/pages\/4322"}],"wp:featuredmedia":[{"embeddable":true,"href":"https:\/\/www.weddingportugal.com\/de\/wp-json\/wp\/v2\/media\/1873"}],"wp:attachment":[{"href":"https:\/\/www.weddingportugal.com\/de\/wp-json\/wp\/v2\/media?parent=4716"}],"curies":[{"name":"wp","href":"https:\/\/api.w.org\/{rel}","templated":true}]}}