{"id":4663,"date":"2021-07-08T12:54:27","date_gmt":"2021-07-08T12:54:27","guid":{"rendered":"https:\/\/www.weddingportugal.com\/hochzeitslocations\/empfangs-location\/lissabon-ericeira-restaurant-na-onda\/"},"modified":"2021-07-26T17:36:46","modified_gmt":"2021-07-26T17:36:46","slug":"lissabon-ericeira-restaurant-na-onda","status":"publish","type":"page","link":"https:\/\/www.weddingportugal.com\/de\/hochzeitslocations\/empfangs-location\/lissabon-ericeira-restaurant-na-onda\/","title":{"rendered":"Lissabon, Ericeira &#8211; Restaurant &#8211; Na Onda"},"content":{"rendered":"\t\t<div data-elementor-type=\"wp-page\" data-elementor-id=\"4663\" class=\"elementor elementor-4663 elementor-1577\" data-elementor-post-type=\"page\">\n\t\t\t\t\t\t<section class=\"elementor-section elementor-top-section elementor-element elementor-element-2dc021d elementor-section-boxed elementor-section-height-default elementor-section-height-default\" data-id=\"2dc021d\" data-element_type=\"section\" data-e-type=\"section\">\n\t\t\t\t\t\t<div class=\"elementor-container elementor-column-gap-default\">\n\t\t\t\t\t<div class=\"elementor-column elementor-col-50 elementor-top-column elementor-element elementor-element-14d34cc5\" data-id=\"14d34cc5\" data-element_type=\"column\" data-e-type=\"column\">\n\t\t\t<div class=\"elementor-widget-wrap elementor-element-populated\">\n\t\t\t\t\t\t<div class=\"elementor-element elementor-element-8046d58 elementor-widget elementor-widget-text-editor\" data-id=\"8046d58\" data-element_type=\"widget\" data-e-type=\"widget\" data-widget_type=\"text-editor.default\">\n\t\t\t\t<div class=\"elementor-widget-container\">\n\t\t\t\t\t\t\t\t\t<p>Das Restaurant \u201eNa Onda\u201c liegt am Strand von Foz do Lizandro und ist der ideale Ort um mit Fusion-Sushi und einen Caipirinha den Sonnenuntergang zu genie\u00dfen. Zu dem Restaurant geh\u00f6rt eine bekannte Surfschule mit freundlichem und kompetentem Personal und t\u00e4glichem Unterricht. Na Onda liegt 50km n\u00f6rdlich von Lissabon. Eine interessante Hochzeit Location f\u00fcr Gruppen von 15-30 Personen. \u00a0Ein gro\u00dfartiges, junges Team steht Ihnen zur Verf\u00fcgung, um Ihre Hochzeit mit einem entspannten Strand-Hochzeitsthema zu zelebrieren.<\/p>\n<p>F\u00fcr die Hochzeit am Strand ben\u00f6tigen Sie eine Strand Lizenz die wir gerne f\u00fcr Sie organisieren. Weitere Informationen zu Hochzeiten am Strand finden Sie hier. Teilen Sie uns Ihr Wunsch-Datum und die Zahl Ihrer G\u00e4ste mit, wir schicken Ihnen gerne einige Vorschl\u00e4ge: <a href=\"mailto:info@weddingportugal.com\">info@weddingportugal.com<\/a><\/p>\n\t\t\t\t\t\t\t\t<\/div>\n\t\t\t\t<\/div>\n\t\t\t\t\t<\/div>\n\t\t<\/div>\n\t\t\t\t<div class=\"elementor-column elementor-col-50 elementor-top-column elementor-element elementor-element-10be6623\" data-id=\"10be6623\" data-element_type=\"column\" data-e-type=\"column\">\n\t\t\t<div class=\"elementor-widget-wrap elementor-element-populated\">\n\t\t\t\t\t\t<div class=\"elementor-element elementor-element-6f2c6183 elementor-widget elementor-widget-image\" data-id=\"6f2c6183\" data-element_type=\"widget\" data-e-type=\"widget\" data-widget_type=\"image.default\">\n\t\t\t\t<div class=\"elementor-widget-container\">\n\t\t\t\t\t\t\t\t\t\t\t\t\t\t\t<img fetchpriority=\"high\" decoding=\"async\" width=\"760\" height=\"500\" src=\"https:\/\/www.weddingportugal.com\/wp-content\/uploads\/2020\/08\/Lisbon-RestaurantNaOnda.jpg\" class=\"attachment-large size-large wp-image-1582\" alt=\"\" srcset=\"https:\/\/www.weddingportugal.com\/wp-content\/uploads\/2020\/08\/Lisbon-RestaurantNaOnda.jpg 760w, https:\/\/www.weddingportugal.com\/wp-content\/uploads\/2020\/08\/Lisbon-RestaurantNaOnda-300x197.jpg 300w\" sizes=\"(max-width: 760px) 100vw, 760px\" \/>\t\t\t\t\t\t\t\t\t\t\t\t\t\t\t<\/div>\n\t\t\t\t<\/div>\n\t\t\t\t\t<\/div>\n\t\t<\/div>\n\t\t\t\t\t<\/div>\n\t\t<\/section>\n\t\t\t\t<section class=\"elementor-section elementor-top-section elementor-element elementor-element-e4b1e0c elementor-section-boxed elementor-section-height-default elementor-section-height-default\" data-id=\"e4b1e0c\" data-element_type=\"section\" data-e-type=\"section\">\n\t\t\t\t\t\t<div class=\"elementor-container elementor-column-gap-default\">\n\t\t\t\t\t<div class=\"elementor-column elementor-col-100 elementor-top-column elementor-element elementor-element-7b908e44\" data-id=\"7b908e44\" data-element_type=\"column\" data-e-type=\"column\">\n\t\t\t<div class=\"elementor-widget-wrap elementor-element-populated\">\n\t\t\t\t\t\t<div class=\"elementor-element elementor-element-744f3849 elementor-arrows-position-inside elementor-pagination-position-outside elementor-widget elementor-widget-image-carousel\" data-id=\"744f3849\" data-element_type=\"widget\" data-e-type=\"widget\" data-settings=\"{&quot;slides_to_scroll&quot;:&quot;3&quot;,&quot;navigation&quot;:&quot;both&quot;,&quot;autoplay&quot;:&quot;yes&quot;,&quot;pause_on_hover&quot;:&quot;yes&quot;,&quot;pause_on_interaction&quot;:&quot;yes&quot;,&quot;autoplay_speed&quot;:5000,&quot;infinite&quot;:&quot;yes&quot;,&quot;speed&quot;:500,&quot;image_spacing_custom&quot;:{&quot;unit&quot;:&quot;px&quot;,&quot;size&quot;:20,&quot;sizes&quot;:[]},&quot;image_spacing_custom_tablet&quot;:{&quot;unit&quot;:&quot;px&quot;,&quot;size&quot;:&quot;&quot;,&quot;sizes&quot;:[]},&quot;image_spacing_custom_mobile&quot;:{&quot;unit&quot;:&quot;px&quot;,&quot;size&quot;:&quot;&quot;,&quot;sizes&quot;:[]}}\" data-widget_type=\"image-carousel.default\">\n\t\t\t\t<div class=\"elementor-widget-container\">\n\t\t\t\t\t\t\t<div class=\"elementor-image-carousel-wrapper swiper\" role=\"region\" aria-roledescription=\"carousel\" aria-label=\"Bild Karussell\" dir=\"ltr\">\n\t\t\t<div class=\"elementor-image-carousel swiper-wrapper swiper-image-stretch\" aria-live=\"off\">\n\t\t\t\t\t\t\t\t<div class=\"swiper-slide\" role=\"group\" aria-roledescription=\"slide\" aria-label=\"1 von 6\"><a data-elementor-open-lightbox=\"yes\" data-elementor-lightbox-slideshow=\"744f3849\" data-elementor-lightbox-title=\"Lisbon-RestaurantNaOnda01\" data-e-action-hash=\"#elementor-action%3Aaction%3Dlightbox%26settings%3DeyJpZCI6MTU4NiwidXJsIjoiaHR0cHM6XC9cL3d3dy53ZWRkaW5ncG9ydHVnYWwuY29tXC93cC1jb250ZW50XC91cGxvYWRzXC8yMDIwXC8wOFwvTGlzYm9uLVJlc3RhdXJhbnROYU9uZGEwMS5qcGciLCJzbGlkZXNob3ciOiI3NDRmMzg0OSJ9\" href=\"https:\/\/www.weddingportugal.com\/wp-content\/uploads\/2020\/08\/Lisbon-RestaurantNaOnda01.jpg\"><figure class=\"swiper-slide-inner\"><img decoding=\"async\" class=\"swiper-slide-image\" src=\"https:\/\/www.weddingportugal.com\/wp-content\/uploads\/elementor\/thumbs\/Lisbon-RestaurantNaOnda01-rkoynp9on3bnmn2wn0wkg7g30bw40jo2uf21u0gf48.jpg\" alt=\"Lisbon-RestaurantNaOnda01\" \/><\/figure><\/a><\/div><div class=\"swiper-slide\" role=\"group\" aria-roledescription=\"slide\" aria-label=\"2 von 6\"><a data-elementor-open-lightbox=\"yes\" data-elementor-lightbox-slideshow=\"744f3849\" data-elementor-lightbox-title=\"Lisbon-RestaurantNaOnda02\" data-e-action-hash=\"#elementor-action%3Aaction%3Dlightbox%26settings%3DeyJpZCI6MTU5MCwidXJsIjoiaHR0cHM6XC9cL3d3dy53ZWRkaW5ncG9ydHVnYWwuY29tXC93cC1jb250ZW50XC91cGxvYWRzXC8yMDIwXC8wOFwvTGlzYm9uLVJlc3RhdXJhbnROYU9uZGEwMi5qcGciLCJzbGlkZXNob3ciOiI3NDRmMzg0OSJ9\" href=\"https:\/\/www.weddingportugal.com\/wp-content\/uploads\/2020\/08\/Lisbon-RestaurantNaOnda02.jpg\"><figure class=\"swiper-slide-inner\"><img decoding=\"async\" class=\"swiper-slide-image\" src=\"https:\/\/www.weddingportugal.com\/wp-content\/uploads\/elementor\/thumbs\/Lisbon-RestaurantNaOnda02-rkoynp9on3bnmn2wn0wkg7g30bw40jo2uf21u0gf48.jpg\" alt=\"Lisbon-RestaurantNaOnda02\" \/><\/figure><\/a><\/div><div class=\"swiper-slide\" role=\"group\" aria-roledescription=\"slide\" aria-label=\"3 von 6\"><a data-elementor-open-lightbox=\"yes\" data-elementor-lightbox-slideshow=\"744f3849\" data-elementor-lightbox-title=\"Lisbon-RestaurantNaOnda03\" data-e-action-hash=\"#elementor-action%3Aaction%3Dlightbox%26settings%3DeyJpZCI6MTU5NCwidXJsIjoiaHR0cHM6XC9cL3d3dy53ZWRkaW5ncG9ydHVnYWwuY29tXC93cC1jb250ZW50XC91cGxvYWRzXC8yMDIwXC8wOFwvTGlzYm9uLVJlc3RhdXJhbnROYU9uZGEwMy5qcGciLCJzbGlkZXNob3ciOiI3NDRmMzg0OSJ9\" href=\"https:\/\/www.weddingportugal.com\/wp-content\/uploads\/2020\/08\/Lisbon-RestaurantNaOnda03.jpg\"><figure class=\"swiper-slide-inner\"><img decoding=\"async\" class=\"swiper-slide-image\" src=\"https:\/\/www.weddingportugal.com\/wp-content\/uploads\/elementor\/thumbs\/Lisbon-RestaurantNaOnda03-rkoynp9on3bnmn2wn0wkg7g30bw40jo2uf21u0gf48.jpg\" alt=\"Lisbon-RestaurantNaOnda03\" \/><\/figure><\/a><\/div><div class=\"swiper-slide\" role=\"group\" aria-roledescription=\"slide\" aria-label=\"4 von 6\"><a data-elementor-open-lightbox=\"yes\" data-elementor-lightbox-slideshow=\"744f3849\" data-elementor-lightbox-title=\"Lisbon-RestaurantNaOnda04\" data-e-action-hash=\"#elementor-action%3Aaction%3Dlightbox%26settings%3DeyJpZCI6MTU5OCwidXJsIjoiaHR0cHM6XC9cL3d3dy53ZWRkaW5ncG9ydHVnYWwuY29tXC93cC1jb250ZW50XC91cGxvYWRzXC8yMDIwXC8wOFwvTGlzYm9uLVJlc3RhdXJhbnROYU9uZGEwNC5qcGciLCJzbGlkZXNob3ciOiI3NDRmMzg0OSJ9\" href=\"https:\/\/www.weddingportugal.com\/wp-content\/uploads\/2020\/08\/Lisbon-RestaurantNaOnda04.jpg\"><figure class=\"swiper-slide-inner\"><img decoding=\"async\" class=\"swiper-slide-image\" src=\"https:\/\/www.weddingportugal.com\/wp-content\/uploads\/elementor\/thumbs\/Lisbon-RestaurantNaOnda04-rkoynp9on3bnmn2wn0wkg7g30bw40jo2uf21u0gf48.jpg\" alt=\"Lisbon-RestaurantNaOnda04\" \/><\/figure><\/a><\/div><div class=\"swiper-slide\" role=\"group\" aria-roledescription=\"slide\" aria-label=\"5 von 6\"><a data-elementor-open-lightbox=\"yes\" data-elementor-lightbox-slideshow=\"744f3849\" data-elementor-lightbox-title=\"Lisbon-RestaurantNaOnda05\" data-e-action-hash=\"#elementor-action%3Aaction%3Dlightbox%26settings%3DeyJpZCI6MTYwMiwidXJsIjoiaHR0cHM6XC9cL3d3dy53ZWRkaW5ncG9ydHVnYWwuY29tXC93cC1jb250ZW50XC91cGxvYWRzXC8yMDIwXC8wOFwvTGlzYm9uLVJlc3RhdXJhbnROYU9uZGEwNS5qcGciLCJzbGlkZXNob3ciOiI3NDRmMzg0OSJ9\" href=\"https:\/\/www.weddingportugal.com\/wp-content\/uploads\/2020\/08\/Lisbon-RestaurantNaOnda05.jpg\"><figure class=\"swiper-slide-inner\"><img decoding=\"async\" class=\"swiper-slide-image\" src=\"https:\/\/www.weddingportugal.com\/wp-content\/uploads\/elementor\/thumbs\/Lisbon-RestaurantNaOnda05-rkoynp9on3bnmn2wn0wkg7g30bw40jo2uf21u0gf48.jpg\" alt=\"Lisbon-RestaurantNaOnda05\" \/><\/figure><\/a><\/div><div class=\"swiper-slide\" role=\"group\" aria-roledescription=\"slide\" aria-label=\"6 von 6\"><a data-elementor-open-lightbox=\"yes\" data-elementor-lightbox-slideshow=\"744f3849\" data-elementor-lightbox-title=\"Lisbon-RestaurantNaOnda06\" data-e-action-hash=\"#elementor-action%3Aaction%3Dlightbox%26settings%3DeyJpZCI6MTYwNiwidXJsIjoiaHR0cHM6XC9cL3d3dy53ZWRkaW5ncG9ydHVnYWwuY29tXC93cC1jb250ZW50XC91cGxvYWRzXC8yMDIwXC8wOFwvTGlzYm9uLVJlc3RhdXJhbnROYU9uZGEwNi5qcGciLCJzbGlkZXNob3ciOiI3NDRmMzg0OSJ9\" href=\"https:\/\/www.weddingportugal.com\/wp-content\/uploads\/2020\/08\/Lisbon-RestaurantNaOnda06.jpg\"><figure class=\"swiper-slide-inner\"><img decoding=\"async\" class=\"swiper-slide-image\" src=\"https:\/\/www.weddingportugal.com\/wp-content\/uploads\/elementor\/thumbs\/Lisbon-RestaurantNaOnda06-rkoynp9on3bnmn2wn0wkg7g30bw40jo2uf21u0gf48.jpg\" alt=\"Lisbon-RestaurantNaOnda06\" \/><\/figure><\/a><\/div>\t\t\t<\/div>\n\t\t\t\t\t\t\t\t\t\t\t\t<div class=\"elementor-swiper-button elementor-swiper-button-prev\" role=\"button\" tabindex=\"0\">\n\t\t\t\t\t\t<i aria-hidden=\"true\" class=\"eicon-chevron-left\"><\/i>\t\t\t\t\t<\/div>\n\t\t\t\t\t<div class=\"elementor-swiper-button elementor-swiper-button-next\" role=\"button\" tabindex=\"0\">\n\t\t\t\t\t\t<i aria-hidden=\"true\" class=\"eicon-chevron-right\"><\/i>\t\t\t\t\t<\/div>\n\t\t\t\t\n\t\t\t\t\t\t\t\t\t<div class=\"swiper-pagination\"><\/div>\n\t\t\t\t\t\t\t\t\t<\/div>\n\t\t\t\t\t\t<\/div>\n\t\t\t\t<\/div>\n\t\t\t\t\t<\/div>\n\t\t<\/div>\n\t\t\t\t\t<\/div>\n\t\t<\/section>\n\t\t\t\t<\/div>\n\t\t","protected":false},"excerpt":{"rendered":"<p>Das Restaurant \u201eNa Onda\u201c liegt am Strand von Foz do Lizandro und ist der ideale Ort um mit Fusion-Sushi und einen Caipirinha den Sonnenuntergang zu genie\u00dfen. Zu dem Restaurant geh\u00f6rt eine bekannte Surfschule mit freundlichem und kompetentem Personal und t\u00e4glichem Unterricht. Na Onda liegt 50km n\u00f6rdlich von Lissabon. Eine interessante Hochzeit Location f\u00fcr Gruppen von [&hellip;]<\/p>\n","protected":false},"author":1,"featured_media":1582,"parent":4647,"menu_order":41,"comment_status":"closed","ping_status":"closed","template":"","meta":{"content-type":"","footnotes":""},"class_list":["post-4663","page","type-page","status-publish","has-post-thumbnail","hentry"],"yoast_head":"<!-- This site is optimized with the Yoast SEO plugin v27.2 - https:\/\/yoast.com\/product\/yoast-seo-wordpress\/ -->\n<title>Lissabon, Ericeira - Restaurant - Na Onda - Wedding Portugal<\/title>\n<meta name=\"robots\" content=\"index, follow, max-snippet:-1, max-image-preview:large, max-video-preview:-1\" \/>\n<link rel=\"canonical\" href=\"https:\/\/www.weddingportugal.com\/de\/hochzeitslocations\/empfangs-location\/lissabon-ericeira-restaurant-na-onda\/\" \/>\n<meta property=\"og:locale\" content=\"de_DE\" \/>\n<meta property=\"og:type\" content=\"article\" \/>\n<meta property=\"og:title\" content=\"Lissabon, Ericeira - Restaurant - Na Onda - Wedding Portugal\" \/>\n<meta property=\"og:description\" content=\"Das Restaurant \u201eNa Onda\u201c liegt am Strand von Foz do Lizandro und ist der ideale Ort um mit Fusion-Sushi und einen Caipirinha den Sonnenuntergang zu genie\u00dfen. Zu dem Restaurant geh\u00f6rt eine bekannte Surfschule mit freundlichem und kompetentem Personal und t\u00e4glichem Unterricht. Na Onda liegt 50km n\u00f6rdlich von Lissabon. Eine interessante Hochzeit Location f\u00fcr Gruppen von [&hellip;]\" \/>\n<meta property=\"og:url\" content=\"https:\/\/www.weddingportugal.com\/de\/hochzeitslocations\/empfangs-location\/lissabon-ericeira-restaurant-na-onda\/\" \/>\n<meta property=\"og:site_name\" content=\"Wedding Portugal\" \/>\n<meta property=\"article:modified_time\" content=\"2021-07-26T17:36:46+00:00\" \/>\n<meta property=\"og:image\" content=\"https:\/\/www.weddingportugal.com\/wp-content\/uploads\/2020\/08\/Lisbon-RestaurantNaOnda.jpg\" \/>\n\t<meta property=\"og:image:width\" content=\"760\" \/>\n\t<meta property=\"og:image:height\" content=\"500\" \/>\n\t<meta property=\"og:image:type\" content=\"image\/jpeg\" \/>\n<meta name=\"twitter:card\" content=\"summary_large_image\" \/>\n<meta name=\"twitter:label1\" content=\"Gesch\u00e4tzte Lesezeit\" \/>\n\t<meta name=\"twitter:data1\" content=\"1\u00a0Minute\" \/>\n<script type=\"application\/ld+json\" class=\"yoast-schema-graph\">{\"@context\":\"https:\/\/schema.org\",\"@graph\":[{\"@type\":\"WebPage\",\"@id\":\"https:\/\/www.weddingportugal.com\/de\/hochzeitslocations\/empfangs-location\/lissabon-ericeira-restaurant-na-onda\/\",\"url\":\"https:\/\/www.weddingportugal.com\/de\/hochzeitslocations\/empfangs-location\/lissabon-ericeira-restaurant-na-onda\/\",\"name\":\"Lissabon, Ericeira - Restaurant - Na Onda - Wedding Portugal\",\"isPartOf\":{\"@id\":\"https:\/\/www.weddingportugal.com\/de\/#website\"},\"primaryImageOfPage\":{\"@id\":\"https:\/\/www.weddingportugal.com\/de\/hochzeitslocations\/empfangs-location\/lissabon-ericeira-restaurant-na-onda\/#primaryimage\"},\"image\":{\"@id\":\"https:\/\/www.weddingportugal.com\/de\/hochzeitslocations\/empfangs-location\/lissabon-ericeira-restaurant-na-onda\/#primaryimage\"},\"thumbnailUrl\":\"https:\/\/www.weddingportugal.com\/wp-content\/uploads\/2020\/08\/Lisbon-RestaurantNaOnda.jpg\",\"datePublished\":\"2021-07-08T12:54:27+00:00\",\"dateModified\":\"2021-07-26T17:36:46+00:00\",\"breadcrumb\":{\"@id\":\"https:\/\/www.weddingportugal.com\/de\/hochzeitslocations\/empfangs-location\/lissabon-ericeira-restaurant-na-onda\/#breadcrumb\"},\"inLanguage\":\"de\",\"potentialAction\":[{\"@type\":\"ReadAction\",\"target\":[\"https:\/\/www.weddingportugal.com\/de\/hochzeitslocations\/empfangs-location\/lissabon-ericeira-restaurant-na-onda\/\"]}]},{\"@type\":\"ImageObject\",\"inLanguage\":\"de\",\"@id\":\"https:\/\/www.weddingportugal.com\/de\/hochzeitslocations\/empfangs-location\/lissabon-ericeira-restaurant-na-onda\/#primaryimage\",\"url\":\"https:\/\/www.weddingportugal.com\/wp-content\/uploads\/2020\/08\/Lisbon-RestaurantNaOnda.jpg\",\"contentUrl\":\"https:\/\/www.weddingportugal.com\/wp-content\/uploads\/2020\/08\/Lisbon-RestaurantNaOnda.jpg\",\"width\":760,\"height\":500},{\"@type\":\"BreadcrumbList\",\"@id\":\"https:\/\/www.weddingportugal.com\/de\/hochzeitslocations\/empfangs-location\/lissabon-ericeira-restaurant-na-onda\/#breadcrumb\",\"itemListElement\":[{\"@type\":\"ListItem\",\"position\":1,\"name\":\"Home\",\"item\":\"https:\/\/www.weddingportugal.com\/de\/\"},{\"@type\":\"ListItem\",\"position\":2,\"name\":\"Hochzeitslocations\",\"item\":\"https:\/\/www.weddingportugal.com\/de\/hochzeitslocations\/\"},{\"@type\":\"ListItem\",\"position\":3,\"name\":\"Empfangs Location\",\"item\":\"https:\/\/www.weddingportugal.com\/de\/hochzeitslocations\/empfangs-location\/\"},{\"@type\":\"ListItem\",\"position\":4,\"name\":\"Lissabon, Ericeira &#8211; Restaurant &#8211; Na Onda\"}]},{\"@type\":\"WebSite\",\"@id\":\"https:\/\/www.weddingportugal.com\/de\/#website\",\"url\":\"https:\/\/www.weddingportugal.com\/de\/\",\"name\":\"Wedding Portugal\",\"description\":\"We tell you why you should get your weeding in Portugal\",\"publisher\":{\"@id\":\"https:\/\/www.weddingportugal.com\/de\/#organization\"},\"potentialAction\":[{\"@type\":\"SearchAction\",\"target\":{\"@type\":\"EntryPoint\",\"urlTemplate\":\"https:\/\/www.weddingportugal.com\/de\/?s={search_term_string}\"},\"query-input\":{\"@type\":\"PropertyValueSpecification\",\"valueRequired\":true,\"valueName\":\"search_term_string\"}}],\"inLanguage\":\"de\"},{\"@type\":\"Organization\",\"@id\":\"https:\/\/www.weddingportugal.com\/de\/#organization\",\"name\":\"Wedding Portugal\",\"url\":\"https:\/\/www.weddingportugal.com\/de\/\",\"logo\":{\"@type\":\"ImageObject\",\"inLanguage\":\"de\",\"@id\":\"https:\/\/www.weddingportugal.com\/de\/#\/schema\/logo\/image\/\",\"url\":\"https:\/\/www.weddingportugal.com\/wp-content\/uploads\/2020\/02\/cropped-logo-WeddingPortugal.png\",\"contentUrl\":\"https:\/\/www.weddingportugal.com\/wp-content\/uploads\/2020\/02\/cropped-logo-WeddingPortugal.png\",\"width\":523,\"height\":89,\"caption\":\"Wedding Portugal\"},\"image\":{\"@id\":\"https:\/\/www.weddingportugal.com\/de\/#\/schema\/logo\/image\/\"}}]}<\/script>\n<!-- \/ Yoast SEO plugin. -->","yoast_head_json":{"title":"Lissabon, Ericeira - Restaurant - Na Onda - Wedding Portugal","robots":{"index":"index","follow":"follow","max-snippet":"max-snippet:-1","max-image-preview":"max-image-preview:large","max-video-preview":"max-video-preview:-1"},"canonical":"https:\/\/www.weddingportugal.com\/de\/hochzeitslocations\/empfangs-location\/lissabon-ericeira-restaurant-na-onda\/","og_locale":"de_DE","og_type":"article","og_title":"Lissabon, Ericeira - Restaurant - Na Onda - Wedding Portugal","og_description":"Das Restaurant \u201eNa Onda\u201c liegt am Strand von Foz do Lizandro und ist der ideale Ort um mit Fusion-Sushi und einen Caipirinha den Sonnenuntergang zu genie\u00dfen. Zu dem Restaurant geh\u00f6rt eine bekannte Surfschule mit freundlichem und kompetentem Personal und t\u00e4glichem Unterricht. Na Onda liegt 50km n\u00f6rdlich von Lissabon. Eine interessante Hochzeit Location f\u00fcr Gruppen von [&hellip;]","og_url":"https:\/\/www.weddingportugal.com\/de\/hochzeitslocations\/empfangs-location\/lissabon-ericeira-restaurant-na-onda\/","og_site_name":"Wedding Portugal","article_modified_time":"2021-07-26T17:36:46+00:00","og_image":[{"width":760,"height":500,"url":"https:\/\/www.weddingportugal.com\/wp-content\/uploads\/2020\/08\/Lisbon-RestaurantNaOnda.jpg","type":"image\/jpeg"}],"twitter_card":"summary_large_image","twitter_misc":{"Gesch\u00e4tzte Lesezeit":"1\u00a0Minute"},"schema":{"@context":"https:\/\/schema.org","@graph":[{"@type":"WebPage","@id":"https:\/\/www.weddingportugal.com\/de\/hochzeitslocations\/empfangs-location\/lissabon-ericeira-restaurant-na-onda\/","url":"https:\/\/www.weddingportugal.com\/de\/hochzeitslocations\/empfangs-location\/lissabon-ericeira-restaurant-na-onda\/","name":"Lissabon, Ericeira - Restaurant - Na Onda - Wedding Portugal","isPartOf":{"@id":"https:\/\/www.weddingportugal.com\/de\/#website"},"primaryImageOfPage":{"@id":"https:\/\/www.weddingportugal.com\/de\/hochzeitslocations\/empfangs-location\/lissabon-ericeira-restaurant-na-onda\/#primaryimage"},"image":{"@id":"https:\/\/www.weddingportugal.com\/de\/hochzeitslocations\/empfangs-location\/lissabon-ericeira-restaurant-na-onda\/#primaryimage"},"thumbnailUrl":"https:\/\/www.weddingportugal.com\/wp-content\/uploads\/2020\/08\/Lisbon-RestaurantNaOnda.jpg","datePublished":"2021-07-08T12:54:27+00:00","dateModified":"2021-07-26T17:36:46+00:00","breadcrumb":{"@id":"https:\/\/www.weddingportugal.com\/de\/hochzeitslocations\/empfangs-location\/lissabon-ericeira-restaurant-na-onda\/#breadcrumb"},"inLanguage":"de","potentialAction":[{"@type":"ReadAction","target":["https:\/\/www.weddingportugal.com\/de\/hochzeitslocations\/empfangs-location\/lissabon-ericeira-restaurant-na-onda\/"]}]},{"@type":"ImageObject","inLanguage":"de","@id":"https:\/\/www.weddingportugal.com\/de\/hochzeitslocations\/empfangs-location\/lissabon-ericeira-restaurant-na-onda\/#primaryimage","url":"https:\/\/www.weddingportugal.com\/wp-content\/uploads\/2020\/08\/Lisbon-RestaurantNaOnda.jpg","contentUrl":"https:\/\/www.weddingportugal.com\/wp-content\/uploads\/2020\/08\/Lisbon-RestaurantNaOnda.jpg","width":760,"height":500},{"@type":"BreadcrumbList","@id":"https:\/\/www.weddingportugal.com\/de\/hochzeitslocations\/empfangs-location\/lissabon-ericeira-restaurant-na-onda\/#breadcrumb","itemListElement":[{"@type":"ListItem","position":1,"name":"Home","item":"https:\/\/www.weddingportugal.com\/de\/"},{"@type":"ListItem","position":2,"name":"Hochzeitslocations","item":"https:\/\/www.weddingportugal.com\/de\/hochzeitslocations\/"},{"@type":"ListItem","position":3,"name":"Empfangs Location","item":"https:\/\/www.weddingportugal.com\/de\/hochzeitslocations\/empfangs-location\/"},{"@type":"ListItem","position":4,"name":"Lissabon, Ericeira &#8211; Restaurant &#8211; Na Onda"}]},{"@type":"WebSite","@id":"https:\/\/www.weddingportugal.com\/de\/#website","url":"https:\/\/www.weddingportugal.com\/de\/","name":"Wedding Portugal","description":"We tell you why you should get your weeding in Portugal","publisher":{"@id":"https:\/\/www.weddingportugal.com\/de\/#organization"},"potentialAction":[{"@type":"SearchAction","target":{"@type":"EntryPoint","urlTemplate":"https:\/\/www.weddingportugal.com\/de\/?s={search_term_string}"},"query-input":{"@type":"PropertyValueSpecification","valueRequired":true,"valueName":"search_term_string"}}],"inLanguage":"de"},{"@type":"Organization","@id":"https:\/\/www.weddingportugal.com\/de\/#organization","name":"Wedding Portugal","url":"https:\/\/www.weddingportugal.com\/de\/","logo":{"@type":"ImageObject","inLanguage":"de","@id":"https:\/\/www.weddingportugal.com\/de\/#\/schema\/logo\/image\/","url":"https:\/\/www.weddingportugal.com\/wp-content\/uploads\/2020\/02\/cropped-logo-WeddingPortugal.png","contentUrl":"https:\/\/www.weddingportugal.com\/wp-content\/uploads\/2020\/02\/cropped-logo-WeddingPortugal.png","width":523,"height":89,"caption":"Wedding Portugal"},"image":{"@id":"https:\/\/www.weddingportugal.com\/de\/#\/schema\/logo\/image\/"}}]}},"_links":{"self":[{"href":"https:\/\/www.weddingportugal.com\/de\/wp-json\/wp\/v2\/pages\/4663","targetHints":{"allow":["GET"]}}],"collection":[{"href":"https:\/\/www.weddingportugal.com\/de\/wp-json\/wp\/v2\/pages"}],"about":[{"href":"https:\/\/www.weddingportugal.com\/de\/wp-json\/wp\/v2\/types\/page"}],"author":[{"embeddable":true,"href":"https:\/\/www.weddingportugal.com\/de\/wp-json\/wp\/v2\/users\/1"}],"replies":[{"embeddable":true,"href":"https:\/\/www.weddingportugal.com\/de\/wp-json\/wp\/v2\/comments?post=4663"}],"version-history":[{"count":1,"href":"https:\/\/www.weddingportugal.com\/de\/wp-json\/wp\/v2\/pages\/4663\/revisions"}],"predecessor-version":[{"id":4664,"href":"https:\/\/www.weddingportugal.com\/de\/wp-json\/wp\/v2\/pages\/4663\/revisions\/4664"}],"up":[{"embeddable":true,"href":"https:\/\/www.weddingportugal.com\/de\/wp-json\/wp\/v2\/pages\/4647"}],"wp:featuredmedia":[{"embeddable":true,"href":"https:\/\/www.weddingportugal.com\/de\/wp-json\/wp\/v2\/media\/1582"}],"wp:attachment":[{"href":"https:\/\/www.weddingportugal.com\/de\/wp-json\/wp\/v2\/media?parent=4663"}],"curies":[{"name":"wp","href":"https:\/\/api.w.org\/{rel}","templated":true}]}}