{"id":4659,"date":"2021-07-08T12:52:23","date_gmt":"2021-07-08T12:52:23","guid":{"rendered":"https:\/\/www.weddingportugal.com\/hochzeitslocations\/empfangs-location\/algarve-guia-vidamar-resort-hotel\/"},"modified":"2025-04-21T07:37:30","modified_gmt":"2025-04-21T07:37:30","slug":"algarve-guia-vidamar-resort-hotel","status":"publish","type":"page","link":"https:\/\/www.weddingportugal.com\/de\/hochzeitslocations\/empfangs-location\/algarve-guia-vidamar-resort-hotel\/","title":{"rendered":"ALGARVE, Guia &#8211; VidaMar Resort Hotel"},"content":{"rendered":"\t\t<div data-elementor-type=\"wp-page\" data-elementor-id=\"4659\" class=\"elementor elementor-4659 elementor-1523\" data-elementor-post-type=\"page\">\n\t\t\t\t\t\t<section class=\"elementor-section elementor-top-section elementor-element elementor-element-6b5df289 elementor-section-boxed elementor-section-height-default elementor-section-height-default\" data-id=\"6b5df289\" data-element_type=\"section\" data-e-type=\"section\">\n\t\t\t\t\t\t<div class=\"elementor-container elementor-column-gap-default\">\n\t\t\t\t\t<div class=\"elementor-column elementor-col-50 elementor-top-column elementor-element elementor-element-3caddb47\" data-id=\"3caddb47\" data-element_type=\"column\" data-e-type=\"column\">\n\t\t\t<div class=\"elementor-widget-wrap elementor-element-populated\">\n\t\t\t\t\t\t<div class=\"elementor-element elementor-element-72ba1513 elementor-widget elementor-widget-text-editor\" data-id=\"72ba1513\" data-element_type=\"widget\" data-e-type=\"widget\" data-widget_type=\"text-editor.default\">\n\t\t\t\t<div class=\"elementor-widget-container\">\n\t\t\t\t\t\t\t\t\t<h3 class=\"\" data-start=\"0\" data-end=\"52\"><strong data-start=\"4\" data-end=\"52\">Sagen Sie &#8222;Ja&#8220; im idyllischen Vidamar Resort<\/strong><\/h3><p class=\"\" data-start=\"54\" data-end=\"272\">Feiern Sie Ihre Hochzeit im\u00a0<strong data-start=\"98\" data-end=\"116\">Vidamar Resort<\/strong>, wo Sie Ihr Eheversprechen entweder in einer idyllischen <strong data-start=\"174\" data-end=\"197\">Meeresfront-Kulisse<\/strong> oder mitten in der \u00fcppigen Sch\u00f6nheit der <strong data-start=\"239\" data-end=\"256\">Palmen-G\u00e4rten<\/strong> ablegen k\u00f6nnen.<\/p><p class=\"\" data-start=\"274\" data-end=\"489\">Nach der Zeremonie wird eine Stehempfang im Au\u00dfenbereichen des Resorts serviert, gefolgt von einem exquisiten Abendessen auf der eleganten <strong data-start=\"460\" data-end=\"476\">Deckterrasse<\/strong>..<\/p><p class=\"\" data-start=\"491\" data-end=\"581\">Diese vielseitige Location ist ideal f\u00fcr Hochzeiten jeder Gr\u00f6\u00dfe, von <strong data-start=\"560\" data-end=\"580\">2 bis 200 G\u00e4sten, standesamtliche sowie freie Trauungen <\/strong><span data-start=\"560\" data-end=\"580\">sind hier m\u00f6glich.<\/span><\/p><p class=\"\" data-start=\"583\" data-end=\"741\">Kontaktieren Sie uns, um ein <strong data-start=\"623\" data-end=\"648\">individuelles Angebot<\/strong> zu erhalten und die Planung Ihrer Traumhochzeit an diesem au\u00dfergew\u00f6hnlichen Ort zu beginnen!<\/p>\t\t\t\t\t\t\t\t<\/div>\n\t\t\t\t<\/div>\n\t\t\t\t\t<\/div>\n\t\t<\/div>\n\t\t\t\t<div class=\"elementor-column elementor-col-50 elementor-top-column elementor-element elementor-element-a3819a9\" data-id=\"a3819a9\" data-element_type=\"column\" data-e-type=\"column\">\n\t\t\t<div class=\"elementor-widget-wrap elementor-element-populated\">\n\t\t\t\t\t\t<div class=\"elementor-element elementor-element-4c555311 elementor-widget elementor-widget-image\" data-id=\"4c555311\" data-element_type=\"widget\" data-e-type=\"widget\" data-widget_type=\"image.default\">\n\t\t\t\t<div class=\"elementor-widget-container\">\n\t\t\t\t\t\t\t\t\t\t\t\t\t\t\t<img fetchpriority=\"high\" decoding=\"async\" width=\"800\" height=\"563\" src=\"https:\/\/www.weddingportugal.com\/wp-content\/uploads\/2025\/03\/Resort_Albufeira_1.jpg\" class=\"attachment-large size-large wp-image-6283\" alt=\"\" srcset=\"https:\/\/www.weddingportugal.com\/wp-content\/uploads\/2025\/03\/Resort_Albufeira_1.jpg 800w, https:\/\/www.weddingportugal.com\/wp-content\/uploads\/2025\/03\/Resort_Albufeira_1-300x211.jpg 300w, https:\/\/www.weddingportugal.com\/wp-content\/uploads\/2025\/03\/Resort_Albufeira_1-768x540.jpg 768w\" sizes=\"(max-width: 800px) 100vw, 800px\" \/>\t\t\t\t\t\t\t\t\t\t\t\t\t\t\t<\/div>\n\t\t\t\t<\/div>\n\t\t\t\t\t<\/div>\n\t\t<\/div>\n\t\t\t\t\t<\/div>\n\t\t<\/section>\n\t\t\t\t<section class=\"elementor-section elementor-top-section elementor-element elementor-element-ec7112b elementor-section-boxed elementor-section-height-default elementor-section-height-default\" data-id=\"ec7112b\" data-element_type=\"section\" data-e-type=\"section\">\n\t\t\t\t\t\t<div class=\"elementor-container elementor-column-gap-default\">\n\t\t\t\t\t<div class=\"elementor-column elementor-col-100 elementor-top-column elementor-element elementor-element-c77c36b\" data-id=\"c77c36b\" data-element_type=\"column\" data-e-type=\"column\">\n\t\t\t<div class=\"elementor-widget-wrap elementor-element-populated\">\n\t\t\t\t\t\t<div class=\"elementor-element elementor-element-5b8a141 elementor-widget elementor-widget-gallery\" data-id=\"5b8a141\" data-element_type=\"widget\" data-e-type=\"widget\" data-settings=\"{&quot;gallery_layout&quot;:&quot;grid&quot;,&quot;columns&quot;:4,&quot;columns_tablet&quot;:2,&quot;columns_mobile&quot;:1,&quot;gap&quot;:{&quot;unit&quot;:&quot;px&quot;,&quot;size&quot;:10,&quot;sizes&quot;:[]},&quot;gap_tablet&quot;:{&quot;unit&quot;:&quot;px&quot;,&quot;size&quot;:10,&quot;sizes&quot;:[]},&quot;gap_mobile&quot;:{&quot;unit&quot;:&quot;px&quot;,&quot;size&quot;:10,&quot;sizes&quot;:[]},&quot;link_to&quot;:&quot;file&quot;,&quot;aspect_ratio&quot;:&quot;3:2&quot;,&quot;overlay_background&quot;:&quot;yes&quot;,&quot;content_hover_animation&quot;:&quot;fade-in&quot;}\" data-widget_type=\"gallery.default\">\n\t\t\t\t<div class=\"elementor-widget-container\">\n\t\t\t\t\t\t\t<div class=\"elementor-gallery__container\">\n\t\t\t\t\t\t\t<a class=\"e-gallery-item elementor-gallery-item elementor-animated-content\" href=\"https:\/\/www.weddingportugal.com\/wp-content\/uploads\/2025\/03\/ALGARVE-VidamarResortHotel04.jpg\" data-elementor-open-lightbox=\"yes\" data-elementor-lightbox-slideshow=\"5b8a141\" data-elementor-lightbox-title=\"ALGARVE-VidamarResortHotel04\" data-e-action-hash=\"#elementor-action%3Aaction%3Dlightbox%26settings%3DeyJpZCI6NjI3MSwidXJsIjoiaHR0cHM6XC9cL3d3dy53ZWRkaW5ncG9ydHVnYWwuY29tXC93cC1jb250ZW50XC91cGxvYWRzXC8yMDI1XC8wM1wvQUxHQVJWRS1WaWRhbWFyUmVzb3J0SG90ZWwwNC5qcGciLCJzbGlkZXNob3ciOiI1YjhhMTQxIn0%3D\">\n\t\t\t\t\t<div class=\"e-gallery-image elementor-gallery-item__image\" data-thumbnail=\"https:\/\/www.weddingportugal.com\/wp-content\/uploads\/2025\/03\/ALGARVE-VidamarResortHotel04-300x197.jpg\" data-width=\"300\" data-height=\"197\" aria-label=\"\" role=\"img\" ><\/div>\n\t\t\t\t\t\t\t\t\t\t\t<div class=\"elementor-gallery-item__overlay\"><\/div>\n\t\t\t\t\t\t\t\t\t\t\t\t\t\t<\/a>\n\t\t\t\t\t\t\t<a class=\"e-gallery-item elementor-gallery-item elementor-animated-content\" href=\"https:\/\/www.weddingportugal.com\/wp-content\/uploads\/2025\/03\/ALGARVE-VidamarResortHotel03.jpg\" data-elementor-open-lightbox=\"yes\" data-elementor-lightbox-slideshow=\"5b8a141\" data-elementor-lightbox-title=\"ALGARVE-VidamarResortHotel03\" data-e-action-hash=\"#elementor-action%3Aaction%3Dlightbox%26settings%3DeyJpZCI6NjI2OSwidXJsIjoiaHR0cHM6XC9cL3d3dy53ZWRkaW5ncG9ydHVnYWwuY29tXC93cC1jb250ZW50XC91cGxvYWRzXC8yMDI1XC8wM1wvQUxHQVJWRS1WaWRhbWFyUmVzb3J0SG90ZWwwMy5qcGciLCJzbGlkZXNob3ciOiI1YjhhMTQxIn0%3D\">\n\t\t\t\t\t<div class=\"e-gallery-image elementor-gallery-item__image\" data-thumbnail=\"https:\/\/www.weddingportugal.com\/wp-content\/uploads\/2025\/03\/ALGARVE-VidamarResortHotel03-300x197.jpg\" data-width=\"300\" data-height=\"197\" aria-label=\"\" role=\"img\" ><\/div>\n\t\t\t\t\t\t\t\t\t\t\t<div class=\"elementor-gallery-item__overlay\"><\/div>\n\t\t\t\t\t\t\t\t\t\t\t\t\t\t<\/a>\n\t\t\t\t\t\t\t<a class=\"e-gallery-item elementor-gallery-item elementor-animated-content\" href=\"https:\/\/www.weddingportugal.com\/wp-content\/uploads\/2025\/03\/ALGARVE-VidamarResortHotel01.jpg\" data-elementor-open-lightbox=\"yes\" data-elementor-lightbox-slideshow=\"5b8a141\" data-elementor-lightbox-title=\"ALGARVE-VidamarResortHotel01\" data-e-action-hash=\"#elementor-action%3Aaction%3Dlightbox%26settings%3DeyJpZCI6NjI2NSwidXJsIjoiaHR0cHM6XC9cL3d3dy53ZWRkaW5ncG9ydHVnYWwuY29tXC93cC1jb250ZW50XC91cGxvYWRzXC8yMDI1XC8wM1wvQUxHQVJWRS1WaWRhbWFyUmVzb3J0SG90ZWwwMS5qcGciLCJzbGlkZXNob3ciOiI1YjhhMTQxIn0%3D\">\n\t\t\t\t\t<div class=\"e-gallery-image elementor-gallery-item__image\" data-thumbnail=\"https:\/\/www.weddingportugal.com\/wp-content\/uploads\/2025\/03\/ALGARVE-VidamarResortHotel01-300x197.jpg\" data-width=\"300\" data-height=\"197\" aria-label=\"\" role=\"img\" ><\/div>\n\t\t\t\t\t\t\t\t\t\t\t<div class=\"elementor-gallery-item__overlay\"><\/div>\n\t\t\t\t\t\t\t\t\t\t\t\t\t\t<\/a>\n\t\t\t\t\t\t\t<a class=\"e-gallery-item elementor-gallery-item elementor-animated-content\" href=\"https:\/\/www.weddingportugal.com\/wp-content\/uploads\/2025\/03\/weddings-in-portugal-Vidamar-weddings-in-Albufeira_11.jpg\" data-elementor-open-lightbox=\"yes\" data-elementor-lightbox-slideshow=\"5b8a141\" data-elementor-lightbox-title=\"weddings in portugal - Vidamar weddings in Albufeira_11\" data-e-action-hash=\"#elementor-action%3Aaction%3Dlightbox%26settings%3DeyJpZCI6NjI0NSwidXJsIjoiaHR0cHM6XC9cL3d3dy53ZWRkaW5ncG9ydHVnYWwuY29tXC93cC1jb250ZW50XC91cGxvYWRzXC8yMDI1XC8wM1wvd2VkZGluZ3MtaW4tcG9ydHVnYWwtVmlkYW1hci13ZWRkaW5ncy1pbi1BbGJ1ZmVpcmFfMTEuanBnIiwic2xpZGVzaG93IjoiNWI4YTE0MSJ9\">\n\t\t\t\t\t<div class=\"e-gallery-image elementor-gallery-item__image\" data-thumbnail=\"https:\/\/www.weddingportugal.com\/wp-content\/uploads\/2025\/03\/weddings-in-portugal-Vidamar-weddings-in-Albufeira_11-293x300.jpg\" data-width=\"293\" data-height=\"300\" aria-label=\"\" role=\"img\" ><\/div>\n\t\t\t\t\t\t\t\t\t\t\t<div class=\"elementor-gallery-item__overlay\"><\/div>\n\t\t\t\t\t\t\t\t\t\t\t\t\t\t<\/a>\n\t\t\t\t\t\t\t<a class=\"e-gallery-item elementor-gallery-item elementor-animated-content\" href=\"https:\/\/www.weddingportugal.com\/wp-content\/uploads\/2025\/03\/weddings-in-portugal-Vidamar-weddings-in-Albufeira_3.jpg\" data-elementor-open-lightbox=\"yes\" data-elementor-lightbox-slideshow=\"5b8a141\" data-elementor-lightbox-title=\"weddings in portugal - Vidamar weddings in Albufeira_3\" data-e-action-hash=\"#elementor-action%3Aaction%3Dlightbox%26settings%3DeyJpZCI6NjIyOSwidXJsIjoiaHR0cHM6XC9cL3d3dy53ZWRkaW5ncG9ydHVnYWwuY29tXC93cC1jb250ZW50XC91cGxvYWRzXC8yMDI1XC8wM1wvd2VkZGluZ3MtaW4tcG9ydHVnYWwtVmlkYW1hci13ZWRkaW5ncy1pbi1BbGJ1ZmVpcmFfMy5qcGciLCJzbGlkZXNob3ciOiI1YjhhMTQxIn0%3D\">\n\t\t\t\t\t<div class=\"e-gallery-image elementor-gallery-item__image\" data-thumbnail=\"https:\/\/www.weddingportugal.com\/wp-content\/uploads\/2025\/03\/weddings-in-portugal-Vidamar-weddings-in-Albufeira_3-300x180.jpg\" data-width=\"300\" data-height=\"180\" aria-label=\"\" role=\"img\" ><\/div>\n\t\t\t\t\t\t\t\t\t\t\t<div class=\"elementor-gallery-item__overlay\"><\/div>\n\t\t\t\t\t\t\t\t\t\t\t\t\t\t<\/a>\n\t\t\t\t\t\t\t<a class=\"e-gallery-item elementor-gallery-item elementor-animated-content\" href=\"https:\/\/www.weddingportugal.com\/wp-content\/uploads\/2025\/03\/weddings-in-portugal-Vidamar-weddings-in-Albufeira_4.jpg\" data-elementor-open-lightbox=\"yes\" data-elementor-lightbox-slideshow=\"5b8a141\" data-elementor-lightbox-title=\"weddings in portugal - Vidamar weddings in Albufeira_4\" data-e-action-hash=\"#elementor-action%3Aaction%3Dlightbox%26settings%3DeyJpZCI6NjIzMSwidXJsIjoiaHR0cHM6XC9cL3d3dy53ZWRkaW5ncG9ydHVnYWwuY29tXC93cC1jb250ZW50XC91cGxvYWRzXC8yMDI1XC8wM1wvd2VkZGluZ3MtaW4tcG9ydHVnYWwtVmlkYW1hci13ZWRkaW5ncy1pbi1BbGJ1ZmVpcmFfNC5qcGciLCJzbGlkZXNob3ciOiI1YjhhMTQxIn0%3D\">\n\t\t\t\t\t<div class=\"e-gallery-image elementor-gallery-item__image\" data-thumbnail=\"https:\/\/www.weddingportugal.com\/wp-content\/uploads\/2025\/03\/weddings-in-portugal-Vidamar-weddings-in-Albufeira_4-300x222.jpg\" data-width=\"300\" data-height=\"222\" aria-label=\"\" role=\"img\" ><\/div>\n\t\t\t\t\t\t\t\t\t\t\t<div class=\"elementor-gallery-item__overlay\"><\/div>\n\t\t\t\t\t\t\t\t\t\t\t\t\t\t<\/a>\n\t\t\t\t\t\t\t<a class=\"e-gallery-item elementor-gallery-item elementor-animated-content\" href=\"https:\/\/www.weddingportugal.com\/wp-content\/uploads\/2025\/03\/weddings-in-portugal-Vidamar-weddings-in-Albufeira_6.jpg\" data-elementor-open-lightbox=\"yes\" data-elementor-lightbox-slideshow=\"5b8a141\" data-elementor-lightbox-title=\"weddings in portugal - Vidamar weddings in Albufeira_6\" data-e-action-hash=\"#elementor-action%3Aaction%3Dlightbox%26settings%3DeyJpZCI6NjIzNSwidXJsIjoiaHR0cHM6XC9cL3d3dy53ZWRkaW5ncG9ydHVnYWwuY29tXC93cC1jb250ZW50XC91cGxvYWRzXC8yMDI1XC8wM1wvd2VkZGluZ3MtaW4tcG9ydHVnYWwtVmlkYW1hci13ZWRkaW5ncy1pbi1BbGJ1ZmVpcmFfNi5qcGciLCJzbGlkZXNob3ciOiI1YjhhMTQxIn0%3D\">\n\t\t\t\t\t<div class=\"e-gallery-image elementor-gallery-item__image\" data-thumbnail=\"https:\/\/www.weddingportugal.com\/wp-content\/uploads\/2025\/03\/weddings-in-portugal-Vidamar-weddings-in-Albufeira_6-300x234.jpg\" data-width=\"300\" data-height=\"234\" aria-label=\"\" role=\"img\" ><\/div>\n\t\t\t\t\t\t\t\t\t\t\t<div class=\"elementor-gallery-item__overlay\"><\/div>\n\t\t\t\t\t\t\t\t\t\t\t\t\t\t<\/a>\n\t\t\t\t\t\t\t<a class=\"e-gallery-item elementor-gallery-item elementor-animated-content\" href=\"https:\/\/www.weddingportugal.com\/wp-content\/uploads\/2025\/03\/weddings-in-portugal-Vidamar-weddings-in-Albufeira.jpg\" data-elementor-open-lightbox=\"yes\" data-elementor-lightbox-slideshow=\"5b8a141\" data-elementor-lightbox-title=\"weddings in portugal - Vidamar weddings in Albufeira\" data-e-action-hash=\"#elementor-action%3Aaction%3Dlightbox%26settings%3DeyJpZCI6NjIyNSwidXJsIjoiaHR0cHM6XC9cL3d3dy53ZWRkaW5ncG9ydHVnYWwuY29tXC93cC1jb250ZW50XC91cGxvYWRzXC8yMDI1XC8wM1wvd2VkZGluZ3MtaW4tcG9ydHVnYWwtVmlkYW1hci13ZWRkaW5ncy1pbi1BbGJ1ZmVpcmEuanBnIiwic2xpZGVzaG93IjoiNWI4YTE0MSJ9\">\n\t\t\t\t\t<div class=\"e-gallery-image elementor-gallery-item__image\" data-thumbnail=\"https:\/\/www.weddingportugal.com\/wp-content\/uploads\/2025\/03\/weddings-in-portugal-Vidamar-weddings-in-Albufeira-300x205.jpg\" data-width=\"300\" data-height=\"205\" aria-label=\"\" role=\"img\" ><\/div>\n\t\t\t\t\t\t\t\t\t\t\t<div class=\"elementor-gallery-item__overlay\"><\/div>\n\t\t\t\t\t\t\t\t\t\t\t\t\t\t<\/a>\n\t\t\t\t\t<\/div>\n\t\t\t\t\t<\/div>\n\t\t\t\t<\/div>\n\t\t\t\t\t<\/div>\n\t\t<\/div>\n\t\t\t\t\t<\/div>\n\t\t<\/section>\n\t\t\t\t<\/div>\n\t\t","protected":false},"excerpt":{"rendered":"<p>Sagen Sie &#8222;Ja&#8220; im idyllischen Vidamar Resort Feiern Sie Ihre Hochzeit im\u00a0Vidamar Resort, wo Sie Ihr Eheversprechen entweder in einer idyllischen Meeresfront-Kulisse oder mitten in der \u00fcppigen Sch\u00f6nheit der Palmen-G\u00e4rten ablegen k\u00f6nnen. Nach der Zeremonie wird eine Stehempfang im Au\u00dfenbereichen des Resorts serviert, gefolgt von einem exquisiten Abendessen auf der eleganten Deckterrasse.. Diese vielseitige Location [&hellip;]<\/p>\n","protected":false},"author":1,"featured_media":1528,"parent":4647,"menu_order":35,"comment_status":"closed","ping_status":"closed","template":"","meta":{"content-type":"","footnotes":""},"class_list":["post-4659","page","type-page","status-publish","has-post-thumbnail","hentry"],"yoast_head":"<!-- This site is optimized with the Yoast SEO plugin v27.2 - https:\/\/yoast.com\/product\/yoast-seo-wordpress\/ -->\n<title>ALGARVE, Guia - VidaMar Resort Hotel - Wedding Portugal<\/title>\n<meta name=\"robots\" content=\"index, follow, max-snippet:-1, max-image-preview:large, max-video-preview:-1\" \/>\n<link rel=\"canonical\" href=\"https:\/\/www.weddingportugal.com\/de\/hochzeitslocations\/empfangs-location\/algarve-guia-vidamar-resort-hotel\/\" \/>\n<meta property=\"og:locale\" content=\"de_DE\" \/>\n<meta property=\"og:type\" content=\"article\" \/>\n<meta property=\"og:title\" content=\"ALGARVE, Guia - VidaMar Resort Hotel - Wedding Portugal\" \/>\n<meta property=\"og:description\" content=\"Sagen Sie &#8222;Ja&#8220; im idyllischen Vidamar Resort Feiern Sie Ihre Hochzeit im\u00a0Vidamar Resort, wo Sie Ihr Eheversprechen entweder in einer idyllischen Meeresfront-Kulisse oder mitten in der \u00fcppigen Sch\u00f6nheit der Palmen-G\u00e4rten ablegen k\u00f6nnen. Nach der Zeremonie wird eine Stehempfang im Au\u00dfenbereichen des Resorts serviert, gefolgt von einem exquisiten Abendessen auf der eleganten Deckterrasse.. Diese vielseitige Location [&hellip;]\" \/>\n<meta property=\"og:url\" content=\"https:\/\/www.weddingportugal.com\/de\/hochzeitslocations\/empfangs-location\/algarve-guia-vidamar-resort-hotel\/\" \/>\n<meta property=\"og:site_name\" content=\"Wedding Portugal\" \/>\n<meta property=\"article:modified_time\" content=\"2025-04-21T07:37:30+00:00\" \/>\n<meta property=\"og:image\" content=\"https:\/\/www.weddingportugal.com\/wp-content\/uploads\/2020\/08\/ALGARVE-VidamarResortHotel.jpg\" \/>\n\t<meta property=\"og:image:width\" content=\"760\" \/>\n\t<meta property=\"og:image:height\" content=\"500\" \/>\n\t<meta property=\"og:image:type\" content=\"image\/jpeg\" \/>\n<meta name=\"twitter:card\" content=\"summary_large_image\" \/>\n<meta name=\"twitter:label1\" content=\"Gesch\u00e4tzte Lesezeit\" \/>\n\t<meta name=\"twitter:data1\" content=\"1\u00a0Minute\" \/>\n<script type=\"application\/ld+json\" class=\"yoast-schema-graph\">{\"@context\":\"https:\/\/schema.org\",\"@graph\":[{\"@type\":\"WebPage\",\"@id\":\"https:\/\/www.weddingportugal.com\/de\/hochzeitslocations\/empfangs-location\/algarve-guia-vidamar-resort-hotel\/\",\"url\":\"https:\/\/www.weddingportugal.com\/de\/hochzeitslocations\/empfangs-location\/algarve-guia-vidamar-resort-hotel\/\",\"name\":\"ALGARVE, Guia - VidaMar Resort Hotel - Wedding Portugal\",\"isPartOf\":{\"@id\":\"https:\/\/www.weddingportugal.com\/de\/#website\"},\"primaryImageOfPage\":{\"@id\":\"https:\/\/www.weddingportugal.com\/de\/hochzeitslocations\/empfangs-location\/algarve-guia-vidamar-resort-hotel\/#primaryimage\"},\"image\":{\"@id\":\"https:\/\/www.weddingportugal.com\/de\/hochzeitslocations\/empfangs-location\/algarve-guia-vidamar-resort-hotel\/#primaryimage\"},\"thumbnailUrl\":\"https:\/\/www.weddingportugal.com\/wp-content\/uploads\/2020\/08\/ALGARVE-VidamarResortHotel.jpg\",\"datePublished\":\"2021-07-08T12:52:23+00:00\",\"dateModified\":\"2025-04-21T07:37:30+00:00\",\"breadcrumb\":{\"@id\":\"https:\/\/www.weddingportugal.com\/de\/hochzeitslocations\/empfangs-location\/algarve-guia-vidamar-resort-hotel\/#breadcrumb\"},\"inLanguage\":\"de\",\"potentialAction\":[{\"@type\":\"ReadAction\",\"target\":[\"https:\/\/www.weddingportugal.com\/de\/hochzeitslocations\/empfangs-location\/algarve-guia-vidamar-resort-hotel\/\"]}]},{\"@type\":\"ImageObject\",\"inLanguage\":\"de\",\"@id\":\"https:\/\/www.weddingportugal.com\/de\/hochzeitslocations\/empfangs-location\/algarve-guia-vidamar-resort-hotel\/#primaryimage\",\"url\":\"https:\/\/www.weddingportugal.com\/wp-content\/uploads\/2020\/08\/ALGARVE-VidamarResortHotel.jpg\",\"contentUrl\":\"https:\/\/www.weddingportugal.com\/wp-content\/uploads\/2020\/08\/ALGARVE-VidamarResortHotel.jpg\",\"width\":760,\"height\":500},{\"@type\":\"BreadcrumbList\",\"@id\":\"https:\/\/www.weddingportugal.com\/de\/hochzeitslocations\/empfangs-location\/algarve-guia-vidamar-resort-hotel\/#breadcrumb\",\"itemListElement\":[{\"@type\":\"ListItem\",\"position\":1,\"name\":\"Home\",\"item\":\"https:\/\/www.weddingportugal.com\/de\/\"},{\"@type\":\"ListItem\",\"position\":2,\"name\":\"Hochzeitslocations\",\"item\":\"https:\/\/www.weddingportugal.com\/de\/hochzeitslocations\/\"},{\"@type\":\"ListItem\",\"position\":3,\"name\":\"Empfangs Location\",\"item\":\"https:\/\/www.weddingportugal.com\/de\/hochzeitslocations\/empfangs-location\/\"},{\"@type\":\"ListItem\",\"position\":4,\"name\":\"ALGARVE, Guia &#8211; VidaMar Resort Hotel\"}]},{\"@type\":\"WebSite\",\"@id\":\"https:\/\/www.weddingportugal.com\/de\/#website\",\"url\":\"https:\/\/www.weddingportugal.com\/de\/\",\"name\":\"Wedding Portugal\",\"description\":\"We tell you why you should get your weeding in Portugal\",\"publisher\":{\"@id\":\"https:\/\/www.weddingportugal.com\/de\/#organization\"},\"potentialAction\":[{\"@type\":\"SearchAction\",\"target\":{\"@type\":\"EntryPoint\",\"urlTemplate\":\"https:\/\/www.weddingportugal.com\/de\/?s={search_term_string}\"},\"query-input\":{\"@type\":\"PropertyValueSpecification\",\"valueRequired\":true,\"valueName\":\"search_term_string\"}}],\"inLanguage\":\"de\"},{\"@type\":\"Organization\",\"@id\":\"https:\/\/www.weddingportugal.com\/de\/#organization\",\"name\":\"Wedding Portugal\",\"url\":\"https:\/\/www.weddingportugal.com\/de\/\",\"logo\":{\"@type\":\"ImageObject\",\"inLanguage\":\"de\",\"@id\":\"https:\/\/www.weddingportugal.com\/de\/#\/schema\/logo\/image\/\",\"url\":\"https:\/\/www.weddingportugal.com\/wp-content\/uploads\/2020\/02\/cropped-logo-WeddingPortugal.png\",\"contentUrl\":\"https:\/\/www.weddingportugal.com\/wp-content\/uploads\/2020\/02\/cropped-logo-WeddingPortugal.png\",\"width\":523,\"height\":89,\"caption\":\"Wedding Portugal\"},\"image\":{\"@id\":\"https:\/\/www.weddingportugal.com\/de\/#\/schema\/logo\/image\/\"}}]}<\/script>\n<!-- \/ Yoast SEO plugin. -->","yoast_head_json":{"title":"ALGARVE, Guia - VidaMar Resort Hotel - Wedding Portugal","robots":{"index":"index","follow":"follow","max-snippet":"max-snippet:-1","max-image-preview":"max-image-preview:large","max-video-preview":"max-video-preview:-1"},"canonical":"https:\/\/www.weddingportugal.com\/de\/hochzeitslocations\/empfangs-location\/algarve-guia-vidamar-resort-hotel\/","og_locale":"de_DE","og_type":"article","og_title":"ALGARVE, Guia - VidaMar Resort Hotel - Wedding Portugal","og_description":"Sagen Sie &#8222;Ja&#8220; im idyllischen Vidamar Resort Feiern Sie Ihre Hochzeit im\u00a0Vidamar Resort, wo Sie Ihr Eheversprechen entweder in einer idyllischen Meeresfront-Kulisse oder mitten in der \u00fcppigen Sch\u00f6nheit der Palmen-G\u00e4rten ablegen k\u00f6nnen. Nach der Zeremonie wird eine Stehempfang im Au\u00dfenbereichen des Resorts serviert, gefolgt von einem exquisiten Abendessen auf der eleganten Deckterrasse.. Diese vielseitige Location [&hellip;]","og_url":"https:\/\/www.weddingportugal.com\/de\/hochzeitslocations\/empfangs-location\/algarve-guia-vidamar-resort-hotel\/","og_site_name":"Wedding Portugal","article_modified_time":"2025-04-21T07:37:30+00:00","og_image":[{"width":760,"height":500,"url":"https:\/\/www.weddingportugal.com\/wp-content\/uploads\/2020\/08\/ALGARVE-VidamarResortHotel.jpg","type":"image\/jpeg"}],"twitter_card":"summary_large_image","twitter_misc":{"Gesch\u00e4tzte Lesezeit":"1\u00a0Minute"},"schema":{"@context":"https:\/\/schema.org","@graph":[{"@type":"WebPage","@id":"https:\/\/www.weddingportugal.com\/de\/hochzeitslocations\/empfangs-location\/algarve-guia-vidamar-resort-hotel\/","url":"https:\/\/www.weddingportugal.com\/de\/hochzeitslocations\/empfangs-location\/algarve-guia-vidamar-resort-hotel\/","name":"ALGARVE, Guia - VidaMar Resort Hotel - Wedding Portugal","isPartOf":{"@id":"https:\/\/www.weddingportugal.com\/de\/#website"},"primaryImageOfPage":{"@id":"https:\/\/www.weddingportugal.com\/de\/hochzeitslocations\/empfangs-location\/algarve-guia-vidamar-resort-hotel\/#primaryimage"},"image":{"@id":"https:\/\/www.weddingportugal.com\/de\/hochzeitslocations\/empfangs-location\/algarve-guia-vidamar-resort-hotel\/#primaryimage"},"thumbnailUrl":"https:\/\/www.weddingportugal.com\/wp-content\/uploads\/2020\/08\/ALGARVE-VidamarResortHotel.jpg","datePublished":"2021-07-08T12:52:23+00:00","dateModified":"2025-04-21T07:37:30+00:00","breadcrumb":{"@id":"https:\/\/www.weddingportugal.com\/de\/hochzeitslocations\/empfangs-location\/algarve-guia-vidamar-resort-hotel\/#breadcrumb"},"inLanguage":"de","potentialAction":[{"@type":"ReadAction","target":["https:\/\/www.weddingportugal.com\/de\/hochzeitslocations\/empfangs-location\/algarve-guia-vidamar-resort-hotel\/"]}]},{"@type":"ImageObject","inLanguage":"de","@id":"https:\/\/www.weddingportugal.com\/de\/hochzeitslocations\/empfangs-location\/algarve-guia-vidamar-resort-hotel\/#primaryimage","url":"https:\/\/www.weddingportugal.com\/wp-content\/uploads\/2020\/08\/ALGARVE-VidamarResortHotel.jpg","contentUrl":"https:\/\/www.weddingportugal.com\/wp-content\/uploads\/2020\/08\/ALGARVE-VidamarResortHotel.jpg","width":760,"height":500},{"@type":"BreadcrumbList","@id":"https:\/\/www.weddingportugal.com\/de\/hochzeitslocations\/empfangs-location\/algarve-guia-vidamar-resort-hotel\/#breadcrumb","itemListElement":[{"@type":"ListItem","position":1,"name":"Home","item":"https:\/\/www.weddingportugal.com\/de\/"},{"@type":"ListItem","position":2,"name":"Hochzeitslocations","item":"https:\/\/www.weddingportugal.com\/de\/hochzeitslocations\/"},{"@type":"ListItem","position":3,"name":"Empfangs Location","item":"https:\/\/www.weddingportugal.com\/de\/hochzeitslocations\/empfangs-location\/"},{"@type":"ListItem","position":4,"name":"ALGARVE, Guia &#8211; VidaMar Resort Hotel"}]},{"@type":"WebSite","@id":"https:\/\/www.weddingportugal.com\/de\/#website","url":"https:\/\/www.weddingportugal.com\/de\/","name":"Wedding Portugal","description":"We tell you why you should get your weeding in Portugal","publisher":{"@id":"https:\/\/www.weddingportugal.com\/de\/#organization"},"potentialAction":[{"@type":"SearchAction","target":{"@type":"EntryPoint","urlTemplate":"https:\/\/www.weddingportugal.com\/de\/?s={search_term_string}"},"query-input":{"@type":"PropertyValueSpecification","valueRequired":true,"valueName":"search_term_string"}}],"inLanguage":"de"},{"@type":"Organization","@id":"https:\/\/www.weddingportugal.com\/de\/#organization","name":"Wedding Portugal","url":"https:\/\/www.weddingportugal.com\/de\/","logo":{"@type":"ImageObject","inLanguage":"de","@id":"https:\/\/www.weddingportugal.com\/de\/#\/schema\/logo\/image\/","url":"https:\/\/www.weddingportugal.com\/wp-content\/uploads\/2020\/02\/cropped-logo-WeddingPortugal.png","contentUrl":"https:\/\/www.weddingportugal.com\/wp-content\/uploads\/2020\/02\/cropped-logo-WeddingPortugal.png","width":523,"height":89,"caption":"Wedding Portugal"},"image":{"@id":"https:\/\/www.weddingportugal.com\/de\/#\/schema\/logo\/image\/"}}]}},"_links":{"self":[{"href":"https:\/\/www.weddingportugal.com\/de\/wp-json\/wp\/v2\/pages\/4659","targetHints":{"allow":["GET"]}}],"collection":[{"href":"https:\/\/www.weddingportugal.com\/de\/wp-json\/wp\/v2\/pages"}],"about":[{"href":"https:\/\/www.weddingportugal.com\/de\/wp-json\/wp\/v2\/types\/page"}],"author":[{"embeddable":true,"href":"https:\/\/www.weddingportugal.com\/de\/wp-json\/wp\/v2\/users\/1"}],"replies":[{"embeddable":true,"href":"https:\/\/www.weddingportugal.com\/de\/wp-json\/wp\/v2\/comments?post=4659"}],"version-history":[{"count":10,"href":"https:\/\/www.weddingportugal.com\/de\/wp-json\/wp\/v2\/pages\/4659\/revisions"}],"predecessor-version":[{"id":6714,"href":"https:\/\/www.weddingportugal.com\/de\/wp-json\/wp\/v2\/pages\/4659\/revisions\/6714"}],"up":[{"embeddable":true,"href":"https:\/\/www.weddingportugal.com\/de\/wp-json\/wp\/v2\/pages\/4647"}],"wp:featuredmedia":[{"embeddable":true,"href":"https:\/\/www.weddingportugal.com\/de\/wp-json\/wp\/v2\/media\/1528"}],"wp:attachment":[{"href":"https:\/\/www.weddingportugal.com\/de\/wp-json\/wp\/v2\/media?parent=4659"}],"curies":[{"name":"wp","href":"https:\/\/api.w.org\/{rel}","templated":true}]}}