{"id":4655,"date":"2021-07-08T12:50:13","date_gmt":"2021-07-08T12:50:13","guid":{"rendered":"https:\/\/www.weddingportugal.com\/hochzeitslocations\/empfangs-location\/sintra-tivoli-palast-dinner-for-two\/"},"modified":"2021-07-26T17:36:44","modified_gmt":"2021-07-26T17:36:44","slug":"sintra-tivoli-palast-dinner-for-two","status":"publish","type":"page","link":"https:\/\/www.weddingportugal.com\/de\/hochzeitslocations\/empfangs-location\/sintra-tivoli-palast-dinner-for-two\/","title":{"rendered":"Sintra &#8211; Tivoli-Palast &#8211; Dinner for Two"},"content":{"rendered":"\t\t<div data-elementor-type=\"wp-page\" data-elementor-id=\"4655\" class=\"elementor elementor-4655 elementor-1470\" data-elementor-post-type=\"page\">\n\t\t\t\t\t\t<section class=\"elementor-section elementor-top-section elementor-element elementor-element-203aa324 elementor-section-boxed elementor-section-height-default elementor-section-height-default\" data-id=\"203aa324\" data-element_type=\"section\" data-e-type=\"section\">\n\t\t\t\t\t\t<div class=\"elementor-container elementor-column-gap-default\">\n\t\t\t\t\t<div class=\"elementor-column elementor-col-50 elementor-top-column elementor-element elementor-element-1414a07a\" data-id=\"1414a07a\" data-element_type=\"column\" data-e-type=\"column\">\n\t\t\t<div class=\"elementor-widget-wrap elementor-element-populated\">\n\t\t\t\t\t\t<div class=\"elementor-element elementor-element-4e53b05d elementor-widget elementor-widget-text-editor\" data-id=\"4e53b05d\" data-element_type=\"widget\" data-e-type=\"widget\" data-widget_type=\"text-editor.default\">\n\t\t\t\t<div class=\"elementor-widget-container\">\n\t\t\t\t\t\t\t\t\t<p>Genie\u00dfen Sie ein romantisches Abendessen zu zweit in einer charmanten Umgebung.\u00a0 Der Tivoli-Palast in Sintra hat einen spektakul\u00e4ren Blick auf \u00fcppige G\u00e4rten und spektakul\u00e4ren Landschaften und liegt nur 30km au\u00dferhalb von Lissabon.<\/p>\n<p><a href=\"mailto:info@weddingportugal.com\">Kontaktieren Sie uns<\/a> f\u00fcr einen Kostenvoranschlag und Details.<\/p>\n\t\t\t\t\t\t\t\t<\/div>\n\t\t\t\t<\/div>\n\t\t\t\t\t<\/div>\n\t\t<\/div>\n\t\t\t\t<div class=\"elementor-column elementor-col-50 elementor-top-column elementor-element elementor-element-67bbc722\" data-id=\"67bbc722\" data-element_type=\"column\" data-e-type=\"column\">\n\t\t\t<div class=\"elementor-widget-wrap elementor-element-populated\">\n\t\t\t\t\t\t<div class=\"elementor-element elementor-element-512a8fa7 elementor-widget elementor-widget-image\" data-id=\"512a8fa7\" data-element_type=\"widget\" data-e-type=\"widget\" data-widget_type=\"image.default\">\n\t\t\t\t<div class=\"elementor-widget-container\">\n\t\t\t\t\t\t\t\t\t\t\t\t\t\t\t<img fetchpriority=\"high\" decoding=\"async\" width=\"760\" height=\"500\" src=\"https:\/\/www.weddingportugal.com\/wp-content\/uploads\/2020\/08\/Sintra-Dinner-for-Two.jpg\" class=\"attachment-large size-large wp-image-1476\" alt=\"\" srcset=\"https:\/\/www.weddingportugal.com\/wp-content\/uploads\/2020\/08\/Sintra-Dinner-for-Two.jpg 760w, https:\/\/www.weddingportugal.com\/wp-content\/uploads\/2020\/08\/Sintra-Dinner-for-Two-300x197.jpg 300w\" sizes=\"(max-width: 760px) 100vw, 760px\" \/>\t\t\t\t\t\t\t\t\t\t\t\t\t\t\t<\/div>\n\t\t\t\t<\/div>\n\t\t\t\t\t<\/div>\n\t\t<\/div>\n\t\t\t\t\t<\/div>\n\t\t<\/section>\n\t\t\t\t<\/div>\n\t\t","protected":false},"excerpt":{"rendered":"<p>Genie\u00dfen Sie ein romantisches Abendessen zu zweit in einer charmanten Umgebung.\u00a0 Der Tivoli-Palast in Sintra hat einen spektakul\u00e4ren Blick auf \u00fcppige G\u00e4rten und spektakul\u00e4ren Landschaften und liegt nur 30km au\u00dferhalb von Lissabon. Kontaktieren Sie uns f\u00fcr einen Kostenvoranschlag und Details.<\/p>\n","protected":false},"author":1,"featured_media":1476,"parent":4647,"menu_order":38,"comment_status":"closed","ping_status":"closed","template":"","meta":{"content-type":"","footnotes":""},"class_list":["post-4655","page","type-page","status-publish","has-post-thumbnail","hentry"],"yoast_head":"<!-- This site is optimized with the Yoast SEO plugin v27.2 - https:\/\/yoast.com\/product\/yoast-seo-wordpress\/ -->\n<title>Sintra - Tivoli-Palast - Dinner for Two - Wedding Portugal<\/title>\n<meta name=\"robots\" content=\"index, follow, max-snippet:-1, max-image-preview:large, max-video-preview:-1\" \/>\n<link rel=\"canonical\" href=\"https:\/\/www.weddingportugal.com\/de\/hochzeitslocations\/empfangs-location\/sintra-tivoli-palast-dinner-for-two\/\" \/>\n<meta property=\"og:locale\" content=\"de_DE\" \/>\n<meta property=\"og:type\" content=\"article\" \/>\n<meta property=\"og:title\" content=\"Sintra - Tivoli-Palast - Dinner for Two - Wedding Portugal\" \/>\n<meta property=\"og:description\" content=\"Genie\u00dfen Sie ein romantisches Abendessen zu zweit in einer charmanten Umgebung.\u00a0 Der Tivoli-Palast in Sintra hat einen spektakul\u00e4ren Blick auf \u00fcppige G\u00e4rten und spektakul\u00e4ren Landschaften und liegt nur 30km au\u00dferhalb von Lissabon. Kontaktieren Sie uns f\u00fcr einen Kostenvoranschlag und Details.\" \/>\n<meta property=\"og:url\" content=\"https:\/\/www.weddingportugal.com\/de\/hochzeitslocations\/empfangs-location\/sintra-tivoli-palast-dinner-for-two\/\" \/>\n<meta property=\"og:site_name\" content=\"Wedding Portugal\" \/>\n<meta property=\"article:modified_time\" content=\"2021-07-26T17:36:44+00:00\" \/>\n<meta property=\"og:image\" content=\"https:\/\/www.weddingportugal.com\/wp-content\/uploads\/2020\/08\/Sintra-Dinner-for-Two.jpg\" \/>\n\t<meta property=\"og:image:width\" content=\"760\" \/>\n\t<meta property=\"og:image:height\" content=\"500\" \/>\n\t<meta property=\"og:image:type\" content=\"image\/jpeg\" \/>\n<meta name=\"twitter:card\" content=\"summary_large_image\" \/>\n<script type=\"application\/ld+json\" class=\"yoast-schema-graph\">{\"@context\":\"https:\/\/schema.org\",\"@graph\":[{\"@type\":\"WebPage\",\"@id\":\"https:\/\/www.weddingportugal.com\/de\/hochzeitslocations\/empfangs-location\/sintra-tivoli-palast-dinner-for-two\/\",\"url\":\"https:\/\/www.weddingportugal.com\/de\/hochzeitslocations\/empfangs-location\/sintra-tivoli-palast-dinner-for-two\/\",\"name\":\"Sintra - Tivoli-Palast - Dinner for Two - Wedding Portugal\",\"isPartOf\":{\"@id\":\"https:\/\/www.weddingportugal.com\/de\/#website\"},\"primaryImageOfPage\":{\"@id\":\"https:\/\/www.weddingportugal.com\/de\/hochzeitslocations\/empfangs-location\/sintra-tivoli-palast-dinner-for-two\/#primaryimage\"},\"image\":{\"@id\":\"https:\/\/www.weddingportugal.com\/de\/hochzeitslocations\/empfangs-location\/sintra-tivoli-palast-dinner-for-two\/#primaryimage\"},\"thumbnailUrl\":\"https:\/\/www.weddingportugal.com\/wp-content\/uploads\/2020\/08\/Sintra-Dinner-for-Two.jpg\",\"datePublished\":\"2021-07-08T12:50:13+00:00\",\"dateModified\":\"2021-07-26T17:36:44+00:00\",\"breadcrumb\":{\"@id\":\"https:\/\/www.weddingportugal.com\/de\/hochzeitslocations\/empfangs-location\/sintra-tivoli-palast-dinner-for-two\/#breadcrumb\"},\"inLanguage\":\"de\",\"potentialAction\":[{\"@type\":\"ReadAction\",\"target\":[\"https:\/\/www.weddingportugal.com\/de\/hochzeitslocations\/empfangs-location\/sintra-tivoli-palast-dinner-for-two\/\"]}]},{\"@type\":\"ImageObject\",\"inLanguage\":\"de\",\"@id\":\"https:\/\/www.weddingportugal.com\/de\/hochzeitslocations\/empfangs-location\/sintra-tivoli-palast-dinner-for-two\/#primaryimage\",\"url\":\"https:\/\/www.weddingportugal.com\/wp-content\/uploads\/2020\/08\/Sintra-Dinner-for-Two.jpg\",\"contentUrl\":\"https:\/\/www.weddingportugal.com\/wp-content\/uploads\/2020\/08\/Sintra-Dinner-for-Two.jpg\",\"width\":760,\"height\":500},{\"@type\":\"BreadcrumbList\",\"@id\":\"https:\/\/www.weddingportugal.com\/de\/hochzeitslocations\/empfangs-location\/sintra-tivoli-palast-dinner-for-two\/#breadcrumb\",\"itemListElement\":[{\"@type\":\"ListItem\",\"position\":1,\"name\":\"Home\",\"item\":\"https:\/\/www.weddingportugal.com\/de\/\"},{\"@type\":\"ListItem\",\"position\":2,\"name\":\"Hochzeitslocations\",\"item\":\"https:\/\/www.weddingportugal.com\/de\/hochzeitslocations\/\"},{\"@type\":\"ListItem\",\"position\":3,\"name\":\"Empfangs Location\",\"item\":\"https:\/\/www.weddingportugal.com\/de\/hochzeitslocations\/empfangs-location\/\"},{\"@type\":\"ListItem\",\"position\":4,\"name\":\"Sintra &#8211; Tivoli-Palast &#8211; Dinner for Two\"}]},{\"@type\":\"WebSite\",\"@id\":\"https:\/\/www.weddingportugal.com\/de\/#website\",\"url\":\"https:\/\/www.weddingportugal.com\/de\/\",\"name\":\"Wedding Portugal\",\"description\":\"We tell you why you should get your weeding in Portugal\",\"publisher\":{\"@id\":\"https:\/\/www.weddingportugal.com\/de\/#organization\"},\"potentialAction\":[{\"@type\":\"SearchAction\",\"target\":{\"@type\":\"EntryPoint\",\"urlTemplate\":\"https:\/\/www.weddingportugal.com\/de\/?s={search_term_string}\"},\"query-input\":{\"@type\":\"PropertyValueSpecification\",\"valueRequired\":true,\"valueName\":\"search_term_string\"}}],\"inLanguage\":\"de\"},{\"@type\":\"Organization\",\"@id\":\"https:\/\/www.weddingportugal.com\/de\/#organization\",\"name\":\"Wedding Portugal\",\"url\":\"https:\/\/www.weddingportugal.com\/de\/\",\"logo\":{\"@type\":\"ImageObject\",\"inLanguage\":\"de\",\"@id\":\"https:\/\/www.weddingportugal.com\/de\/#\/schema\/logo\/image\/\",\"url\":\"https:\/\/www.weddingportugal.com\/wp-content\/uploads\/2020\/02\/cropped-logo-WeddingPortugal.png\",\"contentUrl\":\"https:\/\/www.weddingportugal.com\/wp-content\/uploads\/2020\/02\/cropped-logo-WeddingPortugal.png\",\"width\":523,\"height\":89,\"caption\":\"Wedding Portugal\"},\"image\":{\"@id\":\"https:\/\/www.weddingportugal.com\/de\/#\/schema\/logo\/image\/\"}}]}<\/script>\n<!-- \/ Yoast SEO plugin. -->","yoast_head_json":{"title":"Sintra - Tivoli-Palast - Dinner for Two - Wedding Portugal","robots":{"index":"index","follow":"follow","max-snippet":"max-snippet:-1","max-image-preview":"max-image-preview:large","max-video-preview":"max-video-preview:-1"},"canonical":"https:\/\/www.weddingportugal.com\/de\/hochzeitslocations\/empfangs-location\/sintra-tivoli-palast-dinner-for-two\/","og_locale":"de_DE","og_type":"article","og_title":"Sintra - Tivoli-Palast - Dinner for Two - Wedding Portugal","og_description":"Genie\u00dfen Sie ein romantisches Abendessen zu zweit in einer charmanten Umgebung.\u00a0 Der Tivoli-Palast in Sintra hat einen spektakul\u00e4ren Blick auf \u00fcppige G\u00e4rten und spektakul\u00e4ren Landschaften und liegt nur 30km au\u00dferhalb von Lissabon. Kontaktieren Sie uns f\u00fcr einen Kostenvoranschlag und Details.","og_url":"https:\/\/www.weddingportugal.com\/de\/hochzeitslocations\/empfangs-location\/sintra-tivoli-palast-dinner-for-two\/","og_site_name":"Wedding Portugal","article_modified_time":"2021-07-26T17:36:44+00:00","og_image":[{"width":760,"height":500,"url":"https:\/\/www.weddingportugal.com\/wp-content\/uploads\/2020\/08\/Sintra-Dinner-for-Two.jpg","type":"image\/jpeg"}],"twitter_card":"summary_large_image","schema":{"@context":"https:\/\/schema.org","@graph":[{"@type":"WebPage","@id":"https:\/\/www.weddingportugal.com\/de\/hochzeitslocations\/empfangs-location\/sintra-tivoli-palast-dinner-for-two\/","url":"https:\/\/www.weddingportugal.com\/de\/hochzeitslocations\/empfangs-location\/sintra-tivoli-palast-dinner-for-two\/","name":"Sintra - Tivoli-Palast - Dinner for Two - Wedding Portugal","isPartOf":{"@id":"https:\/\/www.weddingportugal.com\/de\/#website"},"primaryImageOfPage":{"@id":"https:\/\/www.weddingportugal.com\/de\/hochzeitslocations\/empfangs-location\/sintra-tivoli-palast-dinner-for-two\/#primaryimage"},"image":{"@id":"https:\/\/www.weddingportugal.com\/de\/hochzeitslocations\/empfangs-location\/sintra-tivoli-palast-dinner-for-two\/#primaryimage"},"thumbnailUrl":"https:\/\/www.weddingportugal.com\/wp-content\/uploads\/2020\/08\/Sintra-Dinner-for-Two.jpg","datePublished":"2021-07-08T12:50:13+00:00","dateModified":"2021-07-26T17:36:44+00:00","breadcrumb":{"@id":"https:\/\/www.weddingportugal.com\/de\/hochzeitslocations\/empfangs-location\/sintra-tivoli-palast-dinner-for-two\/#breadcrumb"},"inLanguage":"de","potentialAction":[{"@type":"ReadAction","target":["https:\/\/www.weddingportugal.com\/de\/hochzeitslocations\/empfangs-location\/sintra-tivoli-palast-dinner-for-two\/"]}]},{"@type":"ImageObject","inLanguage":"de","@id":"https:\/\/www.weddingportugal.com\/de\/hochzeitslocations\/empfangs-location\/sintra-tivoli-palast-dinner-for-two\/#primaryimage","url":"https:\/\/www.weddingportugal.com\/wp-content\/uploads\/2020\/08\/Sintra-Dinner-for-Two.jpg","contentUrl":"https:\/\/www.weddingportugal.com\/wp-content\/uploads\/2020\/08\/Sintra-Dinner-for-Two.jpg","width":760,"height":500},{"@type":"BreadcrumbList","@id":"https:\/\/www.weddingportugal.com\/de\/hochzeitslocations\/empfangs-location\/sintra-tivoli-palast-dinner-for-two\/#breadcrumb","itemListElement":[{"@type":"ListItem","position":1,"name":"Home","item":"https:\/\/www.weddingportugal.com\/de\/"},{"@type":"ListItem","position":2,"name":"Hochzeitslocations","item":"https:\/\/www.weddingportugal.com\/de\/hochzeitslocations\/"},{"@type":"ListItem","position":3,"name":"Empfangs Location","item":"https:\/\/www.weddingportugal.com\/de\/hochzeitslocations\/empfangs-location\/"},{"@type":"ListItem","position":4,"name":"Sintra &#8211; Tivoli-Palast &#8211; Dinner for Two"}]},{"@type":"WebSite","@id":"https:\/\/www.weddingportugal.com\/de\/#website","url":"https:\/\/www.weddingportugal.com\/de\/","name":"Wedding Portugal","description":"We tell you why you should get your weeding in Portugal","publisher":{"@id":"https:\/\/www.weddingportugal.com\/de\/#organization"},"potentialAction":[{"@type":"SearchAction","target":{"@type":"EntryPoint","urlTemplate":"https:\/\/www.weddingportugal.com\/de\/?s={search_term_string}"},"query-input":{"@type":"PropertyValueSpecification","valueRequired":true,"valueName":"search_term_string"}}],"inLanguage":"de"},{"@type":"Organization","@id":"https:\/\/www.weddingportugal.com\/de\/#organization","name":"Wedding Portugal","url":"https:\/\/www.weddingportugal.com\/de\/","logo":{"@type":"ImageObject","inLanguage":"de","@id":"https:\/\/www.weddingportugal.com\/de\/#\/schema\/logo\/image\/","url":"https:\/\/www.weddingportugal.com\/wp-content\/uploads\/2020\/02\/cropped-logo-WeddingPortugal.png","contentUrl":"https:\/\/www.weddingportugal.com\/wp-content\/uploads\/2020\/02\/cropped-logo-WeddingPortugal.png","width":523,"height":89,"caption":"Wedding Portugal"},"image":{"@id":"https:\/\/www.weddingportugal.com\/de\/#\/schema\/logo\/image\/"}}]}},"_links":{"self":[{"href":"https:\/\/www.weddingportugal.com\/de\/wp-json\/wp\/v2\/pages\/4655","targetHints":{"allow":["GET"]}}],"collection":[{"href":"https:\/\/www.weddingportugal.com\/de\/wp-json\/wp\/v2\/pages"}],"about":[{"href":"https:\/\/www.weddingportugal.com\/de\/wp-json\/wp\/v2\/types\/page"}],"author":[{"embeddable":true,"href":"https:\/\/www.weddingportugal.com\/de\/wp-json\/wp\/v2\/users\/1"}],"replies":[{"embeddable":true,"href":"https:\/\/www.weddingportugal.com\/de\/wp-json\/wp\/v2\/comments?post=4655"}],"version-history":[{"count":1,"href":"https:\/\/www.weddingportugal.com\/de\/wp-json\/wp\/v2\/pages\/4655\/revisions"}],"predecessor-version":[{"id":4656,"href":"https:\/\/www.weddingportugal.com\/de\/wp-json\/wp\/v2\/pages\/4655\/revisions\/4656"}],"up":[{"embeddable":true,"href":"https:\/\/www.weddingportugal.com\/de\/wp-json\/wp\/v2\/pages\/4647"}],"wp:featuredmedia":[{"embeddable":true,"href":"https:\/\/www.weddingportugal.com\/de\/wp-json\/wp\/v2\/media\/1476"}],"wp:attachment":[{"href":"https:\/\/www.weddingportugal.com\/de\/wp-json\/wp\/v2\/media?parent=4655"}],"curies":[{"name":"wp","href":"https:\/\/api.w.org\/{rel}","templated":true}]}}