{"id":4647,"date":"2021-07-08T12:45:08","date_gmt":"2021-07-08T12:45:08","guid":{"rendered":"https:\/\/www.weddingportugal.com\/hochzeitslocations\/empfangs-location\/"},"modified":"2021-07-26T17:36:43","modified_gmt":"2021-07-26T17:36:43","slug":"empfangs-location","status":"publish","type":"page","link":"https:\/\/www.weddingportugal.com\/de\/hochzeitslocations\/empfangs-location\/","title":{"rendered":"Empfangs Location"},"content":{"rendered":"\t\t<div data-elementor-type=\"wp-page\" data-elementor-id=\"4647\" class=\"elementor elementor-4647 elementor-423\" data-elementor-post-type=\"page\">\n\t\t\t\t\t\t<section class=\"elementor-section elementor-top-section elementor-element elementor-element-d84ff12 elementor-section-content-middle elementor-section-boxed elementor-section-height-default elementor-section-height-default\" data-id=\"d84ff12\" data-element_type=\"section\" data-e-type=\"section\" data-settings=\"{&quot;background_background&quot;:&quot;classic&quot;}\">\n\t\t\t\t\t\t<div class=\"elementor-container elementor-column-gap-no\">\n\t\t\t\t\t<div class=\"elementor-column elementor-col-100 elementor-top-column elementor-element elementor-element-6ff479b\" data-id=\"6ff479b\" data-element_type=\"column\" data-e-type=\"column\">\n\t\t\t<div class=\"elementor-widget-wrap elementor-element-populated\">\n\t\t\t\t\t\t<div class=\"elementor-element elementor-element-226baf7 elementor-widget elementor-widget-text-editor\" data-id=\"226baf7\" data-element_type=\"widget\" data-e-type=\"widget\" data-widget_type=\"text-editor.default\">\n\t\t\t\t<div class=\"elementor-widget-container\">\n\t\t\t\t\t\t\t\t\t<p>Hier finden Sie eine Liste von empfehlenswerten Locations f\u00fcr Ihren Hochzeitsempfang. Interessante Empfangs Locations sind z.B. die\u00a0Ferien Villen,\u00a0hier w\u00e4re es m\u00f6glich ein privates Catering f\u00fcr Ihren Hochzeitsempfang zu engagieren. An vielen dieser Locations kann auch die Hochzeitszeremonie stattfinden. Wir stehen Ihnen gerne bei der Buchung Ihrer Empfangs-Location zu Verf\u00fcgung, schreiben Sie uns, wir freuen uns von Ihnen zu h\u00f6ren: <a href=\"mailto:info@weddingportugal.com\">info@weddingportugal.com<\/a><\/p>\n<p>Buchen Sie ein\u00a0<strong>pers\u00f6nliches Empfangs Location Buchungs Packet<\/strong>\u00a0und wir helfen Ihnen ein Empfangs Locations f\u00fcr Ihre Hochzeit zu finden, die genau Ihren Vorstellungen entspricht.<\/p>\n\t\t\t\t\t\t\t\t<\/div>\n\t\t\t\t<\/div>\n\t\t\t\t\t<\/div>\n\t\t<\/div>\n\t\t\t\t\t<\/div>\n\t\t<\/section>\n\t\t\t\t<\/div>\n\t\t","protected":false},"excerpt":{"rendered":"<p>Hier finden Sie eine Liste von empfehlenswerten Locations f\u00fcr Ihren Hochzeitsempfang. Interessante Empfangs Locations sind z.B. die\u00a0Ferien Villen,\u00a0hier w\u00e4re es m\u00f6glich ein privates Catering f\u00fcr Ihren Hochzeitsempfang zu engagieren. An vielen dieser Locations kann auch die Hochzeitszeremonie stattfinden. Wir stehen Ihnen gerne bei der Buchung Ihrer Empfangs-Location zu Verf\u00fcgung, schreiben Sie uns, wir freuen uns [&hellip;]<\/p>\n","protected":false},"author":1,"featured_media":0,"parent":4595,"menu_order":32,"comment_status":"closed","ping_status":"closed","template":"","meta":{"content-type":"","footnotes":""},"class_list":["post-4647","page","type-page","status-publish","hentry"],"yoast_head":"<!-- This site is optimized with the Yoast SEO plugin v27.2 - https:\/\/yoast.com\/product\/yoast-seo-wordpress\/ -->\n<title>Empfangs Location - Wedding Portugal<\/title>\n<meta name=\"robots\" content=\"index, follow, max-snippet:-1, max-image-preview:large, max-video-preview:-1\" \/>\n<link rel=\"canonical\" href=\"https:\/\/www.weddingportugal.com\/de\/hochzeitslocations\/empfangs-location\/\" \/>\n<meta property=\"og:locale\" content=\"de_DE\" \/>\n<meta property=\"og:type\" content=\"article\" \/>\n<meta property=\"og:title\" content=\"Empfangs Location - Wedding Portugal\" \/>\n<meta property=\"og:description\" content=\"Hier finden Sie eine Liste von empfehlenswerten Locations f\u00fcr Ihren Hochzeitsempfang. Interessante Empfangs Locations sind z.B. die\u00a0Ferien Villen,\u00a0hier w\u00e4re es m\u00f6glich ein privates Catering f\u00fcr Ihren Hochzeitsempfang zu engagieren. An vielen dieser Locations kann auch die Hochzeitszeremonie stattfinden. Wir stehen Ihnen gerne bei der Buchung Ihrer Empfangs-Location zu Verf\u00fcgung, schreiben Sie uns, wir freuen uns [&hellip;]\" \/>\n<meta property=\"og:url\" content=\"https:\/\/www.weddingportugal.com\/de\/hochzeitslocations\/empfangs-location\/\" \/>\n<meta property=\"og:site_name\" content=\"Wedding Portugal\" \/>\n<meta property=\"article:modified_time\" content=\"2021-07-26T17:36:43+00:00\" \/>\n<meta name=\"twitter:card\" content=\"summary_large_image\" \/>\n<script type=\"application\/ld+json\" class=\"yoast-schema-graph\">{\"@context\":\"https:\/\/schema.org\",\"@graph\":[{\"@type\":\"WebPage\",\"@id\":\"https:\/\/www.weddingportugal.com\/de\/hochzeitslocations\/empfangs-location\/\",\"url\":\"https:\/\/www.weddingportugal.com\/de\/hochzeitslocations\/empfangs-location\/\",\"name\":\"Empfangs Location - Wedding Portugal\",\"isPartOf\":{\"@id\":\"https:\/\/www.weddingportugal.com\/de\/#website\"},\"datePublished\":\"2021-07-08T12:45:08+00:00\",\"dateModified\":\"2021-07-26T17:36:43+00:00\",\"breadcrumb\":{\"@id\":\"https:\/\/www.weddingportugal.com\/de\/hochzeitslocations\/empfangs-location\/#breadcrumb\"},\"inLanguage\":\"de\",\"potentialAction\":[{\"@type\":\"ReadAction\",\"target\":[\"https:\/\/www.weddingportugal.com\/de\/hochzeitslocations\/empfangs-location\/\"]}]},{\"@type\":\"BreadcrumbList\",\"@id\":\"https:\/\/www.weddingportugal.com\/de\/hochzeitslocations\/empfangs-location\/#breadcrumb\",\"itemListElement\":[{\"@type\":\"ListItem\",\"position\":1,\"name\":\"Home\",\"item\":\"https:\/\/www.weddingportugal.com\/de\/\"},{\"@type\":\"ListItem\",\"position\":2,\"name\":\"Hochzeitslocations\",\"item\":\"https:\/\/www.weddingportugal.com\/de\/hochzeitslocations\/\"},{\"@type\":\"ListItem\",\"position\":3,\"name\":\"Empfangs Location\"}]},{\"@type\":\"WebSite\",\"@id\":\"https:\/\/www.weddingportugal.com\/de\/#website\",\"url\":\"https:\/\/www.weddingportugal.com\/de\/\",\"name\":\"Wedding Portugal\",\"description\":\"We tell you why you should get your weeding in Portugal\",\"publisher\":{\"@id\":\"https:\/\/www.weddingportugal.com\/de\/#organization\"},\"potentialAction\":[{\"@type\":\"SearchAction\",\"target\":{\"@type\":\"EntryPoint\",\"urlTemplate\":\"https:\/\/www.weddingportugal.com\/de\/?s={search_term_string}\"},\"query-input\":{\"@type\":\"PropertyValueSpecification\",\"valueRequired\":true,\"valueName\":\"search_term_string\"}}],\"inLanguage\":\"de\"},{\"@type\":\"Organization\",\"@id\":\"https:\/\/www.weddingportugal.com\/de\/#organization\",\"name\":\"Wedding Portugal\",\"url\":\"https:\/\/www.weddingportugal.com\/de\/\",\"logo\":{\"@type\":\"ImageObject\",\"inLanguage\":\"de\",\"@id\":\"https:\/\/www.weddingportugal.com\/de\/#\/schema\/logo\/image\/\",\"url\":\"https:\/\/www.weddingportugal.com\/wp-content\/uploads\/2020\/02\/cropped-logo-WeddingPortugal.png\",\"contentUrl\":\"https:\/\/www.weddingportugal.com\/wp-content\/uploads\/2020\/02\/cropped-logo-WeddingPortugal.png\",\"width\":523,\"height\":89,\"caption\":\"Wedding Portugal\"},\"image\":{\"@id\":\"https:\/\/www.weddingportugal.com\/de\/#\/schema\/logo\/image\/\"}}]}<\/script>\n<!-- \/ Yoast SEO plugin. -->","yoast_head_json":{"title":"Empfangs Location - Wedding Portugal","robots":{"index":"index","follow":"follow","max-snippet":"max-snippet:-1","max-image-preview":"max-image-preview:large","max-video-preview":"max-video-preview:-1"},"canonical":"https:\/\/www.weddingportugal.com\/de\/hochzeitslocations\/empfangs-location\/","og_locale":"de_DE","og_type":"article","og_title":"Empfangs Location - Wedding Portugal","og_description":"Hier finden Sie eine Liste von empfehlenswerten Locations f\u00fcr Ihren Hochzeitsempfang. Interessante Empfangs Locations sind z.B. die\u00a0Ferien Villen,\u00a0hier w\u00e4re es m\u00f6glich ein privates Catering f\u00fcr Ihren Hochzeitsempfang zu engagieren. An vielen dieser Locations kann auch die Hochzeitszeremonie stattfinden. Wir stehen Ihnen gerne bei der Buchung Ihrer Empfangs-Location zu Verf\u00fcgung, schreiben Sie uns, wir freuen uns [&hellip;]","og_url":"https:\/\/www.weddingportugal.com\/de\/hochzeitslocations\/empfangs-location\/","og_site_name":"Wedding Portugal","article_modified_time":"2021-07-26T17:36:43+00:00","twitter_card":"summary_large_image","schema":{"@context":"https:\/\/schema.org","@graph":[{"@type":"WebPage","@id":"https:\/\/www.weddingportugal.com\/de\/hochzeitslocations\/empfangs-location\/","url":"https:\/\/www.weddingportugal.com\/de\/hochzeitslocations\/empfangs-location\/","name":"Empfangs Location - Wedding Portugal","isPartOf":{"@id":"https:\/\/www.weddingportugal.com\/de\/#website"},"datePublished":"2021-07-08T12:45:08+00:00","dateModified":"2021-07-26T17:36:43+00:00","breadcrumb":{"@id":"https:\/\/www.weddingportugal.com\/de\/hochzeitslocations\/empfangs-location\/#breadcrumb"},"inLanguage":"de","potentialAction":[{"@type":"ReadAction","target":["https:\/\/www.weddingportugal.com\/de\/hochzeitslocations\/empfangs-location\/"]}]},{"@type":"BreadcrumbList","@id":"https:\/\/www.weddingportugal.com\/de\/hochzeitslocations\/empfangs-location\/#breadcrumb","itemListElement":[{"@type":"ListItem","position":1,"name":"Home","item":"https:\/\/www.weddingportugal.com\/de\/"},{"@type":"ListItem","position":2,"name":"Hochzeitslocations","item":"https:\/\/www.weddingportugal.com\/de\/hochzeitslocations\/"},{"@type":"ListItem","position":3,"name":"Empfangs Location"}]},{"@type":"WebSite","@id":"https:\/\/www.weddingportugal.com\/de\/#website","url":"https:\/\/www.weddingportugal.com\/de\/","name":"Wedding Portugal","description":"We tell you why you should get your weeding in Portugal","publisher":{"@id":"https:\/\/www.weddingportugal.com\/de\/#organization"},"potentialAction":[{"@type":"SearchAction","target":{"@type":"EntryPoint","urlTemplate":"https:\/\/www.weddingportugal.com\/de\/?s={search_term_string}"},"query-input":{"@type":"PropertyValueSpecification","valueRequired":true,"valueName":"search_term_string"}}],"inLanguage":"de"},{"@type":"Organization","@id":"https:\/\/www.weddingportugal.com\/de\/#organization","name":"Wedding Portugal","url":"https:\/\/www.weddingportugal.com\/de\/","logo":{"@type":"ImageObject","inLanguage":"de","@id":"https:\/\/www.weddingportugal.com\/de\/#\/schema\/logo\/image\/","url":"https:\/\/www.weddingportugal.com\/wp-content\/uploads\/2020\/02\/cropped-logo-WeddingPortugal.png","contentUrl":"https:\/\/www.weddingportugal.com\/wp-content\/uploads\/2020\/02\/cropped-logo-WeddingPortugal.png","width":523,"height":89,"caption":"Wedding Portugal"},"image":{"@id":"https:\/\/www.weddingportugal.com\/de\/#\/schema\/logo\/image\/"}}]}},"_links":{"self":[{"href":"https:\/\/www.weddingportugal.com\/de\/wp-json\/wp\/v2\/pages\/4647","targetHints":{"allow":["GET"]}}],"collection":[{"href":"https:\/\/www.weddingportugal.com\/de\/wp-json\/wp\/v2\/pages"}],"about":[{"href":"https:\/\/www.weddingportugal.com\/de\/wp-json\/wp\/v2\/types\/page"}],"author":[{"embeddable":true,"href":"https:\/\/www.weddingportugal.com\/de\/wp-json\/wp\/v2\/users\/1"}],"replies":[{"embeddable":true,"href":"https:\/\/www.weddingportugal.com\/de\/wp-json\/wp\/v2\/comments?post=4647"}],"version-history":[{"count":1,"href":"https:\/\/www.weddingportugal.com\/de\/wp-json\/wp\/v2\/pages\/4647\/revisions"}],"predecessor-version":[{"id":4648,"href":"https:\/\/www.weddingportugal.com\/de\/wp-json\/wp\/v2\/pages\/4647\/revisions\/4648"}],"up":[{"embeddable":true,"href":"https:\/\/www.weddingportugal.com\/de\/wp-json\/wp\/v2\/pages\/4595"}],"wp:attachment":[{"href":"https:\/\/www.weddingportugal.com\/de\/wp-json\/wp\/v2\/media?parent=4647"}],"curies":[{"name":"wp","href":"https:\/\/api.w.org\/{rel}","templated":true}]}}