{"id":4641,"date":"2021-07-08T12:40:48","date_gmt":"2021-07-08T12:40:48","guid":{"rendered":"https:\/\/www.weddingportugal.com\/hochzeitslocations\/zeremonie-locations\/porto-douro-hotel-suite-for-ceremony\/"},"modified":"2021-07-26T17:36:42","modified_gmt":"2021-07-26T17:36:42","slug":"porto-douro-hotel-suite-for-ceremony","status":"publish","type":"page","link":"https:\/\/www.weddingportugal.com\/de\/hochzeitslocations\/zeremonie-locations\/porto-douro-hotel-suite-for-ceremony\/","title":{"rendered":"PORTO &#8211; Douro Hotel Suite for ceremony"},"content":{"rendered":"\t\t<div data-elementor-type=\"wp-page\" data-elementor-id=\"4641\" class=\"elementor elementor-4641 elementor-984\" data-elementor-post-type=\"page\">\n\t\t\t\t\t\t<section class=\"elementor-section elementor-top-section elementor-element elementor-element-3c68dc65 elementor-section-boxed elementor-section-height-default elementor-section-height-default\" data-id=\"3c68dc65\" data-element_type=\"section\" data-e-type=\"section\">\n\t\t\t\t\t\t<div class=\"elementor-container elementor-column-gap-default\">\n\t\t\t\t\t<div class=\"elementor-column elementor-col-50 elementor-top-column elementor-element elementor-element-67818b9e\" data-id=\"67818b9e\" data-element_type=\"column\" data-e-type=\"column\">\n\t\t\t<div class=\"elementor-widget-wrap elementor-element-populated\">\n\t\t\t\t\t\t<div class=\"elementor-element elementor-element-5218579c elementor-widget elementor-widget-text-editor\" data-id=\"5218579c\" data-element_type=\"widget\" data-e-type=\"widget\" data-widget_type=\"text-editor.default\">\n\t\t\t\t<div class=\"elementor-widget-container\">\n\t\t\t\t\t\t\t\t\t<p>Das Douro-Tal liegt im Norden Portugals und ist bekannt f\u00fcr seine Kulturlandschaft, die als Weltkulturerbe klassifiziert wurde. Hier werden an den H\u00e4ngen des Flusses Douro die bekannten Douro-Weine (Tafelweine) und der Portwein (Lik\u00f6rwein) angebaut.<\/p>\n<p>Das \u201eDouro Royal Hotel and Spa\u201c liegt direkt am Douro und verf\u00fcgt \u00fcber 7 Suiten, die wegen ihrer privilegierten Lage einen herrlichen Blick auf das Douro-Tal bieten.\u00a0 Dieser einzigartige Ort kann die Kulisse f\u00fcr Ihre Hochzeitszeremonie sein.<\/p>\n<p>Die Veranda des Hotels ist eine kosteng\u00fcnstige Option, wenn nur zu zweit heiraten m\u00f6chten, da keine zus\u00e4tzlichen Kosten f\u00fcr die Raummiete anfallen.<\/p>\n<p>Auch f\u00fcr gr\u00f6\u00dfere Gruppen bietet das Hotel R\u00e4umlichkeiten an.<\/p>\n<p>Bitte <a href=\"mailto:weddingportugal.com\">kontaktieren Sie uns<\/a> f\u00fcr weitere Informationen und um Ihre Hochzeit in dem \u201eDouro Royal Hotel and Spa\u201c zu organisieren.<\/p>\n\t\t\t\t\t\t\t\t<\/div>\n\t\t\t\t<\/div>\n\t\t\t\t\t<\/div>\n\t\t<\/div>\n\t\t\t\t<div class=\"elementor-column elementor-col-50 elementor-top-column elementor-element elementor-element-4e6d9091\" data-id=\"4e6d9091\" data-element_type=\"column\" data-e-type=\"column\">\n\t\t\t<div class=\"elementor-widget-wrap elementor-element-populated\">\n\t\t\t\t\t\t<div class=\"elementor-element elementor-element-28030a00 elementor-widget elementor-widget-image\" data-id=\"28030a00\" data-element_type=\"widget\" data-e-type=\"widget\" data-widget_type=\"image.default\">\n\t\t\t\t<div class=\"elementor-widget-container\">\n\t\t\t\t\t\t\t\t\t\t\t\t\t\t\t<img fetchpriority=\"high\" decoding=\"async\" width=\"760\" height=\"500\" src=\"https:\/\/www.weddingportugal.com\/wp-content\/uploads\/2020\/07\/PORTODouroHotelSuite.jpg\" class=\"attachment-large size-large wp-image-1392\" alt=\"\" srcset=\"https:\/\/www.weddingportugal.com\/wp-content\/uploads\/2020\/07\/PORTODouroHotelSuite.jpg 760w, https:\/\/www.weddingportugal.com\/wp-content\/uploads\/2020\/07\/PORTODouroHotelSuite-300x197.jpg 300w\" sizes=\"(max-width: 760px) 100vw, 760px\" \/>\t\t\t\t\t\t\t\t\t\t\t\t\t\t\t<\/div>\n\t\t\t\t<\/div>\n\t\t\t\t\t<\/div>\n\t\t<\/div>\n\t\t\t\t\t<\/div>\n\t\t<\/section>\n\t\t\t\t<section class=\"elementor-section elementor-top-section elementor-element elementor-element-be7db83 elementor-section-boxed elementor-section-height-default elementor-section-height-default\" data-id=\"be7db83\" data-element_type=\"section\" data-e-type=\"section\">\n\t\t\t\t\t\t<div class=\"elementor-container elementor-column-gap-default\">\n\t\t\t\t\t<div class=\"elementor-column elementor-col-100 elementor-top-column elementor-element elementor-element-2f11a581\" data-id=\"2f11a581\" data-element_type=\"column\" data-e-type=\"column\">\n\t\t\t<div class=\"elementor-widget-wrap elementor-element-populated\">\n\t\t\t\t\t\t<div class=\"elementor-element elementor-element-4714f1c8 elementor-arrows-position-inside elementor-pagination-position-outside elementor-widget elementor-widget-image-carousel\" data-id=\"4714f1c8\" data-element_type=\"widget\" data-e-type=\"widget\" data-settings=\"{&quot;slides_to_scroll&quot;:&quot;3&quot;,&quot;navigation&quot;:&quot;both&quot;,&quot;autoplay&quot;:&quot;yes&quot;,&quot;pause_on_hover&quot;:&quot;yes&quot;,&quot;pause_on_interaction&quot;:&quot;yes&quot;,&quot;autoplay_speed&quot;:5000,&quot;infinite&quot;:&quot;yes&quot;,&quot;speed&quot;:500,&quot;image_spacing_custom&quot;:{&quot;unit&quot;:&quot;px&quot;,&quot;size&quot;:20,&quot;sizes&quot;:[]},&quot;image_spacing_custom_tablet&quot;:{&quot;unit&quot;:&quot;px&quot;,&quot;size&quot;:&quot;&quot;,&quot;sizes&quot;:[]},&quot;image_spacing_custom_mobile&quot;:{&quot;unit&quot;:&quot;px&quot;,&quot;size&quot;:&quot;&quot;,&quot;sizes&quot;:[]}}\" data-widget_type=\"image-carousel.default\">\n\t\t\t\t<div class=\"elementor-widget-container\">\n\t\t\t\t\t\t\t<div class=\"elementor-image-carousel-wrapper swiper\" role=\"region\" aria-roledescription=\"carousel\" aria-label=\"Bild Karussell\" dir=\"ltr\">\n\t\t\t<div class=\"elementor-image-carousel swiper-wrapper swiper-image-stretch\" aria-live=\"off\">\n\t\t\t\t\t\t\t\t<div class=\"swiper-slide\" role=\"group\" aria-roledescription=\"slide\" aria-label=\"1 von 3\"><a data-elementor-open-lightbox=\"yes\" data-elementor-lightbox-slideshow=\"4714f1c8\" data-elementor-lightbox-title=\"PORTODouroHotelSuite01\" data-e-action-hash=\"#elementor-action%3Aaction%3Dlightbox%26settings%3DeyJpZCI6MTM5NiwidXJsIjoiaHR0cHM6XC9cL3d3dy53ZWRkaW5ncG9ydHVnYWwuY29tXC93cC1jb250ZW50XC91cGxvYWRzXC8yMDIwXC8wN1wvUE9SVE9Eb3Vyb0hvdGVsU3VpdGUwMS5qcGciLCJzbGlkZXNob3ciOiI0NzE0ZjFjOCJ9\" href=\"https:\/\/www.weddingportugal.com\/wp-content\/uploads\/2020\/07\/PORTODouroHotelSuite01.jpg\"><figure class=\"swiper-slide-inner\"><img decoding=\"async\" class=\"swiper-slide-image\" src=\"https:\/\/www.weddingportugal.com\/wp-content\/uploads\/2020\/07\/PORTODouroHotelSuite01.jpg\" alt=\"PORTODouroHotelSuite01\" \/><\/figure><\/a><\/div><div class=\"swiper-slide\" role=\"group\" aria-roledescription=\"slide\" aria-label=\"2 von 3\"><a data-elementor-open-lightbox=\"yes\" data-elementor-lightbox-slideshow=\"4714f1c8\" data-elementor-lightbox-title=\"PORTODouroHotelSuite02\" data-e-action-hash=\"#elementor-action%3Aaction%3Dlightbox%26settings%3DeyJpZCI6MTQwMCwidXJsIjoiaHR0cHM6XC9cL3d3dy53ZWRkaW5ncG9ydHVnYWwuY29tXC93cC1jb250ZW50XC91cGxvYWRzXC8yMDIwXC8wN1wvUE9SVE9Eb3Vyb0hvdGVsU3VpdGUwMi5qcGciLCJzbGlkZXNob3ciOiI0NzE0ZjFjOCJ9\" href=\"https:\/\/www.weddingportugal.com\/wp-content\/uploads\/2020\/07\/PORTODouroHotelSuite02.jpg\"><figure class=\"swiper-slide-inner\"><img decoding=\"async\" class=\"swiper-slide-image\" src=\"https:\/\/www.weddingportugal.com\/wp-content\/uploads\/2020\/07\/PORTODouroHotelSuite02.jpg\" alt=\"PORTODouroHotelSuite02\" \/><\/figure><\/a><\/div><div class=\"swiper-slide\" role=\"group\" aria-roledescription=\"slide\" aria-label=\"3 von 3\"><a data-elementor-open-lightbox=\"yes\" data-elementor-lightbox-slideshow=\"4714f1c8\" data-elementor-lightbox-title=\"PORTODouroHotelSuite03\" data-e-action-hash=\"#elementor-action%3Aaction%3Dlightbox%26settings%3DeyJpZCI6MTQwNCwidXJsIjoiaHR0cHM6XC9cL3d3dy53ZWRkaW5ncG9ydHVnYWwuY29tXC93cC1jb250ZW50XC91cGxvYWRzXC8yMDIwXC8wN1wvUE9SVE9Eb3Vyb0hvdGVsU3VpdGUwMy5qcGciLCJzbGlkZXNob3ciOiI0NzE0ZjFjOCJ9\" href=\"https:\/\/www.weddingportugal.com\/wp-content\/uploads\/2020\/07\/PORTODouroHotelSuite03.jpg\"><figure class=\"swiper-slide-inner\"><img decoding=\"async\" class=\"swiper-slide-image\" src=\"https:\/\/www.weddingportugal.com\/wp-content\/uploads\/2020\/07\/PORTODouroHotelSuite03.jpg\" alt=\"PORTODouroHotelSuite03\" \/><\/figure><\/a><\/div>\t\t\t<\/div>\n\t\t\t\t\t\t\t\t\t\t\t\t<div class=\"elementor-swiper-button elementor-swiper-button-prev\" role=\"button\" tabindex=\"0\">\n\t\t\t\t\t\t<i aria-hidden=\"true\" class=\"eicon-chevron-left\"><\/i>\t\t\t\t\t<\/div>\n\t\t\t\t\t<div class=\"elementor-swiper-button elementor-swiper-button-next\" role=\"button\" tabindex=\"0\">\n\t\t\t\t\t\t<i aria-hidden=\"true\" class=\"eicon-chevron-right\"><\/i>\t\t\t\t\t<\/div>\n\t\t\t\t\n\t\t\t\t\t\t\t\t\t<div class=\"swiper-pagination\"><\/div>\n\t\t\t\t\t\t\t\t\t<\/div>\n\t\t\t\t\t\t<\/div>\n\t\t\t\t<\/div>\n\t\t\t\t\t<\/div>\n\t\t<\/div>\n\t\t\t\t\t<\/div>\n\t\t<\/section>\n\t\t\t\t<\/div>\n\t\t","protected":false},"excerpt":{"rendered":"<p>Das Douro-Tal liegt im Norden Portugals und ist bekannt f\u00fcr seine Kulturlandschaft, die als Weltkulturerbe klassifiziert wurde. Hier werden an den H\u00e4ngen des Flusses Douro die bekannten Douro-Weine (Tafelweine) und der Portwein (Lik\u00f6rwein) angebaut. Das \u201eDouro Royal Hotel and Spa\u201c liegt direkt am Douro und verf\u00fcgt \u00fcber 7 Suiten, die wegen ihrer privilegierten Lage einen [&hellip;]<\/p>\n","protected":false},"author":1,"featured_media":1392,"parent":4601,"menu_order":30,"comment_status":"closed","ping_status":"closed","template":"","meta":{"content-type":"","footnotes":""},"class_list":["post-4641","page","type-page","status-publish","has-post-thumbnail","hentry"],"yoast_head":"<!-- This site is optimized with the Yoast SEO plugin v27.2 - https:\/\/yoast.com\/product\/yoast-seo-wordpress\/ -->\n<title>PORTO - Douro Hotel Suite for ceremony - Wedding Portugal<\/title>\n<meta name=\"robots\" content=\"index, follow, max-snippet:-1, max-image-preview:large, max-video-preview:-1\" \/>\n<link rel=\"canonical\" href=\"https:\/\/www.weddingportugal.com\/de\/hochzeitslocations\/zeremonie-locations\/porto-douro-hotel-suite-for-ceremony\/\" \/>\n<meta property=\"og:locale\" content=\"de_DE\" \/>\n<meta property=\"og:type\" content=\"article\" \/>\n<meta property=\"og:title\" content=\"PORTO - Douro Hotel Suite for ceremony - Wedding Portugal\" \/>\n<meta property=\"og:description\" content=\"Das Douro-Tal liegt im Norden Portugals und ist bekannt f\u00fcr seine Kulturlandschaft, die als Weltkulturerbe klassifiziert wurde. Hier werden an den H\u00e4ngen des Flusses Douro die bekannten Douro-Weine (Tafelweine) und der Portwein (Lik\u00f6rwein) angebaut. Das \u201eDouro Royal Hotel and Spa\u201c liegt direkt am Douro und verf\u00fcgt \u00fcber 7 Suiten, die wegen ihrer privilegierten Lage einen [&hellip;]\" \/>\n<meta property=\"og:url\" content=\"https:\/\/www.weddingportugal.com\/de\/hochzeitslocations\/zeremonie-locations\/porto-douro-hotel-suite-for-ceremony\/\" \/>\n<meta property=\"og:site_name\" content=\"Wedding Portugal\" \/>\n<meta property=\"article:modified_time\" content=\"2021-07-26T17:36:42+00:00\" \/>\n<meta property=\"og:image\" content=\"https:\/\/www.weddingportugal.com\/wp-content\/uploads\/2020\/07\/PORTODouroHotelSuite.jpg\" \/>\n\t<meta property=\"og:image:width\" content=\"760\" \/>\n\t<meta property=\"og:image:height\" content=\"500\" \/>\n\t<meta property=\"og:image:type\" content=\"image\/jpeg\" \/>\n<meta name=\"twitter:card\" content=\"summary_large_image\" \/>\n<meta name=\"twitter:label1\" content=\"Gesch\u00e4tzte Lesezeit\" \/>\n\t<meta name=\"twitter:data1\" content=\"1\u00a0Minute\" \/>\n<script type=\"application\/ld+json\" class=\"yoast-schema-graph\">{\"@context\":\"https:\/\/schema.org\",\"@graph\":[{\"@type\":\"WebPage\",\"@id\":\"https:\/\/www.weddingportugal.com\/de\/hochzeitslocations\/zeremonie-locations\/porto-douro-hotel-suite-for-ceremony\/\",\"url\":\"https:\/\/www.weddingportugal.com\/de\/hochzeitslocations\/zeremonie-locations\/porto-douro-hotel-suite-for-ceremony\/\",\"name\":\"PORTO - Douro Hotel Suite for ceremony - Wedding Portugal\",\"isPartOf\":{\"@id\":\"https:\/\/www.weddingportugal.com\/de\/#website\"},\"primaryImageOfPage\":{\"@id\":\"https:\/\/www.weddingportugal.com\/de\/hochzeitslocations\/zeremonie-locations\/porto-douro-hotel-suite-for-ceremony\/#primaryimage\"},\"image\":{\"@id\":\"https:\/\/www.weddingportugal.com\/de\/hochzeitslocations\/zeremonie-locations\/porto-douro-hotel-suite-for-ceremony\/#primaryimage\"},\"thumbnailUrl\":\"https:\/\/www.weddingportugal.com\/wp-content\/uploads\/2020\/07\/PORTODouroHotelSuite.jpg\",\"datePublished\":\"2021-07-08T12:40:48+00:00\",\"dateModified\":\"2021-07-26T17:36:42+00:00\",\"breadcrumb\":{\"@id\":\"https:\/\/www.weddingportugal.com\/de\/hochzeitslocations\/zeremonie-locations\/porto-douro-hotel-suite-for-ceremony\/#breadcrumb\"},\"inLanguage\":\"de\",\"potentialAction\":[{\"@type\":\"ReadAction\",\"target\":[\"https:\/\/www.weddingportugal.com\/de\/hochzeitslocations\/zeremonie-locations\/porto-douro-hotel-suite-for-ceremony\/\"]}]},{\"@type\":\"ImageObject\",\"inLanguage\":\"de\",\"@id\":\"https:\/\/www.weddingportugal.com\/de\/hochzeitslocations\/zeremonie-locations\/porto-douro-hotel-suite-for-ceremony\/#primaryimage\",\"url\":\"https:\/\/www.weddingportugal.com\/wp-content\/uploads\/2020\/07\/PORTODouroHotelSuite.jpg\",\"contentUrl\":\"https:\/\/www.weddingportugal.com\/wp-content\/uploads\/2020\/07\/PORTODouroHotelSuite.jpg\",\"width\":760,\"height\":500},{\"@type\":\"BreadcrumbList\",\"@id\":\"https:\/\/www.weddingportugal.com\/de\/hochzeitslocations\/zeremonie-locations\/porto-douro-hotel-suite-for-ceremony\/#breadcrumb\",\"itemListElement\":[{\"@type\":\"ListItem\",\"position\":1,\"name\":\"Home\",\"item\":\"https:\/\/www.weddingportugal.com\/de\/\"},{\"@type\":\"ListItem\",\"position\":2,\"name\":\"Hochzeitslocations\",\"item\":\"https:\/\/www.weddingportugal.com\/de\/hochzeitslocations\/\"},{\"@type\":\"ListItem\",\"position\":3,\"name\":\"Zeremonie Locations\",\"item\":\"https:\/\/www.weddingportugal.com\/de\/hochzeitslocations\/zeremonie-locations\/\"},{\"@type\":\"ListItem\",\"position\":4,\"name\":\"PORTO &#8211; Douro Hotel Suite for ceremony\"}]},{\"@type\":\"WebSite\",\"@id\":\"https:\/\/www.weddingportugal.com\/de\/#website\",\"url\":\"https:\/\/www.weddingportugal.com\/de\/\",\"name\":\"Wedding Portugal\",\"description\":\"We tell you why you should get your weeding in Portugal\",\"publisher\":{\"@id\":\"https:\/\/www.weddingportugal.com\/de\/#organization\"},\"potentialAction\":[{\"@type\":\"SearchAction\",\"target\":{\"@type\":\"EntryPoint\",\"urlTemplate\":\"https:\/\/www.weddingportugal.com\/de\/?s={search_term_string}\"},\"query-input\":{\"@type\":\"PropertyValueSpecification\",\"valueRequired\":true,\"valueName\":\"search_term_string\"}}],\"inLanguage\":\"de\"},{\"@type\":\"Organization\",\"@id\":\"https:\/\/www.weddingportugal.com\/de\/#organization\",\"name\":\"Wedding Portugal\",\"url\":\"https:\/\/www.weddingportugal.com\/de\/\",\"logo\":{\"@type\":\"ImageObject\",\"inLanguage\":\"de\",\"@id\":\"https:\/\/www.weddingportugal.com\/de\/#\/schema\/logo\/image\/\",\"url\":\"https:\/\/www.weddingportugal.com\/wp-content\/uploads\/2020\/02\/cropped-logo-WeddingPortugal.png\",\"contentUrl\":\"https:\/\/www.weddingportugal.com\/wp-content\/uploads\/2020\/02\/cropped-logo-WeddingPortugal.png\",\"width\":523,\"height\":89,\"caption\":\"Wedding Portugal\"},\"image\":{\"@id\":\"https:\/\/www.weddingportugal.com\/de\/#\/schema\/logo\/image\/\"}}]}<\/script>\n<!-- \/ Yoast SEO plugin. -->","yoast_head_json":{"title":"PORTO - Douro Hotel Suite for ceremony - Wedding Portugal","robots":{"index":"index","follow":"follow","max-snippet":"max-snippet:-1","max-image-preview":"max-image-preview:large","max-video-preview":"max-video-preview:-1"},"canonical":"https:\/\/www.weddingportugal.com\/de\/hochzeitslocations\/zeremonie-locations\/porto-douro-hotel-suite-for-ceremony\/","og_locale":"de_DE","og_type":"article","og_title":"PORTO - Douro Hotel Suite for ceremony - Wedding Portugal","og_description":"Das Douro-Tal liegt im Norden Portugals und ist bekannt f\u00fcr seine Kulturlandschaft, die als Weltkulturerbe klassifiziert wurde. Hier werden an den H\u00e4ngen des Flusses Douro die bekannten Douro-Weine (Tafelweine) und der Portwein (Lik\u00f6rwein) angebaut. Das \u201eDouro Royal Hotel and Spa\u201c liegt direkt am Douro und verf\u00fcgt \u00fcber 7 Suiten, die wegen ihrer privilegierten Lage einen [&hellip;]","og_url":"https:\/\/www.weddingportugal.com\/de\/hochzeitslocations\/zeremonie-locations\/porto-douro-hotel-suite-for-ceremony\/","og_site_name":"Wedding Portugal","article_modified_time":"2021-07-26T17:36:42+00:00","og_image":[{"width":760,"height":500,"url":"https:\/\/www.weddingportugal.com\/wp-content\/uploads\/2020\/07\/PORTODouroHotelSuite.jpg","type":"image\/jpeg"}],"twitter_card":"summary_large_image","twitter_misc":{"Gesch\u00e4tzte Lesezeit":"1\u00a0Minute"},"schema":{"@context":"https:\/\/schema.org","@graph":[{"@type":"WebPage","@id":"https:\/\/www.weddingportugal.com\/de\/hochzeitslocations\/zeremonie-locations\/porto-douro-hotel-suite-for-ceremony\/","url":"https:\/\/www.weddingportugal.com\/de\/hochzeitslocations\/zeremonie-locations\/porto-douro-hotel-suite-for-ceremony\/","name":"PORTO - Douro Hotel Suite for ceremony - Wedding Portugal","isPartOf":{"@id":"https:\/\/www.weddingportugal.com\/de\/#website"},"primaryImageOfPage":{"@id":"https:\/\/www.weddingportugal.com\/de\/hochzeitslocations\/zeremonie-locations\/porto-douro-hotel-suite-for-ceremony\/#primaryimage"},"image":{"@id":"https:\/\/www.weddingportugal.com\/de\/hochzeitslocations\/zeremonie-locations\/porto-douro-hotel-suite-for-ceremony\/#primaryimage"},"thumbnailUrl":"https:\/\/www.weddingportugal.com\/wp-content\/uploads\/2020\/07\/PORTODouroHotelSuite.jpg","datePublished":"2021-07-08T12:40:48+00:00","dateModified":"2021-07-26T17:36:42+00:00","breadcrumb":{"@id":"https:\/\/www.weddingportugal.com\/de\/hochzeitslocations\/zeremonie-locations\/porto-douro-hotel-suite-for-ceremony\/#breadcrumb"},"inLanguage":"de","potentialAction":[{"@type":"ReadAction","target":["https:\/\/www.weddingportugal.com\/de\/hochzeitslocations\/zeremonie-locations\/porto-douro-hotel-suite-for-ceremony\/"]}]},{"@type":"ImageObject","inLanguage":"de","@id":"https:\/\/www.weddingportugal.com\/de\/hochzeitslocations\/zeremonie-locations\/porto-douro-hotel-suite-for-ceremony\/#primaryimage","url":"https:\/\/www.weddingportugal.com\/wp-content\/uploads\/2020\/07\/PORTODouroHotelSuite.jpg","contentUrl":"https:\/\/www.weddingportugal.com\/wp-content\/uploads\/2020\/07\/PORTODouroHotelSuite.jpg","width":760,"height":500},{"@type":"BreadcrumbList","@id":"https:\/\/www.weddingportugal.com\/de\/hochzeitslocations\/zeremonie-locations\/porto-douro-hotel-suite-for-ceremony\/#breadcrumb","itemListElement":[{"@type":"ListItem","position":1,"name":"Home","item":"https:\/\/www.weddingportugal.com\/de\/"},{"@type":"ListItem","position":2,"name":"Hochzeitslocations","item":"https:\/\/www.weddingportugal.com\/de\/hochzeitslocations\/"},{"@type":"ListItem","position":3,"name":"Zeremonie Locations","item":"https:\/\/www.weddingportugal.com\/de\/hochzeitslocations\/zeremonie-locations\/"},{"@type":"ListItem","position":4,"name":"PORTO &#8211; Douro Hotel Suite for ceremony"}]},{"@type":"WebSite","@id":"https:\/\/www.weddingportugal.com\/de\/#website","url":"https:\/\/www.weddingportugal.com\/de\/","name":"Wedding Portugal","description":"We tell you why you should get your weeding in Portugal","publisher":{"@id":"https:\/\/www.weddingportugal.com\/de\/#organization"},"potentialAction":[{"@type":"SearchAction","target":{"@type":"EntryPoint","urlTemplate":"https:\/\/www.weddingportugal.com\/de\/?s={search_term_string}"},"query-input":{"@type":"PropertyValueSpecification","valueRequired":true,"valueName":"search_term_string"}}],"inLanguage":"de"},{"@type":"Organization","@id":"https:\/\/www.weddingportugal.com\/de\/#organization","name":"Wedding Portugal","url":"https:\/\/www.weddingportugal.com\/de\/","logo":{"@type":"ImageObject","inLanguage":"de","@id":"https:\/\/www.weddingportugal.com\/de\/#\/schema\/logo\/image\/","url":"https:\/\/www.weddingportugal.com\/wp-content\/uploads\/2020\/02\/cropped-logo-WeddingPortugal.png","contentUrl":"https:\/\/www.weddingportugal.com\/wp-content\/uploads\/2020\/02\/cropped-logo-WeddingPortugal.png","width":523,"height":89,"caption":"Wedding Portugal"},"image":{"@id":"https:\/\/www.weddingportugal.com\/de\/#\/schema\/logo\/image\/"}}]}},"_links":{"self":[{"href":"https:\/\/www.weddingportugal.com\/de\/wp-json\/wp\/v2\/pages\/4641","targetHints":{"allow":["GET"]}}],"collection":[{"href":"https:\/\/www.weddingportugal.com\/de\/wp-json\/wp\/v2\/pages"}],"about":[{"href":"https:\/\/www.weddingportugal.com\/de\/wp-json\/wp\/v2\/types\/page"}],"author":[{"embeddable":true,"href":"https:\/\/www.weddingportugal.com\/de\/wp-json\/wp\/v2\/users\/1"}],"replies":[{"embeddable":true,"href":"https:\/\/www.weddingportugal.com\/de\/wp-json\/wp\/v2\/comments?post=4641"}],"version-history":[{"count":1,"href":"https:\/\/www.weddingportugal.com\/de\/wp-json\/wp\/v2\/pages\/4641\/revisions"}],"predecessor-version":[{"id":4642,"href":"https:\/\/www.weddingportugal.com\/de\/wp-json\/wp\/v2\/pages\/4641\/revisions\/4642"}],"up":[{"embeddable":true,"href":"https:\/\/www.weddingportugal.com\/de\/wp-json\/wp\/v2\/pages\/4601"}],"wp:featuredmedia":[{"embeddable":true,"href":"https:\/\/www.weddingportugal.com\/de\/wp-json\/wp\/v2\/media\/1392"}],"wp:attachment":[{"href":"https:\/\/www.weddingportugal.com\/de\/wp-json\/wp\/v2\/media?parent=4641"}],"curies":[{"name":"wp","href":"https:\/\/api.w.org\/{rel}","templated":true}]}}