{"id":4623,"date":"2021-07-07T15:48:20","date_gmt":"2021-07-07T15:48:20","guid":{"rendered":"https:\/\/www.weddingportugal.com\/hochzeitslocations\/zeremonie-locations\/lissabon-sintra-kirchen\/"},"modified":"2021-07-26T17:36:39","modified_gmt":"2021-07-26T17:36:39","slug":"lissabon-sintra-kirchen","status":"publish","type":"page","link":"https:\/\/www.weddingportugal.com\/de\/hochzeitslocations\/zeremonie-locations\/lissabon-sintra-kirchen\/","title":{"rendered":"Lissabon &#8211; (Sintra) Kirchen"},"content":{"rendered":"\t\t<div data-elementor-type=\"wp-page\" data-elementor-id=\"4623\" class=\"elementor elementor-4623 elementor-965\" data-elementor-post-type=\"page\">\n\t\t\t\t\t\t<section class=\"elementor-section elementor-top-section elementor-element elementor-element-323dbd01 elementor-section-boxed elementor-section-height-default elementor-section-height-default\" data-id=\"323dbd01\" data-element_type=\"section\" data-e-type=\"section\">\n\t\t\t\t\t\t<div class=\"elementor-container elementor-column-gap-default\">\n\t\t\t\t\t<div class=\"elementor-column elementor-col-100 elementor-top-column elementor-element elementor-element-77a4433c\" data-id=\"77a4433c\" data-element_type=\"column\" data-e-type=\"column\">\n\t\t\t<div class=\"elementor-widget-wrap elementor-element-populated\">\n\t\t\t\t\t\t<div class=\"elementor-element elementor-element-2c31e2a7 elementor-widget elementor-widget-text-editor\" data-id=\"2c31e2a7\" data-element_type=\"widget\" data-e-type=\"widget\" data-widget_type=\"text-editor.default\">\n\t\t\t\t<div class=\"elementor-widget-container\">\n\t\t\t\t\t\t\t\t\t<p>Die Ortschaft Sintra liegt etwa 30km westlich von Lissabon, und bietet Ihnen f\u00fcr Ihre Hochzeitszeremonie verschiedene beindruckende Kirchen.<\/p>\n<p>Gerne k\u00f6nnen wir f\u00fcr Sie die Organisation und die Buchung der Kirche, \u201eIgreja Santa Maria\u201c oder in der \u201eIgreja S\u00e3o Miguel\u201c vornehmen und uns um die Dokumente hier in Portugal k\u00fcmmern.<\/p>\n<p><strong>Bedingungen:<\/strong> Die Geb\u00fchr f\u00fcr die Nutzung der Kirche betr\u00e4gt 120 \u20ac plus eine Geb\u00fchr f\u00fcr die katholischen Dokumente, welche normalerweise 25 &#8211; 50 \u20ac betr\u00e4gt (Abweichungen m\u00f6glich). Ebenfalls wird eine Spende an die Kirche und an den Priester erwartet. Wir beraten Sie gerne \u00fcber die angemessene H\u00f6he.<\/p>\n<p>Unsere Geb\u00fchren f\u00fcr die Buchung einer dieser Kirchen ist ab 100 \u20ac m\u00f6glich.<\/p>\n\t\t\t\t\t\t\t\t<\/div>\n\t\t\t\t<\/div>\n\t\t\t\t\t<\/div>\n\t\t<\/div>\n\t\t\t\t\t<\/div>\n\t\t<\/section>\n\t\t\t\t<section class=\"elementor-section elementor-top-section elementor-element elementor-element-6d80550 elementor-section-boxed elementor-section-height-default elementor-section-height-default\" data-id=\"6d80550\" data-element_type=\"section\" data-e-type=\"section\">\n\t\t\t\t\t\t<div class=\"elementor-container elementor-column-gap-default\">\n\t\t\t\t\t<div class=\"elementor-column elementor-col-50 elementor-top-column elementor-element elementor-element-a1d9102\" data-id=\"a1d9102\" data-element_type=\"column\" data-e-type=\"column\">\n\t\t\t<div class=\"elementor-widget-wrap elementor-element-populated\">\n\t\t\t\t\t\t<div class=\"elementor-element elementor-element-ef244d6 elementor-position-top elementor-widget elementor-widget-image-box\" data-id=\"ef244d6\" data-element_type=\"widget\" data-e-type=\"widget\" data-widget_type=\"image-box.default\">\n\t\t\t\t<div class=\"elementor-widget-container\">\n\t\t\t\t\t<div class=\"elementor-image-box-wrapper\"><figure class=\"elementor-image-box-img\"><img fetchpriority=\"high\" decoding=\"async\" width=\"879\" height=\"398\" src=\"https:\/\/www.weddingportugal.com\/wp-content\/uploads\/2020\/07\/IgrejaSantaMaria.jpg\" class=\"attachment-full size-full wp-image-1308\" alt=\"\" srcset=\"https:\/\/www.weddingportugal.com\/wp-content\/uploads\/2020\/07\/IgrejaSantaMaria.jpg 879w, https:\/\/www.weddingportugal.com\/wp-content\/uploads\/2020\/07\/IgrejaSantaMaria-300x136.jpg 300w, https:\/\/www.weddingportugal.com\/wp-content\/uploads\/2020\/07\/IgrejaSantaMaria-768x348.jpg 768w\" sizes=\"(max-width: 879px) 100vw, 879px\" \/><\/figure><div class=\"elementor-image-box-content\"><h3 class=\"elementor-image-box-title\">Igreja Santa Maria<\/h3><\/div><\/div>\t\t\t\t<\/div>\n\t\t\t\t<\/div>\n\t\t\t\t\t<\/div>\n\t\t<\/div>\n\t\t\t\t<div class=\"elementor-column elementor-col-50 elementor-top-column elementor-element elementor-element-4252408\" data-id=\"4252408\" data-element_type=\"column\" data-e-type=\"column\">\n\t\t\t<div class=\"elementor-widget-wrap elementor-element-populated\">\n\t\t\t\t\t\t<div class=\"elementor-element elementor-element-3938a10 elementor-position-top elementor-widget elementor-widget-image-box\" data-id=\"3938a10\" data-element_type=\"widget\" data-e-type=\"widget\" data-widget_type=\"image-box.default\">\n\t\t\t\t<div class=\"elementor-widget-container\">\n\t\t\t\t\t<div class=\"elementor-image-box-wrapper\"><figure class=\"elementor-image-box-img\"><img decoding=\"async\" width=\"266\" height=\"398\" src=\"https:\/\/www.weddingportugal.com\/wp-content\/uploads\/2020\/07\/IgrejaParoquialSaoPedroSintra.jpg\" class=\"attachment-full size-full wp-image-1304\" alt=\"\" srcset=\"https:\/\/www.weddingportugal.com\/wp-content\/uploads\/2020\/07\/IgrejaParoquialSaoPedroSintra.jpg 266w, https:\/\/www.weddingportugal.com\/wp-content\/uploads\/2020\/07\/IgrejaParoquialSaoPedroSintra-201x300.jpg 201w\" sizes=\"(max-width: 266px) 100vw, 266px\" \/><\/figure><div class=\"elementor-image-box-content\"><h3 class=\"elementor-image-box-title\">Igreja Paroquial De S\u00e3o Pedro De Sintra<\/h3><\/div><\/div>\t\t\t\t<\/div>\n\t\t\t\t<\/div>\n\t\t\t\t\t<\/div>\n\t\t<\/div>\n\t\t\t\t\t<\/div>\n\t\t<\/section>\n\t\t\t\t<\/div>\n\t\t","protected":false},"excerpt":{"rendered":"<p>Die Ortschaft Sintra liegt etwa 30km westlich von Lissabon, und bietet Ihnen f\u00fcr Ihre Hochzeitszeremonie verschiedene beindruckende Kirchen. Gerne k\u00f6nnen wir f\u00fcr Sie die Organisation und die Buchung der Kirche, \u201eIgreja Santa Maria\u201c oder in der \u201eIgreja S\u00e3o Miguel\u201c vornehmen und uns um die Dokumente hier in Portugal k\u00fcmmern. Bedingungen: Die Geb\u00fchr f\u00fcr die Nutzung [&hellip;]<\/p>\n","protected":false},"author":1,"featured_media":1299,"parent":4601,"menu_order":20,"comment_status":"closed","ping_status":"closed","template":"","meta":{"content-type":"","footnotes":""},"class_list":["post-4623","page","type-page","status-publish","has-post-thumbnail","hentry"],"yoast_head":"<!-- This site is optimized with the Yoast SEO plugin v27.2 - https:\/\/yoast.com\/product\/yoast-seo-wordpress\/ -->\n<title>Lissabon - (Sintra) Kirchen - Wedding Portugal<\/title>\n<meta name=\"robots\" content=\"index, follow, max-snippet:-1, max-image-preview:large, max-video-preview:-1\" \/>\n<link rel=\"canonical\" href=\"https:\/\/www.weddingportugal.com\/de\/hochzeitslocations\/zeremonie-locations\/lissabon-sintra-kirchen\/\" \/>\n<meta property=\"og:locale\" content=\"de_DE\" \/>\n<meta property=\"og:type\" content=\"article\" \/>\n<meta property=\"og:title\" content=\"Lissabon - (Sintra) Kirchen - Wedding Portugal\" \/>\n<meta property=\"og:description\" content=\"Die Ortschaft Sintra liegt etwa 30km westlich von Lissabon, und bietet Ihnen f\u00fcr Ihre Hochzeitszeremonie verschiedene beindruckende Kirchen. Gerne k\u00f6nnen wir f\u00fcr Sie die Organisation und die Buchung der Kirche, \u201eIgreja Santa Maria\u201c oder in der \u201eIgreja S\u00e3o Miguel\u201c vornehmen und uns um die Dokumente hier in Portugal k\u00fcmmern. Bedingungen: Die Geb\u00fchr f\u00fcr die Nutzung [&hellip;]\" \/>\n<meta property=\"og:url\" content=\"https:\/\/www.weddingportugal.com\/de\/hochzeitslocations\/zeremonie-locations\/lissabon-sintra-kirchen\/\" \/>\n<meta property=\"og:site_name\" content=\"Wedding Portugal\" \/>\n<meta property=\"article:modified_time\" content=\"2021-07-26T17:36:39+00:00\" \/>\n<meta property=\"og:image\" content=\"https:\/\/www.weddingportugal.com\/wp-content\/uploads\/2020\/07\/LISBONSintraChurches.jpg\" \/>\n\t<meta property=\"og:image:width\" content=\"760\" \/>\n\t<meta property=\"og:image:height\" content=\"500\" \/>\n\t<meta property=\"og:image:type\" content=\"image\/jpeg\" \/>\n<meta name=\"twitter:card\" content=\"summary_large_image\" \/>\n<meta name=\"twitter:label1\" content=\"Gesch\u00e4tzte Lesezeit\" \/>\n\t<meta name=\"twitter:data1\" content=\"1\u00a0Minute\" \/>\n<script type=\"application\/ld+json\" class=\"yoast-schema-graph\">{\"@context\":\"https:\/\/schema.org\",\"@graph\":[{\"@type\":\"WebPage\",\"@id\":\"https:\/\/www.weddingportugal.com\/de\/hochzeitslocations\/zeremonie-locations\/lissabon-sintra-kirchen\/\",\"url\":\"https:\/\/www.weddingportugal.com\/de\/hochzeitslocations\/zeremonie-locations\/lissabon-sintra-kirchen\/\",\"name\":\"Lissabon - (Sintra) Kirchen - Wedding Portugal\",\"isPartOf\":{\"@id\":\"https:\/\/www.weddingportugal.com\/de\/#website\"},\"primaryImageOfPage\":{\"@id\":\"https:\/\/www.weddingportugal.com\/de\/hochzeitslocations\/zeremonie-locations\/lissabon-sintra-kirchen\/#primaryimage\"},\"image\":{\"@id\":\"https:\/\/www.weddingportugal.com\/de\/hochzeitslocations\/zeremonie-locations\/lissabon-sintra-kirchen\/#primaryimage\"},\"thumbnailUrl\":\"https:\/\/www.weddingportugal.com\/wp-content\/uploads\/2020\/07\/LISBONSintraChurches.jpg\",\"datePublished\":\"2021-07-07T15:48:20+00:00\",\"dateModified\":\"2021-07-26T17:36:39+00:00\",\"breadcrumb\":{\"@id\":\"https:\/\/www.weddingportugal.com\/de\/hochzeitslocations\/zeremonie-locations\/lissabon-sintra-kirchen\/#breadcrumb\"},\"inLanguage\":\"de\",\"potentialAction\":[{\"@type\":\"ReadAction\",\"target\":[\"https:\/\/www.weddingportugal.com\/de\/hochzeitslocations\/zeremonie-locations\/lissabon-sintra-kirchen\/\"]}]},{\"@type\":\"ImageObject\",\"inLanguage\":\"de\",\"@id\":\"https:\/\/www.weddingportugal.com\/de\/hochzeitslocations\/zeremonie-locations\/lissabon-sintra-kirchen\/#primaryimage\",\"url\":\"https:\/\/www.weddingportugal.com\/wp-content\/uploads\/2020\/07\/LISBONSintraChurches.jpg\",\"contentUrl\":\"https:\/\/www.weddingportugal.com\/wp-content\/uploads\/2020\/07\/LISBONSintraChurches.jpg\",\"width\":760,\"height\":500},{\"@type\":\"BreadcrumbList\",\"@id\":\"https:\/\/www.weddingportugal.com\/de\/hochzeitslocations\/zeremonie-locations\/lissabon-sintra-kirchen\/#breadcrumb\",\"itemListElement\":[{\"@type\":\"ListItem\",\"position\":1,\"name\":\"Home\",\"item\":\"https:\/\/www.weddingportugal.com\/de\/\"},{\"@type\":\"ListItem\",\"position\":2,\"name\":\"Hochzeitslocations\",\"item\":\"https:\/\/www.weddingportugal.com\/de\/hochzeitslocations\/\"},{\"@type\":\"ListItem\",\"position\":3,\"name\":\"Zeremonie Locations\",\"item\":\"https:\/\/www.weddingportugal.com\/de\/hochzeitslocations\/zeremonie-locations\/\"},{\"@type\":\"ListItem\",\"position\":4,\"name\":\"Lissabon &#8211; (Sintra) Kirchen\"}]},{\"@type\":\"WebSite\",\"@id\":\"https:\/\/www.weddingportugal.com\/de\/#website\",\"url\":\"https:\/\/www.weddingportugal.com\/de\/\",\"name\":\"Wedding Portugal\",\"description\":\"We tell you why you should get your weeding in Portugal\",\"publisher\":{\"@id\":\"https:\/\/www.weddingportugal.com\/de\/#organization\"},\"potentialAction\":[{\"@type\":\"SearchAction\",\"target\":{\"@type\":\"EntryPoint\",\"urlTemplate\":\"https:\/\/www.weddingportugal.com\/de\/?s={search_term_string}\"},\"query-input\":{\"@type\":\"PropertyValueSpecification\",\"valueRequired\":true,\"valueName\":\"search_term_string\"}}],\"inLanguage\":\"de\"},{\"@type\":\"Organization\",\"@id\":\"https:\/\/www.weddingportugal.com\/de\/#organization\",\"name\":\"Wedding Portugal\",\"url\":\"https:\/\/www.weddingportugal.com\/de\/\",\"logo\":{\"@type\":\"ImageObject\",\"inLanguage\":\"de\",\"@id\":\"https:\/\/www.weddingportugal.com\/de\/#\/schema\/logo\/image\/\",\"url\":\"https:\/\/www.weddingportugal.com\/wp-content\/uploads\/2020\/02\/cropped-logo-WeddingPortugal.png\",\"contentUrl\":\"https:\/\/www.weddingportugal.com\/wp-content\/uploads\/2020\/02\/cropped-logo-WeddingPortugal.png\",\"width\":523,\"height\":89,\"caption\":\"Wedding Portugal\"},\"image\":{\"@id\":\"https:\/\/www.weddingportugal.com\/de\/#\/schema\/logo\/image\/\"}}]}<\/script>\n<!-- \/ Yoast SEO plugin. -->","yoast_head_json":{"title":"Lissabon - (Sintra) Kirchen - Wedding Portugal","robots":{"index":"index","follow":"follow","max-snippet":"max-snippet:-1","max-image-preview":"max-image-preview:large","max-video-preview":"max-video-preview:-1"},"canonical":"https:\/\/www.weddingportugal.com\/de\/hochzeitslocations\/zeremonie-locations\/lissabon-sintra-kirchen\/","og_locale":"de_DE","og_type":"article","og_title":"Lissabon - (Sintra) Kirchen - Wedding Portugal","og_description":"Die Ortschaft Sintra liegt etwa 30km westlich von Lissabon, und bietet Ihnen f\u00fcr Ihre Hochzeitszeremonie verschiedene beindruckende Kirchen. Gerne k\u00f6nnen wir f\u00fcr Sie die Organisation und die Buchung der Kirche, \u201eIgreja Santa Maria\u201c oder in der \u201eIgreja S\u00e3o Miguel\u201c vornehmen und uns um die Dokumente hier in Portugal k\u00fcmmern. Bedingungen: Die Geb\u00fchr f\u00fcr die Nutzung [&hellip;]","og_url":"https:\/\/www.weddingportugal.com\/de\/hochzeitslocations\/zeremonie-locations\/lissabon-sintra-kirchen\/","og_site_name":"Wedding Portugal","article_modified_time":"2021-07-26T17:36:39+00:00","og_image":[{"width":760,"height":500,"url":"https:\/\/www.weddingportugal.com\/wp-content\/uploads\/2020\/07\/LISBONSintraChurches.jpg","type":"image\/jpeg"}],"twitter_card":"summary_large_image","twitter_misc":{"Gesch\u00e4tzte Lesezeit":"1\u00a0Minute"},"schema":{"@context":"https:\/\/schema.org","@graph":[{"@type":"WebPage","@id":"https:\/\/www.weddingportugal.com\/de\/hochzeitslocations\/zeremonie-locations\/lissabon-sintra-kirchen\/","url":"https:\/\/www.weddingportugal.com\/de\/hochzeitslocations\/zeremonie-locations\/lissabon-sintra-kirchen\/","name":"Lissabon - (Sintra) Kirchen - Wedding Portugal","isPartOf":{"@id":"https:\/\/www.weddingportugal.com\/de\/#website"},"primaryImageOfPage":{"@id":"https:\/\/www.weddingportugal.com\/de\/hochzeitslocations\/zeremonie-locations\/lissabon-sintra-kirchen\/#primaryimage"},"image":{"@id":"https:\/\/www.weddingportugal.com\/de\/hochzeitslocations\/zeremonie-locations\/lissabon-sintra-kirchen\/#primaryimage"},"thumbnailUrl":"https:\/\/www.weddingportugal.com\/wp-content\/uploads\/2020\/07\/LISBONSintraChurches.jpg","datePublished":"2021-07-07T15:48:20+00:00","dateModified":"2021-07-26T17:36:39+00:00","breadcrumb":{"@id":"https:\/\/www.weddingportugal.com\/de\/hochzeitslocations\/zeremonie-locations\/lissabon-sintra-kirchen\/#breadcrumb"},"inLanguage":"de","potentialAction":[{"@type":"ReadAction","target":["https:\/\/www.weddingportugal.com\/de\/hochzeitslocations\/zeremonie-locations\/lissabon-sintra-kirchen\/"]}]},{"@type":"ImageObject","inLanguage":"de","@id":"https:\/\/www.weddingportugal.com\/de\/hochzeitslocations\/zeremonie-locations\/lissabon-sintra-kirchen\/#primaryimage","url":"https:\/\/www.weddingportugal.com\/wp-content\/uploads\/2020\/07\/LISBONSintraChurches.jpg","contentUrl":"https:\/\/www.weddingportugal.com\/wp-content\/uploads\/2020\/07\/LISBONSintraChurches.jpg","width":760,"height":500},{"@type":"BreadcrumbList","@id":"https:\/\/www.weddingportugal.com\/de\/hochzeitslocations\/zeremonie-locations\/lissabon-sintra-kirchen\/#breadcrumb","itemListElement":[{"@type":"ListItem","position":1,"name":"Home","item":"https:\/\/www.weddingportugal.com\/de\/"},{"@type":"ListItem","position":2,"name":"Hochzeitslocations","item":"https:\/\/www.weddingportugal.com\/de\/hochzeitslocations\/"},{"@type":"ListItem","position":3,"name":"Zeremonie Locations","item":"https:\/\/www.weddingportugal.com\/de\/hochzeitslocations\/zeremonie-locations\/"},{"@type":"ListItem","position":4,"name":"Lissabon &#8211; (Sintra) Kirchen"}]},{"@type":"WebSite","@id":"https:\/\/www.weddingportugal.com\/de\/#website","url":"https:\/\/www.weddingportugal.com\/de\/","name":"Wedding Portugal","description":"We tell you why you should get your weeding in Portugal","publisher":{"@id":"https:\/\/www.weddingportugal.com\/de\/#organization"},"potentialAction":[{"@type":"SearchAction","target":{"@type":"EntryPoint","urlTemplate":"https:\/\/www.weddingportugal.com\/de\/?s={search_term_string}"},"query-input":{"@type":"PropertyValueSpecification","valueRequired":true,"valueName":"search_term_string"}}],"inLanguage":"de"},{"@type":"Organization","@id":"https:\/\/www.weddingportugal.com\/de\/#organization","name":"Wedding Portugal","url":"https:\/\/www.weddingportugal.com\/de\/","logo":{"@type":"ImageObject","inLanguage":"de","@id":"https:\/\/www.weddingportugal.com\/de\/#\/schema\/logo\/image\/","url":"https:\/\/www.weddingportugal.com\/wp-content\/uploads\/2020\/02\/cropped-logo-WeddingPortugal.png","contentUrl":"https:\/\/www.weddingportugal.com\/wp-content\/uploads\/2020\/02\/cropped-logo-WeddingPortugal.png","width":523,"height":89,"caption":"Wedding Portugal"},"image":{"@id":"https:\/\/www.weddingportugal.com\/de\/#\/schema\/logo\/image\/"}}]}},"_links":{"self":[{"href":"https:\/\/www.weddingportugal.com\/de\/wp-json\/wp\/v2\/pages\/4623","targetHints":{"allow":["GET"]}}],"collection":[{"href":"https:\/\/www.weddingportugal.com\/de\/wp-json\/wp\/v2\/pages"}],"about":[{"href":"https:\/\/www.weddingportugal.com\/de\/wp-json\/wp\/v2\/types\/page"}],"author":[{"embeddable":true,"href":"https:\/\/www.weddingportugal.com\/de\/wp-json\/wp\/v2\/users\/1"}],"replies":[{"embeddable":true,"href":"https:\/\/www.weddingportugal.com\/de\/wp-json\/wp\/v2\/comments?post=4623"}],"version-history":[{"count":1,"href":"https:\/\/www.weddingportugal.com\/de\/wp-json\/wp\/v2\/pages\/4623\/revisions"}],"predecessor-version":[{"id":4624,"href":"https:\/\/www.weddingportugal.com\/de\/wp-json\/wp\/v2\/pages\/4623\/revisions\/4624"}],"up":[{"embeddable":true,"href":"https:\/\/www.weddingportugal.com\/de\/wp-json\/wp\/v2\/pages\/4601"}],"wp:featuredmedia":[{"embeddable":true,"href":"https:\/\/www.weddingportugal.com\/de\/wp-json\/wp\/v2\/media\/1299"}],"wp:attachment":[{"href":"https:\/\/www.weddingportugal.com\/de\/wp-json\/wp\/v2\/media?parent=4623"}],"curies":[{"name":"wp","href":"https:\/\/api.w.org\/{rel}","templated":true}]}}