{"id":4621,"date":"2021-07-07T15:44:57","date_gmt":"2021-07-07T15:44:57","guid":{"rendered":"https:\/\/www.weddingportugal.com\/hochzeitslocations\/zeremonie-locations\/lissabon-cascais-kirchen\/"},"modified":"2025-03-27T09:40:19","modified_gmt":"2025-03-27T09:40:19","slug":"lissabon-cascais-kirchen","status":"publish","type":"page","link":"https:\/\/www.weddingportugal.com\/de\/hochzeitslocations\/zeremonie-locations\/lissabon-cascais-kirchen\/","title":{"rendered":"Lissabon &#8211; (Cascais) Kirchen"},"content":{"rendered":"\t\t<div data-elementor-type=\"wp-page\" data-elementor-id=\"4621\" class=\"elementor elementor-4621 elementor-961\" data-elementor-post-type=\"page\">\n\t\t\t\t\t\t<section class=\"elementor-section elementor-top-section elementor-element elementor-element-9650706 elementor-section-boxed elementor-section-height-default elementor-section-height-default\" data-id=\"9650706\" data-element_type=\"section\" data-e-type=\"section\">\n\t\t\t\t\t\t<div class=\"elementor-container elementor-column-gap-default\">\n\t\t\t\t\t<div class=\"elementor-column elementor-col-66 elementor-top-column elementor-element elementor-element-2dcaf5a\" data-id=\"2dcaf5a\" data-element_type=\"column\" data-e-type=\"column\">\n\t\t\t<div class=\"elementor-widget-wrap elementor-element-populated\">\n\t\t\t\t\t\t<div class=\"elementor-element elementor-element-115f71f elementor-widget elementor-widget-text-editor\" data-id=\"115f71f\" data-element_type=\"widget\" data-e-type=\"widget\" data-widget_type=\"text-editor.default\">\n\t\t\t\t<div class=\"elementor-widget-container\">\n\t\t\t\t\t\t\t\t\t<p class=\"\" data-start=\"0\" data-end=\"89\">M\u00f6chten Sie gerne kirchlich in Portugal heiraten?<\/p><p class=\"\" data-start=\"0\" data-end=\"89\">Wir organisieren Sie einen <strong>kirchlichen Hochzeitssegen<\/strong>, falls sie bereits standesamtlich geheiratet haben, sowie <strong>rechtsg\u00fcltige kirchliche Trauung<\/strong>?<\/p><p class=\"\" data-start=\"91\" data-end=\"241\">Kontaktieren Sie uns, um Ihre Hochzeit in einer der Kirchen in <strong>Lissabon, Sintra oder Cascais<\/strong> zu buchen.<\/p><p class=\"\" data-start=\"379\" data-end=\"448\">In diesen Regionen stehen <strong>englischsprachige Priester<\/strong> zur Verf\u00fcgung. Es bestet auch die M\u00f6glichkeit einen <strong>katholischen Pfarrer aus Deutschland<\/strong> einzuladen um die Zeremonie zu halten.<\/p><p class=\"\" data-start=\"450\" data-end=\"515\">Unsere Planungsgeb\u00fchr f\u00fcr kirchliche Trauungen, einschlie\u00dflich:<\/p><ul data-start=\"517\" data-end=\"601\"><li class=\"\" data-start=\"517\" data-end=\"560\"><p class=\"\" data-start=\"519\" data-end=\"560\">Erledigung der rechtlichen Formalit\u00e4ten<\/p><\/li><li class=\"\" data-start=\"517\" data-end=\"560\"><p class=\"\" data-start=\"519\" data-end=\"560\">Buchung der Kirche und des Priesters<\/p><\/li><\/ul><p class=\"\" data-start=\"603\" data-end=\"622\">beginnt <strong>ab 1.380 \u20ac.<\/strong><\/p>\t\t\t\t\t\t\t\t<\/div>\n\t\t\t\t<\/div>\n\t\t\t\t\t<\/div>\n\t\t<\/div>\n\t\t\t\t<div class=\"elementor-column elementor-col-33 elementor-top-column elementor-element elementor-element-1eb10f4\" data-id=\"1eb10f4\" data-element_type=\"column\" data-e-type=\"column\">\n\t\t\t<div class=\"elementor-widget-wrap elementor-element-populated\">\n\t\t\t\t\t\t<div class=\"elementor-element elementor-element-8f834db elementor-widget elementor-widget-image\" data-id=\"8f834db\" data-element_type=\"widget\" data-e-type=\"widget\" data-widget_type=\"image.default\">\n\t\t\t\t<div class=\"elementor-widget-container\">\n\t\t\t\t\t\t\t\t\t\t\t\t\t\t\t<img fetchpriority=\"high\" decoding=\"async\" width=\"700\" height=\"474\" src=\"https:\/\/www.weddingportugal.com\/wp-content\/uploads\/2025\/03\/Catholic-wedding-ceremony-2012.jpg\" class=\"attachment-large size-large wp-image-6089\" alt=\"\" srcset=\"https:\/\/www.weddingportugal.com\/wp-content\/uploads\/2025\/03\/Catholic-wedding-ceremony-2012.jpg 700w, https:\/\/www.weddingportugal.com\/wp-content\/uploads\/2025\/03\/Catholic-wedding-ceremony-2012-300x203.jpg 300w\" sizes=\"(max-width: 700px) 100vw, 700px\" \/>\t\t\t\t\t\t\t\t\t\t\t\t\t\t\t<\/div>\n\t\t\t\t<\/div>\n\t\t\t\t\t<\/div>\n\t\t<\/div>\n\t\t\t\t\t<\/div>\n\t\t<\/section>\n\t\t\t\t<section class=\"elementor-section elementor-top-section elementor-element elementor-element-28bb668c elementor-section-boxed elementor-section-height-default elementor-section-height-default\" data-id=\"28bb668c\" data-element_type=\"section\" data-e-type=\"section\">\n\t\t\t\t\t\t<div class=\"elementor-container elementor-column-gap-default\">\n\t\t\t\t\t<div class=\"elementor-column elementor-col-100 elementor-top-column elementor-element elementor-element-5698c6dd\" data-id=\"5698c6dd\" data-element_type=\"column\" data-e-type=\"column\">\n\t\t\t<div class=\"elementor-widget-wrap elementor-element-populated\">\n\t\t\t\t\t\t\t<\/div>\n\t\t<\/div>\n\t\t\t\t\t<\/div>\n\t\t<\/section>\n\t\t\t\t<section class=\"elementor-section elementor-top-section elementor-element elementor-element-0700242 elementor-section-boxed elementor-section-height-default elementor-section-height-default\" data-id=\"0700242\" data-element_type=\"section\" data-e-type=\"section\">\n\t\t\t\t\t\t<div class=\"elementor-container elementor-column-gap-default\">\n\t\t\t\t\t<div class=\"elementor-column elementor-col-100 elementor-top-column elementor-element elementor-element-15af709\" data-id=\"15af709\" data-element_type=\"column\" data-e-type=\"column\">\n\t\t\t<div class=\"elementor-widget-wrap elementor-element-populated\">\n\t\t\t\t\t\t<div class=\"elementor-element elementor-element-6b6a7c4 elementor-widget elementor-widget-gallery\" data-id=\"6b6a7c4\" data-element_type=\"widget\" data-e-type=\"widget\" data-settings=\"{&quot;lazyload&quot;:&quot;yes&quot;,&quot;gallery_layout&quot;:&quot;grid&quot;,&quot;columns&quot;:4,&quot;columns_tablet&quot;:2,&quot;columns_mobile&quot;:1,&quot;gap&quot;:{&quot;unit&quot;:&quot;px&quot;,&quot;size&quot;:10,&quot;sizes&quot;:[]},&quot;gap_tablet&quot;:{&quot;unit&quot;:&quot;px&quot;,&quot;size&quot;:10,&quot;sizes&quot;:[]},&quot;gap_mobile&quot;:{&quot;unit&quot;:&quot;px&quot;,&quot;size&quot;:10,&quot;sizes&quot;:[]},&quot;link_to&quot;:&quot;file&quot;,&quot;aspect_ratio&quot;:&quot;3:2&quot;,&quot;overlay_background&quot;:&quot;yes&quot;,&quot;content_hover_animation&quot;:&quot;fade-in&quot;}\" data-widget_type=\"gallery.default\">\n\t\t\t\t<div class=\"elementor-widget-container\">\n\t\t\t\t\t\t\t<div class=\"elementor-gallery__container\">\n\t\t\t\t\t\t\t<a class=\"e-gallery-item elementor-gallery-item elementor-animated-content\" href=\"https:\/\/www.weddingportugal.com\/wp-content\/uploads\/2025\/03\/weddings-in-portugal-LISBON-\u2013-church-weddings_7.jpg\" data-elementor-open-lightbox=\"yes\" data-elementor-lightbox-slideshow=\"6b6a7c4\" data-elementor-lightbox-title=\"weddings in portugal - LISBON \u2013 church weddings_7\" data-e-action-hash=\"#elementor-action%3Aaction%3Dlightbox%26settings%3DeyJpZCI6NjA3OCwidXJsIjoiaHR0cHM6XC9cL3d3dy53ZWRkaW5ncG9ydHVnYWwuY29tXC93cC1jb250ZW50XC91cGxvYWRzXC8yMDI1XC8wM1wvd2VkZGluZ3MtaW4tcG9ydHVnYWwtTElTQk9OLVx1MjAxMy1jaHVyY2gtd2VkZGluZ3NfNy5qcGciLCJzbGlkZXNob3ciOiI2YjZhN2M0In0%3D\">\n\t\t\t\t\t<div class=\"e-gallery-image elementor-gallery-item__image\" data-thumbnail=\"https:\/\/www.weddingportugal.com\/wp-content\/uploads\/2025\/03\/weddings-in-portugal-LISBON-\u2013-church-weddings_7-300x200.jpg\" data-width=\"300\" data-height=\"200\" aria-label=\"\" role=\"img\" ><\/div>\n\t\t\t\t\t\t\t\t\t\t\t<div class=\"elementor-gallery-item__overlay\"><\/div>\n\t\t\t\t\t\t\t\t\t\t\t\t\t\t<\/a>\n\t\t\t\t\t\t\t<a class=\"e-gallery-item elementor-gallery-item elementor-animated-content\" href=\"https:\/\/www.weddingportugal.com\/wp-content\/uploads\/2025\/03\/weddings-in-portugal-LISBON-\u2013-church-weddings_3.jpg\" data-elementor-open-lightbox=\"yes\" data-elementor-lightbox-slideshow=\"6b6a7c4\" data-elementor-lightbox-title=\"weddings in portugal - LISBON \u2013 church weddings_3\" data-e-action-hash=\"#elementor-action%3Aaction%3Dlightbox%26settings%3DeyJpZCI6NjA3MCwidXJsIjoiaHR0cHM6XC9cL3d3dy53ZWRkaW5ncG9ydHVnYWwuY29tXC93cC1jb250ZW50XC91cGxvYWRzXC8yMDI1XC8wM1wvd2VkZGluZ3MtaW4tcG9ydHVnYWwtTElTQk9OLVx1MjAxMy1jaHVyY2gtd2VkZGluZ3NfMy5qcGciLCJzbGlkZXNob3ciOiI2YjZhN2M0In0%3D\">\n\t\t\t\t\t<div class=\"e-gallery-image elementor-gallery-item__image\" data-thumbnail=\"https:\/\/www.weddingportugal.com\/wp-content\/uploads\/2025\/03\/weddings-in-portugal-LISBON-\u2013-church-weddings_3-200x300.jpg\" data-width=\"200\" data-height=\"300\" aria-label=\"\" role=\"img\" ><\/div>\n\t\t\t\t\t\t\t\t\t\t\t<div class=\"elementor-gallery-item__overlay\"><\/div>\n\t\t\t\t\t\t\t\t\t\t\t\t\t\t<\/a>\n\t\t\t\t\t\t\t<a class=\"e-gallery-item elementor-gallery-item elementor-animated-content\" href=\"https:\/\/www.weddingportugal.com\/wp-content\/uploads\/2025\/03\/weddings-in-portugal-LISBON-\u2013-church-weddings_2.jpg\" data-elementor-open-lightbox=\"yes\" data-elementor-lightbox-slideshow=\"6b6a7c4\" data-elementor-lightbox-title=\"weddings in portugal - LISBON \u2013 church weddings_2\" data-e-action-hash=\"#elementor-action%3Aaction%3Dlightbox%26settings%3DeyJpZCI6NjA2OCwidXJsIjoiaHR0cHM6XC9cL3d3dy53ZWRkaW5ncG9ydHVnYWwuY29tXC93cC1jb250ZW50XC91cGxvYWRzXC8yMDI1XC8wM1wvd2VkZGluZ3MtaW4tcG9ydHVnYWwtTElTQk9OLVx1MjAxMy1jaHVyY2gtd2VkZGluZ3NfMi5qcGciLCJzbGlkZXNob3ciOiI2YjZhN2M0In0%3D\">\n\t\t\t\t\t<div class=\"e-gallery-image elementor-gallery-item__image\" data-thumbnail=\"https:\/\/www.weddingportugal.com\/wp-content\/uploads\/2025\/03\/weddings-in-portugal-LISBON-\u2013-church-weddings_2-300x200.jpg\" data-width=\"300\" data-height=\"200\" aria-label=\"\" role=\"img\" ><\/div>\n\t\t\t\t\t\t\t\t\t\t\t<div class=\"elementor-gallery-item__overlay\"><\/div>\n\t\t\t\t\t\t\t\t\t\t\t\t\t\t<\/a>\n\t\t\t\t\t\t\t<a class=\"e-gallery-item elementor-gallery-item elementor-animated-content\" href=\"https:\/\/www.weddingportugal.com\/wp-content\/uploads\/2025\/03\/weddings-in-portugal-LISBON-\u2013-church-weddings_8.jpg\" data-elementor-open-lightbox=\"yes\" data-elementor-lightbox-slideshow=\"6b6a7c4\" data-elementor-lightbox-title=\"Gloria Aguiam fotografas\" data-e-action-hash=\"#elementor-action%3Aaction%3Dlightbox%26settings%3DeyJpZCI6NjA4MCwidXJsIjoiaHR0cHM6XC9cL3d3dy53ZWRkaW5ncG9ydHVnYWwuY29tXC93cC1jb250ZW50XC91cGxvYWRzXC8yMDI1XC8wM1wvd2VkZGluZ3MtaW4tcG9ydHVnYWwtTElTQk9OLVx1MjAxMy1jaHVyY2gtd2VkZGluZ3NfOC5qcGciLCJzbGlkZXNob3ciOiI2YjZhN2M0In0%3D\">\n\t\t\t\t\t<div class=\"e-gallery-image elementor-gallery-item__image\" data-thumbnail=\"https:\/\/www.weddingportugal.com\/wp-content\/uploads\/2025\/03\/weddings-in-portugal-LISBON-\u2013-church-weddings_8-200x300.jpg\" data-width=\"200\" data-height=\"300\" aria-label=\"\" role=\"img\" ><\/div>\n\t\t\t\t\t\t\t\t\t\t\t<div class=\"elementor-gallery-item__overlay\"><\/div>\n\t\t\t\t\t\t\t\t\t\t\t\t\t\t<\/a>\n\t\t\t\t\t<\/div>\n\t\t\t\t\t<\/div>\n\t\t\t\t<\/div>\n\t\t\t\t\t<\/div>\n\t\t<\/div>\n\t\t\t\t\t<\/div>\n\t\t<\/section>\n\t\t\t\t<\/div>\n\t\t","protected":false},"excerpt":{"rendered":"<p>M\u00f6chten Sie gerne kirchlich in Portugal heiraten? Wir organisieren Sie einen kirchlichen Hochzeitssegen, falls sie bereits standesamtlich geheiratet haben, sowie rechtsg\u00fcltige kirchliche Trauung? Kontaktieren Sie uns, um Ihre Hochzeit in einer der Kirchen in Lissabon, Sintra oder Cascais zu buchen. In diesen Regionen stehen englischsprachige Priester zur Verf\u00fcgung. Es bestet auch die M\u00f6glichkeit einen katholischen [&hellip;]<\/p>\n","protected":false},"author":1,"featured_media":1243,"parent":4601,"menu_order":18,"comment_status":"closed","ping_status":"closed","template":"","meta":{"content-type":"","footnotes":""},"class_list":["post-4621","page","type-page","status-publish","has-post-thumbnail","hentry"],"yoast_head":"<!-- This site is optimized with the Yoast SEO plugin v27.2 - https:\/\/yoast.com\/product\/yoast-seo-wordpress\/ -->\n<title>Lissabon - (Cascais) Kirchen - Wedding Portugal<\/title>\n<meta name=\"robots\" content=\"index, follow, max-snippet:-1, max-image-preview:large, max-video-preview:-1\" \/>\n<link rel=\"canonical\" href=\"https:\/\/www.weddingportugal.com\/de\/hochzeitslocations\/zeremonie-locations\/lissabon-cascais-kirchen\/\" \/>\n<meta property=\"og:locale\" content=\"de_DE\" \/>\n<meta property=\"og:type\" content=\"article\" \/>\n<meta property=\"og:title\" content=\"Lissabon - (Cascais) Kirchen - Wedding Portugal\" \/>\n<meta property=\"og:description\" content=\"M\u00f6chten Sie gerne kirchlich in Portugal heiraten? Wir organisieren Sie einen kirchlichen Hochzeitssegen, falls sie bereits standesamtlich geheiratet haben, sowie rechtsg\u00fcltige kirchliche Trauung? Kontaktieren Sie uns, um Ihre Hochzeit in einer der Kirchen in Lissabon, Sintra oder Cascais zu buchen. In diesen Regionen stehen englischsprachige Priester zur Verf\u00fcgung. Es bestet auch die M\u00f6glichkeit einen katholischen [&hellip;]\" \/>\n<meta property=\"og:url\" content=\"https:\/\/www.weddingportugal.com\/de\/hochzeitslocations\/zeremonie-locations\/lissabon-cascais-kirchen\/\" \/>\n<meta property=\"og:site_name\" content=\"Wedding Portugal\" \/>\n<meta property=\"article:modified_time\" content=\"2025-03-27T09:40:19+00:00\" \/>\n<meta property=\"og:image\" content=\"https:\/\/www.weddingportugal.com\/wp-content\/uploads\/2020\/07\/LISBONCascaisChurches.jpg\" \/>\n\t<meta property=\"og:image:width\" content=\"760\" \/>\n\t<meta property=\"og:image:height\" content=\"500\" \/>\n\t<meta property=\"og:image:type\" content=\"image\/jpeg\" \/>\n<meta name=\"twitter:card\" content=\"summary_large_image\" \/>\n<script type=\"application\/ld+json\" class=\"yoast-schema-graph\">{\"@context\":\"https:\/\/schema.org\",\"@graph\":[{\"@type\":\"WebPage\",\"@id\":\"https:\/\/www.weddingportugal.com\/de\/hochzeitslocations\/zeremonie-locations\/lissabon-cascais-kirchen\/\",\"url\":\"https:\/\/www.weddingportugal.com\/de\/hochzeitslocations\/zeremonie-locations\/lissabon-cascais-kirchen\/\",\"name\":\"Lissabon - (Cascais) Kirchen - Wedding Portugal\",\"isPartOf\":{\"@id\":\"https:\/\/www.weddingportugal.com\/de\/#website\"},\"primaryImageOfPage\":{\"@id\":\"https:\/\/www.weddingportugal.com\/de\/hochzeitslocations\/zeremonie-locations\/lissabon-cascais-kirchen\/#primaryimage\"},\"image\":{\"@id\":\"https:\/\/www.weddingportugal.com\/de\/hochzeitslocations\/zeremonie-locations\/lissabon-cascais-kirchen\/#primaryimage\"},\"thumbnailUrl\":\"https:\/\/www.weddingportugal.com\/wp-content\/uploads\/2020\/07\/LISBONCascaisChurches.jpg\",\"datePublished\":\"2021-07-07T15:44:57+00:00\",\"dateModified\":\"2025-03-27T09:40:19+00:00\",\"breadcrumb\":{\"@id\":\"https:\/\/www.weddingportugal.com\/de\/hochzeitslocations\/zeremonie-locations\/lissabon-cascais-kirchen\/#breadcrumb\"},\"inLanguage\":\"de\",\"potentialAction\":[{\"@type\":\"ReadAction\",\"target\":[\"https:\/\/www.weddingportugal.com\/de\/hochzeitslocations\/zeremonie-locations\/lissabon-cascais-kirchen\/\"]}]},{\"@type\":\"ImageObject\",\"inLanguage\":\"de\",\"@id\":\"https:\/\/www.weddingportugal.com\/de\/hochzeitslocations\/zeremonie-locations\/lissabon-cascais-kirchen\/#primaryimage\",\"url\":\"https:\/\/www.weddingportugal.com\/wp-content\/uploads\/2020\/07\/LISBONCascaisChurches.jpg\",\"contentUrl\":\"https:\/\/www.weddingportugal.com\/wp-content\/uploads\/2020\/07\/LISBONCascaisChurches.jpg\",\"width\":760,\"height\":500},{\"@type\":\"BreadcrumbList\",\"@id\":\"https:\/\/www.weddingportugal.com\/de\/hochzeitslocations\/zeremonie-locations\/lissabon-cascais-kirchen\/#breadcrumb\",\"itemListElement\":[{\"@type\":\"ListItem\",\"position\":1,\"name\":\"Home\",\"item\":\"https:\/\/www.weddingportugal.com\/de\/\"},{\"@type\":\"ListItem\",\"position\":2,\"name\":\"Hochzeitslocations\",\"item\":\"https:\/\/www.weddingportugal.com\/de\/hochzeitslocations\/\"},{\"@type\":\"ListItem\",\"position\":3,\"name\":\"Zeremonie Locations\",\"item\":\"https:\/\/www.weddingportugal.com\/de\/hochzeitslocations\/zeremonie-locations\/\"},{\"@type\":\"ListItem\",\"position\":4,\"name\":\"Lissabon &#8211; (Cascais) Kirchen\"}]},{\"@type\":\"WebSite\",\"@id\":\"https:\/\/www.weddingportugal.com\/de\/#website\",\"url\":\"https:\/\/www.weddingportugal.com\/de\/\",\"name\":\"Wedding Portugal\",\"description\":\"We tell you why you should get your weeding in Portugal\",\"publisher\":{\"@id\":\"https:\/\/www.weddingportugal.com\/de\/#organization\"},\"potentialAction\":[{\"@type\":\"SearchAction\",\"target\":{\"@type\":\"EntryPoint\",\"urlTemplate\":\"https:\/\/www.weddingportugal.com\/de\/?s={search_term_string}\"},\"query-input\":{\"@type\":\"PropertyValueSpecification\",\"valueRequired\":true,\"valueName\":\"search_term_string\"}}],\"inLanguage\":\"de\"},{\"@type\":\"Organization\",\"@id\":\"https:\/\/www.weddingportugal.com\/de\/#organization\",\"name\":\"Wedding Portugal\",\"url\":\"https:\/\/www.weddingportugal.com\/de\/\",\"logo\":{\"@type\":\"ImageObject\",\"inLanguage\":\"de\",\"@id\":\"https:\/\/www.weddingportugal.com\/de\/#\/schema\/logo\/image\/\",\"url\":\"https:\/\/www.weddingportugal.com\/wp-content\/uploads\/2020\/02\/cropped-logo-WeddingPortugal.png\",\"contentUrl\":\"https:\/\/www.weddingportugal.com\/wp-content\/uploads\/2020\/02\/cropped-logo-WeddingPortugal.png\",\"width\":523,\"height\":89,\"caption\":\"Wedding Portugal\"},\"image\":{\"@id\":\"https:\/\/www.weddingportugal.com\/de\/#\/schema\/logo\/image\/\"}}]}<\/script>\n<!-- \/ Yoast SEO plugin. -->","yoast_head_json":{"title":"Lissabon - (Cascais) Kirchen - Wedding Portugal","robots":{"index":"index","follow":"follow","max-snippet":"max-snippet:-1","max-image-preview":"max-image-preview:large","max-video-preview":"max-video-preview:-1"},"canonical":"https:\/\/www.weddingportugal.com\/de\/hochzeitslocations\/zeremonie-locations\/lissabon-cascais-kirchen\/","og_locale":"de_DE","og_type":"article","og_title":"Lissabon - (Cascais) Kirchen - Wedding Portugal","og_description":"M\u00f6chten Sie gerne kirchlich in Portugal heiraten? Wir organisieren Sie einen kirchlichen Hochzeitssegen, falls sie bereits standesamtlich geheiratet haben, sowie rechtsg\u00fcltige kirchliche Trauung? Kontaktieren Sie uns, um Ihre Hochzeit in einer der Kirchen in Lissabon, Sintra oder Cascais zu buchen. In diesen Regionen stehen englischsprachige Priester zur Verf\u00fcgung. Es bestet auch die M\u00f6glichkeit einen katholischen [&hellip;]","og_url":"https:\/\/www.weddingportugal.com\/de\/hochzeitslocations\/zeremonie-locations\/lissabon-cascais-kirchen\/","og_site_name":"Wedding Portugal","article_modified_time":"2025-03-27T09:40:19+00:00","og_image":[{"width":760,"height":500,"url":"https:\/\/www.weddingportugal.com\/wp-content\/uploads\/2020\/07\/LISBONCascaisChurches.jpg","type":"image\/jpeg"}],"twitter_card":"summary_large_image","schema":{"@context":"https:\/\/schema.org","@graph":[{"@type":"WebPage","@id":"https:\/\/www.weddingportugal.com\/de\/hochzeitslocations\/zeremonie-locations\/lissabon-cascais-kirchen\/","url":"https:\/\/www.weddingportugal.com\/de\/hochzeitslocations\/zeremonie-locations\/lissabon-cascais-kirchen\/","name":"Lissabon - (Cascais) Kirchen - Wedding Portugal","isPartOf":{"@id":"https:\/\/www.weddingportugal.com\/de\/#website"},"primaryImageOfPage":{"@id":"https:\/\/www.weddingportugal.com\/de\/hochzeitslocations\/zeremonie-locations\/lissabon-cascais-kirchen\/#primaryimage"},"image":{"@id":"https:\/\/www.weddingportugal.com\/de\/hochzeitslocations\/zeremonie-locations\/lissabon-cascais-kirchen\/#primaryimage"},"thumbnailUrl":"https:\/\/www.weddingportugal.com\/wp-content\/uploads\/2020\/07\/LISBONCascaisChurches.jpg","datePublished":"2021-07-07T15:44:57+00:00","dateModified":"2025-03-27T09:40:19+00:00","breadcrumb":{"@id":"https:\/\/www.weddingportugal.com\/de\/hochzeitslocations\/zeremonie-locations\/lissabon-cascais-kirchen\/#breadcrumb"},"inLanguage":"de","potentialAction":[{"@type":"ReadAction","target":["https:\/\/www.weddingportugal.com\/de\/hochzeitslocations\/zeremonie-locations\/lissabon-cascais-kirchen\/"]}]},{"@type":"ImageObject","inLanguage":"de","@id":"https:\/\/www.weddingportugal.com\/de\/hochzeitslocations\/zeremonie-locations\/lissabon-cascais-kirchen\/#primaryimage","url":"https:\/\/www.weddingportugal.com\/wp-content\/uploads\/2020\/07\/LISBONCascaisChurches.jpg","contentUrl":"https:\/\/www.weddingportugal.com\/wp-content\/uploads\/2020\/07\/LISBONCascaisChurches.jpg","width":760,"height":500},{"@type":"BreadcrumbList","@id":"https:\/\/www.weddingportugal.com\/de\/hochzeitslocations\/zeremonie-locations\/lissabon-cascais-kirchen\/#breadcrumb","itemListElement":[{"@type":"ListItem","position":1,"name":"Home","item":"https:\/\/www.weddingportugal.com\/de\/"},{"@type":"ListItem","position":2,"name":"Hochzeitslocations","item":"https:\/\/www.weddingportugal.com\/de\/hochzeitslocations\/"},{"@type":"ListItem","position":3,"name":"Zeremonie Locations","item":"https:\/\/www.weddingportugal.com\/de\/hochzeitslocations\/zeremonie-locations\/"},{"@type":"ListItem","position":4,"name":"Lissabon &#8211; (Cascais) Kirchen"}]},{"@type":"WebSite","@id":"https:\/\/www.weddingportugal.com\/de\/#website","url":"https:\/\/www.weddingportugal.com\/de\/","name":"Wedding Portugal","description":"We tell you why you should get your weeding in Portugal","publisher":{"@id":"https:\/\/www.weddingportugal.com\/de\/#organization"},"potentialAction":[{"@type":"SearchAction","target":{"@type":"EntryPoint","urlTemplate":"https:\/\/www.weddingportugal.com\/de\/?s={search_term_string}"},"query-input":{"@type":"PropertyValueSpecification","valueRequired":true,"valueName":"search_term_string"}}],"inLanguage":"de"},{"@type":"Organization","@id":"https:\/\/www.weddingportugal.com\/de\/#organization","name":"Wedding Portugal","url":"https:\/\/www.weddingportugal.com\/de\/","logo":{"@type":"ImageObject","inLanguage":"de","@id":"https:\/\/www.weddingportugal.com\/de\/#\/schema\/logo\/image\/","url":"https:\/\/www.weddingportugal.com\/wp-content\/uploads\/2020\/02\/cropped-logo-WeddingPortugal.png","contentUrl":"https:\/\/www.weddingportugal.com\/wp-content\/uploads\/2020\/02\/cropped-logo-WeddingPortugal.png","width":523,"height":89,"caption":"Wedding Portugal"},"image":{"@id":"https:\/\/www.weddingportugal.com\/de\/#\/schema\/logo\/image\/"}}]}},"_links":{"self":[{"href":"https:\/\/www.weddingportugal.com\/de\/wp-json\/wp\/v2\/pages\/4621","targetHints":{"allow":["GET"]}}],"collection":[{"href":"https:\/\/www.weddingportugal.com\/de\/wp-json\/wp\/v2\/pages"}],"about":[{"href":"https:\/\/www.weddingportugal.com\/de\/wp-json\/wp\/v2\/types\/page"}],"author":[{"embeddable":true,"href":"https:\/\/www.weddingportugal.com\/de\/wp-json\/wp\/v2\/users\/1"}],"replies":[{"embeddable":true,"href":"https:\/\/www.weddingportugal.com\/de\/wp-json\/wp\/v2\/comments?post=4621"}],"version-history":[{"count":4,"href":"https:\/\/www.weddingportugal.com\/de\/wp-json\/wp\/v2\/pages\/4621\/revisions"}],"predecessor-version":[{"id":6095,"href":"https:\/\/www.weddingportugal.com\/de\/wp-json\/wp\/v2\/pages\/4621\/revisions\/6095"}],"up":[{"embeddable":true,"href":"https:\/\/www.weddingportugal.com\/de\/wp-json\/wp\/v2\/pages\/4601"}],"wp:featuredmedia":[{"embeddable":true,"href":"https:\/\/www.weddingportugal.com\/de\/wp-json\/wp\/v2\/media\/1243"}],"wp:attachment":[{"href":"https:\/\/www.weddingportugal.com\/de\/wp-json\/wp\/v2\/media?parent=4621"}],"curies":[{"name":"wp","href":"https:\/\/api.w.org\/{rel}","templated":true}]}}