{"id":4617,"date":"2021-07-07T15:42:31","date_gmt":"2021-07-07T15:42:31","guid":{"rendered":"https:\/\/www.weddingportugal.com\/hochzeitslocations\/zeremonie-locations\/lissabon-cascais-strand-von-cresmina\/"},"modified":"2025-03-27T09:06:12","modified_gmt":"2025-03-27T09:06:12","slug":"lissabon-cascais-strand-von-cresmina","status":"publish","type":"page","link":"https:\/\/www.weddingportugal.com\/de\/hochzeitslocations\/zeremonie-locations\/lissabon-cascais-strand-von-cresmina\/","title":{"rendered":"Lissabon \u2013 (Cascais) Strand von Cresmina"},"content":{"rendered":"\t\t<div data-elementor-type=\"wp-page\" data-elementor-id=\"4617\" class=\"elementor elementor-4617 elementor-957\" data-elementor-post-type=\"page\">\n\t\t\t\t\t\t<section class=\"elementor-section elementor-top-section elementor-element elementor-element-31f9c224 elementor-section-boxed elementor-section-height-default elementor-section-height-default\" data-id=\"31f9c224\" data-element_type=\"section\" data-e-type=\"section\">\n\t\t\t\t\t\t<div class=\"elementor-container elementor-column-gap-default\">\n\t\t\t\t\t<div class=\"elementor-column elementor-col-100 elementor-top-column elementor-element elementor-element-52508ea1\" data-id=\"52508ea1\" data-element_type=\"column\" data-e-type=\"column\">\n\t\t\t<div class=\"elementor-widget-wrap elementor-element-populated\">\n\t\t\t\t\t\t<div class=\"elementor-element elementor-element-44a902ca elementor-widget elementor-widget-text-editor\" data-id=\"44a902ca\" data-element_type=\"widget\" data-e-type=\"widget\" data-widget_type=\"text-editor.default\">\n\t\t\t\t<div class=\"elementor-widget-container\">\n\t\t\t\t\t\t\t\t\t<p>Der Strand von Cresmina im Naturpark Sintra-Cascais bietet eine wundersch\u00f6ne Kulisse f\u00fcr Ihre Hochzeitszeremonie. Hier k\u00f6nnen wir eine <strong>standesamtliche oder freie Trauung<\/strong> f\u00fcr Sie planen. Der Strand sorgt f\u00fcr eine ruhige Atmosph\u00e4re und ist dennoch gut von Lissabon aus erreichbar. Wir empfehlen ihn besonders f\u00fcr Elopements oder kleinere Gruppen mit Zeremonie Zeit ewntweder am Vormittag (gegen <strong>10 oder 11 Uhr)<\/strong> oder am Abend (gegen <strong>19 oder 20 Uhr<\/strong>). Gerade in der Hochsaison sind das die besseren Zeiten.<\/p><p>Der Strand wird haupts\u00e4chlich von Surfern besucht und ist nie \u00fcberf\u00fcllt mit sonnenbadenden G\u00e4sten. Allerdings ist es <strong>ein eher windiger Ort,<\/strong> was man bei der Planung ber\u00fccksichtigen sollte.<\/p><p>Wir k\u00f6nnen einen Traubogen mit Blumen als Kulisse aufstellen und so einen stilvollen Rahmen f\u00fcr Ihr Eheversprechen schaffen. Au\u00dferdem k\u00fcmmern wir uns um alle erforderlichen Genehmigungen, damit Ihr gro\u00dfer Tag reibungslos und stressfrei verl\u00e4uft.<\/p><p>Kontaktieren Sie uns, um Ihre Hochzeit an der Praia de Cresmina zu planen!<\/p>\t\t\t\t\t\t\t\t<\/div>\n\t\t\t\t<\/div>\n\t\t\t\t\t<\/div>\n\t\t<\/div>\n\t\t\t\t\t<\/div>\n\t\t<\/section>\n\t\t\t\t<section class=\"elementor-section elementor-top-section elementor-element elementor-element-335192e7 elementor-section-boxed elementor-section-height-default elementor-section-height-default\" data-id=\"335192e7\" data-element_type=\"section\" data-e-type=\"section\">\n\t\t\t\t\t\t<div class=\"elementor-container elementor-column-gap-default\">\n\t\t\t\t\t<div class=\"elementor-column elementor-col-100 elementor-top-column elementor-element elementor-element-7838dd77\" data-id=\"7838dd77\" data-element_type=\"column\" data-e-type=\"column\">\n\t\t\t<div class=\"elementor-widget-wrap elementor-element-populated\">\n\t\t\t\t\t\t<div class=\"elementor-element elementor-element-3222b858 elementor-arrows-position-inside elementor-pagination-position-outside elementor-widget elementor-widget-image-carousel\" data-id=\"3222b858\" data-element_type=\"widget\" data-e-type=\"widget\" data-settings=\"{&quot;slides_to_scroll&quot;:&quot;3&quot;,&quot;navigation&quot;:&quot;both&quot;,&quot;autoplay&quot;:&quot;yes&quot;,&quot;pause_on_hover&quot;:&quot;yes&quot;,&quot;pause_on_interaction&quot;:&quot;yes&quot;,&quot;autoplay_speed&quot;:5000,&quot;infinite&quot;:&quot;yes&quot;,&quot;speed&quot;:500,&quot;image_spacing_custom&quot;:{&quot;unit&quot;:&quot;px&quot;,&quot;size&quot;:20,&quot;sizes&quot;:[]},&quot;image_spacing_custom_tablet&quot;:{&quot;unit&quot;:&quot;px&quot;,&quot;size&quot;:&quot;&quot;,&quot;sizes&quot;:[]},&quot;image_spacing_custom_mobile&quot;:{&quot;unit&quot;:&quot;px&quot;,&quot;size&quot;:&quot;&quot;,&quot;sizes&quot;:[]}}\" data-widget_type=\"image-carousel.default\">\n\t\t\t\t<div class=\"elementor-widget-container\">\n\t\t\t\t\t\t\t<div class=\"elementor-image-carousel-wrapper swiper\" role=\"region\" aria-roledescription=\"carousel\" aria-label=\"Bild Karussell\" dir=\"ltr\">\n\t\t\t<div class=\"elementor-image-carousel swiper-wrapper swiper-image-stretch\" aria-live=\"off\">\n\t\t\t\t\t\t\t\t<div class=\"swiper-slide\" role=\"group\" aria-roledescription=\"slide\" aria-label=\"1 von 4\"><a data-elementor-open-lightbox=\"yes\" data-elementor-lightbox-slideshow=\"3222b858\" data-elementor-lightbox-title=\"LISBONCascaisPraiaCresmina\" data-e-action-hash=\"#elementor-action%3Aaction%3Dlightbox%26settings%3DeyJpZCI6MTE4NywidXJsIjoiaHR0cHM6XC9cL3d3dy53ZWRkaW5ncG9ydHVnYWwuY29tXC93cC1jb250ZW50XC91cGxvYWRzXC8yMDIwXC8wN1wvTElTQk9OQ2FzY2Fpc1ByYWlhQ3Jlc21pbmEuanBnIiwic2xpZGVzaG93IjoiMzIyMmI4NTgifQ%3D%3D\" href=\"https:\/\/www.weddingportugal.com\/wp-content\/uploads\/2020\/07\/LISBONCascaisPraiaCresmina.jpg\"><figure class=\"swiper-slide-inner\"><img decoding=\"async\" class=\"swiper-slide-image\" src=\"https:\/\/www.weddingportugal.com\/wp-content\/uploads\/2020\/07\/LISBONCascaisPraiaCresmina.jpg\" alt=\"LISBONCascaisPraiaCresmina\" \/><\/figure><\/a><\/div><div class=\"swiper-slide\" role=\"group\" aria-roledescription=\"slide\" aria-label=\"2 von 4\"><a data-elementor-open-lightbox=\"yes\" data-elementor-lightbox-slideshow=\"3222b858\" data-elementor-lightbox-title=\"LISBONCascaisPraiaCresmina01\" data-e-action-hash=\"#elementor-action%3Aaction%3Dlightbox%26settings%3DeyJpZCI6MTE5MiwidXJsIjoiaHR0cHM6XC9cL3d3dy53ZWRkaW5ncG9ydHVnYWwuY29tXC93cC1jb250ZW50XC91cGxvYWRzXC8yMDIwXC8wN1wvTElTQk9OQ2FzY2Fpc1ByYWlhQ3Jlc21pbmEwMS5qcGciLCJzbGlkZXNob3ciOiIzMjIyYjg1OCJ9\" href=\"https:\/\/www.weddingportugal.com\/wp-content\/uploads\/2020\/07\/LISBONCascaisPraiaCresmina01.jpg\"><figure class=\"swiper-slide-inner\"><img decoding=\"async\" class=\"swiper-slide-image\" src=\"https:\/\/www.weddingportugal.com\/wp-content\/uploads\/2020\/07\/LISBONCascaisPraiaCresmina01.jpg\" alt=\"LISBONCascaisPraiaCresmina01\" \/><\/figure><\/a><\/div><div class=\"swiper-slide\" role=\"group\" aria-roledescription=\"slide\" aria-label=\"3 von 4\"><a data-elementor-open-lightbox=\"yes\" data-elementor-lightbox-slideshow=\"3222b858\" data-elementor-lightbox-title=\"LISBONCascaisPraiaCresmina02\" data-e-action-hash=\"#elementor-action%3Aaction%3Dlightbox%26settings%3DeyJpZCI6MTE5NiwidXJsIjoiaHR0cHM6XC9cL3d3dy53ZWRkaW5ncG9ydHVnYWwuY29tXC93cC1jb250ZW50XC91cGxvYWRzXC8yMDIwXC8wN1wvTElTQk9OQ2FzY2Fpc1ByYWlhQ3Jlc21pbmEwMi5qcGciLCJzbGlkZXNob3ciOiIzMjIyYjg1OCJ9\" href=\"https:\/\/www.weddingportugal.com\/wp-content\/uploads\/2020\/07\/LISBONCascaisPraiaCresmina02.jpg\"><figure class=\"swiper-slide-inner\"><img decoding=\"async\" class=\"swiper-slide-image\" src=\"https:\/\/www.weddingportugal.com\/wp-content\/uploads\/2020\/07\/LISBONCascaisPraiaCresmina02.jpg\" alt=\"LISBONCascaisPraiaCresmina02\" \/><\/figure><\/a><\/div><div class=\"swiper-slide\" role=\"group\" aria-roledescription=\"slide\" aria-label=\"4 von 4\"><a data-elementor-open-lightbox=\"yes\" data-elementor-lightbox-slideshow=\"3222b858\" data-elementor-lightbox-title=\"LISBONCascaisPraiaCresmina03\" data-e-action-hash=\"#elementor-action%3Aaction%3Dlightbox%26settings%3DeyJpZCI6MTIwMCwidXJsIjoiaHR0cHM6XC9cL3d3dy53ZWRkaW5ncG9ydHVnYWwuY29tXC93cC1jb250ZW50XC91cGxvYWRzXC8yMDIwXC8wN1wvTElTQk9OQ2FzY2Fpc1ByYWlhQ3Jlc21pbmEwMy5qcGciLCJzbGlkZXNob3ciOiIzMjIyYjg1OCJ9\" href=\"https:\/\/www.weddingportugal.com\/wp-content\/uploads\/2020\/07\/LISBONCascaisPraiaCresmina03.jpg\"><figure class=\"swiper-slide-inner\"><img decoding=\"async\" class=\"swiper-slide-image\" src=\"https:\/\/www.weddingportugal.com\/wp-content\/uploads\/2020\/07\/LISBONCascaisPraiaCresmina03.jpg\" alt=\"LISBONCascaisPraiaCresmina03\" \/><\/figure><\/a><\/div>\t\t\t<\/div>\n\t\t\t\t\t\t\t\t\t\t\t\t<div class=\"elementor-swiper-button elementor-swiper-button-prev\" role=\"button\" tabindex=\"0\">\n\t\t\t\t\t\t<i aria-hidden=\"true\" class=\"eicon-chevron-left\"><\/i>\t\t\t\t\t<\/div>\n\t\t\t\t\t<div class=\"elementor-swiper-button elementor-swiper-button-next\" role=\"button\" tabindex=\"0\">\n\t\t\t\t\t\t<i aria-hidden=\"true\" class=\"eicon-chevron-right\"><\/i>\t\t\t\t\t<\/div>\n\t\t\t\t\n\t\t\t\t\t\t\t\t\t<div class=\"swiper-pagination\"><\/div>\n\t\t\t\t\t\t\t\t\t<\/div>\n\t\t\t\t\t\t<\/div>\n\t\t\t\t<\/div>\n\t\t\t\t\t<\/div>\n\t\t<\/div>\n\t\t\t\t\t<\/div>\n\t\t<\/section>\n\t\t\t\t<\/div>\n\t\t","protected":false},"excerpt":{"rendered":"<p>Der Strand von Cresmina im Naturpark Sintra-Cascais bietet eine wundersch\u00f6ne Kulisse f\u00fcr Ihre Hochzeitszeremonie. Hier k\u00f6nnen wir eine standesamtliche oder freie Trauung f\u00fcr Sie planen. Der Strand sorgt f\u00fcr eine ruhige Atmosph\u00e4re und ist dennoch gut von Lissabon aus erreichbar. Wir empfehlen ihn besonders f\u00fcr Elopements oder kleinere Gruppen mit Zeremonie Zeit ewntweder am Vormittag [&hellip;]<\/p>\n","protected":false},"author":1,"featured_media":1187,"parent":4601,"menu_order":16,"comment_status":"closed","ping_status":"closed","template":"","meta":{"content-type":"","footnotes":""},"class_list":["post-4617","page","type-page","status-publish","has-post-thumbnail","hentry"],"yoast_head":"<!-- This site is optimized with the Yoast SEO plugin v27.2 - https:\/\/yoast.com\/product\/yoast-seo-wordpress\/ -->\n<title>Lissabon \u2013 (Cascais) Strand von Cresmina - Wedding Portugal<\/title>\n<meta name=\"robots\" content=\"index, follow, max-snippet:-1, max-image-preview:large, max-video-preview:-1\" \/>\n<link rel=\"canonical\" href=\"https:\/\/www.weddingportugal.com\/de\/hochzeitslocations\/zeremonie-locations\/lissabon-cascais-strand-von-cresmina\/\" \/>\n<meta property=\"og:locale\" content=\"de_DE\" \/>\n<meta property=\"og:type\" content=\"article\" \/>\n<meta property=\"og:title\" content=\"Lissabon \u2013 (Cascais) Strand von Cresmina - Wedding Portugal\" \/>\n<meta property=\"og:description\" content=\"Der Strand von Cresmina im Naturpark Sintra-Cascais bietet eine wundersch\u00f6ne Kulisse f\u00fcr Ihre Hochzeitszeremonie. Hier k\u00f6nnen wir eine standesamtliche oder freie Trauung f\u00fcr Sie planen. Der Strand sorgt f\u00fcr eine ruhige Atmosph\u00e4re und ist dennoch gut von Lissabon aus erreichbar. Wir empfehlen ihn besonders f\u00fcr Elopements oder kleinere Gruppen mit Zeremonie Zeit ewntweder am Vormittag [&hellip;]\" \/>\n<meta property=\"og:url\" content=\"https:\/\/www.weddingportugal.com\/de\/hochzeitslocations\/zeremonie-locations\/lissabon-cascais-strand-von-cresmina\/\" \/>\n<meta property=\"og:site_name\" content=\"Wedding Portugal\" \/>\n<meta property=\"article:modified_time\" content=\"2025-03-27T09:06:12+00:00\" \/>\n<meta property=\"og:image\" content=\"https:\/\/www.weddingportugal.com\/wp-content\/uploads\/2020\/07\/LISBONCascaisPraiaCresmina.jpg\" \/>\n\t<meta property=\"og:image:width\" content=\"760\" \/>\n\t<meta property=\"og:image:height\" content=\"500\" \/>\n\t<meta property=\"og:image:type\" content=\"image\/jpeg\" \/>\n<meta name=\"twitter:card\" content=\"summary_large_image\" \/>\n<meta name=\"twitter:label1\" content=\"Gesch\u00e4tzte Lesezeit\" \/>\n\t<meta name=\"twitter:data1\" content=\"3\u00a0Minuten\" \/>\n<script type=\"application\/ld+json\" class=\"yoast-schema-graph\">{\"@context\":\"https:\/\/schema.org\",\"@graph\":[{\"@type\":\"WebPage\",\"@id\":\"https:\/\/www.weddingportugal.com\/de\/hochzeitslocations\/zeremonie-locations\/lissabon-cascais-strand-von-cresmina\/\",\"url\":\"https:\/\/www.weddingportugal.com\/de\/hochzeitslocations\/zeremonie-locations\/lissabon-cascais-strand-von-cresmina\/\",\"name\":\"Lissabon \u2013 (Cascais) Strand von Cresmina - Wedding Portugal\",\"isPartOf\":{\"@id\":\"https:\/\/www.weddingportugal.com\/de\/#website\"},\"primaryImageOfPage\":{\"@id\":\"https:\/\/www.weddingportugal.com\/de\/hochzeitslocations\/zeremonie-locations\/lissabon-cascais-strand-von-cresmina\/#primaryimage\"},\"image\":{\"@id\":\"https:\/\/www.weddingportugal.com\/de\/hochzeitslocations\/zeremonie-locations\/lissabon-cascais-strand-von-cresmina\/#primaryimage\"},\"thumbnailUrl\":\"https:\/\/www.weddingportugal.com\/wp-content\/uploads\/2020\/07\/LISBONCascaisPraiaCresmina.jpg\",\"datePublished\":\"2021-07-07T15:42:31+00:00\",\"dateModified\":\"2025-03-27T09:06:12+00:00\",\"breadcrumb\":{\"@id\":\"https:\/\/www.weddingportugal.com\/de\/hochzeitslocations\/zeremonie-locations\/lissabon-cascais-strand-von-cresmina\/#breadcrumb\"},\"inLanguage\":\"de\",\"potentialAction\":[{\"@type\":\"ReadAction\",\"target\":[\"https:\/\/www.weddingportugal.com\/de\/hochzeitslocations\/zeremonie-locations\/lissabon-cascais-strand-von-cresmina\/\"]}]},{\"@type\":\"ImageObject\",\"inLanguage\":\"de\",\"@id\":\"https:\/\/www.weddingportugal.com\/de\/hochzeitslocations\/zeremonie-locations\/lissabon-cascais-strand-von-cresmina\/#primaryimage\",\"url\":\"https:\/\/www.weddingportugal.com\/wp-content\/uploads\/2020\/07\/LISBONCascaisPraiaCresmina.jpg\",\"contentUrl\":\"https:\/\/www.weddingportugal.com\/wp-content\/uploads\/2020\/07\/LISBONCascaisPraiaCresmina.jpg\",\"width\":760,\"height\":500},{\"@type\":\"BreadcrumbList\",\"@id\":\"https:\/\/www.weddingportugal.com\/de\/hochzeitslocations\/zeremonie-locations\/lissabon-cascais-strand-von-cresmina\/#breadcrumb\",\"itemListElement\":[{\"@type\":\"ListItem\",\"position\":1,\"name\":\"Home\",\"item\":\"https:\/\/www.weddingportugal.com\/de\/\"},{\"@type\":\"ListItem\",\"position\":2,\"name\":\"Hochzeitslocations\",\"item\":\"https:\/\/www.weddingportugal.com\/de\/hochzeitslocations\/\"},{\"@type\":\"ListItem\",\"position\":3,\"name\":\"Zeremonie Locations\",\"item\":\"https:\/\/www.weddingportugal.com\/de\/hochzeitslocations\/zeremonie-locations\/\"},{\"@type\":\"ListItem\",\"position\":4,\"name\":\"Lissabon \u2013 (Cascais) Strand von Cresmina\"}]},{\"@type\":\"WebSite\",\"@id\":\"https:\/\/www.weddingportugal.com\/de\/#website\",\"url\":\"https:\/\/www.weddingportugal.com\/de\/\",\"name\":\"Wedding Portugal\",\"description\":\"We tell you why you should get your weeding in Portugal\",\"publisher\":{\"@id\":\"https:\/\/www.weddingportugal.com\/de\/#organization\"},\"potentialAction\":[{\"@type\":\"SearchAction\",\"target\":{\"@type\":\"EntryPoint\",\"urlTemplate\":\"https:\/\/www.weddingportugal.com\/de\/?s={search_term_string}\"},\"query-input\":{\"@type\":\"PropertyValueSpecification\",\"valueRequired\":true,\"valueName\":\"search_term_string\"}}],\"inLanguage\":\"de\"},{\"@type\":\"Organization\",\"@id\":\"https:\/\/www.weddingportugal.com\/de\/#organization\",\"name\":\"Wedding Portugal\",\"url\":\"https:\/\/www.weddingportugal.com\/de\/\",\"logo\":{\"@type\":\"ImageObject\",\"inLanguage\":\"de\",\"@id\":\"https:\/\/www.weddingportugal.com\/de\/#\/schema\/logo\/image\/\",\"url\":\"https:\/\/www.weddingportugal.com\/wp-content\/uploads\/2020\/02\/cropped-logo-WeddingPortugal.png\",\"contentUrl\":\"https:\/\/www.weddingportugal.com\/wp-content\/uploads\/2020\/02\/cropped-logo-WeddingPortugal.png\",\"width\":523,\"height\":89,\"caption\":\"Wedding Portugal\"},\"image\":{\"@id\":\"https:\/\/www.weddingportugal.com\/de\/#\/schema\/logo\/image\/\"}}]}<\/script>\n<!-- \/ Yoast SEO plugin. -->","yoast_head_json":{"title":"Lissabon \u2013 (Cascais) Strand von Cresmina - Wedding Portugal","robots":{"index":"index","follow":"follow","max-snippet":"max-snippet:-1","max-image-preview":"max-image-preview:large","max-video-preview":"max-video-preview:-1"},"canonical":"https:\/\/www.weddingportugal.com\/de\/hochzeitslocations\/zeremonie-locations\/lissabon-cascais-strand-von-cresmina\/","og_locale":"de_DE","og_type":"article","og_title":"Lissabon \u2013 (Cascais) Strand von Cresmina - Wedding Portugal","og_description":"Der Strand von Cresmina im Naturpark Sintra-Cascais bietet eine wundersch\u00f6ne Kulisse f\u00fcr Ihre Hochzeitszeremonie. Hier k\u00f6nnen wir eine standesamtliche oder freie Trauung f\u00fcr Sie planen. Der Strand sorgt f\u00fcr eine ruhige Atmosph\u00e4re und ist dennoch gut von Lissabon aus erreichbar. Wir empfehlen ihn besonders f\u00fcr Elopements oder kleinere Gruppen mit Zeremonie Zeit ewntweder am Vormittag [&hellip;]","og_url":"https:\/\/www.weddingportugal.com\/de\/hochzeitslocations\/zeremonie-locations\/lissabon-cascais-strand-von-cresmina\/","og_site_name":"Wedding Portugal","article_modified_time":"2025-03-27T09:06:12+00:00","og_image":[{"width":760,"height":500,"url":"https:\/\/www.weddingportugal.com\/wp-content\/uploads\/2020\/07\/LISBONCascaisPraiaCresmina.jpg","type":"image\/jpeg"}],"twitter_card":"summary_large_image","twitter_misc":{"Gesch\u00e4tzte Lesezeit":"3\u00a0Minuten"},"schema":{"@context":"https:\/\/schema.org","@graph":[{"@type":"WebPage","@id":"https:\/\/www.weddingportugal.com\/de\/hochzeitslocations\/zeremonie-locations\/lissabon-cascais-strand-von-cresmina\/","url":"https:\/\/www.weddingportugal.com\/de\/hochzeitslocations\/zeremonie-locations\/lissabon-cascais-strand-von-cresmina\/","name":"Lissabon \u2013 (Cascais) Strand von Cresmina - Wedding Portugal","isPartOf":{"@id":"https:\/\/www.weddingportugal.com\/de\/#website"},"primaryImageOfPage":{"@id":"https:\/\/www.weddingportugal.com\/de\/hochzeitslocations\/zeremonie-locations\/lissabon-cascais-strand-von-cresmina\/#primaryimage"},"image":{"@id":"https:\/\/www.weddingportugal.com\/de\/hochzeitslocations\/zeremonie-locations\/lissabon-cascais-strand-von-cresmina\/#primaryimage"},"thumbnailUrl":"https:\/\/www.weddingportugal.com\/wp-content\/uploads\/2020\/07\/LISBONCascaisPraiaCresmina.jpg","datePublished":"2021-07-07T15:42:31+00:00","dateModified":"2025-03-27T09:06:12+00:00","breadcrumb":{"@id":"https:\/\/www.weddingportugal.com\/de\/hochzeitslocations\/zeremonie-locations\/lissabon-cascais-strand-von-cresmina\/#breadcrumb"},"inLanguage":"de","potentialAction":[{"@type":"ReadAction","target":["https:\/\/www.weddingportugal.com\/de\/hochzeitslocations\/zeremonie-locations\/lissabon-cascais-strand-von-cresmina\/"]}]},{"@type":"ImageObject","inLanguage":"de","@id":"https:\/\/www.weddingportugal.com\/de\/hochzeitslocations\/zeremonie-locations\/lissabon-cascais-strand-von-cresmina\/#primaryimage","url":"https:\/\/www.weddingportugal.com\/wp-content\/uploads\/2020\/07\/LISBONCascaisPraiaCresmina.jpg","contentUrl":"https:\/\/www.weddingportugal.com\/wp-content\/uploads\/2020\/07\/LISBONCascaisPraiaCresmina.jpg","width":760,"height":500},{"@type":"BreadcrumbList","@id":"https:\/\/www.weddingportugal.com\/de\/hochzeitslocations\/zeremonie-locations\/lissabon-cascais-strand-von-cresmina\/#breadcrumb","itemListElement":[{"@type":"ListItem","position":1,"name":"Home","item":"https:\/\/www.weddingportugal.com\/de\/"},{"@type":"ListItem","position":2,"name":"Hochzeitslocations","item":"https:\/\/www.weddingportugal.com\/de\/hochzeitslocations\/"},{"@type":"ListItem","position":3,"name":"Zeremonie Locations","item":"https:\/\/www.weddingportugal.com\/de\/hochzeitslocations\/zeremonie-locations\/"},{"@type":"ListItem","position":4,"name":"Lissabon \u2013 (Cascais) Strand von Cresmina"}]},{"@type":"WebSite","@id":"https:\/\/www.weddingportugal.com\/de\/#website","url":"https:\/\/www.weddingportugal.com\/de\/","name":"Wedding Portugal","description":"We tell you why you should get your weeding in Portugal","publisher":{"@id":"https:\/\/www.weddingportugal.com\/de\/#organization"},"potentialAction":[{"@type":"SearchAction","target":{"@type":"EntryPoint","urlTemplate":"https:\/\/www.weddingportugal.com\/de\/?s={search_term_string}"},"query-input":{"@type":"PropertyValueSpecification","valueRequired":true,"valueName":"search_term_string"}}],"inLanguage":"de"},{"@type":"Organization","@id":"https:\/\/www.weddingportugal.com\/de\/#organization","name":"Wedding Portugal","url":"https:\/\/www.weddingportugal.com\/de\/","logo":{"@type":"ImageObject","inLanguage":"de","@id":"https:\/\/www.weddingportugal.com\/de\/#\/schema\/logo\/image\/","url":"https:\/\/www.weddingportugal.com\/wp-content\/uploads\/2020\/02\/cropped-logo-WeddingPortugal.png","contentUrl":"https:\/\/www.weddingportugal.com\/wp-content\/uploads\/2020\/02\/cropped-logo-WeddingPortugal.png","width":523,"height":89,"caption":"Wedding Portugal"},"image":{"@id":"https:\/\/www.weddingportugal.com\/de\/#\/schema\/logo\/image\/"}}]}},"_links":{"self":[{"href":"https:\/\/www.weddingportugal.com\/de\/wp-json\/wp\/v2\/pages\/4617","targetHints":{"allow":["GET"]}}],"collection":[{"href":"https:\/\/www.weddingportugal.com\/de\/wp-json\/wp\/v2\/pages"}],"about":[{"href":"https:\/\/www.weddingportugal.com\/de\/wp-json\/wp\/v2\/types\/page"}],"author":[{"embeddable":true,"href":"https:\/\/www.weddingportugal.com\/de\/wp-json\/wp\/v2\/users\/1"}],"replies":[{"embeddable":true,"href":"https:\/\/www.weddingportugal.com\/de\/wp-json\/wp\/v2\/comments?post=4617"}],"version-history":[{"count":7,"href":"https:\/\/www.weddingportugal.com\/de\/wp-json\/wp\/v2\/pages\/4617\/revisions"}],"predecessor-version":[{"id":6064,"href":"https:\/\/www.weddingportugal.com\/de\/wp-json\/wp\/v2\/pages\/4617\/revisions\/6064"}],"up":[{"embeddable":true,"href":"https:\/\/www.weddingportugal.com\/de\/wp-json\/wp\/v2\/pages\/4601"}],"wp:featuredmedia":[{"embeddable":true,"href":"https:\/\/www.weddingportugal.com\/de\/wp-json\/wp\/v2\/media\/1187"}],"wp:attachment":[{"href":"https:\/\/www.weddingportugal.com\/de\/wp-json\/wp\/v2\/media?parent=4617"}],"curies":[{"name":"wp","href":"https:\/\/api.w.org\/{rel}","templated":true}]}}