{"id":4611,"date":"2021-07-07T15:39:30","date_gmt":"2021-07-07T15:39:30","guid":{"rendered":"https:\/\/www.weddingportugal.com\/hochzeitslocations\/zeremonie-locations\/algarve-senhora-da-rocha\/"},"modified":"2025-03-25T11:56:08","modified_gmt":"2025-03-25T11:56:08","slug":"algarve-senhora-da-rocha","status":"publish","type":"page","link":"https:\/\/www.weddingportugal.com\/de\/hochzeitslocations\/zeremonie-locations\/algarve-senhora-da-rocha\/","title":{"rendered":"ALGARVE &#8211; Senhora da Rocha"},"content":{"rendered":"\t\t<div data-elementor-type=\"wp-page\" data-elementor-id=\"4611\" class=\"elementor elementor-4611 elementor-951\" data-elementor-post-type=\"page\">\n\t\t\t\t\t\t<section class=\"elementor-section elementor-top-section elementor-element elementor-element-2673fa3c elementor-section-boxed elementor-section-height-default elementor-section-height-default\" data-id=\"2673fa3c\" data-element_type=\"section\" data-e-type=\"section\">\n\t\t\t\t\t\t<div class=\"elementor-container elementor-column-gap-default\">\n\t\t\t\t\t<div class=\"elementor-column elementor-col-50 elementor-top-column elementor-element elementor-element-39c7914e\" data-id=\"39c7914e\" data-element_type=\"column\" data-e-type=\"column\">\n\t\t\t<div class=\"elementor-widget-wrap elementor-element-populated\">\n\t\t\t\t\t\t<div class=\"elementor-element elementor-element-62612339 elementor-widget elementor-widget-text-editor\" data-id=\"62612339\" data-element_type=\"widget\" data-e-type=\"widget\" data-widget_type=\"text-editor.default\">\n\t\t\t\t<div class=\"elementor-widget-container\">\n\t\t\t\t\t\t\t\t\t<p style=\"text-align: center;\"><strong>Heiraten unter freiem Himmel, mit der Kirche im Hintergrund und dem Meer als Kulisse.<\/strong><\/p><p>Senhora da Rocha in Porches, Algarve, bietet eine <strong>beeindruckende Kulisse f\u00fcr ein Hochzeit <\/strong>und ist ein beliebter Ort \u2013 <strong>eine fr\u00fchzeitige Reservierung ist daher unerl\u00e4sslich,<\/strong> um Ihren besonderen Tag zu sichern. Wir k\u00f6nnen an diesem Ort <strong>standesamtliche Hochzeiten, sowie Freie Trauungen<\/strong> organisieren und durchf\u00fchren.<br \/>Eine Hochzeit an der Senhora da Rocha <strong>erfordert spezielle Genehmigungen<\/strong>, darunter eine Haftpflichtversicherung sowie Lizenzen von der Meerespolizei und dem \u00f6rtlichen Rathaus. Die Kosten f\u00fcr diese Genehmigungen variieren je nach Anzahl der G\u00e4ste.<br \/><strong>bis zu 50 G\u00e4sten &#8211; ab 630\u20ac <\/strong><\/p><p><strong>und f\u00fcr 51-70 Personen &#8211; ab 710\u20ac<\/strong><\/p><p>Wir bieten einen umfassenden Service, der sowohl die Buchung der Location als auch die Beschaffung aller erforderlichen Lizenzen \u00fcbernimmt.<\/p>\t\t\t\t\t\t\t\t<\/div>\n\t\t\t\t<\/div>\n\t\t\t\t\t<\/div>\n\t\t<\/div>\n\t\t\t\t<div class=\"elementor-column elementor-col-50 elementor-top-column elementor-element elementor-element-1984459d\" data-id=\"1984459d\" data-element_type=\"column\" data-e-type=\"column\">\n\t\t\t<div class=\"elementor-widget-wrap elementor-element-populated\">\n\t\t\t\t\t\t<div class=\"elementor-element elementor-element-1a3debef elementor-widget elementor-widget-image\" data-id=\"1a3debef\" data-element_type=\"widget\" data-e-type=\"widget\" data-widget_type=\"image.default\">\n\t\t\t\t<div class=\"elementor-widget-container\">\n\t\t\t\t\t\t\t\t\t\t\t\t\t\t\t<img fetchpriority=\"high\" decoding=\"async\" width=\"760\" height=\"500\" src=\"https:\/\/www.weddingportugal.com\/wp-content\/uploads\/2020\/07\/ALGARVESenhoraRocha.jpg\" class=\"attachment-large size-large wp-image-1116\" alt=\"\" srcset=\"https:\/\/www.weddingportugal.com\/wp-content\/uploads\/2020\/07\/ALGARVESenhoraRocha.jpg 760w, https:\/\/www.weddingportugal.com\/wp-content\/uploads\/2020\/07\/ALGARVESenhoraRocha-300x197.jpg 300w\" sizes=\"(max-width: 760px) 100vw, 760px\" \/>\t\t\t\t\t\t\t\t\t\t\t\t\t\t\t<\/div>\n\t\t\t\t<\/div>\n\t\t\t\t\t<\/div>\n\t\t<\/div>\n\t\t\t\t\t<\/div>\n\t\t<\/section>\n\t\t\t\t<section class=\"elementor-section elementor-top-section elementor-element elementor-element-23c83c6b elementor-section-boxed elementor-section-height-default elementor-section-height-default\" data-id=\"23c83c6b\" data-element_type=\"section\" data-e-type=\"section\">\n\t\t\t\t\t\t<div class=\"elementor-container elementor-column-gap-default\">\n\t\t\t\t\t<div class=\"elementor-column elementor-col-100 elementor-top-column elementor-element elementor-element-b8fd226\" data-id=\"b8fd226\" data-element_type=\"column\" data-e-type=\"column\">\n\t\t\t<div class=\"elementor-widget-wrap elementor-element-populated\">\n\t\t\t\t\t\t<div class=\"elementor-element elementor-element-57151a69 elementor-arrows-position-inside elementor-pagination-position-outside elementor-widget elementor-widget-image-carousel\" data-id=\"57151a69\" data-element_type=\"widget\" data-e-type=\"widget\" data-settings=\"{&quot;slides_to_show&quot;:&quot;4&quot;,&quot;navigation&quot;:&quot;both&quot;,&quot;autoplay&quot;:&quot;yes&quot;,&quot;pause_on_hover&quot;:&quot;yes&quot;,&quot;pause_on_interaction&quot;:&quot;yes&quot;,&quot;autoplay_speed&quot;:5000,&quot;infinite&quot;:&quot;yes&quot;,&quot;speed&quot;:500,&quot;image_spacing_custom&quot;:{&quot;unit&quot;:&quot;px&quot;,&quot;size&quot;:20,&quot;sizes&quot;:[]},&quot;image_spacing_custom_tablet&quot;:{&quot;unit&quot;:&quot;px&quot;,&quot;size&quot;:&quot;&quot;,&quot;sizes&quot;:[]},&quot;image_spacing_custom_mobile&quot;:{&quot;unit&quot;:&quot;px&quot;,&quot;size&quot;:&quot;&quot;,&quot;sizes&quot;:[]}}\" data-widget_type=\"image-carousel.default\">\n\t\t\t\t<div class=\"elementor-widget-container\">\n\t\t\t\t\t\t\t<div class=\"elementor-image-carousel-wrapper swiper\" role=\"region\" aria-roledescription=\"carousel\" aria-label=\"Bild Karussell\" dir=\"ltr\">\n\t\t\t<div class=\"elementor-image-carousel swiper-wrapper swiper-image-stretch\" aria-live=\"off\">\n\t\t\t\t\t\t\t\t<div class=\"swiper-slide\" role=\"group\" aria-roledescription=\"slide\" aria-label=\"1 von 4\"><a data-elementor-open-lightbox=\"yes\" data-elementor-lightbox-slideshow=\"57151a69\" data-elementor-lightbox-title=\"ALGARVESenhoraRocha01\" data-e-action-hash=\"#elementor-action%3Aaction%3Dlightbox%26settings%3DeyJpZCI6MTEyMSwidXJsIjoiaHR0cHM6XC9cL3d3dy53ZWRkaW5ncG9ydHVnYWwuY29tXC93cC1jb250ZW50XC91cGxvYWRzXC8yMDIwXC8wN1wvQUxHQVJWRVNlbmhvcmFSb2NoYTAxLmpwZyIsInNsaWRlc2hvdyI6IjU3MTUxYTY5In0%3D\" href=\"https:\/\/www.weddingportugal.com\/wp-content\/uploads\/2020\/07\/ALGARVESenhoraRocha01.jpg\"><figure class=\"swiper-slide-inner\"><img decoding=\"async\" class=\"swiper-slide-image\" src=\"https:\/\/www.weddingportugal.com\/wp-content\/uploads\/2020\/07\/ALGARVESenhoraRocha01.jpg\" alt=\"ALGARVESenhoraRocha01\" \/><\/figure><\/a><\/div><div class=\"swiper-slide\" role=\"group\" aria-roledescription=\"slide\" aria-label=\"2 von 4\"><a data-elementor-open-lightbox=\"yes\" data-elementor-lightbox-slideshow=\"57151a69\" data-elementor-lightbox-title=\"ALGARVESenhoraRocha02\" data-e-action-hash=\"#elementor-action%3Aaction%3Dlightbox%26settings%3DeyJpZCI6MTEyNSwidXJsIjoiaHR0cHM6XC9cL3d3dy53ZWRkaW5ncG9ydHVnYWwuY29tXC93cC1jb250ZW50XC91cGxvYWRzXC8yMDIwXC8wN1wvQUxHQVJWRVNlbmhvcmFSb2NoYTAyLmpwZyIsInNsaWRlc2hvdyI6IjU3MTUxYTY5In0%3D\" href=\"https:\/\/www.weddingportugal.com\/wp-content\/uploads\/2020\/07\/ALGARVESenhoraRocha02.jpg\"><figure class=\"swiper-slide-inner\"><img decoding=\"async\" class=\"swiper-slide-image\" src=\"https:\/\/www.weddingportugal.com\/wp-content\/uploads\/2020\/07\/ALGARVESenhoraRocha02.jpg\" alt=\"ALGARVESenhoraRocha02\" \/><\/figure><\/a><\/div><div class=\"swiper-slide\" role=\"group\" aria-roledescription=\"slide\" aria-label=\"3 von 4\"><a data-elementor-open-lightbox=\"yes\" data-elementor-lightbox-slideshow=\"57151a69\" data-elementor-lightbox-title=\"Lady of the Rocks - by weddingportugal.com_4\" data-e-action-hash=\"#elementor-action%3Aaction%3Dlightbox%26settings%3DeyJpZCI6NTcxNywidXJsIjoiaHR0cHM6XC9cL3d3dy53ZWRkaW5ncG9ydHVnYWwuY29tXC93cC1jb250ZW50XC91cGxvYWRzXC8yMDI1XC8wM1wvTGFkeS1vZi10aGUtUm9ja3MtYnktd2VkZGluZ3BvcnR1Z2FsLmNvbV80LmpwZyIsInNsaWRlc2hvdyI6IjU3MTUxYTY5In0%3D\" href=\"https:\/\/www.weddingportugal.com\/wp-content\/uploads\/2025\/03\/Lady-of-the-Rocks-by-weddingportugal.com_4.jpg\"><figure class=\"swiper-slide-inner\"><img decoding=\"async\" class=\"swiper-slide-image\" src=\"https:\/\/www.weddingportugal.com\/wp-content\/uploads\/2025\/03\/Lady-of-the-Rocks-by-weddingportugal.com_4-768x512.jpg\" alt=\"Lady of the Rocks - by weddingportugal.com_4\" \/><\/figure><\/a><\/div><div class=\"swiper-slide\" role=\"group\" aria-roledescription=\"slide\" aria-label=\"4 von 4\"><a data-elementor-open-lightbox=\"yes\" data-elementor-lightbox-slideshow=\"57151a69\" data-elementor-lightbox-title=\"Lady of the Rocks - by weddingportugal.com_3\" data-e-action-hash=\"#elementor-action%3Aaction%3Dlightbox%26settings%3DeyJpZCI6NTcxOSwidXJsIjoiaHR0cHM6XC9cL3d3dy53ZWRkaW5ncG9ydHVnYWwuY29tXC93cC1jb250ZW50XC91cGxvYWRzXC8yMDI1XC8wM1wvTGFkeS1vZi10aGUtUm9ja3MtYnktd2VkZGluZ3BvcnR1Z2FsLmNvbV8zLTEuanBnIiwic2xpZGVzaG93IjoiNTcxNTFhNjkifQ%3D%3D\" href=\"https:\/\/www.weddingportugal.com\/wp-content\/uploads\/2025\/03\/Lady-of-the-Rocks-by-weddingportugal.com_3-1.jpg\"><figure class=\"swiper-slide-inner\"><img decoding=\"async\" class=\"swiper-slide-image\" src=\"https:\/\/www.weddingportugal.com\/wp-content\/uploads\/2025\/03\/Lady-of-the-Rocks-by-weddingportugal.com_3-1-768x512.jpg\" alt=\"Lady of the Rocks - by weddingportugal.com_3\" \/><\/figure><\/a><\/div>\t\t\t<\/div>\n\t\t\t\t\t\t\t\t\t\t\t\t<div class=\"elementor-swiper-button elementor-swiper-button-prev\" role=\"button\" tabindex=\"0\">\n\t\t\t\t\t\t<i aria-hidden=\"true\" class=\"eicon-chevron-left\"><\/i>\t\t\t\t\t<\/div>\n\t\t\t\t\t<div class=\"elementor-swiper-button elementor-swiper-button-next\" role=\"button\" tabindex=\"0\">\n\t\t\t\t\t\t<i aria-hidden=\"true\" class=\"eicon-chevron-right\"><\/i>\t\t\t\t\t<\/div>\n\t\t\t\t\n\t\t\t\t\t\t\t\t\t<div class=\"swiper-pagination\"><\/div>\n\t\t\t\t\t\t\t\t\t<\/div>\n\t\t\t\t\t\t<\/div>\n\t\t\t\t<\/div>\n\t\t\t\t\t<\/div>\n\t\t<\/div>\n\t\t\t\t\t<\/div>\n\t\t<\/section>\n\t\t\t\t<\/div>\n\t\t","protected":false},"excerpt":{"rendered":"<p>Heiraten unter freiem Himmel, mit der Kirche im Hintergrund und dem Meer als Kulisse. Senhora da Rocha in Porches, Algarve, bietet eine beeindruckende Kulisse f\u00fcr ein Hochzeit und ist ein beliebter Ort \u2013 eine fr\u00fchzeitige Reservierung ist daher unerl\u00e4sslich, um Ihren besonderen Tag zu sichern. Wir k\u00f6nnen an diesem Ort standesamtliche Hochzeiten, sowie Freie Trauungen [&hellip;]<\/p>\n","protected":false},"author":1,"featured_media":1116,"parent":4601,"menu_order":13,"comment_status":"closed","ping_status":"closed","template":"","meta":{"content-type":"","footnotes":""},"class_list":["post-4611","page","type-page","status-publish","has-post-thumbnail","hentry"],"yoast_head":"<!-- This site is optimized with the Yoast SEO plugin v27.2 - https:\/\/yoast.com\/product\/yoast-seo-wordpress\/ -->\n<title>ALGARVE - Senhora da Rocha - Wedding Portugal<\/title>\n<meta name=\"robots\" content=\"index, follow, max-snippet:-1, max-image-preview:large, max-video-preview:-1\" \/>\n<link rel=\"canonical\" href=\"https:\/\/www.weddingportugal.com\/de\/hochzeitslocations\/zeremonie-locations\/algarve-senhora-da-rocha\/\" \/>\n<meta property=\"og:locale\" content=\"de_DE\" \/>\n<meta property=\"og:type\" content=\"article\" \/>\n<meta property=\"og:title\" content=\"ALGARVE - Senhora da Rocha - Wedding Portugal\" \/>\n<meta property=\"og:description\" content=\"Heiraten unter freiem Himmel, mit der Kirche im Hintergrund und dem Meer als Kulisse. Senhora da Rocha in Porches, Algarve, bietet eine beeindruckende Kulisse f\u00fcr ein Hochzeit und ist ein beliebter Ort \u2013 eine fr\u00fchzeitige Reservierung ist daher unerl\u00e4sslich, um Ihren besonderen Tag zu sichern. Wir k\u00f6nnen an diesem Ort standesamtliche Hochzeiten, sowie Freie Trauungen [&hellip;]\" \/>\n<meta property=\"og:url\" content=\"https:\/\/www.weddingportugal.com\/de\/hochzeitslocations\/zeremonie-locations\/algarve-senhora-da-rocha\/\" \/>\n<meta property=\"og:site_name\" content=\"Wedding Portugal\" \/>\n<meta property=\"article:modified_time\" content=\"2025-03-25T11:56:08+00:00\" \/>\n<meta property=\"og:image\" content=\"https:\/\/www.weddingportugal.com\/wp-content\/uploads\/2020\/07\/ALGARVESenhoraRocha.jpg\" \/>\n\t<meta property=\"og:image:width\" content=\"760\" \/>\n\t<meta property=\"og:image:height\" content=\"500\" \/>\n\t<meta property=\"og:image:type\" content=\"image\/jpeg\" \/>\n<meta name=\"twitter:card\" content=\"summary_large_image\" \/>\n<meta name=\"twitter:label1\" content=\"Gesch\u00e4tzte Lesezeit\" \/>\n\t<meta name=\"twitter:data1\" content=\"2\u00a0Minuten\" \/>\n<script type=\"application\/ld+json\" class=\"yoast-schema-graph\">{\"@context\":\"https:\/\/schema.org\",\"@graph\":[{\"@type\":\"WebPage\",\"@id\":\"https:\/\/www.weddingportugal.com\/de\/hochzeitslocations\/zeremonie-locations\/algarve-senhora-da-rocha\/\",\"url\":\"https:\/\/www.weddingportugal.com\/de\/hochzeitslocations\/zeremonie-locations\/algarve-senhora-da-rocha\/\",\"name\":\"ALGARVE - Senhora da Rocha - Wedding Portugal\",\"isPartOf\":{\"@id\":\"https:\/\/www.weddingportugal.com\/de\/#website\"},\"primaryImageOfPage\":{\"@id\":\"https:\/\/www.weddingportugal.com\/de\/hochzeitslocations\/zeremonie-locations\/algarve-senhora-da-rocha\/#primaryimage\"},\"image\":{\"@id\":\"https:\/\/www.weddingportugal.com\/de\/hochzeitslocations\/zeremonie-locations\/algarve-senhora-da-rocha\/#primaryimage\"},\"thumbnailUrl\":\"https:\/\/www.weddingportugal.com\/wp-content\/uploads\/2020\/07\/ALGARVESenhoraRocha.jpg\",\"datePublished\":\"2021-07-07T15:39:30+00:00\",\"dateModified\":\"2025-03-25T11:56:08+00:00\",\"breadcrumb\":{\"@id\":\"https:\/\/www.weddingportugal.com\/de\/hochzeitslocations\/zeremonie-locations\/algarve-senhora-da-rocha\/#breadcrumb\"},\"inLanguage\":\"de\",\"potentialAction\":[{\"@type\":\"ReadAction\",\"target\":[\"https:\/\/www.weddingportugal.com\/de\/hochzeitslocations\/zeremonie-locations\/algarve-senhora-da-rocha\/\"]}]},{\"@type\":\"ImageObject\",\"inLanguage\":\"de\",\"@id\":\"https:\/\/www.weddingportugal.com\/de\/hochzeitslocations\/zeremonie-locations\/algarve-senhora-da-rocha\/#primaryimage\",\"url\":\"https:\/\/www.weddingportugal.com\/wp-content\/uploads\/2020\/07\/ALGARVESenhoraRocha.jpg\",\"contentUrl\":\"https:\/\/www.weddingportugal.com\/wp-content\/uploads\/2020\/07\/ALGARVESenhoraRocha.jpg\",\"width\":760,\"height\":500},{\"@type\":\"BreadcrumbList\",\"@id\":\"https:\/\/www.weddingportugal.com\/de\/hochzeitslocations\/zeremonie-locations\/algarve-senhora-da-rocha\/#breadcrumb\",\"itemListElement\":[{\"@type\":\"ListItem\",\"position\":1,\"name\":\"Home\",\"item\":\"https:\/\/www.weddingportugal.com\/de\/\"},{\"@type\":\"ListItem\",\"position\":2,\"name\":\"Hochzeitslocations\",\"item\":\"https:\/\/www.weddingportugal.com\/de\/hochzeitslocations\/\"},{\"@type\":\"ListItem\",\"position\":3,\"name\":\"Zeremonie Locations\",\"item\":\"https:\/\/www.weddingportugal.com\/de\/hochzeitslocations\/zeremonie-locations\/\"},{\"@type\":\"ListItem\",\"position\":4,\"name\":\"ALGARVE &#8211; Senhora da Rocha\"}]},{\"@type\":\"WebSite\",\"@id\":\"https:\/\/www.weddingportugal.com\/de\/#website\",\"url\":\"https:\/\/www.weddingportugal.com\/de\/\",\"name\":\"Wedding Portugal\",\"description\":\"We tell you why you should get your weeding in Portugal\",\"publisher\":{\"@id\":\"https:\/\/www.weddingportugal.com\/de\/#organization\"},\"potentialAction\":[{\"@type\":\"SearchAction\",\"target\":{\"@type\":\"EntryPoint\",\"urlTemplate\":\"https:\/\/www.weddingportugal.com\/de\/?s={search_term_string}\"},\"query-input\":{\"@type\":\"PropertyValueSpecification\",\"valueRequired\":true,\"valueName\":\"search_term_string\"}}],\"inLanguage\":\"de\"},{\"@type\":\"Organization\",\"@id\":\"https:\/\/www.weddingportugal.com\/de\/#organization\",\"name\":\"Wedding Portugal\",\"url\":\"https:\/\/www.weddingportugal.com\/de\/\",\"logo\":{\"@type\":\"ImageObject\",\"inLanguage\":\"de\",\"@id\":\"https:\/\/www.weddingportugal.com\/de\/#\/schema\/logo\/image\/\",\"url\":\"https:\/\/www.weddingportugal.com\/wp-content\/uploads\/2020\/02\/cropped-logo-WeddingPortugal.png\",\"contentUrl\":\"https:\/\/www.weddingportugal.com\/wp-content\/uploads\/2020\/02\/cropped-logo-WeddingPortugal.png\",\"width\":523,\"height\":89,\"caption\":\"Wedding Portugal\"},\"image\":{\"@id\":\"https:\/\/www.weddingportugal.com\/de\/#\/schema\/logo\/image\/\"}}]}<\/script>\n<!-- \/ Yoast SEO plugin. -->","yoast_head_json":{"title":"ALGARVE - Senhora da Rocha - Wedding Portugal","robots":{"index":"index","follow":"follow","max-snippet":"max-snippet:-1","max-image-preview":"max-image-preview:large","max-video-preview":"max-video-preview:-1"},"canonical":"https:\/\/www.weddingportugal.com\/de\/hochzeitslocations\/zeremonie-locations\/algarve-senhora-da-rocha\/","og_locale":"de_DE","og_type":"article","og_title":"ALGARVE - Senhora da Rocha - Wedding Portugal","og_description":"Heiraten unter freiem Himmel, mit der Kirche im Hintergrund und dem Meer als Kulisse. Senhora da Rocha in Porches, Algarve, bietet eine beeindruckende Kulisse f\u00fcr ein Hochzeit und ist ein beliebter Ort \u2013 eine fr\u00fchzeitige Reservierung ist daher unerl\u00e4sslich, um Ihren besonderen Tag zu sichern. Wir k\u00f6nnen an diesem Ort standesamtliche Hochzeiten, sowie Freie Trauungen [&hellip;]","og_url":"https:\/\/www.weddingportugal.com\/de\/hochzeitslocations\/zeremonie-locations\/algarve-senhora-da-rocha\/","og_site_name":"Wedding Portugal","article_modified_time":"2025-03-25T11:56:08+00:00","og_image":[{"width":760,"height":500,"url":"https:\/\/www.weddingportugal.com\/wp-content\/uploads\/2020\/07\/ALGARVESenhoraRocha.jpg","type":"image\/jpeg"}],"twitter_card":"summary_large_image","twitter_misc":{"Gesch\u00e4tzte Lesezeit":"2\u00a0Minuten"},"schema":{"@context":"https:\/\/schema.org","@graph":[{"@type":"WebPage","@id":"https:\/\/www.weddingportugal.com\/de\/hochzeitslocations\/zeremonie-locations\/algarve-senhora-da-rocha\/","url":"https:\/\/www.weddingportugal.com\/de\/hochzeitslocations\/zeremonie-locations\/algarve-senhora-da-rocha\/","name":"ALGARVE - Senhora da Rocha - Wedding Portugal","isPartOf":{"@id":"https:\/\/www.weddingportugal.com\/de\/#website"},"primaryImageOfPage":{"@id":"https:\/\/www.weddingportugal.com\/de\/hochzeitslocations\/zeremonie-locations\/algarve-senhora-da-rocha\/#primaryimage"},"image":{"@id":"https:\/\/www.weddingportugal.com\/de\/hochzeitslocations\/zeremonie-locations\/algarve-senhora-da-rocha\/#primaryimage"},"thumbnailUrl":"https:\/\/www.weddingportugal.com\/wp-content\/uploads\/2020\/07\/ALGARVESenhoraRocha.jpg","datePublished":"2021-07-07T15:39:30+00:00","dateModified":"2025-03-25T11:56:08+00:00","breadcrumb":{"@id":"https:\/\/www.weddingportugal.com\/de\/hochzeitslocations\/zeremonie-locations\/algarve-senhora-da-rocha\/#breadcrumb"},"inLanguage":"de","potentialAction":[{"@type":"ReadAction","target":["https:\/\/www.weddingportugal.com\/de\/hochzeitslocations\/zeremonie-locations\/algarve-senhora-da-rocha\/"]}]},{"@type":"ImageObject","inLanguage":"de","@id":"https:\/\/www.weddingportugal.com\/de\/hochzeitslocations\/zeremonie-locations\/algarve-senhora-da-rocha\/#primaryimage","url":"https:\/\/www.weddingportugal.com\/wp-content\/uploads\/2020\/07\/ALGARVESenhoraRocha.jpg","contentUrl":"https:\/\/www.weddingportugal.com\/wp-content\/uploads\/2020\/07\/ALGARVESenhoraRocha.jpg","width":760,"height":500},{"@type":"BreadcrumbList","@id":"https:\/\/www.weddingportugal.com\/de\/hochzeitslocations\/zeremonie-locations\/algarve-senhora-da-rocha\/#breadcrumb","itemListElement":[{"@type":"ListItem","position":1,"name":"Home","item":"https:\/\/www.weddingportugal.com\/de\/"},{"@type":"ListItem","position":2,"name":"Hochzeitslocations","item":"https:\/\/www.weddingportugal.com\/de\/hochzeitslocations\/"},{"@type":"ListItem","position":3,"name":"Zeremonie Locations","item":"https:\/\/www.weddingportugal.com\/de\/hochzeitslocations\/zeremonie-locations\/"},{"@type":"ListItem","position":4,"name":"ALGARVE &#8211; Senhora da Rocha"}]},{"@type":"WebSite","@id":"https:\/\/www.weddingportugal.com\/de\/#website","url":"https:\/\/www.weddingportugal.com\/de\/","name":"Wedding Portugal","description":"We tell you why you should get your weeding in Portugal","publisher":{"@id":"https:\/\/www.weddingportugal.com\/de\/#organization"},"potentialAction":[{"@type":"SearchAction","target":{"@type":"EntryPoint","urlTemplate":"https:\/\/www.weddingportugal.com\/de\/?s={search_term_string}"},"query-input":{"@type":"PropertyValueSpecification","valueRequired":true,"valueName":"search_term_string"}}],"inLanguage":"de"},{"@type":"Organization","@id":"https:\/\/www.weddingportugal.com\/de\/#organization","name":"Wedding Portugal","url":"https:\/\/www.weddingportugal.com\/de\/","logo":{"@type":"ImageObject","inLanguage":"de","@id":"https:\/\/www.weddingportugal.com\/de\/#\/schema\/logo\/image\/","url":"https:\/\/www.weddingportugal.com\/wp-content\/uploads\/2020\/02\/cropped-logo-WeddingPortugal.png","contentUrl":"https:\/\/www.weddingportugal.com\/wp-content\/uploads\/2020\/02\/cropped-logo-WeddingPortugal.png","width":523,"height":89,"caption":"Wedding Portugal"},"image":{"@id":"https:\/\/www.weddingportugal.com\/de\/#\/schema\/logo\/image\/"}}]}},"_links":{"self":[{"href":"https:\/\/www.weddingportugal.com\/de\/wp-json\/wp\/v2\/pages\/4611","targetHints":{"allow":["GET"]}}],"collection":[{"href":"https:\/\/www.weddingportugal.com\/de\/wp-json\/wp\/v2\/pages"}],"about":[{"href":"https:\/\/www.weddingportugal.com\/de\/wp-json\/wp\/v2\/types\/page"}],"author":[{"embeddable":true,"href":"https:\/\/www.weddingportugal.com\/de\/wp-json\/wp\/v2\/users\/1"}],"replies":[{"embeddable":true,"href":"https:\/\/www.weddingportugal.com\/de\/wp-json\/wp\/v2\/comments?post=4611"}],"version-history":[{"count":10,"href":"https:\/\/www.weddingportugal.com\/de\/wp-json\/wp\/v2\/pages\/4611\/revisions"}],"predecessor-version":[{"id":6014,"href":"https:\/\/www.weddingportugal.com\/de\/wp-json\/wp\/v2\/pages\/4611\/revisions\/6014"}],"up":[{"embeddable":true,"href":"https:\/\/www.weddingportugal.com\/de\/wp-json\/wp\/v2\/pages\/4601"}],"wp:featuredmedia":[{"embeddable":true,"href":"https:\/\/www.weddingportugal.com\/de\/wp-json\/wp\/v2\/media\/1116"}],"wp:attachment":[{"href":"https:\/\/www.weddingportugal.com\/de\/wp-json\/wp\/v2\/media?parent=4611"}],"curies":[{"name":"wp","href":"https:\/\/api.w.org\/{rel}","templated":true}]}}