{"id":4609,"date":"2021-07-07T15:38:48","date_gmt":"2021-07-07T15:38:48","guid":{"rendered":"https:\/\/www.weddingportugal.com\/hochzeitslocations\/zeremonie-locations\/algarve-pousada-de-tavira\/"},"modified":"2025-04-09T08:31:11","modified_gmt":"2025-04-09T08:31:11","slug":"algarve-pousada-de-tavira","status":"publish","type":"page","link":"https:\/\/www.weddingportugal.com\/de\/hochzeitslocations\/zeremonie-locations\/algarve-pousada-de-tavira\/","title":{"rendered":"Algarve &#8211; Vila Alba Resort"},"content":{"rendered":"\t\t<div data-elementor-type=\"wp-page\" data-elementor-id=\"4609\" class=\"elementor elementor-4609 elementor-949\" data-elementor-post-type=\"page\">\n\t\t\t\t\t\t<section class=\"elementor-section elementor-top-section elementor-element elementor-element-d14641e elementor-section-boxed elementor-section-height-default elementor-section-height-default\" data-id=\"d14641e\" data-element_type=\"section\" data-e-type=\"section\">\n\t\t\t\t\t\t<div class=\"elementor-container elementor-column-gap-default\">\n\t\t\t\t\t<div class=\"elementor-column elementor-col-33 elementor-top-column elementor-element elementor-element-a39c2bc\" data-id=\"a39c2bc\" data-element_type=\"column\" data-e-type=\"column\">\n\t\t\t<div class=\"elementor-widget-wrap elementor-element-populated\">\n\t\t\t\t\t\t<div class=\"elementor-element elementor-element-de4cbef elementor-widget elementor-widget-text-editor\" data-id=\"de4cbef\" data-element_type=\"widget\" data-e-type=\"widget\" data-widget_type=\"text-editor.default\">\n\t\t\t\t<div class=\"elementor-widget-container\">\n\t\t\t\t\t\t\t\t\t<p>Nur <strong>46 Minuten (58,7 km) vom Flughafen Far<\/strong>o entfernt, ist das Vila Alba Sol in Lagoa eine fantastische Option f\u00fcr Hochzeitszeremonien.<br \/>Die <strong>spektakul\u00e4re Klippen Lage innerhalb des wundersch\u00f6nen Resort<\/strong> Gel\u00e4ndes bietet eine romantische und private Atmosph\u00e4re, die sowohl Komfort als auch Intimit\u00e4t f\u00fcr Ihren besonderen Tag garantiert.<br \/>F\u00fcr eine Zeremonie mit <strong>bis zu 15 G\u00e4sten<\/strong>, einschlie\u00dflich dem Zeremonien-Gazebo, St\u00fchlen und einem Tisch mit Tischdecke, kann dieser Ort f\u00fcr <strong>995 \u20ac<\/strong> zuz\u00fcglich unserer Buchungsgeb\u00fchr f\u00fcr den Veranstaltungsort (150 \u20ac) gebucht werden.<br \/>Der Veranstaltungsort bietet <strong>Platz f\u00fcr Zeremonien mit bis zu 120 G\u00e4sten<\/strong>. Wir k\u00f6nnen sowohl Feierlichkeiten als auch standesamtliche Zeremonien an diesem Ort arrangieren.<br \/>In der Hochsaison empfehlen wir, Wochentage f\u00fcr Ihre Zeremonie zu w\u00e4hlen, da Samstage und Sonntage m\u00f6glicherweise f\u00fcr gr\u00f6\u00dfere Gruppen reserviert sind, die ihre Hochzeitsfeier im Resort ausrichten.\u00a0<\/p>\t\t\t\t\t\t\t\t<\/div>\n\t\t\t\t<\/div>\n\t\t\t\t\t<\/div>\n\t\t<\/div>\n\t\t\t\t<div class=\"elementor-column elementor-col-66 elementor-top-column elementor-element elementor-element-cfd5757\" data-id=\"cfd5757\" data-element_type=\"column\" data-e-type=\"column\">\n\t\t\t<div class=\"elementor-widget-wrap elementor-element-populated\">\n\t\t\t\t\t\t<div class=\"elementor-element elementor-element-5243e23 elementor-widget elementor-widget-image\" data-id=\"5243e23\" data-element_type=\"widget\" data-e-type=\"widget\" data-widget_type=\"image.default\">\n\t\t\t\t<div class=\"elementor-widget-container\">\n\t\t\t\t\t\t\t\t\t\t\t\t\t\t\t<img fetchpriority=\"high\" decoding=\"async\" width=\"800\" height=\"534\" src=\"https:\/\/www.weddingportugal.com\/wp-content\/uploads\/2025\/04\/villa-Alba-main-1-1024x684.jpg\" class=\"attachment-large size-large wp-image-6638\" alt=\"\" srcset=\"https:\/\/www.weddingportugal.com\/wp-content\/uploads\/2025\/04\/villa-Alba-main-1-1024x684.jpg 1024w, https:\/\/www.weddingportugal.com\/wp-content\/uploads\/2025\/04\/villa-Alba-main-1-300x200.jpg 300w, https:\/\/www.weddingportugal.com\/wp-content\/uploads\/2025\/04\/villa-Alba-main-1-768x513.jpg 768w, https:\/\/www.weddingportugal.com\/wp-content\/uploads\/2025\/04\/villa-Alba-main-1-1536x1025.jpg 1536w, https:\/\/www.weddingportugal.com\/wp-content\/uploads\/2025\/04\/villa-Alba-main-1.jpg 2000w\" sizes=\"(max-width: 800px) 100vw, 800px\" \/>\t\t\t\t\t\t\t\t\t\t\t\t\t\t\t<\/div>\n\t\t\t\t<\/div>\n\t\t\t\t\t<\/div>\n\t\t<\/div>\n\t\t\t\t\t<\/div>\n\t\t<\/section>\n\t\t\t\t<section class=\"elementor-section elementor-top-section elementor-element elementor-element-f15f747 elementor-section-boxed elementor-section-height-default elementor-section-height-default\" data-id=\"f15f747\" data-element_type=\"section\" data-e-type=\"section\">\n\t\t\t\t\t\t<div class=\"elementor-container elementor-column-gap-default\">\n\t\t\t\t\t<div class=\"elementor-column elementor-col-100 elementor-top-column elementor-element elementor-element-55824f0\" data-id=\"55824f0\" data-element_type=\"column\" data-e-type=\"column\">\n\t\t\t<div class=\"elementor-widget-wrap elementor-element-populated\">\n\t\t\t\t\t\t<div class=\"elementor-element elementor-element-d861029 elementor-widget elementor-widget-gallery\" data-id=\"d861029\" data-element_type=\"widget\" data-e-type=\"widget\" data-settings=\"{&quot;gallery_layout&quot;:&quot;grid&quot;,&quot;columns&quot;:4,&quot;columns_tablet&quot;:2,&quot;columns_mobile&quot;:1,&quot;gap&quot;:{&quot;unit&quot;:&quot;px&quot;,&quot;size&quot;:10,&quot;sizes&quot;:[]},&quot;gap_tablet&quot;:{&quot;unit&quot;:&quot;px&quot;,&quot;size&quot;:10,&quot;sizes&quot;:[]},&quot;gap_mobile&quot;:{&quot;unit&quot;:&quot;px&quot;,&quot;size&quot;:10,&quot;sizes&quot;:[]},&quot;link_to&quot;:&quot;file&quot;,&quot;aspect_ratio&quot;:&quot;3:2&quot;,&quot;overlay_background&quot;:&quot;yes&quot;,&quot;content_hover_animation&quot;:&quot;fade-in&quot;}\" data-widget_type=\"gallery.default\">\n\t\t\t\t<div class=\"elementor-widget-container\">\n\t\t\t\t\t\t\t<div class=\"elementor-gallery__container\">\n\t\t\t\t\t\t\t<a class=\"e-gallery-item elementor-gallery-item elementor-animated-content\" href=\"https:\/\/www.weddingportugal.com\/wp-content\/uploads\/2025\/04\/Vila-Alba-Resport-clifftop-weddings-Algarve.jpg\" data-elementor-open-lightbox=\"yes\" data-elementor-lightbox-slideshow=\"d861029\" data-elementor-lightbox-title=\"Vila Alba Resport - clifftop weddings Algarve\" data-e-action-hash=\"#elementor-action%3Aaction%3Dlightbox%26settings%3DeyJpZCI6NjY0MCwidXJsIjoiaHR0cHM6XC9cL3d3dy53ZWRkaW5ncG9ydHVnYWwuY29tXC93cC1jb250ZW50XC91cGxvYWRzXC8yMDI1XC8wNFwvVmlsYS1BbGJhLVJlc3BvcnQtY2xpZmZ0b3Atd2VkZGluZ3MtQWxnYXJ2ZS5qcGciLCJzbGlkZXNob3ciOiJkODYxMDI5In0%3D\">\n\t\t\t\t\t<div class=\"e-gallery-image elementor-gallery-item__image\" data-thumbnail=\"https:\/\/www.weddingportugal.com\/wp-content\/uploads\/2025\/04\/Vila-Alba-Resport-clifftop-weddings-Algarve-300x189.jpg\" data-width=\"300\" data-height=\"189\" aria-label=\"\" role=\"img\" ><\/div>\n\t\t\t\t\t\t\t\t\t\t\t<div class=\"elementor-gallery-item__overlay\"><\/div>\n\t\t\t\t\t\t\t\t\t\t\t\t\t\t<\/a>\n\t\t\t\t\t\t\t<a class=\"e-gallery-item elementor-gallery-item elementor-animated-content\" href=\"https:\/\/www.weddingportugal.com\/wp-content\/uploads\/2025\/04\/Vila-Alba-Resport-clifftop-weddings-Algarve_2-Kopie.jpg\" data-elementor-open-lightbox=\"yes\" data-elementor-lightbox-slideshow=\"d861029\" data-elementor-lightbox-title=\"Vila Alba Resport - clifftop weddings Algarve_2 - Kopie\" data-e-action-hash=\"#elementor-action%3Aaction%3Dlightbox%26settings%3DeyJpZCI6NjY0MiwidXJsIjoiaHR0cHM6XC9cL3d3dy53ZWRkaW5ncG9ydHVnYWwuY29tXC93cC1jb250ZW50XC91cGxvYWRzXC8yMDI1XC8wNFwvVmlsYS1BbGJhLVJlc3BvcnQtY2xpZmZ0b3Atd2VkZGluZ3MtQWxnYXJ2ZV8yLUtvcGllLmpwZyIsInNsaWRlc2hvdyI6ImQ4NjEwMjkifQ%3D%3D\">\n\t\t\t\t\t<div class=\"e-gallery-image elementor-gallery-item__image\" data-thumbnail=\"https:\/\/www.weddingportugal.com\/wp-content\/uploads\/2025\/04\/Vila-Alba-Resport-clifftop-weddings-Algarve_2-Kopie-300x176.jpg\" data-width=\"300\" data-height=\"176\" aria-label=\"\" role=\"img\" ><\/div>\n\t\t\t\t\t\t\t\t\t\t\t<div class=\"elementor-gallery-item__overlay\"><\/div>\n\t\t\t\t\t\t\t\t\t\t\t\t\t\t<\/a>\n\t\t\t\t\t\t\t<a class=\"e-gallery-item elementor-gallery-item elementor-animated-content\" href=\"https:\/\/www.weddingportugal.com\/wp-content\/uploads\/2025\/04\/Vila-Alba-Resport-clifftop-weddings-Algarve_3-Kopie.jpg\" data-elementor-open-lightbox=\"yes\" data-elementor-lightbox-slideshow=\"d861029\" data-elementor-lightbox-title=\"Vila Alba Resport - clifftop weddings Algarve_3 - Kopie\" data-e-action-hash=\"#elementor-action%3Aaction%3Dlightbox%26settings%3DeyJpZCI6NjY0NCwidXJsIjoiaHR0cHM6XC9cL3d3dy53ZWRkaW5ncG9ydHVnYWwuY29tXC93cC1jb250ZW50XC91cGxvYWRzXC8yMDI1XC8wNFwvVmlsYS1BbGJhLVJlc3BvcnQtY2xpZmZ0b3Atd2VkZGluZ3MtQWxnYXJ2ZV8zLUtvcGllLmpwZyIsInNsaWRlc2hvdyI6ImQ4NjEwMjkifQ%3D%3D\">\n\t\t\t\t\t<div class=\"e-gallery-image elementor-gallery-item__image\" data-thumbnail=\"https:\/\/www.weddingportugal.com\/wp-content\/uploads\/2025\/04\/Vila-Alba-Resport-clifftop-weddings-Algarve_3-Kopie-300x174.jpg\" data-width=\"300\" data-height=\"174\" aria-label=\"\" role=\"img\" ><\/div>\n\t\t\t\t\t\t\t\t\t\t\t<div class=\"elementor-gallery-item__overlay\"><\/div>\n\t\t\t\t\t\t\t\t\t\t\t\t\t\t<\/a>\n\t\t\t\t\t\t\t<a class=\"e-gallery-item elementor-gallery-item elementor-animated-content\" href=\"https:\/\/www.weddingportugal.com\/wp-content\/uploads\/2025\/04\/Vila-Alba-Resport-clifftop-weddings-Algarve_4.jpg\" data-elementor-open-lightbox=\"yes\" data-elementor-lightbox-slideshow=\"d861029\" data-elementor-lightbox-title=\"Vila Alba Resport - clifftop weddings Algarve_4\" data-e-action-hash=\"#elementor-action%3Aaction%3Dlightbox%26settings%3DeyJpZCI6NjY0NiwidXJsIjoiaHR0cHM6XC9cL3d3dy53ZWRkaW5ncG9ydHVnYWwuY29tXC93cC1jb250ZW50XC91cGxvYWRzXC8yMDI1XC8wNFwvVmlsYS1BbGJhLVJlc3BvcnQtY2xpZmZ0b3Atd2VkZGluZ3MtQWxnYXJ2ZV80LmpwZyIsInNsaWRlc2hvdyI6ImQ4NjEwMjkifQ%3D%3D\">\n\t\t\t\t\t<div class=\"e-gallery-image elementor-gallery-item__image\" data-thumbnail=\"https:\/\/www.weddingportugal.com\/wp-content\/uploads\/2025\/04\/Vila-Alba-Resport-clifftop-weddings-Algarve_4-300x175.jpg\" data-width=\"300\" data-height=\"175\" aria-label=\"\" role=\"img\" ><\/div>\n\t\t\t\t\t\t\t\t\t\t\t<div class=\"elementor-gallery-item__overlay\"><\/div>\n\t\t\t\t\t\t\t\t\t\t\t\t\t\t<\/a>\n\t\t\t\t\t<\/div>\n\t\t\t\t\t<\/div>\n\t\t\t\t<\/div>\n\t\t\t\t\t<\/div>\n\t\t<\/div>\n\t\t\t\t\t<\/div>\n\t\t<\/section>\n\t\t\t\t<\/div>\n\t\t","protected":false},"excerpt":{"rendered":"<p>Nur 46 Minuten (58,7 km) vom Flughafen Faro entfernt, ist das Vila Alba Sol in Lagoa eine fantastische Option f\u00fcr Hochzeitszeremonien.Die spektakul\u00e4re Klippen Lage innerhalb des wundersch\u00f6nen Resort Gel\u00e4ndes bietet eine romantische und private Atmosph\u00e4re, die sowohl Komfort als auch Intimit\u00e4t f\u00fcr Ihren besonderen Tag garantiert.F\u00fcr eine Zeremonie mit bis zu 15 G\u00e4sten, einschlie\u00dflich dem [&hellip;]<\/p>\n","protected":false},"author":1,"featured_media":1107,"parent":4601,"menu_order":12,"comment_status":"closed","ping_status":"closed","template":"","meta":{"content-type":"","footnotes":""},"class_list":["post-4609","page","type-page","status-publish","has-post-thumbnail","hentry"],"yoast_head":"<!-- This site is optimized with the Yoast SEO plugin v27.2 - https:\/\/yoast.com\/product\/yoast-seo-wordpress\/ -->\n<title>Algarve - Vila Alba Resort - Wedding Portugal<\/title>\n<meta name=\"robots\" content=\"index, follow, max-snippet:-1, max-image-preview:large, max-video-preview:-1\" \/>\n<link rel=\"canonical\" href=\"https:\/\/www.weddingportugal.com\/de\/hochzeitslocations\/zeremonie-locations\/algarve-pousada-de-tavira\/\" \/>\n<meta property=\"og:locale\" content=\"de_DE\" \/>\n<meta property=\"og:type\" content=\"article\" \/>\n<meta property=\"og:title\" content=\"Algarve - Vila Alba Resort - Wedding Portugal\" \/>\n<meta property=\"og:description\" content=\"Nur 46 Minuten (58,7 km) vom Flughafen Faro entfernt, ist das Vila Alba Sol in Lagoa eine fantastische Option f\u00fcr Hochzeitszeremonien.Die spektakul\u00e4re Klippen Lage innerhalb des wundersch\u00f6nen Resort Gel\u00e4ndes bietet eine romantische und private Atmosph\u00e4re, die sowohl Komfort als auch Intimit\u00e4t f\u00fcr Ihren besonderen Tag garantiert.F\u00fcr eine Zeremonie mit bis zu 15 G\u00e4sten, einschlie\u00dflich dem [&hellip;]\" \/>\n<meta property=\"og:url\" content=\"https:\/\/www.weddingportugal.com\/de\/hochzeitslocations\/zeremonie-locations\/algarve-pousada-de-tavira\/\" \/>\n<meta property=\"og:site_name\" content=\"Wedding Portugal\" \/>\n<meta property=\"article:modified_time\" content=\"2025-04-09T08:31:11+00:00\" \/>\n<meta property=\"og:image\" content=\"https:\/\/www.weddingportugal.com\/wp-content\/uploads\/2020\/07\/AlgarvePousadaTavira.jpg\" \/>\n\t<meta property=\"og:image:width\" content=\"760\" \/>\n\t<meta property=\"og:image:height\" content=\"500\" \/>\n\t<meta property=\"og:image:type\" content=\"image\/jpeg\" \/>\n<meta name=\"twitter:card\" content=\"summary_large_image\" \/>\n<meta name=\"twitter:label1\" content=\"Gesch\u00e4tzte Lesezeit\" \/>\n\t<meta name=\"twitter:data1\" content=\"1\u00a0Minute\" \/>\n<script type=\"application\/ld+json\" class=\"yoast-schema-graph\">{\"@context\":\"https:\/\/schema.org\",\"@graph\":[{\"@type\":\"WebPage\",\"@id\":\"https:\/\/www.weddingportugal.com\/de\/hochzeitslocations\/zeremonie-locations\/algarve-pousada-de-tavira\/\",\"url\":\"https:\/\/www.weddingportugal.com\/de\/hochzeitslocations\/zeremonie-locations\/algarve-pousada-de-tavira\/\",\"name\":\"Algarve - Vila Alba Resort - Wedding Portugal\",\"isPartOf\":{\"@id\":\"https:\/\/www.weddingportugal.com\/de\/#website\"},\"primaryImageOfPage\":{\"@id\":\"https:\/\/www.weddingportugal.com\/de\/hochzeitslocations\/zeremonie-locations\/algarve-pousada-de-tavira\/#primaryimage\"},\"image\":{\"@id\":\"https:\/\/www.weddingportugal.com\/de\/hochzeitslocations\/zeremonie-locations\/algarve-pousada-de-tavira\/#primaryimage\"},\"thumbnailUrl\":\"https:\/\/www.weddingportugal.com\/wp-content\/uploads\/2020\/07\/AlgarvePousadaTavira.jpg\",\"datePublished\":\"2021-07-07T15:38:48+00:00\",\"dateModified\":\"2025-04-09T08:31:11+00:00\",\"breadcrumb\":{\"@id\":\"https:\/\/www.weddingportugal.com\/de\/hochzeitslocations\/zeremonie-locations\/algarve-pousada-de-tavira\/#breadcrumb\"},\"inLanguage\":\"de\",\"potentialAction\":[{\"@type\":\"ReadAction\",\"target\":[\"https:\/\/www.weddingportugal.com\/de\/hochzeitslocations\/zeremonie-locations\/algarve-pousada-de-tavira\/\"]}]},{\"@type\":\"ImageObject\",\"inLanguage\":\"de\",\"@id\":\"https:\/\/www.weddingportugal.com\/de\/hochzeitslocations\/zeremonie-locations\/algarve-pousada-de-tavira\/#primaryimage\",\"url\":\"https:\/\/www.weddingportugal.com\/wp-content\/uploads\/2020\/07\/AlgarvePousadaTavira.jpg\",\"contentUrl\":\"https:\/\/www.weddingportugal.com\/wp-content\/uploads\/2020\/07\/AlgarvePousadaTavira.jpg\",\"width\":760,\"height\":500},{\"@type\":\"BreadcrumbList\",\"@id\":\"https:\/\/www.weddingportugal.com\/de\/hochzeitslocations\/zeremonie-locations\/algarve-pousada-de-tavira\/#breadcrumb\",\"itemListElement\":[{\"@type\":\"ListItem\",\"position\":1,\"name\":\"Home\",\"item\":\"https:\/\/www.weddingportugal.com\/de\/\"},{\"@type\":\"ListItem\",\"position\":2,\"name\":\"Hochzeitslocations\",\"item\":\"https:\/\/www.weddingportugal.com\/de\/hochzeitslocations\/\"},{\"@type\":\"ListItem\",\"position\":3,\"name\":\"Zeremonie Locations\",\"item\":\"https:\/\/www.weddingportugal.com\/de\/hochzeitslocations\/zeremonie-locations\/\"},{\"@type\":\"ListItem\",\"position\":4,\"name\":\"Algarve &#8211; Vila Alba Resort\"}]},{\"@type\":\"WebSite\",\"@id\":\"https:\/\/www.weddingportugal.com\/de\/#website\",\"url\":\"https:\/\/www.weddingportugal.com\/de\/\",\"name\":\"Wedding Portugal\",\"description\":\"We tell you why you should get your weeding in Portugal\",\"publisher\":{\"@id\":\"https:\/\/www.weddingportugal.com\/de\/#organization\"},\"potentialAction\":[{\"@type\":\"SearchAction\",\"target\":{\"@type\":\"EntryPoint\",\"urlTemplate\":\"https:\/\/www.weddingportugal.com\/de\/?s={search_term_string}\"},\"query-input\":{\"@type\":\"PropertyValueSpecification\",\"valueRequired\":true,\"valueName\":\"search_term_string\"}}],\"inLanguage\":\"de\"},{\"@type\":\"Organization\",\"@id\":\"https:\/\/www.weddingportugal.com\/de\/#organization\",\"name\":\"Wedding Portugal\",\"url\":\"https:\/\/www.weddingportugal.com\/de\/\",\"logo\":{\"@type\":\"ImageObject\",\"inLanguage\":\"de\",\"@id\":\"https:\/\/www.weddingportugal.com\/de\/#\/schema\/logo\/image\/\",\"url\":\"https:\/\/www.weddingportugal.com\/wp-content\/uploads\/2020\/02\/cropped-logo-WeddingPortugal.png\",\"contentUrl\":\"https:\/\/www.weddingportugal.com\/wp-content\/uploads\/2020\/02\/cropped-logo-WeddingPortugal.png\",\"width\":523,\"height\":89,\"caption\":\"Wedding Portugal\"},\"image\":{\"@id\":\"https:\/\/www.weddingportugal.com\/de\/#\/schema\/logo\/image\/\"}}]}<\/script>\n<!-- \/ Yoast SEO plugin. -->","yoast_head_json":{"title":"Algarve - Vila Alba Resort - Wedding Portugal","robots":{"index":"index","follow":"follow","max-snippet":"max-snippet:-1","max-image-preview":"max-image-preview:large","max-video-preview":"max-video-preview:-1"},"canonical":"https:\/\/www.weddingportugal.com\/de\/hochzeitslocations\/zeremonie-locations\/algarve-pousada-de-tavira\/","og_locale":"de_DE","og_type":"article","og_title":"Algarve - Vila Alba Resort - Wedding Portugal","og_description":"Nur 46 Minuten (58,7 km) vom Flughafen Faro entfernt, ist das Vila Alba Sol in Lagoa eine fantastische Option f\u00fcr Hochzeitszeremonien.Die spektakul\u00e4re Klippen Lage innerhalb des wundersch\u00f6nen Resort Gel\u00e4ndes bietet eine romantische und private Atmosph\u00e4re, die sowohl Komfort als auch Intimit\u00e4t f\u00fcr Ihren besonderen Tag garantiert.F\u00fcr eine Zeremonie mit bis zu 15 G\u00e4sten, einschlie\u00dflich dem [&hellip;]","og_url":"https:\/\/www.weddingportugal.com\/de\/hochzeitslocations\/zeremonie-locations\/algarve-pousada-de-tavira\/","og_site_name":"Wedding Portugal","article_modified_time":"2025-04-09T08:31:11+00:00","og_image":[{"width":760,"height":500,"url":"https:\/\/www.weddingportugal.com\/wp-content\/uploads\/2020\/07\/AlgarvePousadaTavira.jpg","type":"image\/jpeg"}],"twitter_card":"summary_large_image","twitter_misc":{"Gesch\u00e4tzte Lesezeit":"1\u00a0Minute"},"schema":{"@context":"https:\/\/schema.org","@graph":[{"@type":"WebPage","@id":"https:\/\/www.weddingportugal.com\/de\/hochzeitslocations\/zeremonie-locations\/algarve-pousada-de-tavira\/","url":"https:\/\/www.weddingportugal.com\/de\/hochzeitslocations\/zeremonie-locations\/algarve-pousada-de-tavira\/","name":"Algarve - Vila Alba Resort - Wedding Portugal","isPartOf":{"@id":"https:\/\/www.weddingportugal.com\/de\/#website"},"primaryImageOfPage":{"@id":"https:\/\/www.weddingportugal.com\/de\/hochzeitslocations\/zeremonie-locations\/algarve-pousada-de-tavira\/#primaryimage"},"image":{"@id":"https:\/\/www.weddingportugal.com\/de\/hochzeitslocations\/zeremonie-locations\/algarve-pousada-de-tavira\/#primaryimage"},"thumbnailUrl":"https:\/\/www.weddingportugal.com\/wp-content\/uploads\/2020\/07\/AlgarvePousadaTavira.jpg","datePublished":"2021-07-07T15:38:48+00:00","dateModified":"2025-04-09T08:31:11+00:00","breadcrumb":{"@id":"https:\/\/www.weddingportugal.com\/de\/hochzeitslocations\/zeremonie-locations\/algarve-pousada-de-tavira\/#breadcrumb"},"inLanguage":"de","potentialAction":[{"@type":"ReadAction","target":["https:\/\/www.weddingportugal.com\/de\/hochzeitslocations\/zeremonie-locations\/algarve-pousada-de-tavira\/"]}]},{"@type":"ImageObject","inLanguage":"de","@id":"https:\/\/www.weddingportugal.com\/de\/hochzeitslocations\/zeremonie-locations\/algarve-pousada-de-tavira\/#primaryimage","url":"https:\/\/www.weddingportugal.com\/wp-content\/uploads\/2020\/07\/AlgarvePousadaTavira.jpg","contentUrl":"https:\/\/www.weddingportugal.com\/wp-content\/uploads\/2020\/07\/AlgarvePousadaTavira.jpg","width":760,"height":500},{"@type":"BreadcrumbList","@id":"https:\/\/www.weddingportugal.com\/de\/hochzeitslocations\/zeremonie-locations\/algarve-pousada-de-tavira\/#breadcrumb","itemListElement":[{"@type":"ListItem","position":1,"name":"Home","item":"https:\/\/www.weddingportugal.com\/de\/"},{"@type":"ListItem","position":2,"name":"Hochzeitslocations","item":"https:\/\/www.weddingportugal.com\/de\/hochzeitslocations\/"},{"@type":"ListItem","position":3,"name":"Zeremonie Locations","item":"https:\/\/www.weddingportugal.com\/de\/hochzeitslocations\/zeremonie-locations\/"},{"@type":"ListItem","position":4,"name":"Algarve &#8211; Vila Alba Resort"}]},{"@type":"WebSite","@id":"https:\/\/www.weddingportugal.com\/de\/#website","url":"https:\/\/www.weddingportugal.com\/de\/","name":"Wedding Portugal","description":"We tell you why you should get your weeding in Portugal","publisher":{"@id":"https:\/\/www.weddingportugal.com\/de\/#organization"},"potentialAction":[{"@type":"SearchAction","target":{"@type":"EntryPoint","urlTemplate":"https:\/\/www.weddingportugal.com\/de\/?s={search_term_string}"},"query-input":{"@type":"PropertyValueSpecification","valueRequired":true,"valueName":"search_term_string"}}],"inLanguage":"de"},{"@type":"Organization","@id":"https:\/\/www.weddingportugal.com\/de\/#organization","name":"Wedding Portugal","url":"https:\/\/www.weddingportugal.com\/de\/","logo":{"@type":"ImageObject","inLanguage":"de","@id":"https:\/\/www.weddingportugal.com\/de\/#\/schema\/logo\/image\/","url":"https:\/\/www.weddingportugal.com\/wp-content\/uploads\/2020\/02\/cropped-logo-WeddingPortugal.png","contentUrl":"https:\/\/www.weddingportugal.com\/wp-content\/uploads\/2020\/02\/cropped-logo-WeddingPortugal.png","width":523,"height":89,"caption":"Wedding Portugal"},"image":{"@id":"https:\/\/www.weddingportugal.com\/de\/#\/schema\/logo\/image\/"}}]}},"_links":{"self":[{"href":"https:\/\/www.weddingportugal.com\/de\/wp-json\/wp\/v2\/pages\/4609","targetHints":{"allow":["GET"]}}],"collection":[{"href":"https:\/\/www.weddingportugal.com\/de\/wp-json\/wp\/v2\/pages"}],"about":[{"href":"https:\/\/www.weddingportugal.com\/de\/wp-json\/wp\/v2\/types\/page"}],"author":[{"embeddable":true,"href":"https:\/\/www.weddingportugal.com\/de\/wp-json\/wp\/v2\/users\/1"}],"replies":[{"embeddable":true,"href":"https:\/\/www.weddingportugal.com\/de\/wp-json\/wp\/v2\/comments?post=4609"}],"version-history":[{"count":10,"href":"https:\/\/www.weddingportugal.com\/de\/wp-json\/wp\/v2\/pages\/4609\/revisions"}],"predecessor-version":[{"id":6657,"href":"https:\/\/www.weddingportugal.com\/de\/wp-json\/wp\/v2\/pages\/4609\/revisions\/6657"}],"up":[{"embeddable":true,"href":"https:\/\/www.weddingportugal.com\/de\/wp-json\/wp\/v2\/pages\/4601"}],"wp:featuredmedia":[{"embeddable":true,"href":"https:\/\/www.weddingportugal.com\/de\/wp-json\/wp\/v2\/media\/1107"}],"wp:attachment":[{"href":"https:\/\/www.weddingportugal.com\/de\/wp-json\/wp\/v2\/media?parent=4609"}],"curies":[{"name":"wp","href":"https:\/\/api.w.org\/{rel}","templated":true}]}}