{"id":4587,"date":"2021-07-07T11:20:04","date_gmt":"2021-07-07T11:20:04","guid":{"rendered":"https:\/\/www.weddingportugal.com\/services\/zelebranten\/zelebrantin-melanie-de-eng-pt\/"},"modified":"2025-05-06T07:30:46","modified_gmt":"2025-05-06T07:30:46","slug":"zelebrantin-melanie-de-eng-pt","status":"publish","type":"page","link":"https:\/\/www.weddingportugal.com\/de\/services\/zelebranten\/zelebrantin-melanie-de-eng-pt\/","title":{"rendered":"Zelebrantin &#8211; Melanie (de, eng, pt)"},"content":{"rendered":"\t\t<div data-elementor-type=\"wp-page\" data-elementor-id=\"4587\" class=\"elementor elementor-4587 elementor-2389\" data-elementor-post-type=\"page\">\n\t\t\t\t\t\t<section class=\"elementor-section elementor-top-section elementor-element elementor-element-f400f42 elementor-section-boxed elementor-section-height-default elementor-section-height-default\" data-id=\"f400f42\" data-element_type=\"section\" data-e-type=\"section\">\n\t\t\t\t\t\t<div class=\"elementor-container elementor-column-gap-default\">\n\t\t\t\t\t<div class=\"elementor-column elementor-col-50 elementor-top-column elementor-element elementor-element-5fa0449\" data-id=\"5fa0449\" data-element_type=\"column\" data-e-type=\"column\">\n\t\t\t<div class=\"elementor-widget-wrap elementor-element-populated\">\n\t\t\t\t\t\t<div class=\"elementor-element elementor-element-62585c7 elementor-widget elementor-widget-image\" data-id=\"62585c7\" data-element_type=\"widget\" data-e-type=\"widget\" data-widget_type=\"image.default\">\n\t\t\t\t<div class=\"elementor-widget-container\">\n\t\t\t\t\t\t\t\t\t\t\t\t\t\t\t<img decoding=\"async\" src=\"https:\/\/www.weddingportugal.com\/wp-content\/uploads\/2025\/01\/celebrant-Melanie.jpg\" title=\"celebrant-Melanie\" alt=\"celebrant-Melanie\" loading=\"lazy\" \/>\t\t\t\t\t\t\t\t\t\t\t\t\t\t\t<\/div>\n\t\t\t\t<\/div>\n\t\t\t\t\t<\/div>\n\t\t<\/div>\n\t\t\t\t<div class=\"elementor-column elementor-col-50 elementor-top-column elementor-element elementor-element-7cd7efa\" data-id=\"7cd7efa\" data-element_type=\"column\" data-e-type=\"column\">\n\t\t\t<div class=\"elementor-widget-wrap elementor-element-populated\">\n\t\t\t\t\t\t<div class=\"elementor-element elementor-element-fd49498 elementor-widget elementor-widget-text-editor\" data-id=\"fd49498\" data-element_type=\"widget\" data-e-type=\"widget\" data-widget_type=\"text-editor.default\">\n\t\t\t\t<div class=\"elementor-widget-container\">\n\t\t\t\t\t\t\t\t\t<p class=\"\" data-start=\"141\" data-end=\"418\">Melanie ist die Gr\u00fcnderin von Wedding Portugal und hat das Projekt von 2008 bis 2018 erfolgreich aufgebaut und geleitet. Seitdem ist sie gelegentlich als freie Zelebrantin t\u00e4tig oder unterst\u00fctzt andere Hochzeitsplaner:innen innerhalb des Teams mit ihrer langj\u00e4hrigen Erfahrung.<\/p><p class=\"\" data-start=\"420\" data-end=\"839\">\u201eIch leite seit 2007 Hochzeitszeremonien und empfinde es jedes Mal als gro\u00dfes Geschenk, Teil dieses besonderen Moments zu sein, wenn zwei Menschen sich bewusst f\u00fcr ein gemeinsames Leben entscheiden. Am liebsten gestalte ich pers\u00f6nliche Zeremonien, bei denen die individuelle Geschichte des Paares im Mittelpunkt steht \u2013 denn jede Liebesgeschichte ist einzigartig und verdient es, auf besondere Weise erz\u00e4hlt zu werden.\u201c<\/p><p class=\"\" data-start=\"841\" data-end=\"1003\">Melanie stammt urspr\u00fcnglich aus Deutschland und lebt seit vielen Jahren in Portugal.<br data-start=\"925\" data-end=\"928\" \/>Sie spricht flie\u00dfend Englisch, perfektes Deutsch sowie gutes Portugiesisch.<\/p>\t\t\t\t\t\t\t\t<\/div>\n\t\t\t\t<\/div>\n\t\t\t\t\t<\/div>\n\t\t<\/div>\n\t\t\t\t\t<\/div>\n\t\t<\/section>\n\t\t\t\t<\/div>\n\t\t","protected":false},"excerpt":{"rendered":"<p>Melanie ist die Gr\u00fcnderin von Wedding Portugal und hat das Projekt von 2008 bis 2018 erfolgreich aufgebaut und geleitet. Seitdem ist sie gelegentlich als freie Zelebrantin t\u00e4tig oder unterst\u00fctzt andere Hochzeitsplaner:innen innerhalb des Teams mit ihrer langj\u00e4hrigen Erfahrung. \u201eIch leite seit 2007 Hochzeitszeremonien und empfinde es jedes Mal als gro\u00dfes Geschenk, Teil dieses besonderen Moments [&hellip;]<\/p>\n","protected":false},"author":1,"featured_media":5362,"parent":4570,"menu_order":69,"comment_status":"closed","ping_status":"closed","template":"","meta":{"content-type":"","footnotes":""},"class_list":["post-4587","page","type-page","status-publish","has-post-thumbnail","hentry"],"yoast_head":"<!-- This site is optimized with the Yoast SEO plugin v27.2 - https:\/\/yoast.com\/product\/yoast-seo-wordpress\/ -->\n<title>Zelebrantin - Melanie (de, eng, pt) - Wedding Portugal<\/title>\n<meta name=\"robots\" content=\"index, follow, max-snippet:-1, max-image-preview:large, max-video-preview:-1\" \/>\n<link rel=\"canonical\" href=\"https:\/\/www.weddingportugal.com\/de\/services\/zelebranten\/zelebrantin-melanie-de-eng-pt\/\" \/>\n<meta property=\"og:locale\" content=\"de_DE\" \/>\n<meta property=\"og:type\" content=\"article\" \/>\n<meta property=\"og:title\" content=\"Zelebrantin - Melanie (de, eng, pt) - Wedding Portugal\" \/>\n<meta property=\"og:description\" content=\"Melanie ist die Gr\u00fcnderin von Wedding Portugal und hat das Projekt von 2008 bis 2018 erfolgreich aufgebaut und geleitet. Seitdem ist sie gelegentlich als freie Zelebrantin t\u00e4tig oder unterst\u00fctzt andere Hochzeitsplaner:innen innerhalb des Teams mit ihrer langj\u00e4hrigen Erfahrung. \u201eIch leite seit 2007 Hochzeitszeremonien und empfinde es jedes Mal als gro\u00dfes Geschenk, Teil dieses besonderen Moments [&hellip;]\" \/>\n<meta property=\"og:url\" content=\"https:\/\/www.weddingportugal.com\/de\/services\/zelebranten\/zelebrantin-melanie-de-eng-pt\/\" \/>\n<meta property=\"og:site_name\" content=\"Wedding Portugal\" \/>\n<meta property=\"article:modified_time\" content=\"2025-05-06T07:30:46+00:00\" \/>\n<meta property=\"og:image\" content=\"https:\/\/www.weddingportugal.com\/wp-content\/uploads\/2025\/01\/celebrant-Melanie.jpg\" \/>\n\t<meta property=\"og:image:width\" content=\"683\" \/>\n\t<meta property=\"og:image:height\" content=\"1024\" \/>\n\t<meta property=\"og:image:type\" content=\"image\/jpeg\" \/>\n<meta name=\"twitter:card\" content=\"summary_large_image\" \/>\n<meta name=\"twitter:label1\" content=\"Gesch\u00e4tzte Lesezeit\" \/>\n\t<meta name=\"twitter:data1\" content=\"1\u00a0Minute\" \/>\n<script type=\"application\/ld+json\" class=\"yoast-schema-graph\">{\"@context\":\"https:\/\/schema.org\",\"@graph\":[{\"@type\":\"WebPage\",\"@id\":\"https:\/\/www.weddingportugal.com\/de\/services\/zelebranten\/zelebrantin-melanie-de-eng-pt\/\",\"url\":\"https:\/\/www.weddingportugal.com\/de\/services\/zelebranten\/zelebrantin-melanie-de-eng-pt\/\",\"name\":\"Zelebrantin - Melanie (de, eng, pt) - Wedding Portugal\",\"isPartOf\":{\"@id\":\"https:\/\/www.weddingportugal.com\/de\/#website\"},\"primaryImageOfPage\":{\"@id\":\"https:\/\/www.weddingportugal.com\/de\/services\/zelebranten\/zelebrantin-melanie-de-eng-pt\/#primaryimage\"},\"image\":{\"@id\":\"https:\/\/www.weddingportugal.com\/de\/services\/zelebranten\/zelebrantin-melanie-de-eng-pt\/#primaryimage\"},\"thumbnailUrl\":\"https:\/\/www.weddingportugal.com\/wp-content\/uploads\/2025\/01\/celebrant-Melanie.jpg\",\"datePublished\":\"2021-07-07T11:20:04+00:00\",\"dateModified\":\"2025-05-06T07:30:46+00:00\",\"breadcrumb\":{\"@id\":\"https:\/\/www.weddingportugal.com\/de\/services\/zelebranten\/zelebrantin-melanie-de-eng-pt\/#breadcrumb\"},\"inLanguage\":\"de\",\"potentialAction\":[{\"@type\":\"ReadAction\",\"target\":[\"https:\/\/www.weddingportugal.com\/de\/services\/zelebranten\/zelebrantin-melanie-de-eng-pt\/\"]}]},{\"@type\":\"ImageObject\",\"inLanguage\":\"de\",\"@id\":\"https:\/\/www.weddingportugal.com\/de\/services\/zelebranten\/zelebrantin-melanie-de-eng-pt\/#primaryimage\",\"url\":\"https:\/\/www.weddingportugal.com\/wp-content\/uploads\/2025\/01\/celebrant-Melanie.jpg\",\"contentUrl\":\"https:\/\/www.weddingportugal.com\/wp-content\/uploads\/2025\/01\/celebrant-Melanie.jpg\",\"width\":683,\"height\":1024},{\"@type\":\"BreadcrumbList\",\"@id\":\"https:\/\/www.weddingportugal.com\/de\/services\/zelebranten\/zelebrantin-melanie-de-eng-pt\/#breadcrumb\",\"itemListElement\":[{\"@type\":\"ListItem\",\"position\":1,\"name\":\"Home\",\"item\":\"https:\/\/www.weddingportugal.com\/de\/\"},{\"@type\":\"ListItem\",\"position\":2,\"name\":\"Services\",\"item\":\"https:\/\/www.weddingportugal.com\/de\/services\/\"},{\"@type\":\"ListItem\",\"position\":3,\"name\":\"Zelebranten\",\"item\":\"https:\/\/www.weddingportugal.com\/de\/services\/zelebranten\/\"},{\"@type\":\"ListItem\",\"position\":4,\"name\":\"Zelebrantin &#8211; Melanie (de, eng, pt)\"}]},{\"@type\":\"WebSite\",\"@id\":\"https:\/\/www.weddingportugal.com\/de\/#website\",\"url\":\"https:\/\/www.weddingportugal.com\/de\/\",\"name\":\"Wedding Portugal\",\"description\":\"We tell you why you should get your weeding in Portugal\",\"publisher\":{\"@id\":\"https:\/\/www.weddingportugal.com\/de\/#organization\"},\"potentialAction\":[{\"@type\":\"SearchAction\",\"target\":{\"@type\":\"EntryPoint\",\"urlTemplate\":\"https:\/\/www.weddingportugal.com\/de\/?s={search_term_string}\"},\"query-input\":{\"@type\":\"PropertyValueSpecification\",\"valueRequired\":true,\"valueName\":\"search_term_string\"}}],\"inLanguage\":\"de\"},{\"@type\":\"Organization\",\"@id\":\"https:\/\/www.weddingportugal.com\/de\/#organization\",\"name\":\"Wedding Portugal\",\"url\":\"https:\/\/www.weddingportugal.com\/de\/\",\"logo\":{\"@type\":\"ImageObject\",\"inLanguage\":\"de\",\"@id\":\"https:\/\/www.weddingportugal.com\/de\/#\/schema\/logo\/image\/\",\"url\":\"https:\/\/www.weddingportugal.com\/wp-content\/uploads\/2020\/02\/cropped-logo-WeddingPortugal.png\",\"contentUrl\":\"https:\/\/www.weddingportugal.com\/wp-content\/uploads\/2020\/02\/cropped-logo-WeddingPortugal.png\",\"width\":523,\"height\":89,\"caption\":\"Wedding Portugal\"},\"image\":{\"@id\":\"https:\/\/www.weddingportugal.com\/de\/#\/schema\/logo\/image\/\"}}]}<\/script>\n<!-- \/ Yoast SEO plugin. -->","yoast_head_json":{"title":"Zelebrantin - Melanie (de, eng, pt) - Wedding Portugal","robots":{"index":"index","follow":"follow","max-snippet":"max-snippet:-1","max-image-preview":"max-image-preview:large","max-video-preview":"max-video-preview:-1"},"canonical":"https:\/\/www.weddingportugal.com\/de\/services\/zelebranten\/zelebrantin-melanie-de-eng-pt\/","og_locale":"de_DE","og_type":"article","og_title":"Zelebrantin - Melanie (de, eng, pt) - Wedding Portugal","og_description":"Melanie ist die Gr\u00fcnderin von Wedding Portugal und hat das Projekt von 2008 bis 2018 erfolgreich aufgebaut und geleitet. Seitdem ist sie gelegentlich als freie Zelebrantin t\u00e4tig oder unterst\u00fctzt andere Hochzeitsplaner:innen innerhalb des Teams mit ihrer langj\u00e4hrigen Erfahrung. \u201eIch leite seit 2007 Hochzeitszeremonien und empfinde es jedes Mal als gro\u00dfes Geschenk, Teil dieses besonderen Moments [&hellip;]","og_url":"https:\/\/www.weddingportugal.com\/de\/services\/zelebranten\/zelebrantin-melanie-de-eng-pt\/","og_site_name":"Wedding Portugal","article_modified_time":"2025-05-06T07:30:46+00:00","og_image":[{"width":683,"height":1024,"url":"https:\/\/www.weddingportugal.com\/wp-content\/uploads\/2025\/01\/celebrant-Melanie.jpg","type":"image\/jpeg"}],"twitter_card":"summary_large_image","twitter_misc":{"Gesch\u00e4tzte Lesezeit":"1\u00a0Minute"},"schema":{"@context":"https:\/\/schema.org","@graph":[{"@type":"WebPage","@id":"https:\/\/www.weddingportugal.com\/de\/services\/zelebranten\/zelebrantin-melanie-de-eng-pt\/","url":"https:\/\/www.weddingportugal.com\/de\/services\/zelebranten\/zelebrantin-melanie-de-eng-pt\/","name":"Zelebrantin - Melanie (de, eng, pt) - Wedding Portugal","isPartOf":{"@id":"https:\/\/www.weddingportugal.com\/de\/#website"},"primaryImageOfPage":{"@id":"https:\/\/www.weddingportugal.com\/de\/services\/zelebranten\/zelebrantin-melanie-de-eng-pt\/#primaryimage"},"image":{"@id":"https:\/\/www.weddingportugal.com\/de\/services\/zelebranten\/zelebrantin-melanie-de-eng-pt\/#primaryimage"},"thumbnailUrl":"https:\/\/www.weddingportugal.com\/wp-content\/uploads\/2025\/01\/celebrant-Melanie.jpg","datePublished":"2021-07-07T11:20:04+00:00","dateModified":"2025-05-06T07:30:46+00:00","breadcrumb":{"@id":"https:\/\/www.weddingportugal.com\/de\/services\/zelebranten\/zelebrantin-melanie-de-eng-pt\/#breadcrumb"},"inLanguage":"de","potentialAction":[{"@type":"ReadAction","target":["https:\/\/www.weddingportugal.com\/de\/services\/zelebranten\/zelebrantin-melanie-de-eng-pt\/"]}]},{"@type":"ImageObject","inLanguage":"de","@id":"https:\/\/www.weddingportugal.com\/de\/services\/zelebranten\/zelebrantin-melanie-de-eng-pt\/#primaryimage","url":"https:\/\/www.weddingportugal.com\/wp-content\/uploads\/2025\/01\/celebrant-Melanie.jpg","contentUrl":"https:\/\/www.weddingportugal.com\/wp-content\/uploads\/2025\/01\/celebrant-Melanie.jpg","width":683,"height":1024},{"@type":"BreadcrumbList","@id":"https:\/\/www.weddingportugal.com\/de\/services\/zelebranten\/zelebrantin-melanie-de-eng-pt\/#breadcrumb","itemListElement":[{"@type":"ListItem","position":1,"name":"Home","item":"https:\/\/www.weddingportugal.com\/de\/"},{"@type":"ListItem","position":2,"name":"Services","item":"https:\/\/www.weddingportugal.com\/de\/services\/"},{"@type":"ListItem","position":3,"name":"Zelebranten","item":"https:\/\/www.weddingportugal.com\/de\/services\/zelebranten\/"},{"@type":"ListItem","position":4,"name":"Zelebrantin &#8211; Melanie (de, eng, pt)"}]},{"@type":"WebSite","@id":"https:\/\/www.weddingportugal.com\/de\/#website","url":"https:\/\/www.weddingportugal.com\/de\/","name":"Wedding Portugal","description":"We tell you why you should get your weeding in Portugal","publisher":{"@id":"https:\/\/www.weddingportugal.com\/de\/#organization"},"potentialAction":[{"@type":"SearchAction","target":{"@type":"EntryPoint","urlTemplate":"https:\/\/www.weddingportugal.com\/de\/?s={search_term_string}"},"query-input":{"@type":"PropertyValueSpecification","valueRequired":true,"valueName":"search_term_string"}}],"inLanguage":"de"},{"@type":"Organization","@id":"https:\/\/www.weddingportugal.com\/de\/#organization","name":"Wedding Portugal","url":"https:\/\/www.weddingportugal.com\/de\/","logo":{"@type":"ImageObject","inLanguage":"de","@id":"https:\/\/www.weddingportugal.com\/de\/#\/schema\/logo\/image\/","url":"https:\/\/www.weddingportugal.com\/wp-content\/uploads\/2020\/02\/cropped-logo-WeddingPortugal.png","contentUrl":"https:\/\/www.weddingportugal.com\/wp-content\/uploads\/2020\/02\/cropped-logo-WeddingPortugal.png","width":523,"height":89,"caption":"Wedding Portugal"},"image":{"@id":"https:\/\/www.weddingportugal.com\/de\/#\/schema\/logo\/image\/"}}]}},"_links":{"self":[{"href":"https:\/\/www.weddingportugal.com\/de\/wp-json\/wp\/v2\/pages\/4587","targetHints":{"allow":["GET"]}}],"collection":[{"href":"https:\/\/www.weddingportugal.com\/de\/wp-json\/wp\/v2\/pages"}],"about":[{"href":"https:\/\/www.weddingportugal.com\/de\/wp-json\/wp\/v2\/types\/page"}],"author":[{"embeddable":true,"href":"https:\/\/www.weddingportugal.com\/de\/wp-json\/wp\/v2\/users\/1"}],"replies":[{"embeddable":true,"href":"https:\/\/www.weddingportugal.com\/de\/wp-json\/wp\/v2\/comments?post=4587"}],"version-history":[{"count":4,"href":"https:\/\/www.weddingportugal.com\/de\/wp-json\/wp\/v2\/pages\/4587\/revisions"}],"predecessor-version":[{"id":6730,"href":"https:\/\/www.weddingportugal.com\/de\/wp-json\/wp\/v2\/pages\/4587\/revisions\/6730"}],"up":[{"embeddable":true,"href":"https:\/\/www.weddingportugal.com\/de\/wp-json\/wp\/v2\/pages\/4570"}],"wp:featuredmedia":[{"embeddable":true,"href":"https:\/\/www.weddingportugal.com\/de\/wp-json\/wp\/v2\/media\/5362"}],"wp:attachment":[{"href":"https:\/\/www.weddingportugal.com\/de\/wp-json\/wp\/v2\/media?parent=4587"}],"curies":[{"name":"wp","href":"https:\/\/api.w.org\/{rel}","templated":true}]}}