{"id":4583,"date":"2021-07-07T11:18:28","date_gmt":"2021-07-07T11:18:28","guid":{"rendered":"https:\/\/www.weddingportugal.com\/services\/zelebranten\/zelebrant-basile-fr-pt\/"},"modified":"2025-04-21T13:48:31","modified_gmt":"2025-04-21T13:48:31","slug":"zelebrant-basile-fr-pt","status":"publish","type":"page","link":"https:\/\/www.weddingportugal.com\/de\/services\/zelebranten\/zelebrant-basile-fr-pt\/","title":{"rendered":"Zelebrant &#8211; Basile (fr, pt)"},"content":{"rendered":"\t\t<div data-elementor-type=\"wp-page\" data-elementor-id=\"4583\" class=\"elementor elementor-4583 elementor-2385\" data-elementor-post-type=\"page\">\n\t\t\t\t\t\t<section class=\"elementor-section elementor-top-section elementor-element elementor-element-12d61ac elementor-section-boxed elementor-section-height-default elementor-section-height-default\" data-id=\"12d61ac\" data-element_type=\"section\" data-e-type=\"section\">\n\t\t\t\t\t\t<div class=\"elementor-container elementor-column-gap-default\">\n\t\t\t\t\t<div class=\"elementor-column elementor-col-50 elementor-top-column elementor-element elementor-element-e17f757\" data-id=\"e17f757\" data-element_type=\"column\" data-e-type=\"column\">\n\t\t\t<div class=\"elementor-widget-wrap elementor-element-populated\">\n\t\t\t\t\t\t<div class=\"elementor-element elementor-element-64cbd59 elementor-widget elementor-widget-text-editor\" data-id=\"64cbd59\" data-element_type=\"widget\" data-e-type=\"widget\" data-widget_type=\"text-editor.default\">\n\t\t\t\t<div class=\"elementor-widget-container\">\n\t\t\t\t\t\t\t\t\t<div class=\"flex shrink basis-auto flex-col overflow-hidden -mb-(--composer-overlap-px) [--composer-overlap-px:24px] grow\"><div class=\"relative h-full\"><div class=\"flex h-full flex-col overflow-y-auto [scrollbar-gutter:stable]\"><div class=\"@thread-xl\/thread:pt-header-height mt-1.5 flex flex-col text-sm md:pb-9\"><article class=\"text-token-text-primary w-full\" dir=\"auto\" data-testid=\"conversation-turn-10\" data-scroll-anchor=\"true\"><div class=\"text-base my-auto mx-auto py-5 [--thread-content-margin:--spacing(4)] @[37rem]:[--thread-content-margin:--spacing(6)] @[70rem]:[--thread-content-margin:--spacing(12)] px-(--thread-content-margin)\"><div class=\"[--thread-content-max-width:32rem] @[34rem]:[--thread-content-max-width:40rem] @[64rem]:[--thread-content-max-width:48rem] mx-auto flex max-w-(--thread-content-max-width) flex-1 text-base gap-4 md:gap-5 lg:gap-6 group\/turn-messages focus-visible:outline-hidden\" tabindex=\"-1\"><div class=\"group\/conversation-turn relative flex w-full min-w-0 flex-col agent-turn\"><div class=\"relative flex-col gap-1 md:gap-3\"><div class=\"flex max-w-full flex-col grow\"><div class=\"min-h-8 text-message relative flex w-full flex-col items-end gap-2 text-start break-words whitespace-normal [.text-message+&amp;]:mt-5\" dir=\"auto\" data-message-author-role=\"assistant\" data-message-id=\"0e5467df-54d6-4058-beac-20ad7b4fc349\" data-message-model-slug=\"gpt-4o\"><div class=\"flex w-full flex-col gap-1 empty:hidden first:pt-[3px]\"><div class=\"markdown prose dark:prose-invert w-full break-words light\"><p class=\"\" data-start=\"162\" data-end=\"239\"><strong data-start=\"162\" data-end=\"239\">Urspr\u00fcnglich stammt Basile aus Frankreich und lebt seit 2001 in Portugal.<\/strong><\/p><p class=\"\" data-start=\"241\" data-end=\"491\">Von Haus aus zweisprachig, f\u00fchlt er sich sowohl mit der franz\u00f6sischen als auch mit der portugiesischen Kultur verbunden.<br data-start=\"361\" data-end=\"364\" \/>Als Trauredner verbindet er Menschen durch herzliche, zweisprachige Zeremonien, die die Liebe \u00fcber Sprachgrenzen hinweg feiern.<\/p><p class=\"\" data-start=\"493\" data-end=\"591\">Basile spricht au\u00dferdem flie\u00dfend Englisch und gestaltet auch zweisprachige Trauungen mit Englisch.<\/p><p class=\"\" data-start=\"593\" data-end=\"632\">Auf Wunsch gerne mit einer Prise Humor.<\/p><p class=\"\" data-start=\"634\" data-end=\"752\">Basile lebt in Caldas da Rainha (eine Stunde n\u00f6rdlich von Lissabon) und ist f\u00fcr Zeremonien in ganz Portugal verf\u00fcgbar.<\/p><\/div><\/div><\/div><\/div><\/div><\/div><\/div><\/div><\/article><\/div><\/div><\/div><\/div>\t\t\t\t\t\t\t\t<\/div>\n\t\t\t\t<\/div>\n\t\t\t\t\t<\/div>\n\t\t<\/div>\n\t\t\t\t<div class=\"elementor-column elementor-col-50 elementor-top-column elementor-element elementor-element-cbe90e3\" data-id=\"cbe90e3\" data-element_type=\"column\" data-e-type=\"column\">\n\t\t\t<div class=\"elementor-widget-wrap elementor-element-populated\">\n\t\t\t\t\t\t<div class=\"elementor-element elementor-element-10233ed elementor-widget elementor-widget-image\" data-id=\"10233ed\" data-element_type=\"widget\" data-e-type=\"widget\" data-widget_type=\"image.default\">\n\t\t\t\t<div class=\"elementor-widget-container\">\n\t\t\t\t\t\t\t\t\t\t\t\t\t\t\t<img fetchpriority=\"high\" decoding=\"async\" width=\"611\" height=\"611\" src=\"https:\/\/www.weddingportugal.com\/wp-content\/uploads\/2020\/12\/Celebrant-Basile.jpg\" class=\"attachment-large size-large wp-image-3260\" alt=\"\" srcset=\"https:\/\/www.weddingportugal.com\/wp-content\/uploads\/2020\/12\/Celebrant-Basile.jpg 611w, https:\/\/www.weddingportugal.com\/wp-content\/uploads\/2020\/12\/Celebrant-Basile-300x300.jpg 300w, https:\/\/www.weddingportugal.com\/wp-content\/uploads\/2020\/12\/Celebrant-Basile-150x150.jpg 150w\" sizes=\"(max-width: 611px) 100vw, 611px\" \/>\t\t\t\t\t\t\t\t\t\t\t\t\t\t\t<\/div>\n\t\t\t\t<\/div>\n\t\t\t\t\t<\/div>\n\t\t<\/div>\n\t\t\t\t\t<\/div>\n\t\t<\/section>\n\t\t\t\t<\/div>\n\t\t","protected":false},"excerpt":{"rendered":"<p>Urspr\u00fcnglich stammt Basile aus Frankreich und lebt seit 2001 in Portugal. Von Haus aus zweisprachig, f\u00fchlt er sich sowohl mit der franz\u00f6sischen als auch mit der portugiesischen Kultur verbunden.Als Trauredner verbindet er Menschen durch herzliche, zweisprachige Zeremonien, die die Liebe \u00fcber Sprachgrenzen hinweg feiern. Basile spricht au\u00dferdem flie\u00dfend Englisch und gestaltet auch zweisprachige Trauungen mit [&hellip;]<\/p>\n","protected":false},"author":1,"featured_media":3260,"parent":4570,"menu_order":67,"comment_status":"closed","ping_status":"closed","template":"","meta":{"content-type":"","footnotes":""},"class_list":["post-4583","page","type-page","status-publish","has-post-thumbnail","hentry"],"yoast_head":"<!-- This site is optimized with the Yoast SEO plugin v27.2 - https:\/\/yoast.com\/product\/yoast-seo-wordpress\/ -->\n<title>Zelebrant - Basile (fr, pt) - Wedding Portugal<\/title>\n<meta name=\"robots\" content=\"index, follow, max-snippet:-1, max-image-preview:large, max-video-preview:-1\" \/>\n<link rel=\"canonical\" href=\"https:\/\/www.weddingportugal.com\/de\/services\/zelebranten\/zelebrant-basile-fr-pt\/\" \/>\n<meta property=\"og:locale\" content=\"de_DE\" \/>\n<meta property=\"og:type\" content=\"article\" \/>\n<meta property=\"og:title\" content=\"Zelebrant - Basile (fr, pt) - Wedding Portugal\" \/>\n<meta property=\"og:description\" content=\"Urspr\u00fcnglich stammt Basile aus Frankreich und lebt seit 2001 in Portugal. Von Haus aus zweisprachig, f\u00fchlt er sich sowohl mit der franz\u00f6sischen als auch mit der portugiesischen Kultur verbunden.Als Trauredner verbindet er Menschen durch herzliche, zweisprachige Zeremonien, die die Liebe \u00fcber Sprachgrenzen hinweg feiern. Basile spricht au\u00dferdem flie\u00dfend Englisch und gestaltet auch zweisprachige Trauungen mit [&hellip;]\" \/>\n<meta property=\"og:url\" content=\"https:\/\/www.weddingportugal.com\/de\/services\/zelebranten\/zelebrant-basile-fr-pt\/\" \/>\n<meta property=\"og:site_name\" content=\"Wedding Portugal\" \/>\n<meta property=\"article:modified_time\" content=\"2025-04-21T13:48:31+00:00\" \/>\n<meta property=\"og:image\" content=\"https:\/\/www.weddingportugal.com\/wp-content\/uploads\/2020\/12\/Celebrant-Basile.jpg\" \/>\n\t<meta property=\"og:image:width\" content=\"611\" \/>\n\t<meta property=\"og:image:height\" content=\"611\" \/>\n\t<meta property=\"og:image:type\" content=\"image\/jpeg\" \/>\n<meta name=\"twitter:card\" content=\"summary_large_image\" \/>\n<script type=\"application\/ld+json\" class=\"yoast-schema-graph\">{\"@context\":\"https:\/\/schema.org\",\"@graph\":[{\"@type\":\"WebPage\",\"@id\":\"https:\/\/www.weddingportugal.com\/de\/services\/zelebranten\/zelebrant-basile-fr-pt\/\",\"url\":\"https:\/\/www.weddingportugal.com\/de\/services\/zelebranten\/zelebrant-basile-fr-pt\/\",\"name\":\"Zelebrant - Basile (fr, pt) - Wedding Portugal\",\"isPartOf\":{\"@id\":\"https:\/\/www.weddingportugal.com\/de\/#website\"},\"primaryImageOfPage\":{\"@id\":\"https:\/\/www.weddingportugal.com\/de\/services\/zelebranten\/zelebrant-basile-fr-pt\/#primaryimage\"},\"image\":{\"@id\":\"https:\/\/www.weddingportugal.com\/de\/services\/zelebranten\/zelebrant-basile-fr-pt\/#primaryimage\"},\"thumbnailUrl\":\"https:\/\/www.weddingportugal.com\/wp-content\/uploads\/2020\/12\/Celebrant-Basile.jpg\",\"datePublished\":\"2021-07-07T11:18:28+00:00\",\"dateModified\":\"2025-04-21T13:48:31+00:00\",\"breadcrumb\":{\"@id\":\"https:\/\/www.weddingportugal.com\/de\/services\/zelebranten\/zelebrant-basile-fr-pt\/#breadcrumb\"},\"inLanguage\":\"de\",\"potentialAction\":[{\"@type\":\"ReadAction\",\"target\":[\"https:\/\/www.weddingportugal.com\/de\/services\/zelebranten\/zelebrant-basile-fr-pt\/\"]}]},{\"@type\":\"ImageObject\",\"inLanguage\":\"de\",\"@id\":\"https:\/\/www.weddingportugal.com\/de\/services\/zelebranten\/zelebrant-basile-fr-pt\/#primaryimage\",\"url\":\"https:\/\/www.weddingportugal.com\/wp-content\/uploads\/2020\/12\/Celebrant-Basile.jpg\",\"contentUrl\":\"https:\/\/www.weddingportugal.com\/wp-content\/uploads\/2020\/12\/Celebrant-Basile.jpg\",\"width\":611,\"height\":611},{\"@type\":\"BreadcrumbList\",\"@id\":\"https:\/\/www.weddingportugal.com\/de\/services\/zelebranten\/zelebrant-basile-fr-pt\/#breadcrumb\",\"itemListElement\":[{\"@type\":\"ListItem\",\"position\":1,\"name\":\"Home\",\"item\":\"https:\/\/www.weddingportugal.com\/de\/\"},{\"@type\":\"ListItem\",\"position\":2,\"name\":\"Services\",\"item\":\"https:\/\/www.weddingportugal.com\/de\/services\/\"},{\"@type\":\"ListItem\",\"position\":3,\"name\":\"Zelebranten\",\"item\":\"https:\/\/www.weddingportugal.com\/de\/services\/zelebranten\/\"},{\"@type\":\"ListItem\",\"position\":4,\"name\":\"Zelebrant &#8211; Basile (fr, pt)\"}]},{\"@type\":\"WebSite\",\"@id\":\"https:\/\/www.weddingportugal.com\/de\/#website\",\"url\":\"https:\/\/www.weddingportugal.com\/de\/\",\"name\":\"Wedding Portugal\",\"description\":\"We tell you why you should get your weeding in Portugal\",\"publisher\":{\"@id\":\"https:\/\/www.weddingportugal.com\/de\/#organization\"},\"potentialAction\":[{\"@type\":\"SearchAction\",\"target\":{\"@type\":\"EntryPoint\",\"urlTemplate\":\"https:\/\/www.weddingportugal.com\/de\/?s={search_term_string}\"},\"query-input\":{\"@type\":\"PropertyValueSpecification\",\"valueRequired\":true,\"valueName\":\"search_term_string\"}}],\"inLanguage\":\"de\"},{\"@type\":\"Organization\",\"@id\":\"https:\/\/www.weddingportugal.com\/de\/#organization\",\"name\":\"Wedding Portugal\",\"url\":\"https:\/\/www.weddingportugal.com\/de\/\",\"logo\":{\"@type\":\"ImageObject\",\"inLanguage\":\"de\",\"@id\":\"https:\/\/www.weddingportugal.com\/de\/#\/schema\/logo\/image\/\",\"url\":\"https:\/\/www.weddingportugal.com\/wp-content\/uploads\/2020\/02\/cropped-logo-WeddingPortugal.png\",\"contentUrl\":\"https:\/\/www.weddingportugal.com\/wp-content\/uploads\/2020\/02\/cropped-logo-WeddingPortugal.png\",\"width\":523,\"height\":89,\"caption\":\"Wedding Portugal\"},\"image\":{\"@id\":\"https:\/\/www.weddingportugal.com\/de\/#\/schema\/logo\/image\/\"}}]}<\/script>\n<!-- \/ Yoast SEO plugin. -->","yoast_head_json":{"title":"Zelebrant - Basile (fr, pt) - Wedding Portugal","robots":{"index":"index","follow":"follow","max-snippet":"max-snippet:-1","max-image-preview":"max-image-preview:large","max-video-preview":"max-video-preview:-1"},"canonical":"https:\/\/www.weddingportugal.com\/de\/services\/zelebranten\/zelebrant-basile-fr-pt\/","og_locale":"de_DE","og_type":"article","og_title":"Zelebrant - Basile (fr, pt) - Wedding Portugal","og_description":"Urspr\u00fcnglich stammt Basile aus Frankreich und lebt seit 2001 in Portugal. Von Haus aus zweisprachig, f\u00fchlt er sich sowohl mit der franz\u00f6sischen als auch mit der portugiesischen Kultur verbunden.Als Trauredner verbindet er Menschen durch herzliche, zweisprachige Zeremonien, die die Liebe \u00fcber Sprachgrenzen hinweg feiern. Basile spricht au\u00dferdem flie\u00dfend Englisch und gestaltet auch zweisprachige Trauungen mit [&hellip;]","og_url":"https:\/\/www.weddingportugal.com\/de\/services\/zelebranten\/zelebrant-basile-fr-pt\/","og_site_name":"Wedding Portugal","article_modified_time":"2025-04-21T13:48:31+00:00","og_image":[{"width":611,"height":611,"url":"https:\/\/www.weddingportugal.com\/wp-content\/uploads\/2020\/12\/Celebrant-Basile.jpg","type":"image\/jpeg"}],"twitter_card":"summary_large_image","schema":{"@context":"https:\/\/schema.org","@graph":[{"@type":"WebPage","@id":"https:\/\/www.weddingportugal.com\/de\/services\/zelebranten\/zelebrant-basile-fr-pt\/","url":"https:\/\/www.weddingportugal.com\/de\/services\/zelebranten\/zelebrant-basile-fr-pt\/","name":"Zelebrant - Basile (fr, pt) - Wedding Portugal","isPartOf":{"@id":"https:\/\/www.weddingportugal.com\/de\/#website"},"primaryImageOfPage":{"@id":"https:\/\/www.weddingportugal.com\/de\/services\/zelebranten\/zelebrant-basile-fr-pt\/#primaryimage"},"image":{"@id":"https:\/\/www.weddingportugal.com\/de\/services\/zelebranten\/zelebrant-basile-fr-pt\/#primaryimage"},"thumbnailUrl":"https:\/\/www.weddingportugal.com\/wp-content\/uploads\/2020\/12\/Celebrant-Basile.jpg","datePublished":"2021-07-07T11:18:28+00:00","dateModified":"2025-04-21T13:48:31+00:00","breadcrumb":{"@id":"https:\/\/www.weddingportugal.com\/de\/services\/zelebranten\/zelebrant-basile-fr-pt\/#breadcrumb"},"inLanguage":"de","potentialAction":[{"@type":"ReadAction","target":["https:\/\/www.weddingportugal.com\/de\/services\/zelebranten\/zelebrant-basile-fr-pt\/"]}]},{"@type":"ImageObject","inLanguage":"de","@id":"https:\/\/www.weddingportugal.com\/de\/services\/zelebranten\/zelebrant-basile-fr-pt\/#primaryimage","url":"https:\/\/www.weddingportugal.com\/wp-content\/uploads\/2020\/12\/Celebrant-Basile.jpg","contentUrl":"https:\/\/www.weddingportugal.com\/wp-content\/uploads\/2020\/12\/Celebrant-Basile.jpg","width":611,"height":611},{"@type":"BreadcrumbList","@id":"https:\/\/www.weddingportugal.com\/de\/services\/zelebranten\/zelebrant-basile-fr-pt\/#breadcrumb","itemListElement":[{"@type":"ListItem","position":1,"name":"Home","item":"https:\/\/www.weddingportugal.com\/de\/"},{"@type":"ListItem","position":2,"name":"Services","item":"https:\/\/www.weddingportugal.com\/de\/services\/"},{"@type":"ListItem","position":3,"name":"Zelebranten","item":"https:\/\/www.weddingportugal.com\/de\/services\/zelebranten\/"},{"@type":"ListItem","position":4,"name":"Zelebrant &#8211; Basile (fr, pt)"}]},{"@type":"WebSite","@id":"https:\/\/www.weddingportugal.com\/de\/#website","url":"https:\/\/www.weddingportugal.com\/de\/","name":"Wedding Portugal","description":"We tell you why you should get your weeding in Portugal","publisher":{"@id":"https:\/\/www.weddingportugal.com\/de\/#organization"},"potentialAction":[{"@type":"SearchAction","target":{"@type":"EntryPoint","urlTemplate":"https:\/\/www.weddingportugal.com\/de\/?s={search_term_string}"},"query-input":{"@type":"PropertyValueSpecification","valueRequired":true,"valueName":"search_term_string"}}],"inLanguage":"de"},{"@type":"Organization","@id":"https:\/\/www.weddingportugal.com\/de\/#organization","name":"Wedding Portugal","url":"https:\/\/www.weddingportugal.com\/de\/","logo":{"@type":"ImageObject","inLanguage":"de","@id":"https:\/\/www.weddingportugal.com\/de\/#\/schema\/logo\/image\/","url":"https:\/\/www.weddingportugal.com\/wp-content\/uploads\/2020\/02\/cropped-logo-WeddingPortugal.png","contentUrl":"https:\/\/www.weddingportugal.com\/wp-content\/uploads\/2020\/02\/cropped-logo-WeddingPortugal.png","width":523,"height":89,"caption":"Wedding Portugal"},"image":{"@id":"https:\/\/www.weddingportugal.com\/de\/#\/schema\/logo\/image\/"}}]}},"_links":{"self":[{"href":"https:\/\/www.weddingportugal.com\/de\/wp-json\/wp\/v2\/pages\/4583","targetHints":{"allow":["GET"]}}],"collection":[{"href":"https:\/\/www.weddingportugal.com\/de\/wp-json\/wp\/v2\/pages"}],"about":[{"href":"https:\/\/www.weddingportugal.com\/de\/wp-json\/wp\/v2\/types\/page"}],"author":[{"embeddable":true,"href":"https:\/\/www.weddingportugal.com\/de\/wp-json\/wp\/v2\/users\/1"}],"replies":[{"embeddable":true,"href":"https:\/\/www.weddingportugal.com\/de\/wp-json\/wp\/v2\/comments?post=4583"}],"version-history":[{"count":4,"href":"https:\/\/www.weddingportugal.com\/de\/wp-json\/wp\/v2\/pages\/4583\/revisions"}],"predecessor-version":[{"id":6721,"href":"https:\/\/www.weddingportugal.com\/de\/wp-json\/wp\/v2\/pages\/4583\/revisions\/6721"}],"up":[{"embeddable":true,"href":"https:\/\/www.weddingportugal.com\/de\/wp-json\/wp\/v2\/pages\/4570"}],"wp:featuredmedia":[{"embeddable":true,"href":"https:\/\/www.weddingportugal.com\/de\/wp-json\/wp\/v2\/media\/3260"}],"wp:attachment":[{"href":"https:\/\/www.weddingportugal.com\/de\/wp-json\/wp\/v2\/media?parent=4583"}],"curies":[{"name":"wp","href":"https:\/\/api.w.org\/{rel}","templated":true}]}}