{"id":4581,"date":"2021-07-07T11:17:11","date_gmt":"2021-07-07T11:17:11","guid":{"rendered":"https:\/\/www.weddingportugal.com\/services\/zelebranten\/zelebrantin-laura-fr-eng-pt\/"},"modified":"2021-07-26T17:37:15","modified_gmt":"2021-07-26T17:37:15","slug":"zelebrantin-laura-fr-eng-pt","status":"publish","type":"page","link":"https:\/\/www.weddingportugal.com\/de\/services\/zelebranten\/zelebrantin-laura-fr-eng-pt\/","title":{"rendered":"Zelebrantin &#8211; Laura (fr, eng, pt)"},"content":{"rendered":"\t\t<div data-elementor-type=\"wp-page\" data-elementor-id=\"4581\" class=\"elementor elementor-4581 elementor-2383\" data-elementor-post-type=\"page\">\n\t\t\t\t\t\t<section class=\"elementor-section elementor-top-section elementor-element elementor-element-da1d493 elementor-section-boxed elementor-section-height-default elementor-section-height-default\" data-id=\"da1d493\" data-element_type=\"section\" data-e-type=\"section\">\n\t\t\t\t\t\t<div class=\"elementor-container elementor-column-gap-default\">\n\t\t\t\t\t<div class=\"elementor-column elementor-col-50 elementor-top-column elementor-element elementor-element-547fa55\" data-id=\"547fa55\" data-element_type=\"column\" data-e-type=\"column\">\n\t\t\t<div class=\"elementor-widget-wrap elementor-element-populated\">\n\t\t\t\t\t\t<div class=\"elementor-element elementor-element-1928262 elementor-widget elementor-widget-text-editor\" data-id=\"1928262\" data-element_type=\"widget\" data-e-type=\"widget\" data-widget_type=\"text-editor.default\">\n\t\t\t\t<div class=\"elementor-widget-container\">\n\t\t\t\t\t\t\t\t\t<p><strong>Laura<\/strong> wurde 1973 in Belgien geboren und wuchs in Portugal auf.<\/p>\n<p>Laura hat franz\u00f6sische und deutsche Literatur studiert und hat einen Masterabschluss \u00fcber Bibliotheken und Lesef\u00f6rderung.<\/p>\n<p>Zelebrantin Laura arbeitete als \u00dcbersetzerin und als Portugiesischlehrerin. Derzeit unterrichtet sie Franz\u00f6sisch in Odemira, Alentejo.<\/p>\n<p>Sie spricht flie\u00dfend Franz\u00f6sisch, Deutsch und Portugiesisch. Sie spricht auch sehr gut Englisch.<\/p>\n<p><a href=\"mailto:info@weddingportugal.com\">Kontaktieren Sie uns<\/a>, um Laura als Ihre Hochzeitsjubilarin zu buchen<\/p>\n\t\t\t\t\t\t\t\t<\/div>\n\t\t\t\t<\/div>\n\t\t\t\t\t<\/div>\n\t\t<\/div>\n\t\t\t\t<div class=\"elementor-column elementor-col-50 elementor-top-column elementor-element elementor-element-5706987\" data-id=\"5706987\" data-element_type=\"column\" data-e-type=\"column\">\n\t\t\t<div class=\"elementor-widget-wrap elementor-element-populated\">\n\t\t\t\t\t\t<div class=\"elementor-element elementor-element-31095f8 elementor-widget elementor-widget-image\" data-id=\"31095f8\" data-element_type=\"widget\" data-e-type=\"widget\" data-widget_type=\"image.default\">\n\t\t\t\t<div class=\"elementor-widget-container\">\n\t\t\t\t\t\t\t\t\t\t\t\t\t\t\t<img fetchpriority=\"high\" decoding=\"async\" width=\"611\" height=\"611\" src=\"https:\/\/www.weddingportugal.com\/wp-content\/uploads\/2020\/11\/Celebrant-Laura.jpg\" class=\"attachment-large size-large wp-image-2444\" alt=\"\" srcset=\"https:\/\/www.weddingportugal.com\/wp-content\/uploads\/2020\/11\/Celebrant-Laura.jpg 611w, https:\/\/www.weddingportugal.com\/wp-content\/uploads\/2020\/11\/Celebrant-Laura-300x300.jpg 300w, https:\/\/www.weddingportugal.com\/wp-content\/uploads\/2020\/11\/Celebrant-Laura-150x150.jpg 150w\" sizes=\"(max-width: 611px) 100vw, 611px\" \/>\t\t\t\t\t\t\t\t\t\t\t\t\t\t\t<\/div>\n\t\t\t\t<\/div>\n\t\t\t\t\t<\/div>\n\t\t<\/div>\n\t\t\t\t\t<\/div>\n\t\t<\/section>\n\t\t\t\t<\/div>\n\t\t","protected":false},"excerpt":{"rendered":"<p>Laura wurde 1973 in Belgien geboren und wuchs in Portugal auf. Laura hat franz\u00f6sische und deutsche Literatur studiert und hat einen Masterabschluss \u00fcber Bibliotheken und Lesef\u00f6rderung. Zelebrantin Laura arbeitete als \u00dcbersetzerin und als Portugiesischlehrerin. Derzeit unterrichtet sie Franz\u00f6sisch in Odemira, Alentejo. Sie spricht flie\u00dfend Franz\u00f6sisch, Deutsch und Portugiesisch. Sie spricht auch sehr gut Englisch. Kontaktieren [&hellip;]<\/p>\n","protected":false},"author":1,"featured_media":2444,"parent":4570,"menu_order":66,"comment_status":"closed","ping_status":"closed","template":"","meta":{"content-type":"","footnotes":""},"class_list":["post-4581","page","type-page","status-publish","has-post-thumbnail","hentry"],"yoast_head":"<!-- This site is optimized with the Yoast SEO plugin v27.2 - https:\/\/yoast.com\/product\/yoast-seo-wordpress\/ -->\n<title>Zelebrantin - Laura (fr, eng, pt) - Wedding Portugal<\/title>\n<meta name=\"robots\" content=\"index, follow, max-snippet:-1, max-image-preview:large, max-video-preview:-1\" \/>\n<link rel=\"canonical\" href=\"https:\/\/www.weddingportugal.com\/de\/services\/zelebranten\/zelebrantin-laura-fr-eng-pt\/\" \/>\n<meta property=\"og:locale\" content=\"de_DE\" \/>\n<meta property=\"og:type\" content=\"article\" \/>\n<meta property=\"og:title\" content=\"Zelebrantin - Laura (fr, eng, pt) - Wedding Portugal\" \/>\n<meta property=\"og:description\" content=\"Laura wurde 1973 in Belgien geboren und wuchs in Portugal auf. Laura hat franz\u00f6sische und deutsche Literatur studiert und hat einen Masterabschluss \u00fcber Bibliotheken und Lesef\u00f6rderung. Zelebrantin Laura arbeitete als \u00dcbersetzerin und als Portugiesischlehrerin. Derzeit unterrichtet sie Franz\u00f6sisch in Odemira, Alentejo. Sie spricht flie\u00dfend Franz\u00f6sisch, Deutsch und Portugiesisch. Sie spricht auch sehr gut Englisch. Kontaktieren [&hellip;]\" \/>\n<meta property=\"og:url\" content=\"https:\/\/www.weddingportugal.com\/de\/services\/zelebranten\/zelebrantin-laura-fr-eng-pt\/\" \/>\n<meta property=\"og:site_name\" content=\"Wedding Portugal\" \/>\n<meta property=\"article:modified_time\" content=\"2021-07-26T17:37:15+00:00\" \/>\n<meta property=\"og:image\" content=\"https:\/\/www.weddingportugal.com\/wp-content\/uploads\/2020\/11\/Celebrant-Laura.jpg\" \/>\n\t<meta property=\"og:image:width\" content=\"611\" \/>\n\t<meta property=\"og:image:height\" content=\"611\" \/>\n\t<meta property=\"og:image:type\" content=\"image\/jpeg\" \/>\n<meta name=\"twitter:card\" content=\"summary_large_image\" \/>\n<script type=\"application\/ld+json\" class=\"yoast-schema-graph\">{\"@context\":\"https:\/\/schema.org\",\"@graph\":[{\"@type\":\"WebPage\",\"@id\":\"https:\/\/www.weddingportugal.com\/de\/services\/zelebranten\/zelebrantin-laura-fr-eng-pt\/\",\"url\":\"https:\/\/www.weddingportugal.com\/de\/services\/zelebranten\/zelebrantin-laura-fr-eng-pt\/\",\"name\":\"Zelebrantin - Laura (fr, eng, pt) - Wedding Portugal\",\"isPartOf\":{\"@id\":\"https:\/\/www.weddingportugal.com\/de\/#website\"},\"primaryImageOfPage\":{\"@id\":\"https:\/\/www.weddingportugal.com\/de\/services\/zelebranten\/zelebrantin-laura-fr-eng-pt\/#primaryimage\"},\"image\":{\"@id\":\"https:\/\/www.weddingportugal.com\/de\/services\/zelebranten\/zelebrantin-laura-fr-eng-pt\/#primaryimage\"},\"thumbnailUrl\":\"https:\/\/www.weddingportugal.com\/wp-content\/uploads\/2020\/11\/Celebrant-Laura.jpg\",\"datePublished\":\"2021-07-07T11:17:11+00:00\",\"dateModified\":\"2021-07-26T17:37:15+00:00\",\"breadcrumb\":{\"@id\":\"https:\/\/www.weddingportugal.com\/de\/services\/zelebranten\/zelebrantin-laura-fr-eng-pt\/#breadcrumb\"},\"inLanguage\":\"de\",\"potentialAction\":[{\"@type\":\"ReadAction\",\"target\":[\"https:\/\/www.weddingportugal.com\/de\/services\/zelebranten\/zelebrantin-laura-fr-eng-pt\/\"]}]},{\"@type\":\"ImageObject\",\"inLanguage\":\"de\",\"@id\":\"https:\/\/www.weddingportugal.com\/de\/services\/zelebranten\/zelebrantin-laura-fr-eng-pt\/#primaryimage\",\"url\":\"https:\/\/www.weddingportugal.com\/wp-content\/uploads\/2020\/11\/Celebrant-Laura.jpg\",\"contentUrl\":\"https:\/\/www.weddingportugal.com\/wp-content\/uploads\/2020\/11\/Celebrant-Laura.jpg\",\"width\":611,\"height\":611},{\"@type\":\"BreadcrumbList\",\"@id\":\"https:\/\/www.weddingportugal.com\/de\/services\/zelebranten\/zelebrantin-laura-fr-eng-pt\/#breadcrumb\",\"itemListElement\":[{\"@type\":\"ListItem\",\"position\":1,\"name\":\"Home\",\"item\":\"https:\/\/www.weddingportugal.com\/de\/\"},{\"@type\":\"ListItem\",\"position\":2,\"name\":\"Services\",\"item\":\"https:\/\/www.weddingportugal.com\/de\/services\/\"},{\"@type\":\"ListItem\",\"position\":3,\"name\":\"Zelebranten\",\"item\":\"https:\/\/www.weddingportugal.com\/de\/services\/zelebranten\/\"},{\"@type\":\"ListItem\",\"position\":4,\"name\":\"Zelebrantin &#8211; Laura (fr, eng, pt)\"}]},{\"@type\":\"WebSite\",\"@id\":\"https:\/\/www.weddingportugal.com\/de\/#website\",\"url\":\"https:\/\/www.weddingportugal.com\/de\/\",\"name\":\"Wedding Portugal\",\"description\":\"We tell you why you should get your weeding in Portugal\",\"publisher\":{\"@id\":\"https:\/\/www.weddingportugal.com\/de\/#organization\"},\"potentialAction\":[{\"@type\":\"SearchAction\",\"target\":{\"@type\":\"EntryPoint\",\"urlTemplate\":\"https:\/\/www.weddingportugal.com\/de\/?s={search_term_string}\"},\"query-input\":{\"@type\":\"PropertyValueSpecification\",\"valueRequired\":true,\"valueName\":\"search_term_string\"}}],\"inLanguage\":\"de\"},{\"@type\":\"Organization\",\"@id\":\"https:\/\/www.weddingportugal.com\/de\/#organization\",\"name\":\"Wedding Portugal\",\"url\":\"https:\/\/www.weddingportugal.com\/de\/\",\"logo\":{\"@type\":\"ImageObject\",\"inLanguage\":\"de\",\"@id\":\"https:\/\/www.weddingportugal.com\/de\/#\/schema\/logo\/image\/\",\"url\":\"https:\/\/www.weddingportugal.com\/wp-content\/uploads\/2020\/02\/cropped-logo-WeddingPortugal.png\",\"contentUrl\":\"https:\/\/www.weddingportugal.com\/wp-content\/uploads\/2020\/02\/cropped-logo-WeddingPortugal.png\",\"width\":523,\"height\":89,\"caption\":\"Wedding Portugal\"},\"image\":{\"@id\":\"https:\/\/www.weddingportugal.com\/de\/#\/schema\/logo\/image\/\"}}]}<\/script>\n<!-- \/ Yoast SEO plugin. -->","yoast_head_json":{"title":"Zelebrantin - Laura (fr, eng, pt) - Wedding Portugal","robots":{"index":"index","follow":"follow","max-snippet":"max-snippet:-1","max-image-preview":"max-image-preview:large","max-video-preview":"max-video-preview:-1"},"canonical":"https:\/\/www.weddingportugal.com\/de\/services\/zelebranten\/zelebrantin-laura-fr-eng-pt\/","og_locale":"de_DE","og_type":"article","og_title":"Zelebrantin - Laura (fr, eng, pt) - Wedding Portugal","og_description":"Laura wurde 1973 in Belgien geboren und wuchs in Portugal auf. Laura hat franz\u00f6sische und deutsche Literatur studiert und hat einen Masterabschluss \u00fcber Bibliotheken und Lesef\u00f6rderung. Zelebrantin Laura arbeitete als \u00dcbersetzerin und als Portugiesischlehrerin. Derzeit unterrichtet sie Franz\u00f6sisch in Odemira, Alentejo. Sie spricht flie\u00dfend Franz\u00f6sisch, Deutsch und Portugiesisch. Sie spricht auch sehr gut Englisch. Kontaktieren [&hellip;]","og_url":"https:\/\/www.weddingportugal.com\/de\/services\/zelebranten\/zelebrantin-laura-fr-eng-pt\/","og_site_name":"Wedding Portugal","article_modified_time":"2021-07-26T17:37:15+00:00","og_image":[{"width":611,"height":611,"url":"https:\/\/www.weddingportugal.com\/wp-content\/uploads\/2020\/11\/Celebrant-Laura.jpg","type":"image\/jpeg"}],"twitter_card":"summary_large_image","schema":{"@context":"https:\/\/schema.org","@graph":[{"@type":"WebPage","@id":"https:\/\/www.weddingportugal.com\/de\/services\/zelebranten\/zelebrantin-laura-fr-eng-pt\/","url":"https:\/\/www.weddingportugal.com\/de\/services\/zelebranten\/zelebrantin-laura-fr-eng-pt\/","name":"Zelebrantin - Laura (fr, eng, pt) - Wedding Portugal","isPartOf":{"@id":"https:\/\/www.weddingportugal.com\/de\/#website"},"primaryImageOfPage":{"@id":"https:\/\/www.weddingportugal.com\/de\/services\/zelebranten\/zelebrantin-laura-fr-eng-pt\/#primaryimage"},"image":{"@id":"https:\/\/www.weddingportugal.com\/de\/services\/zelebranten\/zelebrantin-laura-fr-eng-pt\/#primaryimage"},"thumbnailUrl":"https:\/\/www.weddingportugal.com\/wp-content\/uploads\/2020\/11\/Celebrant-Laura.jpg","datePublished":"2021-07-07T11:17:11+00:00","dateModified":"2021-07-26T17:37:15+00:00","breadcrumb":{"@id":"https:\/\/www.weddingportugal.com\/de\/services\/zelebranten\/zelebrantin-laura-fr-eng-pt\/#breadcrumb"},"inLanguage":"de","potentialAction":[{"@type":"ReadAction","target":["https:\/\/www.weddingportugal.com\/de\/services\/zelebranten\/zelebrantin-laura-fr-eng-pt\/"]}]},{"@type":"ImageObject","inLanguage":"de","@id":"https:\/\/www.weddingportugal.com\/de\/services\/zelebranten\/zelebrantin-laura-fr-eng-pt\/#primaryimage","url":"https:\/\/www.weddingportugal.com\/wp-content\/uploads\/2020\/11\/Celebrant-Laura.jpg","contentUrl":"https:\/\/www.weddingportugal.com\/wp-content\/uploads\/2020\/11\/Celebrant-Laura.jpg","width":611,"height":611},{"@type":"BreadcrumbList","@id":"https:\/\/www.weddingportugal.com\/de\/services\/zelebranten\/zelebrantin-laura-fr-eng-pt\/#breadcrumb","itemListElement":[{"@type":"ListItem","position":1,"name":"Home","item":"https:\/\/www.weddingportugal.com\/de\/"},{"@type":"ListItem","position":2,"name":"Services","item":"https:\/\/www.weddingportugal.com\/de\/services\/"},{"@type":"ListItem","position":3,"name":"Zelebranten","item":"https:\/\/www.weddingportugal.com\/de\/services\/zelebranten\/"},{"@type":"ListItem","position":4,"name":"Zelebrantin &#8211; Laura (fr, eng, pt)"}]},{"@type":"WebSite","@id":"https:\/\/www.weddingportugal.com\/de\/#website","url":"https:\/\/www.weddingportugal.com\/de\/","name":"Wedding Portugal","description":"We tell you why you should get your weeding in Portugal","publisher":{"@id":"https:\/\/www.weddingportugal.com\/de\/#organization"},"potentialAction":[{"@type":"SearchAction","target":{"@type":"EntryPoint","urlTemplate":"https:\/\/www.weddingportugal.com\/de\/?s={search_term_string}"},"query-input":{"@type":"PropertyValueSpecification","valueRequired":true,"valueName":"search_term_string"}}],"inLanguage":"de"},{"@type":"Organization","@id":"https:\/\/www.weddingportugal.com\/de\/#organization","name":"Wedding Portugal","url":"https:\/\/www.weddingportugal.com\/de\/","logo":{"@type":"ImageObject","inLanguage":"de","@id":"https:\/\/www.weddingportugal.com\/de\/#\/schema\/logo\/image\/","url":"https:\/\/www.weddingportugal.com\/wp-content\/uploads\/2020\/02\/cropped-logo-WeddingPortugal.png","contentUrl":"https:\/\/www.weddingportugal.com\/wp-content\/uploads\/2020\/02\/cropped-logo-WeddingPortugal.png","width":523,"height":89,"caption":"Wedding Portugal"},"image":{"@id":"https:\/\/www.weddingportugal.com\/de\/#\/schema\/logo\/image\/"}}]}},"_links":{"self":[{"href":"https:\/\/www.weddingportugal.com\/de\/wp-json\/wp\/v2\/pages\/4581","targetHints":{"allow":["GET"]}}],"collection":[{"href":"https:\/\/www.weddingportugal.com\/de\/wp-json\/wp\/v2\/pages"}],"about":[{"href":"https:\/\/www.weddingportugal.com\/de\/wp-json\/wp\/v2\/types\/page"}],"author":[{"embeddable":true,"href":"https:\/\/www.weddingportugal.com\/de\/wp-json\/wp\/v2\/users\/1"}],"replies":[{"embeddable":true,"href":"https:\/\/www.weddingportugal.com\/de\/wp-json\/wp\/v2\/comments?post=4581"}],"version-history":[{"count":1,"href":"https:\/\/www.weddingportugal.com\/de\/wp-json\/wp\/v2\/pages\/4581\/revisions"}],"predecessor-version":[{"id":4582,"href":"https:\/\/www.weddingportugal.com\/de\/wp-json\/wp\/v2\/pages\/4581\/revisions\/4582"}],"up":[{"embeddable":true,"href":"https:\/\/www.weddingportugal.com\/de\/wp-json\/wp\/v2\/pages\/4570"}],"wp:featuredmedia":[{"embeddable":true,"href":"https:\/\/www.weddingportugal.com\/de\/wp-json\/wp\/v2\/media\/2444"}],"wp:attachment":[{"href":"https:\/\/www.weddingportugal.com\/de\/wp-json\/wp\/v2\/media?parent=4581"}],"curies":[{"name":"wp","href":"https:\/\/api.w.org\/{rel}","templated":true}]}}