{"id":4577,"date":"2021-07-07T11:15:16","date_gmt":"2021-07-07T11:15:16","guid":{"rendered":"https:\/\/www.weddingportugal.com\/services\/zelebranten\/zelebrant-xavier-de-eng-pt\/"},"modified":"2021-07-26T17:37:14","modified_gmt":"2021-07-26T17:37:14","slug":"zelebrant-xavier-de-eng-pt","status":"publish","type":"page","link":"https:\/\/www.weddingportugal.com\/de\/services\/zelebranten\/zelebrant-xavier-de-eng-pt\/","title":{"rendered":"Zelebrant &#8211; Xavier (de, eng, pt)"},"content":{"rendered":"\t\t<div data-elementor-type=\"wp-page\" data-elementor-id=\"4577\" class=\"elementor elementor-4577 elementor-2379\" data-elementor-post-type=\"page\">\n\t\t\t\t\t\t<section class=\"elementor-section elementor-top-section elementor-element elementor-element-3679bea elementor-section-boxed elementor-section-height-default elementor-section-height-default\" data-id=\"3679bea\" data-element_type=\"section\" data-e-type=\"section\">\n\t\t\t\t\t\t<div class=\"elementor-container elementor-column-gap-default\">\n\t\t\t\t\t<div class=\"elementor-column elementor-col-50 elementor-top-column elementor-element elementor-element-18a3334\" data-id=\"18a3334\" data-element_type=\"column\" data-e-type=\"column\">\n\t\t\t<div class=\"elementor-widget-wrap elementor-element-populated\">\n\t\t\t\t\t\t<div class=\"elementor-element elementor-element-1116669 elementor-widget elementor-widget-text-editor\" data-id=\"1116669\" data-element_type=\"widget\" data-e-type=\"widget\" data-widget_type=\"text-editor.default\">\n\t\t\t\t<div class=\"elementor-widget-container\">\n\t\t\t\t\t\t\t\t\t<p><strong>Xavier<\/strong> ist in Deutschland geboren und aufgewachsen. Er hat auch in Gro\u00dfbritannien und Kanada gelebt und wohnt nun seit mehr als 20 Jahren in Portugal. Er spricht flie\u00dfend Deutsch und Englisch und gutes Portugiesisch.<br \/>\nXavier ist f\u00fcr Trauungen in jeder dieser Sprachen \u00fcberall im Land verf\u00fcgbar.<\/p>\n<p>Bitte <a href=\"mailto:info@weddingportugal.com\">kontaktieren Sie uns<\/a><\/p>\n<p>wenn Sie daran interessiert sind, ihn als Zelebrant f\u00fcr Ihre Hochzeit zu buchen. Wir arrangieren gerne ein kostenloses Skype-Gespr\u00e4ch, damit Sie ihn unverbindlich kennenlernen k\u00f6nnen.<\/p>\n\t\t\t\t\t\t\t\t<\/div>\n\t\t\t\t<\/div>\n\t\t\t\t\t<\/div>\n\t\t<\/div>\n\t\t\t\t<div class=\"elementor-column elementor-col-50 elementor-top-column elementor-element elementor-element-9f75a1b\" data-id=\"9f75a1b\" data-element_type=\"column\" data-e-type=\"column\">\n\t\t\t<div class=\"elementor-widget-wrap elementor-element-populated\">\n\t\t\t\t\t\t<div class=\"elementor-element elementor-element-c081e47 elementor-widget elementor-widget-image\" data-id=\"c081e47\" data-element_type=\"widget\" data-e-type=\"widget\" data-widget_type=\"image.default\">\n\t\t\t\t<div class=\"elementor-widget-container\">\n\t\t\t\t\t\t\t\t\t\t\t\t\t\t\t<img fetchpriority=\"high\" decoding=\"async\" width=\"611\" height=\"611\" src=\"https:\/\/www.weddingportugal.com\/wp-content\/uploads\/2020\/11\/Celebrant-Xavier.jpg\" class=\"attachment-large size-large wp-image-2434\" alt=\"\" srcset=\"https:\/\/www.weddingportugal.com\/wp-content\/uploads\/2020\/11\/Celebrant-Xavier.jpg 611w, https:\/\/www.weddingportugal.com\/wp-content\/uploads\/2020\/11\/Celebrant-Xavier-300x300.jpg 300w, https:\/\/www.weddingportugal.com\/wp-content\/uploads\/2020\/11\/Celebrant-Xavier-150x150.jpg 150w\" sizes=\"(max-width: 611px) 100vw, 611px\" \/>\t\t\t\t\t\t\t\t\t\t\t\t\t\t\t<\/div>\n\t\t\t\t<\/div>\n\t\t\t\t\t<\/div>\n\t\t<\/div>\n\t\t\t\t\t<\/div>\n\t\t<\/section>\n\t\t\t\t<\/div>\n\t\t","protected":false},"excerpt":{"rendered":"<p>Xavier ist in Deutschland geboren und aufgewachsen. Er hat auch in Gro\u00dfbritannien und Kanada gelebt und wohnt nun seit mehr als 20 Jahren in Portugal. Er spricht flie\u00dfend Deutsch und Englisch und gutes Portugiesisch. Xavier ist f\u00fcr Trauungen in jeder dieser Sprachen \u00fcberall im Land verf\u00fcgbar. Bitte kontaktieren Sie uns wenn Sie daran interessiert sind, [&hellip;]<\/p>\n","protected":false},"author":1,"featured_media":2434,"parent":4570,"menu_order":64,"comment_status":"closed","ping_status":"closed","template":"","meta":{"content-type":"","footnotes":""},"class_list":["post-4577","page","type-page","status-publish","has-post-thumbnail","hentry"],"yoast_head":"<!-- This site is optimized with the Yoast SEO plugin v27.2 - https:\/\/yoast.com\/product\/yoast-seo-wordpress\/ -->\n<title>Zelebrant - Xavier (de, eng, pt) - Wedding Portugal<\/title>\n<meta name=\"robots\" content=\"index, follow, max-snippet:-1, max-image-preview:large, max-video-preview:-1\" \/>\n<link rel=\"canonical\" href=\"https:\/\/www.weddingportugal.com\/de\/services\/zelebranten\/zelebrant-xavier-de-eng-pt\/\" \/>\n<meta property=\"og:locale\" content=\"de_DE\" \/>\n<meta property=\"og:type\" content=\"article\" \/>\n<meta property=\"og:title\" content=\"Zelebrant - Xavier (de, eng, pt) - Wedding Portugal\" \/>\n<meta property=\"og:description\" content=\"Xavier ist in Deutschland geboren und aufgewachsen. Er hat auch in Gro\u00dfbritannien und Kanada gelebt und wohnt nun seit mehr als 20 Jahren in Portugal. Er spricht flie\u00dfend Deutsch und Englisch und gutes Portugiesisch. Xavier ist f\u00fcr Trauungen in jeder dieser Sprachen \u00fcberall im Land verf\u00fcgbar. Bitte kontaktieren Sie uns wenn Sie daran interessiert sind, [&hellip;]\" \/>\n<meta property=\"og:url\" content=\"https:\/\/www.weddingportugal.com\/de\/services\/zelebranten\/zelebrant-xavier-de-eng-pt\/\" \/>\n<meta property=\"og:site_name\" content=\"Wedding Portugal\" \/>\n<meta property=\"article:modified_time\" content=\"2021-07-26T17:37:14+00:00\" \/>\n<meta property=\"og:image\" content=\"https:\/\/www.weddingportugal.com\/wp-content\/uploads\/2020\/11\/Celebrant-Xavier.jpg\" \/>\n\t<meta property=\"og:image:width\" content=\"611\" \/>\n\t<meta property=\"og:image:height\" content=\"611\" \/>\n\t<meta property=\"og:image:type\" content=\"image\/jpeg\" \/>\n<meta name=\"twitter:card\" content=\"summary_large_image\" \/>\n<script type=\"application\/ld+json\" class=\"yoast-schema-graph\">{\"@context\":\"https:\/\/schema.org\",\"@graph\":[{\"@type\":\"WebPage\",\"@id\":\"https:\/\/www.weddingportugal.com\/de\/services\/zelebranten\/zelebrant-xavier-de-eng-pt\/\",\"url\":\"https:\/\/www.weddingportugal.com\/de\/services\/zelebranten\/zelebrant-xavier-de-eng-pt\/\",\"name\":\"Zelebrant - Xavier (de, eng, pt) - Wedding Portugal\",\"isPartOf\":{\"@id\":\"https:\/\/www.weddingportugal.com\/de\/#website\"},\"primaryImageOfPage\":{\"@id\":\"https:\/\/www.weddingportugal.com\/de\/services\/zelebranten\/zelebrant-xavier-de-eng-pt\/#primaryimage\"},\"image\":{\"@id\":\"https:\/\/www.weddingportugal.com\/de\/services\/zelebranten\/zelebrant-xavier-de-eng-pt\/#primaryimage\"},\"thumbnailUrl\":\"https:\/\/www.weddingportugal.com\/wp-content\/uploads\/2020\/11\/Celebrant-Xavier.jpg\",\"datePublished\":\"2021-07-07T11:15:16+00:00\",\"dateModified\":\"2021-07-26T17:37:14+00:00\",\"breadcrumb\":{\"@id\":\"https:\/\/www.weddingportugal.com\/de\/services\/zelebranten\/zelebrant-xavier-de-eng-pt\/#breadcrumb\"},\"inLanguage\":\"de\",\"potentialAction\":[{\"@type\":\"ReadAction\",\"target\":[\"https:\/\/www.weddingportugal.com\/de\/services\/zelebranten\/zelebrant-xavier-de-eng-pt\/\"]}]},{\"@type\":\"ImageObject\",\"inLanguage\":\"de\",\"@id\":\"https:\/\/www.weddingportugal.com\/de\/services\/zelebranten\/zelebrant-xavier-de-eng-pt\/#primaryimage\",\"url\":\"https:\/\/www.weddingportugal.com\/wp-content\/uploads\/2020\/11\/Celebrant-Xavier.jpg\",\"contentUrl\":\"https:\/\/www.weddingportugal.com\/wp-content\/uploads\/2020\/11\/Celebrant-Xavier.jpg\",\"width\":611,\"height\":611},{\"@type\":\"BreadcrumbList\",\"@id\":\"https:\/\/www.weddingportugal.com\/de\/services\/zelebranten\/zelebrant-xavier-de-eng-pt\/#breadcrumb\",\"itemListElement\":[{\"@type\":\"ListItem\",\"position\":1,\"name\":\"Home\",\"item\":\"https:\/\/www.weddingportugal.com\/de\/\"},{\"@type\":\"ListItem\",\"position\":2,\"name\":\"Services\",\"item\":\"https:\/\/www.weddingportugal.com\/de\/services\/\"},{\"@type\":\"ListItem\",\"position\":3,\"name\":\"Zelebranten\",\"item\":\"https:\/\/www.weddingportugal.com\/de\/services\/zelebranten\/\"},{\"@type\":\"ListItem\",\"position\":4,\"name\":\"Zelebrant &#8211; Xavier (de, eng, pt)\"}]},{\"@type\":\"WebSite\",\"@id\":\"https:\/\/www.weddingportugal.com\/de\/#website\",\"url\":\"https:\/\/www.weddingportugal.com\/de\/\",\"name\":\"Wedding Portugal\",\"description\":\"We tell you why you should get your weeding in Portugal\",\"publisher\":{\"@id\":\"https:\/\/www.weddingportugal.com\/de\/#organization\"},\"potentialAction\":[{\"@type\":\"SearchAction\",\"target\":{\"@type\":\"EntryPoint\",\"urlTemplate\":\"https:\/\/www.weddingportugal.com\/de\/?s={search_term_string}\"},\"query-input\":{\"@type\":\"PropertyValueSpecification\",\"valueRequired\":true,\"valueName\":\"search_term_string\"}}],\"inLanguage\":\"de\"},{\"@type\":\"Organization\",\"@id\":\"https:\/\/www.weddingportugal.com\/de\/#organization\",\"name\":\"Wedding Portugal\",\"url\":\"https:\/\/www.weddingportugal.com\/de\/\",\"logo\":{\"@type\":\"ImageObject\",\"inLanguage\":\"de\",\"@id\":\"https:\/\/www.weddingportugal.com\/de\/#\/schema\/logo\/image\/\",\"url\":\"https:\/\/www.weddingportugal.com\/wp-content\/uploads\/2020\/02\/cropped-logo-WeddingPortugal.png\",\"contentUrl\":\"https:\/\/www.weddingportugal.com\/wp-content\/uploads\/2020\/02\/cropped-logo-WeddingPortugal.png\",\"width\":523,\"height\":89,\"caption\":\"Wedding Portugal\"},\"image\":{\"@id\":\"https:\/\/www.weddingportugal.com\/de\/#\/schema\/logo\/image\/\"}}]}<\/script>\n<!-- \/ Yoast SEO plugin. -->","yoast_head_json":{"title":"Zelebrant - Xavier (de, eng, pt) - Wedding Portugal","robots":{"index":"index","follow":"follow","max-snippet":"max-snippet:-1","max-image-preview":"max-image-preview:large","max-video-preview":"max-video-preview:-1"},"canonical":"https:\/\/www.weddingportugal.com\/de\/services\/zelebranten\/zelebrant-xavier-de-eng-pt\/","og_locale":"de_DE","og_type":"article","og_title":"Zelebrant - Xavier (de, eng, pt) - Wedding Portugal","og_description":"Xavier ist in Deutschland geboren und aufgewachsen. Er hat auch in Gro\u00dfbritannien und Kanada gelebt und wohnt nun seit mehr als 20 Jahren in Portugal. Er spricht flie\u00dfend Deutsch und Englisch und gutes Portugiesisch. Xavier ist f\u00fcr Trauungen in jeder dieser Sprachen \u00fcberall im Land verf\u00fcgbar. Bitte kontaktieren Sie uns wenn Sie daran interessiert sind, [&hellip;]","og_url":"https:\/\/www.weddingportugal.com\/de\/services\/zelebranten\/zelebrant-xavier-de-eng-pt\/","og_site_name":"Wedding Portugal","article_modified_time":"2021-07-26T17:37:14+00:00","og_image":[{"width":611,"height":611,"url":"https:\/\/www.weddingportugal.com\/wp-content\/uploads\/2020\/11\/Celebrant-Xavier.jpg","type":"image\/jpeg"}],"twitter_card":"summary_large_image","schema":{"@context":"https:\/\/schema.org","@graph":[{"@type":"WebPage","@id":"https:\/\/www.weddingportugal.com\/de\/services\/zelebranten\/zelebrant-xavier-de-eng-pt\/","url":"https:\/\/www.weddingportugal.com\/de\/services\/zelebranten\/zelebrant-xavier-de-eng-pt\/","name":"Zelebrant - Xavier (de, eng, pt) - Wedding Portugal","isPartOf":{"@id":"https:\/\/www.weddingportugal.com\/de\/#website"},"primaryImageOfPage":{"@id":"https:\/\/www.weddingportugal.com\/de\/services\/zelebranten\/zelebrant-xavier-de-eng-pt\/#primaryimage"},"image":{"@id":"https:\/\/www.weddingportugal.com\/de\/services\/zelebranten\/zelebrant-xavier-de-eng-pt\/#primaryimage"},"thumbnailUrl":"https:\/\/www.weddingportugal.com\/wp-content\/uploads\/2020\/11\/Celebrant-Xavier.jpg","datePublished":"2021-07-07T11:15:16+00:00","dateModified":"2021-07-26T17:37:14+00:00","breadcrumb":{"@id":"https:\/\/www.weddingportugal.com\/de\/services\/zelebranten\/zelebrant-xavier-de-eng-pt\/#breadcrumb"},"inLanguage":"de","potentialAction":[{"@type":"ReadAction","target":["https:\/\/www.weddingportugal.com\/de\/services\/zelebranten\/zelebrant-xavier-de-eng-pt\/"]}]},{"@type":"ImageObject","inLanguage":"de","@id":"https:\/\/www.weddingportugal.com\/de\/services\/zelebranten\/zelebrant-xavier-de-eng-pt\/#primaryimage","url":"https:\/\/www.weddingportugal.com\/wp-content\/uploads\/2020\/11\/Celebrant-Xavier.jpg","contentUrl":"https:\/\/www.weddingportugal.com\/wp-content\/uploads\/2020\/11\/Celebrant-Xavier.jpg","width":611,"height":611},{"@type":"BreadcrumbList","@id":"https:\/\/www.weddingportugal.com\/de\/services\/zelebranten\/zelebrant-xavier-de-eng-pt\/#breadcrumb","itemListElement":[{"@type":"ListItem","position":1,"name":"Home","item":"https:\/\/www.weddingportugal.com\/de\/"},{"@type":"ListItem","position":2,"name":"Services","item":"https:\/\/www.weddingportugal.com\/de\/services\/"},{"@type":"ListItem","position":3,"name":"Zelebranten","item":"https:\/\/www.weddingportugal.com\/de\/services\/zelebranten\/"},{"@type":"ListItem","position":4,"name":"Zelebrant &#8211; Xavier (de, eng, pt)"}]},{"@type":"WebSite","@id":"https:\/\/www.weddingportugal.com\/de\/#website","url":"https:\/\/www.weddingportugal.com\/de\/","name":"Wedding Portugal","description":"We tell you why you should get your weeding in Portugal","publisher":{"@id":"https:\/\/www.weddingportugal.com\/de\/#organization"},"potentialAction":[{"@type":"SearchAction","target":{"@type":"EntryPoint","urlTemplate":"https:\/\/www.weddingportugal.com\/de\/?s={search_term_string}"},"query-input":{"@type":"PropertyValueSpecification","valueRequired":true,"valueName":"search_term_string"}}],"inLanguage":"de"},{"@type":"Organization","@id":"https:\/\/www.weddingportugal.com\/de\/#organization","name":"Wedding Portugal","url":"https:\/\/www.weddingportugal.com\/de\/","logo":{"@type":"ImageObject","inLanguage":"de","@id":"https:\/\/www.weddingportugal.com\/de\/#\/schema\/logo\/image\/","url":"https:\/\/www.weddingportugal.com\/wp-content\/uploads\/2020\/02\/cropped-logo-WeddingPortugal.png","contentUrl":"https:\/\/www.weddingportugal.com\/wp-content\/uploads\/2020\/02\/cropped-logo-WeddingPortugal.png","width":523,"height":89,"caption":"Wedding Portugal"},"image":{"@id":"https:\/\/www.weddingportugal.com\/de\/#\/schema\/logo\/image\/"}}]}},"_links":{"self":[{"href":"https:\/\/www.weddingportugal.com\/de\/wp-json\/wp\/v2\/pages\/4577","targetHints":{"allow":["GET"]}}],"collection":[{"href":"https:\/\/www.weddingportugal.com\/de\/wp-json\/wp\/v2\/pages"}],"about":[{"href":"https:\/\/www.weddingportugal.com\/de\/wp-json\/wp\/v2\/types\/page"}],"author":[{"embeddable":true,"href":"https:\/\/www.weddingportugal.com\/de\/wp-json\/wp\/v2\/users\/1"}],"replies":[{"embeddable":true,"href":"https:\/\/www.weddingportugal.com\/de\/wp-json\/wp\/v2\/comments?post=4577"}],"version-history":[{"count":1,"href":"https:\/\/www.weddingportugal.com\/de\/wp-json\/wp\/v2\/pages\/4577\/revisions"}],"predecessor-version":[{"id":4578,"href":"https:\/\/www.weddingportugal.com\/de\/wp-json\/wp\/v2\/pages\/4577\/revisions\/4578"}],"up":[{"embeddable":true,"href":"https:\/\/www.weddingportugal.com\/de\/wp-json\/wp\/v2\/pages\/4570"}],"wp:featuredmedia":[{"embeddable":true,"href":"https:\/\/www.weddingportugal.com\/de\/wp-json\/wp\/v2\/media\/2434"}],"wp:attachment":[{"href":"https:\/\/www.weddingportugal.com\/de\/wp-json\/wp\/v2\/media?parent=4577"}],"curies":[{"name":"wp","href":"https:\/\/api.w.org\/{rel}","templated":true}]}}