{"id":4575,"date":"2021-07-07T11:13:49","date_gmt":"2021-07-07T11:13:49","guid":{"rendered":"https:\/\/www.weddingportugal.com\/services\/zelebranten\/zelebrantin-maria-de-eng-pt-ru\/"},"modified":"2021-07-26T17:37:14","modified_gmt":"2021-07-26T17:37:14","slug":"zelebrantin-maria-de-eng-pt-ru","status":"publish","type":"page","link":"https:\/\/www.weddingportugal.com\/de\/services\/zelebranten\/zelebrantin-maria-de-eng-pt-ru\/","title":{"rendered":"Zelebrantin &#8211; Maria (de, eng, pt, ru)"},"content":{"rendered":"\t\t<div data-elementor-type=\"wp-page\" data-elementor-id=\"4575\" class=\"elementor elementor-4575 elementor-2377\" data-elementor-post-type=\"page\">\n\t\t\t\t\t\t<section class=\"elementor-section elementor-top-section elementor-element elementor-element-3ecaa0b elementor-section-boxed elementor-section-height-default elementor-section-height-default\" data-id=\"3ecaa0b\" data-element_type=\"section\" data-e-type=\"section\">\n\t\t\t\t\t\t<div class=\"elementor-container elementor-column-gap-default\">\n\t\t\t\t\t<div class=\"elementor-column elementor-col-50 elementor-top-column elementor-element elementor-element-44bd7ba\" data-id=\"44bd7ba\" data-element_type=\"column\" data-e-type=\"column\">\n\t\t\t<div class=\"elementor-widget-wrap elementor-element-populated\">\n\t\t\t\t\t\t<div class=\"elementor-element elementor-element-2630b90 elementor-widget elementor-widget-text-editor\" data-id=\"2630b90\" data-element_type=\"widget\" data-e-type=\"widget\" data-widget_type=\"text-editor.default\">\n\t\t\t\t<div class=\"elementor-widget-container\">\n\t\t\t\t\t\t\t\t\t<p><strong>Maria<\/strong> ist urspr\u00fcnglich aus Russland und spricht flie\u00dfend Deutsch, Portugiesisch, Englisch und Italienisch.<\/p>\n<p>Sie bringt ihren eigenen pers\u00f6nlichen Stil mit W\u00e4rme und Ehrlichkeit in die Zeremonien und, wo angebracht, einen Hauch von Humor in Ihre Hochzeitszeremonie.<\/p>\n<p>Ein kleines Lachen, das dazu beitr\u00e4gt, die Zeremonien unbeschwerter und angenehmer f\u00fcr alle zu machen!<\/p>\n<p>Um Maria f\u00fcr Ihre Hochzeit zu buchen oder um einen unverbindlichen Skype-Anruf anzufordern, kontaktieren Sie uns bitte: <a href=\"mailto:info@weddingportugal.com\">info@weddingportugal.com<\/a><\/p>\n\t\t\t\t\t\t\t\t<\/div>\n\t\t\t\t<\/div>\n\t\t\t\t\t<\/div>\n\t\t<\/div>\n\t\t\t\t<div class=\"elementor-column elementor-col-50 elementor-top-column elementor-element elementor-element-8ac8c23\" data-id=\"8ac8c23\" data-element_type=\"column\" data-e-type=\"column\">\n\t\t\t<div class=\"elementor-widget-wrap elementor-element-populated\">\n\t\t\t\t\t\t<div class=\"elementor-element elementor-element-e912dee elementor-widget elementor-widget-image\" data-id=\"e912dee\" data-element_type=\"widget\" data-e-type=\"widget\" data-widget_type=\"image.default\">\n\t\t\t\t<div class=\"elementor-widget-container\">\n\t\t\t\t\t\t\t\t\t\t\t\t\t\t\t<img fetchpriority=\"high\" decoding=\"async\" width=\"611\" height=\"611\" src=\"https:\/\/www.weddingportugal.com\/wp-content\/uploads\/2020\/11\/Celebrant-Maria.jpg\" class=\"attachment-large size-large wp-image-2416\" alt=\"\" srcset=\"https:\/\/www.weddingportugal.com\/wp-content\/uploads\/2020\/11\/Celebrant-Maria.jpg 611w, https:\/\/www.weddingportugal.com\/wp-content\/uploads\/2020\/11\/Celebrant-Maria-300x300.jpg 300w, https:\/\/www.weddingportugal.com\/wp-content\/uploads\/2020\/11\/Celebrant-Maria-150x150.jpg 150w\" sizes=\"(max-width: 611px) 100vw, 611px\" \/>\t\t\t\t\t\t\t\t\t\t\t\t\t\t\t<\/div>\n\t\t\t\t<\/div>\n\t\t\t\t\t<\/div>\n\t\t<\/div>\n\t\t\t\t\t<\/div>\n\t\t<\/section>\n\t\t\t\t<\/div>\n\t\t","protected":false},"excerpt":{"rendered":"<p>Maria ist urspr\u00fcnglich aus Russland und spricht flie\u00dfend Deutsch, Portugiesisch, Englisch und Italienisch. Sie bringt ihren eigenen pers\u00f6nlichen Stil mit W\u00e4rme und Ehrlichkeit in die Zeremonien und, wo angebracht, einen Hauch von Humor in Ihre Hochzeitszeremonie. Ein kleines Lachen, das dazu beitr\u00e4gt, die Zeremonien unbeschwerter und angenehmer f\u00fcr alle zu machen! Um Maria f\u00fcr Ihre [&hellip;]<\/p>\n","protected":false},"author":1,"featured_media":2416,"parent":4570,"menu_order":63,"comment_status":"closed","ping_status":"closed","template":"","meta":{"content-type":"","footnotes":""},"class_list":["post-4575","page","type-page","status-publish","has-post-thumbnail","hentry"],"yoast_head":"<!-- This site is optimized with the Yoast SEO plugin v27.2 - https:\/\/yoast.com\/product\/yoast-seo-wordpress\/ -->\n<title>Zelebrantin - Maria (de, eng, pt, ru) - Wedding Portugal<\/title>\n<meta name=\"robots\" content=\"index, follow, max-snippet:-1, max-image-preview:large, max-video-preview:-1\" \/>\n<link rel=\"canonical\" href=\"https:\/\/www.weddingportugal.com\/de\/services\/zelebranten\/zelebrantin-maria-de-eng-pt-ru\/\" \/>\n<meta property=\"og:locale\" content=\"de_DE\" \/>\n<meta property=\"og:type\" content=\"article\" \/>\n<meta property=\"og:title\" content=\"Zelebrantin - Maria (de, eng, pt, ru) - Wedding Portugal\" \/>\n<meta property=\"og:description\" content=\"Maria ist urspr\u00fcnglich aus Russland und spricht flie\u00dfend Deutsch, Portugiesisch, Englisch und Italienisch. Sie bringt ihren eigenen pers\u00f6nlichen Stil mit W\u00e4rme und Ehrlichkeit in die Zeremonien und, wo angebracht, einen Hauch von Humor in Ihre Hochzeitszeremonie. Ein kleines Lachen, das dazu beitr\u00e4gt, die Zeremonien unbeschwerter und angenehmer f\u00fcr alle zu machen! Um Maria f\u00fcr Ihre [&hellip;]\" \/>\n<meta property=\"og:url\" content=\"https:\/\/www.weddingportugal.com\/de\/services\/zelebranten\/zelebrantin-maria-de-eng-pt-ru\/\" \/>\n<meta property=\"og:site_name\" content=\"Wedding Portugal\" \/>\n<meta property=\"article:modified_time\" content=\"2021-07-26T17:37:14+00:00\" \/>\n<meta property=\"og:image\" content=\"https:\/\/www.weddingportugal.com\/wp-content\/uploads\/2020\/11\/Celebrant-Maria.jpg\" \/>\n\t<meta property=\"og:image:width\" content=\"611\" \/>\n\t<meta property=\"og:image:height\" content=\"611\" \/>\n\t<meta property=\"og:image:type\" content=\"image\/jpeg\" \/>\n<meta name=\"twitter:card\" content=\"summary_large_image\" \/>\n<script type=\"application\/ld+json\" class=\"yoast-schema-graph\">{\"@context\":\"https:\/\/schema.org\",\"@graph\":[{\"@type\":\"WebPage\",\"@id\":\"https:\/\/www.weddingportugal.com\/de\/services\/zelebranten\/zelebrantin-maria-de-eng-pt-ru\/\",\"url\":\"https:\/\/www.weddingportugal.com\/de\/services\/zelebranten\/zelebrantin-maria-de-eng-pt-ru\/\",\"name\":\"Zelebrantin - Maria (de, eng, pt, ru) - Wedding Portugal\",\"isPartOf\":{\"@id\":\"https:\/\/www.weddingportugal.com\/de\/#website\"},\"primaryImageOfPage\":{\"@id\":\"https:\/\/www.weddingportugal.com\/de\/services\/zelebranten\/zelebrantin-maria-de-eng-pt-ru\/#primaryimage\"},\"image\":{\"@id\":\"https:\/\/www.weddingportugal.com\/de\/services\/zelebranten\/zelebrantin-maria-de-eng-pt-ru\/#primaryimage\"},\"thumbnailUrl\":\"https:\/\/www.weddingportugal.com\/wp-content\/uploads\/2020\/11\/Celebrant-Maria.jpg\",\"datePublished\":\"2021-07-07T11:13:49+00:00\",\"dateModified\":\"2021-07-26T17:37:14+00:00\",\"breadcrumb\":{\"@id\":\"https:\/\/www.weddingportugal.com\/de\/services\/zelebranten\/zelebrantin-maria-de-eng-pt-ru\/#breadcrumb\"},\"inLanguage\":\"de\",\"potentialAction\":[{\"@type\":\"ReadAction\",\"target\":[\"https:\/\/www.weddingportugal.com\/de\/services\/zelebranten\/zelebrantin-maria-de-eng-pt-ru\/\"]}]},{\"@type\":\"ImageObject\",\"inLanguage\":\"de\",\"@id\":\"https:\/\/www.weddingportugal.com\/de\/services\/zelebranten\/zelebrantin-maria-de-eng-pt-ru\/#primaryimage\",\"url\":\"https:\/\/www.weddingportugal.com\/wp-content\/uploads\/2020\/11\/Celebrant-Maria.jpg\",\"contentUrl\":\"https:\/\/www.weddingportugal.com\/wp-content\/uploads\/2020\/11\/Celebrant-Maria.jpg\",\"width\":611,\"height\":611},{\"@type\":\"BreadcrumbList\",\"@id\":\"https:\/\/www.weddingportugal.com\/de\/services\/zelebranten\/zelebrantin-maria-de-eng-pt-ru\/#breadcrumb\",\"itemListElement\":[{\"@type\":\"ListItem\",\"position\":1,\"name\":\"Home\",\"item\":\"https:\/\/www.weddingportugal.com\/de\/\"},{\"@type\":\"ListItem\",\"position\":2,\"name\":\"Services\",\"item\":\"https:\/\/www.weddingportugal.com\/de\/services\/\"},{\"@type\":\"ListItem\",\"position\":3,\"name\":\"Zelebranten\",\"item\":\"https:\/\/www.weddingportugal.com\/de\/services\/zelebranten\/\"},{\"@type\":\"ListItem\",\"position\":4,\"name\":\"Zelebrantin &#8211; Maria (de, eng, pt, ru)\"}]},{\"@type\":\"WebSite\",\"@id\":\"https:\/\/www.weddingportugal.com\/de\/#website\",\"url\":\"https:\/\/www.weddingportugal.com\/de\/\",\"name\":\"Wedding Portugal\",\"description\":\"We tell you why you should get your weeding in Portugal\",\"publisher\":{\"@id\":\"https:\/\/www.weddingportugal.com\/de\/#organization\"},\"potentialAction\":[{\"@type\":\"SearchAction\",\"target\":{\"@type\":\"EntryPoint\",\"urlTemplate\":\"https:\/\/www.weddingportugal.com\/de\/?s={search_term_string}\"},\"query-input\":{\"@type\":\"PropertyValueSpecification\",\"valueRequired\":true,\"valueName\":\"search_term_string\"}}],\"inLanguage\":\"de\"},{\"@type\":\"Organization\",\"@id\":\"https:\/\/www.weddingportugal.com\/de\/#organization\",\"name\":\"Wedding Portugal\",\"url\":\"https:\/\/www.weddingportugal.com\/de\/\",\"logo\":{\"@type\":\"ImageObject\",\"inLanguage\":\"de\",\"@id\":\"https:\/\/www.weddingportugal.com\/de\/#\/schema\/logo\/image\/\",\"url\":\"https:\/\/www.weddingportugal.com\/wp-content\/uploads\/2020\/02\/cropped-logo-WeddingPortugal.png\",\"contentUrl\":\"https:\/\/www.weddingportugal.com\/wp-content\/uploads\/2020\/02\/cropped-logo-WeddingPortugal.png\",\"width\":523,\"height\":89,\"caption\":\"Wedding Portugal\"},\"image\":{\"@id\":\"https:\/\/www.weddingportugal.com\/de\/#\/schema\/logo\/image\/\"}}]}<\/script>\n<!-- \/ Yoast SEO plugin. -->","yoast_head_json":{"title":"Zelebrantin - Maria (de, eng, pt, ru) - Wedding Portugal","robots":{"index":"index","follow":"follow","max-snippet":"max-snippet:-1","max-image-preview":"max-image-preview:large","max-video-preview":"max-video-preview:-1"},"canonical":"https:\/\/www.weddingportugal.com\/de\/services\/zelebranten\/zelebrantin-maria-de-eng-pt-ru\/","og_locale":"de_DE","og_type":"article","og_title":"Zelebrantin - Maria (de, eng, pt, ru) - Wedding Portugal","og_description":"Maria ist urspr\u00fcnglich aus Russland und spricht flie\u00dfend Deutsch, Portugiesisch, Englisch und Italienisch. Sie bringt ihren eigenen pers\u00f6nlichen Stil mit W\u00e4rme und Ehrlichkeit in die Zeremonien und, wo angebracht, einen Hauch von Humor in Ihre Hochzeitszeremonie. Ein kleines Lachen, das dazu beitr\u00e4gt, die Zeremonien unbeschwerter und angenehmer f\u00fcr alle zu machen! Um Maria f\u00fcr Ihre [&hellip;]","og_url":"https:\/\/www.weddingportugal.com\/de\/services\/zelebranten\/zelebrantin-maria-de-eng-pt-ru\/","og_site_name":"Wedding Portugal","article_modified_time":"2021-07-26T17:37:14+00:00","og_image":[{"width":611,"height":611,"url":"https:\/\/www.weddingportugal.com\/wp-content\/uploads\/2020\/11\/Celebrant-Maria.jpg","type":"image\/jpeg"}],"twitter_card":"summary_large_image","schema":{"@context":"https:\/\/schema.org","@graph":[{"@type":"WebPage","@id":"https:\/\/www.weddingportugal.com\/de\/services\/zelebranten\/zelebrantin-maria-de-eng-pt-ru\/","url":"https:\/\/www.weddingportugal.com\/de\/services\/zelebranten\/zelebrantin-maria-de-eng-pt-ru\/","name":"Zelebrantin - Maria (de, eng, pt, ru) - Wedding Portugal","isPartOf":{"@id":"https:\/\/www.weddingportugal.com\/de\/#website"},"primaryImageOfPage":{"@id":"https:\/\/www.weddingportugal.com\/de\/services\/zelebranten\/zelebrantin-maria-de-eng-pt-ru\/#primaryimage"},"image":{"@id":"https:\/\/www.weddingportugal.com\/de\/services\/zelebranten\/zelebrantin-maria-de-eng-pt-ru\/#primaryimage"},"thumbnailUrl":"https:\/\/www.weddingportugal.com\/wp-content\/uploads\/2020\/11\/Celebrant-Maria.jpg","datePublished":"2021-07-07T11:13:49+00:00","dateModified":"2021-07-26T17:37:14+00:00","breadcrumb":{"@id":"https:\/\/www.weddingportugal.com\/de\/services\/zelebranten\/zelebrantin-maria-de-eng-pt-ru\/#breadcrumb"},"inLanguage":"de","potentialAction":[{"@type":"ReadAction","target":["https:\/\/www.weddingportugal.com\/de\/services\/zelebranten\/zelebrantin-maria-de-eng-pt-ru\/"]}]},{"@type":"ImageObject","inLanguage":"de","@id":"https:\/\/www.weddingportugal.com\/de\/services\/zelebranten\/zelebrantin-maria-de-eng-pt-ru\/#primaryimage","url":"https:\/\/www.weddingportugal.com\/wp-content\/uploads\/2020\/11\/Celebrant-Maria.jpg","contentUrl":"https:\/\/www.weddingportugal.com\/wp-content\/uploads\/2020\/11\/Celebrant-Maria.jpg","width":611,"height":611},{"@type":"BreadcrumbList","@id":"https:\/\/www.weddingportugal.com\/de\/services\/zelebranten\/zelebrantin-maria-de-eng-pt-ru\/#breadcrumb","itemListElement":[{"@type":"ListItem","position":1,"name":"Home","item":"https:\/\/www.weddingportugal.com\/de\/"},{"@type":"ListItem","position":2,"name":"Services","item":"https:\/\/www.weddingportugal.com\/de\/services\/"},{"@type":"ListItem","position":3,"name":"Zelebranten","item":"https:\/\/www.weddingportugal.com\/de\/services\/zelebranten\/"},{"@type":"ListItem","position":4,"name":"Zelebrantin &#8211; Maria (de, eng, pt, ru)"}]},{"@type":"WebSite","@id":"https:\/\/www.weddingportugal.com\/de\/#website","url":"https:\/\/www.weddingportugal.com\/de\/","name":"Wedding Portugal","description":"We tell you why you should get your weeding in Portugal","publisher":{"@id":"https:\/\/www.weddingportugal.com\/de\/#organization"},"potentialAction":[{"@type":"SearchAction","target":{"@type":"EntryPoint","urlTemplate":"https:\/\/www.weddingportugal.com\/de\/?s={search_term_string}"},"query-input":{"@type":"PropertyValueSpecification","valueRequired":true,"valueName":"search_term_string"}}],"inLanguage":"de"},{"@type":"Organization","@id":"https:\/\/www.weddingportugal.com\/de\/#organization","name":"Wedding Portugal","url":"https:\/\/www.weddingportugal.com\/de\/","logo":{"@type":"ImageObject","inLanguage":"de","@id":"https:\/\/www.weddingportugal.com\/de\/#\/schema\/logo\/image\/","url":"https:\/\/www.weddingportugal.com\/wp-content\/uploads\/2020\/02\/cropped-logo-WeddingPortugal.png","contentUrl":"https:\/\/www.weddingportugal.com\/wp-content\/uploads\/2020\/02\/cropped-logo-WeddingPortugal.png","width":523,"height":89,"caption":"Wedding Portugal"},"image":{"@id":"https:\/\/www.weddingportugal.com\/de\/#\/schema\/logo\/image\/"}}]}},"_links":{"self":[{"href":"https:\/\/www.weddingportugal.com\/de\/wp-json\/wp\/v2\/pages\/4575","targetHints":{"allow":["GET"]}}],"collection":[{"href":"https:\/\/www.weddingportugal.com\/de\/wp-json\/wp\/v2\/pages"}],"about":[{"href":"https:\/\/www.weddingportugal.com\/de\/wp-json\/wp\/v2\/types\/page"}],"author":[{"embeddable":true,"href":"https:\/\/www.weddingportugal.com\/de\/wp-json\/wp\/v2\/users\/1"}],"replies":[{"embeddable":true,"href":"https:\/\/www.weddingportugal.com\/de\/wp-json\/wp\/v2\/comments?post=4575"}],"version-history":[{"count":1,"href":"https:\/\/www.weddingportugal.com\/de\/wp-json\/wp\/v2\/pages\/4575\/revisions"}],"predecessor-version":[{"id":4576,"href":"https:\/\/www.weddingportugal.com\/de\/wp-json\/wp\/v2\/pages\/4575\/revisions\/4576"}],"up":[{"embeddable":true,"href":"https:\/\/www.weddingportugal.com\/de\/wp-json\/wp\/v2\/pages\/4570"}],"wp:featuredmedia":[{"embeddable":true,"href":"https:\/\/www.weddingportugal.com\/de\/wp-json\/wp\/v2\/media\/2416"}],"wp:attachment":[{"href":"https:\/\/www.weddingportugal.com\/de\/wp-json\/wp\/v2\/media?parent=4575"}],"curies":[{"name":"wp","href":"https:\/\/api.w.org\/{rel}","templated":true}]}}