{"id":4556,"date":"2021-07-07T10:59:46","date_gmt":"2021-07-07T10:59:46","guid":{"rendered":"https:\/\/www.weddingportugal.com\/services\/fotografie-video\/fotografen\/algarve-fotografen-pete-donna-und-abigail\/"},"modified":"2021-07-26T17:37:10","modified_gmt":"2021-07-26T17:37:10","slug":"algarve-fotografen-pete-donna-und-abigail","status":"publish","type":"page","link":"https:\/\/www.weddingportugal.com\/de\/services\/fotografie-video\/fotografen\/algarve-fotografen-pete-donna-und-abigail\/","title":{"rendered":"ALGARVE Fotografen &#8211; Pete, Donna und Abigail"},"content":{"rendered":"\t\t<div data-elementor-type=\"wp-page\" data-elementor-id=\"4556\" class=\"elementor elementor-4556 elementor-2085\" data-elementor-post-type=\"page\">\n\t\t\t\t\t\t<section class=\"elementor-section elementor-top-section elementor-element elementor-element-6d257fb4 elementor-section-boxed elementor-section-height-default elementor-section-height-default\" data-id=\"6d257fb4\" data-element_type=\"section\" data-e-type=\"section\">\n\t\t\t\t\t\t<div class=\"elementor-container elementor-column-gap-default\">\n\t\t\t\t\t<div class=\"elementor-column elementor-col-50 elementor-top-column elementor-element elementor-element-609ac659\" data-id=\"609ac659\" data-element_type=\"column\" data-e-type=\"column\">\n\t\t\t<div class=\"elementor-widget-wrap elementor-element-populated\">\n\t\t\t\t\t\t<div class=\"elementor-element elementor-element-62ef9afd elementor-widget elementor-widget-text-editor\" data-id=\"62ef9afd\" data-element_type=\"widget\" data-e-type=\"widget\" data-widget_type=\"text-editor.default\">\n\t\t\t\t<div class=\"elementor-widget-container\">\n\t\t\t\t\t\t\t\t\t<p>Pete, Donna und Abigail sind professionelle Hochzeits- und Portr\u00e4tfotografen mit Sitz in der sch\u00f6nen Region der Algarve, Portugal.<\/p>\n<p>\u201eLassen Sie uns Teil Ihres besonderen Tages sein und Ihre Geschichte erz\u00e4hlen. Mit zwei Fotografen k\u00f6nnen wir alle Aspekte des Tages einfangen, von den Vorbereitungen der Braut und des Br\u00e4utigams, \u00fcber die Zeremonie, bis hin zum Empfang.\u201c<\/p>\n<p>\u201eWir verstehen, dass alle Paare unterschiedlich sind, deshalb w\u00fcrden wir uns gerne mit Ihnen treffen und Ihre Pl\u00e4ne und Ideen besprechen.\u201c<\/p>\n\t\t\t\t\t\t\t\t<\/div>\n\t\t\t\t<\/div>\n\t\t\t\t\t<\/div>\n\t\t<\/div>\n\t\t\t\t<div class=\"elementor-column elementor-col-50 elementor-top-column elementor-element elementor-element-2822ed5c\" data-id=\"2822ed5c\" data-element_type=\"column\" data-e-type=\"column\">\n\t\t\t<div class=\"elementor-widget-wrap elementor-element-populated\">\n\t\t\t\t\t\t<div class=\"elementor-element elementor-element-77b674e6 elementor-widget elementor-widget-image\" data-id=\"77b674e6\" data-element_type=\"widget\" data-e-type=\"widget\" data-widget_type=\"image.default\">\n\t\t\t\t<div class=\"elementor-widget-container\">\n\t\t\t\t\t\t\t\t\t\t\t\t\t\t\t<img fetchpriority=\"high\" decoding=\"async\" width=\"760\" height=\"500\" src=\"https:\/\/www.weddingportugal.com\/wp-content\/uploads\/2020\/11\/Photographers-PeteDonnaAbigail.jpg\" class=\"attachment-large size-large wp-image-2141\" alt=\"\" srcset=\"https:\/\/www.weddingportugal.com\/wp-content\/uploads\/2020\/11\/Photographers-PeteDonnaAbigail.jpg 760w, https:\/\/www.weddingportugal.com\/wp-content\/uploads\/2020\/11\/Photographers-PeteDonnaAbigail-300x197.jpg 300w\" sizes=\"(max-width: 760px) 100vw, 760px\" \/>\t\t\t\t\t\t\t\t\t\t\t\t\t\t\t<\/div>\n\t\t\t\t<\/div>\n\t\t\t\t\t<\/div>\n\t\t<\/div>\n\t\t\t\t\t<\/div>\n\t\t<\/section>\n\t\t\t\t<section class=\"elementor-section elementor-top-section elementor-element elementor-element-3b778c86 elementor-section-boxed elementor-section-height-default elementor-section-height-default\" data-id=\"3b778c86\" data-element_type=\"section\" data-e-type=\"section\">\n\t\t\t\t\t\t<div class=\"elementor-container elementor-column-gap-default\">\n\t\t\t\t\t<div class=\"elementor-column elementor-col-100 elementor-top-column elementor-element elementor-element-2a87fa07\" data-id=\"2a87fa07\" data-element_type=\"column\" data-e-type=\"column\">\n\t\t\t<div class=\"elementor-widget-wrap elementor-element-populated\">\n\t\t\t\t\t\t<div class=\"elementor-element elementor-element-6a9bba8a elementor-arrows-position-inside elementor-pagination-position-outside elementor-widget elementor-widget-image-carousel\" data-id=\"6a9bba8a\" data-element_type=\"widget\" data-e-type=\"widget\" data-settings=\"{&quot;slides_to_scroll&quot;:&quot;3&quot;,&quot;navigation&quot;:&quot;both&quot;,&quot;autoplay&quot;:&quot;yes&quot;,&quot;pause_on_hover&quot;:&quot;yes&quot;,&quot;pause_on_interaction&quot;:&quot;yes&quot;,&quot;autoplay_speed&quot;:5000,&quot;infinite&quot;:&quot;yes&quot;,&quot;speed&quot;:500,&quot;image_spacing_custom&quot;:{&quot;unit&quot;:&quot;px&quot;,&quot;size&quot;:20,&quot;sizes&quot;:[]},&quot;image_spacing_custom_tablet&quot;:{&quot;unit&quot;:&quot;px&quot;,&quot;size&quot;:&quot;&quot;,&quot;sizes&quot;:[]},&quot;image_spacing_custom_mobile&quot;:{&quot;unit&quot;:&quot;px&quot;,&quot;size&quot;:&quot;&quot;,&quot;sizes&quot;:[]}}\" data-widget_type=\"image-carousel.default\">\n\t\t\t\t<div class=\"elementor-widget-container\">\n\t\t\t\t\t\t\t<div class=\"elementor-image-carousel-wrapper swiper\" role=\"region\" aria-roledescription=\"carousel\" aria-label=\"Bild Karussell\" dir=\"ltr\">\n\t\t\t<div class=\"elementor-image-carousel swiper-wrapper swiper-image-stretch\" aria-live=\"off\">\n\t\t\t\t\t\t\t\t<div class=\"swiper-slide\" role=\"group\" aria-roledescription=\"slide\" aria-label=\"1 von 8\"><a data-elementor-open-lightbox=\"yes\" data-elementor-lightbox-slideshow=\"6a9bba8a\" data-elementor-lightbox-title=\"Photographers-PeteDonnaAbigail01\" data-e-action-hash=\"#elementor-action%3Aaction%3Dlightbox%26settings%3DeyJpZCI6MjE0NiwidXJsIjoiaHR0cHM6XC9cL3d3dy53ZWRkaW5ncG9ydHVnYWwuY29tXC93cC1jb250ZW50XC91cGxvYWRzXC8yMDIwXC8xMVwvUGhvdG9ncmFwaGVycy1QZXRlRG9ubmFBYmlnYWlsMDEuanBnIiwic2xpZGVzaG93IjoiNmE5YmJhOGEifQ%3D%3D\" href=\"https:\/\/www.weddingportugal.com\/wp-content\/uploads\/2020\/11\/Photographers-PeteDonnaAbigail01.jpg\"><figure class=\"swiper-slide-inner\"><img decoding=\"async\" class=\"swiper-slide-image\" src=\"https:\/\/www.weddingportugal.com\/wp-content\/uploads\/elementor\/thumbs\/Photographers-PeteDonnaAbigail01-rkoynq7itxcxy91jhjb70p7jlprh88rt6jpjbaf0y0.jpg\" alt=\"Photographers-PeteDonnaAbigail01\" \/><\/figure><\/a><\/div><div class=\"swiper-slide\" role=\"group\" aria-roledescription=\"slide\" aria-label=\"2 von 8\"><a data-elementor-open-lightbox=\"yes\" data-elementor-lightbox-slideshow=\"6a9bba8a\" data-elementor-lightbox-title=\"Photographers-PeteDonnaAbigail02\" data-e-action-hash=\"#elementor-action%3Aaction%3Dlightbox%26settings%3DeyJpZCI6MjE1MCwidXJsIjoiaHR0cHM6XC9cL3d3dy53ZWRkaW5ncG9ydHVnYWwuY29tXC93cC1jb250ZW50XC91cGxvYWRzXC8yMDIwXC8xMVwvUGhvdG9ncmFwaGVycy1QZXRlRG9ubmFBYmlnYWlsMDIuanBnIiwic2xpZGVzaG93IjoiNmE5YmJhOGEifQ%3D%3D\" href=\"https:\/\/www.weddingportugal.com\/wp-content\/uploads\/2020\/11\/Photographers-PeteDonnaAbigail02.jpg\"><figure class=\"swiper-slide-inner\"><img decoding=\"async\" class=\"swiper-slide-image\" src=\"https:\/\/www.weddingportugal.com\/wp-content\/uploads\/elementor\/thumbs\/Photographers-PeteDonnaAbigail02-rkoynq7itxcxy91jhjb70p7jlprh88rt6jpjbaf0y0.jpg\" alt=\"Photographers-PeteDonnaAbigail02\" \/><\/figure><\/a><\/div><div class=\"swiper-slide\" role=\"group\" aria-roledescription=\"slide\" aria-label=\"3 von 8\"><a data-elementor-open-lightbox=\"yes\" data-elementor-lightbox-slideshow=\"6a9bba8a\" data-elementor-lightbox-title=\"Photographers-PeteDonnaAbigail03\" data-e-action-hash=\"#elementor-action%3Aaction%3Dlightbox%26settings%3DeyJpZCI6MjE1NCwidXJsIjoiaHR0cHM6XC9cL3d3dy53ZWRkaW5ncG9ydHVnYWwuY29tXC93cC1jb250ZW50XC91cGxvYWRzXC8yMDIwXC8xMVwvUGhvdG9ncmFwaGVycy1QZXRlRG9ubmFBYmlnYWlsMDMuanBnIiwic2xpZGVzaG93IjoiNmE5YmJhOGEifQ%3D%3D\" href=\"https:\/\/www.weddingportugal.com\/wp-content\/uploads\/2020\/11\/Photographers-PeteDonnaAbigail03.jpg\"><figure class=\"swiper-slide-inner\"><img decoding=\"async\" class=\"swiper-slide-image\" src=\"https:\/\/www.weddingportugal.com\/wp-content\/uploads\/elementor\/thumbs\/Photographers-PeteDonnaAbigail03-rkoynq7itxcxy91jhjb70p7jlprh88rt6jpjbaf0y0.jpg\" alt=\"Photographers-PeteDonnaAbigail03\" \/><\/figure><\/a><\/div><div class=\"swiper-slide\" role=\"group\" aria-roledescription=\"slide\" aria-label=\"4 von 8\"><a data-elementor-open-lightbox=\"yes\" data-elementor-lightbox-slideshow=\"6a9bba8a\" data-elementor-lightbox-title=\"Photographers-PeteDonnaAbigail04\" data-e-action-hash=\"#elementor-action%3Aaction%3Dlightbox%26settings%3DeyJpZCI6MjE1OCwidXJsIjoiaHR0cHM6XC9cL3d3dy53ZWRkaW5ncG9ydHVnYWwuY29tXC93cC1jb250ZW50XC91cGxvYWRzXC8yMDIwXC8xMVwvUGhvdG9ncmFwaGVycy1QZXRlRG9ubmFBYmlnYWlsMDQuanBnIiwic2xpZGVzaG93IjoiNmE5YmJhOGEifQ%3D%3D\" href=\"https:\/\/www.weddingportugal.com\/wp-content\/uploads\/2020\/11\/Photographers-PeteDonnaAbigail04.jpg\"><figure class=\"swiper-slide-inner\"><img decoding=\"async\" class=\"swiper-slide-image\" src=\"https:\/\/www.weddingportugal.com\/wp-content\/uploads\/elementor\/thumbs\/Photographers-PeteDonnaAbigail04-rkoynq7itxcxy91jhjb70p7jlprh88rt6jpjbaf0y0.jpg\" alt=\"Photographers-PeteDonnaAbigail04\" \/><\/figure><\/a><\/div><div class=\"swiper-slide\" role=\"group\" aria-roledescription=\"slide\" aria-label=\"5 von 8\"><a data-elementor-open-lightbox=\"yes\" data-elementor-lightbox-slideshow=\"6a9bba8a\" data-elementor-lightbox-title=\"Photographers-PeteDonnaAbigail05\" data-e-action-hash=\"#elementor-action%3Aaction%3Dlightbox%26settings%3DeyJpZCI6MjE2MiwidXJsIjoiaHR0cHM6XC9cL3d3dy53ZWRkaW5ncG9ydHVnYWwuY29tXC93cC1jb250ZW50XC91cGxvYWRzXC8yMDIwXC8xMVwvUGhvdG9ncmFwaGVycy1QZXRlRG9ubmFBYmlnYWlsMDUuanBnIiwic2xpZGVzaG93IjoiNmE5YmJhOGEifQ%3D%3D\" href=\"https:\/\/www.weddingportugal.com\/wp-content\/uploads\/2020\/11\/Photographers-PeteDonnaAbigail05.jpg\"><figure class=\"swiper-slide-inner\"><img decoding=\"async\" class=\"swiper-slide-image\" src=\"https:\/\/www.weddingportugal.com\/wp-content\/uploads\/elementor\/thumbs\/Photographers-PeteDonnaAbigail05-rkoynq7itxcxy91jhjb70p7jlprh88rt6jpjbaf0y0.jpg\" alt=\"Photographers-PeteDonnaAbigail05\" \/><\/figure><\/a><\/div><div class=\"swiper-slide\" role=\"group\" aria-roledescription=\"slide\" aria-label=\"6 von 8\"><a data-elementor-open-lightbox=\"yes\" data-elementor-lightbox-slideshow=\"6a9bba8a\" data-elementor-lightbox-title=\"Photographers-PeteDonnaAbigail06\" data-e-action-hash=\"#elementor-action%3Aaction%3Dlightbox%26settings%3DeyJpZCI6MjE2NiwidXJsIjoiaHR0cHM6XC9cL3d3dy53ZWRkaW5ncG9ydHVnYWwuY29tXC93cC1jb250ZW50XC91cGxvYWRzXC8yMDIwXC8xMVwvUGhvdG9ncmFwaGVycy1QZXRlRG9ubmFBYmlnYWlsMDYuanBnIiwic2xpZGVzaG93IjoiNmE5YmJhOGEifQ%3D%3D\" href=\"https:\/\/www.weddingportugal.com\/wp-content\/uploads\/2020\/11\/Photographers-PeteDonnaAbigail06.jpg\"><figure class=\"swiper-slide-inner\"><img decoding=\"async\" class=\"swiper-slide-image\" src=\"https:\/\/www.weddingportugal.com\/wp-content\/uploads\/elementor\/thumbs\/Photographers-PeteDonnaAbigail06-rkoynq7itxcxy91jhjb70p7jlprh88rt6jpjbaf0y0.jpg\" alt=\"Photographers-PeteDonnaAbigail06\" \/><\/figure><\/a><\/div><div class=\"swiper-slide\" role=\"group\" aria-roledescription=\"slide\" aria-label=\"7 von 8\"><a data-elementor-open-lightbox=\"yes\" data-elementor-lightbox-slideshow=\"6a9bba8a\" data-elementor-lightbox-title=\"Photographers-PeteDonnaAbigail07\" data-e-action-hash=\"#elementor-action%3Aaction%3Dlightbox%26settings%3DeyJpZCI6MjE3MCwidXJsIjoiaHR0cHM6XC9cL3d3dy53ZWRkaW5ncG9ydHVnYWwuY29tXC93cC1jb250ZW50XC91cGxvYWRzXC8yMDIwXC8xMVwvUGhvdG9ncmFwaGVycy1QZXRlRG9ubmFBYmlnYWlsMDcuanBnIiwic2xpZGVzaG93IjoiNmE5YmJhOGEifQ%3D%3D\" href=\"https:\/\/www.weddingportugal.com\/wp-content\/uploads\/2020\/11\/Photographers-PeteDonnaAbigail07.jpg\"><figure class=\"swiper-slide-inner\"><img decoding=\"async\" class=\"swiper-slide-image\" src=\"https:\/\/www.weddingportugal.com\/wp-content\/uploads\/elementor\/thumbs\/Photographers-PeteDonnaAbigail07-rkoynq7itxcxy91jhjb70p7jlprh88rt6jpjbaf0y0.jpg\" alt=\"Photographers-PeteDonnaAbigail07\" \/><\/figure><\/a><\/div><div class=\"swiper-slide\" role=\"group\" aria-roledescription=\"slide\" aria-label=\"8 von 8\"><a data-elementor-open-lightbox=\"yes\" data-elementor-lightbox-slideshow=\"6a9bba8a\" data-elementor-lightbox-title=\"Photographers-PeteDonnaAbigail08\" data-e-action-hash=\"#elementor-action%3Aaction%3Dlightbox%26settings%3DeyJpZCI6MjE3NCwidXJsIjoiaHR0cHM6XC9cL3d3dy53ZWRkaW5ncG9ydHVnYWwuY29tXC93cC1jb250ZW50XC91cGxvYWRzXC8yMDIwXC8xMVwvUGhvdG9ncmFwaGVycy1QZXRlRG9ubmFBYmlnYWlsMDguanBnIiwic2xpZGVzaG93IjoiNmE5YmJhOGEifQ%3D%3D\" href=\"https:\/\/www.weddingportugal.com\/wp-content\/uploads\/2020\/11\/Photographers-PeteDonnaAbigail08.jpg\"><figure class=\"swiper-slide-inner\"><img decoding=\"async\" class=\"swiper-slide-image\" src=\"https:\/\/www.weddingportugal.com\/wp-content\/uploads\/elementor\/thumbs\/Photographers-PeteDonnaAbigail08-rkoynq7itxcxy91jhjb70p7jlprh88rt6jpjbaf0y0.jpg\" alt=\"Photographers-PeteDonnaAbigail08\" \/><\/figure><\/a><\/div>\t\t\t<\/div>\n\t\t\t\t\t\t\t\t\t\t\t\t<div class=\"elementor-swiper-button elementor-swiper-button-prev\" role=\"button\" tabindex=\"0\">\n\t\t\t\t\t\t<i aria-hidden=\"true\" class=\"eicon-chevron-left\"><\/i>\t\t\t\t\t<\/div>\n\t\t\t\t\t<div class=\"elementor-swiper-button elementor-swiper-button-next\" role=\"button\" tabindex=\"0\">\n\t\t\t\t\t\t<i aria-hidden=\"true\" class=\"eicon-chevron-right\"><\/i>\t\t\t\t\t<\/div>\n\t\t\t\t\n\t\t\t\t\t\t\t\t\t<div class=\"swiper-pagination\"><\/div>\n\t\t\t\t\t\t\t\t\t<\/div>\n\t\t\t\t\t\t<\/div>\n\t\t\t\t<\/div>\n\t\t\t\t\t<\/div>\n\t\t<\/div>\n\t\t\t\t\t<\/div>\n\t\t<\/section>\n\t\t\t\t<\/div>\n\t\t","protected":false},"excerpt":{"rendered":"<p>Pete, Donna und Abigail sind professionelle Hochzeits- und Portr\u00e4tfotografen mit Sitz in der sch\u00f6nen Region der Algarve, Portugal. \u201eLassen Sie uns Teil Ihres besonderen Tages sein und Ihre Geschichte erz\u00e4hlen. Mit zwei Fotografen k\u00f6nnen wir alle Aspekte des Tages einfangen, von den Vorbereitungen der Braut und des Br\u00e4utigams, \u00fcber die Zeremonie, bis hin zum Empfang.\u201c [&hellip;]<\/p>\n","protected":false},"author":1,"featured_media":2141,"parent":4549,"menu_order":76,"comment_status":"closed","ping_status":"closed","template":"","meta":{"content-type":"","footnotes":""},"class_list":["post-4556","page","type-page","status-publish","has-post-thumbnail","hentry"],"yoast_head":"<!-- This site is optimized with the Yoast SEO plugin v27.2 - https:\/\/yoast.com\/product\/yoast-seo-wordpress\/ -->\n<title>ALGARVE Fotografen - Pete, Donna und Abigail - Wedding Portugal<\/title>\n<meta name=\"robots\" content=\"index, follow, max-snippet:-1, max-image-preview:large, max-video-preview:-1\" \/>\n<link rel=\"canonical\" href=\"https:\/\/www.weddingportugal.com\/de\/services\/fotografie-video\/fotografen\/algarve-fotografen-pete-donna-und-abigail\/\" \/>\n<meta property=\"og:locale\" content=\"de_DE\" \/>\n<meta property=\"og:type\" content=\"article\" \/>\n<meta property=\"og:title\" content=\"ALGARVE Fotografen - Pete, Donna und Abigail - Wedding Portugal\" \/>\n<meta property=\"og:description\" content=\"Pete, Donna und Abigail sind professionelle Hochzeits- und Portr\u00e4tfotografen mit Sitz in der sch\u00f6nen Region der Algarve, Portugal. \u201eLassen Sie uns Teil Ihres besonderen Tages sein und Ihre Geschichte erz\u00e4hlen. Mit zwei Fotografen k\u00f6nnen wir alle Aspekte des Tages einfangen, von den Vorbereitungen der Braut und des Br\u00e4utigams, \u00fcber die Zeremonie, bis hin zum Empfang.\u201c [&hellip;]\" \/>\n<meta property=\"og:url\" content=\"https:\/\/www.weddingportugal.com\/de\/services\/fotografie-video\/fotografen\/algarve-fotografen-pete-donna-und-abigail\/\" \/>\n<meta property=\"og:site_name\" content=\"Wedding Portugal\" \/>\n<meta property=\"article:modified_time\" content=\"2021-07-26T17:37:10+00:00\" \/>\n<meta property=\"og:image\" content=\"https:\/\/www.weddingportugal.com\/wp-content\/uploads\/2020\/11\/Photographers-PeteDonnaAbigail.jpg\" \/>\n\t<meta property=\"og:image:width\" content=\"760\" \/>\n\t<meta property=\"og:image:height\" content=\"500\" \/>\n\t<meta property=\"og:image:type\" content=\"image\/jpeg\" \/>\n<meta name=\"twitter:card\" content=\"summary_large_image\" \/>\n<script type=\"application\/ld+json\" class=\"yoast-schema-graph\">{\"@context\":\"https:\/\/schema.org\",\"@graph\":[{\"@type\":\"WebPage\",\"@id\":\"https:\/\/www.weddingportugal.com\/de\/services\/fotografie-video\/fotografen\/algarve-fotografen-pete-donna-und-abigail\/\",\"url\":\"https:\/\/www.weddingportugal.com\/de\/services\/fotografie-video\/fotografen\/algarve-fotografen-pete-donna-und-abigail\/\",\"name\":\"ALGARVE Fotografen - Pete, Donna und Abigail - Wedding Portugal\",\"isPartOf\":{\"@id\":\"https:\/\/www.weddingportugal.com\/de\/#website\"},\"primaryImageOfPage\":{\"@id\":\"https:\/\/www.weddingportugal.com\/de\/services\/fotografie-video\/fotografen\/algarve-fotografen-pete-donna-und-abigail\/#primaryimage\"},\"image\":{\"@id\":\"https:\/\/www.weddingportugal.com\/de\/services\/fotografie-video\/fotografen\/algarve-fotografen-pete-donna-und-abigail\/#primaryimage\"},\"thumbnailUrl\":\"https:\/\/www.weddingportugal.com\/wp-content\/uploads\/2020\/11\/Photographers-PeteDonnaAbigail.jpg\",\"datePublished\":\"2021-07-07T10:59:46+00:00\",\"dateModified\":\"2021-07-26T17:37:10+00:00\",\"breadcrumb\":{\"@id\":\"https:\/\/www.weddingportugal.com\/de\/services\/fotografie-video\/fotografen\/algarve-fotografen-pete-donna-und-abigail\/#breadcrumb\"},\"inLanguage\":\"de\",\"potentialAction\":[{\"@type\":\"ReadAction\",\"target\":[\"https:\/\/www.weddingportugal.com\/de\/services\/fotografie-video\/fotografen\/algarve-fotografen-pete-donna-und-abigail\/\"]}]},{\"@type\":\"ImageObject\",\"inLanguage\":\"de\",\"@id\":\"https:\/\/www.weddingportugal.com\/de\/services\/fotografie-video\/fotografen\/algarve-fotografen-pete-donna-und-abigail\/#primaryimage\",\"url\":\"https:\/\/www.weddingportugal.com\/wp-content\/uploads\/2020\/11\/Photographers-PeteDonnaAbigail.jpg\",\"contentUrl\":\"https:\/\/www.weddingportugal.com\/wp-content\/uploads\/2020\/11\/Photographers-PeteDonnaAbigail.jpg\",\"width\":760,\"height\":500},{\"@type\":\"BreadcrumbList\",\"@id\":\"https:\/\/www.weddingportugal.com\/de\/services\/fotografie-video\/fotografen\/algarve-fotografen-pete-donna-und-abigail\/#breadcrumb\",\"itemListElement\":[{\"@type\":\"ListItem\",\"position\":1,\"name\":\"Home\",\"item\":\"https:\/\/www.weddingportugal.com\/de\/\"},{\"@type\":\"ListItem\",\"position\":2,\"name\":\"Services\",\"item\":\"https:\/\/www.weddingportugal.com\/de\/services\/\"},{\"@type\":\"ListItem\",\"position\":3,\"name\":\"Fotografie &#038; Video\",\"item\":\"https:\/\/www.weddingportugal.com\/de\/services\/fotografie-video\/\"},{\"@type\":\"ListItem\",\"position\":4,\"name\":\"Fotografen\",\"item\":\"https:\/\/www.weddingportugal.com\/de\/services\/fotografie-video\/fotografen\/\"},{\"@type\":\"ListItem\",\"position\":5,\"name\":\"ALGARVE Fotografen &#8211; Pete, Donna und Abigail\"}]},{\"@type\":\"WebSite\",\"@id\":\"https:\/\/www.weddingportugal.com\/de\/#website\",\"url\":\"https:\/\/www.weddingportugal.com\/de\/\",\"name\":\"Wedding Portugal\",\"description\":\"We tell you why you should get your weeding in Portugal\",\"publisher\":{\"@id\":\"https:\/\/www.weddingportugal.com\/de\/#organization\"},\"potentialAction\":[{\"@type\":\"SearchAction\",\"target\":{\"@type\":\"EntryPoint\",\"urlTemplate\":\"https:\/\/www.weddingportugal.com\/de\/?s={search_term_string}\"},\"query-input\":{\"@type\":\"PropertyValueSpecification\",\"valueRequired\":true,\"valueName\":\"search_term_string\"}}],\"inLanguage\":\"de\"},{\"@type\":\"Organization\",\"@id\":\"https:\/\/www.weddingportugal.com\/de\/#organization\",\"name\":\"Wedding Portugal\",\"url\":\"https:\/\/www.weddingportugal.com\/de\/\",\"logo\":{\"@type\":\"ImageObject\",\"inLanguage\":\"de\",\"@id\":\"https:\/\/www.weddingportugal.com\/de\/#\/schema\/logo\/image\/\",\"url\":\"https:\/\/www.weddingportugal.com\/wp-content\/uploads\/2020\/02\/cropped-logo-WeddingPortugal.png\",\"contentUrl\":\"https:\/\/www.weddingportugal.com\/wp-content\/uploads\/2020\/02\/cropped-logo-WeddingPortugal.png\",\"width\":523,\"height\":89,\"caption\":\"Wedding Portugal\"},\"image\":{\"@id\":\"https:\/\/www.weddingportugal.com\/de\/#\/schema\/logo\/image\/\"}}]}<\/script>\n<!-- \/ Yoast SEO plugin. -->","yoast_head_json":{"title":"ALGARVE Fotografen - Pete, Donna und Abigail - Wedding Portugal","robots":{"index":"index","follow":"follow","max-snippet":"max-snippet:-1","max-image-preview":"max-image-preview:large","max-video-preview":"max-video-preview:-1"},"canonical":"https:\/\/www.weddingportugal.com\/de\/services\/fotografie-video\/fotografen\/algarve-fotografen-pete-donna-und-abigail\/","og_locale":"de_DE","og_type":"article","og_title":"ALGARVE Fotografen - Pete, Donna und Abigail - Wedding Portugal","og_description":"Pete, Donna und Abigail sind professionelle Hochzeits- und Portr\u00e4tfotografen mit Sitz in der sch\u00f6nen Region der Algarve, Portugal. \u201eLassen Sie uns Teil Ihres besonderen Tages sein und Ihre Geschichte erz\u00e4hlen. Mit zwei Fotografen k\u00f6nnen wir alle Aspekte des Tages einfangen, von den Vorbereitungen der Braut und des Br\u00e4utigams, \u00fcber die Zeremonie, bis hin zum Empfang.\u201c [&hellip;]","og_url":"https:\/\/www.weddingportugal.com\/de\/services\/fotografie-video\/fotografen\/algarve-fotografen-pete-donna-und-abigail\/","og_site_name":"Wedding Portugal","article_modified_time":"2021-07-26T17:37:10+00:00","og_image":[{"width":760,"height":500,"url":"https:\/\/www.weddingportugal.com\/wp-content\/uploads\/2020\/11\/Photographers-PeteDonnaAbigail.jpg","type":"image\/jpeg"}],"twitter_card":"summary_large_image","schema":{"@context":"https:\/\/schema.org","@graph":[{"@type":"WebPage","@id":"https:\/\/www.weddingportugal.com\/de\/services\/fotografie-video\/fotografen\/algarve-fotografen-pete-donna-und-abigail\/","url":"https:\/\/www.weddingportugal.com\/de\/services\/fotografie-video\/fotografen\/algarve-fotografen-pete-donna-und-abigail\/","name":"ALGARVE Fotografen - Pete, Donna und Abigail - Wedding Portugal","isPartOf":{"@id":"https:\/\/www.weddingportugal.com\/de\/#website"},"primaryImageOfPage":{"@id":"https:\/\/www.weddingportugal.com\/de\/services\/fotografie-video\/fotografen\/algarve-fotografen-pete-donna-und-abigail\/#primaryimage"},"image":{"@id":"https:\/\/www.weddingportugal.com\/de\/services\/fotografie-video\/fotografen\/algarve-fotografen-pete-donna-und-abigail\/#primaryimage"},"thumbnailUrl":"https:\/\/www.weddingportugal.com\/wp-content\/uploads\/2020\/11\/Photographers-PeteDonnaAbigail.jpg","datePublished":"2021-07-07T10:59:46+00:00","dateModified":"2021-07-26T17:37:10+00:00","breadcrumb":{"@id":"https:\/\/www.weddingportugal.com\/de\/services\/fotografie-video\/fotografen\/algarve-fotografen-pete-donna-und-abigail\/#breadcrumb"},"inLanguage":"de","potentialAction":[{"@type":"ReadAction","target":["https:\/\/www.weddingportugal.com\/de\/services\/fotografie-video\/fotografen\/algarve-fotografen-pete-donna-und-abigail\/"]}]},{"@type":"ImageObject","inLanguage":"de","@id":"https:\/\/www.weddingportugal.com\/de\/services\/fotografie-video\/fotografen\/algarve-fotografen-pete-donna-und-abigail\/#primaryimage","url":"https:\/\/www.weddingportugal.com\/wp-content\/uploads\/2020\/11\/Photographers-PeteDonnaAbigail.jpg","contentUrl":"https:\/\/www.weddingportugal.com\/wp-content\/uploads\/2020\/11\/Photographers-PeteDonnaAbigail.jpg","width":760,"height":500},{"@type":"BreadcrumbList","@id":"https:\/\/www.weddingportugal.com\/de\/services\/fotografie-video\/fotografen\/algarve-fotografen-pete-donna-und-abigail\/#breadcrumb","itemListElement":[{"@type":"ListItem","position":1,"name":"Home","item":"https:\/\/www.weddingportugal.com\/de\/"},{"@type":"ListItem","position":2,"name":"Services","item":"https:\/\/www.weddingportugal.com\/de\/services\/"},{"@type":"ListItem","position":3,"name":"Fotografie &#038; Video","item":"https:\/\/www.weddingportugal.com\/de\/services\/fotografie-video\/"},{"@type":"ListItem","position":4,"name":"Fotografen","item":"https:\/\/www.weddingportugal.com\/de\/services\/fotografie-video\/fotografen\/"},{"@type":"ListItem","position":5,"name":"ALGARVE Fotografen &#8211; Pete, Donna und Abigail"}]},{"@type":"WebSite","@id":"https:\/\/www.weddingportugal.com\/de\/#website","url":"https:\/\/www.weddingportugal.com\/de\/","name":"Wedding Portugal","description":"We tell you why you should get your weeding in Portugal","publisher":{"@id":"https:\/\/www.weddingportugal.com\/de\/#organization"},"potentialAction":[{"@type":"SearchAction","target":{"@type":"EntryPoint","urlTemplate":"https:\/\/www.weddingportugal.com\/de\/?s={search_term_string}"},"query-input":{"@type":"PropertyValueSpecification","valueRequired":true,"valueName":"search_term_string"}}],"inLanguage":"de"},{"@type":"Organization","@id":"https:\/\/www.weddingportugal.com\/de\/#organization","name":"Wedding Portugal","url":"https:\/\/www.weddingportugal.com\/de\/","logo":{"@type":"ImageObject","inLanguage":"de","@id":"https:\/\/www.weddingportugal.com\/de\/#\/schema\/logo\/image\/","url":"https:\/\/www.weddingportugal.com\/wp-content\/uploads\/2020\/02\/cropped-logo-WeddingPortugal.png","contentUrl":"https:\/\/www.weddingportugal.com\/wp-content\/uploads\/2020\/02\/cropped-logo-WeddingPortugal.png","width":523,"height":89,"caption":"Wedding Portugal"},"image":{"@id":"https:\/\/www.weddingportugal.com\/de\/#\/schema\/logo\/image\/"}}]}},"_links":{"self":[{"href":"https:\/\/www.weddingportugal.com\/de\/wp-json\/wp\/v2\/pages\/4556","targetHints":{"allow":["GET"]}}],"collection":[{"href":"https:\/\/www.weddingportugal.com\/de\/wp-json\/wp\/v2\/pages"}],"about":[{"href":"https:\/\/www.weddingportugal.com\/de\/wp-json\/wp\/v2\/types\/page"}],"author":[{"embeddable":true,"href":"https:\/\/www.weddingportugal.com\/de\/wp-json\/wp\/v2\/users\/1"}],"replies":[{"embeddable":true,"href":"https:\/\/www.weddingportugal.com\/de\/wp-json\/wp\/v2\/comments?post=4556"}],"version-history":[{"count":1,"href":"https:\/\/www.weddingportugal.com\/de\/wp-json\/wp\/v2\/pages\/4556\/revisions"}],"predecessor-version":[{"id":4557,"href":"https:\/\/www.weddingportugal.com\/de\/wp-json\/wp\/v2\/pages\/4556\/revisions\/4557"}],"up":[{"embeddable":true,"href":"https:\/\/www.weddingportugal.com\/de\/wp-json\/wp\/v2\/pages\/4549"}],"wp:featuredmedia":[{"embeddable":true,"href":"https:\/\/www.weddingportugal.com\/de\/wp-json\/wp\/v2\/media\/2141"}],"wp:attachment":[{"href":"https:\/\/www.weddingportugal.com\/de\/wp-json\/wp\/v2\/media?parent=4556"}],"curies":[{"name":"wp","href":"https:\/\/api.w.org\/{rel}","templated":true}]}}