{"id":4554,"date":"2021-07-07T10:58:34","date_gmt":"2021-07-07T10:58:34","guid":{"rendered":"https:\/\/www.weddingportugal.com\/services\/fotografie-video\/fotografen\/yana-ivanishcheva\/"},"modified":"2021-07-26T17:37:09","modified_gmt":"2021-07-26T17:37:09","slug":"yana-ivanishcheva","status":"publish","type":"page","link":"https:\/\/www.weddingportugal.com\/de\/services\/fotografie-video\/fotografen\/yana-ivanishcheva\/","title":{"rendered":"Yana Ivanishcheva"},"content":{"rendered":"\t\t<div data-elementor-type=\"wp-page\" data-elementor-id=\"4554\" class=\"elementor elementor-4554 elementor-2083\" data-elementor-post-type=\"page\">\n\t\t\t\t\t\t<section class=\"elementor-section elementor-top-section elementor-element elementor-element-2786e14e elementor-section-boxed elementor-section-height-default elementor-section-height-default\" data-id=\"2786e14e\" data-element_type=\"section\" data-e-type=\"section\">\n\t\t\t\t\t\t<div class=\"elementor-container elementor-column-gap-default\">\n\t\t\t\t\t<div class=\"elementor-column elementor-col-50 elementor-top-column elementor-element elementor-element-1c79a570\" data-id=\"1c79a570\" data-element_type=\"column\" data-e-type=\"column\">\n\t\t\t<div class=\"elementor-widget-wrap elementor-element-populated\">\n\t\t\t\t\t\t<div class=\"elementor-element elementor-element-6a35bf19 elementor-widget elementor-widget-text-editor\" data-id=\"6a35bf19\" data-element_type=\"widget\" data-e-type=\"widget\" data-widget_type=\"text-editor.default\">\n\t\t\t\t<div class=\"elementor-widget-container\">\n\t\t\t\t\t\t\t\t\t<p>Yana ist eine junge, talentierte Videok\u00fcnstlerin mit einer gro\u00dfen Leidenschaft f\u00fcr Hochzeiten. Yana spricht Portugiesisch, Englisch und Russisch und hat einige Grundkenntnisse in Bulgarisch, Spanisch und Ukrainisch.<\/p>\n<p><a href=\"mailto:info@weddingportugal.com\">Kontaktieren Sie uns<\/a> f\u00fcr weitere Informationen oder um Yana als Ihre Hochzeitsvideografin zu buchen.<\/p>\n\t\t\t\t\t\t\t\t<\/div>\n\t\t\t\t<\/div>\n\t\t\t\t\t<\/div>\n\t\t<\/div>\n\t\t\t\t<div class=\"elementor-column elementor-col-50 elementor-top-column elementor-element elementor-element-125b6d52\" data-id=\"125b6d52\" data-element_type=\"column\" data-e-type=\"column\">\n\t\t\t<div class=\"elementor-widget-wrap elementor-element-populated\">\n\t\t\t\t\t\t<div class=\"elementor-element elementor-element-3b7efbe elementor-widget elementor-widget-video\" data-id=\"3b7efbe\" data-element_type=\"widget\" data-e-type=\"widget\" data-settings=\"{&quot;youtube_url&quot;:&quot;https:\\\/\\\/youtu.be\\\/U1abDYn6uXQ&quot;,&quot;video_type&quot;:&quot;youtube&quot;,&quot;controls&quot;:&quot;yes&quot;}\" data-widget_type=\"video.default\">\n\t\t\t\t<div class=\"elementor-widget-container\">\n\t\t\t\t\t\t\t<div class=\"elementor-wrapper elementor-open-inline\">\n\t\t\t<div class=\"elementor-video\"><\/div>\t\t<\/div>\n\t\t\t\t\t\t<\/div>\n\t\t\t\t<\/div>\n\t\t\t\t\t<\/div>\n\t\t<\/div>\n\t\t\t\t\t<\/div>\n\t\t<\/section>\n\t\t\t\t<\/div>\n\t\t","protected":false},"excerpt":{"rendered":"<p>Yana ist eine junge, talentierte Videok\u00fcnstlerin mit einer gro\u00dfen Leidenschaft f\u00fcr Hochzeiten. Yana spricht Portugiesisch, Englisch und Russisch und hat einige Grundkenntnisse in Bulgarisch, Spanisch und Ukrainisch. Kontaktieren Sie uns f\u00fcr weitere Informationen oder um Yana als Ihre Hochzeitsvideografin zu buchen.<\/p>\n","protected":false},"author":1,"featured_media":2135,"parent":4549,"menu_order":75,"comment_status":"closed","ping_status":"closed","template":"","meta":{"content-type":"","footnotes":""},"class_list":["post-4554","page","type-page","status-publish","has-post-thumbnail","hentry"],"yoast_head":"<!-- This site is optimized with the Yoast SEO plugin v27.2 - https:\/\/yoast.com\/product\/yoast-seo-wordpress\/ -->\n<title>Yana Ivanishcheva - Wedding Portugal<\/title>\n<meta name=\"robots\" content=\"index, follow, max-snippet:-1, max-image-preview:large, max-video-preview:-1\" \/>\n<link rel=\"canonical\" href=\"https:\/\/www.weddingportugal.com\/de\/services\/fotografie-video\/fotografen\/yana-ivanishcheva\/\" \/>\n<meta property=\"og:locale\" content=\"de_DE\" \/>\n<meta property=\"og:type\" content=\"article\" \/>\n<meta property=\"og:title\" content=\"Yana Ivanishcheva - Wedding Portugal\" \/>\n<meta property=\"og:description\" content=\"Yana ist eine junge, talentierte Videok\u00fcnstlerin mit einer gro\u00dfen Leidenschaft f\u00fcr Hochzeiten. Yana spricht Portugiesisch, Englisch und Russisch und hat einige Grundkenntnisse in Bulgarisch, Spanisch und Ukrainisch. Kontaktieren Sie uns f\u00fcr weitere Informationen oder um Yana als Ihre Hochzeitsvideografin zu buchen.\" \/>\n<meta property=\"og:url\" content=\"https:\/\/www.weddingportugal.com\/de\/services\/fotografie-video\/fotografen\/yana-ivanishcheva\/\" \/>\n<meta property=\"og:site_name\" content=\"Wedding Portugal\" \/>\n<meta property=\"article:modified_time\" content=\"2021-07-26T17:37:09+00:00\" \/>\n<meta property=\"og:image\" content=\"https:\/\/www.weddingportugal.com\/wp-content\/uploads\/2020\/11\/Photographers-YanaIvanishcheva.jpg\" \/>\n\t<meta property=\"og:image:width\" content=\"760\" \/>\n\t<meta property=\"og:image:height\" content=\"500\" \/>\n\t<meta property=\"og:image:type\" content=\"image\/jpeg\" \/>\n<meta name=\"twitter:card\" content=\"summary_large_image\" \/>\n<script type=\"application\/ld+json\" class=\"yoast-schema-graph\">{\"@context\":\"https:\/\/schema.org\",\"@graph\":[{\"@type\":\"WebPage\",\"@id\":\"https:\/\/www.weddingportugal.com\/de\/services\/fotografie-video\/fotografen\/yana-ivanishcheva\/\",\"url\":\"https:\/\/www.weddingportugal.com\/de\/services\/fotografie-video\/fotografen\/yana-ivanishcheva\/\",\"name\":\"Yana Ivanishcheva - Wedding Portugal\",\"isPartOf\":{\"@id\":\"https:\/\/www.weddingportugal.com\/de\/#website\"},\"primaryImageOfPage\":{\"@id\":\"https:\/\/www.weddingportugal.com\/de\/services\/fotografie-video\/fotografen\/yana-ivanishcheva\/#primaryimage\"},\"image\":{\"@id\":\"https:\/\/www.weddingportugal.com\/de\/services\/fotografie-video\/fotografen\/yana-ivanishcheva\/#primaryimage\"},\"thumbnailUrl\":\"https:\/\/www.weddingportugal.com\/wp-content\/uploads\/2020\/11\/Photographers-YanaIvanishcheva.jpg\",\"datePublished\":\"2021-07-07T10:58:34+00:00\",\"dateModified\":\"2021-07-26T17:37:09+00:00\",\"breadcrumb\":{\"@id\":\"https:\/\/www.weddingportugal.com\/de\/services\/fotografie-video\/fotografen\/yana-ivanishcheva\/#breadcrumb\"},\"inLanguage\":\"de\",\"potentialAction\":[{\"@type\":\"ReadAction\",\"target\":[\"https:\/\/www.weddingportugal.com\/de\/services\/fotografie-video\/fotografen\/yana-ivanishcheva\/\"]}]},{\"@type\":\"ImageObject\",\"inLanguage\":\"de\",\"@id\":\"https:\/\/www.weddingportugal.com\/de\/services\/fotografie-video\/fotografen\/yana-ivanishcheva\/#primaryimage\",\"url\":\"https:\/\/www.weddingportugal.com\/wp-content\/uploads\/2020\/11\/Photographers-YanaIvanishcheva.jpg\",\"contentUrl\":\"https:\/\/www.weddingportugal.com\/wp-content\/uploads\/2020\/11\/Photographers-YanaIvanishcheva.jpg\",\"width\":760,\"height\":500},{\"@type\":\"BreadcrumbList\",\"@id\":\"https:\/\/www.weddingportugal.com\/de\/services\/fotografie-video\/fotografen\/yana-ivanishcheva\/#breadcrumb\",\"itemListElement\":[{\"@type\":\"ListItem\",\"position\":1,\"name\":\"Home\",\"item\":\"https:\/\/www.weddingportugal.com\/de\/\"},{\"@type\":\"ListItem\",\"position\":2,\"name\":\"Services\",\"item\":\"https:\/\/www.weddingportugal.com\/de\/services\/\"},{\"@type\":\"ListItem\",\"position\":3,\"name\":\"Fotografie &#038; Video\",\"item\":\"https:\/\/www.weddingportugal.com\/de\/services\/fotografie-video\/\"},{\"@type\":\"ListItem\",\"position\":4,\"name\":\"Fotografen\",\"item\":\"https:\/\/www.weddingportugal.com\/de\/services\/fotografie-video\/fotografen\/\"},{\"@type\":\"ListItem\",\"position\":5,\"name\":\"Yana Ivanishcheva\"}]},{\"@type\":\"WebSite\",\"@id\":\"https:\/\/www.weddingportugal.com\/de\/#website\",\"url\":\"https:\/\/www.weddingportugal.com\/de\/\",\"name\":\"Wedding Portugal\",\"description\":\"We tell you why you should get your weeding in Portugal\",\"publisher\":{\"@id\":\"https:\/\/www.weddingportugal.com\/de\/#organization\"},\"potentialAction\":[{\"@type\":\"SearchAction\",\"target\":{\"@type\":\"EntryPoint\",\"urlTemplate\":\"https:\/\/www.weddingportugal.com\/de\/?s={search_term_string}\"},\"query-input\":{\"@type\":\"PropertyValueSpecification\",\"valueRequired\":true,\"valueName\":\"search_term_string\"}}],\"inLanguage\":\"de\"},{\"@type\":\"Organization\",\"@id\":\"https:\/\/www.weddingportugal.com\/de\/#organization\",\"name\":\"Wedding Portugal\",\"url\":\"https:\/\/www.weddingportugal.com\/de\/\",\"logo\":{\"@type\":\"ImageObject\",\"inLanguage\":\"de\",\"@id\":\"https:\/\/www.weddingportugal.com\/de\/#\/schema\/logo\/image\/\",\"url\":\"https:\/\/www.weddingportugal.com\/wp-content\/uploads\/2020\/02\/cropped-logo-WeddingPortugal.png\",\"contentUrl\":\"https:\/\/www.weddingportugal.com\/wp-content\/uploads\/2020\/02\/cropped-logo-WeddingPortugal.png\",\"width\":523,\"height\":89,\"caption\":\"Wedding Portugal\"},\"image\":{\"@id\":\"https:\/\/www.weddingportugal.com\/de\/#\/schema\/logo\/image\/\"}}]}<\/script>\n<!-- \/ Yoast SEO plugin. -->","yoast_head_json":{"title":"Yana Ivanishcheva - Wedding Portugal","robots":{"index":"index","follow":"follow","max-snippet":"max-snippet:-1","max-image-preview":"max-image-preview:large","max-video-preview":"max-video-preview:-1"},"canonical":"https:\/\/www.weddingportugal.com\/de\/services\/fotografie-video\/fotografen\/yana-ivanishcheva\/","og_locale":"de_DE","og_type":"article","og_title":"Yana Ivanishcheva - Wedding Portugal","og_description":"Yana ist eine junge, talentierte Videok\u00fcnstlerin mit einer gro\u00dfen Leidenschaft f\u00fcr Hochzeiten. Yana spricht Portugiesisch, Englisch und Russisch und hat einige Grundkenntnisse in Bulgarisch, Spanisch und Ukrainisch. Kontaktieren Sie uns f\u00fcr weitere Informationen oder um Yana als Ihre Hochzeitsvideografin zu buchen.","og_url":"https:\/\/www.weddingportugal.com\/de\/services\/fotografie-video\/fotografen\/yana-ivanishcheva\/","og_site_name":"Wedding Portugal","article_modified_time":"2021-07-26T17:37:09+00:00","og_image":[{"width":760,"height":500,"url":"https:\/\/www.weddingportugal.com\/wp-content\/uploads\/2020\/11\/Photographers-YanaIvanishcheva.jpg","type":"image\/jpeg"}],"twitter_card":"summary_large_image","schema":{"@context":"https:\/\/schema.org","@graph":[{"@type":"WebPage","@id":"https:\/\/www.weddingportugal.com\/de\/services\/fotografie-video\/fotografen\/yana-ivanishcheva\/","url":"https:\/\/www.weddingportugal.com\/de\/services\/fotografie-video\/fotografen\/yana-ivanishcheva\/","name":"Yana Ivanishcheva - Wedding Portugal","isPartOf":{"@id":"https:\/\/www.weddingportugal.com\/de\/#website"},"primaryImageOfPage":{"@id":"https:\/\/www.weddingportugal.com\/de\/services\/fotografie-video\/fotografen\/yana-ivanishcheva\/#primaryimage"},"image":{"@id":"https:\/\/www.weddingportugal.com\/de\/services\/fotografie-video\/fotografen\/yana-ivanishcheva\/#primaryimage"},"thumbnailUrl":"https:\/\/www.weddingportugal.com\/wp-content\/uploads\/2020\/11\/Photographers-YanaIvanishcheva.jpg","datePublished":"2021-07-07T10:58:34+00:00","dateModified":"2021-07-26T17:37:09+00:00","breadcrumb":{"@id":"https:\/\/www.weddingportugal.com\/de\/services\/fotografie-video\/fotografen\/yana-ivanishcheva\/#breadcrumb"},"inLanguage":"de","potentialAction":[{"@type":"ReadAction","target":["https:\/\/www.weddingportugal.com\/de\/services\/fotografie-video\/fotografen\/yana-ivanishcheva\/"]}]},{"@type":"ImageObject","inLanguage":"de","@id":"https:\/\/www.weddingportugal.com\/de\/services\/fotografie-video\/fotografen\/yana-ivanishcheva\/#primaryimage","url":"https:\/\/www.weddingportugal.com\/wp-content\/uploads\/2020\/11\/Photographers-YanaIvanishcheva.jpg","contentUrl":"https:\/\/www.weddingportugal.com\/wp-content\/uploads\/2020\/11\/Photographers-YanaIvanishcheva.jpg","width":760,"height":500},{"@type":"BreadcrumbList","@id":"https:\/\/www.weddingportugal.com\/de\/services\/fotografie-video\/fotografen\/yana-ivanishcheva\/#breadcrumb","itemListElement":[{"@type":"ListItem","position":1,"name":"Home","item":"https:\/\/www.weddingportugal.com\/de\/"},{"@type":"ListItem","position":2,"name":"Services","item":"https:\/\/www.weddingportugal.com\/de\/services\/"},{"@type":"ListItem","position":3,"name":"Fotografie &#038; Video","item":"https:\/\/www.weddingportugal.com\/de\/services\/fotografie-video\/"},{"@type":"ListItem","position":4,"name":"Fotografen","item":"https:\/\/www.weddingportugal.com\/de\/services\/fotografie-video\/fotografen\/"},{"@type":"ListItem","position":5,"name":"Yana Ivanishcheva"}]},{"@type":"WebSite","@id":"https:\/\/www.weddingportugal.com\/de\/#website","url":"https:\/\/www.weddingportugal.com\/de\/","name":"Wedding Portugal","description":"We tell you why you should get your weeding in Portugal","publisher":{"@id":"https:\/\/www.weddingportugal.com\/de\/#organization"},"potentialAction":[{"@type":"SearchAction","target":{"@type":"EntryPoint","urlTemplate":"https:\/\/www.weddingportugal.com\/de\/?s={search_term_string}"},"query-input":{"@type":"PropertyValueSpecification","valueRequired":true,"valueName":"search_term_string"}}],"inLanguage":"de"},{"@type":"Organization","@id":"https:\/\/www.weddingportugal.com\/de\/#organization","name":"Wedding Portugal","url":"https:\/\/www.weddingportugal.com\/de\/","logo":{"@type":"ImageObject","inLanguage":"de","@id":"https:\/\/www.weddingportugal.com\/de\/#\/schema\/logo\/image\/","url":"https:\/\/www.weddingportugal.com\/wp-content\/uploads\/2020\/02\/cropped-logo-WeddingPortugal.png","contentUrl":"https:\/\/www.weddingportugal.com\/wp-content\/uploads\/2020\/02\/cropped-logo-WeddingPortugal.png","width":523,"height":89,"caption":"Wedding Portugal"},"image":{"@id":"https:\/\/www.weddingportugal.com\/de\/#\/schema\/logo\/image\/"}}]}},"_links":{"self":[{"href":"https:\/\/www.weddingportugal.com\/de\/wp-json\/wp\/v2\/pages\/4554","targetHints":{"allow":["GET"]}}],"collection":[{"href":"https:\/\/www.weddingportugal.com\/de\/wp-json\/wp\/v2\/pages"}],"about":[{"href":"https:\/\/www.weddingportugal.com\/de\/wp-json\/wp\/v2\/types\/page"}],"author":[{"embeddable":true,"href":"https:\/\/www.weddingportugal.com\/de\/wp-json\/wp\/v2\/users\/1"}],"replies":[{"embeddable":true,"href":"https:\/\/www.weddingportugal.com\/de\/wp-json\/wp\/v2\/comments?post=4554"}],"version-history":[{"count":1,"href":"https:\/\/www.weddingportugal.com\/de\/wp-json\/wp\/v2\/pages\/4554\/revisions"}],"predecessor-version":[{"id":4555,"href":"https:\/\/www.weddingportugal.com\/de\/wp-json\/wp\/v2\/pages\/4554\/revisions\/4555"}],"up":[{"embeddable":true,"href":"https:\/\/www.weddingportugal.com\/de\/wp-json\/wp\/v2\/pages\/4549"}],"wp:featuredmedia":[{"embeddable":true,"href":"https:\/\/www.weddingportugal.com\/de\/wp-json\/wp\/v2\/media\/2135"}],"wp:attachment":[{"href":"https:\/\/www.weddingportugal.com\/de\/wp-json\/wp\/v2\/media?parent=4554"}],"curies":[{"name":"wp","href":"https:\/\/api.w.org\/{rel}","templated":true}]}}