{"id":4552,"date":"2021-07-07T10:57:42","date_gmt":"2021-07-07T10:57:42","guid":{"rendered":"https:\/\/www.weddingportugal.com\/services\/fotografie-video\/fotografen\/oydin-mei-hochzeitsfotografen\/"},"modified":"2021-07-26T17:37:09","modified_gmt":"2021-07-26T17:37:09","slug":"oydin-mei-hochzeitsfotografen","status":"publish","type":"page","link":"https:\/\/www.weddingportugal.com\/de\/services\/fotografie-video\/fotografen\/oydin-mei-hochzeitsfotografen\/","title":{"rendered":"OYDIN + MEI Hochzeitsfotografen"},"content":{"rendered":"\t\t<div data-elementor-type=\"wp-page\" data-elementor-id=\"4552\" class=\"elementor elementor-4552 elementor-2080\" data-elementor-post-type=\"page\">\n\t\t\t\t\t\t<section class=\"elementor-section elementor-top-section elementor-element elementor-element-4741292c elementor-section-boxed elementor-section-height-default elementor-section-height-default\" data-id=\"4741292c\" data-element_type=\"section\" data-e-type=\"section\">\n\t\t\t\t\t\t<div class=\"elementor-container elementor-column-gap-default\">\n\t\t\t\t\t<div class=\"elementor-column elementor-col-50 elementor-top-column elementor-element elementor-element-5846b431\" data-id=\"5846b431\" data-element_type=\"column\" data-e-type=\"column\">\n\t\t\t<div class=\"elementor-widget-wrap elementor-element-populated\">\n\t\t\t\t\t\t<div class=\"elementor-element elementor-element-9a80667 elementor-widget elementor-widget-text-editor\" data-id=\"9a80667\" data-element_type=\"widget\" data-e-type=\"widget\" data-widget_type=\"text-editor.default\">\n\t\t\t\t<div class=\"elementor-widget-container\">\n\t\t\t\t\t\t\t\t\t<p>Oydin &amp; Mei sprechen Niederl\u00e4ndisch &amp; Englisch, haben Grundkenntnisse in Franz\u00f6sisch, ein wenig Portugiesisch und verstehen Deutsch.<\/p>\n<p>F\u00fcr mehr Informationen:\u00a0<a href=\"mailto:info@weddingportugal.com\">info@weddingportugal.com<\/a><\/p>\n\t\t\t\t\t\t\t\t<\/div>\n\t\t\t\t<\/div>\n\t\t\t\t<div class=\"elementor-element elementor-element-c6f9c50 elementor-widget elementor-widget-text-editor\" data-id=\"c6f9c50\" data-element_type=\"widget\" data-e-type=\"widget\" data-widget_type=\"text-editor.default\">\n\t\t\t\t<div class=\"elementor-widget-container\">\n\t\t\t\t\t\t\t\t\t<p><strong>DAS KONZEPT:<\/strong><\/p>\n<p>Einfachheit. Es gibt nur ein Paket, alles ist inklusive und es gibt keine versteckten Kosten.<\/p>\n\t\t\t\t\t\t\t\t<\/div>\n\t\t\t\t<\/div>\n\t\t\t\t\t<\/div>\n\t\t<\/div>\n\t\t\t\t<div class=\"elementor-column elementor-col-50 elementor-top-column elementor-element elementor-element-3b57700e\" data-id=\"3b57700e\" data-element_type=\"column\" data-e-type=\"column\">\n\t\t\t<div class=\"elementor-widget-wrap elementor-element-populated\">\n\t\t\t\t\t\t<div class=\"elementor-element elementor-element-68a95615 elementor-widget elementor-widget-image\" data-id=\"68a95615\" data-element_type=\"widget\" data-e-type=\"widget\" data-widget_type=\"image.default\">\n\t\t\t\t<div class=\"elementor-widget-container\">\n\t\t\t\t\t\t\t\t\t\t\t\t\t\t\t<img fetchpriority=\"high\" decoding=\"async\" width=\"760\" height=\"500\" src=\"https:\/\/www.weddingportugal.com\/wp-content\/uploads\/2020\/11\/Photographers-OydinMei.jpg\" class=\"attachment-large size-large wp-image-2103\" alt=\"\" srcset=\"https:\/\/www.weddingportugal.com\/wp-content\/uploads\/2020\/11\/Photographers-OydinMei.jpg 760w, https:\/\/www.weddingportugal.com\/wp-content\/uploads\/2020\/11\/Photographers-OydinMei-300x197.jpg 300w\" sizes=\"(max-width: 760px) 100vw, 760px\" \/>\t\t\t\t\t\t\t\t\t\t\t\t\t\t\t<\/div>\n\t\t\t\t<\/div>\n\t\t\t\t\t<\/div>\n\t\t<\/div>\n\t\t\t\t\t<\/div>\n\t\t<\/section>\n\t\t\t\t<section class=\"elementor-section elementor-top-section elementor-element elementor-element-3dfa8a96 elementor-section-boxed elementor-section-height-default elementor-section-height-default\" data-id=\"3dfa8a96\" data-element_type=\"section\" data-e-type=\"section\">\n\t\t\t\t\t\t<div class=\"elementor-container elementor-column-gap-default\">\n\t\t\t\t\t<div class=\"elementor-column elementor-col-50 elementor-top-column elementor-element elementor-element-aea5364\" data-id=\"aea5364\" data-element_type=\"column\" data-e-type=\"column\">\n\t\t\t<div class=\"elementor-widget-wrap elementor-element-populated\">\n\t\t\t\t\t\t<div class=\"elementor-element elementor-element-42300c2 elementor-widget elementor-widget-text-editor\" data-id=\"42300c2\" data-element_type=\"widget\" data-e-type=\"widget\" data-widget_type=\"text-editor.default\">\n\t\t\t\t<div class=\"elementor-widget-container\">\n\t\t\t\t\t\t\t\t\t<p><strong>Das Paket<\/strong><\/p>\n<ul>\n<li>Zeitrahmen 9 Stunden<\/li>\n<li>Fotos in hoher Aufl\u00f6sung ohne Wasserzeichen<\/li>\n<li>Fotos farbkorrigiert + bearbeitet in unserem<\/li>\n<li>Pers\u00f6nlichen Stilrichtung<\/li>\n<li>Eine Mischung aus Farb- und Schwarzwei\u00dffotos (wenn Sie mehr von einem wollen, lassen Sie es uns wissen!)<\/li>\n<li>600-1000 Fotos (keine Begrenzung)<\/li>\n<li>Eine private Online-Galerie zum Herunterladen<\/li>\n<li>Die Sie mit Freunden + Familie teilen k\u00f6nnen.<\/li>\n<li>USB in Geschenkverpackung pro Post<\/li>\n<li>Druckfreigaberechte<br \/>\nZweiter + dritter Fotograf verf\u00fcgbar<br \/>\nReisekosten \u20ac 0,19 pro Kilometer s.f. Lissabon<\/li>\n<\/ul>\n\t\t\t\t\t\t\t\t<\/div>\n\t\t\t\t<\/div>\n\t\t\t\t\t<\/div>\n\t\t<\/div>\n\t\t\t\t<div class=\"elementor-column elementor-col-50 elementor-top-column elementor-element elementor-element-0b3895a\" data-id=\"0b3895a\" data-element_type=\"column\" data-e-type=\"column\">\n\t\t\t<div class=\"elementor-widget-wrap elementor-element-populated\">\n\t\t\t\t\t\t<div class=\"elementor-element elementor-element-e6df085 elementor-widget elementor-widget-text-editor\" data-id=\"e6df085\" data-element_type=\"widget\" data-e-type=\"widget\" data-widget_type=\"text-editor.default\">\n\t\t\t\t<div class=\"elementor-widget-container\">\n\t\t\t\t\t\t\t\t\t<p><strong>DIE ERFAHRUNG<\/strong><\/p>\n<ul>\n<li>Schnelle E-Mail-Antworten + klare Kommunikation<\/li>\n<li>Anleitung f\u00fcr die Fotos und Ihrer individuelle Zeitleiste<\/li>\n<li>Vorschau mit 25 Fotos schon 1 Woche nach Ihrem Hochzeitstag<\/li>\n<li>Alle Fotos werden innerhalb von 8 Wochen geliefert<\/li>\n<li>Sch\u00f6ne Hochzeitsfotos, die Sie von Ihrer besten Seite zeigen,\u00a0deine Liebsten und all die Emotionen deines Hochzeitstages.<\/li>\n<\/ul>\n\t\t\t\t\t\t\t\t<\/div>\n\t\t\t\t<\/div>\n\t\t\t\t\t<\/div>\n\t\t<\/div>\n\t\t\t\t\t<\/div>\n\t\t<\/section>\n\t\t\t\t<section class=\"elementor-section elementor-top-section elementor-element elementor-element-f647e36 elementor-section-boxed elementor-section-height-default elementor-section-height-default\" data-id=\"f647e36\" data-element_type=\"section\" data-e-type=\"section\">\n\t\t\t\t\t\t<div class=\"elementor-container elementor-column-gap-default\">\n\t\t\t\t\t<div class=\"elementor-column elementor-col-100 elementor-top-column elementor-element elementor-element-1557c330\" data-id=\"1557c330\" data-element_type=\"column\" data-e-type=\"column\">\n\t\t\t<div class=\"elementor-widget-wrap elementor-element-populated\">\n\t\t\t\t\t\t<div class=\"elementor-element elementor-element-4ea4591a elementor-arrows-position-inside elementor-pagination-position-outside elementor-widget elementor-widget-image-carousel\" data-id=\"4ea4591a\" data-element_type=\"widget\" data-e-type=\"widget\" data-settings=\"{&quot;slides_to_scroll&quot;:&quot;3&quot;,&quot;navigation&quot;:&quot;both&quot;,&quot;autoplay&quot;:&quot;yes&quot;,&quot;pause_on_hover&quot;:&quot;yes&quot;,&quot;pause_on_interaction&quot;:&quot;yes&quot;,&quot;autoplay_speed&quot;:5000,&quot;infinite&quot;:&quot;yes&quot;,&quot;speed&quot;:500,&quot;image_spacing_custom&quot;:{&quot;unit&quot;:&quot;px&quot;,&quot;size&quot;:20,&quot;sizes&quot;:[]},&quot;image_spacing_custom_tablet&quot;:{&quot;unit&quot;:&quot;px&quot;,&quot;size&quot;:&quot;&quot;,&quot;sizes&quot;:[]},&quot;image_spacing_custom_mobile&quot;:{&quot;unit&quot;:&quot;px&quot;,&quot;size&quot;:&quot;&quot;,&quot;sizes&quot;:[]}}\" data-widget_type=\"image-carousel.default\">\n\t\t\t\t<div class=\"elementor-widget-container\">\n\t\t\t\t\t\t\t<div class=\"elementor-image-carousel-wrapper swiper\" role=\"region\" aria-roledescription=\"carousel\" aria-label=\"Bild Karussell\" dir=\"ltr\">\n\t\t\t<div class=\"elementor-image-carousel swiper-wrapper swiper-image-stretch\" aria-live=\"off\">\n\t\t\t\t\t\t\t\t<div class=\"swiper-slide\" role=\"group\" aria-roledescription=\"slide\" aria-label=\"1 von 6\"><a data-elementor-open-lightbox=\"yes\" data-elementor-lightbox-slideshow=\"4ea4591a\" data-elementor-lightbox-title=\"Photographers-OydinMei01\" data-e-action-hash=\"#elementor-action%3Aaction%3Dlightbox%26settings%3DeyJpZCI6MjEwOSwidXJsIjoiaHR0cHM6XC9cL3d3dy53ZWRkaW5ncG9ydHVnYWwuY29tXC93cC1jb250ZW50XC91cGxvYWRzXC8yMDIwXC8xMVwvUGhvdG9ncmFwaGVycy1PeWRpbk1laTAxLmpwZyIsInNsaWRlc2hvdyI6IjRlYTQ1OTFhIn0%3D\" href=\"https:\/\/www.weddingportugal.com\/wp-content\/uploads\/2020\/11\/Photographers-OydinMei01.jpg\"><figure class=\"swiper-slide-inner\"><img decoding=\"async\" class=\"swiper-slide-image\" src=\"https:\/\/www.weddingportugal.com\/wp-content\/uploads\/elementor\/thumbs\/Photographers-OydinMei01-rkoynq7itxcxy91jhjb70p7jlprh88rt6jpjbaf0y0.jpg\" alt=\"Photographers-OydinMei01\" \/><\/figure><\/a><\/div><div class=\"swiper-slide\" role=\"group\" aria-roledescription=\"slide\" aria-label=\"2 von 6\"><a data-elementor-open-lightbox=\"yes\" data-elementor-lightbox-slideshow=\"4ea4591a\" data-elementor-lightbox-title=\"Photographers-OydinMei02\" data-e-action-hash=\"#elementor-action%3Aaction%3Dlightbox%26settings%3DeyJpZCI6MjExMywidXJsIjoiaHR0cHM6XC9cL3d3dy53ZWRkaW5ncG9ydHVnYWwuY29tXC93cC1jb250ZW50XC91cGxvYWRzXC8yMDIwXC8xMVwvUGhvdG9ncmFwaGVycy1PeWRpbk1laTAyLmpwZyIsInNsaWRlc2hvdyI6IjRlYTQ1OTFhIn0%3D\" href=\"https:\/\/www.weddingportugal.com\/wp-content\/uploads\/2020\/11\/Photographers-OydinMei02.jpg\"><figure class=\"swiper-slide-inner\"><img decoding=\"async\" class=\"swiper-slide-image\" src=\"https:\/\/www.weddingportugal.com\/wp-content\/uploads\/elementor\/thumbs\/Photographers-OydinMei02-rkoynq7itxcxy91jhjb70p7jlprh88rt6jpjbaf0y0.jpg\" alt=\"Photographers-OydinMei02\" \/><\/figure><\/a><\/div><div class=\"swiper-slide\" role=\"group\" aria-roledescription=\"slide\" aria-label=\"3 von 6\"><a data-elementor-open-lightbox=\"yes\" data-elementor-lightbox-slideshow=\"4ea4591a\" data-elementor-lightbox-title=\"Photographers-OydinMei03\" data-e-action-hash=\"#elementor-action%3Aaction%3Dlightbox%26settings%3DeyJpZCI6MjExNywidXJsIjoiaHR0cHM6XC9cL3d3dy53ZWRkaW5ncG9ydHVnYWwuY29tXC93cC1jb250ZW50XC91cGxvYWRzXC8yMDIwXC8xMVwvUGhvdG9ncmFwaGVycy1PeWRpbk1laTAzLmpwZyIsInNsaWRlc2hvdyI6IjRlYTQ1OTFhIn0%3D\" href=\"https:\/\/www.weddingportugal.com\/wp-content\/uploads\/2020\/11\/Photographers-OydinMei03.jpg\"><figure class=\"swiper-slide-inner\"><img decoding=\"async\" class=\"swiper-slide-image\" src=\"https:\/\/www.weddingportugal.com\/wp-content\/uploads\/elementor\/thumbs\/Photographers-OydinMei03-rkoynq7itxcxy91jhjb70p7jlprh88rt6jpjbaf0y0.jpg\" alt=\"Photographers-OydinMei03\" \/><\/figure><\/a><\/div><div class=\"swiper-slide\" role=\"group\" aria-roledescription=\"slide\" aria-label=\"4 von 6\"><a data-elementor-open-lightbox=\"yes\" data-elementor-lightbox-slideshow=\"4ea4591a\" data-elementor-lightbox-title=\"Photographers-OydinMei04\" data-e-action-hash=\"#elementor-action%3Aaction%3Dlightbox%26settings%3DeyJpZCI6MjEyMSwidXJsIjoiaHR0cHM6XC9cL3d3dy53ZWRkaW5ncG9ydHVnYWwuY29tXC93cC1jb250ZW50XC91cGxvYWRzXC8yMDIwXC8xMVwvUGhvdG9ncmFwaGVycy1PeWRpbk1laTA0LmpwZyIsInNsaWRlc2hvdyI6IjRlYTQ1OTFhIn0%3D\" href=\"https:\/\/www.weddingportugal.com\/wp-content\/uploads\/2020\/11\/Photographers-OydinMei04.jpg\"><figure class=\"swiper-slide-inner\"><img decoding=\"async\" class=\"swiper-slide-image\" src=\"https:\/\/www.weddingportugal.com\/wp-content\/uploads\/elementor\/thumbs\/Photographers-OydinMei04-rkoynq7itxcxy91jhjb70p7jlprh88rt6jpjbaf0y0.jpg\" alt=\"Photographers-OydinMei04\" \/><\/figure><\/a><\/div><div class=\"swiper-slide\" role=\"group\" aria-roledescription=\"slide\" aria-label=\"5 von 6\"><a data-elementor-open-lightbox=\"yes\" data-elementor-lightbox-slideshow=\"4ea4591a\" data-elementor-lightbox-title=\"Photographers-OydinMei05\" data-e-action-hash=\"#elementor-action%3Aaction%3Dlightbox%26settings%3DeyJpZCI6MjEyNSwidXJsIjoiaHR0cHM6XC9cL3d3dy53ZWRkaW5ncG9ydHVnYWwuY29tXC93cC1jb250ZW50XC91cGxvYWRzXC8yMDIwXC8xMVwvUGhvdG9ncmFwaGVycy1PeWRpbk1laTA1LmpwZyIsInNsaWRlc2hvdyI6IjRlYTQ1OTFhIn0%3D\" href=\"https:\/\/www.weddingportugal.com\/wp-content\/uploads\/2020\/11\/Photographers-OydinMei05.jpg\"><figure class=\"swiper-slide-inner\"><img decoding=\"async\" class=\"swiper-slide-image\" src=\"https:\/\/www.weddingportugal.com\/wp-content\/uploads\/elementor\/thumbs\/Photographers-OydinMei05-rkoynq7itxcxy91jhjb70p7jlprh88rt6jpjbaf0y0.jpg\" alt=\"Photographers-OydinMei05\" \/><\/figure><\/a><\/div><div class=\"swiper-slide\" role=\"group\" aria-roledescription=\"slide\" aria-label=\"6 von 6\"><a data-elementor-open-lightbox=\"yes\" data-elementor-lightbox-slideshow=\"4ea4591a\" data-elementor-lightbox-title=\"Photographers-OydinMei06\" data-e-action-hash=\"#elementor-action%3Aaction%3Dlightbox%26settings%3DeyJpZCI6MjEyOSwidXJsIjoiaHR0cHM6XC9cL3d3dy53ZWRkaW5ncG9ydHVnYWwuY29tXC93cC1jb250ZW50XC91cGxvYWRzXC8yMDIwXC8xMVwvUGhvdG9ncmFwaGVycy1PeWRpbk1laTA2LmpwZyIsInNsaWRlc2hvdyI6IjRlYTQ1OTFhIn0%3D\" href=\"https:\/\/www.weddingportugal.com\/wp-content\/uploads\/2020\/11\/Photographers-OydinMei06.jpg\"><figure class=\"swiper-slide-inner\"><img decoding=\"async\" class=\"swiper-slide-image\" src=\"https:\/\/www.weddingportugal.com\/wp-content\/uploads\/elementor\/thumbs\/Photographers-OydinMei06-rkoynq7itxcxy91jhjb70p7jlprh88rt6jpjbaf0y0.jpg\" alt=\"Photographers-OydinMei06\" \/><\/figure><\/a><\/div>\t\t\t<\/div>\n\t\t\t\t\t\t\t\t\t\t\t\t<div class=\"elementor-swiper-button elementor-swiper-button-prev\" role=\"button\" tabindex=\"0\">\n\t\t\t\t\t\t<i aria-hidden=\"true\" class=\"eicon-chevron-left\"><\/i>\t\t\t\t\t<\/div>\n\t\t\t\t\t<div class=\"elementor-swiper-button elementor-swiper-button-next\" role=\"button\" tabindex=\"0\">\n\t\t\t\t\t\t<i aria-hidden=\"true\" class=\"eicon-chevron-right\"><\/i>\t\t\t\t\t<\/div>\n\t\t\t\t\n\t\t\t\t\t\t\t\t\t<div class=\"swiper-pagination\"><\/div>\n\t\t\t\t\t\t\t\t\t<\/div>\n\t\t\t\t\t\t<\/div>\n\t\t\t\t<\/div>\n\t\t\t\t\t<\/div>\n\t\t<\/div>\n\t\t\t\t\t<\/div>\n\t\t<\/section>\n\t\t\t\t<\/div>\n\t\t","protected":false},"excerpt":{"rendered":"<p>Oydin &amp; Mei sprechen Niederl\u00e4ndisch &amp; Englisch, haben Grundkenntnisse in Franz\u00f6sisch, ein wenig Portugiesisch und verstehen Deutsch. F\u00fcr mehr Informationen:\u00a0info@weddingportugal.com DAS KONZEPT: Einfachheit. Es gibt nur ein Paket, alles ist inklusive und es gibt keine versteckten Kosten. Das Paket Zeitrahmen 9 Stunden Fotos in hoher Aufl\u00f6sung ohne Wasserzeichen Fotos farbkorrigiert + bearbeitet in unserem Pers\u00f6nlichen [&hellip;]<\/p>\n","protected":false},"author":1,"featured_media":2103,"parent":4549,"menu_order":74,"comment_status":"closed","ping_status":"closed","template":"","meta":{"content-type":"","footnotes":""},"class_list":["post-4552","page","type-page","status-publish","has-post-thumbnail","hentry"],"yoast_head":"<!-- This site is optimized with the Yoast SEO plugin v27.2 - https:\/\/yoast.com\/product\/yoast-seo-wordpress\/ -->\n<title>OYDIN + MEI Hochzeitsfotografen - Wedding Portugal<\/title>\n<meta name=\"robots\" content=\"index, follow, max-snippet:-1, max-image-preview:large, max-video-preview:-1\" \/>\n<link rel=\"canonical\" href=\"https:\/\/www.weddingportugal.com\/de\/services\/fotografie-video\/fotografen\/oydin-mei-hochzeitsfotografen\/\" \/>\n<meta property=\"og:locale\" content=\"de_DE\" \/>\n<meta property=\"og:type\" content=\"article\" \/>\n<meta property=\"og:title\" content=\"OYDIN + MEI Hochzeitsfotografen - Wedding Portugal\" \/>\n<meta property=\"og:description\" content=\"Oydin &amp; Mei sprechen Niederl\u00e4ndisch &amp; Englisch, haben Grundkenntnisse in Franz\u00f6sisch, ein wenig Portugiesisch und verstehen Deutsch. F\u00fcr mehr Informationen:\u00a0info@weddingportugal.com DAS KONZEPT: Einfachheit. Es gibt nur ein Paket, alles ist inklusive und es gibt keine versteckten Kosten. Das Paket Zeitrahmen 9 Stunden Fotos in hoher Aufl\u00f6sung ohne Wasserzeichen Fotos farbkorrigiert + bearbeitet in unserem Pers\u00f6nlichen [&hellip;]\" \/>\n<meta property=\"og:url\" content=\"https:\/\/www.weddingportugal.com\/de\/services\/fotografie-video\/fotografen\/oydin-mei-hochzeitsfotografen\/\" \/>\n<meta property=\"og:site_name\" content=\"Wedding Portugal\" \/>\n<meta property=\"article:modified_time\" content=\"2021-07-26T17:37:09+00:00\" \/>\n<meta property=\"og:image\" content=\"https:\/\/www.weddingportugal.com\/wp-content\/uploads\/2020\/11\/Photographers-OydinMei.jpg\" \/>\n\t<meta property=\"og:image:width\" content=\"760\" \/>\n\t<meta property=\"og:image:height\" content=\"500\" \/>\n\t<meta property=\"og:image:type\" content=\"image\/jpeg\" \/>\n<meta name=\"twitter:card\" content=\"summary_large_image\" \/>\n<meta name=\"twitter:label1\" content=\"Gesch\u00e4tzte Lesezeit\" \/>\n\t<meta name=\"twitter:data1\" content=\"1\u00a0Minute\" \/>\n<script type=\"application\/ld+json\" class=\"yoast-schema-graph\">{\"@context\":\"https:\/\/schema.org\",\"@graph\":[{\"@type\":\"WebPage\",\"@id\":\"https:\/\/www.weddingportugal.com\/de\/services\/fotografie-video\/fotografen\/oydin-mei-hochzeitsfotografen\/\",\"url\":\"https:\/\/www.weddingportugal.com\/de\/services\/fotografie-video\/fotografen\/oydin-mei-hochzeitsfotografen\/\",\"name\":\"OYDIN + MEI Hochzeitsfotografen - Wedding Portugal\",\"isPartOf\":{\"@id\":\"https:\/\/www.weddingportugal.com\/de\/#website\"},\"primaryImageOfPage\":{\"@id\":\"https:\/\/www.weddingportugal.com\/de\/services\/fotografie-video\/fotografen\/oydin-mei-hochzeitsfotografen\/#primaryimage\"},\"image\":{\"@id\":\"https:\/\/www.weddingportugal.com\/de\/services\/fotografie-video\/fotografen\/oydin-mei-hochzeitsfotografen\/#primaryimage\"},\"thumbnailUrl\":\"https:\/\/www.weddingportugal.com\/wp-content\/uploads\/2020\/11\/Photographers-OydinMei.jpg\",\"datePublished\":\"2021-07-07T10:57:42+00:00\",\"dateModified\":\"2021-07-26T17:37:09+00:00\",\"breadcrumb\":{\"@id\":\"https:\/\/www.weddingportugal.com\/de\/services\/fotografie-video\/fotografen\/oydin-mei-hochzeitsfotografen\/#breadcrumb\"},\"inLanguage\":\"de\",\"potentialAction\":[{\"@type\":\"ReadAction\",\"target\":[\"https:\/\/www.weddingportugal.com\/de\/services\/fotografie-video\/fotografen\/oydin-mei-hochzeitsfotografen\/\"]}]},{\"@type\":\"ImageObject\",\"inLanguage\":\"de\",\"@id\":\"https:\/\/www.weddingportugal.com\/de\/services\/fotografie-video\/fotografen\/oydin-mei-hochzeitsfotografen\/#primaryimage\",\"url\":\"https:\/\/www.weddingportugal.com\/wp-content\/uploads\/2020\/11\/Photographers-OydinMei.jpg\",\"contentUrl\":\"https:\/\/www.weddingportugal.com\/wp-content\/uploads\/2020\/11\/Photographers-OydinMei.jpg\",\"width\":760,\"height\":500},{\"@type\":\"BreadcrumbList\",\"@id\":\"https:\/\/www.weddingportugal.com\/de\/services\/fotografie-video\/fotografen\/oydin-mei-hochzeitsfotografen\/#breadcrumb\",\"itemListElement\":[{\"@type\":\"ListItem\",\"position\":1,\"name\":\"Home\",\"item\":\"https:\/\/www.weddingportugal.com\/de\/\"},{\"@type\":\"ListItem\",\"position\":2,\"name\":\"Services\",\"item\":\"https:\/\/www.weddingportugal.com\/de\/services\/\"},{\"@type\":\"ListItem\",\"position\":3,\"name\":\"Fotografie &#038; Video\",\"item\":\"https:\/\/www.weddingportugal.com\/de\/services\/fotografie-video\/\"},{\"@type\":\"ListItem\",\"position\":4,\"name\":\"Fotografen\",\"item\":\"https:\/\/www.weddingportugal.com\/de\/services\/fotografie-video\/fotografen\/\"},{\"@type\":\"ListItem\",\"position\":5,\"name\":\"OYDIN + MEI Hochzeitsfotografen\"}]},{\"@type\":\"WebSite\",\"@id\":\"https:\/\/www.weddingportugal.com\/de\/#website\",\"url\":\"https:\/\/www.weddingportugal.com\/de\/\",\"name\":\"Wedding Portugal\",\"description\":\"We tell you why you should get your weeding in Portugal\",\"publisher\":{\"@id\":\"https:\/\/www.weddingportugal.com\/de\/#organization\"},\"potentialAction\":[{\"@type\":\"SearchAction\",\"target\":{\"@type\":\"EntryPoint\",\"urlTemplate\":\"https:\/\/www.weddingportugal.com\/de\/?s={search_term_string}\"},\"query-input\":{\"@type\":\"PropertyValueSpecification\",\"valueRequired\":true,\"valueName\":\"search_term_string\"}}],\"inLanguage\":\"de\"},{\"@type\":\"Organization\",\"@id\":\"https:\/\/www.weddingportugal.com\/de\/#organization\",\"name\":\"Wedding Portugal\",\"url\":\"https:\/\/www.weddingportugal.com\/de\/\",\"logo\":{\"@type\":\"ImageObject\",\"inLanguage\":\"de\",\"@id\":\"https:\/\/www.weddingportugal.com\/de\/#\/schema\/logo\/image\/\",\"url\":\"https:\/\/www.weddingportugal.com\/wp-content\/uploads\/2020\/02\/cropped-logo-WeddingPortugal.png\",\"contentUrl\":\"https:\/\/www.weddingportugal.com\/wp-content\/uploads\/2020\/02\/cropped-logo-WeddingPortugal.png\",\"width\":523,\"height\":89,\"caption\":\"Wedding Portugal\"},\"image\":{\"@id\":\"https:\/\/www.weddingportugal.com\/de\/#\/schema\/logo\/image\/\"}}]}<\/script>\n<!-- \/ Yoast SEO plugin. -->","yoast_head_json":{"title":"OYDIN + MEI Hochzeitsfotografen - Wedding Portugal","robots":{"index":"index","follow":"follow","max-snippet":"max-snippet:-1","max-image-preview":"max-image-preview:large","max-video-preview":"max-video-preview:-1"},"canonical":"https:\/\/www.weddingportugal.com\/de\/services\/fotografie-video\/fotografen\/oydin-mei-hochzeitsfotografen\/","og_locale":"de_DE","og_type":"article","og_title":"OYDIN + MEI Hochzeitsfotografen - Wedding Portugal","og_description":"Oydin &amp; Mei sprechen Niederl\u00e4ndisch &amp; Englisch, haben Grundkenntnisse in Franz\u00f6sisch, ein wenig Portugiesisch und verstehen Deutsch. F\u00fcr mehr Informationen:\u00a0info@weddingportugal.com DAS KONZEPT: Einfachheit. Es gibt nur ein Paket, alles ist inklusive und es gibt keine versteckten Kosten. Das Paket Zeitrahmen 9 Stunden Fotos in hoher Aufl\u00f6sung ohne Wasserzeichen Fotos farbkorrigiert + bearbeitet in unserem Pers\u00f6nlichen [&hellip;]","og_url":"https:\/\/www.weddingportugal.com\/de\/services\/fotografie-video\/fotografen\/oydin-mei-hochzeitsfotografen\/","og_site_name":"Wedding Portugal","article_modified_time":"2021-07-26T17:37:09+00:00","og_image":[{"width":760,"height":500,"url":"https:\/\/www.weddingportugal.com\/wp-content\/uploads\/2020\/11\/Photographers-OydinMei.jpg","type":"image\/jpeg"}],"twitter_card":"summary_large_image","twitter_misc":{"Gesch\u00e4tzte Lesezeit":"1\u00a0Minute"},"schema":{"@context":"https:\/\/schema.org","@graph":[{"@type":"WebPage","@id":"https:\/\/www.weddingportugal.com\/de\/services\/fotografie-video\/fotografen\/oydin-mei-hochzeitsfotografen\/","url":"https:\/\/www.weddingportugal.com\/de\/services\/fotografie-video\/fotografen\/oydin-mei-hochzeitsfotografen\/","name":"OYDIN + MEI Hochzeitsfotografen - Wedding Portugal","isPartOf":{"@id":"https:\/\/www.weddingportugal.com\/de\/#website"},"primaryImageOfPage":{"@id":"https:\/\/www.weddingportugal.com\/de\/services\/fotografie-video\/fotografen\/oydin-mei-hochzeitsfotografen\/#primaryimage"},"image":{"@id":"https:\/\/www.weddingportugal.com\/de\/services\/fotografie-video\/fotografen\/oydin-mei-hochzeitsfotografen\/#primaryimage"},"thumbnailUrl":"https:\/\/www.weddingportugal.com\/wp-content\/uploads\/2020\/11\/Photographers-OydinMei.jpg","datePublished":"2021-07-07T10:57:42+00:00","dateModified":"2021-07-26T17:37:09+00:00","breadcrumb":{"@id":"https:\/\/www.weddingportugal.com\/de\/services\/fotografie-video\/fotografen\/oydin-mei-hochzeitsfotografen\/#breadcrumb"},"inLanguage":"de","potentialAction":[{"@type":"ReadAction","target":["https:\/\/www.weddingportugal.com\/de\/services\/fotografie-video\/fotografen\/oydin-mei-hochzeitsfotografen\/"]}]},{"@type":"ImageObject","inLanguage":"de","@id":"https:\/\/www.weddingportugal.com\/de\/services\/fotografie-video\/fotografen\/oydin-mei-hochzeitsfotografen\/#primaryimage","url":"https:\/\/www.weddingportugal.com\/wp-content\/uploads\/2020\/11\/Photographers-OydinMei.jpg","contentUrl":"https:\/\/www.weddingportugal.com\/wp-content\/uploads\/2020\/11\/Photographers-OydinMei.jpg","width":760,"height":500},{"@type":"BreadcrumbList","@id":"https:\/\/www.weddingportugal.com\/de\/services\/fotografie-video\/fotografen\/oydin-mei-hochzeitsfotografen\/#breadcrumb","itemListElement":[{"@type":"ListItem","position":1,"name":"Home","item":"https:\/\/www.weddingportugal.com\/de\/"},{"@type":"ListItem","position":2,"name":"Services","item":"https:\/\/www.weddingportugal.com\/de\/services\/"},{"@type":"ListItem","position":3,"name":"Fotografie &#038; Video","item":"https:\/\/www.weddingportugal.com\/de\/services\/fotografie-video\/"},{"@type":"ListItem","position":4,"name":"Fotografen","item":"https:\/\/www.weddingportugal.com\/de\/services\/fotografie-video\/fotografen\/"},{"@type":"ListItem","position":5,"name":"OYDIN + MEI Hochzeitsfotografen"}]},{"@type":"WebSite","@id":"https:\/\/www.weddingportugal.com\/de\/#website","url":"https:\/\/www.weddingportugal.com\/de\/","name":"Wedding Portugal","description":"We tell you why you should get your weeding in Portugal","publisher":{"@id":"https:\/\/www.weddingportugal.com\/de\/#organization"},"potentialAction":[{"@type":"SearchAction","target":{"@type":"EntryPoint","urlTemplate":"https:\/\/www.weddingportugal.com\/de\/?s={search_term_string}"},"query-input":{"@type":"PropertyValueSpecification","valueRequired":true,"valueName":"search_term_string"}}],"inLanguage":"de"},{"@type":"Organization","@id":"https:\/\/www.weddingportugal.com\/de\/#organization","name":"Wedding Portugal","url":"https:\/\/www.weddingportugal.com\/de\/","logo":{"@type":"ImageObject","inLanguage":"de","@id":"https:\/\/www.weddingportugal.com\/de\/#\/schema\/logo\/image\/","url":"https:\/\/www.weddingportugal.com\/wp-content\/uploads\/2020\/02\/cropped-logo-WeddingPortugal.png","contentUrl":"https:\/\/www.weddingportugal.com\/wp-content\/uploads\/2020\/02\/cropped-logo-WeddingPortugal.png","width":523,"height":89,"caption":"Wedding Portugal"},"image":{"@id":"https:\/\/www.weddingportugal.com\/de\/#\/schema\/logo\/image\/"}}]}},"_links":{"self":[{"href":"https:\/\/www.weddingportugal.com\/de\/wp-json\/wp\/v2\/pages\/4552","targetHints":{"allow":["GET"]}}],"collection":[{"href":"https:\/\/www.weddingportugal.com\/de\/wp-json\/wp\/v2\/pages"}],"about":[{"href":"https:\/\/www.weddingportugal.com\/de\/wp-json\/wp\/v2\/types\/page"}],"author":[{"embeddable":true,"href":"https:\/\/www.weddingportugal.com\/de\/wp-json\/wp\/v2\/users\/1"}],"replies":[{"embeddable":true,"href":"https:\/\/www.weddingportugal.com\/de\/wp-json\/wp\/v2\/comments?post=4552"}],"version-history":[{"count":1,"href":"https:\/\/www.weddingportugal.com\/de\/wp-json\/wp\/v2\/pages\/4552\/revisions"}],"predecessor-version":[{"id":4553,"href":"https:\/\/www.weddingportugal.com\/de\/wp-json\/wp\/v2\/pages\/4552\/revisions\/4553"}],"up":[{"embeddable":true,"href":"https:\/\/www.weddingportugal.com\/de\/wp-json\/wp\/v2\/pages\/4549"}],"wp:featuredmedia":[{"embeddable":true,"href":"https:\/\/www.weddingportugal.com\/de\/wp-json\/wp\/v2\/media\/2103"}],"wp:attachment":[{"href":"https:\/\/www.weddingportugal.com\/de\/wp-json\/wp\/v2\/media?parent=4552"}],"curies":[{"name":"wp","href":"https:\/\/api.w.org\/{rel}","templated":true}]}}