{"id":4546,"date":"2021-07-07T10:28:37","date_gmt":"2021-07-07T10:28:37","guid":{"rendered":"https:\/\/www.weddingportugal.com\/services\/mehr-dienstleistungen\/hochzeitskoordinator\/"},"modified":"2021-07-26T17:37:39","modified_gmt":"2021-07-26T17:37:39","slug":"hochzeitskoordinator","status":"publish","type":"page","link":"https:\/\/www.weddingportugal.com\/de\/services\/mehr-dienstleistungen\/hochzeitskoordinator\/","title":{"rendered":"Hochzeitskoordinator"},"content":{"rendered":"\t\t<div data-elementor-type=\"wp-page\" data-elementor-id=\"4546\" class=\"elementor elementor-4546 elementor-2954\" data-elementor-post-type=\"page\">\n\t\t\t\t\t\t<section class=\"elementor-section elementor-top-section elementor-element elementor-element-38d7ad18 elementor-section-boxed elementor-section-height-default elementor-section-height-default\" data-id=\"38d7ad18\" data-element_type=\"section\" data-e-type=\"section\">\n\t\t\t\t\t\t<div class=\"elementor-container elementor-column-gap-default\">\n\t\t\t\t\t<div class=\"elementor-column elementor-col-50 elementor-top-column elementor-element elementor-element-138a1ee7\" data-id=\"138a1ee7\" data-element_type=\"column\" data-e-type=\"column\">\n\t\t\t<div class=\"elementor-widget-wrap elementor-element-populated\">\n\t\t\t\t\t\t<div class=\"elementor-element elementor-element-7511fdb3 elementor-widget elementor-widget-text-editor\" data-id=\"7511fdb3\" data-element_type=\"widget\" data-e-type=\"widget\" data-widget_type=\"text-editor.default\">\n\t\t\t\t<div class=\"elementor-widget-container\">\n\t\t\t\t\t\t\t\t\t<p>F\u00fcr Hochzeiten mit mehreren Dienstleistungs Buchungen ist es ratsam, einen Hochzeitskoordinator zu haben.<\/p>\n<p>Der Hochzeitskoordinator oder Zeremonienmeister ist eine Person, die an dem Hochzeitstag f\u00fcr einen reibungslosen Ablauf sorgt. Der Hochzeitskoordinator k\u00fcmmert sich um den Auf- und Abbau, schreibt Ablaufpl\u00e4ne, koordiniert alle beauftragen Dienstleister wie Catering, Dekorateure, Band und DJ und das Servicepersonal. Er h\u00e4lt dem Brautpaar den R\u00fccken frei, sodass Sie den Tag in vollen Z\u00fcgen genie\u00dfen k\u00f6nnen und sich nicht um organisatorische Dinge und m\u00f6glicherweise auftretende Probleme k\u00fcmmern muss. Neben den Backstage-Aufgaben ist ein Koordinator auch tags\u00fcber ein wertvoller Ansprechpartner f\u00fcr die G\u00e4ste.<\/p>\n<p>Normalerweise ist der Koordinator entweder Ihr Hochzeitsplaner oder jemand aus unserem Wedding Portugal Team. Dar\u00fcber hinaus arbeiten wir mit zuverl\u00e4ssigen Koordinatoren f\u00fcr jeden Standort in Portugal zusammen. Die Geb\u00fchr f\u00fcr den Koordinator f\u00fcr 8 Stunden beginnt bei <strong>240 \u20ac<\/strong>, jede weitere Stunde bei <strong>20 \u20ac<\/strong>.<\/p>\n<p>F\u00fcr Strandhochzeiten bieten wir einen 4-st\u00fcndigen Koordinierungsservice f\u00fcr <strong>120 \u20ac<\/strong> an.<\/p>\n<p>Wenn Sie Ihre Hochzeit selbst geplant haben und Sie nur einen Koordinator ben\u00f6tigen, um an dem Hochzeitstag an Ihrer Seite zu stehen, helfen wir Ihnen gerne. Unsere Geb\u00fchr f\u00fcr die Koordination von Hochzeiten, die nicht von uns geplant wurden, betr\u00e4gt <strong>350 \u20ac<\/strong> und beinhaltet E-Mails und Skype oder Telefonanrufe, um die Details Ihrer Pl\u00e4ne durchzugehen und sich auf den Tag vorzubereiten.<\/p>\n<p>Bitte <a href=\"mailto:info@weddingportugal.com\">kontaktieren Sie uns<\/a> f\u00fcr mehr Information und um Ihren Hochzeitskoordinator zu buchen<\/p>\n\t\t\t\t\t\t\t\t<\/div>\n\t\t\t\t<\/div>\n\t\t\t\t\t<\/div>\n\t\t<\/div>\n\t\t\t\t<div class=\"elementor-column elementor-col-50 elementor-top-column elementor-element elementor-element-69708c20\" data-id=\"69708c20\" data-element_type=\"column\" data-e-type=\"column\">\n\t\t\t<div class=\"elementor-widget-wrap elementor-element-populated\">\n\t\t\t\t\t\t<div class=\"elementor-element elementor-element-1f3bd7ac elementor-widget elementor-widget-image\" data-id=\"1f3bd7ac\" data-element_type=\"widget\" data-e-type=\"widget\" data-widget_type=\"image.default\">\n\t\t\t\t<div class=\"elementor-widget-container\">\n\t\t\t\t\t\t\t\t\t\t\t\t\t\t\t<img fetchpriority=\"high\" decoding=\"async\" width=\"760\" height=\"500\" src=\"https:\/\/www.weddingportugal.com\/wp-content\/uploads\/2020\/12\/OnsiteCoordinators.jpg\" class=\"attachment-large size-large wp-image-3024\" alt=\"\" srcset=\"https:\/\/www.weddingportugal.com\/wp-content\/uploads\/2020\/12\/OnsiteCoordinators.jpg 760w, https:\/\/www.weddingportugal.com\/wp-content\/uploads\/2020\/12\/OnsiteCoordinators-300x197.jpg 300w\" sizes=\"(max-width: 760px) 100vw, 760px\" \/>\t\t\t\t\t\t\t\t\t\t\t\t\t\t\t<\/div>\n\t\t\t\t<\/div>\n\t\t\t\t\t<\/div>\n\t\t<\/div>\n\t\t\t\t\t<\/div>\n\t\t<\/section>\n\t\t\t\t<\/div>\n\t\t","protected":false},"excerpt":{"rendered":"<p>F\u00fcr Hochzeiten mit mehreren Dienstleistungs Buchungen ist es ratsam, einen Hochzeitskoordinator zu haben. Der Hochzeitskoordinator oder Zeremonienmeister ist eine Person, die an dem Hochzeitstag f\u00fcr einen reibungslosen Ablauf sorgt. Der Hochzeitskoordinator k\u00fcmmert sich um den Auf- und Abbau, schreibt Ablaufpl\u00e4ne, koordiniert alle beauftragen Dienstleister wie Catering, Dekorateure, Band und DJ und das Servicepersonal. Er h\u00e4lt [&hellip;]<\/p>\n","protected":false},"author":1,"featured_media":3024,"parent":4524,"menu_order":129,"comment_status":"closed","ping_status":"closed","template":"","meta":{"content-type":"","footnotes":""},"class_list":["post-4546","page","type-page","status-publish","has-post-thumbnail","hentry"],"yoast_head":"<!-- This site is optimized with the Yoast SEO plugin v27.2 - https:\/\/yoast.com\/product\/yoast-seo-wordpress\/ -->\n<title>Hochzeitskoordinator - Wedding Portugal<\/title>\n<meta name=\"robots\" content=\"index, follow, max-snippet:-1, max-image-preview:large, max-video-preview:-1\" \/>\n<link rel=\"canonical\" href=\"https:\/\/www.weddingportugal.com\/de\/services\/mehr-dienstleistungen\/hochzeitskoordinator\/\" \/>\n<meta property=\"og:locale\" content=\"de_DE\" \/>\n<meta property=\"og:type\" content=\"article\" \/>\n<meta property=\"og:title\" content=\"Hochzeitskoordinator - Wedding Portugal\" \/>\n<meta property=\"og:description\" content=\"F\u00fcr Hochzeiten mit mehreren Dienstleistungs Buchungen ist es ratsam, einen Hochzeitskoordinator zu haben. Der Hochzeitskoordinator oder Zeremonienmeister ist eine Person, die an dem Hochzeitstag f\u00fcr einen reibungslosen Ablauf sorgt. Der Hochzeitskoordinator k\u00fcmmert sich um den Auf- und Abbau, schreibt Ablaufpl\u00e4ne, koordiniert alle beauftragen Dienstleister wie Catering, Dekorateure, Band und DJ und das Servicepersonal. Er h\u00e4lt [&hellip;]\" \/>\n<meta property=\"og:url\" content=\"https:\/\/www.weddingportugal.com\/de\/services\/mehr-dienstleistungen\/hochzeitskoordinator\/\" \/>\n<meta property=\"og:site_name\" content=\"Wedding Portugal\" \/>\n<meta property=\"article:modified_time\" content=\"2021-07-26T17:37:39+00:00\" \/>\n<meta property=\"og:image\" content=\"https:\/\/www.weddingportugal.com\/wp-content\/uploads\/2020\/12\/OnsiteCoordinators.jpg\" \/>\n\t<meta property=\"og:image:width\" content=\"760\" \/>\n\t<meta property=\"og:image:height\" content=\"500\" \/>\n\t<meta property=\"og:image:type\" content=\"image\/jpeg\" \/>\n<meta name=\"twitter:card\" content=\"summary_large_image\" \/>\n<meta name=\"twitter:label1\" content=\"Gesch\u00e4tzte Lesezeit\" \/>\n\t<meta name=\"twitter:data1\" content=\"1\u00a0Minute\" \/>\n<script type=\"application\/ld+json\" class=\"yoast-schema-graph\">{\"@context\":\"https:\/\/schema.org\",\"@graph\":[{\"@type\":\"WebPage\",\"@id\":\"https:\/\/www.weddingportugal.com\/de\/services\/mehr-dienstleistungen\/hochzeitskoordinator\/\",\"url\":\"https:\/\/www.weddingportugal.com\/de\/services\/mehr-dienstleistungen\/hochzeitskoordinator\/\",\"name\":\"Hochzeitskoordinator - Wedding Portugal\",\"isPartOf\":{\"@id\":\"https:\/\/www.weddingportugal.com\/de\/#website\"},\"primaryImageOfPage\":{\"@id\":\"https:\/\/www.weddingportugal.com\/de\/services\/mehr-dienstleistungen\/hochzeitskoordinator\/#primaryimage\"},\"image\":{\"@id\":\"https:\/\/www.weddingportugal.com\/de\/services\/mehr-dienstleistungen\/hochzeitskoordinator\/#primaryimage\"},\"thumbnailUrl\":\"https:\/\/www.weddingportugal.com\/wp-content\/uploads\/2020\/12\/OnsiteCoordinators.jpg\",\"datePublished\":\"2021-07-07T10:28:37+00:00\",\"dateModified\":\"2021-07-26T17:37:39+00:00\",\"breadcrumb\":{\"@id\":\"https:\/\/www.weddingportugal.com\/de\/services\/mehr-dienstleistungen\/hochzeitskoordinator\/#breadcrumb\"},\"inLanguage\":\"de\",\"potentialAction\":[{\"@type\":\"ReadAction\",\"target\":[\"https:\/\/www.weddingportugal.com\/de\/services\/mehr-dienstleistungen\/hochzeitskoordinator\/\"]}]},{\"@type\":\"ImageObject\",\"inLanguage\":\"de\",\"@id\":\"https:\/\/www.weddingportugal.com\/de\/services\/mehr-dienstleistungen\/hochzeitskoordinator\/#primaryimage\",\"url\":\"https:\/\/www.weddingportugal.com\/wp-content\/uploads\/2020\/12\/OnsiteCoordinators.jpg\",\"contentUrl\":\"https:\/\/www.weddingportugal.com\/wp-content\/uploads\/2020\/12\/OnsiteCoordinators.jpg\",\"width\":760,\"height\":500},{\"@type\":\"BreadcrumbList\",\"@id\":\"https:\/\/www.weddingportugal.com\/de\/services\/mehr-dienstleistungen\/hochzeitskoordinator\/#breadcrumb\",\"itemListElement\":[{\"@type\":\"ListItem\",\"position\":1,\"name\":\"Home\",\"item\":\"https:\/\/www.weddingportugal.com\/de\/\"},{\"@type\":\"ListItem\",\"position\":2,\"name\":\"Services\",\"item\":\"https:\/\/www.weddingportugal.com\/de\/services\/\"},{\"@type\":\"ListItem\",\"position\":3,\"name\":\"Mehr Dienstleistungen\",\"item\":\"https:\/\/www.weddingportugal.com\/de\/services\/mehr-dienstleistungen\/\"},{\"@type\":\"ListItem\",\"position\":4,\"name\":\"Hochzeitskoordinator\"}]},{\"@type\":\"WebSite\",\"@id\":\"https:\/\/www.weddingportugal.com\/de\/#website\",\"url\":\"https:\/\/www.weddingportugal.com\/de\/\",\"name\":\"Wedding Portugal\",\"description\":\"We tell you why you should get your weeding in Portugal\",\"publisher\":{\"@id\":\"https:\/\/www.weddingportugal.com\/de\/#organization\"},\"potentialAction\":[{\"@type\":\"SearchAction\",\"target\":{\"@type\":\"EntryPoint\",\"urlTemplate\":\"https:\/\/www.weddingportugal.com\/de\/?s={search_term_string}\"},\"query-input\":{\"@type\":\"PropertyValueSpecification\",\"valueRequired\":true,\"valueName\":\"search_term_string\"}}],\"inLanguage\":\"de\"},{\"@type\":\"Organization\",\"@id\":\"https:\/\/www.weddingportugal.com\/de\/#organization\",\"name\":\"Wedding Portugal\",\"url\":\"https:\/\/www.weddingportugal.com\/de\/\",\"logo\":{\"@type\":\"ImageObject\",\"inLanguage\":\"de\",\"@id\":\"https:\/\/www.weddingportugal.com\/de\/#\/schema\/logo\/image\/\",\"url\":\"https:\/\/www.weddingportugal.com\/wp-content\/uploads\/2020\/02\/cropped-logo-WeddingPortugal.png\",\"contentUrl\":\"https:\/\/www.weddingportugal.com\/wp-content\/uploads\/2020\/02\/cropped-logo-WeddingPortugal.png\",\"width\":523,\"height\":89,\"caption\":\"Wedding Portugal\"},\"image\":{\"@id\":\"https:\/\/www.weddingportugal.com\/de\/#\/schema\/logo\/image\/\"}}]}<\/script>\n<!-- \/ Yoast SEO plugin. -->","yoast_head_json":{"title":"Hochzeitskoordinator - Wedding Portugal","robots":{"index":"index","follow":"follow","max-snippet":"max-snippet:-1","max-image-preview":"max-image-preview:large","max-video-preview":"max-video-preview:-1"},"canonical":"https:\/\/www.weddingportugal.com\/de\/services\/mehr-dienstleistungen\/hochzeitskoordinator\/","og_locale":"de_DE","og_type":"article","og_title":"Hochzeitskoordinator - Wedding Portugal","og_description":"F\u00fcr Hochzeiten mit mehreren Dienstleistungs Buchungen ist es ratsam, einen Hochzeitskoordinator zu haben. Der Hochzeitskoordinator oder Zeremonienmeister ist eine Person, die an dem Hochzeitstag f\u00fcr einen reibungslosen Ablauf sorgt. Der Hochzeitskoordinator k\u00fcmmert sich um den Auf- und Abbau, schreibt Ablaufpl\u00e4ne, koordiniert alle beauftragen Dienstleister wie Catering, Dekorateure, Band und DJ und das Servicepersonal. Er h\u00e4lt [&hellip;]","og_url":"https:\/\/www.weddingportugal.com\/de\/services\/mehr-dienstleistungen\/hochzeitskoordinator\/","og_site_name":"Wedding Portugal","article_modified_time":"2021-07-26T17:37:39+00:00","og_image":[{"width":760,"height":500,"url":"https:\/\/www.weddingportugal.com\/wp-content\/uploads\/2020\/12\/OnsiteCoordinators.jpg","type":"image\/jpeg"}],"twitter_card":"summary_large_image","twitter_misc":{"Gesch\u00e4tzte Lesezeit":"1\u00a0Minute"},"schema":{"@context":"https:\/\/schema.org","@graph":[{"@type":"WebPage","@id":"https:\/\/www.weddingportugal.com\/de\/services\/mehr-dienstleistungen\/hochzeitskoordinator\/","url":"https:\/\/www.weddingportugal.com\/de\/services\/mehr-dienstleistungen\/hochzeitskoordinator\/","name":"Hochzeitskoordinator - Wedding Portugal","isPartOf":{"@id":"https:\/\/www.weddingportugal.com\/de\/#website"},"primaryImageOfPage":{"@id":"https:\/\/www.weddingportugal.com\/de\/services\/mehr-dienstleistungen\/hochzeitskoordinator\/#primaryimage"},"image":{"@id":"https:\/\/www.weddingportugal.com\/de\/services\/mehr-dienstleistungen\/hochzeitskoordinator\/#primaryimage"},"thumbnailUrl":"https:\/\/www.weddingportugal.com\/wp-content\/uploads\/2020\/12\/OnsiteCoordinators.jpg","datePublished":"2021-07-07T10:28:37+00:00","dateModified":"2021-07-26T17:37:39+00:00","breadcrumb":{"@id":"https:\/\/www.weddingportugal.com\/de\/services\/mehr-dienstleistungen\/hochzeitskoordinator\/#breadcrumb"},"inLanguage":"de","potentialAction":[{"@type":"ReadAction","target":["https:\/\/www.weddingportugal.com\/de\/services\/mehr-dienstleistungen\/hochzeitskoordinator\/"]}]},{"@type":"ImageObject","inLanguage":"de","@id":"https:\/\/www.weddingportugal.com\/de\/services\/mehr-dienstleistungen\/hochzeitskoordinator\/#primaryimage","url":"https:\/\/www.weddingportugal.com\/wp-content\/uploads\/2020\/12\/OnsiteCoordinators.jpg","contentUrl":"https:\/\/www.weddingportugal.com\/wp-content\/uploads\/2020\/12\/OnsiteCoordinators.jpg","width":760,"height":500},{"@type":"BreadcrumbList","@id":"https:\/\/www.weddingportugal.com\/de\/services\/mehr-dienstleistungen\/hochzeitskoordinator\/#breadcrumb","itemListElement":[{"@type":"ListItem","position":1,"name":"Home","item":"https:\/\/www.weddingportugal.com\/de\/"},{"@type":"ListItem","position":2,"name":"Services","item":"https:\/\/www.weddingportugal.com\/de\/services\/"},{"@type":"ListItem","position":3,"name":"Mehr Dienstleistungen","item":"https:\/\/www.weddingportugal.com\/de\/services\/mehr-dienstleistungen\/"},{"@type":"ListItem","position":4,"name":"Hochzeitskoordinator"}]},{"@type":"WebSite","@id":"https:\/\/www.weddingportugal.com\/de\/#website","url":"https:\/\/www.weddingportugal.com\/de\/","name":"Wedding Portugal","description":"We tell you why you should get your weeding in Portugal","publisher":{"@id":"https:\/\/www.weddingportugal.com\/de\/#organization"},"potentialAction":[{"@type":"SearchAction","target":{"@type":"EntryPoint","urlTemplate":"https:\/\/www.weddingportugal.com\/de\/?s={search_term_string}"},"query-input":{"@type":"PropertyValueSpecification","valueRequired":true,"valueName":"search_term_string"}}],"inLanguage":"de"},{"@type":"Organization","@id":"https:\/\/www.weddingportugal.com\/de\/#organization","name":"Wedding Portugal","url":"https:\/\/www.weddingportugal.com\/de\/","logo":{"@type":"ImageObject","inLanguage":"de","@id":"https:\/\/www.weddingportugal.com\/de\/#\/schema\/logo\/image\/","url":"https:\/\/www.weddingportugal.com\/wp-content\/uploads\/2020\/02\/cropped-logo-WeddingPortugal.png","contentUrl":"https:\/\/www.weddingportugal.com\/wp-content\/uploads\/2020\/02\/cropped-logo-WeddingPortugal.png","width":523,"height":89,"caption":"Wedding Portugal"},"image":{"@id":"https:\/\/www.weddingportugal.com\/de\/#\/schema\/logo\/image\/"}}]}},"_links":{"self":[{"href":"https:\/\/www.weddingportugal.com\/de\/wp-json\/wp\/v2\/pages\/4546","targetHints":{"allow":["GET"]}}],"collection":[{"href":"https:\/\/www.weddingportugal.com\/de\/wp-json\/wp\/v2\/pages"}],"about":[{"href":"https:\/\/www.weddingportugal.com\/de\/wp-json\/wp\/v2\/types\/page"}],"author":[{"embeddable":true,"href":"https:\/\/www.weddingportugal.com\/de\/wp-json\/wp\/v2\/users\/1"}],"replies":[{"embeddable":true,"href":"https:\/\/www.weddingportugal.com\/de\/wp-json\/wp\/v2\/comments?post=4546"}],"version-history":[{"count":1,"href":"https:\/\/www.weddingportugal.com\/de\/wp-json\/wp\/v2\/pages\/4546\/revisions"}],"predecessor-version":[{"id":4547,"href":"https:\/\/www.weddingportugal.com\/de\/wp-json\/wp\/v2\/pages\/4546\/revisions\/4547"}],"up":[{"embeddable":true,"href":"https:\/\/www.weddingportugal.com\/de\/wp-json\/wp\/v2\/pages\/4524"}],"wp:featuredmedia":[{"embeddable":true,"href":"https:\/\/www.weddingportugal.com\/de\/wp-json\/wp\/v2\/media\/3024"}],"wp:attachment":[{"href":"https:\/\/www.weddingportugal.com\/de\/wp-json\/wp\/v2\/media?parent=4546"}],"curies":[{"name":"wp","href":"https:\/\/api.w.org\/{rel}","templated":true}]}}