{"id":4544,"date":"2021-07-07T10:25:32","date_gmt":"2021-07-07T10:25:32","guid":{"rendered":"https:\/\/www.weddingportugal.com\/services\/mehr-dienstleistungen\/weitere-service-vorschlaege\/stelzenlaeufer\/"},"modified":"2021-07-26T17:37:42","modified_gmt":"2021-07-26T17:37:42","slug":"stelzenlaeufer","status":"publish","type":"page","link":"https:\/\/www.weddingportugal.com\/de\/services\/mehr-dienstleistungen\/weitere-service-vorschlaege\/stelzenlaeufer\/","title":{"rendered":"Stelzenl\u00e4ufer"},"content":{"rendered":"\t\t<div data-elementor-type=\"wp-page\" data-elementor-id=\"4544\" class=\"elementor elementor-4544 elementor-3073\" data-elementor-post-type=\"page\">\n\t\t\t\t\t\t<section class=\"elementor-section elementor-top-section elementor-element elementor-element-6f53b013 elementor-section-boxed elementor-section-height-default elementor-section-height-default\" data-id=\"6f53b013\" data-element_type=\"section\" data-e-type=\"section\">\n\t\t\t\t\t\t<div class=\"elementor-container elementor-column-gap-default\">\n\t\t\t\t\t<div class=\"elementor-column elementor-col-50 elementor-top-column elementor-element elementor-element-5e540b1\" data-id=\"5e540b1\" data-element_type=\"column\" data-e-type=\"column\">\n\t\t\t<div class=\"elementor-widget-wrap elementor-element-populated\">\n\t\t\t\t\t\t<div class=\"elementor-element elementor-element-59f4b719 elementor-widget elementor-widget-text-editor\" data-id=\"59f4b719\" data-element_type=\"widget\" data-e-type=\"widget\" data-widget_type=\"text-editor.default\">\n\t\t\t\t<div class=\"elementor-widget-container\">\n\t\t\t\t\t\t\t\t\t<p>Stelzenl\u00e4ufer sind ein toller Act f\u00fcr die Begr\u00fc\u00dfung der G\u00e4ste auf Ihrer Hochzeitsfeier. Der visuelle Unterhaltungsakt l\u00e4dt ein und begr\u00fc\u00dft zu einem Nachmittag und Abend mit viel Spa\u00df und Freude.<\/p>\n<p>Kontaktieren Sie uns f\u00fcr die Verf\u00fcgbarkeit, die Preise beginnen bei 250 \u20ac f\u00fcr jeden Stelzenl\u00e4ufer.<\/p>\n\t\t\t\t\t\t\t\t<\/div>\n\t\t\t\t<\/div>\n\t\t\t\t\t<\/div>\n\t\t<\/div>\n\t\t\t\t<div class=\"elementor-column elementor-col-50 elementor-top-column elementor-element elementor-element-6ff0d321\" data-id=\"6ff0d321\" data-element_type=\"column\" data-e-type=\"column\">\n\t\t\t<div class=\"elementor-widget-wrap elementor-element-populated\">\n\t\t\t\t\t\t<div class=\"elementor-element elementor-element-49ac4b0b elementor-widget elementor-widget-image\" data-id=\"49ac4b0b\" data-element_type=\"widget\" data-e-type=\"widget\" data-widget_type=\"image.default\">\n\t\t\t\t<div class=\"elementor-widget-container\">\n\t\t\t\t\t\t\t\t\t\t\t\t\t\t\t<img fetchpriority=\"high\" decoding=\"async\" width=\"760\" height=\"500\" src=\"https:\/\/www.weddingportugal.com\/wp-content\/uploads\/2020\/12\/StiltWalkers.jpg\" class=\"attachment-large size-large wp-image-3131\" alt=\"\" srcset=\"https:\/\/www.weddingportugal.com\/wp-content\/uploads\/2020\/12\/StiltWalkers.jpg 760w, https:\/\/www.weddingportugal.com\/wp-content\/uploads\/2020\/12\/StiltWalkers-300x197.jpg 300w\" sizes=\"(max-width: 760px) 100vw, 760px\" \/>\t\t\t\t\t\t\t\t\t\t\t\t\t\t\t<\/div>\n\t\t\t\t<\/div>\n\t\t\t\t\t<\/div>\n\t\t<\/div>\n\t\t\t\t\t<\/div>\n\t\t<\/section>\n\t\t\t\t<\/div>\n\t\t","protected":false},"excerpt":{"rendered":"<p>Stelzenl\u00e4ufer sind ein toller Act f\u00fcr die Begr\u00fc\u00dfung der G\u00e4ste auf Ihrer Hochzeitsfeier. Der visuelle Unterhaltungsakt l\u00e4dt ein und begr\u00fc\u00dft zu einem Nachmittag und Abend mit viel Spa\u00df und Freude. Kontaktieren Sie uns f\u00fcr die Verf\u00fcgbarkeit, die Preise beginnen bei 250 \u20ac f\u00fcr jeden Stelzenl\u00e4ufer.<\/p>\n","protected":false},"author":1,"featured_media":3131,"parent":4531,"menu_order":137,"comment_status":"closed","ping_status":"closed","template":"","meta":{"content-type":"","footnotes":""},"class_list":["post-4544","page","type-page","status-publish","has-post-thumbnail","hentry"],"yoast_head":"<!-- This site is optimized with the Yoast SEO plugin v27.2 - https:\/\/yoast.com\/product\/yoast-seo-wordpress\/ -->\n<title>Stelzenl\u00e4ufer - Wedding Portugal<\/title>\n<meta name=\"robots\" content=\"index, follow, max-snippet:-1, max-image-preview:large, max-video-preview:-1\" \/>\n<link rel=\"canonical\" href=\"https:\/\/www.weddingportugal.com\/de\/services\/mehr-dienstleistungen\/weitere-service-vorschlaege\/stelzenlaeufer\/\" \/>\n<meta property=\"og:locale\" content=\"de_DE\" \/>\n<meta property=\"og:type\" content=\"article\" \/>\n<meta property=\"og:title\" content=\"Stelzenl\u00e4ufer - Wedding Portugal\" \/>\n<meta property=\"og:description\" content=\"Stelzenl\u00e4ufer sind ein toller Act f\u00fcr die Begr\u00fc\u00dfung der G\u00e4ste auf Ihrer Hochzeitsfeier. Der visuelle Unterhaltungsakt l\u00e4dt ein und begr\u00fc\u00dft zu einem Nachmittag und Abend mit viel Spa\u00df und Freude. Kontaktieren Sie uns f\u00fcr die Verf\u00fcgbarkeit, die Preise beginnen bei 250 \u20ac f\u00fcr jeden Stelzenl\u00e4ufer.\" \/>\n<meta property=\"og:url\" content=\"https:\/\/www.weddingportugal.com\/de\/services\/mehr-dienstleistungen\/weitere-service-vorschlaege\/stelzenlaeufer\/\" \/>\n<meta property=\"og:site_name\" content=\"Wedding Portugal\" \/>\n<meta property=\"article:modified_time\" content=\"2021-07-26T17:37:42+00:00\" \/>\n<meta property=\"og:image\" content=\"https:\/\/www.weddingportugal.com\/wp-content\/uploads\/2020\/12\/StiltWalkers.jpg\" \/>\n\t<meta property=\"og:image:width\" content=\"760\" \/>\n\t<meta property=\"og:image:height\" content=\"500\" \/>\n\t<meta property=\"og:image:type\" content=\"image\/jpeg\" \/>\n<meta name=\"twitter:card\" content=\"summary_large_image\" \/>\n<script type=\"application\/ld+json\" class=\"yoast-schema-graph\">{\"@context\":\"https:\/\/schema.org\",\"@graph\":[{\"@type\":\"WebPage\",\"@id\":\"https:\/\/www.weddingportugal.com\/de\/services\/mehr-dienstleistungen\/weitere-service-vorschlaege\/stelzenlaeufer\/\",\"url\":\"https:\/\/www.weddingportugal.com\/de\/services\/mehr-dienstleistungen\/weitere-service-vorschlaege\/stelzenlaeufer\/\",\"name\":\"Stelzenl\u00e4ufer - Wedding Portugal\",\"isPartOf\":{\"@id\":\"https:\/\/www.weddingportugal.com\/de\/#website\"},\"primaryImageOfPage\":{\"@id\":\"https:\/\/www.weddingportugal.com\/de\/services\/mehr-dienstleistungen\/weitere-service-vorschlaege\/stelzenlaeufer\/#primaryimage\"},\"image\":{\"@id\":\"https:\/\/www.weddingportugal.com\/de\/services\/mehr-dienstleistungen\/weitere-service-vorschlaege\/stelzenlaeufer\/#primaryimage\"},\"thumbnailUrl\":\"https:\/\/www.weddingportugal.com\/wp-content\/uploads\/2020\/12\/StiltWalkers.jpg\",\"datePublished\":\"2021-07-07T10:25:32+00:00\",\"dateModified\":\"2021-07-26T17:37:42+00:00\",\"breadcrumb\":{\"@id\":\"https:\/\/www.weddingportugal.com\/de\/services\/mehr-dienstleistungen\/weitere-service-vorschlaege\/stelzenlaeufer\/#breadcrumb\"},\"inLanguage\":\"de\",\"potentialAction\":[{\"@type\":\"ReadAction\",\"target\":[\"https:\/\/www.weddingportugal.com\/de\/services\/mehr-dienstleistungen\/weitere-service-vorschlaege\/stelzenlaeufer\/\"]}]},{\"@type\":\"ImageObject\",\"inLanguage\":\"de\",\"@id\":\"https:\/\/www.weddingportugal.com\/de\/services\/mehr-dienstleistungen\/weitere-service-vorschlaege\/stelzenlaeufer\/#primaryimage\",\"url\":\"https:\/\/www.weddingportugal.com\/wp-content\/uploads\/2020\/12\/StiltWalkers.jpg\",\"contentUrl\":\"https:\/\/www.weddingportugal.com\/wp-content\/uploads\/2020\/12\/StiltWalkers.jpg\",\"width\":760,\"height\":500},{\"@type\":\"BreadcrumbList\",\"@id\":\"https:\/\/www.weddingportugal.com\/de\/services\/mehr-dienstleistungen\/weitere-service-vorschlaege\/stelzenlaeufer\/#breadcrumb\",\"itemListElement\":[{\"@type\":\"ListItem\",\"position\":1,\"name\":\"Home\",\"item\":\"https:\/\/www.weddingportugal.com\/de\/\"},{\"@type\":\"ListItem\",\"position\":2,\"name\":\"Services\",\"item\":\"https:\/\/www.weddingportugal.com\/de\/services\/\"},{\"@type\":\"ListItem\",\"position\":3,\"name\":\"Mehr Dienstleistungen\",\"item\":\"https:\/\/www.weddingportugal.com\/de\/services\/mehr-dienstleistungen\/\"},{\"@type\":\"ListItem\",\"position\":4,\"name\":\"Weitere Service Vorschl\u00e4ge\",\"item\":\"https:\/\/www.weddingportugal.com\/de\/services\/mehr-dienstleistungen\/weitere-service-vorschlaege\/\"},{\"@type\":\"ListItem\",\"position\":5,\"name\":\"Stelzenl\u00e4ufer\"}]},{\"@type\":\"WebSite\",\"@id\":\"https:\/\/www.weddingportugal.com\/de\/#website\",\"url\":\"https:\/\/www.weddingportugal.com\/de\/\",\"name\":\"Wedding Portugal\",\"description\":\"We tell you why you should get your weeding in Portugal\",\"publisher\":{\"@id\":\"https:\/\/www.weddingportugal.com\/de\/#organization\"},\"potentialAction\":[{\"@type\":\"SearchAction\",\"target\":{\"@type\":\"EntryPoint\",\"urlTemplate\":\"https:\/\/www.weddingportugal.com\/de\/?s={search_term_string}\"},\"query-input\":{\"@type\":\"PropertyValueSpecification\",\"valueRequired\":true,\"valueName\":\"search_term_string\"}}],\"inLanguage\":\"de\"},{\"@type\":\"Organization\",\"@id\":\"https:\/\/www.weddingportugal.com\/de\/#organization\",\"name\":\"Wedding Portugal\",\"url\":\"https:\/\/www.weddingportugal.com\/de\/\",\"logo\":{\"@type\":\"ImageObject\",\"inLanguage\":\"de\",\"@id\":\"https:\/\/www.weddingportugal.com\/de\/#\/schema\/logo\/image\/\",\"url\":\"https:\/\/www.weddingportugal.com\/wp-content\/uploads\/2020\/02\/cropped-logo-WeddingPortugal.png\",\"contentUrl\":\"https:\/\/www.weddingportugal.com\/wp-content\/uploads\/2020\/02\/cropped-logo-WeddingPortugal.png\",\"width\":523,\"height\":89,\"caption\":\"Wedding Portugal\"},\"image\":{\"@id\":\"https:\/\/www.weddingportugal.com\/de\/#\/schema\/logo\/image\/\"}}]}<\/script>\n<!-- \/ Yoast SEO plugin. -->","yoast_head_json":{"title":"Stelzenl\u00e4ufer - Wedding Portugal","robots":{"index":"index","follow":"follow","max-snippet":"max-snippet:-1","max-image-preview":"max-image-preview:large","max-video-preview":"max-video-preview:-1"},"canonical":"https:\/\/www.weddingportugal.com\/de\/services\/mehr-dienstleistungen\/weitere-service-vorschlaege\/stelzenlaeufer\/","og_locale":"de_DE","og_type":"article","og_title":"Stelzenl\u00e4ufer - Wedding Portugal","og_description":"Stelzenl\u00e4ufer sind ein toller Act f\u00fcr die Begr\u00fc\u00dfung der G\u00e4ste auf Ihrer Hochzeitsfeier. Der visuelle Unterhaltungsakt l\u00e4dt ein und begr\u00fc\u00dft zu einem Nachmittag und Abend mit viel Spa\u00df und Freude. Kontaktieren Sie uns f\u00fcr die Verf\u00fcgbarkeit, die Preise beginnen bei 250 \u20ac f\u00fcr jeden Stelzenl\u00e4ufer.","og_url":"https:\/\/www.weddingportugal.com\/de\/services\/mehr-dienstleistungen\/weitere-service-vorschlaege\/stelzenlaeufer\/","og_site_name":"Wedding Portugal","article_modified_time":"2021-07-26T17:37:42+00:00","og_image":[{"width":760,"height":500,"url":"https:\/\/www.weddingportugal.com\/wp-content\/uploads\/2020\/12\/StiltWalkers.jpg","type":"image\/jpeg"}],"twitter_card":"summary_large_image","schema":{"@context":"https:\/\/schema.org","@graph":[{"@type":"WebPage","@id":"https:\/\/www.weddingportugal.com\/de\/services\/mehr-dienstleistungen\/weitere-service-vorschlaege\/stelzenlaeufer\/","url":"https:\/\/www.weddingportugal.com\/de\/services\/mehr-dienstleistungen\/weitere-service-vorschlaege\/stelzenlaeufer\/","name":"Stelzenl\u00e4ufer - Wedding Portugal","isPartOf":{"@id":"https:\/\/www.weddingportugal.com\/de\/#website"},"primaryImageOfPage":{"@id":"https:\/\/www.weddingportugal.com\/de\/services\/mehr-dienstleistungen\/weitere-service-vorschlaege\/stelzenlaeufer\/#primaryimage"},"image":{"@id":"https:\/\/www.weddingportugal.com\/de\/services\/mehr-dienstleistungen\/weitere-service-vorschlaege\/stelzenlaeufer\/#primaryimage"},"thumbnailUrl":"https:\/\/www.weddingportugal.com\/wp-content\/uploads\/2020\/12\/StiltWalkers.jpg","datePublished":"2021-07-07T10:25:32+00:00","dateModified":"2021-07-26T17:37:42+00:00","breadcrumb":{"@id":"https:\/\/www.weddingportugal.com\/de\/services\/mehr-dienstleistungen\/weitere-service-vorschlaege\/stelzenlaeufer\/#breadcrumb"},"inLanguage":"de","potentialAction":[{"@type":"ReadAction","target":["https:\/\/www.weddingportugal.com\/de\/services\/mehr-dienstleistungen\/weitere-service-vorschlaege\/stelzenlaeufer\/"]}]},{"@type":"ImageObject","inLanguage":"de","@id":"https:\/\/www.weddingportugal.com\/de\/services\/mehr-dienstleistungen\/weitere-service-vorschlaege\/stelzenlaeufer\/#primaryimage","url":"https:\/\/www.weddingportugal.com\/wp-content\/uploads\/2020\/12\/StiltWalkers.jpg","contentUrl":"https:\/\/www.weddingportugal.com\/wp-content\/uploads\/2020\/12\/StiltWalkers.jpg","width":760,"height":500},{"@type":"BreadcrumbList","@id":"https:\/\/www.weddingportugal.com\/de\/services\/mehr-dienstleistungen\/weitere-service-vorschlaege\/stelzenlaeufer\/#breadcrumb","itemListElement":[{"@type":"ListItem","position":1,"name":"Home","item":"https:\/\/www.weddingportugal.com\/de\/"},{"@type":"ListItem","position":2,"name":"Services","item":"https:\/\/www.weddingportugal.com\/de\/services\/"},{"@type":"ListItem","position":3,"name":"Mehr Dienstleistungen","item":"https:\/\/www.weddingportugal.com\/de\/services\/mehr-dienstleistungen\/"},{"@type":"ListItem","position":4,"name":"Weitere Service Vorschl\u00e4ge","item":"https:\/\/www.weddingportugal.com\/de\/services\/mehr-dienstleistungen\/weitere-service-vorschlaege\/"},{"@type":"ListItem","position":5,"name":"Stelzenl\u00e4ufer"}]},{"@type":"WebSite","@id":"https:\/\/www.weddingportugal.com\/de\/#website","url":"https:\/\/www.weddingportugal.com\/de\/","name":"Wedding Portugal","description":"We tell you why you should get your weeding in Portugal","publisher":{"@id":"https:\/\/www.weddingportugal.com\/de\/#organization"},"potentialAction":[{"@type":"SearchAction","target":{"@type":"EntryPoint","urlTemplate":"https:\/\/www.weddingportugal.com\/de\/?s={search_term_string}"},"query-input":{"@type":"PropertyValueSpecification","valueRequired":true,"valueName":"search_term_string"}}],"inLanguage":"de"},{"@type":"Organization","@id":"https:\/\/www.weddingportugal.com\/de\/#organization","name":"Wedding Portugal","url":"https:\/\/www.weddingportugal.com\/de\/","logo":{"@type":"ImageObject","inLanguage":"de","@id":"https:\/\/www.weddingportugal.com\/de\/#\/schema\/logo\/image\/","url":"https:\/\/www.weddingportugal.com\/wp-content\/uploads\/2020\/02\/cropped-logo-WeddingPortugal.png","contentUrl":"https:\/\/www.weddingportugal.com\/wp-content\/uploads\/2020\/02\/cropped-logo-WeddingPortugal.png","width":523,"height":89,"caption":"Wedding Portugal"},"image":{"@id":"https:\/\/www.weddingportugal.com\/de\/#\/schema\/logo\/image\/"}}]}},"_links":{"self":[{"href":"https:\/\/www.weddingportugal.com\/de\/wp-json\/wp\/v2\/pages\/4544","targetHints":{"allow":["GET"]}}],"collection":[{"href":"https:\/\/www.weddingportugal.com\/de\/wp-json\/wp\/v2\/pages"}],"about":[{"href":"https:\/\/www.weddingportugal.com\/de\/wp-json\/wp\/v2\/types\/page"}],"author":[{"embeddable":true,"href":"https:\/\/www.weddingportugal.com\/de\/wp-json\/wp\/v2\/users\/1"}],"replies":[{"embeddable":true,"href":"https:\/\/www.weddingportugal.com\/de\/wp-json\/wp\/v2\/comments?post=4544"}],"version-history":[{"count":1,"href":"https:\/\/www.weddingportugal.com\/de\/wp-json\/wp\/v2\/pages\/4544\/revisions"}],"predecessor-version":[{"id":4545,"href":"https:\/\/www.weddingportugal.com\/de\/wp-json\/wp\/v2\/pages\/4544\/revisions\/4545"}],"up":[{"embeddable":true,"href":"https:\/\/www.weddingportugal.com\/de\/wp-json\/wp\/v2\/pages\/4531"}],"wp:featuredmedia":[{"embeddable":true,"href":"https:\/\/www.weddingportugal.com\/de\/wp-json\/wp\/v2\/media\/3131"}],"wp:attachment":[{"href":"https:\/\/www.weddingportugal.com\/de\/wp-json\/wp\/v2\/media?parent=4544"}],"curies":[{"name":"wp","href":"https:\/\/api.w.org\/{rel}","templated":true}]}}