{"id":4538,"date":"2021-07-07T10:20:38","date_gmt":"2021-07-07T10:20:38","guid":{"rendered":"https:\/\/www.weddingportugal.com\/services\/mehr-dienstleistungen\/weitere-service-vorschlaege\/falsche-kellner-lustige-unterhaltung-fuer-ihre-hochzeitsfeier\/"},"modified":"2021-07-26T17:37:41","modified_gmt":"2021-07-26T17:37:41","slug":"falsche-kellner-lustige-unterhaltung-fuer-ihre-hochzeitsfeier","status":"publish","type":"page","link":"https:\/\/www.weddingportugal.com\/de\/services\/mehr-dienstleistungen\/weitere-service-vorschlaege\/falsche-kellner-lustige-unterhaltung-fuer-ihre-hochzeitsfeier\/","title":{"rendered":"Falsche Kellner &#8211; Lustige Unterhaltung f\u00fcr Ihre Hochzeitsfeier"},"content":{"rendered":"\t\t<div data-elementor-type=\"wp-page\" data-elementor-id=\"4538\" class=\"elementor elementor-4538 elementor-3067\" data-elementor-post-type=\"page\">\n\t\t\t\t\t\t<section class=\"elementor-section elementor-top-section elementor-element elementor-element-26fa7976 elementor-section-boxed elementor-section-height-default elementor-section-height-default\" data-id=\"26fa7976\" data-element_type=\"section\" data-e-type=\"section\">\n\t\t\t\t\t\t<div class=\"elementor-container elementor-column-gap-default\">\n\t\t\t\t\t<div class=\"elementor-column elementor-col-50 elementor-top-column elementor-element elementor-element-29540021\" data-id=\"29540021\" data-element_type=\"column\" data-e-type=\"column\">\n\t\t\t<div class=\"elementor-widget-wrap elementor-element-populated\">\n\t\t\t\t\t\t<div class=\"elementor-element elementor-element-5f3ce334 elementor-widget elementor-widget-text-editor\" data-id=\"5f3ce334\" data-element_type=\"widget\" data-e-type=\"widget\" data-widget_type=\"text-editor.default\">\n\t\t\t\t<div class=\"elementor-widget-container\">\n\t\t\t\t\t\t\t\t\t<p>&#8222;Die Falschen Kellner&#8220; ist eine lustige, unterhaltsame und raffinierte Animation f\u00fcr Ihre Hochzeit. Es besteht aus leichten humorvollen Momenten w\u00e4hrend der Vorspeisen, in denen der Schauspieler sich durch die perfekte Beherrschung des Servierens, in das Kellner Team integriert.<\/p>\n<p>Durch ein lustiges Spiel mit Etiketten und witziger Situationskomik w\u00e4hrend der Hauptspeise wird die Komik langsam immer Offensichtlicher. So manch ein Gast wird zum Schmunzeln gebracht und erst langsam, dann aber immer deutlicher kommt die Erkenntnis: Mit diesem Kellner stimmt etwas nicht!<\/p>\n<p>Die Stimmung im Publikum wird immer vergn\u00fcgter, bis zum H\u00f6hepunkt, an dem der falschen Kellner seine wahre Identit\u00e4t preisgibt und die G\u00e4ste im besten Gem\u00fctszustand an die Party \u00fcberlassen werden.<\/p>\n<p>Die Unterhaltung ist eine gelungene Mischung aus improvisierter Interaktion mit den G\u00e4sten und einer wunderbaren B\u00fchnenperformance.<\/p>\n<p>Wir freuen uns, mit Ihnen, mehr als 15 Jahre Comedy-Erfahrung, zu teilen.<\/p>\n<p>Der perfekte Stimmungsaufheller f\u00fcr jede Party<\/p>\n<p>Wir garantieren, dass am Veranstaltungsort alles mit dem Chef des Servicepersonals abgestimmt wird.<\/p>\n\t\t\t\t\t\t\t\t<\/div>\n\t\t\t\t<\/div>\n\t\t\t\t\t<\/div>\n\t\t<\/div>\n\t\t\t\t<div class=\"elementor-column elementor-col-50 elementor-top-column elementor-element elementor-element-3ee11eb4\" data-id=\"3ee11eb4\" data-element_type=\"column\" data-e-type=\"column\">\n\t\t\t<div class=\"elementor-widget-wrap elementor-element-populated\">\n\t\t\t\t\t\t<div class=\"elementor-element elementor-element-13397893 elementor-widget elementor-widget-image\" data-id=\"13397893\" data-element_type=\"widget\" data-e-type=\"widget\" data-widget_type=\"image.default\">\n\t\t\t\t<div class=\"elementor-widget-container\">\n\t\t\t\t\t\t\t\t\t\t\t\t\t\t\t<img fetchpriority=\"high\" decoding=\"async\" width=\"760\" height=\"500\" src=\"https:\/\/www.weddingportugal.com\/wp-content\/uploads\/2020\/12\/FalseWaiters.jpg\" class=\"attachment-large size-large wp-image-3109\" alt=\"\" srcset=\"https:\/\/www.weddingportugal.com\/wp-content\/uploads\/2020\/12\/FalseWaiters.jpg 760w, https:\/\/www.weddingportugal.com\/wp-content\/uploads\/2020\/12\/FalseWaiters-300x197.jpg 300w\" sizes=\"(max-width: 760px) 100vw, 760px\" \/>\t\t\t\t\t\t\t\t\t\t\t\t\t\t\t<\/div>\n\t\t\t\t<\/div>\n\t\t\t\t\t<\/div>\n\t\t<\/div>\n\t\t\t\t\t<\/div>\n\t\t<\/section>\n\t\t\t\t<\/div>\n\t\t","protected":false},"excerpt":{"rendered":"<p>&#8222;Die Falschen Kellner&#8220; ist eine lustige, unterhaltsame und raffinierte Animation f\u00fcr Ihre Hochzeit. Es besteht aus leichten humorvollen Momenten w\u00e4hrend der Vorspeisen, in denen der Schauspieler sich durch die perfekte Beherrschung des Servierens, in das Kellner Team integriert. Durch ein lustiges Spiel mit Etiketten und witziger Situationskomik w\u00e4hrend der Hauptspeise wird die Komik langsam immer [&hellip;]<\/p>\n","protected":false},"author":1,"featured_media":3109,"parent":4531,"menu_order":134,"comment_status":"closed","ping_status":"closed","template":"","meta":{"content-type":"","footnotes":""},"class_list":["post-4538","page","type-page","status-publish","has-post-thumbnail","hentry"],"yoast_head":"<!-- This site is optimized with the Yoast SEO plugin v27.2 - https:\/\/yoast.com\/product\/yoast-seo-wordpress\/ -->\n<title>Falsche Kellner - Lustige Unterhaltung f\u00fcr Ihre Hochzeitsfeier - Wedding Portugal<\/title>\n<meta name=\"robots\" content=\"index, follow, max-snippet:-1, max-image-preview:large, max-video-preview:-1\" \/>\n<link rel=\"canonical\" href=\"https:\/\/www.weddingportugal.com\/de\/services\/mehr-dienstleistungen\/weitere-service-vorschlaege\/falsche-kellner-lustige-unterhaltung-fuer-ihre-hochzeitsfeier\/\" \/>\n<meta property=\"og:locale\" content=\"de_DE\" \/>\n<meta property=\"og:type\" content=\"article\" \/>\n<meta property=\"og:title\" content=\"Falsche Kellner - Lustige Unterhaltung f\u00fcr Ihre Hochzeitsfeier - Wedding Portugal\" \/>\n<meta property=\"og:description\" content=\"&#8222;Die Falschen Kellner&#8220; ist eine lustige, unterhaltsame und raffinierte Animation f\u00fcr Ihre Hochzeit. Es besteht aus leichten humorvollen Momenten w\u00e4hrend der Vorspeisen, in denen der Schauspieler sich durch die perfekte Beherrschung des Servierens, in das Kellner Team integriert. Durch ein lustiges Spiel mit Etiketten und witziger Situationskomik w\u00e4hrend der Hauptspeise wird die Komik langsam immer [&hellip;]\" \/>\n<meta property=\"og:url\" content=\"https:\/\/www.weddingportugal.com\/de\/services\/mehr-dienstleistungen\/weitere-service-vorschlaege\/falsche-kellner-lustige-unterhaltung-fuer-ihre-hochzeitsfeier\/\" \/>\n<meta property=\"og:site_name\" content=\"Wedding Portugal\" \/>\n<meta property=\"article:modified_time\" content=\"2021-07-26T17:37:41+00:00\" \/>\n<meta property=\"og:image\" content=\"https:\/\/www.weddingportugal.com\/wp-content\/uploads\/2020\/12\/FalseWaiters.jpg\" \/>\n\t<meta property=\"og:image:width\" content=\"760\" \/>\n\t<meta property=\"og:image:height\" content=\"500\" \/>\n\t<meta property=\"og:image:type\" content=\"image\/jpeg\" \/>\n<meta name=\"twitter:card\" content=\"summary_large_image\" \/>\n<meta name=\"twitter:label1\" content=\"Gesch\u00e4tzte Lesezeit\" \/>\n\t<meta name=\"twitter:data1\" content=\"1\u00a0Minute\" \/>\n<script type=\"application\/ld+json\" class=\"yoast-schema-graph\">{\"@context\":\"https:\/\/schema.org\",\"@graph\":[{\"@type\":\"WebPage\",\"@id\":\"https:\/\/www.weddingportugal.com\/de\/services\/mehr-dienstleistungen\/weitere-service-vorschlaege\/falsche-kellner-lustige-unterhaltung-fuer-ihre-hochzeitsfeier\/\",\"url\":\"https:\/\/www.weddingportugal.com\/de\/services\/mehr-dienstleistungen\/weitere-service-vorschlaege\/falsche-kellner-lustige-unterhaltung-fuer-ihre-hochzeitsfeier\/\",\"name\":\"Falsche Kellner - Lustige Unterhaltung f\u00fcr Ihre Hochzeitsfeier - Wedding Portugal\",\"isPartOf\":{\"@id\":\"https:\/\/www.weddingportugal.com\/de\/#website\"},\"primaryImageOfPage\":{\"@id\":\"https:\/\/www.weddingportugal.com\/de\/services\/mehr-dienstleistungen\/weitere-service-vorschlaege\/falsche-kellner-lustige-unterhaltung-fuer-ihre-hochzeitsfeier\/#primaryimage\"},\"image\":{\"@id\":\"https:\/\/www.weddingportugal.com\/de\/services\/mehr-dienstleistungen\/weitere-service-vorschlaege\/falsche-kellner-lustige-unterhaltung-fuer-ihre-hochzeitsfeier\/#primaryimage\"},\"thumbnailUrl\":\"https:\/\/www.weddingportugal.com\/wp-content\/uploads\/2020\/12\/FalseWaiters.jpg\",\"datePublished\":\"2021-07-07T10:20:38+00:00\",\"dateModified\":\"2021-07-26T17:37:41+00:00\",\"breadcrumb\":{\"@id\":\"https:\/\/www.weddingportugal.com\/de\/services\/mehr-dienstleistungen\/weitere-service-vorschlaege\/falsche-kellner-lustige-unterhaltung-fuer-ihre-hochzeitsfeier\/#breadcrumb\"},\"inLanguage\":\"de\",\"potentialAction\":[{\"@type\":\"ReadAction\",\"target\":[\"https:\/\/www.weddingportugal.com\/de\/services\/mehr-dienstleistungen\/weitere-service-vorschlaege\/falsche-kellner-lustige-unterhaltung-fuer-ihre-hochzeitsfeier\/\"]}]},{\"@type\":\"ImageObject\",\"inLanguage\":\"de\",\"@id\":\"https:\/\/www.weddingportugal.com\/de\/services\/mehr-dienstleistungen\/weitere-service-vorschlaege\/falsche-kellner-lustige-unterhaltung-fuer-ihre-hochzeitsfeier\/#primaryimage\",\"url\":\"https:\/\/www.weddingportugal.com\/wp-content\/uploads\/2020\/12\/FalseWaiters.jpg\",\"contentUrl\":\"https:\/\/www.weddingportugal.com\/wp-content\/uploads\/2020\/12\/FalseWaiters.jpg\",\"width\":760,\"height\":500},{\"@type\":\"BreadcrumbList\",\"@id\":\"https:\/\/www.weddingportugal.com\/de\/services\/mehr-dienstleistungen\/weitere-service-vorschlaege\/falsche-kellner-lustige-unterhaltung-fuer-ihre-hochzeitsfeier\/#breadcrumb\",\"itemListElement\":[{\"@type\":\"ListItem\",\"position\":1,\"name\":\"Home\",\"item\":\"https:\/\/www.weddingportugal.com\/de\/\"},{\"@type\":\"ListItem\",\"position\":2,\"name\":\"Services\",\"item\":\"https:\/\/www.weddingportugal.com\/de\/services\/\"},{\"@type\":\"ListItem\",\"position\":3,\"name\":\"Mehr Dienstleistungen\",\"item\":\"https:\/\/www.weddingportugal.com\/de\/services\/mehr-dienstleistungen\/\"},{\"@type\":\"ListItem\",\"position\":4,\"name\":\"Weitere Service Vorschl\u00e4ge\",\"item\":\"https:\/\/www.weddingportugal.com\/de\/services\/mehr-dienstleistungen\/weitere-service-vorschlaege\/\"},{\"@type\":\"ListItem\",\"position\":5,\"name\":\"Falsche Kellner &#8211; Lustige Unterhaltung f\u00fcr Ihre Hochzeitsfeier\"}]},{\"@type\":\"WebSite\",\"@id\":\"https:\/\/www.weddingportugal.com\/de\/#website\",\"url\":\"https:\/\/www.weddingportugal.com\/de\/\",\"name\":\"Wedding Portugal\",\"description\":\"We tell you why you should get your weeding in Portugal\",\"publisher\":{\"@id\":\"https:\/\/www.weddingportugal.com\/de\/#organization\"},\"potentialAction\":[{\"@type\":\"SearchAction\",\"target\":{\"@type\":\"EntryPoint\",\"urlTemplate\":\"https:\/\/www.weddingportugal.com\/de\/?s={search_term_string}\"},\"query-input\":{\"@type\":\"PropertyValueSpecification\",\"valueRequired\":true,\"valueName\":\"search_term_string\"}}],\"inLanguage\":\"de\"},{\"@type\":\"Organization\",\"@id\":\"https:\/\/www.weddingportugal.com\/de\/#organization\",\"name\":\"Wedding Portugal\",\"url\":\"https:\/\/www.weddingportugal.com\/de\/\",\"logo\":{\"@type\":\"ImageObject\",\"inLanguage\":\"de\",\"@id\":\"https:\/\/www.weddingportugal.com\/de\/#\/schema\/logo\/image\/\",\"url\":\"https:\/\/www.weddingportugal.com\/wp-content\/uploads\/2020\/02\/cropped-logo-WeddingPortugal.png\",\"contentUrl\":\"https:\/\/www.weddingportugal.com\/wp-content\/uploads\/2020\/02\/cropped-logo-WeddingPortugal.png\",\"width\":523,\"height\":89,\"caption\":\"Wedding Portugal\"},\"image\":{\"@id\":\"https:\/\/www.weddingportugal.com\/de\/#\/schema\/logo\/image\/\"}}]}<\/script>\n<!-- \/ Yoast SEO plugin. -->","yoast_head_json":{"title":"Falsche Kellner - Lustige Unterhaltung f\u00fcr Ihre Hochzeitsfeier - Wedding Portugal","robots":{"index":"index","follow":"follow","max-snippet":"max-snippet:-1","max-image-preview":"max-image-preview:large","max-video-preview":"max-video-preview:-1"},"canonical":"https:\/\/www.weddingportugal.com\/de\/services\/mehr-dienstleistungen\/weitere-service-vorschlaege\/falsche-kellner-lustige-unterhaltung-fuer-ihre-hochzeitsfeier\/","og_locale":"de_DE","og_type":"article","og_title":"Falsche Kellner - Lustige Unterhaltung f\u00fcr Ihre Hochzeitsfeier - Wedding Portugal","og_description":"&#8222;Die Falschen Kellner&#8220; ist eine lustige, unterhaltsame und raffinierte Animation f\u00fcr Ihre Hochzeit. Es besteht aus leichten humorvollen Momenten w\u00e4hrend der Vorspeisen, in denen der Schauspieler sich durch die perfekte Beherrschung des Servierens, in das Kellner Team integriert. Durch ein lustiges Spiel mit Etiketten und witziger Situationskomik w\u00e4hrend der Hauptspeise wird die Komik langsam immer [&hellip;]","og_url":"https:\/\/www.weddingportugal.com\/de\/services\/mehr-dienstleistungen\/weitere-service-vorschlaege\/falsche-kellner-lustige-unterhaltung-fuer-ihre-hochzeitsfeier\/","og_site_name":"Wedding Portugal","article_modified_time":"2021-07-26T17:37:41+00:00","og_image":[{"width":760,"height":500,"url":"https:\/\/www.weddingportugal.com\/wp-content\/uploads\/2020\/12\/FalseWaiters.jpg","type":"image\/jpeg"}],"twitter_card":"summary_large_image","twitter_misc":{"Gesch\u00e4tzte Lesezeit":"1\u00a0Minute"},"schema":{"@context":"https:\/\/schema.org","@graph":[{"@type":"WebPage","@id":"https:\/\/www.weddingportugal.com\/de\/services\/mehr-dienstleistungen\/weitere-service-vorschlaege\/falsche-kellner-lustige-unterhaltung-fuer-ihre-hochzeitsfeier\/","url":"https:\/\/www.weddingportugal.com\/de\/services\/mehr-dienstleistungen\/weitere-service-vorschlaege\/falsche-kellner-lustige-unterhaltung-fuer-ihre-hochzeitsfeier\/","name":"Falsche Kellner - Lustige Unterhaltung f\u00fcr Ihre Hochzeitsfeier - Wedding Portugal","isPartOf":{"@id":"https:\/\/www.weddingportugal.com\/de\/#website"},"primaryImageOfPage":{"@id":"https:\/\/www.weddingportugal.com\/de\/services\/mehr-dienstleistungen\/weitere-service-vorschlaege\/falsche-kellner-lustige-unterhaltung-fuer-ihre-hochzeitsfeier\/#primaryimage"},"image":{"@id":"https:\/\/www.weddingportugal.com\/de\/services\/mehr-dienstleistungen\/weitere-service-vorschlaege\/falsche-kellner-lustige-unterhaltung-fuer-ihre-hochzeitsfeier\/#primaryimage"},"thumbnailUrl":"https:\/\/www.weddingportugal.com\/wp-content\/uploads\/2020\/12\/FalseWaiters.jpg","datePublished":"2021-07-07T10:20:38+00:00","dateModified":"2021-07-26T17:37:41+00:00","breadcrumb":{"@id":"https:\/\/www.weddingportugal.com\/de\/services\/mehr-dienstleistungen\/weitere-service-vorschlaege\/falsche-kellner-lustige-unterhaltung-fuer-ihre-hochzeitsfeier\/#breadcrumb"},"inLanguage":"de","potentialAction":[{"@type":"ReadAction","target":["https:\/\/www.weddingportugal.com\/de\/services\/mehr-dienstleistungen\/weitere-service-vorschlaege\/falsche-kellner-lustige-unterhaltung-fuer-ihre-hochzeitsfeier\/"]}]},{"@type":"ImageObject","inLanguage":"de","@id":"https:\/\/www.weddingportugal.com\/de\/services\/mehr-dienstleistungen\/weitere-service-vorschlaege\/falsche-kellner-lustige-unterhaltung-fuer-ihre-hochzeitsfeier\/#primaryimage","url":"https:\/\/www.weddingportugal.com\/wp-content\/uploads\/2020\/12\/FalseWaiters.jpg","contentUrl":"https:\/\/www.weddingportugal.com\/wp-content\/uploads\/2020\/12\/FalseWaiters.jpg","width":760,"height":500},{"@type":"BreadcrumbList","@id":"https:\/\/www.weddingportugal.com\/de\/services\/mehr-dienstleistungen\/weitere-service-vorschlaege\/falsche-kellner-lustige-unterhaltung-fuer-ihre-hochzeitsfeier\/#breadcrumb","itemListElement":[{"@type":"ListItem","position":1,"name":"Home","item":"https:\/\/www.weddingportugal.com\/de\/"},{"@type":"ListItem","position":2,"name":"Services","item":"https:\/\/www.weddingportugal.com\/de\/services\/"},{"@type":"ListItem","position":3,"name":"Mehr Dienstleistungen","item":"https:\/\/www.weddingportugal.com\/de\/services\/mehr-dienstleistungen\/"},{"@type":"ListItem","position":4,"name":"Weitere Service Vorschl\u00e4ge","item":"https:\/\/www.weddingportugal.com\/de\/services\/mehr-dienstleistungen\/weitere-service-vorschlaege\/"},{"@type":"ListItem","position":5,"name":"Falsche Kellner &#8211; Lustige Unterhaltung f\u00fcr Ihre Hochzeitsfeier"}]},{"@type":"WebSite","@id":"https:\/\/www.weddingportugal.com\/de\/#website","url":"https:\/\/www.weddingportugal.com\/de\/","name":"Wedding Portugal","description":"We tell you why you should get your weeding in Portugal","publisher":{"@id":"https:\/\/www.weddingportugal.com\/de\/#organization"},"potentialAction":[{"@type":"SearchAction","target":{"@type":"EntryPoint","urlTemplate":"https:\/\/www.weddingportugal.com\/de\/?s={search_term_string}"},"query-input":{"@type":"PropertyValueSpecification","valueRequired":true,"valueName":"search_term_string"}}],"inLanguage":"de"},{"@type":"Organization","@id":"https:\/\/www.weddingportugal.com\/de\/#organization","name":"Wedding Portugal","url":"https:\/\/www.weddingportugal.com\/de\/","logo":{"@type":"ImageObject","inLanguage":"de","@id":"https:\/\/www.weddingportugal.com\/de\/#\/schema\/logo\/image\/","url":"https:\/\/www.weddingportugal.com\/wp-content\/uploads\/2020\/02\/cropped-logo-WeddingPortugal.png","contentUrl":"https:\/\/www.weddingportugal.com\/wp-content\/uploads\/2020\/02\/cropped-logo-WeddingPortugal.png","width":523,"height":89,"caption":"Wedding Portugal"},"image":{"@id":"https:\/\/www.weddingportugal.com\/de\/#\/schema\/logo\/image\/"}}]}},"_links":{"self":[{"href":"https:\/\/www.weddingportugal.com\/de\/wp-json\/wp\/v2\/pages\/4538","targetHints":{"allow":["GET"]}}],"collection":[{"href":"https:\/\/www.weddingportugal.com\/de\/wp-json\/wp\/v2\/pages"}],"about":[{"href":"https:\/\/www.weddingportugal.com\/de\/wp-json\/wp\/v2\/types\/page"}],"author":[{"embeddable":true,"href":"https:\/\/www.weddingportugal.com\/de\/wp-json\/wp\/v2\/users\/1"}],"replies":[{"embeddable":true,"href":"https:\/\/www.weddingportugal.com\/de\/wp-json\/wp\/v2\/comments?post=4538"}],"version-history":[{"count":1,"href":"https:\/\/www.weddingportugal.com\/de\/wp-json\/wp\/v2\/pages\/4538\/revisions"}],"predecessor-version":[{"id":4539,"href":"https:\/\/www.weddingportugal.com\/de\/wp-json\/wp\/v2\/pages\/4538\/revisions\/4539"}],"up":[{"embeddable":true,"href":"https:\/\/www.weddingportugal.com\/de\/wp-json\/wp\/v2\/pages\/4531"}],"wp:featuredmedia":[{"embeddable":true,"href":"https:\/\/www.weddingportugal.com\/de\/wp-json\/wp\/v2\/media\/3109"}],"wp:attachment":[{"href":"https:\/\/www.weddingportugal.com\/de\/wp-json\/wp\/v2\/media?parent=4538"}],"curies":[{"name":"wp","href":"https:\/\/api.w.org\/{rel}","templated":true}]}}