{"id":4534,"date":"2021-07-07T10:18:41","date_gmt":"2021-07-07T10:18:41","guid":{"rendered":"https:\/\/www.weddingportugal.com\/services\/mehr-dienstleistungen\/weitere-service-vorschlaege\/gemeinsames-kakao-ankunftsritual\/"},"modified":"2021-07-26T17:37:40","modified_gmt":"2021-07-26T17:37:40","slug":"gemeinsames-kakao-ankunftsritual","status":"publish","type":"page","link":"https:\/\/www.weddingportugal.com\/de\/services\/mehr-dienstleistungen\/weitere-service-vorschlaege\/gemeinsames-kakao-ankunftsritual\/","title":{"rendered":"Gemeinsames Kakao Ankunftsritual"},"content":{"rendered":"\t\t<div data-elementor-type=\"wp-page\" data-elementor-id=\"4534\" class=\"elementor elementor-4534 elementor-3063\" data-elementor-post-type=\"page\">\n\t\t\t\t\t\t<section class=\"elementor-section elementor-top-section elementor-element elementor-element-66729888 elementor-section-boxed elementor-section-height-default elementor-section-height-default\" data-id=\"66729888\" data-element_type=\"section\" data-e-type=\"section\">\n\t\t\t\t\t\t<div class=\"elementor-container elementor-column-gap-default\">\n\t\t\t\t\t<div class=\"elementor-column elementor-col-50 elementor-top-column elementor-element elementor-element-626b15a1\" data-id=\"626b15a1\" data-element_type=\"column\" data-e-type=\"column\">\n\t\t\t<div class=\"elementor-widget-wrap elementor-element-populated\">\n\t\t\t\t\t\t<div class=\"elementor-element elementor-element-399f23f9 elementor-widget elementor-widget-text-editor\" data-id=\"399f23f9\" data-element_type=\"widget\" data-e-type=\"widget\" data-widget_type=\"text-editor.default\">\n\t\t\t\t<div class=\"elementor-widget-container\">\n\t\t\t\t\t\t\t\t\t<p>Buchen sie ein geleitetes Zusammentreffen mit einem Kakaoritual. In diesem zeremoniellen Kreis, der einen oder zwei Tage vor dem Hochzeitstag stattfinden sollte, gestalten Sie den Rahmen f\u00fcr die Hochzeitsfeier.<\/p>\n<p>Wenn Familie und Freunde f\u00fcr gro\u00dfe Feier zusammenkommen, gibt es oft viel zu erz\u00e4hlen, viele Umarmungen und viele K\u00fcsse.<\/p>\n<p>Das Kakao Ankunftsritual \u00f6ffnet einen Raum, um in einer stilleren und meditativeren Umgebung, Zusammengeh\u00f6rigkeit zu erleben durch eine gemeinsame Erfahrung von Musik, Tanz und Kunst.<\/p>\n\t\t\t\t\t\t\t\t<\/div>\n\t\t\t\t<\/div>\n\t\t\t\t\t<\/div>\n\t\t<\/div>\n\t\t\t\t<div class=\"elementor-column elementor-col-50 elementor-top-column elementor-element elementor-element-17e248b5\" data-id=\"17e248b5\" data-element_type=\"column\" data-e-type=\"column\">\n\t\t\t<div class=\"elementor-widget-wrap elementor-element-populated\">\n\t\t\t\t\t\t<div class=\"elementor-element elementor-element-5b161d7c elementor-widget elementor-widget-image\" data-id=\"5b161d7c\" data-element_type=\"widget\" data-e-type=\"widget\" data-widget_type=\"image.default\">\n\t\t\t\t<div class=\"elementor-widget-container\">\n\t\t\t\t\t\t\t\t\t\t\t\t\t\t\t<img fetchpriority=\"high\" decoding=\"async\" width=\"760\" height=\"500\" src=\"https:\/\/www.weddingportugal.com\/wp-content\/uploads\/2020\/12\/CacaoCeremony-1.jpg\" class=\"attachment-large size-large wp-image-3125\" alt=\"\" srcset=\"https:\/\/www.weddingportugal.com\/wp-content\/uploads\/2020\/12\/CacaoCeremony-1.jpg 760w, https:\/\/www.weddingportugal.com\/wp-content\/uploads\/2020\/12\/CacaoCeremony-1-300x197.jpg 300w\" sizes=\"(max-width: 760px) 100vw, 760px\" \/>\t\t\t\t\t\t\t\t\t\t\t\t\t\t\t<\/div>\n\t\t\t\t<\/div>\n\t\t\t\t\t<\/div>\n\t\t<\/div>\n\t\t\t\t\t<\/div>\n\t\t<\/section>\n\t\t\t\t<section class=\"elementor-section elementor-top-section elementor-element elementor-element-2b10f24 elementor-section-boxed elementor-section-height-default elementor-section-height-default\" data-id=\"2b10f24\" data-element_type=\"section\" data-e-type=\"section\">\n\t\t\t\t\t\t<div class=\"elementor-container elementor-column-gap-default\">\n\t\t\t\t\t<div class=\"elementor-column elementor-col-100 elementor-top-column elementor-element elementor-element-35a541d\" data-id=\"35a541d\" data-element_type=\"column\" data-e-type=\"column\">\n\t\t\t<div class=\"elementor-widget-wrap elementor-element-populated\">\n\t\t\t\t\t\t<div class=\"elementor-element elementor-element-51df477 elementor-widget elementor-widget-text-editor\" data-id=\"51df477\" data-element_type=\"widget\" data-e-type=\"widget\" data-widget_type=\"text-editor.default\">\n\t\t\t\t<div class=\"elementor-widget-container\">\n\t\t\t\t\t\t\t\t\t<p>Kakao, der in vielen eingeborenen Kulturen als Herz \u00f6ffnendes Getr\u00e4nk betrachtet wird, wird bei diesem Treffen als Begr\u00fc\u00dfungsgetr\u00e4nk serviert. Dann folgt eine gef\u00fchrte Gruppenmeditation und nachkommend legen wir unsere eigenen Absichten fest, z. B. was Sie mit der Feier in Ihr Leben bringen m\u00f6chten und was Sie sich f\u00fcr das Hochzeitspaar w\u00fcnschen. Im Anschluss daran widmen wir uns, mit allen die sich danach f\u00fchlen, der Kunst und der Musik. Ich werde K\u00fcnstlerbedarf und nat\u00fcrlich Musik mitbringen, um die Gruppe zu begleiten. Gerne k\u00f6nnen wir gemeinsam eine Wiedergabeliste erstellen, mit Liedern die Ihr Herz ber\u00fchren, oder die Sie verbinden mit Ihrer Familie und Freunden.<\/p>\n<p><strong>Der Zelebrant<\/strong>: Ich war schon auf vielen Hochzeiten und es ist wunderbar zu sehen, wie sich Familien und Freunde auf so vielen Ebenen verbinden. Meine pers\u00f6nliche Reise hat mir immer mehr gezeigt, wie wichtig Momente der Stille und Konzentration sind, bei Anl\u00e4ssen die aufregend und auslassend sind, wie es bei Hochzeiten oft der Fall ist. Ich biete Ihnen mit dem Kakaoritual eine M\u00f6glichkeit Ihre G\u00e4ste einzuladen, sich auf einer anderen Ebene zu verbinden, in der Stille zu treffen und sich mit dem Hier und Jetzt zu verbinden, bevor sie in die Aufregung der Hochzeitsfeier gehen.<\/p>\n<p>Die Gesamtdauer liegt zwischen 2-3 Stunden.<\/p>\n<p>Wir empfehlen den Teilnehmern, bequeme Kleidung zu tragen und etwa 3 Stunden vor Beginn nicht zu essen. Der Ort der Zeremonie kann im Freien sein, vorzugsweise jedoch Innenr\u00e4ume wie Yoga oder Meditationsr\u00e4ume. Jeder Gast ben\u00f6tigt eine Decke zum Liegen und eine Decke zum Abdecken. Wenn die Zeremonie tags\u00fcber stattfindet, ist es hilfreich, wenn der Raum durch Vorh\u00e4nge leicht abgedunkelt werden kann.<\/p>\n<p>Bitte kontaktieren Sie uns, um eine Kakaozeremonie f\u00fcr Ihre Ankunft in der Hochzeitsgruppe zu buchen.<\/p>\n\t\t\t\t\t\t\t\t<\/div>\n\t\t\t\t<\/div>\n\t\t\t\t\t<\/div>\n\t\t<\/div>\n\t\t\t\t\t<\/div>\n\t\t<\/section>\n\t\t\t\t<\/div>\n\t\t","protected":false},"excerpt":{"rendered":"<p>Buchen sie ein geleitetes Zusammentreffen mit einem Kakaoritual. In diesem zeremoniellen Kreis, der einen oder zwei Tage vor dem Hochzeitstag stattfinden sollte, gestalten Sie den Rahmen f\u00fcr die Hochzeitsfeier. Wenn Familie und Freunde f\u00fcr gro\u00dfe Feier zusammenkommen, gibt es oft viel zu erz\u00e4hlen, viele Umarmungen und viele K\u00fcsse. Das Kakao Ankunftsritual \u00f6ffnet einen Raum, um [&hellip;]<\/p>\n","protected":false},"author":1,"featured_media":3125,"parent":4531,"menu_order":132,"comment_status":"closed","ping_status":"closed","template":"","meta":{"content-type":"","footnotes":""},"class_list":["post-4534","page","type-page","status-publish","has-post-thumbnail","hentry"],"yoast_head":"<!-- This site is optimized with the Yoast SEO plugin v27.2 - https:\/\/yoast.com\/product\/yoast-seo-wordpress\/ -->\n<title>Gemeinsames Kakao Ankunftsritual - Wedding Portugal<\/title>\n<meta name=\"robots\" content=\"index, follow, max-snippet:-1, max-image-preview:large, max-video-preview:-1\" \/>\n<link rel=\"canonical\" href=\"https:\/\/www.weddingportugal.com\/de\/services\/mehr-dienstleistungen\/weitere-service-vorschlaege\/gemeinsames-kakao-ankunftsritual\/\" \/>\n<meta property=\"og:locale\" content=\"de_DE\" \/>\n<meta property=\"og:type\" content=\"article\" \/>\n<meta property=\"og:title\" content=\"Gemeinsames Kakao Ankunftsritual - Wedding Portugal\" \/>\n<meta property=\"og:description\" content=\"Buchen sie ein geleitetes Zusammentreffen mit einem Kakaoritual. In diesem zeremoniellen Kreis, der einen oder zwei Tage vor dem Hochzeitstag stattfinden sollte, gestalten Sie den Rahmen f\u00fcr die Hochzeitsfeier. Wenn Familie und Freunde f\u00fcr gro\u00dfe Feier zusammenkommen, gibt es oft viel zu erz\u00e4hlen, viele Umarmungen und viele K\u00fcsse. Das Kakao Ankunftsritual \u00f6ffnet einen Raum, um [&hellip;]\" \/>\n<meta property=\"og:url\" content=\"https:\/\/www.weddingportugal.com\/de\/services\/mehr-dienstleistungen\/weitere-service-vorschlaege\/gemeinsames-kakao-ankunftsritual\/\" \/>\n<meta property=\"og:site_name\" content=\"Wedding Portugal\" \/>\n<meta property=\"article:modified_time\" content=\"2021-07-26T17:37:40+00:00\" \/>\n<meta property=\"og:image\" content=\"https:\/\/www.weddingportugal.com\/wp-content\/uploads\/2020\/12\/CacaoCeremony-1.jpg\" \/>\n\t<meta property=\"og:image:width\" content=\"760\" \/>\n\t<meta property=\"og:image:height\" content=\"500\" \/>\n\t<meta property=\"og:image:type\" content=\"image\/jpeg\" \/>\n<meta name=\"twitter:card\" content=\"summary_large_image\" \/>\n<meta name=\"twitter:label1\" content=\"Gesch\u00e4tzte Lesezeit\" \/>\n\t<meta name=\"twitter:data1\" content=\"2\u00a0Minuten\" \/>\n<script type=\"application\/ld+json\" class=\"yoast-schema-graph\">{\"@context\":\"https:\/\/schema.org\",\"@graph\":[{\"@type\":\"WebPage\",\"@id\":\"https:\/\/www.weddingportugal.com\/de\/services\/mehr-dienstleistungen\/weitere-service-vorschlaege\/gemeinsames-kakao-ankunftsritual\/\",\"url\":\"https:\/\/www.weddingportugal.com\/de\/services\/mehr-dienstleistungen\/weitere-service-vorschlaege\/gemeinsames-kakao-ankunftsritual\/\",\"name\":\"Gemeinsames Kakao Ankunftsritual - Wedding Portugal\",\"isPartOf\":{\"@id\":\"https:\/\/www.weddingportugal.com\/de\/#website\"},\"primaryImageOfPage\":{\"@id\":\"https:\/\/www.weddingportugal.com\/de\/services\/mehr-dienstleistungen\/weitere-service-vorschlaege\/gemeinsames-kakao-ankunftsritual\/#primaryimage\"},\"image\":{\"@id\":\"https:\/\/www.weddingportugal.com\/de\/services\/mehr-dienstleistungen\/weitere-service-vorschlaege\/gemeinsames-kakao-ankunftsritual\/#primaryimage\"},\"thumbnailUrl\":\"https:\/\/www.weddingportugal.com\/wp-content\/uploads\/2020\/12\/CacaoCeremony-1.jpg\",\"datePublished\":\"2021-07-07T10:18:41+00:00\",\"dateModified\":\"2021-07-26T17:37:40+00:00\",\"breadcrumb\":{\"@id\":\"https:\/\/www.weddingportugal.com\/de\/services\/mehr-dienstleistungen\/weitere-service-vorschlaege\/gemeinsames-kakao-ankunftsritual\/#breadcrumb\"},\"inLanguage\":\"de\",\"potentialAction\":[{\"@type\":\"ReadAction\",\"target\":[\"https:\/\/www.weddingportugal.com\/de\/services\/mehr-dienstleistungen\/weitere-service-vorschlaege\/gemeinsames-kakao-ankunftsritual\/\"]}]},{\"@type\":\"ImageObject\",\"inLanguage\":\"de\",\"@id\":\"https:\/\/www.weddingportugal.com\/de\/services\/mehr-dienstleistungen\/weitere-service-vorschlaege\/gemeinsames-kakao-ankunftsritual\/#primaryimage\",\"url\":\"https:\/\/www.weddingportugal.com\/wp-content\/uploads\/2020\/12\/CacaoCeremony-1.jpg\",\"contentUrl\":\"https:\/\/www.weddingportugal.com\/wp-content\/uploads\/2020\/12\/CacaoCeremony-1.jpg\",\"width\":760,\"height\":500},{\"@type\":\"BreadcrumbList\",\"@id\":\"https:\/\/www.weddingportugal.com\/de\/services\/mehr-dienstleistungen\/weitere-service-vorschlaege\/gemeinsames-kakao-ankunftsritual\/#breadcrumb\",\"itemListElement\":[{\"@type\":\"ListItem\",\"position\":1,\"name\":\"Home\",\"item\":\"https:\/\/www.weddingportugal.com\/de\/\"},{\"@type\":\"ListItem\",\"position\":2,\"name\":\"Services\",\"item\":\"https:\/\/www.weddingportugal.com\/de\/services\/\"},{\"@type\":\"ListItem\",\"position\":3,\"name\":\"Mehr Dienstleistungen\",\"item\":\"https:\/\/www.weddingportugal.com\/de\/services\/mehr-dienstleistungen\/\"},{\"@type\":\"ListItem\",\"position\":4,\"name\":\"Weitere Service Vorschl\u00e4ge\",\"item\":\"https:\/\/www.weddingportugal.com\/de\/services\/mehr-dienstleistungen\/weitere-service-vorschlaege\/\"},{\"@type\":\"ListItem\",\"position\":5,\"name\":\"Gemeinsames Kakao Ankunftsritual\"}]},{\"@type\":\"WebSite\",\"@id\":\"https:\/\/www.weddingportugal.com\/de\/#website\",\"url\":\"https:\/\/www.weddingportugal.com\/de\/\",\"name\":\"Wedding Portugal\",\"description\":\"We tell you why you should get your weeding in Portugal\",\"publisher\":{\"@id\":\"https:\/\/www.weddingportugal.com\/de\/#organization\"},\"potentialAction\":[{\"@type\":\"SearchAction\",\"target\":{\"@type\":\"EntryPoint\",\"urlTemplate\":\"https:\/\/www.weddingportugal.com\/de\/?s={search_term_string}\"},\"query-input\":{\"@type\":\"PropertyValueSpecification\",\"valueRequired\":true,\"valueName\":\"search_term_string\"}}],\"inLanguage\":\"de\"},{\"@type\":\"Organization\",\"@id\":\"https:\/\/www.weddingportugal.com\/de\/#organization\",\"name\":\"Wedding Portugal\",\"url\":\"https:\/\/www.weddingportugal.com\/de\/\",\"logo\":{\"@type\":\"ImageObject\",\"inLanguage\":\"de\",\"@id\":\"https:\/\/www.weddingportugal.com\/de\/#\/schema\/logo\/image\/\",\"url\":\"https:\/\/www.weddingportugal.com\/wp-content\/uploads\/2020\/02\/cropped-logo-WeddingPortugal.png\",\"contentUrl\":\"https:\/\/www.weddingportugal.com\/wp-content\/uploads\/2020\/02\/cropped-logo-WeddingPortugal.png\",\"width\":523,\"height\":89,\"caption\":\"Wedding Portugal\"},\"image\":{\"@id\":\"https:\/\/www.weddingportugal.com\/de\/#\/schema\/logo\/image\/\"}}]}<\/script>\n<!-- \/ Yoast SEO plugin. -->","yoast_head_json":{"title":"Gemeinsames Kakao Ankunftsritual - Wedding Portugal","robots":{"index":"index","follow":"follow","max-snippet":"max-snippet:-1","max-image-preview":"max-image-preview:large","max-video-preview":"max-video-preview:-1"},"canonical":"https:\/\/www.weddingportugal.com\/de\/services\/mehr-dienstleistungen\/weitere-service-vorschlaege\/gemeinsames-kakao-ankunftsritual\/","og_locale":"de_DE","og_type":"article","og_title":"Gemeinsames Kakao Ankunftsritual - Wedding Portugal","og_description":"Buchen sie ein geleitetes Zusammentreffen mit einem Kakaoritual. In diesem zeremoniellen Kreis, der einen oder zwei Tage vor dem Hochzeitstag stattfinden sollte, gestalten Sie den Rahmen f\u00fcr die Hochzeitsfeier. Wenn Familie und Freunde f\u00fcr gro\u00dfe Feier zusammenkommen, gibt es oft viel zu erz\u00e4hlen, viele Umarmungen und viele K\u00fcsse. Das Kakao Ankunftsritual \u00f6ffnet einen Raum, um [&hellip;]","og_url":"https:\/\/www.weddingportugal.com\/de\/services\/mehr-dienstleistungen\/weitere-service-vorschlaege\/gemeinsames-kakao-ankunftsritual\/","og_site_name":"Wedding Portugal","article_modified_time":"2021-07-26T17:37:40+00:00","og_image":[{"width":760,"height":500,"url":"https:\/\/www.weddingportugal.com\/wp-content\/uploads\/2020\/12\/CacaoCeremony-1.jpg","type":"image\/jpeg"}],"twitter_card":"summary_large_image","twitter_misc":{"Gesch\u00e4tzte Lesezeit":"2\u00a0Minuten"},"schema":{"@context":"https:\/\/schema.org","@graph":[{"@type":"WebPage","@id":"https:\/\/www.weddingportugal.com\/de\/services\/mehr-dienstleistungen\/weitere-service-vorschlaege\/gemeinsames-kakao-ankunftsritual\/","url":"https:\/\/www.weddingportugal.com\/de\/services\/mehr-dienstleistungen\/weitere-service-vorschlaege\/gemeinsames-kakao-ankunftsritual\/","name":"Gemeinsames Kakao Ankunftsritual - Wedding Portugal","isPartOf":{"@id":"https:\/\/www.weddingportugal.com\/de\/#website"},"primaryImageOfPage":{"@id":"https:\/\/www.weddingportugal.com\/de\/services\/mehr-dienstleistungen\/weitere-service-vorschlaege\/gemeinsames-kakao-ankunftsritual\/#primaryimage"},"image":{"@id":"https:\/\/www.weddingportugal.com\/de\/services\/mehr-dienstleistungen\/weitere-service-vorschlaege\/gemeinsames-kakao-ankunftsritual\/#primaryimage"},"thumbnailUrl":"https:\/\/www.weddingportugal.com\/wp-content\/uploads\/2020\/12\/CacaoCeremony-1.jpg","datePublished":"2021-07-07T10:18:41+00:00","dateModified":"2021-07-26T17:37:40+00:00","breadcrumb":{"@id":"https:\/\/www.weddingportugal.com\/de\/services\/mehr-dienstleistungen\/weitere-service-vorschlaege\/gemeinsames-kakao-ankunftsritual\/#breadcrumb"},"inLanguage":"de","potentialAction":[{"@type":"ReadAction","target":["https:\/\/www.weddingportugal.com\/de\/services\/mehr-dienstleistungen\/weitere-service-vorschlaege\/gemeinsames-kakao-ankunftsritual\/"]}]},{"@type":"ImageObject","inLanguage":"de","@id":"https:\/\/www.weddingportugal.com\/de\/services\/mehr-dienstleistungen\/weitere-service-vorschlaege\/gemeinsames-kakao-ankunftsritual\/#primaryimage","url":"https:\/\/www.weddingportugal.com\/wp-content\/uploads\/2020\/12\/CacaoCeremony-1.jpg","contentUrl":"https:\/\/www.weddingportugal.com\/wp-content\/uploads\/2020\/12\/CacaoCeremony-1.jpg","width":760,"height":500},{"@type":"BreadcrumbList","@id":"https:\/\/www.weddingportugal.com\/de\/services\/mehr-dienstleistungen\/weitere-service-vorschlaege\/gemeinsames-kakao-ankunftsritual\/#breadcrumb","itemListElement":[{"@type":"ListItem","position":1,"name":"Home","item":"https:\/\/www.weddingportugal.com\/de\/"},{"@type":"ListItem","position":2,"name":"Services","item":"https:\/\/www.weddingportugal.com\/de\/services\/"},{"@type":"ListItem","position":3,"name":"Mehr Dienstleistungen","item":"https:\/\/www.weddingportugal.com\/de\/services\/mehr-dienstleistungen\/"},{"@type":"ListItem","position":4,"name":"Weitere Service Vorschl\u00e4ge","item":"https:\/\/www.weddingportugal.com\/de\/services\/mehr-dienstleistungen\/weitere-service-vorschlaege\/"},{"@type":"ListItem","position":5,"name":"Gemeinsames Kakao Ankunftsritual"}]},{"@type":"WebSite","@id":"https:\/\/www.weddingportugal.com\/de\/#website","url":"https:\/\/www.weddingportugal.com\/de\/","name":"Wedding Portugal","description":"We tell you why you should get your weeding in Portugal","publisher":{"@id":"https:\/\/www.weddingportugal.com\/de\/#organization"},"potentialAction":[{"@type":"SearchAction","target":{"@type":"EntryPoint","urlTemplate":"https:\/\/www.weddingportugal.com\/de\/?s={search_term_string}"},"query-input":{"@type":"PropertyValueSpecification","valueRequired":true,"valueName":"search_term_string"}}],"inLanguage":"de"},{"@type":"Organization","@id":"https:\/\/www.weddingportugal.com\/de\/#organization","name":"Wedding Portugal","url":"https:\/\/www.weddingportugal.com\/de\/","logo":{"@type":"ImageObject","inLanguage":"de","@id":"https:\/\/www.weddingportugal.com\/de\/#\/schema\/logo\/image\/","url":"https:\/\/www.weddingportugal.com\/wp-content\/uploads\/2020\/02\/cropped-logo-WeddingPortugal.png","contentUrl":"https:\/\/www.weddingportugal.com\/wp-content\/uploads\/2020\/02\/cropped-logo-WeddingPortugal.png","width":523,"height":89,"caption":"Wedding Portugal"},"image":{"@id":"https:\/\/www.weddingportugal.com\/de\/#\/schema\/logo\/image\/"}}]}},"_links":{"self":[{"href":"https:\/\/www.weddingportugal.com\/de\/wp-json\/wp\/v2\/pages\/4534","targetHints":{"allow":["GET"]}}],"collection":[{"href":"https:\/\/www.weddingportugal.com\/de\/wp-json\/wp\/v2\/pages"}],"about":[{"href":"https:\/\/www.weddingportugal.com\/de\/wp-json\/wp\/v2\/types\/page"}],"author":[{"embeddable":true,"href":"https:\/\/www.weddingportugal.com\/de\/wp-json\/wp\/v2\/users\/1"}],"replies":[{"embeddable":true,"href":"https:\/\/www.weddingportugal.com\/de\/wp-json\/wp\/v2\/comments?post=4534"}],"version-history":[{"count":1,"href":"https:\/\/www.weddingportugal.com\/de\/wp-json\/wp\/v2\/pages\/4534\/revisions"}],"predecessor-version":[{"id":4535,"href":"https:\/\/www.weddingportugal.com\/de\/wp-json\/wp\/v2\/pages\/4534\/revisions\/4535"}],"up":[{"embeddable":true,"href":"https:\/\/www.weddingportugal.com\/de\/wp-json\/wp\/v2\/pages\/4531"}],"wp:featuredmedia":[{"embeddable":true,"href":"https:\/\/www.weddingportugal.com\/de\/wp-json\/wp\/v2\/media\/3125"}],"wp:attachment":[{"href":"https:\/\/www.weddingportugal.com\/de\/wp-json\/wp\/v2\/media?parent=4534"}],"curies":[{"name":"wp","href":"https:\/\/api.w.org\/{rel}","templated":true}]}}