{"id":4529,"date":"2021-07-07T10:14:54","date_gmt":"2021-07-07T10:14:54","guid":{"rendered":"https:\/\/www.weddingportugal.com\/services\/mehr-dienstleistungen\/hochzeitstorte\/"},"modified":"2021-07-26T17:37:39","modified_gmt":"2021-07-26T17:37:39","slug":"hochzeitstorte","status":"publish","type":"page","link":"https:\/\/www.weddingportugal.com\/de\/services\/mehr-dienstleistungen\/hochzeitstorte\/","title":{"rendered":"Hochzeitstorte"},"content":{"rendered":"\t\t<div data-elementor-type=\"wp-page\" data-elementor-id=\"4529\" class=\"elementor elementor-4529 elementor-2956\" data-elementor-post-type=\"page\">\n\t\t\t\t\t\t<section class=\"elementor-section elementor-top-section elementor-element elementor-element-3e172c3e elementor-section-boxed elementor-section-height-default elementor-section-height-default\" data-id=\"3e172c3e\" data-element_type=\"section\" data-e-type=\"section\">\n\t\t\t\t\t\t<div class=\"elementor-container elementor-column-gap-default\">\n\t\t\t\t\t<div class=\"elementor-column elementor-col-50 elementor-top-column elementor-element elementor-element-7831227\" data-id=\"7831227\" data-element_type=\"column\" data-e-type=\"column\">\n\t\t\t<div class=\"elementor-widget-wrap elementor-element-populated\">\n\t\t\t\t\t\t<div class=\"elementor-element elementor-element-54d470c7 elementor-widget elementor-widget-text-editor\" data-id=\"54d470c7\" data-element_type=\"widget\" data-e-type=\"widget\" data-widget_type=\"text-editor.default\">\n\t\t\t\t<div class=\"elementor-widget-container\">\n\t\t\t\t\t\t\t\t\t<p>F\u00fcr einen besonderen Anlass wie eine Hochzeit, bedarf es auch eine besondere Torte. Eine Hochzeitstorte ist ein gelungenes Deko-Elementen, ein klassisches Hochzeitsritual und ein kulinarischer H\u00f6hepunkt. Der Moment des gemeinsamen Anschneidens, die strahlenden Gesichter der G\u00e4ste, und die Erinnerungen die uns f\u00fcr immer erhalten bleiben; sind ein guter Grund eine Hochzeitstorte zu haben. Wir helfen Ihnen die perfekten Torten f\u00fcr euren perfekten Tag zu finden.<\/p>\n<p>Bitte kontaktieren Sie uns f\u00fcr weitere Informationen oder wenn Sie m\u00f6chten, dass wir f\u00fcr Ihre Hochzeit eine Hochzeitstorte organisieren.<\/p>\n<p>Folgende Angaben sind notwendig f\u00fcr die Organisation Ihrer Hochzeitstorte:<\/p>\n<p><strong>Fotos:<\/strong> Bitte senden Sie uns Fotos der Torte die Sie sich w\u00fcnschen. Gerne k\u00f6nnen Sie uns ein Bild aus dem Internet schicken.<\/p>\n<p><strong>Teig und F\u00fcllungen:<\/strong> Bitte teilen Sie uns mit, welchen Geschmack Sie f\u00fcr den Teig und die F\u00fcllung haben m\u00f6chten.<\/p>\n<p><strong>Design:<\/strong> Je detaillierter das Design des Zuckergusses ist, desto teurer wird der Kuchen. Das Design sollte auf den gesendeten Bildern gut sichtbar sein.<\/p>\n<p><strong>Lieferung und Aufbewahrung:<\/strong> Es ist wichtig, den Veranstaltungsort \/ Caterer dar\u00fcber zu informieren, dass ein Kuchen geliefert wird um sicherzustellen, dass er Platz f\u00fcr die Aufbewahrung hat. Normalerweise m\u00fcssen Hochzeitstorten nicht gek\u00fchlt, sondern lediglich an einem k\u00fchlen Ort aufbewahrt werden.<\/p>\n\t\t\t\t\t\t\t\t<\/div>\n\t\t\t\t<\/div>\n\t\t\t\t\t<\/div>\n\t\t<\/div>\n\t\t\t\t<div class=\"elementor-column elementor-col-50 elementor-top-column elementor-element elementor-element-60f6eddf\" data-id=\"60f6eddf\" data-element_type=\"column\" data-e-type=\"column\">\n\t\t\t<div class=\"elementor-widget-wrap elementor-element-populated\">\n\t\t\t\t\t\t<div class=\"elementor-element elementor-element-d5d4835 elementor-widget elementor-widget-image\" data-id=\"d5d4835\" data-element_type=\"widget\" data-e-type=\"widget\" data-widget_type=\"image.default\">\n\t\t\t\t<div class=\"elementor-widget-container\">\n\t\t\t\t\t\t\t\t\t\t\t\t\t\t\t<img fetchpriority=\"high\" decoding=\"async\" width=\"760\" height=\"500\" src=\"https:\/\/www.weddingportugal.com\/wp-content\/uploads\/2020\/12\/WeddingCake.jpg\" class=\"attachment-large size-large wp-image-3030\" alt=\"\" srcset=\"https:\/\/www.weddingportugal.com\/wp-content\/uploads\/2020\/12\/WeddingCake.jpg 760w, https:\/\/www.weddingportugal.com\/wp-content\/uploads\/2020\/12\/WeddingCake-300x197.jpg 300w\" sizes=\"(max-width: 760px) 100vw, 760px\" \/>\t\t\t\t\t\t\t\t\t\t\t\t\t\t\t<\/div>\n\t\t\t\t<\/div>\n\t\t\t\t\t<\/div>\n\t\t<\/div>\n\t\t\t\t\t<\/div>\n\t\t<\/section>\n\t\t\t\t<\/div>\n\t\t","protected":false},"excerpt":{"rendered":"<p>F\u00fcr einen besonderen Anlass wie eine Hochzeit, bedarf es auch eine besondere Torte. Eine Hochzeitstorte ist ein gelungenes Deko-Elementen, ein klassisches Hochzeitsritual und ein kulinarischer H\u00f6hepunkt. Der Moment des gemeinsamen Anschneidens, die strahlenden Gesichter der G\u00e4ste, und die Erinnerungen die uns f\u00fcr immer erhalten bleiben; sind ein guter Grund eine Hochzeitstorte zu haben. Wir helfen [&hellip;]<\/p>\n","protected":false},"author":1,"featured_media":3030,"parent":4524,"menu_order":126,"comment_status":"closed","ping_status":"closed","template":"","meta":{"content-type":"","footnotes":""},"class_list":["post-4529","page","type-page","status-publish","has-post-thumbnail","hentry"],"yoast_head":"<!-- This site is optimized with the Yoast SEO plugin v27.2 - https:\/\/yoast.com\/product\/yoast-seo-wordpress\/ -->\n<title>Hochzeitstorte - Wedding Portugal<\/title>\n<meta name=\"robots\" content=\"index, follow, max-snippet:-1, max-image-preview:large, max-video-preview:-1\" \/>\n<link rel=\"canonical\" href=\"https:\/\/www.weddingportugal.com\/de\/services\/mehr-dienstleistungen\/hochzeitstorte\/\" \/>\n<meta property=\"og:locale\" content=\"de_DE\" \/>\n<meta property=\"og:type\" content=\"article\" \/>\n<meta property=\"og:title\" content=\"Hochzeitstorte - Wedding Portugal\" \/>\n<meta property=\"og:description\" content=\"F\u00fcr einen besonderen Anlass wie eine Hochzeit, bedarf es auch eine besondere Torte. Eine Hochzeitstorte ist ein gelungenes Deko-Elementen, ein klassisches Hochzeitsritual und ein kulinarischer H\u00f6hepunkt. Der Moment des gemeinsamen Anschneidens, die strahlenden Gesichter der G\u00e4ste, und die Erinnerungen die uns f\u00fcr immer erhalten bleiben; sind ein guter Grund eine Hochzeitstorte zu haben. Wir helfen [&hellip;]\" \/>\n<meta property=\"og:url\" content=\"https:\/\/www.weddingportugal.com\/de\/services\/mehr-dienstleistungen\/hochzeitstorte\/\" \/>\n<meta property=\"og:site_name\" content=\"Wedding Portugal\" \/>\n<meta property=\"article:modified_time\" content=\"2021-07-26T17:37:39+00:00\" \/>\n<meta property=\"og:image\" content=\"https:\/\/www.weddingportugal.com\/wp-content\/uploads\/2020\/12\/WeddingCake.jpg\" \/>\n\t<meta property=\"og:image:width\" content=\"760\" \/>\n\t<meta property=\"og:image:height\" content=\"500\" \/>\n\t<meta property=\"og:image:type\" content=\"image\/jpeg\" \/>\n<meta name=\"twitter:card\" content=\"summary_large_image\" \/>\n<meta name=\"twitter:label1\" content=\"Gesch\u00e4tzte Lesezeit\" \/>\n\t<meta name=\"twitter:data1\" content=\"1\u00a0Minute\" \/>\n<script type=\"application\/ld+json\" class=\"yoast-schema-graph\">{\"@context\":\"https:\/\/schema.org\",\"@graph\":[{\"@type\":\"WebPage\",\"@id\":\"https:\/\/www.weddingportugal.com\/de\/services\/mehr-dienstleistungen\/hochzeitstorte\/\",\"url\":\"https:\/\/www.weddingportugal.com\/de\/services\/mehr-dienstleistungen\/hochzeitstorte\/\",\"name\":\"Hochzeitstorte - Wedding Portugal\",\"isPartOf\":{\"@id\":\"https:\/\/www.weddingportugal.com\/de\/#website\"},\"primaryImageOfPage\":{\"@id\":\"https:\/\/www.weddingportugal.com\/de\/services\/mehr-dienstleistungen\/hochzeitstorte\/#primaryimage\"},\"image\":{\"@id\":\"https:\/\/www.weddingportugal.com\/de\/services\/mehr-dienstleistungen\/hochzeitstorte\/#primaryimage\"},\"thumbnailUrl\":\"https:\/\/www.weddingportugal.com\/wp-content\/uploads\/2020\/12\/WeddingCake.jpg\",\"datePublished\":\"2021-07-07T10:14:54+00:00\",\"dateModified\":\"2021-07-26T17:37:39+00:00\",\"breadcrumb\":{\"@id\":\"https:\/\/www.weddingportugal.com\/de\/services\/mehr-dienstleistungen\/hochzeitstorte\/#breadcrumb\"},\"inLanguage\":\"de\",\"potentialAction\":[{\"@type\":\"ReadAction\",\"target\":[\"https:\/\/www.weddingportugal.com\/de\/services\/mehr-dienstleistungen\/hochzeitstorte\/\"]}]},{\"@type\":\"ImageObject\",\"inLanguage\":\"de\",\"@id\":\"https:\/\/www.weddingportugal.com\/de\/services\/mehr-dienstleistungen\/hochzeitstorte\/#primaryimage\",\"url\":\"https:\/\/www.weddingportugal.com\/wp-content\/uploads\/2020\/12\/WeddingCake.jpg\",\"contentUrl\":\"https:\/\/www.weddingportugal.com\/wp-content\/uploads\/2020\/12\/WeddingCake.jpg\",\"width\":760,\"height\":500},{\"@type\":\"BreadcrumbList\",\"@id\":\"https:\/\/www.weddingportugal.com\/de\/services\/mehr-dienstleistungen\/hochzeitstorte\/#breadcrumb\",\"itemListElement\":[{\"@type\":\"ListItem\",\"position\":1,\"name\":\"Home\",\"item\":\"https:\/\/www.weddingportugal.com\/de\/\"},{\"@type\":\"ListItem\",\"position\":2,\"name\":\"Services\",\"item\":\"https:\/\/www.weddingportugal.com\/de\/services\/\"},{\"@type\":\"ListItem\",\"position\":3,\"name\":\"Mehr Dienstleistungen\",\"item\":\"https:\/\/www.weddingportugal.com\/de\/services\/mehr-dienstleistungen\/\"},{\"@type\":\"ListItem\",\"position\":4,\"name\":\"Hochzeitstorte\"}]},{\"@type\":\"WebSite\",\"@id\":\"https:\/\/www.weddingportugal.com\/de\/#website\",\"url\":\"https:\/\/www.weddingportugal.com\/de\/\",\"name\":\"Wedding Portugal\",\"description\":\"We tell you why you should get your weeding in Portugal\",\"publisher\":{\"@id\":\"https:\/\/www.weddingportugal.com\/de\/#organization\"},\"potentialAction\":[{\"@type\":\"SearchAction\",\"target\":{\"@type\":\"EntryPoint\",\"urlTemplate\":\"https:\/\/www.weddingportugal.com\/de\/?s={search_term_string}\"},\"query-input\":{\"@type\":\"PropertyValueSpecification\",\"valueRequired\":true,\"valueName\":\"search_term_string\"}}],\"inLanguage\":\"de\"},{\"@type\":\"Organization\",\"@id\":\"https:\/\/www.weddingportugal.com\/de\/#organization\",\"name\":\"Wedding Portugal\",\"url\":\"https:\/\/www.weddingportugal.com\/de\/\",\"logo\":{\"@type\":\"ImageObject\",\"inLanguage\":\"de\",\"@id\":\"https:\/\/www.weddingportugal.com\/de\/#\/schema\/logo\/image\/\",\"url\":\"https:\/\/www.weddingportugal.com\/wp-content\/uploads\/2020\/02\/cropped-logo-WeddingPortugal.png\",\"contentUrl\":\"https:\/\/www.weddingportugal.com\/wp-content\/uploads\/2020\/02\/cropped-logo-WeddingPortugal.png\",\"width\":523,\"height\":89,\"caption\":\"Wedding Portugal\"},\"image\":{\"@id\":\"https:\/\/www.weddingportugal.com\/de\/#\/schema\/logo\/image\/\"}}]}<\/script>\n<!-- \/ Yoast SEO plugin. -->","yoast_head_json":{"title":"Hochzeitstorte - Wedding Portugal","robots":{"index":"index","follow":"follow","max-snippet":"max-snippet:-1","max-image-preview":"max-image-preview:large","max-video-preview":"max-video-preview:-1"},"canonical":"https:\/\/www.weddingportugal.com\/de\/services\/mehr-dienstleistungen\/hochzeitstorte\/","og_locale":"de_DE","og_type":"article","og_title":"Hochzeitstorte - Wedding Portugal","og_description":"F\u00fcr einen besonderen Anlass wie eine Hochzeit, bedarf es auch eine besondere Torte. Eine Hochzeitstorte ist ein gelungenes Deko-Elementen, ein klassisches Hochzeitsritual und ein kulinarischer H\u00f6hepunkt. Der Moment des gemeinsamen Anschneidens, die strahlenden Gesichter der G\u00e4ste, und die Erinnerungen die uns f\u00fcr immer erhalten bleiben; sind ein guter Grund eine Hochzeitstorte zu haben. Wir helfen [&hellip;]","og_url":"https:\/\/www.weddingportugal.com\/de\/services\/mehr-dienstleistungen\/hochzeitstorte\/","og_site_name":"Wedding Portugal","article_modified_time":"2021-07-26T17:37:39+00:00","og_image":[{"width":760,"height":500,"url":"https:\/\/www.weddingportugal.com\/wp-content\/uploads\/2020\/12\/WeddingCake.jpg","type":"image\/jpeg"}],"twitter_card":"summary_large_image","twitter_misc":{"Gesch\u00e4tzte Lesezeit":"1\u00a0Minute"},"schema":{"@context":"https:\/\/schema.org","@graph":[{"@type":"WebPage","@id":"https:\/\/www.weddingportugal.com\/de\/services\/mehr-dienstleistungen\/hochzeitstorte\/","url":"https:\/\/www.weddingportugal.com\/de\/services\/mehr-dienstleistungen\/hochzeitstorte\/","name":"Hochzeitstorte - Wedding Portugal","isPartOf":{"@id":"https:\/\/www.weddingportugal.com\/de\/#website"},"primaryImageOfPage":{"@id":"https:\/\/www.weddingportugal.com\/de\/services\/mehr-dienstleistungen\/hochzeitstorte\/#primaryimage"},"image":{"@id":"https:\/\/www.weddingportugal.com\/de\/services\/mehr-dienstleistungen\/hochzeitstorte\/#primaryimage"},"thumbnailUrl":"https:\/\/www.weddingportugal.com\/wp-content\/uploads\/2020\/12\/WeddingCake.jpg","datePublished":"2021-07-07T10:14:54+00:00","dateModified":"2021-07-26T17:37:39+00:00","breadcrumb":{"@id":"https:\/\/www.weddingportugal.com\/de\/services\/mehr-dienstleistungen\/hochzeitstorte\/#breadcrumb"},"inLanguage":"de","potentialAction":[{"@type":"ReadAction","target":["https:\/\/www.weddingportugal.com\/de\/services\/mehr-dienstleistungen\/hochzeitstorte\/"]}]},{"@type":"ImageObject","inLanguage":"de","@id":"https:\/\/www.weddingportugal.com\/de\/services\/mehr-dienstleistungen\/hochzeitstorte\/#primaryimage","url":"https:\/\/www.weddingportugal.com\/wp-content\/uploads\/2020\/12\/WeddingCake.jpg","contentUrl":"https:\/\/www.weddingportugal.com\/wp-content\/uploads\/2020\/12\/WeddingCake.jpg","width":760,"height":500},{"@type":"BreadcrumbList","@id":"https:\/\/www.weddingportugal.com\/de\/services\/mehr-dienstleistungen\/hochzeitstorte\/#breadcrumb","itemListElement":[{"@type":"ListItem","position":1,"name":"Home","item":"https:\/\/www.weddingportugal.com\/de\/"},{"@type":"ListItem","position":2,"name":"Services","item":"https:\/\/www.weddingportugal.com\/de\/services\/"},{"@type":"ListItem","position":3,"name":"Mehr Dienstleistungen","item":"https:\/\/www.weddingportugal.com\/de\/services\/mehr-dienstleistungen\/"},{"@type":"ListItem","position":4,"name":"Hochzeitstorte"}]},{"@type":"WebSite","@id":"https:\/\/www.weddingportugal.com\/de\/#website","url":"https:\/\/www.weddingportugal.com\/de\/","name":"Wedding Portugal","description":"We tell you why you should get your weeding in Portugal","publisher":{"@id":"https:\/\/www.weddingportugal.com\/de\/#organization"},"potentialAction":[{"@type":"SearchAction","target":{"@type":"EntryPoint","urlTemplate":"https:\/\/www.weddingportugal.com\/de\/?s={search_term_string}"},"query-input":{"@type":"PropertyValueSpecification","valueRequired":true,"valueName":"search_term_string"}}],"inLanguage":"de"},{"@type":"Organization","@id":"https:\/\/www.weddingportugal.com\/de\/#organization","name":"Wedding Portugal","url":"https:\/\/www.weddingportugal.com\/de\/","logo":{"@type":"ImageObject","inLanguage":"de","@id":"https:\/\/www.weddingportugal.com\/de\/#\/schema\/logo\/image\/","url":"https:\/\/www.weddingportugal.com\/wp-content\/uploads\/2020\/02\/cropped-logo-WeddingPortugal.png","contentUrl":"https:\/\/www.weddingportugal.com\/wp-content\/uploads\/2020\/02\/cropped-logo-WeddingPortugal.png","width":523,"height":89,"caption":"Wedding Portugal"},"image":{"@id":"https:\/\/www.weddingportugal.com\/de\/#\/schema\/logo\/image\/"}}]}},"_links":{"self":[{"href":"https:\/\/www.weddingportugal.com\/de\/wp-json\/wp\/v2\/pages\/4529","targetHints":{"allow":["GET"]}}],"collection":[{"href":"https:\/\/www.weddingportugal.com\/de\/wp-json\/wp\/v2\/pages"}],"about":[{"href":"https:\/\/www.weddingportugal.com\/de\/wp-json\/wp\/v2\/types\/page"}],"author":[{"embeddable":true,"href":"https:\/\/www.weddingportugal.com\/de\/wp-json\/wp\/v2\/users\/1"}],"replies":[{"embeddable":true,"href":"https:\/\/www.weddingportugal.com\/de\/wp-json\/wp\/v2\/comments?post=4529"}],"version-history":[{"count":1,"href":"https:\/\/www.weddingportugal.com\/de\/wp-json\/wp\/v2\/pages\/4529\/revisions"}],"predecessor-version":[{"id":4530,"href":"https:\/\/www.weddingportugal.com\/de\/wp-json\/wp\/v2\/pages\/4529\/revisions\/4530"}],"up":[{"embeddable":true,"href":"https:\/\/www.weddingportugal.com\/de\/wp-json\/wp\/v2\/pages\/4524"}],"wp:featuredmedia":[{"embeddable":true,"href":"https:\/\/www.weddingportugal.com\/de\/wp-json\/wp\/v2\/media\/3030"}],"wp:attachment":[{"href":"https:\/\/www.weddingportugal.com\/de\/wp-json\/wp\/v2\/media?parent=4529"}],"curies":[{"name":"wp","href":"https:\/\/api.w.org\/{rel}","templated":true}]}}