{"id":4522,"date":"2021-07-07T10:09:08","date_gmt":"2021-07-07T10:09:08","guid":{"rendered":"https:\/\/www.weddingportugal.com\/services\/transport\/tuk-tuks\/"},"modified":"2021-07-26T17:37:38","modified_gmt":"2021-07-26T17:37:38","slug":"tuk-tuks","status":"publish","type":"page","link":"https:\/\/www.weddingportugal.com\/de\/services\/transport\/tuk-tuks\/","title":{"rendered":"Tuk Tuks"},"content":{"rendered":"\t\t<div data-elementor-type=\"wp-page\" data-elementor-id=\"4522\" class=\"elementor elementor-4522 elementor-2943\" data-elementor-post-type=\"page\">\n\t\t\t\t\t\t<section class=\"elementor-section elementor-top-section elementor-element elementor-element-1e447590 elementor-section-boxed elementor-section-height-default elementor-section-height-default\" data-id=\"1e447590\" data-element_type=\"section\" data-e-type=\"section\">\n\t\t\t\t\t\t<div class=\"elementor-container elementor-column-gap-default\">\n\t\t\t\t\t<div class=\"elementor-column elementor-col-50 elementor-top-column elementor-element elementor-element-3b6f9864\" data-id=\"3b6f9864\" data-element_type=\"column\" data-e-type=\"column\">\n\t\t\t<div class=\"elementor-widget-wrap elementor-element-populated\">\n\t\t\t\t\t\t<div class=\"elementor-element elementor-element-1ddbe20c elementor-widget elementor-widget-text-editor\" data-id=\"1ddbe20c\" data-element_type=\"widget\" data-e-type=\"widget\" data-widget_type=\"text-editor.default\">\n\t\t\t\t<div class=\"elementor-widget-container\">\n\t\t\t\t\t\t\t\t\t<p>Diese brillanten kleinen Fahrzeuge machen gro\u00dfen Spa\u00df und sind eine perfekte Alternative f\u00fcr eine Fahrt zum Hochzeitsort.<\/p>\n<p>F\u00fcr einen detaillierten Kostenvoranschlag teilen Sie uns bitte Ihre gew\u00fcnschten Abfahrts- und Ankunftszeiten mit, wie die gew\u00fcnschte Strecke und die Anzahl der Passagiere.<\/p>\n<p>Die Passagierkapazit\u00e4t eines Tuk Tuks liegt bei 2 &#8211; 6 Personen je nach verf\u00fcgbarem Model.<\/p>\n<p>Bitte kontaktieren Sie uns f\u00fcr weitere Informationen oder wenn Sie m\u00f6chten, dass wir f\u00fcr Ihre Hochzeit einen Tuk Tuk organisieren.<\/p>\n<p>E-Mail: <a href=\"mailto:info@weddingportugal.com\">info@weddingportugal.com<\/a><\/p>\n\t\t\t\t\t\t\t\t<\/div>\n\t\t\t\t<\/div>\n\t\t\t\t\t<\/div>\n\t\t<\/div>\n\t\t\t\t<div class=\"elementor-column elementor-col-50 elementor-top-column elementor-element elementor-element-1561b74b\" data-id=\"1561b74b\" data-element_type=\"column\" data-e-type=\"column\">\n\t\t\t<div class=\"elementor-widget-wrap elementor-element-populated\">\n\t\t\t\t\t\t<div class=\"elementor-element elementor-element-70b7d10c elementor-widget elementor-widget-image\" data-id=\"70b7d10c\" data-element_type=\"widget\" data-e-type=\"widget\" data-widget_type=\"image.default\">\n\t\t\t\t<div class=\"elementor-widget-container\">\n\t\t\t\t\t\t\t\t\t\t\t\t\t\t\t<img fetchpriority=\"high\" decoding=\"async\" width=\"760\" height=\"500\" src=\"https:\/\/www.weddingportugal.com\/wp-content\/uploads\/2020\/12\/TukTuks.jpg\" class=\"attachment-large size-large wp-image-2947\" alt=\"\" srcset=\"https:\/\/www.weddingportugal.com\/wp-content\/uploads\/2020\/12\/TukTuks.jpg 760w, https:\/\/www.weddingportugal.com\/wp-content\/uploads\/2020\/12\/TukTuks-300x197.jpg 300w\" sizes=\"(max-width: 760px) 100vw, 760px\" \/>\t\t\t\t\t\t\t\t\t\t\t\t\t\t\t<\/div>\n\t\t\t\t<\/div>\n\t\t\t\t\t<\/div>\n\t\t<\/div>\n\t\t\t\t\t<\/div>\n\t\t<\/section>\n\t\t\t\t<\/div>\n\t\t","protected":false},"excerpt":{"rendered":"<p>Diese brillanten kleinen Fahrzeuge machen gro\u00dfen Spa\u00df und sind eine perfekte Alternative f\u00fcr eine Fahrt zum Hochzeitsort. F\u00fcr einen detaillierten Kostenvoranschlag teilen Sie uns bitte Ihre gew\u00fcnschten Abfahrts- und Ankunftszeiten mit, wie die gew\u00fcnschte Strecke und die Anzahl der Passagiere. Die Passagierkapazit\u00e4t eines Tuk Tuks liegt bei 2 &#8211; 6 Personen je nach verf\u00fcgbarem Model. [&hellip;]<\/p>\n","protected":false},"author":1,"featured_media":2947,"parent":4518,"menu_order":122,"comment_status":"closed","ping_status":"closed","template":"","meta":{"content-type":"","footnotes":""},"class_list":["post-4522","page","type-page","status-publish","has-post-thumbnail","hentry"],"yoast_head":"<!-- This site is optimized with the Yoast SEO plugin v27.2 - https:\/\/yoast.com\/product\/yoast-seo-wordpress\/ -->\n<title>Tuk Tuks - Wedding Portugal<\/title>\n<meta name=\"robots\" content=\"index, follow, max-snippet:-1, max-image-preview:large, max-video-preview:-1\" \/>\n<link rel=\"canonical\" href=\"https:\/\/www.weddingportugal.com\/de\/services\/transport\/tuk-tuks\/\" \/>\n<meta property=\"og:locale\" content=\"de_DE\" \/>\n<meta property=\"og:type\" content=\"article\" \/>\n<meta property=\"og:title\" content=\"Tuk Tuks - Wedding Portugal\" \/>\n<meta property=\"og:description\" content=\"Diese brillanten kleinen Fahrzeuge machen gro\u00dfen Spa\u00df und sind eine perfekte Alternative f\u00fcr eine Fahrt zum Hochzeitsort. F\u00fcr einen detaillierten Kostenvoranschlag teilen Sie uns bitte Ihre gew\u00fcnschten Abfahrts- und Ankunftszeiten mit, wie die gew\u00fcnschte Strecke und die Anzahl der Passagiere. Die Passagierkapazit\u00e4t eines Tuk Tuks liegt bei 2 &#8211; 6 Personen je nach verf\u00fcgbarem Model. [&hellip;]\" \/>\n<meta property=\"og:url\" content=\"https:\/\/www.weddingportugal.com\/de\/services\/transport\/tuk-tuks\/\" \/>\n<meta property=\"og:site_name\" content=\"Wedding Portugal\" \/>\n<meta property=\"article:modified_time\" content=\"2021-07-26T17:37:38+00:00\" \/>\n<meta property=\"og:image\" content=\"https:\/\/www.weddingportugal.com\/wp-content\/uploads\/2020\/12\/TukTuks.jpg\" \/>\n\t<meta property=\"og:image:width\" content=\"760\" \/>\n\t<meta property=\"og:image:height\" content=\"500\" \/>\n\t<meta property=\"og:image:type\" content=\"image\/jpeg\" \/>\n<meta name=\"twitter:card\" content=\"summary_large_image\" \/>\n<script type=\"application\/ld+json\" class=\"yoast-schema-graph\">{\"@context\":\"https:\/\/schema.org\",\"@graph\":[{\"@type\":\"WebPage\",\"@id\":\"https:\/\/www.weddingportugal.com\/de\/services\/transport\/tuk-tuks\/\",\"url\":\"https:\/\/www.weddingportugal.com\/de\/services\/transport\/tuk-tuks\/\",\"name\":\"Tuk Tuks - Wedding Portugal\",\"isPartOf\":{\"@id\":\"https:\/\/www.weddingportugal.com\/de\/#website\"},\"primaryImageOfPage\":{\"@id\":\"https:\/\/www.weddingportugal.com\/de\/services\/transport\/tuk-tuks\/#primaryimage\"},\"image\":{\"@id\":\"https:\/\/www.weddingportugal.com\/de\/services\/transport\/tuk-tuks\/#primaryimage\"},\"thumbnailUrl\":\"https:\/\/www.weddingportugal.com\/wp-content\/uploads\/2020\/12\/TukTuks.jpg\",\"datePublished\":\"2021-07-07T10:09:08+00:00\",\"dateModified\":\"2021-07-26T17:37:38+00:00\",\"breadcrumb\":{\"@id\":\"https:\/\/www.weddingportugal.com\/de\/services\/transport\/tuk-tuks\/#breadcrumb\"},\"inLanguage\":\"de\",\"potentialAction\":[{\"@type\":\"ReadAction\",\"target\":[\"https:\/\/www.weddingportugal.com\/de\/services\/transport\/tuk-tuks\/\"]}]},{\"@type\":\"ImageObject\",\"inLanguage\":\"de\",\"@id\":\"https:\/\/www.weddingportugal.com\/de\/services\/transport\/tuk-tuks\/#primaryimage\",\"url\":\"https:\/\/www.weddingportugal.com\/wp-content\/uploads\/2020\/12\/TukTuks.jpg\",\"contentUrl\":\"https:\/\/www.weddingportugal.com\/wp-content\/uploads\/2020\/12\/TukTuks.jpg\",\"width\":760,\"height\":500},{\"@type\":\"BreadcrumbList\",\"@id\":\"https:\/\/www.weddingportugal.com\/de\/services\/transport\/tuk-tuks\/#breadcrumb\",\"itemListElement\":[{\"@type\":\"ListItem\",\"position\":1,\"name\":\"Home\",\"item\":\"https:\/\/www.weddingportugal.com\/de\/\"},{\"@type\":\"ListItem\",\"position\":2,\"name\":\"Services\",\"item\":\"https:\/\/www.weddingportugal.com\/de\/services\/\"},{\"@type\":\"ListItem\",\"position\":3,\"name\":\"Transport\",\"item\":\"https:\/\/www.weddingportugal.com\/de\/services\/transport\/\"},{\"@type\":\"ListItem\",\"position\":4,\"name\":\"Tuk Tuks\"}]},{\"@type\":\"WebSite\",\"@id\":\"https:\/\/www.weddingportugal.com\/de\/#website\",\"url\":\"https:\/\/www.weddingportugal.com\/de\/\",\"name\":\"Wedding Portugal\",\"description\":\"We tell you why you should get your weeding in Portugal\",\"publisher\":{\"@id\":\"https:\/\/www.weddingportugal.com\/de\/#organization\"},\"potentialAction\":[{\"@type\":\"SearchAction\",\"target\":{\"@type\":\"EntryPoint\",\"urlTemplate\":\"https:\/\/www.weddingportugal.com\/de\/?s={search_term_string}\"},\"query-input\":{\"@type\":\"PropertyValueSpecification\",\"valueRequired\":true,\"valueName\":\"search_term_string\"}}],\"inLanguage\":\"de\"},{\"@type\":\"Organization\",\"@id\":\"https:\/\/www.weddingportugal.com\/de\/#organization\",\"name\":\"Wedding Portugal\",\"url\":\"https:\/\/www.weddingportugal.com\/de\/\",\"logo\":{\"@type\":\"ImageObject\",\"inLanguage\":\"de\",\"@id\":\"https:\/\/www.weddingportugal.com\/de\/#\/schema\/logo\/image\/\",\"url\":\"https:\/\/www.weddingportugal.com\/wp-content\/uploads\/2020\/02\/cropped-logo-WeddingPortugal.png\",\"contentUrl\":\"https:\/\/www.weddingportugal.com\/wp-content\/uploads\/2020\/02\/cropped-logo-WeddingPortugal.png\",\"width\":523,\"height\":89,\"caption\":\"Wedding Portugal\"},\"image\":{\"@id\":\"https:\/\/www.weddingportugal.com\/de\/#\/schema\/logo\/image\/\"}}]}<\/script>\n<!-- \/ Yoast SEO plugin. -->","yoast_head_json":{"title":"Tuk Tuks - Wedding Portugal","robots":{"index":"index","follow":"follow","max-snippet":"max-snippet:-1","max-image-preview":"max-image-preview:large","max-video-preview":"max-video-preview:-1"},"canonical":"https:\/\/www.weddingportugal.com\/de\/services\/transport\/tuk-tuks\/","og_locale":"de_DE","og_type":"article","og_title":"Tuk Tuks - Wedding Portugal","og_description":"Diese brillanten kleinen Fahrzeuge machen gro\u00dfen Spa\u00df und sind eine perfekte Alternative f\u00fcr eine Fahrt zum Hochzeitsort. F\u00fcr einen detaillierten Kostenvoranschlag teilen Sie uns bitte Ihre gew\u00fcnschten Abfahrts- und Ankunftszeiten mit, wie die gew\u00fcnschte Strecke und die Anzahl der Passagiere. Die Passagierkapazit\u00e4t eines Tuk Tuks liegt bei 2 &#8211; 6 Personen je nach verf\u00fcgbarem Model. [&hellip;]","og_url":"https:\/\/www.weddingportugal.com\/de\/services\/transport\/tuk-tuks\/","og_site_name":"Wedding Portugal","article_modified_time":"2021-07-26T17:37:38+00:00","og_image":[{"width":760,"height":500,"url":"https:\/\/www.weddingportugal.com\/wp-content\/uploads\/2020\/12\/TukTuks.jpg","type":"image\/jpeg"}],"twitter_card":"summary_large_image","schema":{"@context":"https:\/\/schema.org","@graph":[{"@type":"WebPage","@id":"https:\/\/www.weddingportugal.com\/de\/services\/transport\/tuk-tuks\/","url":"https:\/\/www.weddingportugal.com\/de\/services\/transport\/tuk-tuks\/","name":"Tuk Tuks - Wedding Portugal","isPartOf":{"@id":"https:\/\/www.weddingportugal.com\/de\/#website"},"primaryImageOfPage":{"@id":"https:\/\/www.weddingportugal.com\/de\/services\/transport\/tuk-tuks\/#primaryimage"},"image":{"@id":"https:\/\/www.weddingportugal.com\/de\/services\/transport\/tuk-tuks\/#primaryimage"},"thumbnailUrl":"https:\/\/www.weddingportugal.com\/wp-content\/uploads\/2020\/12\/TukTuks.jpg","datePublished":"2021-07-07T10:09:08+00:00","dateModified":"2021-07-26T17:37:38+00:00","breadcrumb":{"@id":"https:\/\/www.weddingportugal.com\/de\/services\/transport\/tuk-tuks\/#breadcrumb"},"inLanguage":"de","potentialAction":[{"@type":"ReadAction","target":["https:\/\/www.weddingportugal.com\/de\/services\/transport\/tuk-tuks\/"]}]},{"@type":"ImageObject","inLanguage":"de","@id":"https:\/\/www.weddingportugal.com\/de\/services\/transport\/tuk-tuks\/#primaryimage","url":"https:\/\/www.weddingportugal.com\/wp-content\/uploads\/2020\/12\/TukTuks.jpg","contentUrl":"https:\/\/www.weddingportugal.com\/wp-content\/uploads\/2020\/12\/TukTuks.jpg","width":760,"height":500},{"@type":"BreadcrumbList","@id":"https:\/\/www.weddingportugal.com\/de\/services\/transport\/tuk-tuks\/#breadcrumb","itemListElement":[{"@type":"ListItem","position":1,"name":"Home","item":"https:\/\/www.weddingportugal.com\/de\/"},{"@type":"ListItem","position":2,"name":"Services","item":"https:\/\/www.weddingportugal.com\/de\/services\/"},{"@type":"ListItem","position":3,"name":"Transport","item":"https:\/\/www.weddingportugal.com\/de\/services\/transport\/"},{"@type":"ListItem","position":4,"name":"Tuk Tuks"}]},{"@type":"WebSite","@id":"https:\/\/www.weddingportugal.com\/de\/#website","url":"https:\/\/www.weddingportugal.com\/de\/","name":"Wedding Portugal","description":"We tell you why you should get your weeding in Portugal","publisher":{"@id":"https:\/\/www.weddingportugal.com\/de\/#organization"},"potentialAction":[{"@type":"SearchAction","target":{"@type":"EntryPoint","urlTemplate":"https:\/\/www.weddingportugal.com\/de\/?s={search_term_string}"},"query-input":{"@type":"PropertyValueSpecification","valueRequired":true,"valueName":"search_term_string"}}],"inLanguage":"de"},{"@type":"Organization","@id":"https:\/\/www.weddingportugal.com\/de\/#organization","name":"Wedding Portugal","url":"https:\/\/www.weddingportugal.com\/de\/","logo":{"@type":"ImageObject","inLanguage":"de","@id":"https:\/\/www.weddingportugal.com\/de\/#\/schema\/logo\/image\/","url":"https:\/\/www.weddingportugal.com\/wp-content\/uploads\/2020\/02\/cropped-logo-WeddingPortugal.png","contentUrl":"https:\/\/www.weddingportugal.com\/wp-content\/uploads\/2020\/02\/cropped-logo-WeddingPortugal.png","width":523,"height":89,"caption":"Wedding Portugal"},"image":{"@id":"https:\/\/www.weddingportugal.com\/de\/#\/schema\/logo\/image\/"}}]}},"_links":{"self":[{"href":"https:\/\/www.weddingportugal.com\/de\/wp-json\/wp\/v2\/pages\/4522","targetHints":{"allow":["GET"]}}],"collection":[{"href":"https:\/\/www.weddingportugal.com\/de\/wp-json\/wp\/v2\/pages"}],"about":[{"href":"https:\/\/www.weddingportugal.com\/de\/wp-json\/wp\/v2\/types\/page"}],"author":[{"embeddable":true,"href":"https:\/\/www.weddingportugal.com\/de\/wp-json\/wp\/v2\/users\/1"}],"replies":[{"embeddable":true,"href":"https:\/\/www.weddingportugal.com\/de\/wp-json\/wp\/v2\/comments?post=4522"}],"version-history":[{"count":1,"href":"https:\/\/www.weddingportugal.com\/de\/wp-json\/wp\/v2\/pages\/4522\/revisions"}],"predecessor-version":[{"id":4523,"href":"https:\/\/www.weddingportugal.com\/de\/wp-json\/wp\/v2\/pages\/4522\/revisions\/4523"}],"up":[{"embeddable":true,"href":"https:\/\/www.weddingportugal.com\/de\/wp-json\/wp\/v2\/pages\/4518"}],"wp:featuredmedia":[{"embeddable":true,"href":"https:\/\/www.weddingportugal.com\/de\/wp-json\/wp\/v2\/media\/2947"}],"wp:attachment":[{"href":"https:\/\/www.weddingportugal.com\/de\/wp-json\/wp\/v2\/media?parent=4522"}],"curies":[{"name":"wp","href":"https:\/\/api.w.org\/{rel}","templated":true}]}}