{"id":4514,"date":"2021-07-07T09:22:27","date_gmt":"2021-07-07T09:22:27","guid":{"rendered":"https:\/\/www.weddingportugal.com\/services\/live-musik\/tragbare-lautsprecher\/"},"modified":"2021-07-26T17:37:37","modified_gmt":"2021-07-26T17:37:37","slug":"tragbare-lautsprecher","status":"publish","type":"page","link":"https:\/\/www.weddingportugal.com\/de\/services\/live-musik\/tragbare-lautsprecher\/","title":{"rendered":"Tragbare Lautsprecher"},"content":{"rendered":"\t\t<div data-elementor-type=\"wp-page\" data-elementor-id=\"4514\" class=\"elementor elementor-4514 elementor-2834\" data-elementor-post-type=\"page\">\n\t\t\t\t\t\t<section class=\"elementor-section elementor-top-section elementor-element elementor-element-12535bb elementor-section-boxed elementor-section-height-default elementor-section-height-default\" data-id=\"12535bb\" data-element_type=\"section\" data-e-type=\"section\">\n\t\t\t\t\t\t<div class=\"elementor-container elementor-column-gap-default\">\n\t\t\t\t\t<div class=\"elementor-column elementor-col-50 elementor-top-column elementor-element elementor-element-7fe25598\" data-id=\"7fe25598\" data-element_type=\"column\" data-e-type=\"column\">\n\t\t\t<div class=\"elementor-widget-wrap elementor-element-populated\">\n\t\t\t\t\t\t<div class=\"elementor-element elementor-element-5094a94d elementor-widget elementor-widget-text-editor\" data-id=\"5094a94d\" data-element_type=\"widget\" data-e-type=\"widget\" data-widget_type=\"text-editor.default\">\n\t\t\t\t<div class=\"elementor-widget-container\">\n\t\t\t\t\t\t\t\t\t<p>F\u00fcr Strandhochzeiten k\u00f6nnen Sie bei uns einen tragbaren batteriebetriebenen Lautsprecher mieten. Sie k\u00f6nnen uns Ihre Songs als MP3-Dateien senden oder Ihre Musik auf ein Telefon oder einen MP3-Player mit AUX-Ausgang oder Bluetooth \u00fcbertragen. Es stehen verschiedene Modelle zur Verf\u00fcgung, einige mit der Option, auch ein Mikrofon anzuschlie\u00dfen. Wir beraten Sie gerne welcher Lautsprecher f\u00fcr Ihre Gruppengr\u00f6\u00dfe ausreicht.<\/p>\n<p><strong>Kosten: ab 100 \u20ac<\/strong><\/p>\n\t\t\t\t\t\t\t\t<\/div>\n\t\t\t\t<\/div>\n\t\t\t\t\t<\/div>\n\t\t<\/div>\n\t\t\t\t<div class=\"elementor-column elementor-col-50 elementor-top-column elementor-element elementor-element-47097e2e\" data-id=\"47097e2e\" data-element_type=\"column\" data-e-type=\"column\">\n\t\t\t<div class=\"elementor-widget-wrap elementor-element-populated\">\n\t\t\t\t\t\t<div class=\"elementor-element elementor-element-6f4ead43 elementor-widget elementor-widget-image\" data-id=\"6f4ead43\" data-element_type=\"widget\" data-e-type=\"widget\" data-widget_type=\"image.default\">\n\t\t\t\t<div class=\"elementor-widget-container\">\n\t\t\t\t\t\t\t\t\t\t\t\t\t\t\t<img fetchpriority=\"high\" decoding=\"async\" width=\"760\" height=\"500\" src=\"https:\/\/www.weddingportugal.com\/wp-content\/uploads\/2020\/12\/PortableSpeakers.jpg\" class=\"attachment-large size-large wp-image-2933\" alt=\"\" srcset=\"https:\/\/www.weddingportugal.com\/wp-content\/uploads\/2020\/12\/PortableSpeakers.jpg 760w, https:\/\/www.weddingportugal.com\/wp-content\/uploads\/2020\/12\/PortableSpeakers-300x197.jpg 300w\" sizes=\"(max-width: 760px) 100vw, 760px\" \/>\t\t\t\t\t\t\t\t\t\t\t\t\t\t\t<\/div>\n\t\t\t\t<\/div>\n\t\t\t\t\t<\/div>\n\t\t<\/div>\n\t\t\t\t\t<\/div>\n\t\t<\/section>\n\t\t\t\t<\/div>\n\t\t","protected":false},"excerpt":{"rendered":"<p>F\u00fcr Strandhochzeiten k\u00f6nnen Sie bei uns einen tragbaren batteriebetriebenen Lautsprecher mieten. Sie k\u00f6nnen uns Ihre Songs als MP3-Dateien senden oder Ihre Musik auf ein Telefon oder einen MP3-Player mit AUX-Ausgang oder Bluetooth \u00fcbertragen. Es stehen verschiedene Modelle zur Verf\u00fcgung, einige mit der Option, auch ein Mikrofon anzuschlie\u00dfen. Wir beraten Sie gerne welcher Lautsprecher f\u00fcr Ihre [&hellip;]<\/p>\n","protected":false},"author":1,"featured_media":2933,"parent":4488,"menu_order":118,"comment_status":"closed","ping_status":"closed","template":"","meta":{"content-type":"","footnotes":""},"class_list":["post-4514","page","type-page","status-publish","has-post-thumbnail","hentry"],"yoast_head":"<!-- This site is optimized with the Yoast SEO plugin v27.2 - https:\/\/yoast.com\/product\/yoast-seo-wordpress\/ -->\n<title>Tragbare Lautsprecher - Wedding Portugal<\/title>\n<meta name=\"robots\" content=\"index, follow, max-snippet:-1, max-image-preview:large, max-video-preview:-1\" \/>\n<link rel=\"canonical\" href=\"https:\/\/www.weddingportugal.com\/de\/services\/live-musik\/tragbare-lautsprecher\/\" \/>\n<meta property=\"og:locale\" content=\"de_DE\" \/>\n<meta property=\"og:type\" content=\"article\" \/>\n<meta property=\"og:title\" content=\"Tragbare Lautsprecher - Wedding Portugal\" \/>\n<meta property=\"og:description\" content=\"F\u00fcr Strandhochzeiten k\u00f6nnen Sie bei uns einen tragbaren batteriebetriebenen Lautsprecher mieten. Sie k\u00f6nnen uns Ihre Songs als MP3-Dateien senden oder Ihre Musik auf ein Telefon oder einen MP3-Player mit AUX-Ausgang oder Bluetooth \u00fcbertragen. Es stehen verschiedene Modelle zur Verf\u00fcgung, einige mit der Option, auch ein Mikrofon anzuschlie\u00dfen. Wir beraten Sie gerne welcher Lautsprecher f\u00fcr Ihre [&hellip;]\" \/>\n<meta property=\"og:url\" content=\"https:\/\/www.weddingportugal.com\/de\/services\/live-musik\/tragbare-lautsprecher\/\" \/>\n<meta property=\"og:site_name\" content=\"Wedding Portugal\" \/>\n<meta property=\"article:modified_time\" content=\"2021-07-26T17:37:37+00:00\" \/>\n<meta property=\"og:image\" content=\"https:\/\/www.weddingportugal.com\/wp-content\/uploads\/2020\/12\/PortableSpeakers.jpg\" \/>\n\t<meta property=\"og:image:width\" content=\"760\" \/>\n\t<meta property=\"og:image:height\" content=\"500\" \/>\n\t<meta property=\"og:image:type\" content=\"image\/jpeg\" \/>\n<meta name=\"twitter:card\" content=\"summary_large_image\" \/>\n<script type=\"application\/ld+json\" class=\"yoast-schema-graph\">{\"@context\":\"https:\/\/schema.org\",\"@graph\":[{\"@type\":\"WebPage\",\"@id\":\"https:\/\/www.weddingportugal.com\/de\/services\/live-musik\/tragbare-lautsprecher\/\",\"url\":\"https:\/\/www.weddingportugal.com\/de\/services\/live-musik\/tragbare-lautsprecher\/\",\"name\":\"Tragbare Lautsprecher - Wedding Portugal\",\"isPartOf\":{\"@id\":\"https:\/\/www.weddingportugal.com\/de\/#website\"},\"primaryImageOfPage\":{\"@id\":\"https:\/\/www.weddingportugal.com\/de\/services\/live-musik\/tragbare-lautsprecher\/#primaryimage\"},\"image\":{\"@id\":\"https:\/\/www.weddingportugal.com\/de\/services\/live-musik\/tragbare-lautsprecher\/#primaryimage\"},\"thumbnailUrl\":\"https:\/\/www.weddingportugal.com\/wp-content\/uploads\/2020\/12\/PortableSpeakers.jpg\",\"datePublished\":\"2021-07-07T09:22:27+00:00\",\"dateModified\":\"2021-07-26T17:37:37+00:00\",\"breadcrumb\":{\"@id\":\"https:\/\/www.weddingportugal.com\/de\/services\/live-musik\/tragbare-lautsprecher\/#breadcrumb\"},\"inLanguage\":\"de\",\"potentialAction\":[{\"@type\":\"ReadAction\",\"target\":[\"https:\/\/www.weddingportugal.com\/de\/services\/live-musik\/tragbare-lautsprecher\/\"]}]},{\"@type\":\"ImageObject\",\"inLanguage\":\"de\",\"@id\":\"https:\/\/www.weddingportugal.com\/de\/services\/live-musik\/tragbare-lautsprecher\/#primaryimage\",\"url\":\"https:\/\/www.weddingportugal.com\/wp-content\/uploads\/2020\/12\/PortableSpeakers.jpg\",\"contentUrl\":\"https:\/\/www.weddingportugal.com\/wp-content\/uploads\/2020\/12\/PortableSpeakers.jpg\",\"width\":760,\"height\":500},{\"@type\":\"BreadcrumbList\",\"@id\":\"https:\/\/www.weddingportugal.com\/de\/services\/live-musik\/tragbare-lautsprecher\/#breadcrumb\",\"itemListElement\":[{\"@type\":\"ListItem\",\"position\":1,\"name\":\"Home\",\"item\":\"https:\/\/www.weddingportugal.com\/de\/\"},{\"@type\":\"ListItem\",\"position\":2,\"name\":\"Services\",\"item\":\"https:\/\/www.weddingportugal.com\/de\/services\/\"},{\"@type\":\"ListItem\",\"position\":3,\"name\":\"Live Musik\",\"item\":\"https:\/\/www.weddingportugal.com\/de\/services\/live-musik\/\"},{\"@type\":\"ListItem\",\"position\":4,\"name\":\"Tragbare Lautsprecher\"}]},{\"@type\":\"WebSite\",\"@id\":\"https:\/\/www.weddingportugal.com\/de\/#website\",\"url\":\"https:\/\/www.weddingportugal.com\/de\/\",\"name\":\"Wedding Portugal\",\"description\":\"We tell you why you should get your weeding in Portugal\",\"publisher\":{\"@id\":\"https:\/\/www.weddingportugal.com\/de\/#organization\"},\"potentialAction\":[{\"@type\":\"SearchAction\",\"target\":{\"@type\":\"EntryPoint\",\"urlTemplate\":\"https:\/\/www.weddingportugal.com\/de\/?s={search_term_string}\"},\"query-input\":{\"@type\":\"PropertyValueSpecification\",\"valueRequired\":true,\"valueName\":\"search_term_string\"}}],\"inLanguage\":\"de\"},{\"@type\":\"Organization\",\"@id\":\"https:\/\/www.weddingportugal.com\/de\/#organization\",\"name\":\"Wedding Portugal\",\"url\":\"https:\/\/www.weddingportugal.com\/de\/\",\"logo\":{\"@type\":\"ImageObject\",\"inLanguage\":\"de\",\"@id\":\"https:\/\/www.weddingportugal.com\/de\/#\/schema\/logo\/image\/\",\"url\":\"https:\/\/www.weddingportugal.com\/wp-content\/uploads\/2020\/02\/cropped-logo-WeddingPortugal.png\",\"contentUrl\":\"https:\/\/www.weddingportugal.com\/wp-content\/uploads\/2020\/02\/cropped-logo-WeddingPortugal.png\",\"width\":523,\"height\":89,\"caption\":\"Wedding Portugal\"},\"image\":{\"@id\":\"https:\/\/www.weddingportugal.com\/de\/#\/schema\/logo\/image\/\"}}]}<\/script>\n<!-- \/ Yoast SEO plugin. -->","yoast_head_json":{"title":"Tragbare Lautsprecher - Wedding Portugal","robots":{"index":"index","follow":"follow","max-snippet":"max-snippet:-1","max-image-preview":"max-image-preview:large","max-video-preview":"max-video-preview:-1"},"canonical":"https:\/\/www.weddingportugal.com\/de\/services\/live-musik\/tragbare-lautsprecher\/","og_locale":"de_DE","og_type":"article","og_title":"Tragbare Lautsprecher - Wedding Portugal","og_description":"F\u00fcr Strandhochzeiten k\u00f6nnen Sie bei uns einen tragbaren batteriebetriebenen Lautsprecher mieten. Sie k\u00f6nnen uns Ihre Songs als MP3-Dateien senden oder Ihre Musik auf ein Telefon oder einen MP3-Player mit AUX-Ausgang oder Bluetooth \u00fcbertragen. Es stehen verschiedene Modelle zur Verf\u00fcgung, einige mit der Option, auch ein Mikrofon anzuschlie\u00dfen. Wir beraten Sie gerne welcher Lautsprecher f\u00fcr Ihre [&hellip;]","og_url":"https:\/\/www.weddingportugal.com\/de\/services\/live-musik\/tragbare-lautsprecher\/","og_site_name":"Wedding Portugal","article_modified_time":"2021-07-26T17:37:37+00:00","og_image":[{"width":760,"height":500,"url":"https:\/\/www.weddingportugal.com\/wp-content\/uploads\/2020\/12\/PortableSpeakers.jpg","type":"image\/jpeg"}],"twitter_card":"summary_large_image","schema":{"@context":"https:\/\/schema.org","@graph":[{"@type":"WebPage","@id":"https:\/\/www.weddingportugal.com\/de\/services\/live-musik\/tragbare-lautsprecher\/","url":"https:\/\/www.weddingportugal.com\/de\/services\/live-musik\/tragbare-lautsprecher\/","name":"Tragbare Lautsprecher - Wedding Portugal","isPartOf":{"@id":"https:\/\/www.weddingportugal.com\/de\/#website"},"primaryImageOfPage":{"@id":"https:\/\/www.weddingportugal.com\/de\/services\/live-musik\/tragbare-lautsprecher\/#primaryimage"},"image":{"@id":"https:\/\/www.weddingportugal.com\/de\/services\/live-musik\/tragbare-lautsprecher\/#primaryimage"},"thumbnailUrl":"https:\/\/www.weddingportugal.com\/wp-content\/uploads\/2020\/12\/PortableSpeakers.jpg","datePublished":"2021-07-07T09:22:27+00:00","dateModified":"2021-07-26T17:37:37+00:00","breadcrumb":{"@id":"https:\/\/www.weddingportugal.com\/de\/services\/live-musik\/tragbare-lautsprecher\/#breadcrumb"},"inLanguage":"de","potentialAction":[{"@type":"ReadAction","target":["https:\/\/www.weddingportugal.com\/de\/services\/live-musik\/tragbare-lautsprecher\/"]}]},{"@type":"ImageObject","inLanguage":"de","@id":"https:\/\/www.weddingportugal.com\/de\/services\/live-musik\/tragbare-lautsprecher\/#primaryimage","url":"https:\/\/www.weddingportugal.com\/wp-content\/uploads\/2020\/12\/PortableSpeakers.jpg","contentUrl":"https:\/\/www.weddingportugal.com\/wp-content\/uploads\/2020\/12\/PortableSpeakers.jpg","width":760,"height":500},{"@type":"BreadcrumbList","@id":"https:\/\/www.weddingportugal.com\/de\/services\/live-musik\/tragbare-lautsprecher\/#breadcrumb","itemListElement":[{"@type":"ListItem","position":1,"name":"Home","item":"https:\/\/www.weddingportugal.com\/de\/"},{"@type":"ListItem","position":2,"name":"Services","item":"https:\/\/www.weddingportugal.com\/de\/services\/"},{"@type":"ListItem","position":3,"name":"Live Musik","item":"https:\/\/www.weddingportugal.com\/de\/services\/live-musik\/"},{"@type":"ListItem","position":4,"name":"Tragbare Lautsprecher"}]},{"@type":"WebSite","@id":"https:\/\/www.weddingportugal.com\/de\/#website","url":"https:\/\/www.weddingportugal.com\/de\/","name":"Wedding Portugal","description":"We tell you why you should get your weeding in Portugal","publisher":{"@id":"https:\/\/www.weddingportugal.com\/de\/#organization"},"potentialAction":[{"@type":"SearchAction","target":{"@type":"EntryPoint","urlTemplate":"https:\/\/www.weddingportugal.com\/de\/?s={search_term_string}"},"query-input":{"@type":"PropertyValueSpecification","valueRequired":true,"valueName":"search_term_string"}}],"inLanguage":"de"},{"@type":"Organization","@id":"https:\/\/www.weddingportugal.com\/de\/#organization","name":"Wedding Portugal","url":"https:\/\/www.weddingportugal.com\/de\/","logo":{"@type":"ImageObject","inLanguage":"de","@id":"https:\/\/www.weddingportugal.com\/de\/#\/schema\/logo\/image\/","url":"https:\/\/www.weddingportugal.com\/wp-content\/uploads\/2020\/02\/cropped-logo-WeddingPortugal.png","contentUrl":"https:\/\/www.weddingportugal.com\/wp-content\/uploads\/2020\/02\/cropped-logo-WeddingPortugal.png","width":523,"height":89,"caption":"Wedding Portugal"},"image":{"@id":"https:\/\/www.weddingportugal.com\/de\/#\/schema\/logo\/image\/"}}]}},"_links":{"self":[{"href":"https:\/\/www.weddingportugal.com\/de\/wp-json\/wp\/v2\/pages\/4514","targetHints":{"allow":["GET"]}}],"collection":[{"href":"https:\/\/www.weddingportugal.com\/de\/wp-json\/wp\/v2\/pages"}],"about":[{"href":"https:\/\/www.weddingportugal.com\/de\/wp-json\/wp\/v2\/types\/page"}],"author":[{"embeddable":true,"href":"https:\/\/www.weddingportugal.com\/de\/wp-json\/wp\/v2\/users\/1"}],"replies":[{"embeddable":true,"href":"https:\/\/www.weddingportugal.com\/de\/wp-json\/wp\/v2\/comments?post=4514"}],"version-history":[{"count":1,"href":"https:\/\/www.weddingportugal.com\/de\/wp-json\/wp\/v2\/pages\/4514\/revisions"}],"predecessor-version":[{"id":4515,"href":"https:\/\/www.weddingportugal.com\/de\/wp-json\/wp\/v2\/pages\/4514\/revisions\/4515"}],"up":[{"embeddable":true,"href":"https:\/\/www.weddingportugal.com\/de\/wp-json\/wp\/v2\/pages\/4488"}],"wp:featuredmedia":[{"embeddable":true,"href":"https:\/\/www.weddingportugal.com\/de\/wp-json\/wp\/v2\/media\/2933"}],"wp:attachment":[{"href":"https:\/\/www.weddingportugal.com\/de\/wp-json\/wp\/v2\/media?parent=4514"}],"curies":[{"name":"wp","href":"https:\/\/api.w.org\/{rel}","templated":true}]}}