{"id":4490,"date":"2021-07-07T09:04:11","date_gmt":"2021-07-07T09:04:11","guid":{"rendered":"https:\/\/www.weddingportugal.com\/services\/live-musik\/algarve-pianist-ricardo\/"},"modified":"2021-07-26T17:37:34","modified_gmt":"2021-07-26T17:37:34","slug":"algarve-pianist-ricardo","status":"publish","type":"page","link":"https:\/\/www.weddingportugal.com\/de\/services\/live-musik\/algarve-pianist-ricardo\/","title":{"rendered":"ALGARVE &#8211; Pianist Ricardo"},"content":{"rendered":"\t\t<div data-elementor-type=\"wp-page\" data-elementor-id=\"4490\" class=\"elementor elementor-4490 elementor-2796\" data-elementor-post-type=\"page\">\n\t\t\t\t\t\t<section class=\"elementor-section elementor-top-section elementor-element elementor-element-110ab552 elementor-section-boxed elementor-section-height-default elementor-section-height-default\" data-id=\"110ab552\" data-element_type=\"section\" data-e-type=\"section\">\n\t\t\t\t\t\t<div class=\"elementor-container elementor-column-gap-default\">\n\t\t\t\t\t<div class=\"elementor-column elementor-col-50 elementor-top-column elementor-element elementor-element-94935cd\" data-id=\"94935cd\" data-element_type=\"column\" data-e-type=\"column\">\n\t\t\t<div class=\"elementor-widget-wrap elementor-element-populated\">\n\t\t\t\t\t\t<div class=\"elementor-element elementor-element-7269ec44 elementor-widget elementor-widget-text-editor\" data-id=\"7269ec44\" data-element_type=\"widget\" data-e-type=\"widget\" data-widget_type=\"text-editor.default\">\n\t\t\t\t<div class=\"elementor-widget-container\">\n\t\t\t\t\t\t\t\t\t<p>Lassen Sie Ihre Hochzeitszeremonie mit dem virtuosen Klang von Ricardos Klaviermusik unterstreichen. Ricardo begleitet unser Hochzeiten seit vielen Jahren, seine sanften Melodien bilden einen gelungenen musikalischen Rahmen f\u00fcr die wichtigen Momente Ihrer Zeremonie. Ricardo verf\u00fcgt \u00fcber ein gro\u00dfes Repertoire an Hochzeitsklassikern und modernen Liedern sowie eigene Kompositionen.<\/p>\n<p>Kontaktieren Sie uns, um Ricardo f\u00fcr Ihre Hochzeitszeremonie zu buchen. Er tritt auch als Duo auf, zusammen mit einer S\u00e4ngerin und ist f\u00fcr Trauungsgottesdienst und\/oder den Cocktailempfang verf\u00fcgbar.<\/p>\n\t\t\t\t\t\t\t\t<\/div>\n\t\t\t\t<\/div>\n\t\t\t\t\t<\/div>\n\t\t<\/div>\n\t\t\t\t<div class=\"elementor-column elementor-col-50 elementor-top-column elementor-element elementor-element-2980bb3c\" data-id=\"2980bb3c\" data-element_type=\"column\" data-e-type=\"column\">\n\t\t\t<div class=\"elementor-widget-wrap elementor-element-populated\">\n\t\t\t\t\t\t<div class=\"elementor-element elementor-element-98cfff5 elementor-widget elementor-widget-image\" data-id=\"98cfff5\" data-element_type=\"widget\" data-e-type=\"widget\" data-widget_type=\"image.default\">\n\t\t\t\t<div class=\"elementor-widget-container\">\n\t\t\t\t\t\t\t\t\t\t\t\t\t\t\t<img fetchpriority=\"high\" decoding=\"async\" width=\"760\" height=\"500\" src=\"https:\/\/www.weddingportugal.com\/wp-content\/uploads\/2020\/12\/ALGARVE-PianistRicardo.jpg\" class=\"attachment-large size-large wp-image-2800\" alt=\"\" srcset=\"https:\/\/www.weddingportugal.com\/wp-content\/uploads\/2020\/12\/ALGARVE-PianistRicardo.jpg 760w, https:\/\/www.weddingportugal.com\/wp-content\/uploads\/2020\/12\/ALGARVE-PianistRicardo-300x197.jpg 300w\" sizes=\"(max-width: 760px) 100vw, 760px\" \/>\t\t\t\t\t\t\t\t\t\t\t\t\t\t\t<\/div>\n\t\t\t\t<\/div>\n\t\t\t\t\t<\/div>\n\t\t<\/div>\n\t\t\t\t\t<\/div>\n\t\t<\/section>\n\t\t\t\t<section class=\"elementor-section elementor-top-section elementor-element elementor-element-d123f00 elementor-section-boxed elementor-section-height-default elementor-section-height-default\" data-id=\"d123f00\" data-element_type=\"section\" data-e-type=\"section\">\n\t\t\t\t\t\t<div class=\"elementor-container elementor-column-gap-default\">\n\t\t\t\t\t<div class=\"elementor-column elementor-col-50 elementor-top-column elementor-element elementor-element-934c043\" data-id=\"934c043\" data-element_type=\"column\" data-e-type=\"column\">\n\t\t\t<div class=\"elementor-widget-wrap elementor-element-populated\">\n\t\t\t\t\t\t<div class=\"elementor-element elementor-element-4a8b078 elementor-widget elementor-widget-video\" data-id=\"4a8b078\" data-element_type=\"widget\" data-e-type=\"widget\" data-settings=\"{&quot;youtube_url&quot;:&quot;https:\\\/\\\/youtu.be\\\/I8KCZFOR-tM&quot;,&quot;video_type&quot;:&quot;youtube&quot;,&quot;controls&quot;:&quot;yes&quot;}\" data-widget_type=\"video.default\">\n\t\t\t\t<div class=\"elementor-widget-container\">\n\t\t\t\t\t\t\t<div class=\"elementor-wrapper elementor-open-inline\">\n\t\t\t<div class=\"elementor-video\"><\/div>\t\t<\/div>\n\t\t\t\t\t\t<\/div>\n\t\t\t\t<\/div>\n\t\t\t\t\t<\/div>\n\t\t<\/div>\n\t\t\t\t<div class=\"elementor-column elementor-col-50 elementor-top-column elementor-element elementor-element-c8d36df\" data-id=\"c8d36df\" data-element_type=\"column\" data-e-type=\"column\">\n\t\t\t<div class=\"elementor-widget-wrap elementor-element-populated\">\n\t\t\t\t\t\t<div class=\"elementor-element elementor-element-8f14767 elementor-widget elementor-widget-video\" data-id=\"8f14767\" data-element_type=\"widget\" data-e-type=\"widget\" data-settings=\"{&quot;youtube_url&quot;:&quot;https:\\\/\\\/youtu.be\\\/VuqIp0kwZZg&quot;,&quot;video_type&quot;:&quot;youtube&quot;,&quot;controls&quot;:&quot;yes&quot;}\" data-widget_type=\"video.default\">\n\t\t\t\t<div class=\"elementor-widget-container\">\n\t\t\t\t\t\t\t<div class=\"elementor-wrapper elementor-open-inline\">\n\t\t\t<div class=\"elementor-video\"><\/div>\t\t<\/div>\n\t\t\t\t\t\t<\/div>\n\t\t\t\t<\/div>\n\t\t\t\t\t<\/div>\n\t\t<\/div>\n\t\t\t\t\t<\/div>\n\t\t<\/section>\n\t\t\t\t<\/div>\n\t\t","protected":false},"excerpt":{"rendered":"<p>Lassen Sie Ihre Hochzeitszeremonie mit dem virtuosen Klang von Ricardos Klaviermusik unterstreichen. Ricardo begleitet unser Hochzeiten seit vielen Jahren, seine sanften Melodien bilden einen gelungenen musikalischen Rahmen f\u00fcr die wichtigen Momente Ihrer Zeremonie. Ricardo verf\u00fcgt \u00fcber ein gro\u00dfes Repertoire an Hochzeitsklassikern und modernen Liedern sowie eigene Kompositionen. Kontaktieren Sie uns, um Ricardo f\u00fcr Ihre Hochzeitszeremonie [&hellip;]<\/p>\n","protected":false},"author":1,"featured_media":2800,"parent":4488,"menu_order":106,"comment_status":"closed","ping_status":"closed","template":"","meta":{"content-type":"","footnotes":""},"class_list":["post-4490","page","type-page","status-publish","has-post-thumbnail","hentry"],"yoast_head":"<!-- This site is optimized with the Yoast SEO plugin v27.2 - https:\/\/yoast.com\/product\/yoast-seo-wordpress\/ -->\n<title>ALGARVE - Pianist Ricardo - Wedding Portugal<\/title>\n<meta name=\"robots\" content=\"index, follow, max-snippet:-1, max-image-preview:large, max-video-preview:-1\" \/>\n<link rel=\"canonical\" href=\"https:\/\/www.weddingportugal.com\/de\/services\/live-musik\/algarve-pianist-ricardo\/\" \/>\n<meta property=\"og:locale\" content=\"de_DE\" \/>\n<meta property=\"og:type\" content=\"article\" \/>\n<meta property=\"og:title\" content=\"ALGARVE - Pianist Ricardo - Wedding Portugal\" \/>\n<meta property=\"og:description\" content=\"Lassen Sie Ihre Hochzeitszeremonie mit dem virtuosen Klang von Ricardos Klaviermusik unterstreichen. Ricardo begleitet unser Hochzeiten seit vielen Jahren, seine sanften Melodien bilden einen gelungenen musikalischen Rahmen f\u00fcr die wichtigen Momente Ihrer Zeremonie. Ricardo verf\u00fcgt \u00fcber ein gro\u00dfes Repertoire an Hochzeitsklassikern und modernen Liedern sowie eigene Kompositionen. Kontaktieren Sie uns, um Ricardo f\u00fcr Ihre Hochzeitszeremonie [&hellip;]\" \/>\n<meta property=\"og:url\" content=\"https:\/\/www.weddingportugal.com\/de\/services\/live-musik\/algarve-pianist-ricardo\/\" \/>\n<meta property=\"og:site_name\" content=\"Wedding Portugal\" \/>\n<meta property=\"article:modified_time\" content=\"2021-07-26T17:37:34+00:00\" \/>\n<meta property=\"og:image\" content=\"https:\/\/www.weddingportugal.com\/wp-content\/uploads\/2020\/12\/ALGARVE-PianistRicardo.jpg\" \/>\n\t<meta property=\"og:image:width\" content=\"760\" \/>\n\t<meta property=\"og:image:height\" content=\"500\" \/>\n\t<meta property=\"og:image:type\" content=\"image\/jpeg\" \/>\n<meta name=\"twitter:card\" content=\"summary_large_image\" \/>\n<script type=\"application\/ld+json\" class=\"yoast-schema-graph\">{\"@context\":\"https:\/\/schema.org\",\"@graph\":[{\"@type\":\"WebPage\",\"@id\":\"https:\/\/www.weddingportugal.com\/de\/services\/live-musik\/algarve-pianist-ricardo\/\",\"url\":\"https:\/\/www.weddingportugal.com\/de\/services\/live-musik\/algarve-pianist-ricardo\/\",\"name\":\"ALGARVE - Pianist Ricardo - Wedding Portugal\",\"isPartOf\":{\"@id\":\"https:\/\/www.weddingportugal.com\/de\/#website\"},\"primaryImageOfPage\":{\"@id\":\"https:\/\/www.weddingportugal.com\/de\/services\/live-musik\/algarve-pianist-ricardo\/#primaryimage\"},\"image\":{\"@id\":\"https:\/\/www.weddingportugal.com\/de\/services\/live-musik\/algarve-pianist-ricardo\/#primaryimage\"},\"thumbnailUrl\":\"https:\/\/www.weddingportugal.com\/wp-content\/uploads\/2020\/12\/ALGARVE-PianistRicardo.jpg\",\"datePublished\":\"2021-07-07T09:04:11+00:00\",\"dateModified\":\"2021-07-26T17:37:34+00:00\",\"breadcrumb\":{\"@id\":\"https:\/\/www.weddingportugal.com\/de\/services\/live-musik\/algarve-pianist-ricardo\/#breadcrumb\"},\"inLanguage\":\"de\",\"potentialAction\":[{\"@type\":\"ReadAction\",\"target\":[\"https:\/\/www.weddingportugal.com\/de\/services\/live-musik\/algarve-pianist-ricardo\/\"]}]},{\"@type\":\"ImageObject\",\"inLanguage\":\"de\",\"@id\":\"https:\/\/www.weddingportugal.com\/de\/services\/live-musik\/algarve-pianist-ricardo\/#primaryimage\",\"url\":\"https:\/\/www.weddingportugal.com\/wp-content\/uploads\/2020\/12\/ALGARVE-PianistRicardo.jpg\",\"contentUrl\":\"https:\/\/www.weddingportugal.com\/wp-content\/uploads\/2020\/12\/ALGARVE-PianistRicardo.jpg\",\"width\":760,\"height\":500},{\"@type\":\"BreadcrumbList\",\"@id\":\"https:\/\/www.weddingportugal.com\/de\/services\/live-musik\/algarve-pianist-ricardo\/#breadcrumb\",\"itemListElement\":[{\"@type\":\"ListItem\",\"position\":1,\"name\":\"Home\",\"item\":\"https:\/\/www.weddingportugal.com\/de\/\"},{\"@type\":\"ListItem\",\"position\":2,\"name\":\"Services\",\"item\":\"https:\/\/www.weddingportugal.com\/de\/services\/\"},{\"@type\":\"ListItem\",\"position\":3,\"name\":\"Live Musik\",\"item\":\"https:\/\/www.weddingportugal.com\/de\/services\/live-musik\/\"},{\"@type\":\"ListItem\",\"position\":4,\"name\":\"ALGARVE &#8211; Pianist Ricardo\"}]},{\"@type\":\"WebSite\",\"@id\":\"https:\/\/www.weddingportugal.com\/de\/#website\",\"url\":\"https:\/\/www.weddingportugal.com\/de\/\",\"name\":\"Wedding Portugal\",\"description\":\"We tell you why you should get your weeding in Portugal\",\"publisher\":{\"@id\":\"https:\/\/www.weddingportugal.com\/de\/#organization\"},\"potentialAction\":[{\"@type\":\"SearchAction\",\"target\":{\"@type\":\"EntryPoint\",\"urlTemplate\":\"https:\/\/www.weddingportugal.com\/de\/?s={search_term_string}\"},\"query-input\":{\"@type\":\"PropertyValueSpecification\",\"valueRequired\":true,\"valueName\":\"search_term_string\"}}],\"inLanguage\":\"de\"},{\"@type\":\"Organization\",\"@id\":\"https:\/\/www.weddingportugal.com\/de\/#organization\",\"name\":\"Wedding Portugal\",\"url\":\"https:\/\/www.weddingportugal.com\/de\/\",\"logo\":{\"@type\":\"ImageObject\",\"inLanguage\":\"de\",\"@id\":\"https:\/\/www.weddingportugal.com\/de\/#\/schema\/logo\/image\/\",\"url\":\"https:\/\/www.weddingportugal.com\/wp-content\/uploads\/2020\/02\/cropped-logo-WeddingPortugal.png\",\"contentUrl\":\"https:\/\/www.weddingportugal.com\/wp-content\/uploads\/2020\/02\/cropped-logo-WeddingPortugal.png\",\"width\":523,\"height\":89,\"caption\":\"Wedding Portugal\"},\"image\":{\"@id\":\"https:\/\/www.weddingportugal.com\/de\/#\/schema\/logo\/image\/\"}}]}<\/script>\n<!-- \/ Yoast SEO plugin. -->","yoast_head_json":{"title":"ALGARVE - Pianist Ricardo - Wedding Portugal","robots":{"index":"index","follow":"follow","max-snippet":"max-snippet:-1","max-image-preview":"max-image-preview:large","max-video-preview":"max-video-preview:-1"},"canonical":"https:\/\/www.weddingportugal.com\/de\/services\/live-musik\/algarve-pianist-ricardo\/","og_locale":"de_DE","og_type":"article","og_title":"ALGARVE - Pianist Ricardo - Wedding Portugal","og_description":"Lassen Sie Ihre Hochzeitszeremonie mit dem virtuosen Klang von Ricardos Klaviermusik unterstreichen. Ricardo begleitet unser Hochzeiten seit vielen Jahren, seine sanften Melodien bilden einen gelungenen musikalischen Rahmen f\u00fcr die wichtigen Momente Ihrer Zeremonie. Ricardo verf\u00fcgt \u00fcber ein gro\u00dfes Repertoire an Hochzeitsklassikern und modernen Liedern sowie eigene Kompositionen. Kontaktieren Sie uns, um Ricardo f\u00fcr Ihre Hochzeitszeremonie [&hellip;]","og_url":"https:\/\/www.weddingportugal.com\/de\/services\/live-musik\/algarve-pianist-ricardo\/","og_site_name":"Wedding Portugal","article_modified_time":"2021-07-26T17:37:34+00:00","og_image":[{"width":760,"height":500,"url":"https:\/\/www.weddingportugal.com\/wp-content\/uploads\/2020\/12\/ALGARVE-PianistRicardo.jpg","type":"image\/jpeg"}],"twitter_card":"summary_large_image","schema":{"@context":"https:\/\/schema.org","@graph":[{"@type":"WebPage","@id":"https:\/\/www.weddingportugal.com\/de\/services\/live-musik\/algarve-pianist-ricardo\/","url":"https:\/\/www.weddingportugal.com\/de\/services\/live-musik\/algarve-pianist-ricardo\/","name":"ALGARVE - Pianist Ricardo - Wedding Portugal","isPartOf":{"@id":"https:\/\/www.weddingportugal.com\/de\/#website"},"primaryImageOfPage":{"@id":"https:\/\/www.weddingportugal.com\/de\/services\/live-musik\/algarve-pianist-ricardo\/#primaryimage"},"image":{"@id":"https:\/\/www.weddingportugal.com\/de\/services\/live-musik\/algarve-pianist-ricardo\/#primaryimage"},"thumbnailUrl":"https:\/\/www.weddingportugal.com\/wp-content\/uploads\/2020\/12\/ALGARVE-PianistRicardo.jpg","datePublished":"2021-07-07T09:04:11+00:00","dateModified":"2021-07-26T17:37:34+00:00","breadcrumb":{"@id":"https:\/\/www.weddingportugal.com\/de\/services\/live-musik\/algarve-pianist-ricardo\/#breadcrumb"},"inLanguage":"de","potentialAction":[{"@type":"ReadAction","target":["https:\/\/www.weddingportugal.com\/de\/services\/live-musik\/algarve-pianist-ricardo\/"]}]},{"@type":"ImageObject","inLanguage":"de","@id":"https:\/\/www.weddingportugal.com\/de\/services\/live-musik\/algarve-pianist-ricardo\/#primaryimage","url":"https:\/\/www.weddingportugal.com\/wp-content\/uploads\/2020\/12\/ALGARVE-PianistRicardo.jpg","contentUrl":"https:\/\/www.weddingportugal.com\/wp-content\/uploads\/2020\/12\/ALGARVE-PianistRicardo.jpg","width":760,"height":500},{"@type":"BreadcrumbList","@id":"https:\/\/www.weddingportugal.com\/de\/services\/live-musik\/algarve-pianist-ricardo\/#breadcrumb","itemListElement":[{"@type":"ListItem","position":1,"name":"Home","item":"https:\/\/www.weddingportugal.com\/de\/"},{"@type":"ListItem","position":2,"name":"Services","item":"https:\/\/www.weddingportugal.com\/de\/services\/"},{"@type":"ListItem","position":3,"name":"Live Musik","item":"https:\/\/www.weddingportugal.com\/de\/services\/live-musik\/"},{"@type":"ListItem","position":4,"name":"ALGARVE &#8211; Pianist Ricardo"}]},{"@type":"WebSite","@id":"https:\/\/www.weddingportugal.com\/de\/#website","url":"https:\/\/www.weddingportugal.com\/de\/","name":"Wedding Portugal","description":"We tell you why you should get your weeding in Portugal","publisher":{"@id":"https:\/\/www.weddingportugal.com\/de\/#organization"},"potentialAction":[{"@type":"SearchAction","target":{"@type":"EntryPoint","urlTemplate":"https:\/\/www.weddingportugal.com\/de\/?s={search_term_string}"},"query-input":{"@type":"PropertyValueSpecification","valueRequired":true,"valueName":"search_term_string"}}],"inLanguage":"de"},{"@type":"Organization","@id":"https:\/\/www.weddingportugal.com\/de\/#organization","name":"Wedding Portugal","url":"https:\/\/www.weddingportugal.com\/de\/","logo":{"@type":"ImageObject","inLanguage":"de","@id":"https:\/\/www.weddingportugal.com\/de\/#\/schema\/logo\/image\/","url":"https:\/\/www.weddingportugal.com\/wp-content\/uploads\/2020\/02\/cropped-logo-WeddingPortugal.png","contentUrl":"https:\/\/www.weddingportugal.com\/wp-content\/uploads\/2020\/02\/cropped-logo-WeddingPortugal.png","width":523,"height":89,"caption":"Wedding Portugal"},"image":{"@id":"https:\/\/www.weddingportugal.com\/de\/#\/schema\/logo\/image\/"}}]}},"_links":{"self":[{"href":"https:\/\/www.weddingportugal.com\/de\/wp-json\/wp\/v2\/pages\/4490","targetHints":{"allow":["GET"]}}],"collection":[{"href":"https:\/\/www.weddingportugal.com\/de\/wp-json\/wp\/v2\/pages"}],"about":[{"href":"https:\/\/www.weddingportugal.com\/de\/wp-json\/wp\/v2\/types\/page"}],"author":[{"embeddable":true,"href":"https:\/\/www.weddingportugal.com\/de\/wp-json\/wp\/v2\/users\/1"}],"replies":[{"embeddable":true,"href":"https:\/\/www.weddingportugal.com\/de\/wp-json\/wp\/v2\/comments?post=4490"}],"version-history":[{"count":1,"href":"https:\/\/www.weddingportugal.com\/de\/wp-json\/wp\/v2\/pages\/4490\/revisions"}],"predecessor-version":[{"id":4491,"href":"https:\/\/www.weddingportugal.com\/de\/wp-json\/wp\/v2\/pages\/4490\/revisions\/4491"}],"up":[{"embeddable":true,"href":"https:\/\/www.weddingportugal.com\/de\/wp-json\/wp\/v2\/pages\/4488"}],"wp:featuredmedia":[{"embeddable":true,"href":"https:\/\/www.weddingportugal.com\/de\/wp-json\/wp\/v2\/media\/2800"}],"wp:attachment":[{"href":"https:\/\/www.weddingportugal.com\/de\/wp-json\/wp\/v2\/media?parent=4490"}],"curies":[{"name":"wp","href":"https:\/\/api.w.org\/{rel}","templated":true}]}}