{"id":4486,"date":"2021-07-07T09:00:13","date_gmt":"2021-07-07T09:00:13","guid":{"rendered":"https:\/\/www.weddingportugal.com\/services\/haar-und-make-up\/algarve-judith-hair-make-up-artist\/"},"modified":"2021-07-26T17:37:20","modified_gmt":"2021-07-26T17:37:20","slug":"algarve-judith-hair-make-up-artist","status":"publish","type":"page","link":"https:\/\/www.weddingportugal.com\/de\/services\/haar-und-make-up\/algarve-judith-hair-make-up-artist\/","title":{"rendered":"ALGARVE &#8211; Judith Hair &#038; Make-up artist"},"content":{"rendered":"\t\t<div data-elementor-type=\"wp-page\" data-elementor-id=\"4486\" class=\"elementor elementor-4486 elementor-2655\" data-elementor-post-type=\"page\">\n\t\t\t\t\t\t<section class=\"elementor-section elementor-top-section elementor-element elementor-element-1ad4f372 elementor-section-boxed elementor-section-height-default elementor-section-height-default\" data-id=\"1ad4f372\" data-element_type=\"section\" data-e-type=\"section\">\n\t\t\t\t\t\t<div class=\"elementor-container elementor-column-gap-default\">\n\t\t\t\t\t<div class=\"elementor-column elementor-col-50 elementor-top-column elementor-element elementor-element-4c98c543\" data-id=\"4c98c543\" data-element_type=\"column\" data-e-type=\"column\">\n\t\t\t<div class=\"elementor-widget-wrap elementor-element-populated\">\n\t\t\t\t\t\t<div class=\"elementor-element elementor-element-18106a2e elementor-widget elementor-widget-text-editor\" data-id=\"18106a2e\" data-element_type=\"widget\" data-e-type=\"widget\" data-widget_type=\"text-editor.default\">\n\t\t\t\t<div class=\"elementor-widget-container\">\n\t\t\t\t\t\t\t\t\t<p>&#8222;Vielen Dank f\u00fcr meine wundersch\u00f6ne Frisur und das Make up, es ist genau das, was ich mir vorgestellt habe! Wir sind \u00fcbergl\u00fccklich, wie alles gelaufen ist.&#8220;<\/p>\n<p>Judith ist unsere langj\u00e4hrige Partnerin an der Algarve, sie ist hochqualifiziert und hat schon viele positive R\u00fcckmeldungen von unseren fr\u00fcheren Kunden erhalten. Judith spricht Niederl\u00e4ndisch, Portugiesisch und Englisch. Sie reist \u00fcberall an die Algarve, die Reisekosten werden auf Anfrage mitgeteilt.<\/p>\n<p>Au\u00dfer f\u00fcr das Haarstyling und Make-up der Braut, bietet Judith Ihren Service auch f\u00fcr die G\u00e4ste an, die daran interessiert sind.<\/p>\n<p>Wir empfehlen den Make-up-Service, f\u00fcr max. 4 Personen (einschlie\u00dflich der Braut) zu buchen, um zu vermeiden, dass der Service zu viel Zeit in Anspruch nimmt. Bei mehr als 4 Personen empfehlen wir zus\u00e4tzliches Personal oder eine alternative L\u00f6sung.<\/p>\n<p>Kontaktieren Sie uns f\u00fcr mehr Informationen und um Judith f\u00fcr Ihren Hochzeitstag zu buchen.<\/p>\n\t\t\t\t\t\t\t\t<\/div>\n\t\t\t\t<\/div>\n\t\t\t\t\t<\/div>\n\t\t<\/div>\n\t\t\t\t<div class=\"elementor-column elementor-col-50 elementor-top-column elementor-element elementor-element-1e2b5117\" data-id=\"1e2b5117\" data-element_type=\"column\" data-e-type=\"column\">\n\t\t\t<div class=\"elementor-widget-wrap elementor-element-populated\">\n\t\t\t\t\t\t<div class=\"elementor-element elementor-element-53bcdfe4 elementor-widget elementor-widget-image\" data-id=\"53bcdfe4\" data-element_type=\"widget\" data-e-type=\"widget\" data-widget_type=\"image.default\">\n\t\t\t\t<div class=\"elementor-widget-container\">\n\t\t\t\t\t\t\t\t\t\t\t\t\t\t\t<img fetchpriority=\"high\" decoding=\"async\" width=\"760\" height=\"500\" src=\"https:\/\/www.weddingportugal.com\/wp-content\/uploads\/2020\/11\/JudithHairMakeUpArtist.jpg\" class=\"attachment-large size-large wp-image-2697\" alt=\"\" srcset=\"https:\/\/www.weddingportugal.com\/wp-content\/uploads\/2020\/11\/JudithHairMakeUpArtist.jpg 760w, https:\/\/www.weddingportugal.com\/wp-content\/uploads\/2020\/11\/JudithHairMakeUpArtist-300x197.jpg 300w\" sizes=\"(max-width: 760px) 100vw, 760px\" \/>\t\t\t\t\t\t\t\t\t\t\t\t\t\t\t<\/div>\n\t\t\t\t<\/div>\n\t\t\t\t\t<\/div>\n\t\t<\/div>\n\t\t\t\t\t<\/div>\n\t\t<\/section>\n\t\t\t\t<\/div>\n\t\t","protected":false},"excerpt":{"rendered":"<p>&#8222;Vielen Dank f\u00fcr meine wundersch\u00f6ne Frisur und das Make up, es ist genau das, was ich mir vorgestellt habe! Wir sind \u00fcbergl\u00fccklich, wie alles gelaufen ist.&#8220; Judith ist unsere langj\u00e4hrige Partnerin an der Algarve, sie ist hochqualifiziert und hat schon viele positive R\u00fcckmeldungen von unseren fr\u00fcheren Kunden erhalten. Judith spricht Niederl\u00e4ndisch, Portugiesisch und Englisch. Sie [&hellip;]<\/p>\n","protected":false},"author":1,"featured_media":2697,"parent":4482,"menu_order":94,"comment_status":"closed","ping_status":"closed","template":"","meta":{"content-type":"","footnotes":""},"class_list":["post-4486","page","type-page","status-publish","has-post-thumbnail","hentry"],"yoast_head":"<!-- This site is optimized with the Yoast SEO plugin v27.2 - https:\/\/yoast.com\/product\/yoast-seo-wordpress\/ -->\n<title>ALGARVE - Judith Hair &amp; Make-up artist - Wedding Portugal<\/title>\n<meta name=\"robots\" content=\"index, follow, max-snippet:-1, max-image-preview:large, max-video-preview:-1\" \/>\n<link rel=\"canonical\" href=\"https:\/\/www.weddingportugal.com\/de\/services\/haar-und-make-up\/algarve-judith-hair-make-up-artist\/\" \/>\n<meta property=\"og:locale\" content=\"de_DE\" \/>\n<meta property=\"og:type\" content=\"article\" \/>\n<meta property=\"og:title\" content=\"ALGARVE - Judith Hair &amp; Make-up artist - Wedding Portugal\" \/>\n<meta property=\"og:description\" content=\"&#8222;Vielen Dank f\u00fcr meine wundersch\u00f6ne Frisur und das Make up, es ist genau das, was ich mir vorgestellt habe! Wir sind \u00fcbergl\u00fccklich, wie alles gelaufen ist.&#8220; Judith ist unsere langj\u00e4hrige Partnerin an der Algarve, sie ist hochqualifiziert und hat schon viele positive R\u00fcckmeldungen von unseren fr\u00fcheren Kunden erhalten. Judith spricht Niederl\u00e4ndisch, Portugiesisch und Englisch. Sie [&hellip;]\" \/>\n<meta property=\"og:url\" content=\"https:\/\/www.weddingportugal.com\/de\/services\/haar-und-make-up\/algarve-judith-hair-make-up-artist\/\" \/>\n<meta property=\"og:site_name\" content=\"Wedding Portugal\" \/>\n<meta property=\"article:modified_time\" content=\"2021-07-26T17:37:20+00:00\" \/>\n<meta property=\"og:image\" content=\"https:\/\/www.weddingportugal.com\/wp-content\/uploads\/2020\/11\/JudithHairMakeUpArtist.jpg\" \/>\n\t<meta property=\"og:image:width\" content=\"760\" \/>\n\t<meta property=\"og:image:height\" content=\"500\" \/>\n\t<meta property=\"og:image:type\" content=\"image\/jpeg\" \/>\n<meta name=\"twitter:card\" content=\"summary_large_image\" \/>\n<meta name=\"twitter:label1\" content=\"Gesch\u00e4tzte Lesezeit\" \/>\n\t<meta name=\"twitter:data1\" content=\"1\u00a0Minute\" \/>\n<script type=\"application\/ld+json\" class=\"yoast-schema-graph\">{\"@context\":\"https:\/\/schema.org\",\"@graph\":[{\"@type\":\"WebPage\",\"@id\":\"https:\/\/www.weddingportugal.com\/de\/services\/haar-und-make-up\/algarve-judith-hair-make-up-artist\/\",\"url\":\"https:\/\/www.weddingportugal.com\/de\/services\/haar-und-make-up\/algarve-judith-hair-make-up-artist\/\",\"name\":\"ALGARVE - Judith Hair & Make-up artist - Wedding Portugal\",\"isPartOf\":{\"@id\":\"https:\/\/www.weddingportugal.com\/de\/#website\"},\"primaryImageOfPage\":{\"@id\":\"https:\/\/www.weddingportugal.com\/de\/services\/haar-und-make-up\/algarve-judith-hair-make-up-artist\/#primaryimage\"},\"image\":{\"@id\":\"https:\/\/www.weddingportugal.com\/de\/services\/haar-und-make-up\/algarve-judith-hair-make-up-artist\/#primaryimage\"},\"thumbnailUrl\":\"https:\/\/www.weddingportugal.com\/wp-content\/uploads\/2020\/11\/JudithHairMakeUpArtist.jpg\",\"datePublished\":\"2021-07-07T09:00:13+00:00\",\"dateModified\":\"2021-07-26T17:37:20+00:00\",\"breadcrumb\":{\"@id\":\"https:\/\/www.weddingportugal.com\/de\/services\/haar-und-make-up\/algarve-judith-hair-make-up-artist\/#breadcrumb\"},\"inLanguage\":\"de\",\"potentialAction\":[{\"@type\":\"ReadAction\",\"target\":[\"https:\/\/www.weddingportugal.com\/de\/services\/haar-und-make-up\/algarve-judith-hair-make-up-artist\/\"]}]},{\"@type\":\"ImageObject\",\"inLanguage\":\"de\",\"@id\":\"https:\/\/www.weddingportugal.com\/de\/services\/haar-und-make-up\/algarve-judith-hair-make-up-artist\/#primaryimage\",\"url\":\"https:\/\/www.weddingportugal.com\/wp-content\/uploads\/2020\/11\/JudithHairMakeUpArtist.jpg\",\"contentUrl\":\"https:\/\/www.weddingportugal.com\/wp-content\/uploads\/2020\/11\/JudithHairMakeUpArtist.jpg\",\"width\":760,\"height\":500},{\"@type\":\"BreadcrumbList\",\"@id\":\"https:\/\/www.weddingportugal.com\/de\/services\/haar-und-make-up\/algarve-judith-hair-make-up-artist\/#breadcrumb\",\"itemListElement\":[{\"@type\":\"ListItem\",\"position\":1,\"name\":\"Home\",\"item\":\"https:\/\/www.weddingportugal.com\/de\/\"},{\"@type\":\"ListItem\",\"position\":2,\"name\":\"Services\",\"item\":\"https:\/\/www.weddingportugal.com\/de\/services\/\"},{\"@type\":\"ListItem\",\"position\":3,\"name\":\"Haar und Make up\",\"item\":\"https:\/\/www.weddingportugal.com\/de\/services\/haar-und-make-up\/\"},{\"@type\":\"ListItem\",\"position\":4,\"name\":\"ALGARVE &#8211; Judith Hair &#038; Make-up artist\"}]},{\"@type\":\"WebSite\",\"@id\":\"https:\/\/www.weddingportugal.com\/de\/#website\",\"url\":\"https:\/\/www.weddingportugal.com\/de\/\",\"name\":\"Wedding Portugal\",\"description\":\"We tell you why you should get your weeding in Portugal\",\"publisher\":{\"@id\":\"https:\/\/www.weddingportugal.com\/de\/#organization\"},\"potentialAction\":[{\"@type\":\"SearchAction\",\"target\":{\"@type\":\"EntryPoint\",\"urlTemplate\":\"https:\/\/www.weddingportugal.com\/de\/?s={search_term_string}\"},\"query-input\":{\"@type\":\"PropertyValueSpecification\",\"valueRequired\":true,\"valueName\":\"search_term_string\"}}],\"inLanguage\":\"de\"},{\"@type\":\"Organization\",\"@id\":\"https:\/\/www.weddingportugal.com\/de\/#organization\",\"name\":\"Wedding Portugal\",\"url\":\"https:\/\/www.weddingportugal.com\/de\/\",\"logo\":{\"@type\":\"ImageObject\",\"inLanguage\":\"de\",\"@id\":\"https:\/\/www.weddingportugal.com\/de\/#\/schema\/logo\/image\/\",\"url\":\"https:\/\/www.weddingportugal.com\/wp-content\/uploads\/2020\/02\/cropped-logo-WeddingPortugal.png\",\"contentUrl\":\"https:\/\/www.weddingportugal.com\/wp-content\/uploads\/2020\/02\/cropped-logo-WeddingPortugal.png\",\"width\":523,\"height\":89,\"caption\":\"Wedding Portugal\"},\"image\":{\"@id\":\"https:\/\/www.weddingportugal.com\/de\/#\/schema\/logo\/image\/\"}}]}<\/script>\n<!-- \/ Yoast SEO plugin. -->","yoast_head_json":{"title":"ALGARVE - Judith Hair & Make-up artist - Wedding Portugal","robots":{"index":"index","follow":"follow","max-snippet":"max-snippet:-1","max-image-preview":"max-image-preview:large","max-video-preview":"max-video-preview:-1"},"canonical":"https:\/\/www.weddingportugal.com\/de\/services\/haar-und-make-up\/algarve-judith-hair-make-up-artist\/","og_locale":"de_DE","og_type":"article","og_title":"ALGARVE - Judith Hair & Make-up artist - Wedding Portugal","og_description":"&#8222;Vielen Dank f\u00fcr meine wundersch\u00f6ne Frisur und das Make up, es ist genau das, was ich mir vorgestellt habe! Wir sind \u00fcbergl\u00fccklich, wie alles gelaufen ist.&#8220; Judith ist unsere langj\u00e4hrige Partnerin an der Algarve, sie ist hochqualifiziert und hat schon viele positive R\u00fcckmeldungen von unseren fr\u00fcheren Kunden erhalten. Judith spricht Niederl\u00e4ndisch, Portugiesisch und Englisch. Sie [&hellip;]","og_url":"https:\/\/www.weddingportugal.com\/de\/services\/haar-und-make-up\/algarve-judith-hair-make-up-artist\/","og_site_name":"Wedding Portugal","article_modified_time":"2021-07-26T17:37:20+00:00","og_image":[{"width":760,"height":500,"url":"https:\/\/www.weddingportugal.com\/wp-content\/uploads\/2020\/11\/JudithHairMakeUpArtist.jpg","type":"image\/jpeg"}],"twitter_card":"summary_large_image","twitter_misc":{"Gesch\u00e4tzte Lesezeit":"1\u00a0Minute"},"schema":{"@context":"https:\/\/schema.org","@graph":[{"@type":"WebPage","@id":"https:\/\/www.weddingportugal.com\/de\/services\/haar-und-make-up\/algarve-judith-hair-make-up-artist\/","url":"https:\/\/www.weddingportugal.com\/de\/services\/haar-und-make-up\/algarve-judith-hair-make-up-artist\/","name":"ALGARVE - Judith Hair & Make-up artist - Wedding Portugal","isPartOf":{"@id":"https:\/\/www.weddingportugal.com\/de\/#website"},"primaryImageOfPage":{"@id":"https:\/\/www.weddingportugal.com\/de\/services\/haar-und-make-up\/algarve-judith-hair-make-up-artist\/#primaryimage"},"image":{"@id":"https:\/\/www.weddingportugal.com\/de\/services\/haar-und-make-up\/algarve-judith-hair-make-up-artist\/#primaryimage"},"thumbnailUrl":"https:\/\/www.weddingportugal.com\/wp-content\/uploads\/2020\/11\/JudithHairMakeUpArtist.jpg","datePublished":"2021-07-07T09:00:13+00:00","dateModified":"2021-07-26T17:37:20+00:00","breadcrumb":{"@id":"https:\/\/www.weddingportugal.com\/de\/services\/haar-und-make-up\/algarve-judith-hair-make-up-artist\/#breadcrumb"},"inLanguage":"de","potentialAction":[{"@type":"ReadAction","target":["https:\/\/www.weddingportugal.com\/de\/services\/haar-und-make-up\/algarve-judith-hair-make-up-artist\/"]}]},{"@type":"ImageObject","inLanguage":"de","@id":"https:\/\/www.weddingportugal.com\/de\/services\/haar-und-make-up\/algarve-judith-hair-make-up-artist\/#primaryimage","url":"https:\/\/www.weddingportugal.com\/wp-content\/uploads\/2020\/11\/JudithHairMakeUpArtist.jpg","contentUrl":"https:\/\/www.weddingportugal.com\/wp-content\/uploads\/2020\/11\/JudithHairMakeUpArtist.jpg","width":760,"height":500},{"@type":"BreadcrumbList","@id":"https:\/\/www.weddingportugal.com\/de\/services\/haar-und-make-up\/algarve-judith-hair-make-up-artist\/#breadcrumb","itemListElement":[{"@type":"ListItem","position":1,"name":"Home","item":"https:\/\/www.weddingportugal.com\/de\/"},{"@type":"ListItem","position":2,"name":"Services","item":"https:\/\/www.weddingportugal.com\/de\/services\/"},{"@type":"ListItem","position":3,"name":"Haar und Make up","item":"https:\/\/www.weddingportugal.com\/de\/services\/haar-und-make-up\/"},{"@type":"ListItem","position":4,"name":"ALGARVE &#8211; Judith Hair &#038; Make-up artist"}]},{"@type":"WebSite","@id":"https:\/\/www.weddingportugal.com\/de\/#website","url":"https:\/\/www.weddingportugal.com\/de\/","name":"Wedding Portugal","description":"We tell you why you should get your weeding in Portugal","publisher":{"@id":"https:\/\/www.weddingportugal.com\/de\/#organization"},"potentialAction":[{"@type":"SearchAction","target":{"@type":"EntryPoint","urlTemplate":"https:\/\/www.weddingportugal.com\/de\/?s={search_term_string}"},"query-input":{"@type":"PropertyValueSpecification","valueRequired":true,"valueName":"search_term_string"}}],"inLanguage":"de"},{"@type":"Organization","@id":"https:\/\/www.weddingportugal.com\/de\/#organization","name":"Wedding Portugal","url":"https:\/\/www.weddingportugal.com\/de\/","logo":{"@type":"ImageObject","inLanguage":"de","@id":"https:\/\/www.weddingportugal.com\/de\/#\/schema\/logo\/image\/","url":"https:\/\/www.weddingportugal.com\/wp-content\/uploads\/2020\/02\/cropped-logo-WeddingPortugal.png","contentUrl":"https:\/\/www.weddingportugal.com\/wp-content\/uploads\/2020\/02\/cropped-logo-WeddingPortugal.png","width":523,"height":89,"caption":"Wedding Portugal"},"image":{"@id":"https:\/\/www.weddingportugal.com\/de\/#\/schema\/logo\/image\/"}}]}},"_links":{"self":[{"href":"https:\/\/www.weddingportugal.com\/de\/wp-json\/wp\/v2\/pages\/4486","targetHints":{"allow":["GET"]}}],"collection":[{"href":"https:\/\/www.weddingportugal.com\/de\/wp-json\/wp\/v2\/pages"}],"about":[{"href":"https:\/\/www.weddingportugal.com\/de\/wp-json\/wp\/v2\/types\/page"}],"author":[{"embeddable":true,"href":"https:\/\/www.weddingportugal.com\/de\/wp-json\/wp\/v2\/users\/1"}],"replies":[{"embeddable":true,"href":"https:\/\/www.weddingportugal.com\/de\/wp-json\/wp\/v2\/comments?post=4486"}],"version-history":[{"count":1,"href":"https:\/\/www.weddingportugal.com\/de\/wp-json\/wp\/v2\/pages\/4486\/revisions"}],"predecessor-version":[{"id":4487,"href":"https:\/\/www.weddingportugal.com\/de\/wp-json\/wp\/v2\/pages\/4486\/revisions\/4487"}],"up":[{"embeddable":true,"href":"https:\/\/www.weddingportugal.com\/de\/wp-json\/wp\/v2\/pages\/4482"}],"wp:featuredmedia":[{"embeddable":true,"href":"https:\/\/www.weddingportugal.com\/de\/wp-json\/wp\/v2\/media\/2697"}],"wp:attachment":[{"href":"https:\/\/www.weddingportugal.com\/de\/wp-json\/wp\/v2\/media?parent=4486"}],"curies":[{"name":"wp","href":"https:\/\/api.w.org\/{rel}","templated":true}]}}