{"id":4478,"date":"2021-07-06T16:49:41","date_gmt":"2021-07-06T16:49:41","guid":{"rendered":"https:\/\/www.weddingportugal.com\/services\/dekoration-blumen\/dekoration\/hexagon-hochzeitsbogen\/"},"modified":"2021-07-26T17:37:19","modified_gmt":"2021-07-26T17:37:19","slug":"hexagon-hochzeitsbogen","status":"publish","type":"page","link":"https:\/\/www.weddingportugal.com\/de\/services\/dekoration-blumen\/dekoration\/hexagon-hochzeitsbogen\/","title":{"rendered":"Hexagon Hochzeitsbogen"},"content":{"rendered":"\t\t<div data-elementor-type=\"wp-page\" data-elementor-id=\"4478\" class=\"elementor elementor-4478 elementor-2484\" data-elementor-post-type=\"page\">\n\t\t\t\t\t\t<section class=\"elementor-section elementor-top-section elementor-element elementor-element-2e61c2a1 elementor-section-boxed elementor-section-height-default elementor-section-height-default\" data-id=\"2e61c2a1\" data-element_type=\"section\" data-e-type=\"section\">\n\t\t\t\t\t\t<div class=\"elementor-container elementor-column-gap-default\">\n\t\t\t\t\t<div class=\"elementor-column elementor-col-50 elementor-top-column elementor-element elementor-element-6b7db043\" data-id=\"6b7db043\" data-element_type=\"column\" data-e-type=\"column\">\n\t\t\t<div class=\"elementor-widget-wrap elementor-element-populated\">\n\t\t\t\t\t\t<div class=\"elementor-element elementor-element-2987820b elementor-widget elementor-widget-text-editor\" data-id=\"2987820b\" data-element_type=\"widget\" data-e-type=\"widget\" data-widget_type=\"text-editor.default\">\n\t\t\t\t<div class=\"elementor-widget-container\">\n\t\t\t\t\t\t\t\t\t<p>Dieser moderne Sechseckige-Hochzeitsbogen aus dunkel lasiertem Holz ist eine gelungene Alternative f\u00fcr Ihre Zeremonie. Ein zeitgem\u00e4\u00dfes und geometrisches Deko &#8211; Element, welches sich jedoch auch perfekt mit Boho, Vintage und auch Makramee Dekoration verbinden l\u00e4sst. Durch seine beeindruckende Gr\u00f6\u00dfe (\u2026.cm) mit einer diskreten Blumendekoration, wird er zur perfekten Kulisse f\u00fcr Ihre Zeremonie. <\/p>\n\t\t\t\t\t\t\t\t<\/div>\n\t\t\t\t<\/div>\n\t\t\t\t\t<\/div>\n\t\t<\/div>\n\t\t\t\t<div class=\"elementor-column elementor-col-50 elementor-top-column elementor-element elementor-element-15dfbfb4\" data-id=\"15dfbfb4\" data-element_type=\"column\" data-e-type=\"column\">\n\t\t\t<div class=\"elementor-widget-wrap elementor-element-populated\">\n\t\t\t\t\t\t<div class=\"elementor-element elementor-element-3a53ab7c elementor-widget elementor-widget-image\" data-id=\"3a53ab7c\" data-element_type=\"widget\" data-e-type=\"widget\" data-widget_type=\"image.default\">\n\t\t\t\t<div class=\"elementor-widget-container\">\n\t\t\t\t\t\t\t\t\t\t\t\t\t\t\t<img fetchpriority=\"high\" decoding=\"async\" width=\"500\" height=\"760\" src=\"https:\/\/www.weddingportugal.com\/wp-content\/uploads\/2020\/11\/HexagonWeddingArch.jpg\" class=\"attachment-large size-large wp-image-2651\" alt=\"\" srcset=\"https:\/\/www.weddingportugal.com\/wp-content\/uploads\/2020\/11\/HexagonWeddingArch.jpg 500w, https:\/\/www.weddingportugal.com\/wp-content\/uploads\/2020\/11\/HexagonWeddingArch-197x300.jpg 197w\" sizes=\"(max-width: 500px) 100vw, 500px\" \/>\t\t\t\t\t\t\t\t\t\t\t\t\t\t\t<\/div>\n\t\t\t\t<\/div>\n\t\t\t\t\t<\/div>\n\t\t<\/div>\n\t\t\t\t\t<\/div>\n\t\t<\/section>\n\t\t\t\t<\/div>\n\t\t","protected":false},"excerpt":{"rendered":"<p>Dieser moderne Sechseckige-Hochzeitsbogen aus dunkel lasiertem Holz ist eine gelungene Alternative f\u00fcr Ihre Zeremonie. Ein zeitgem\u00e4\u00dfes und geometrisches Deko &#8211; Element, welches sich jedoch auch perfekt mit Boho, Vintage und auch Makramee Dekoration verbinden l\u00e4sst. Durch seine beeindruckende Gr\u00f6\u00dfe (\u2026.cm) mit einer diskreten Blumendekoration, wird er zur perfekten Kulisse f\u00fcr Ihre Zeremonie.<\/p>\n","protected":false},"author":1,"featured_media":2651,"parent":4463,"menu_order":90,"comment_status":"closed","ping_status":"closed","template":"","meta":{"content-type":"","footnotes":""},"class_list":["post-4478","page","type-page","status-publish","has-post-thumbnail","hentry"],"yoast_head":"<!-- This site is optimized with the Yoast SEO plugin v27.2 - https:\/\/yoast.com\/product\/yoast-seo-wordpress\/ -->\n<title>Hexagon Hochzeitsbogen - Wedding Portugal<\/title>\n<meta name=\"robots\" content=\"index, follow, max-snippet:-1, max-image-preview:large, max-video-preview:-1\" \/>\n<link rel=\"canonical\" href=\"https:\/\/www.weddingportugal.com\/de\/services\/dekoration-blumen\/dekoration\/hexagon-hochzeitsbogen\/\" \/>\n<meta property=\"og:locale\" content=\"de_DE\" \/>\n<meta property=\"og:type\" content=\"article\" \/>\n<meta property=\"og:title\" content=\"Hexagon Hochzeitsbogen - Wedding Portugal\" \/>\n<meta property=\"og:description\" content=\"Dieser moderne Sechseckige-Hochzeitsbogen aus dunkel lasiertem Holz ist eine gelungene Alternative f\u00fcr Ihre Zeremonie. Ein zeitgem\u00e4\u00dfes und geometrisches Deko &#8211; Element, welches sich jedoch auch perfekt mit Boho, Vintage und auch Makramee Dekoration verbinden l\u00e4sst. Durch seine beeindruckende Gr\u00f6\u00dfe (\u2026.cm) mit einer diskreten Blumendekoration, wird er zur perfekten Kulisse f\u00fcr Ihre Zeremonie.\" \/>\n<meta property=\"og:url\" content=\"https:\/\/www.weddingportugal.com\/de\/services\/dekoration-blumen\/dekoration\/hexagon-hochzeitsbogen\/\" \/>\n<meta property=\"og:site_name\" content=\"Wedding Portugal\" \/>\n<meta property=\"article:modified_time\" content=\"2021-07-26T17:37:19+00:00\" \/>\n<meta property=\"og:image\" content=\"https:\/\/www.weddingportugal.com\/wp-content\/uploads\/2020\/11\/HexagonWeddingArch.jpg\" \/>\n\t<meta property=\"og:image:width\" content=\"500\" \/>\n\t<meta property=\"og:image:height\" content=\"760\" \/>\n\t<meta property=\"og:image:type\" content=\"image\/jpeg\" \/>\n<meta name=\"twitter:card\" content=\"summary_large_image\" \/>\n<script type=\"application\/ld+json\" class=\"yoast-schema-graph\">{\"@context\":\"https:\/\/schema.org\",\"@graph\":[{\"@type\":\"WebPage\",\"@id\":\"https:\/\/www.weddingportugal.com\/de\/services\/dekoration-blumen\/dekoration\/hexagon-hochzeitsbogen\/\",\"url\":\"https:\/\/www.weddingportugal.com\/de\/services\/dekoration-blumen\/dekoration\/hexagon-hochzeitsbogen\/\",\"name\":\"Hexagon Hochzeitsbogen - Wedding Portugal\",\"isPartOf\":{\"@id\":\"https:\/\/www.weddingportugal.com\/de\/#website\"},\"primaryImageOfPage\":{\"@id\":\"https:\/\/www.weddingportugal.com\/de\/services\/dekoration-blumen\/dekoration\/hexagon-hochzeitsbogen\/#primaryimage\"},\"image\":{\"@id\":\"https:\/\/www.weddingportugal.com\/de\/services\/dekoration-blumen\/dekoration\/hexagon-hochzeitsbogen\/#primaryimage\"},\"thumbnailUrl\":\"https:\/\/www.weddingportugal.com\/wp-content\/uploads\/2020\/11\/HexagonWeddingArch.jpg\",\"datePublished\":\"2021-07-06T16:49:41+00:00\",\"dateModified\":\"2021-07-26T17:37:19+00:00\",\"breadcrumb\":{\"@id\":\"https:\/\/www.weddingportugal.com\/de\/services\/dekoration-blumen\/dekoration\/hexagon-hochzeitsbogen\/#breadcrumb\"},\"inLanguage\":\"de\",\"potentialAction\":[{\"@type\":\"ReadAction\",\"target\":[\"https:\/\/www.weddingportugal.com\/de\/services\/dekoration-blumen\/dekoration\/hexagon-hochzeitsbogen\/\"]}]},{\"@type\":\"ImageObject\",\"inLanguage\":\"de\",\"@id\":\"https:\/\/www.weddingportugal.com\/de\/services\/dekoration-blumen\/dekoration\/hexagon-hochzeitsbogen\/#primaryimage\",\"url\":\"https:\/\/www.weddingportugal.com\/wp-content\/uploads\/2020\/11\/HexagonWeddingArch.jpg\",\"contentUrl\":\"https:\/\/www.weddingportugal.com\/wp-content\/uploads\/2020\/11\/HexagonWeddingArch.jpg\",\"width\":500,\"height\":760},{\"@type\":\"BreadcrumbList\",\"@id\":\"https:\/\/www.weddingportugal.com\/de\/services\/dekoration-blumen\/dekoration\/hexagon-hochzeitsbogen\/#breadcrumb\",\"itemListElement\":[{\"@type\":\"ListItem\",\"position\":1,\"name\":\"Home\",\"item\":\"https:\/\/www.weddingportugal.com\/de\/\"},{\"@type\":\"ListItem\",\"position\":2,\"name\":\"Services\",\"item\":\"https:\/\/www.weddingportugal.com\/de\/services\/\"},{\"@type\":\"ListItem\",\"position\":3,\"name\":\"Dekoration &#038; Blumen\",\"item\":\"https:\/\/www.weddingportugal.com\/de\/services\/dekoration-blumen\/\"},{\"@type\":\"ListItem\",\"position\":4,\"name\":\"Dekoration\",\"item\":\"https:\/\/www.weddingportugal.com\/de\/services\/dekoration-blumen\/dekoration\/\"},{\"@type\":\"ListItem\",\"position\":5,\"name\":\"Hexagon Hochzeitsbogen\"}]},{\"@type\":\"WebSite\",\"@id\":\"https:\/\/www.weddingportugal.com\/de\/#website\",\"url\":\"https:\/\/www.weddingportugal.com\/de\/\",\"name\":\"Wedding Portugal\",\"description\":\"We tell you why you should get your weeding in Portugal\",\"publisher\":{\"@id\":\"https:\/\/www.weddingportugal.com\/de\/#organization\"},\"potentialAction\":[{\"@type\":\"SearchAction\",\"target\":{\"@type\":\"EntryPoint\",\"urlTemplate\":\"https:\/\/www.weddingportugal.com\/de\/?s={search_term_string}\"},\"query-input\":{\"@type\":\"PropertyValueSpecification\",\"valueRequired\":true,\"valueName\":\"search_term_string\"}}],\"inLanguage\":\"de\"},{\"@type\":\"Organization\",\"@id\":\"https:\/\/www.weddingportugal.com\/de\/#organization\",\"name\":\"Wedding Portugal\",\"url\":\"https:\/\/www.weddingportugal.com\/de\/\",\"logo\":{\"@type\":\"ImageObject\",\"inLanguage\":\"de\",\"@id\":\"https:\/\/www.weddingportugal.com\/de\/#\/schema\/logo\/image\/\",\"url\":\"https:\/\/www.weddingportugal.com\/wp-content\/uploads\/2020\/02\/cropped-logo-WeddingPortugal.png\",\"contentUrl\":\"https:\/\/www.weddingportugal.com\/wp-content\/uploads\/2020\/02\/cropped-logo-WeddingPortugal.png\",\"width\":523,\"height\":89,\"caption\":\"Wedding Portugal\"},\"image\":{\"@id\":\"https:\/\/www.weddingportugal.com\/de\/#\/schema\/logo\/image\/\"}}]}<\/script>\n<!-- \/ Yoast SEO plugin. -->","yoast_head_json":{"title":"Hexagon Hochzeitsbogen - Wedding Portugal","robots":{"index":"index","follow":"follow","max-snippet":"max-snippet:-1","max-image-preview":"max-image-preview:large","max-video-preview":"max-video-preview:-1"},"canonical":"https:\/\/www.weddingportugal.com\/de\/services\/dekoration-blumen\/dekoration\/hexagon-hochzeitsbogen\/","og_locale":"de_DE","og_type":"article","og_title":"Hexagon Hochzeitsbogen - Wedding Portugal","og_description":"Dieser moderne Sechseckige-Hochzeitsbogen aus dunkel lasiertem Holz ist eine gelungene Alternative f\u00fcr Ihre Zeremonie. Ein zeitgem\u00e4\u00dfes und geometrisches Deko &#8211; Element, welches sich jedoch auch perfekt mit Boho, Vintage und auch Makramee Dekoration verbinden l\u00e4sst. Durch seine beeindruckende Gr\u00f6\u00dfe (\u2026.cm) mit einer diskreten Blumendekoration, wird er zur perfekten Kulisse f\u00fcr Ihre Zeremonie.","og_url":"https:\/\/www.weddingportugal.com\/de\/services\/dekoration-blumen\/dekoration\/hexagon-hochzeitsbogen\/","og_site_name":"Wedding Portugal","article_modified_time":"2021-07-26T17:37:19+00:00","og_image":[{"width":500,"height":760,"url":"https:\/\/www.weddingportugal.com\/wp-content\/uploads\/2020\/11\/HexagonWeddingArch.jpg","type":"image\/jpeg"}],"twitter_card":"summary_large_image","schema":{"@context":"https:\/\/schema.org","@graph":[{"@type":"WebPage","@id":"https:\/\/www.weddingportugal.com\/de\/services\/dekoration-blumen\/dekoration\/hexagon-hochzeitsbogen\/","url":"https:\/\/www.weddingportugal.com\/de\/services\/dekoration-blumen\/dekoration\/hexagon-hochzeitsbogen\/","name":"Hexagon Hochzeitsbogen - Wedding Portugal","isPartOf":{"@id":"https:\/\/www.weddingportugal.com\/de\/#website"},"primaryImageOfPage":{"@id":"https:\/\/www.weddingportugal.com\/de\/services\/dekoration-blumen\/dekoration\/hexagon-hochzeitsbogen\/#primaryimage"},"image":{"@id":"https:\/\/www.weddingportugal.com\/de\/services\/dekoration-blumen\/dekoration\/hexagon-hochzeitsbogen\/#primaryimage"},"thumbnailUrl":"https:\/\/www.weddingportugal.com\/wp-content\/uploads\/2020\/11\/HexagonWeddingArch.jpg","datePublished":"2021-07-06T16:49:41+00:00","dateModified":"2021-07-26T17:37:19+00:00","breadcrumb":{"@id":"https:\/\/www.weddingportugal.com\/de\/services\/dekoration-blumen\/dekoration\/hexagon-hochzeitsbogen\/#breadcrumb"},"inLanguage":"de","potentialAction":[{"@type":"ReadAction","target":["https:\/\/www.weddingportugal.com\/de\/services\/dekoration-blumen\/dekoration\/hexagon-hochzeitsbogen\/"]}]},{"@type":"ImageObject","inLanguage":"de","@id":"https:\/\/www.weddingportugal.com\/de\/services\/dekoration-blumen\/dekoration\/hexagon-hochzeitsbogen\/#primaryimage","url":"https:\/\/www.weddingportugal.com\/wp-content\/uploads\/2020\/11\/HexagonWeddingArch.jpg","contentUrl":"https:\/\/www.weddingportugal.com\/wp-content\/uploads\/2020\/11\/HexagonWeddingArch.jpg","width":500,"height":760},{"@type":"BreadcrumbList","@id":"https:\/\/www.weddingportugal.com\/de\/services\/dekoration-blumen\/dekoration\/hexagon-hochzeitsbogen\/#breadcrumb","itemListElement":[{"@type":"ListItem","position":1,"name":"Home","item":"https:\/\/www.weddingportugal.com\/de\/"},{"@type":"ListItem","position":2,"name":"Services","item":"https:\/\/www.weddingportugal.com\/de\/services\/"},{"@type":"ListItem","position":3,"name":"Dekoration &#038; Blumen","item":"https:\/\/www.weddingportugal.com\/de\/services\/dekoration-blumen\/"},{"@type":"ListItem","position":4,"name":"Dekoration","item":"https:\/\/www.weddingportugal.com\/de\/services\/dekoration-blumen\/dekoration\/"},{"@type":"ListItem","position":5,"name":"Hexagon Hochzeitsbogen"}]},{"@type":"WebSite","@id":"https:\/\/www.weddingportugal.com\/de\/#website","url":"https:\/\/www.weddingportugal.com\/de\/","name":"Wedding Portugal","description":"We tell you why you should get your weeding in Portugal","publisher":{"@id":"https:\/\/www.weddingportugal.com\/de\/#organization"},"potentialAction":[{"@type":"SearchAction","target":{"@type":"EntryPoint","urlTemplate":"https:\/\/www.weddingportugal.com\/de\/?s={search_term_string}"},"query-input":{"@type":"PropertyValueSpecification","valueRequired":true,"valueName":"search_term_string"}}],"inLanguage":"de"},{"@type":"Organization","@id":"https:\/\/www.weddingportugal.com\/de\/#organization","name":"Wedding Portugal","url":"https:\/\/www.weddingportugal.com\/de\/","logo":{"@type":"ImageObject","inLanguage":"de","@id":"https:\/\/www.weddingportugal.com\/de\/#\/schema\/logo\/image\/","url":"https:\/\/www.weddingportugal.com\/wp-content\/uploads\/2020\/02\/cropped-logo-WeddingPortugal.png","contentUrl":"https:\/\/www.weddingportugal.com\/wp-content\/uploads\/2020\/02\/cropped-logo-WeddingPortugal.png","width":523,"height":89,"caption":"Wedding Portugal"},"image":{"@id":"https:\/\/www.weddingportugal.com\/de\/#\/schema\/logo\/image\/"}}]}},"_links":{"self":[{"href":"https:\/\/www.weddingportugal.com\/de\/wp-json\/wp\/v2\/pages\/4478","targetHints":{"allow":["GET"]}}],"collection":[{"href":"https:\/\/www.weddingportugal.com\/de\/wp-json\/wp\/v2\/pages"}],"about":[{"href":"https:\/\/www.weddingportugal.com\/de\/wp-json\/wp\/v2\/types\/page"}],"author":[{"embeddable":true,"href":"https:\/\/www.weddingportugal.com\/de\/wp-json\/wp\/v2\/users\/1"}],"replies":[{"embeddable":true,"href":"https:\/\/www.weddingportugal.com\/de\/wp-json\/wp\/v2\/comments?post=4478"}],"version-history":[{"count":2,"href":"https:\/\/www.weddingportugal.com\/de\/wp-json\/wp\/v2\/pages\/4478\/revisions"}],"predecessor-version":[{"id":4925,"href":"https:\/\/www.weddingportugal.com\/de\/wp-json\/wp\/v2\/pages\/4478\/revisions\/4925"}],"up":[{"embeddable":true,"href":"https:\/\/www.weddingportugal.com\/de\/wp-json\/wp\/v2\/pages\/4463"}],"wp:featuredmedia":[{"embeddable":true,"href":"https:\/\/www.weddingportugal.com\/de\/wp-json\/wp\/v2\/media\/2651"}],"wp:attachment":[{"href":"https:\/\/www.weddingportugal.com\/de\/wp-json\/wp\/v2\/media?parent=4478"}],"curies":[{"name":"wp","href":"https:\/\/api.w.org\/{rel}","templated":true}]}}