{"id":4476,"date":"2021-07-06T16:48:37","date_gmt":"2021-07-06T16:48:37","guid":{"rendered":"https:\/\/www.weddingportugal.com\/services\/dekoration-blumen\/dekoration\/zeremonie-bogen\/"},"modified":"2021-07-26T17:37:19","modified_gmt":"2021-07-26T17:37:19","slug":"zeremonie-bogen","status":"publish","type":"page","link":"https:\/\/www.weddingportugal.com\/de\/services\/dekoration-blumen\/dekoration\/zeremonie-bogen\/","title":{"rendered":"Zeremonie Bogen"},"content":{"rendered":"\t\t<div data-elementor-type=\"wp-page\" data-elementor-id=\"4476\" class=\"elementor elementor-4476 elementor-2482\" data-elementor-post-type=\"page\">\n\t\t\t\t\t\t<section class=\"elementor-section elementor-top-section elementor-element elementor-element-78f308bd elementor-section-boxed elementor-section-height-default elementor-section-height-default\" data-id=\"78f308bd\" data-element_type=\"section\" data-e-type=\"section\">\n\t\t\t\t\t\t<div class=\"elementor-container elementor-column-gap-default\">\n\t\t\t\t\t<div class=\"elementor-column elementor-col-50 elementor-top-column elementor-element elementor-element-41a5d3a2\" data-id=\"41a5d3a2\" data-element_type=\"column\" data-e-type=\"column\">\n\t\t\t<div class=\"elementor-widget-wrap elementor-element-populated\">\n\t\t\t\t\t\t<div class=\"elementor-element elementor-element-433ebf15 elementor-widget elementor-widget-text-editor\" data-id=\"433ebf15\" data-element_type=\"widget\" data-e-type=\"widget\" data-widget_type=\"text-editor.default\">\n\t\t\t\t<div class=\"elementor-widget-container\">\n\t\t\t\t\t\t\t\t\t<p>Ein Zeremonie Bogen ist eine gro\u00dfartige Deko f\u00fcr Ihre Strand- oder Gartenhochzeiten und verleiht diesem besonderen Anlass die richtige Atmosph\u00e4re. Der Aufbau ist schnell und problemlos und Sie haben die Wahl welche Farbe Sie sich f\u00fcr die Blume w\u00fcnschen.<\/p>\n<p>Kosten ab 150 \u20ac. (Tisch und Blumen sind nicht enthalten)<\/p>\n<p>Die zus\u00e4tzlichen Kosten f\u00fcr den Tisch mit Tischtuch sind ab 80 \u20ac<\/p>\n<p>Kontaktieren Sie uns: <a href=\"mailto:info@weddingportugal.com\">info@weddingportugal.com<\/a><\/p>\n\t\t\t\t\t\t\t\t<\/div>\n\t\t\t\t<\/div>\n\t\t\t\t\t<\/div>\n\t\t<\/div>\n\t\t\t\t<div class=\"elementor-column elementor-col-50 elementor-top-column elementor-element elementor-element-3ffbef8\" data-id=\"3ffbef8\" data-element_type=\"column\" data-e-type=\"column\">\n\t\t\t<div class=\"elementor-widget-wrap elementor-element-populated\">\n\t\t\t\t\t\t<div class=\"elementor-element elementor-element-1671ecec elementor-flip-box--effect-flip elementor-flip-box--direction-up elementor-widget elementor-widget-flip-box\" data-id=\"1671ecec\" data-element_type=\"widget\" data-e-type=\"widget\" data-widget_type=\"flip-box.default\">\n\t\t\t\t<div class=\"elementor-widget-container\">\n\t\t\t\t\t\t\t<div class=\"elementor-flip-box\" tabindex=\"0\">\n\t\t\t<div class=\"elementor-flip-box__layer elementor-flip-box__front\">\n\t\t\t\t<div class=\"elementor-flip-box__layer__overlay\">\n\t\t\t\t\t<div class=\"elementor-flip-box__layer__inner\">\n\t\t\t\t\t\t\n\t\t\t\t\t\t\n\t\t\t\t\t\t\t\t\t\t\t<\/div>\n\t\t\t\t<\/div>\n\t\t\t<\/div>\n\t\t\t<div class=\"elementor-flip-box__layer elementor-flip-box__back\">\n\t\t\t<div class=\"elementor-flip-box__layer__overlay\">\n\t\t\t\t<div class=\"elementor-flip-box__layer__inner\">\n\t\t\t\t\t\n\t\t\t\t\t\n\t\t\t\t\t\t\t\t<\/div>\n\t\t<\/div>\n\t\t<\/div>\n\t\t<\/div>\n\t\t\t\t\t\t<\/div>\n\t\t\t\t<\/div>\n\t\t\t\t\t<\/div>\n\t\t<\/div>\n\t\t\t\t\t<\/div>\n\t\t<\/section>\n\t\t\t\t<\/div>\n\t\t","protected":false},"excerpt":{"rendered":"<p>Ein Zeremonie Bogen ist eine gro\u00dfartige Deko f\u00fcr Ihre Strand- oder Gartenhochzeiten und verleiht diesem besonderen Anlass die richtige Atmosph\u00e4re. Der Aufbau ist schnell und problemlos und Sie haben die Wahl welche Farbe Sie sich f\u00fcr die Blume w\u00fcnschen. Kosten ab 150 \u20ac. (Tisch und Blumen sind nicht enthalten) Die zus\u00e4tzlichen Kosten f\u00fcr den Tisch [&hellip;]<\/p>\n","protected":false},"author":1,"featured_media":2645,"parent":4463,"menu_order":89,"comment_status":"closed","ping_status":"closed","template":"","meta":{"content-type":"","footnotes":""},"class_list":["post-4476","page","type-page","status-publish","has-post-thumbnail","hentry"],"yoast_head":"<!-- This site is optimized with the Yoast SEO plugin v27.2 - https:\/\/yoast.com\/product\/yoast-seo-wordpress\/ -->\n<title>Zeremonie Bogen - Wedding Portugal<\/title>\n<meta name=\"robots\" content=\"index, follow, max-snippet:-1, max-image-preview:large, max-video-preview:-1\" \/>\n<link rel=\"canonical\" href=\"https:\/\/www.weddingportugal.com\/de\/services\/dekoration-blumen\/dekoration\/zeremonie-bogen\/\" \/>\n<meta property=\"og:locale\" content=\"de_DE\" \/>\n<meta property=\"og:type\" content=\"article\" \/>\n<meta property=\"og:title\" content=\"Zeremonie Bogen - Wedding Portugal\" \/>\n<meta property=\"og:description\" content=\"Ein Zeremonie Bogen ist eine gro\u00dfartige Deko f\u00fcr Ihre Strand- oder Gartenhochzeiten und verleiht diesem besonderen Anlass die richtige Atmosph\u00e4re. Der Aufbau ist schnell und problemlos und Sie haben die Wahl welche Farbe Sie sich f\u00fcr die Blume w\u00fcnschen. Kosten ab 150 \u20ac. (Tisch und Blumen sind nicht enthalten) Die zus\u00e4tzlichen Kosten f\u00fcr den Tisch [&hellip;]\" \/>\n<meta property=\"og:url\" content=\"https:\/\/www.weddingportugal.com\/de\/services\/dekoration-blumen\/dekoration\/zeremonie-bogen\/\" \/>\n<meta property=\"og:site_name\" content=\"Wedding Portugal\" \/>\n<meta property=\"article:modified_time\" content=\"2021-07-26T17:37:19+00:00\" \/>\n<meta property=\"og:image\" content=\"https:\/\/www.weddingportugal.com\/wp-content\/uploads\/2020\/11\/CeremonyArch.jpg\" \/>\n\t<meta property=\"og:image:width\" content=\"760\" \/>\n\t<meta property=\"og:image:height\" content=\"500\" \/>\n\t<meta property=\"og:image:type\" content=\"image\/jpeg\" \/>\n<meta name=\"twitter:card\" content=\"summary_large_image\" \/>\n<script type=\"application\/ld+json\" class=\"yoast-schema-graph\">{\"@context\":\"https:\/\/schema.org\",\"@graph\":[{\"@type\":\"WebPage\",\"@id\":\"https:\/\/www.weddingportugal.com\/de\/services\/dekoration-blumen\/dekoration\/zeremonie-bogen\/\",\"url\":\"https:\/\/www.weddingportugal.com\/de\/services\/dekoration-blumen\/dekoration\/zeremonie-bogen\/\",\"name\":\"Zeremonie Bogen - Wedding Portugal\",\"isPartOf\":{\"@id\":\"https:\/\/www.weddingportugal.com\/de\/#website\"},\"primaryImageOfPage\":{\"@id\":\"https:\/\/www.weddingportugal.com\/de\/services\/dekoration-blumen\/dekoration\/zeremonie-bogen\/#primaryimage\"},\"image\":{\"@id\":\"https:\/\/www.weddingportugal.com\/de\/services\/dekoration-blumen\/dekoration\/zeremonie-bogen\/#primaryimage\"},\"thumbnailUrl\":\"https:\/\/www.weddingportugal.com\/wp-content\/uploads\/2020\/11\/CeremonyArch.jpg\",\"datePublished\":\"2021-07-06T16:48:37+00:00\",\"dateModified\":\"2021-07-26T17:37:19+00:00\",\"breadcrumb\":{\"@id\":\"https:\/\/www.weddingportugal.com\/de\/services\/dekoration-blumen\/dekoration\/zeremonie-bogen\/#breadcrumb\"},\"inLanguage\":\"de\",\"potentialAction\":[{\"@type\":\"ReadAction\",\"target\":[\"https:\/\/www.weddingportugal.com\/de\/services\/dekoration-blumen\/dekoration\/zeremonie-bogen\/\"]}]},{\"@type\":\"ImageObject\",\"inLanguage\":\"de\",\"@id\":\"https:\/\/www.weddingportugal.com\/de\/services\/dekoration-blumen\/dekoration\/zeremonie-bogen\/#primaryimage\",\"url\":\"https:\/\/www.weddingportugal.com\/wp-content\/uploads\/2020\/11\/CeremonyArch.jpg\",\"contentUrl\":\"https:\/\/www.weddingportugal.com\/wp-content\/uploads\/2020\/11\/CeremonyArch.jpg\",\"width\":760,\"height\":500},{\"@type\":\"BreadcrumbList\",\"@id\":\"https:\/\/www.weddingportugal.com\/de\/services\/dekoration-blumen\/dekoration\/zeremonie-bogen\/#breadcrumb\",\"itemListElement\":[{\"@type\":\"ListItem\",\"position\":1,\"name\":\"Home\",\"item\":\"https:\/\/www.weddingportugal.com\/de\/\"},{\"@type\":\"ListItem\",\"position\":2,\"name\":\"Services\",\"item\":\"https:\/\/www.weddingportugal.com\/de\/services\/\"},{\"@type\":\"ListItem\",\"position\":3,\"name\":\"Dekoration &#038; Blumen\",\"item\":\"https:\/\/www.weddingportugal.com\/de\/services\/dekoration-blumen\/\"},{\"@type\":\"ListItem\",\"position\":4,\"name\":\"Dekoration\",\"item\":\"https:\/\/www.weddingportugal.com\/de\/services\/dekoration-blumen\/dekoration\/\"},{\"@type\":\"ListItem\",\"position\":5,\"name\":\"Zeremonie Bogen\"}]},{\"@type\":\"WebSite\",\"@id\":\"https:\/\/www.weddingportugal.com\/de\/#website\",\"url\":\"https:\/\/www.weddingportugal.com\/de\/\",\"name\":\"Wedding Portugal\",\"description\":\"We tell you why you should get your weeding in Portugal\",\"publisher\":{\"@id\":\"https:\/\/www.weddingportugal.com\/de\/#organization\"},\"potentialAction\":[{\"@type\":\"SearchAction\",\"target\":{\"@type\":\"EntryPoint\",\"urlTemplate\":\"https:\/\/www.weddingportugal.com\/de\/?s={search_term_string}\"},\"query-input\":{\"@type\":\"PropertyValueSpecification\",\"valueRequired\":true,\"valueName\":\"search_term_string\"}}],\"inLanguage\":\"de\"},{\"@type\":\"Organization\",\"@id\":\"https:\/\/www.weddingportugal.com\/de\/#organization\",\"name\":\"Wedding Portugal\",\"url\":\"https:\/\/www.weddingportugal.com\/de\/\",\"logo\":{\"@type\":\"ImageObject\",\"inLanguage\":\"de\",\"@id\":\"https:\/\/www.weddingportugal.com\/de\/#\/schema\/logo\/image\/\",\"url\":\"https:\/\/www.weddingportugal.com\/wp-content\/uploads\/2020\/02\/cropped-logo-WeddingPortugal.png\",\"contentUrl\":\"https:\/\/www.weddingportugal.com\/wp-content\/uploads\/2020\/02\/cropped-logo-WeddingPortugal.png\",\"width\":523,\"height\":89,\"caption\":\"Wedding Portugal\"},\"image\":{\"@id\":\"https:\/\/www.weddingportugal.com\/de\/#\/schema\/logo\/image\/\"}}]}<\/script>\n<!-- \/ Yoast SEO plugin. -->","yoast_head_json":{"title":"Zeremonie Bogen - Wedding Portugal","robots":{"index":"index","follow":"follow","max-snippet":"max-snippet:-1","max-image-preview":"max-image-preview:large","max-video-preview":"max-video-preview:-1"},"canonical":"https:\/\/www.weddingportugal.com\/de\/services\/dekoration-blumen\/dekoration\/zeremonie-bogen\/","og_locale":"de_DE","og_type":"article","og_title":"Zeremonie Bogen - Wedding Portugal","og_description":"Ein Zeremonie Bogen ist eine gro\u00dfartige Deko f\u00fcr Ihre Strand- oder Gartenhochzeiten und verleiht diesem besonderen Anlass die richtige Atmosph\u00e4re. Der Aufbau ist schnell und problemlos und Sie haben die Wahl welche Farbe Sie sich f\u00fcr die Blume w\u00fcnschen. Kosten ab 150 \u20ac. (Tisch und Blumen sind nicht enthalten) Die zus\u00e4tzlichen Kosten f\u00fcr den Tisch [&hellip;]","og_url":"https:\/\/www.weddingportugal.com\/de\/services\/dekoration-blumen\/dekoration\/zeremonie-bogen\/","og_site_name":"Wedding Portugal","article_modified_time":"2021-07-26T17:37:19+00:00","og_image":[{"width":760,"height":500,"url":"https:\/\/www.weddingportugal.com\/wp-content\/uploads\/2020\/11\/CeremonyArch.jpg","type":"image\/jpeg"}],"twitter_card":"summary_large_image","schema":{"@context":"https:\/\/schema.org","@graph":[{"@type":"WebPage","@id":"https:\/\/www.weddingportugal.com\/de\/services\/dekoration-blumen\/dekoration\/zeremonie-bogen\/","url":"https:\/\/www.weddingportugal.com\/de\/services\/dekoration-blumen\/dekoration\/zeremonie-bogen\/","name":"Zeremonie Bogen - Wedding Portugal","isPartOf":{"@id":"https:\/\/www.weddingportugal.com\/de\/#website"},"primaryImageOfPage":{"@id":"https:\/\/www.weddingportugal.com\/de\/services\/dekoration-blumen\/dekoration\/zeremonie-bogen\/#primaryimage"},"image":{"@id":"https:\/\/www.weddingportugal.com\/de\/services\/dekoration-blumen\/dekoration\/zeremonie-bogen\/#primaryimage"},"thumbnailUrl":"https:\/\/www.weddingportugal.com\/wp-content\/uploads\/2020\/11\/CeremonyArch.jpg","datePublished":"2021-07-06T16:48:37+00:00","dateModified":"2021-07-26T17:37:19+00:00","breadcrumb":{"@id":"https:\/\/www.weddingportugal.com\/de\/services\/dekoration-blumen\/dekoration\/zeremonie-bogen\/#breadcrumb"},"inLanguage":"de","potentialAction":[{"@type":"ReadAction","target":["https:\/\/www.weddingportugal.com\/de\/services\/dekoration-blumen\/dekoration\/zeremonie-bogen\/"]}]},{"@type":"ImageObject","inLanguage":"de","@id":"https:\/\/www.weddingportugal.com\/de\/services\/dekoration-blumen\/dekoration\/zeremonie-bogen\/#primaryimage","url":"https:\/\/www.weddingportugal.com\/wp-content\/uploads\/2020\/11\/CeremonyArch.jpg","contentUrl":"https:\/\/www.weddingportugal.com\/wp-content\/uploads\/2020\/11\/CeremonyArch.jpg","width":760,"height":500},{"@type":"BreadcrumbList","@id":"https:\/\/www.weddingportugal.com\/de\/services\/dekoration-blumen\/dekoration\/zeremonie-bogen\/#breadcrumb","itemListElement":[{"@type":"ListItem","position":1,"name":"Home","item":"https:\/\/www.weddingportugal.com\/de\/"},{"@type":"ListItem","position":2,"name":"Services","item":"https:\/\/www.weddingportugal.com\/de\/services\/"},{"@type":"ListItem","position":3,"name":"Dekoration &#038; Blumen","item":"https:\/\/www.weddingportugal.com\/de\/services\/dekoration-blumen\/"},{"@type":"ListItem","position":4,"name":"Dekoration","item":"https:\/\/www.weddingportugal.com\/de\/services\/dekoration-blumen\/dekoration\/"},{"@type":"ListItem","position":5,"name":"Zeremonie Bogen"}]},{"@type":"WebSite","@id":"https:\/\/www.weddingportugal.com\/de\/#website","url":"https:\/\/www.weddingportugal.com\/de\/","name":"Wedding Portugal","description":"We tell you why you should get your weeding in Portugal","publisher":{"@id":"https:\/\/www.weddingportugal.com\/de\/#organization"},"potentialAction":[{"@type":"SearchAction","target":{"@type":"EntryPoint","urlTemplate":"https:\/\/www.weddingportugal.com\/de\/?s={search_term_string}"},"query-input":{"@type":"PropertyValueSpecification","valueRequired":true,"valueName":"search_term_string"}}],"inLanguage":"de"},{"@type":"Organization","@id":"https:\/\/www.weddingportugal.com\/de\/#organization","name":"Wedding Portugal","url":"https:\/\/www.weddingportugal.com\/de\/","logo":{"@type":"ImageObject","inLanguage":"de","@id":"https:\/\/www.weddingportugal.com\/de\/#\/schema\/logo\/image\/","url":"https:\/\/www.weddingportugal.com\/wp-content\/uploads\/2020\/02\/cropped-logo-WeddingPortugal.png","contentUrl":"https:\/\/www.weddingportugal.com\/wp-content\/uploads\/2020\/02\/cropped-logo-WeddingPortugal.png","width":523,"height":89,"caption":"Wedding Portugal"},"image":{"@id":"https:\/\/www.weddingportugal.com\/de\/#\/schema\/logo\/image\/"}}]}},"_links":{"self":[{"href":"https:\/\/www.weddingportugal.com\/de\/wp-json\/wp\/v2\/pages\/4476","targetHints":{"allow":["GET"]}}],"collection":[{"href":"https:\/\/www.weddingportugal.com\/de\/wp-json\/wp\/v2\/pages"}],"about":[{"href":"https:\/\/www.weddingportugal.com\/de\/wp-json\/wp\/v2\/types\/page"}],"author":[{"embeddable":true,"href":"https:\/\/www.weddingportugal.com\/de\/wp-json\/wp\/v2\/users\/1"}],"replies":[{"embeddable":true,"href":"https:\/\/www.weddingportugal.com\/de\/wp-json\/wp\/v2\/comments?post=4476"}],"version-history":[{"count":1,"href":"https:\/\/www.weddingportugal.com\/de\/wp-json\/wp\/v2\/pages\/4476\/revisions"}],"predecessor-version":[{"id":4477,"href":"https:\/\/www.weddingportugal.com\/de\/wp-json\/wp\/v2\/pages\/4476\/revisions\/4477"}],"up":[{"embeddable":true,"href":"https:\/\/www.weddingportugal.com\/de\/wp-json\/wp\/v2\/pages\/4463"}],"wp:featuredmedia":[{"embeddable":true,"href":"https:\/\/www.weddingportugal.com\/de\/wp-json\/wp\/v2\/media\/2645"}],"wp:attachment":[{"href":"https:\/\/www.weddingportugal.com\/de\/wp-json\/wp\/v2\/media?parent=4476"}],"curies":[{"name":"wp","href":"https:\/\/api.w.org\/{rel}","templated":true}]}}