{"id":4470,"date":"2021-07-06T16:46:01","date_gmt":"2021-07-06T16:46:01","guid":{"rendered":"https:\/\/www.weddingportugal.com\/services\/dekoration-blumen\/dekoration\/papierballons-blumen\/"},"modified":"2021-07-26T17:37:18","modified_gmt":"2021-07-26T17:37:18","slug":"papierballons-blumen","status":"publish","type":"page","link":"https:\/\/www.weddingportugal.com\/de\/services\/dekoration-blumen\/dekoration\/papierballons-blumen\/","title":{"rendered":"Papierballons &#038; Blumen"},"content":{"rendered":"\t\t<div data-elementor-type=\"wp-page\" data-elementor-id=\"4470\" class=\"elementor elementor-4470 elementor-2476\" data-elementor-post-type=\"page\">\n\t\t\t\t\t\t<section class=\"elementor-section elementor-top-section elementor-element elementor-element-3dfe27e0 elementor-section-boxed elementor-section-height-default elementor-section-height-default\" data-id=\"3dfe27e0\" data-element_type=\"section\" data-e-type=\"section\">\n\t\t\t\t\t\t<div class=\"elementor-container elementor-column-gap-default\">\n\t\t\t\t\t<div class=\"elementor-column elementor-col-50 elementor-top-column elementor-element elementor-element-541abf35\" data-id=\"541abf35\" data-element_type=\"column\" data-e-type=\"column\">\n\t\t\t<div class=\"elementor-widget-wrap elementor-element-populated\">\n\t\t\t\t\t\t<div class=\"elementor-element elementor-element-21020966 elementor-widget elementor-widget-text-editor\" data-id=\"21020966\" data-element_type=\"widget\" data-e-type=\"widget\" data-widget_type=\"text-editor.default\">\n\t\t\t\t<div class=\"elementor-widget-container\">\n\t\t\t\t\t\t\t\t\t<p>Papierballons sind eine einfache, nachhaltige und geschmackvolle Dekoration f\u00fcr einen Veranstaltungsort der bereits sch\u00f6n ist wie z.B. der Strand.<\/p>\n<p>Die Dekoration auf dem Foto umfasst 8 Papierballons in verschiedenen Gr\u00f6\u00dfen (Farben Ihrer Wahl, je nach Verf\u00fcgbarkeit) und 4 dekorative Vasen mit Blumenstr\u00e4u\u00dfen.<\/p>\n<p>Bitte kontaktieren Sie uns f\u00fcr weitere Informationen oder f\u00fcr einen individuellen Dekorationsvorschlag mit anderen Elementen.<\/p>\n<p><strong>Kosten ab 150 \u20ac<\/strong><\/p>\n\t\t\t\t\t\t\t\t<\/div>\n\t\t\t\t<\/div>\n\t\t\t\t\t<\/div>\n\t\t<\/div>\n\t\t\t\t<div class=\"elementor-column elementor-col-50 elementor-top-column elementor-element elementor-element-452e4f01\" data-id=\"452e4f01\" data-element_type=\"column\" data-e-type=\"column\">\n\t\t\t<div class=\"elementor-widget-wrap elementor-element-populated\">\n\t\t\t\t\t\t<div class=\"elementor-element elementor-element-2dac0907 elementor-widget elementor-widget-image\" data-id=\"2dac0907\" data-element_type=\"widget\" data-e-type=\"widget\" data-widget_type=\"image.default\">\n\t\t\t\t<div class=\"elementor-widget-container\">\n\t\t\t\t\t\t\t\t\t\t\t\t\t\t\t<img fetchpriority=\"high\" decoding=\"async\" width=\"760\" height=\"500\" src=\"https:\/\/www.weddingportugal.com\/wp-content\/uploads\/2020\/11\/PaperBalloons.jpg\" class=\"attachment-large size-large wp-image-2630\" alt=\"\" srcset=\"https:\/\/www.weddingportugal.com\/wp-content\/uploads\/2020\/11\/PaperBalloons.jpg 760w, https:\/\/www.weddingportugal.com\/wp-content\/uploads\/2020\/11\/PaperBalloons-300x197.jpg 300w\" sizes=\"(max-width: 760px) 100vw, 760px\" \/>\t\t\t\t\t\t\t\t\t\t\t\t\t\t\t<\/div>\n\t\t\t\t<\/div>\n\t\t\t\t\t<\/div>\n\t\t<\/div>\n\t\t\t\t\t<\/div>\n\t\t<\/section>\n\t\t\t\t<\/div>\n\t\t","protected":false},"excerpt":{"rendered":"<p>Papierballons sind eine einfache, nachhaltige und geschmackvolle Dekoration f\u00fcr einen Veranstaltungsort der bereits sch\u00f6n ist wie z.B. der Strand. Die Dekoration auf dem Foto umfasst 8 Papierballons in verschiedenen Gr\u00f6\u00dfen (Farben Ihrer Wahl, je nach Verf\u00fcgbarkeit) und 4 dekorative Vasen mit Blumenstr\u00e4u\u00dfen. Bitte kontaktieren Sie uns f\u00fcr weitere Informationen oder f\u00fcr einen individuellen Dekorationsvorschlag mit [&hellip;]<\/p>\n","protected":false},"author":1,"featured_media":2630,"parent":4463,"menu_order":86,"comment_status":"closed","ping_status":"closed","template":"","meta":{"content-type":"","footnotes":""},"class_list":["post-4470","page","type-page","status-publish","has-post-thumbnail","hentry"],"yoast_head":"<!-- This site is optimized with the Yoast SEO plugin v27.2 - https:\/\/yoast.com\/product\/yoast-seo-wordpress\/ -->\n<title>Papierballons &amp; Blumen - Wedding Portugal<\/title>\n<meta name=\"robots\" content=\"index, follow, max-snippet:-1, max-image-preview:large, max-video-preview:-1\" \/>\n<link rel=\"canonical\" href=\"https:\/\/www.weddingportugal.com\/de\/services\/dekoration-blumen\/dekoration\/papierballons-blumen\/\" \/>\n<meta property=\"og:locale\" content=\"de_DE\" \/>\n<meta property=\"og:type\" content=\"article\" \/>\n<meta property=\"og:title\" content=\"Papierballons &amp; Blumen - Wedding Portugal\" \/>\n<meta property=\"og:description\" content=\"Papierballons sind eine einfache, nachhaltige und geschmackvolle Dekoration f\u00fcr einen Veranstaltungsort der bereits sch\u00f6n ist wie z.B. der Strand. Die Dekoration auf dem Foto umfasst 8 Papierballons in verschiedenen Gr\u00f6\u00dfen (Farben Ihrer Wahl, je nach Verf\u00fcgbarkeit) und 4 dekorative Vasen mit Blumenstr\u00e4u\u00dfen. Bitte kontaktieren Sie uns f\u00fcr weitere Informationen oder f\u00fcr einen individuellen Dekorationsvorschlag mit [&hellip;]\" \/>\n<meta property=\"og:url\" content=\"https:\/\/www.weddingportugal.com\/de\/services\/dekoration-blumen\/dekoration\/papierballons-blumen\/\" \/>\n<meta property=\"og:site_name\" content=\"Wedding Portugal\" \/>\n<meta property=\"article:modified_time\" content=\"2021-07-26T17:37:18+00:00\" \/>\n<meta property=\"og:image\" content=\"https:\/\/www.weddingportugal.com\/wp-content\/uploads\/2020\/11\/PaperBalloons.jpg\" \/>\n\t<meta property=\"og:image:width\" content=\"760\" \/>\n\t<meta property=\"og:image:height\" content=\"500\" \/>\n\t<meta property=\"og:image:type\" content=\"image\/jpeg\" \/>\n<meta name=\"twitter:card\" content=\"summary_large_image\" \/>\n<script type=\"application\/ld+json\" class=\"yoast-schema-graph\">{\"@context\":\"https:\/\/schema.org\",\"@graph\":[{\"@type\":\"WebPage\",\"@id\":\"https:\/\/www.weddingportugal.com\/de\/services\/dekoration-blumen\/dekoration\/papierballons-blumen\/\",\"url\":\"https:\/\/www.weddingportugal.com\/de\/services\/dekoration-blumen\/dekoration\/papierballons-blumen\/\",\"name\":\"Papierballons & Blumen - Wedding Portugal\",\"isPartOf\":{\"@id\":\"https:\/\/www.weddingportugal.com\/de\/#website\"},\"primaryImageOfPage\":{\"@id\":\"https:\/\/www.weddingportugal.com\/de\/services\/dekoration-blumen\/dekoration\/papierballons-blumen\/#primaryimage\"},\"image\":{\"@id\":\"https:\/\/www.weddingportugal.com\/de\/services\/dekoration-blumen\/dekoration\/papierballons-blumen\/#primaryimage\"},\"thumbnailUrl\":\"https:\/\/www.weddingportugal.com\/wp-content\/uploads\/2020\/11\/PaperBalloons.jpg\",\"datePublished\":\"2021-07-06T16:46:01+00:00\",\"dateModified\":\"2021-07-26T17:37:18+00:00\",\"breadcrumb\":{\"@id\":\"https:\/\/www.weddingportugal.com\/de\/services\/dekoration-blumen\/dekoration\/papierballons-blumen\/#breadcrumb\"},\"inLanguage\":\"de\",\"potentialAction\":[{\"@type\":\"ReadAction\",\"target\":[\"https:\/\/www.weddingportugal.com\/de\/services\/dekoration-blumen\/dekoration\/papierballons-blumen\/\"]}]},{\"@type\":\"ImageObject\",\"inLanguage\":\"de\",\"@id\":\"https:\/\/www.weddingportugal.com\/de\/services\/dekoration-blumen\/dekoration\/papierballons-blumen\/#primaryimage\",\"url\":\"https:\/\/www.weddingportugal.com\/wp-content\/uploads\/2020\/11\/PaperBalloons.jpg\",\"contentUrl\":\"https:\/\/www.weddingportugal.com\/wp-content\/uploads\/2020\/11\/PaperBalloons.jpg\",\"width\":760,\"height\":500},{\"@type\":\"BreadcrumbList\",\"@id\":\"https:\/\/www.weddingportugal.com\/de\/services\/dekoration-blumen\/dekoration\/papierballons-blumen\/#breadcrumb\",\"itemListElement\":[{\"@type\":\"ListItem\",\"position\":1,\"name\":\"Home\",\"item\":\"https:\/\/www.weddingportugal.com\/de\/\"},{\"@type\":\"ListItem\",\"position\":2,\"name\":\"Services\",\"item\":\"https:\/\/www.weddingportugal.com\/de\/services\/\"},{\"@type\":\"ListItem\",\"position\":3,\"name\":\"Dekoration &#038; Blumen\",\"item\":\"https:\/\/www.weddingportugal.com\/de\/services\/dekoration-blumen\/\"},{\"@type\":\"ListItem\",\"position\":4,\"name\":\"Dekoration\",\"item\":\"https:\/\/www.weddingportugal.com\/de\/services\/dekoration-blumen\/dekoration\/\"},{\"@type\":\"ListItem\",\"position\":5,\"name\":\"Papierballons &#038; Blumen\"}]},{\"@type\":\"WebSite\",\"@id\":\"https:\/\/www.weddingportugal.com\/de\/#website\",\"url\":\"https:\/\/www.weddingportugal.com\/de\/\",\"name\":\"Wedding Portugal\",\"description\":\"We tell you why you should get your weeding in Portugal\",\"publisher\":{\"@id\":\"https:\/\/www.weddingportugal.com\/de\/#organization\"},\"potentialAction\":[{\"@type\":\"SearchAction\",\"target\":{\"@type\":\"EntryPoint\",\"urlTemplate\":\"https:\/\/www.weddingportugal.com\/de\/?s={search_term_string}\"},\"query-input\":{\"@type\":\"PropertyValueSpecification\",\"valueRequired\":true,\"valueName\":\"search_term_string\"}}],\"inLanguage\":\"de\"},{\"@type\":\"Organization\",\"@id\":\"https:\/\/www.weddingportugal.com\/de\/#organization\",\"name\":\"Wedding Portugal\",\"url\":\"https:\/\/www.weddingportugal.com\/de\/\",\"logo\":{\"@type\":\"ImageObject\",\"inLanguage\":\"de\",\"@id\":\"https:\/\/www.weddingportugal.com\/de\/#\/schema\/logo\/image\/\",\"url\":\"https:\/\/www.weddingportugal.com\/wp-content\/uploads\/2020\/02\/cropped-logo-WeddingPortugal.png\",\"contentUrl\":\"https:\/\/www.weddingportugal.com\/wp-content\/uploads\/2020\/02\/cropped-logo-WeddingPortugal.png\",\"width\":523,\"height\":89,\"caption\":\"Wedding Portugal\"},\"image\":{\"@id\":\"https:\/\/www.weddingportugal.com\/de\/#\/schema\/logo\/image\/\"}}]}<\/script>\n<!-- \/ Yoast SEO plugin. -->","yoast_head_json":{"title":"Papierballons & Blumen - Wedding Portugal","robots":{"index":"index","follow":"follow","max-snippet":"max-snippet:-1","max-image-preview":"max-image-preview:large","max-video-preview":"max-video-preview:-1"},"canonical":"https:\/\/www.weddingportugal.com\/de\/services\/dekoration-blumen\/dekoration\/papierballons-blumen\/","og_locale":"de_DE","og_type":"article","og_title":"Papierballons & Blumen - Wedding Portugal","og_description":"Papierballons sind eine einfache, nachhaltige und geschmackvolle Dekoration f\u00fcr einen Veranstaltungsort der bereits sch\u00f6n ist wie z.B. der Strand. Die Dekoration auf dem Foto umfasst 8 Papierballons in verschiedenen Gr\u00f6\u00dfen (Farben Ihrer Wahl, je nach Verf\u00fcgbarkeit) und 4 dekorative Vasen mit Blumenstr\u00e4u\u00dfen. Bitte kontaktieren Sie uns f\u00fcr weitere Informationen oder f\u00fcr einen individuellen Dekorationsvorschlag mit [&hellip;]","og_url":"https:\/\/www.weddingportugal.com\/de\/services\/dekoration-blumen\/dekoration\/papierballons-blumen\/","og_site_name":"Wedding Portugal","article_modified_time":"2021-07-26T17:37:18+00:00","og_image":[{"width":760,"height":500,"url":"https:\/\/www.weddingportugal.com\/wp-content\/uploads\/2020\/11\/PaperBalloons.jpg","type":"image\/jpeg"}],"twitter_card":"summary_large_image","schema":{"@context":"https:\/\/schema.org","@graph":[{"@type":"WebPage","@id":"https:\/\/www.weddingportugal.com\/de\/services\/dekoration-blumen\/dekoration\/papierballons-blumen\/","url":"https:\/\/www.weddingportugal.com\/de\/services\/dekoration-blumen\/dekoration\/papierballons-blumen\/","name":"Papierballons & Blumen - Wedding Portugal","isPartOf":{"@id":"https:\/\/www.weddingportugal.com\/de\/#website"},"primaryImageOfPage":{"@id":"https:\/\/www.weddingportugal.com\/de\/services\/dekoration-blumen\/dekoration\/papierballons-blumen\/#primaryimage"},"image":{"@id":"https:\/\/www.weddingportugal.com\/de\/services\/dekoration-blumen\/dekoration\/papierballons-blumen\/#primaryimage"},"thumbnailUrl":"https:\/\/www.weddingportugal.com\/wp-content\/uploads\/2020\/11\/PaperBalloons.jpg","datePublished":"2021-07-06T16:46:01+00:00","dateModified":"2021-07-26T17:37:18+00:00","breadcrumb":{"@id":"https:\/\/www.weddingportugal.com\/de\/services\/dekoration-blumen\/dekoration\/papierballons-blumen\/#breadcrumb"},"inLanguage":"de","potentialAction":[{"@type":"ReadAction","target":["https:\/\/www.weddingportugal.com\/de\/services\/dekoration-blumen\/dekoration\/papierballons-blumen\/"]}]},{"@type":"ImageObject","inLanguage":"de","@id":"https:\/\/www.weddingportugal.com\/de\/services\/dekoration-blumen\/dekoration\/papierballons-blumen\/#primaryimage","url":"https:\/\/www.weddingportugal.com\/wp-content\/uploads\/2020\/11\/PaperBalloons.jpg","contentUrl":"https:\/\/www.weddingportugal.com\/wp-content\/uploads\/2020\/11\/PaperBalloons.jpg","width":760,"height":500},{"@type":"BreadcrumbList","@id":"https:\/\/www.weddingportugal.com\/de\/services\/dekoration-blumen\/dekoration\/papierballons-blumen\/#breadcrumb","itemListElement":[{"@type":"ListItem","position":1,"name":"Home","item":"https:\/\/www.weddingportugal.com\/de\/"},{"@type":"ListItem","position":2,"name":"Services","item":"https:\/\/www.weddingportugal.com\/de\/services\/"},{"@type":"ListItem","position":3,"name":"Dekoration &#038; Blumen","item":"https:\/\/www.weddingportugal.com\/de\/services\/dekoration-blumen\/"},{"@type":"ListItem","position":4,"name":"Dekoration","item":"https:\/\/www.weddingportugal.com\/de\/services\/dekoration-blumen\/dekoration\/"},{"@type":"ListItem","position":5,"name":"Papierballons &#038; Blumen"}]},{"@type":"WebSite","@id":"https:\/\/www.weddingportugal.com\/de\/#website","url":"https:\/\/www.weddingportugal.com\/de\/","name":"Wedding Portugal","description":"We tell you why you should get your weeding in Portugal","publisher":{"@id":"https:\/\/www.weddingportugal.com\/de\/#organization"},"potentialAction":[{"@type":"SearchAction","target":{"@type":"EntryPoint","urlTemplate":"https:\/\/www.weddingportugal.com\/de\/?s={search_term_string}"},"query-input":{"@type":"PropertyValueSpecification","valueRequired":true,"valueName":"search_term_string"}}],"inLanguage":"de"},{"@type":"Organization","@id":"https:\/\/www.weddingportugal.com\/de\/#organization","name":"Wedding Portugal","url":"https:\/\/www.weddingportugal.com\/de\/","logo":{"@type":"ImageObject","inLanguage":"de","@id":"https:\/\/www.weddingportugal.com\/de\/#\/schema\/logo\/image\/","url":"https:\/\/www.weddingportugal.com\/wp-content\/uploads\/2020\/02\/cropped-logo-WeddingPortugal.png","contentUrl":"https:\/\/www.weddingportugal.com\/wp-content\/uploads\/2020\/02\/cropped-logo-WeddingPortugal.png","width":523,"height":89,"caption":"Wedding Portugal"},"image":{"@id":"https:\/\/www.weddingportugal.com\/de\/#\/schema\/logo\/image\/"}}]}},"_links":{"self":[{"href":"https:\/\/www.weddingportugal.com\/de\/wp-json\/wp\/v2\/pages\/4470","targetHints":{"allow":["GET"]}}],"collection":[{"href":"https:\/\/www.weddingportugal.com\/de\/wp-json\/wp\/v2\/pages"}],"about":[{"href":"https:\/\/www.weddingportugal.com\/de\/wp-json\/wp\/v2\/types\/page"}],"author":[{"embeddable":true,"href":"https:\/\/www.weddingportugal.com\/de\/wp-json\/wp\/v2\/users\/1"}],"replies":[{"embeddable":true,"href":"https:\/\/www.weddingportugal.com\/de\/wp-json\/wp\/v2\/comments?post=4470"}],"version-history":[{"count":1,"href":"https:\/\/www.weddingportugal.com\/de\/wp-json\/wp\/v2\/pages\/4470\/revisions"}],"predecessor-version":[{"id":4471,"href":"https:\/\/www.weddingportugal.com\/de\/wp-json\/wp\/v2\/pages\/4470\/revisions\/4471"}],"up":[{"embeddable":true,"href":"https:\/\/www.weddingportugal.com\/de\/wp-json\/wp\/v2\/pages\/4463"}],"wp:featuredmedia":[{"embeddable":true,"href":"https:\/\/www.weddingportugal.com\/de\/wp-json\/wp\/v2\/media\/2630"}],"wp:attachment":[{"href":"https:\/\/www.weddingportugal.com\/de\/wp-json\/wp\/v2\/media?parent=4470"}],"curies":[{"name":"wp","href":"https:\/\/api.w.org\/{rel}","templated":true}]}}