{"id":4468,"date":"2021-07-06T16:44:50","date_gmt":"2021-07-06T16:44:50","guid":{"rendered":"https:\/\/www.weddingportugal.com\/services\/dekoration-blumen\/dekoration\/tische-und-stuehle\/"},"modified":"2021-07-26T17:37:18","modified_gmt":"2021-07-26T17:37:18","slug":"tische-und-stuehle","status":"publish","type":"page","link":"https:\/\/www.weddingportugal.com\/de\/services\/dekoration-blumen\/dekoration\/tische-und-stuehle\/","title":{"rendered":"Tische und St\u00fchle"},"content":{"rendered":"\t\t<div data-elementor-type=\"wp-page\" data-elementor-id=\"4468\" class=\"elementor elementor-4468 elementor-2474\" data-elementor-post-type=\"page\">\n\t\t\t\t\t\t<section class=\"elementor-section elementor-top-section elementor-element elementor-element-4d2c696f elementor-section-boxed elementor-section-height-default elementor-section-height-default\" data-id=\"4d2c696f\" data-element_type=\"section\" data-e-type=\"section\">\n\t\t\t\t\t\t<div class=\"elementor-container elementor-column-gap-default\">\n\t\t\t\t\t<div class=\"elementor-column elementor-col-100 elementor-top-column elementor-element elementor-element-4ec2a814\" data-id=\"4ec2a814\" data-element_type=\"column\" data-e-type=\"column\">\n\t\t\t<div class=\"elementor-widget-wrap elementor-element-populated\">\n\t\t\t\t\t\t<div class=\"elementor-element elementor-element-860dd6a elementor-widget elementor-widget-text-editor\" data-id=\"860dd6a\" data-element_type=\"widget\" data-e-type=\"widget\" data-widget_type=\"text-editor.default\">\n\t\t\t\t<div class=\"elementor-widget-container\">\n\t\t\t\t\t\t\t\t\t<p>Gerne erstellen wir Ihnen einen Kostenvoranschlag f\u00fcr die Tische und St\u00fchlen f\u00fcr die Zeremonie oder den Empfang.<\/p>\n<p>F\u00fcr den Kostenvoranschlag ben\u00f6tigen wir Anzahl der ben\u00f6tigten Tische und St\u00fchle sowie Ort und Uhrzeit f\u00fcr Auf- und Abbau.<\/p>\n<p>Gerne beraten wir Sie bei der Planung Ihrer Hochzeit und dem Ablauf und der Logistik der Feierlichkeiten.<\/p>\n<p>Preis auf Anfrage<\/p>\n\t\t\t\t\t\t\t\t<\/div>\n\t\t\t\t<\/div>\n\t\t\t\t\t<\/div>\n\t\t<\/div>\n\t\t\t\t\t<\/div>\n\t\t<\/section>\n\t\t\t\t<section class=\"elementor-section elementor-top-section elementor-element elementor-element-1f4bf94d elementor-section-boxed elementor-section-height-default elementor-section-height-default\" data-id=\"1f4bf94d\" data-element_type=\"section\" data-e-type=\"section\">\n\t\t\t\t\t\t<div class=\"elementor-container elementor-column-gap-default\">\n\t\t\t\t\t<div class=\"elementor-column elementor-col-100 elementor-top-column elementor-element elementor-element-2cd6a858\" data-id=\"2cd6a858\" data-element_type=\"column\" data-e-type=\"column\">\n\t\t\t<div class=\"elementor-widget-wrap elementor-element-populated\">\n\t\t\t\t\t\t<div class=\"elementor-element elementor-element-10336f0 elementor-arrows-position-inside elementor-pagination-position-outside elementor-widget elementor-widget-image-carousel\" data-id=\"10336f0\" data-element_type=\"widget\" data-e-type=\"widget\" data-settings=\"{&quot;slides_to_scroll&quot;:&quot;3&quot;,&quot;navigation&quot;:&quot;both&quot;,&quot;autoplay&quot;:&quot;yes&quot;,&quot;pause_on_hover&quot;:&quot;yes&quot;,&quot;pause_on_interaction&quot;:&quot;yes&quot;,&quot;autoplay_speed&quot;:5000,&quot;infinite&quot;:&quot;yes&quot;,&quot;speed&quot;:500,&quot;image_spacing_custom&quot;:{&quot;unit&quot;:&quot;px&quot;,&quot;size&quot;:20,&quot;sizes&quot;:[]},&quot;image_spacing_custom_tablet&quot;:{&quot;unit&quot;:&quot;px&quot;,&quot;size&quot;:&quot;&quot;,&quot;sizes&quot;:[]},&quot;image_spacing_custom_mobile&quot;:{&quot;unit&quot;:&quot;px&quot;,&quot;size&quot;:&quot;&quot;,&quot;sizes&quot;:[]}}\" data-widget_type=\"image-carousel.default\">\n\t\t\t\t<div class=\"elementor-widget-container\">\n\t\t\t\t\t\t\t<div class=\"elementor-image-carousel-wrapper swiper\" role=\"region\" aria-roledescription=\"carousel\" aria-label=\"Bild Karussell\" dir=\"ltr\">\n\t\t\t<div class=\"elementor-image-carousel swiper-wrapper swiper-image-stretch\" aria-live=\"off\">\n\t\t\t\t\t\t\t\t<div class=\"swiper-slide\" role=\"group\" aria-roledescription=\"slide\" aria-label=\"1 von 3\"><a data-elementor-open-lightbox=\"yes\" data-elementor-lightbox-slideshow=\"10336f0\" data-elementor-lightbox-title=\"Decoration\" data-e-action-hash=\"#elementor-action%3Aaction%3Dlightbox%26settings%3DeyJpZCI6MjU5OSwidXJsIjoiaHR0cHM6XC9cL3d3dy53ZWRkaW5ncG9ydHVnYWwuY29tXC93cC1jb250ZW50XC91cGxvYWRzXC8yMDIwXC8xMVwvRGVjb3JhdGlvbi5qcGciLCJzbGlkZXNob3ciOiIxMDMzNmYwIn0%3D\" href=\"https:\/\/www.weddingportugal.com\/wp-content\/uploads\/2020\/11\/Decoration.jpg\"><figure class=\"swiper-slide-inner\"><img decoding=\"async\" class=\"swiper-slide-image\" src=\"https:\/\/www.weddingportugal.com\/wp-content\/uploads\/elementor\/thumbs\/Decoration-rkoynobug9adb149sihxvpomey0qsukciaekcqhtag.jpg\" alt=\"Decoration\" \/><\/figure><\/a><\/div><div class=\"swiper-slide\" role=\"group\" aria-roledescription=\"slide\" aria-label=\"2 von 3\"><a data-elementor-open-lightbox=\"yes\" data-elementor-lightbox-slideshow=\"10336f0\" data-elementor-lightbox-title=\"TablesChairs01\" data-e-action-hash=\"#elementor-action%3Aaction%3Dlightbox%26settings%3DeyJpZCI6MjYyMSwidXJsIjoiaHR0cHM6XC9cL3d3dy53ZWRkaW5ncG9ydHVnYWwuY29tXC93cC1jb250ZW50XC91cGxvYWRzXC8yMDIwXC8xMVwvVGFibGVzQ2hhaXJzMDEuanBnIiwic2xpZGVzaG93IjoiMTAzMzZmMCJ9\" href=\"https:\/\/www.weddingportugal.com\/wp-content\/uploads\/2020\/11\/TablesChairs01.jpg\"><figure class=\"swiper-slide-inner\"><img decoding=\"async\" class=\"swiper-slide-image\" src=\"https:\/\/www.weddingportugal.com\/wp-content\/uploads\/elementor\/thumbs\/TablesChairs01-rkoynp9on3bnmn2wn0wkg7g30bw40jo2uf21u0gf48.jpg\" alt=\"TablesChairs01\" \/><\/figure><\/a><\/div><div class=\"swiper-slide\" role=\"group\" aria-roledescription=\"slide\" aria-label=\"3 von 3\"><a data-elementor-open-lightbox=\"yes\" data-elementor-lightbox-slideshow=\"10336f0\" data-elementor-lightbox-title=\"TablesChairs02\" data-e-action-hash=\"#elementor-action%3Aaction%3Dlightbox%26settings%3DeyJpZCI6MjYyNSwidXJsIjoiaHR0cHM6XC9cL3d3dy53ZWRkaW5ncG9ydHVnYWwuY29tXC93cC1jb250ZW50XC91cGxvYWRzXC8yMDIwXC8xMVwvVGFibGVzQ2hhaXJzMDIuanBnIiwic2xpZGVzaG93IjoiMTAzMzZmMCJ9\" href=\"https:\/\/www.weddingportugal.com\/wp-content\/uploads\/2020\/11\/TablesChairs02.jpg\"><figure class=\"swiper-slide-inner\"><img decoding=\"async\" class=\"swiper-slide-image\" src=\"https:\/\/www.weddingportugal.com\/wp-content\/uploads\/elementor\/thumbs\/TablesChairs02-rkoynp9on3bnmn2wn0wkg7g30bw40jo2uf21u0gf48.jpg\" alt=\"TablesChairs02\" \/><\/figure><\/a><\/div>\t\t\t<\/div>\n\t\t\t\t\t\t\t\t\t\t\t\t<div class=\"elementor-swiper-button elementor-swiper-button-prev\" role=\"button\" tabindex=\"0\">\n\t\t\t\t\t\t<i aria-hidden=\"true\" class=\"eicon-chevron-left\"><\/i>\t\t\t\t\t<\/div>\n\t\t\t\t\t<div class=\"elementor-swiper-button elementor-swiper-button-next\" role=\"button\" tabindex=\"0\">\n\t\t\t\t\t\t<i aria-hidden=\"true\" class=\"eicon-chevron-right\"><\/i>\t\t\t\t\t<\/div>\n\t\t\t\t\n\t\t\t\t\t\t\t\t\t<div class=\"swiper-pagination\"><\/div>\n\t\t\t\t\t\t\t\t\t<\/div>\n\t\t\t\t\t\t<\/div>\n\t\t\t\t<\/div>\n\t\t\t\t\t<\/div>\n\t\t<\/div>\n\t\t\t\t\t<\/div>\n\t\t<\/section>\n\t\t\t\t<\/div>\n\t\t","protected":false},"excerpt":{"rendered":"<p>Gerne erstellen wir Ihnen einen Kostenvoranschlag f\u00fcr die Tische und St\u00fchlen f\u00fcr die Zeremonie oder den Empfang. F\u00fcr den Kostenvoranschlag ben\u00f6tigen wir Anzahl der ben\u00f6tigten Tische und St\u00fchle sowie Ort und Uhrzeit f\u00fcr Auf- und Abbau. Gerne beraten wir Sie bei der Planung Ihrer Hochzeit und dem Ablauf und der Logistik der Feierlichkeiten. Preis auf [&hellip;]<\/p>\n","protected":false},"author":1,"featured_media":2616,"parent":4463,"menu_order":85,"comment_status":"closed","ping_status":"closed","template":"","meta":{"content-type":"","footnotes":""},"class_list":["post-4468","page","type-page","status-publish","has-post-thumbnail","hentry"],"yoast_head":"<!-- This site is optimized with the Yoast SEO plugin v27.2 - https:\/\/yoast.com\/product\/yoast-seo-wordpress\/ -->\n<title>Tische und St\u00fchle - Wedding Portugal<\/title>\n<meta name=\"robots\" content=\"index, follow, max-snippet:-1, max-image-preview:large, max-video-preview:-1\" \/>\n<link rel=\"canonical\" href=\"https:\/\/www.weddingportugal.com\/de\/services\/dekoration-blumen\/dekoration\/tische-und-stuehle\/\" \/>\n<meta property=\"og:locale\" content=\"de_DE\" \/>\n<meta property=\"og:type\" content=\"article\" \/>\n<meta property=\"og:title\" content=\"Tische und St\u00fchle - Wedding Portugal\" \/>\n<meta property=\"og:description\" content=\"Gerne erstellen wir Ihnen einen Kostenvoranschlag f\u00fcr die Tische und St\u00fchlen f\u00fcr die Zeremonie oder den Empfang. F\u00fcr den Kostenvoranschlag ben\u00f6tigen wir Anzahl der ben\u00f6tigten Tische und St\u00fchle sowie Ort und Uhrzeit f\u00fcr Auf- und Abbau. Gerne beraten wir Sie bei der Planung Ihrer Hochzeit und dem Ablauf und der Logistik der Feierlichkeiten. Preis auf [&hellip;]\" \/>\n<meta property=\"og:url\" content=\"https:\/\/www.weddingportugal.com\/de\/services\/dekoration-blumen\/dekoration\/tische-und-stuehle\/\" \/>\n<meta property=\"og:site_name\" content=\"Wedding Portugal\" \/>\n<meta property=\"article:modified_time\" content=\"2021-07-26T17:37:18+00:00\" \/>\n<meta property=\"og:image\" content=\"https:\/\/www.weddingportugal.com\/wp-content\/uploads\/2020\/11\/TablesChairs.jpg\" \/>\n\t<meta property=\"og:image:width\" content=\"760\" \/>\n\t<meta property=\"og:image:height\" content=\"500\" \/>\n\t<meta property=\"og:image:type\" content=\"image\/jpeg\" \/>\n<meta name=\"twitter:card\" content=\"summary_large_image\" \/>\n<script type=\"application\/ld+json\" class=\"yoast-schema-graph\">{\"@context\":\"https:\/\/schema.org\",\"@graph\":[{\"@type\":\"WebPage\",\"@id\":\"https:\/\/www.weddingportugal.com\/de\/services\/dekoration-blumen\/dekoration\/tische-und-stuehle\/\",\"url\":\"https:\/\/www.weddingportugal.com\/de\/services\/dekoration-blumen\/dekoration\/tische-und-stuehle\/\",\"name\":\"Tische und St\u00fchle - Wedding Portugal\",\"isPartOf\":{\"@id\":\"https:\/\/www.weddingportugal.com\/de\/#website\"},\"primaryImageOfPage\":{\"@id\":\"https:\/\/www.weddingportugal.com\/de\/services\/dekoration-blumen\/dekoration\/tische-und-stuehle\/#primaryimage\"},\"image\":{\"@id\":\"https:\/\/www.weddingportugal.com\/de\/services\/dekoration-blumen\/dekoration\/tische-und-stuehle\/#primaryimage\"},\"thumbnailUrl\":\"https:\/\/www.weddingportugal.com\/wp-content\/uploads\/2020\/11\/TablesChairs.jpg\",\"datePublished\":\"2021-07-06T16:44:50+00:00\",\"dateModified\":\"2021-07-26T17:37:18+00:00\",\"breadcrumb\":{\"@id\":\"https:\/\/www.weddingportugal.com\/de\/services\/dekoration-blumen\/dekoration\/tische-und-stuehle\/#breadcrumb\"},\"inLanguage\":\"de\",\"potentialAction\":[{\"@type\":\"ReadAction\",\"target\":[\"https:\/\/www.weddingportugal.com\/de\/services\/dekoration-blumen\/dekoration\/tische-und-stuehle\/\"]}]},{\"@type\":\"ImageObject\",\"inLanguage\":\"de\",\"@id\":\"https:\/\/www.weddingportugal.com\/de\/services\/dekoration-blumen\/dekoration\/tische-und-stuehle\/#primaryimage\",\"url\":\"https:\/\/www.weddingportugal.com\/wp-content\/uploads\/2020\/11\/TablesChairs.jpg\",\"contentUrl\":\"https:\/\/www.weddingportugal.com\/wp-content\/uploads\/2020\/11\/TablesChairs.jpg\",\"width\":760,\"height\":500},{\"@type\":\"BreadcrumbList\",\"@id\":\"https:\/\/www.weddingportugal.com\/de\/services\/dekoration-blumen\/dekoration\/tische-und-stuehle\/#breadcrumb\",\"itemListElement\":[{\"@type\":\"ListItem\",\"position\":1,\"name\":\"Home\",\"item\":\"https:\/\/www.weddingportugal.com\/de\/\"},{\"@type\":\"ListItem\",\"position\":2,\"name\":\"Services\",\"item\":\"https:\/\/www.weddingportugal.com\/de\/services\/\"},{\"@type\":\"ListItem\",\"position\":3,\"name\":\"Dekoration &#038; Blumen\",\"item\":\"https:\/\/www.weddingportugal.com\/de\/services\/dekoration-blumen\/\"},{\"@type\":\"ListItem\",\"position\":4,\"name\":\"Dekoration\",\"item\":\"https:\/\/www.weddingportugal.com\/de\/services\/dekoration-blumen\/dekoration\/\"},{\"@type\":\"ListItem\",\"position\":5,\"name\":\"Tische und St\u00fchle\"}]},{\"@type\":\"WebSite\",\"@id\":\"https:\/\/www.weddingportugal.com\/de\/#website\",\"url\":\"https:\/\/www.weddingportugal.com\/de\/\",\"name\":\"Wedding Portugal\",\"description\":\"We tell you why you should get your weeding in Portugal\",\"publisher\":{\"@id\":\"https:\/\/www.weddingportugal.com\/de\/#organization\"},\"potentialAction\":[{\"@type\":\"SearchAction\",\"target\":{\"@type\":\"EntryPoint\",\"urlTemplate\":\"https:\/\/www.weddingportugal.com\/de\/?s={search_term_string}\"},\"query-input\":{\"@type\":\"PropertyValueSpecification\",\"valueRequired\":true,\"valueName\":\"search_term_string\"}}],\"inLanguage\":\"de\"},{\"@type\":\"Organization\",\"@id\":\"https:\/\/www.weddingportugal.com\/de\/#organization\",\"name\":\"Wedding Portugal\",\"url\":\"https:\/\/www.weddingportugal.com\/de\/\",\"logo\":{\"@type\":\"ImageObject\",\"inLanguage\":\"de\",\"@id\":\"https:\/\/www.weddingportugal.com\/de\/#\/schema\/logo\/image\/\",\"url\":\"https:\/\/www.weddingportugal.com\/wp-content\/uploads\/2020\/02\/cropped-logo-WeddingPortugal.png\",\"contentUrl\":\"https:\/\/www.weddingportugal.com\/wp-content\/uploads\/2020\/02\/cropped-logo-WeddingPortugal.png\",\"width\":523,\"height\":89,\"caption\":\"Wedding Portugal\"},\"image\":{\"@id\":\"https:\/\/www.weddingportugal.com\/de\/#\/schema\/logo\/image\/\"}}]}<\/script>\n<!-- \/ Yoast SEO plugin. -->","yoast_head_json":{"title":"Tische und St\u00fchle - Wedding Portugal","robots":{"index":"index","follow":"follow","max-snippet":"max-snippet:-1","max-image-preview":"max-image-preview:large","max-video-preview":"max-video-preview:-1"},"canonical":"https:\/\/www.weddingportugal.com\/de\/services\/dekoration-blumen\/dekoration\/tische-und-stuehle\/","og_locale":"de_DE","og_type":"article","og_title":"Tische und St\u00fchle - Wedding Portugal","og_description":"Gerne erstellen wir Ihnen einen Kostenvoranschlag f\u00fcr die Tische und St\u00fchlen f\u00fcr die Zeremonie oder den Empfang. F\u00fcr den Kostenvoranschlag ben\u00f6tigen wir Anzahl der ben\u00f6tigten Tische und St\u00fchle sowie Ort und Uhrzeit f\u00fcr Auf- und Abbau. Gerne beraten wir Sie bei der Planung Ihrer Hochzeit und dem Ablauf und der Logistik der Feierlichkeiten. Preis auf [&hellip;]","og_url":"https:\/\/www.weddingportugal.com\/de\/services\/dekoration-blumen\/dekoration\/tische-und-stuehle\/","og_site_name":"Wedding Portugal","article_modified_time":"2021-07-26T17:37:18+00:00","og_image":[{"width":760,"height":500,"url":"https:\/\/www.weddingportugal.com\/wp-content\/uploads\/2020\/11\/TablesChairs.jpg","type":"image\/jpeg"}],"twitter_card":"summary_large_image","schema":{"@context":"https:\/\/schema.org","@graph":[{"@type":"WebPage","@id":"https:\/\/www.weddingportugal.com\/de\/services\/dekoration-blumen\/dekoration\/tische-und-stuehle\/","url":"https:\/\/www.weddingportugal.com\/de\/services\/dekoration-blumen\/dekoration\/tische-und-stuehle\/","name":"Tische und St\u00fchle - Wedding Portugal","isPartOf":{"@id":"https:\/\/www.weddingportugal.com\/de\/#website"},"primaryImageOfPage":{"@id":"https:\/\/www.weddingportugal.com\/de\/services\/dekoration-blumen\/dekoration\/tische-und-stuehle\/#primaryimage"},"image":{"@id":"https:\/\/www.weddingportugal.com\/de\/services\/dekoration-blumen\/dekoration\/tische-und-stuehle\/#primaryimage"},"thumbnailUrl":"https:\/\/www.weddingportugal.com\/wp-content\/uploads\/2020\/11\/TablesChairs.jpg","datePublished":"2021-07-06T16:44:50+00:00","dateModified":"2021-07-26T17:37:18+00:00","breadcrumb":{"@id":"https:\/\/www.weddingportugal.com\/de\/services\/dekoration-blumen\/dekoration\/tische-und-stuehle\/#breadcrumb"},"inLanguage":"de","potentialAction":[{"@type":"ReadAction","target":["https:\/\/www.weddingportugal.com\/de\/services\/dekoration-blumen\/dekoration\/tische-und-stuehle\/"]}]},{"@type":"ImageObject","inLanguage":"de","@id":"https:\/\/www.weddingportugal.com\/de\/services\/dekoration-blumen\/dekoration\/tische-und-stuehle\/#primaryimage","url":"https:\/\/www.weddingportugal.com\/wp-content\/uploads\/2020\/11\/TablesChairs.jpg","contentUrl":"https:\/\/www.weddingportugal.com\/wp-content\/uploads\/2020\/11\/TablesChairs.jpg","width":760,"height":500},{"@type":"BreadcrumbList","@id":"https:\/\/www.weddingportugal.com\/de\/services\/dekoration-blumen\/dekoration\/tische-und-stuehle\/#breadcrumb","itemListElement":[{"@type":"ListItem","position":1,"name":"Home","item":"https:\/\/www.weddingportugal.com\/de\/"},{"@type":"ListItem","position":2,"name":"Services","item":"https:\/\/www.weddingportugal.com\/de\/services\/"},{"@type":"ListItem","position":3,"name":"Dekoration &#038; Blumen","item":"https:\/\/www.weddingportugal.com\/de\/services\/dekoration-blumen\/"},{"@type":"ListItem","position":4,"name":"Dekoration","item":"https:\/\/www.weddingportugal.com\/de\/services\/dekoration-blumen\/dekoration\/"},{"@type":"ListItem","position":5,"name":"Tische und St\u00fchle"}]},{"@type":"WebSite","@id":"https:\/\/www.weddingportugal.com\/de\/#website","url":"https:\/\/www.weddingportugal.com\/de\/","name":"Wedding Portugal","description":"We tell you why you should get your weeding in Portugal","publisher":{"@id":"https:\/\/www.weddingportugal.com\/de\/#organization"},"potentialAction":[{"@type":"SearchAction","target":{"@type":"EntryPoint","urlTemplate":"https:\/\/www.weddingportugal.com\/de\/?s={search_term_string}"},"query-input":{"@type":"PropertyValueSpecification","valueRequired":true,"valueName":"search_term_string"}}],"inLanguage":"de"},{"@type":"Organization","@id":"https:\/\/www.weddingportugal.com\/de\/#organization","name":"Wedding Portugal","url":"https:\/\/www.weddingportugal.com\/de\/","logo":{"@type":"ImageObject","inLanguage":"de","@id":"https:\/\/www.weddingportugal.com\/de\/#\/schema\/logo\/image\/","url":"https:\/\/www.weddingportugal.com\/wp-content\/uploads\/2020\/02\/cropped-logo-WeddingPortugal.png","contentUrl":"https:\/\/www.weddingportugal.com\/wp-content\/uploads\/2020\/02\/cropped-logo-WeddingPortugal.png","width":523,"height":89,"caption":"Wedding Portugal"},"image":{"@id":"https:\/\/www.weddingportugal.com\/de\/#\/schema\/logo\/image\/"}}]}},"_links":{"self":[{"href":"https:\/\/www.weddingportugal.com\/de\/wp-json\/wp\/v2\/pages\/4468","targetHints":{"allow":["GET"]}}],"collection":[{"href":"https:\/\/www.weddingportugal.com\/de\/wp-json\/wp\/v2\/pages"}],"about":[{"href":"https:\/\/www.weddingportugal.com\/de\/wp-json\/wp\/v2\/types\/page"}],"author":[{"embeddable":true,"href":"https:\/\/www.weddingportugal.com\/de\/wp-json\/wp\/v2\/users\/1"}],"replies":[{"embeddable":true,"href":"https:\/\/www.weddingportugal.com\/de\/wp-json\/wp\/v2\/comments?post=4468"}],"version-history":[{"count":1,"href":"https:\/\/www.weddingportugal.com\/de\/wp-json\/wp\/v2\/pages\/4468\/revisions"}],"predecessor-version":[{"id":4469,"href":"https:\/\/www.weddingportugal.com\/de\/wp-json\/wp\/v2\/pages\/4468\/revisions\/4469"}],"up":[{"embeddable":true,"href":"https:\/\/www.weddingportugal.com\/de\/wp-json\/wp\/v2\/pages\/4463"}],"wp:featuredmedia":[{"embeddable":true,"href":"https:\/\/www.weddingportugal.com\/de\/wp-json\/wp\/v2\/media\/2616"}],"wp:attachment":[{"href":"https:\/\/www.weddingportugal.com\/de\/wp-json\/wp\/v2\/media?parent=4468"}],"curies":[{"name":"wp","href":"https:\/\/api.w.org\/{rel}","templated":true}]}}