{"id":4466,"date":"2021-07-06T16:42:54","date_gmt":"2021-07-06T16:42:54","guid":{"rendered":"https:\/\/www.weddingportugal.com\/services\/dekoration-blumen\/dekoration\/dekoration-lissabon\/"},"modified":"2021-07-26T17:37:51","modified_gmt":"2021-07-26T17:37:51","slug":"dekoration-lissabon","status":"publish","type":"page","link":"https:\/\/www.weddingportugal.com\/de\/services\/dekoration-blumen\/dekoration\/dekoration-lissabon\/","title":{"rendered":"Dekoration &#8211; Lissabon"},"content":{"rendered":"\t\t<div data-elementor-type=\"wp-page\" data-elementor-id=\"4466\" class=\"elementor elementor-4466 elementor-2472\" data-elementor-post-type=\"page\">\n\t\t\t\t\t\t<section class=\"elementor-section elementor-top-section elementor-element elementor-element-80b5dbc elementor-section-boxed elementor-section-height-default elementor-section-height-default\" data-id=\"80b5dbc\" data-element_type=\"section\" data-e-type=\"section\">\n\t\t\t\t\t\t<div class=\"elementor-container elementor-column-gap-default\">\n\t\t\t\t\t<div class=\"elementor-column elementor-col-50 elementor-top-column elementor-element elementor-element-79530ac2\" data-id=\"79530ac2\" data-element_type=\"column\" data-e-type=\"column\">\n\t\t\t<div class=\"elementor-widget-wrap elementor-element-populated\">\n\t\t\t\t\t\t<div class=\"elementor-element elementor-element-14bfa2e5 elementor-widget elementor-widget-text-editor\" data-id=\"14bfa2e5\" data-element_type=\"widget\" data-e-type=\"widget\" data-widget_type=\"text-editor.default\">\n\t\t\t\t<div class=\"elementor-widget-container\">\n\t\t\t\t\t\t\t\t\t<p>\u201eAbout events\u201c ist ein Deko-Verleih in Lissabon mit einer attraktiven Auswahl an geschmackvollen Dekorationen f\u00fcr jede Hochzeitsveranstaltung.<\/p>\n<p>Gerne buchen wir f\u00fcr Sie Ihre Hochzeitsdekoration und stehen Ihnen bei der Planung zur Seite. F\u00fcr diesen Service erheben wird eine Buchungs- und Bearbeitungsgeb\u00fchr.<\/p>\n\t\t\t\t\t\t\t\t<\/div>\n\t\t\t\t<\/div>\n\t\t\t\t<div class=\"elementor-element elementor-element-3f98e0d elementor-widget elementor-widget-text-editor\" data-id=\"3f98e0d\" data-element_type=\"widget\" data-e-type=\"widget\" data-widget_type=\"text-editor.default\">\n\t\t\t\t<div class=\"elementor-widget-container\">\n\t\t\t\t\t\t\t\t\t<p><a href=\"\\wp-content\/uploads\/2021\/03\/Catalogo-rentals-About-events.pdf\" target=\"_blank\" rel=\"noopener\"><img decoding=\"async\" class=\"alignnone wp-image-2749 size-full\" src=\"http:\/\/www.weddingportugal.com\/wp-content\/uploads\/2020\/11\/icon-pdf.png\" alt=\"\" width=\"37\" height=\"39\" \/><\/a><br \/>\n<a href=\"\\wp-content\/uploads\/2021\/03\/Catalogo-rentals-About-events.pdf\" target=\"_blank\" rel=\"noopener\">Katalog herunterladen<\/a><\/p>\n\t\t\t\t\t\t\t\t<\/div>\n\t\t\t\t<\/div>\n\t\t\t\t\t<\/div>\n\t\t<\/div>\n\t\t\t\t<div class=\"elementor-column elementor-col-50 elementor-top-column elementor-element elementor-element-7450aa1d\" data-id=\"7450aa1d\" data-element_type=\"column\" data-e-type=\"column\">\n\t\t\t<div class=\"elementor-widget-wrap elementor-element-populated\">\n\t\t\t\t\t\t<div class=\"elementor-element elementor-element-1a17be68 elementor-widget elementor-widget-image\" data-id=\"1a17be68\" data-element_type=\"widget\" data-e-type=\"widget\" data-widget_type=\"image.default\">\n\t\t\t\t<div class=\"elementor-widget-container\">\n\t\t\t\t\t\t\t\t\t\t\t\t\t\t\t<img fetchpriority=\"high\" decoding=\"async\" width=\"760\" height=\"500\" src=\"https:\/\/www.weddingportugal.com\/wp-content\/uploads\/2020\/11\/Lisbon-Decoration-Rentals.jpg\" class=\"attachment-large size-large wp-image-2604\" alt=\"\" srcset=\"https:\/\/www.weddingportugal.com\/wp-content\/uploads\/2020\/11\/Lisbon-Decoration-Rentals.jpg 760w, https:\/\/www.weddingportugal.com\/wp-content\/uploads\/2020\/11\/Lisbon-Decoration-Rentals-300x197.jpg 300w\" sizes=\"(max-width: 760px) 100vw, 760px\" \/>\t\t\t\t\t\t\t\t\t\t\t\t\t\t\t<\/div>\n\t\t\t\t<\/div>\n\t\t\t\t\t<\/div>\n\t\t<\/div>\n\t\t\t\t\t<\/div>\n\t\t<\/section>\n\t\t\t\t<section class=\"elementor-section elementor-top-section elementor-element elementor-element-7f1a3d7 elementor-section-boxed elementor-section-height-default elementor-section-height-default\" data-id=\"7f1a3d7\" data-element_type=\"section\" data-e-type=\"section\">\n\t\t\t\t\t\t<div class=\"elementor-container elementor-column-gap-default\">\n\t\t\t\t\t<div class=\"elementor-column elementor-col-100 elementor-top-column elementor-element elementor-element-0667f69\" data-id=\"0667f69\" data-element_type=\"column\" data-e-type=\"column\">\n\t\t\t<div class=\"elementor-widget-wrap elementor-element-populated\">\n\t\t\t\t\t\t<div class=\"elementor-element elementor-element-bffd0a1 elementor-widget elementor-widget-image\" data-id=\"bffd0a1\" data-element_type=\"widget\" data-e-type=\"widget\" data-widget_type=\"image.default\">\n\t\t\t\t<div class=\"elementor-widget-container\">\n\t\t\t\t\t\t\t\t\t\t\t\t\t\t\t<img decoding=\"async\" width=\"1200\" height=\"350\" src=\"https:\/\/www.weddingportugal.com\/wp-content\/uploads\/2020\/11\/AboutRentals.png\" class=\"attachment-full size-full wp-image-2611\" alt=\"\" srcset=\"https:\/\/www.weddingportugal.com\/wp-content\/uploads\/2020\/11\/AboutRentals.png 1200w, https:\/\/www.weddingportugal.com\/wp-content\/uploads\/2020\/11\/AboutRentals-300x88.png 300w, https:\/\/www.weddingportugal.com\/wp-content\/uploads\/2020\/11\/AboutRentals-1024x299.png 1024w, https:\/\/www.weddingportugal.com\/wp-content\/uploads\/2020\/11\/AboutRentals-768x224.png 768w\" sizes=\"(max-width: 1200px) 100vw, 1200px\" \/>\t\t\t\t\t\t\t\t\t\t\t\t\t\t\t<\/div>\n\t\t\t\t<\/div>\n\t\t\t\t\t<\/div>\n\t\t<\/div>\n\t\t\t\t\t<\/div>\n\t\t<\/section>\n\t\t\t\t<\/div>\n\t\t","protected":false},"excerpt":{"rendered":"<p>\u201eAbout events\u201c ist ein Deko-Verleih in Lissabon mit einer attraktiven Auswahl an geschmackvollen Dekorationen f\u00fcr jede Hochzeitsveranstaltung. Gerne buchen wir f\u00fcr Sie Ihre Hochzeitsdekoration und stehen Ihnen bei der Planung zur Seite. F\u00fcr diesen Service erheben wird eine Buchungs- und Bearbeitungsgeb\u00fchr. Katalog herunterladen<\/p>\n","protected":false},"author":1,"featured_media":2604,"parent":4463,"menu_order":84,"comment_status":"closed","ping_status":"closed","template":"","meta":{"content-type":"","footnotes":""},"class_list":["post-4466","page","type-page","status-publish","has-post-thumbnail","hentry"],"yoast_head":"<!-- This site is optimized with the Yoast SEO plugin v27.2 - https:\/\/yoast.com\/product\/yoast-seo-wordpress\/ -->\n<title>Dekoration - Lissabon - Wedding Portugal<\/title>\n<meta name=\"robots\" content=\"index, follow, max-snippet:-1, max-image-preview:large, max-video-preview:-1\" \/>\n<link rel=\"canonical\" href=\"https:\/\/www.weddingportugal.com\/de\/services\/dekoration-blumen\/dekoration\/dekoration-lissabon\/\" \/>\n<meta property=\"og:locale\" content=\"de_DE\" \/>\n<meta property=\"og:type\" content=\"article\" \/>\n<meta property=\"og:title\" content=\"Dekoration - Lissabon - Wedding Portugal\" \/>\n<meta property=\"og:description\" content=\"\u201eAbout events\u201c ist ein Deko-Verleih in Lissabon mit einer attraktiven Auswahl an geschmackvollen Dekorationen f\u00fcr jede Hochzeitsveranstaltung. Gerne buchen wir f\u00fcr Sie Ihre Hochzeitsdekoration und stehen Ihnen bei der Planung zur Seite. F\u00fcr diesen Service erheben wird eine Buchungs- und Bearbeitungsgeb\u00fchr. Katalog herunterladen\" \/>\n<meta property=\"og:url\" content=\"https:\/\/www.weddingportugal.com\/de\/services\/dekoration-blumen\/dekoration\/dekoration-lissabon\/\" \/>\n<meta property=\"og:site_name\" content=\"Wedding Portugal\" \/>\n<meta property=\"article:modified_time\" content=\"2021-07-26T17:37:51+00:00\" \/>\n<meta property=\"og:image\" content=\"https:\/\/www.weddingportugal.com\/wp-content\/uploads\/2020\/11\/Lisbon-Decoration-Rentals.jpg\" \/>\n\t<meta property=\"og:image:width\" content=\"760\" \/>\n\t<meta property=\"og:image:height\" content=\"500\" \/>\n\t<meta property=\"og:image:type\" content=\"image\/jpeg\" \/>\n<meta name=\"twitter:card\" content=\"summary_large_image\" \/>\n<script type=\"application\/ld+json\" class=\"yoast-schema-graph\">{\"@context\":\"https:\/\/schema.org\",\"@graph\":[{\"@type\":\"WebPage\",\"@id\":\"https:\/\/www.weddingportugal.com\/de\/services\/dekoration-blumen\/dekoration\/dekoration-lissabon\/\",\"url\":\"https:\/\/www.weddingportugal.com\/de\/services\/dekoration-blumen\/dekoration\/dekoration-lissabon\/\",\"name\":\"Dekoration - Lissabon - Wedding Portugal\",\"isPartOf\":{\"@id\":\"https:\/\/www.weddingportugal.com\/de\/#website\"},\"primaryImageOfPage\":{\"@id\":\"https:\/\/www.weddingportugal.com\/de\/services\/dekoration-blumen\/dekoration\/dekoration-lissabon\/#primaryimage\"},\"image\":{\"@id\":\"https:\/\/www.weddingportugal.com\/de\/services\/dekoration-blumen\/dekoration\/dekoration-lissabon\/#primaryimage\"},\"thumbnailUrl\":\"https:\/\/www.weddingportugal.com\/wp-content\/uploads\/2020\/11\/Lisbon-Decoration-Rentals.jpg\",\"datePublished\":\"2021-07-06T16:42:54+00:00\",\"dateModified\":\"2021-07-26T17:37:51+00:00\",\"breadcrumb\":{\"@id\":\"https:\/\/www.weddingportugal.com\/de\/services\/dekoration-blumen\/dekoration\/dekoration-lissabon\/#breadcrumb\"},\"inLanguage\":\"de\",\"potentialAction\":[{\"@type\":\"ReadAction\",\"target\":[\"https:\/\/www.weddingportugal.com\/de\/services\/dekoration-blumen\/dekoration\/dekoration-lissabon\/\"]}]},{\"@type\":\"ImageObject\",\"inLanguage\":\"de\",\"@id\":\"https:\/\/www.weddingportugal.com\/de\/services\/dekoration-blumen\/dekoration\/dekoration-lissabon\/#primaryimage\",\"url\":\"https:\/\/www.weddingportugal.com\/wp-content\/uploads\/2020\/11\/Lisbon-Decoration-Rentals.jpg\",\"contentUrl\":\"https:\/\/www.weddingportugal.com\/wp-content\/uploads\/2020\/11\/Lisbon-Decoration-Rentals.jpg\",\"width\":760,\"height\":500},{\"@type\":\"BreadcrumbList\",\"@id\":\"https:\/\/www.weddingportugal.com\/de\/services\/dekoration-blumen\/dekoration\/dekoration-lissabon\/#breadcrumb\",\"itemListElement\":[{\"@type\":\"ListItem\",\"position\":1,\"name\":\"Home\",\"item\":\"https:\/\/www.weddingportugal.com\/de\/\"},{\"@type\":\"ListItem\",\"position\":2,\"name\":\"Services\",\"item\":\"https:\/\/www.weddingportugal.com\/de\/services\/\"},{\"@type\":\"ListItem\",\"position\":3,\"name\":\"Dekoration &#038; Blumen\",\"item\":\"https:\/\/www.weddingportugal.com\/de\/services\/dekoration-blumen\/\"},{\"@type\":\"ListItem\",\"position\":4,\"name\":\"Dekoration\",\"item\":\"https:\/\/www.weddingportugal.com\/de\/services\/dekoration-blumen\/dekoration\/\"},{\"@type\":\"ListItem\",\"position\":5,\"name\":\"Dekoration &#8211; Lissabon\"}]},{\"@type\":\"WebSite\",\"@id\":\"https:\/\/www.weddingportugal.com\/de\/#website\",\"url\":\"https:\/\/www.weddingportugal.com\/de\/\",\"name\":\"Wedding Portugal\",\"description\":\"We tell you why you should get your weeding in Portugal\",\"publisher\":{\"@id\":\"https:\/\/www.weddingportugal.com\/de\/#organization\"},\"potentialAction\":[{\"@type\":\"SearchAction\",\"target\":{\"@type\":\"EntryPoint\",\"urlTemplate\":\"https:\/\/www.weddingportugal.com\/de\/?s={search_term_string}\"},\"query-input\":{\"@type\":\"PropertyValueSpecification\",\"valueRequired\":true,\"valueName\":\"search_term_string\"}}],\"inLanguage\":\"de\"},{\"@type\":\"Organization\",\"@id\":\"https:\/\/www.weddingportugal.com\/de\/#organization\",\"name\":\"Wedding Portugal\",\"url\":\"https:\/\/www.weddingportugal.com\/de\/\",\"logo\":{\"@type\":\"ImageObject\",\"inLanguage\":\"de\",\"@id\":\"https:\/\/www.weddingportugal.com\/de\/#\/schema\/logo\/image\/\",\"url\":\"https:\/\/www.weddingportugal.com\/wp-content\/uploads\/2020\/02\/cropped-logo-WeddingPortugal.png\",\"contentUrl\":\"https:\/\/www.weddingportugal.com\/wp-content\/uploads\/2020\/02\/cropped-logo-WeddingPortugal.png\",\"width\":523,\"height\":89,\"caption\":\"Wedding Portugal\"},\"image\":{\"@id\":\"https:\/\/www.weddingportugal.com\/de\/#\/schema\/logo\/image\/\"}}]}<\/script>\n<!-- \/ Yoast SEO plugin. -->","yoast_head_json":{"title":"Dekoration - Lissabon - Wedding Portugal","robots":{"index":"index","follow":"follow","max-snippet":"max-snippet:-1","max-image-preview":"max-image-preview:large","max-video-preview":"max-video-preview:-1"},"canonical":"https:\/\/www.weddingportugal.com\/de\/services\/dekoration-blumen\/dekoration\/dekoration-lissabon\/","og_locale":"de_DE","og_type":"article","og_title":"Dekoration - Lissabon - Wedding Portugal","og_description":"\u201eAbout events\u201c ist ein Deko-Verleih in Lissabon mit einer attraktiven Auswahl an geschmackvollen Dekorationen f\u00fcr jede Hochzeitsveranstaltung. Gerne buchen wir f\u00fcr Sie Ihre Hochzeitsdekoration und stehen Ihnen bei der Planung zur Seite. F\u00fcr diesen Service erheben wird eine Buchungs- und Bearbeitungsgeb\u00fchr. Katalog herunterladen","og_url":"https:\/\/www.weddingportugal.com\/de\/services\/dekoration-blumen\/dekoration\/dekoration-lissabon\/","og_site_name":"Wedding Portugal","article_modified_time":"2021-07-26T17:37:51+00:00","og_image":[{"width":760,"height":500,"url":"https:\/\/www.weddingportugal.com\/wp-content\/uploads\/2020\/11\/Lisbon-Decoration-Rentals.jpg","type":"image\/jpeg"}],"twitter_card":"summary_large_image","schema":{"@context":"https:\/\/schema.org","@graph":[{"@type":"WebPage","@id":"https:\/\/www.weddingportugal.com\/de\/services\/dekoration-blumen\/dekoration\/dekoration-lissabon\/","url":"https:\/\/www.weddingportugal.com\/de\/services\/dekoration-blumen\/dekoration\/dekoration-lissabon\/","name":"Dekoration - Lissabon - Wedding Portugal","isPartOf":{"@id":"https:\/\/www.weddingportugal.com\/de\/#website"},"primaryImageOfPage":{"@id":"https:\/\/www.weddingportugal.com\/de\/services\/dekoration-blumen\/dekoration\/dekoration-lissabon\/#primaryimage"},"image":{"@id":"https:\/\/www.weddingportugal.com\/de\/services\/dekoration-blumen\/dekoration\/dekoration-lissabon\/#primaryimage"},"thumbnailUrl":"https:\/\/www.weddingportugal.com\/wp-content\/uploads\/2020\/11\/Lisbon-Decoration-Rentals.jpg","datePublished":"2021-07-06T16:42:54+00:00","dateModified":"2021-07-26T17:37:51+00:00","breadcrumb":{"@id":"https:\/\/www.weddingportugal.com\/de\/services\/dekoration-blumen\/dekoration\/dekoration-lissabon\/#breadcrumb"},"inLanguage":"de","potentialAction":[{"@type":"ReadAction","target":["https:\/\/www.weddingportugal.com\/de\/services\/dekoration-blumen\/dekoration\/dekoration-lissabon\/"]}]},{"@type":"ImageObject","inLanguage":"de","@id":"https:\/\/www.weddingportugal.com\/de\/services\/dekoration-blumen\/dekoration\/dekoration-lissabon\/#primaryimage","url":"https:\/\/www.weddingportugal.com\/wp-content\/uploads\/2020\/11\/Lisbon-Decoration-Rentals.jpg","contentUrl":"https:\/\/www.weddingportugal.com\/wp-content\/uploads\/2020\/11\/Lisbon-Decoration-Rentals.jpg","width":760,"height":500},{"@type":"BreadcrumbList","@id":"https:\/\/www.weddingportugal.com\/de\/services\/dekoration-blumen\/dekoration\/dekoration-lissabon\/#breadcrumb","itemListElement":[{"@type":"ListItem","position":1,"name":"Home","item":"https:\/\/www.weddingportugal.com\/de\/"},{"@type":"ListItem","position":2,"name":"Services","item":"https:\/\/www.weddingportugal.com\/de\/services\/"},{"@type":"ListItem","position":3,"name":"Dekoration &#038; Blumen","item":"https:\/\/www.weddingportugal.com\/de\/services\/dekoration-blumen\/"},{"@type":"ListItem","position":4,"name":"Dekoration","item":"https:\/\/www.weddingportugal.com\/de\/services\/dekoration-blumen\/dekoration\/"},{"@type":"ListItem","position":5,"name":"Dekoration &#8211; Lissabon"}]},{"@type":"WebSite","@id":"https:\/\/www.weddingportugal.com\/de\/#website","url":"https:\/\/www.weddingportugal.com\/de\/","name":"Wedding Portugal","description":"We tell you why you should get your weeding in Portugal","publisher":{"@id":"https:\/\/www.weddingportugal.com\/de\/#organization"},"potentialAction":[{"@type":"SearchAction","target":{"@type":"EntryPoint","urlTemplate":"https:\/\/www.weddingportugal.com\/de\/?s={search_term_string}"},"query-input":{"@type":"PropertyValueSpecification","valueRequired":true,"valueName":"search_term_string"}}],"inLanguage":"de"},{"@type":"Organization","@id":"https:\/\/www.weddingportugal.com\/de\/#organization","name":"Wedding Portugal","url":"https:\/\/www.weddingportugal.com\/de\/","logo":{"@type":"ImageObject","inLanguage":"de","@id":"https:\/\/www.weddingportugal.com\/de\/#\/schema\/logo\/image\/","url":"https:\/\/www.weddingportugal.com\/wp-content\/uploads\/2020\/02\/cropped-logo-WeddingPortugal.png","contentUrl":"https:\/\/www.weddingportugal.com\/wp-content\/uploads\/2020\/02\/cropped-logo-WeddingPortugal.png","width":523,"height":89,"caption":"Wedding Portugal"},"image":{"@id":"https:\/\/www.weddingportugal.com\/de\/#\/schema\/logo\/image\/"}}]}},"_links":{"self":[{"href":"https:\/\/www.weddingportugal.com\/de\/wp-json\/wp\/v2\/pages\/4466","targetHints":{"allow":["GET"]}}],"collection":[{"href":"https:\/\/www.weddingportugal.com\/de\/wp-json\/wp\/v2\/pages"}],"about":[{"href":"https:\/\/www.weddingportugal.com\/de\/wp-json\/wp\/v2\/types\/page"}],"author":[{"embeddable":true,"href":"https:\/\/www.weddingportugal.com\/de\/wp-json\/wp\/v2\/users\/1"}],"replies":[{"embeddable":true,"href":"https:\/\/www.weddingportugal.com\/de\/wp-json\/wp\/v2\/comments?post=4466"}],"version-history":[{"count":1,"href":"https:\/\/www.weddingportugal.com\/de\/wp-json\/wp\/v2\/pages\/4466\/revisions"}],"predecessor-version":[{"id":4467,"href":"https:\/\/www.weddingportugal.com\/de\/wp-json\/wp\/v2\/pages\/4466\/revisions\/4467"}],"up":[{"embeddable":true,"href":"https:\/\/www.weddingportugal.com\/de\/wp-json\/wp\/v2\/pages\/4463"}],"wp:featuredmedia":[{"embeddable":true,"href":"https:\/\/www.weddingportugal.com\/de\/wp-json\/wp\/v2\/media\/2604"}],"wp:attachment":[{"href":"https:\/\/www.weddingportugal.com\/de\/wp-json\/wp\/v2\/media?parent=4466"}],"curies":[{"name":"wp","href":"https:\/\/api.w.org\/{rel}","templated":true}]}}