{"id":4460,"date":"2021-07-06T16:26:33","date_gmt":"2021-07-06T16:26:33","guid":{"rendered":"https:\/\/www.weddingportugal.com\/services\/catering\/mobiler-bar-catering-service-algarve\/"},"modified":"2021-07-26T17:37:22","modified_gmt":"2021-07-26T17:37:22","slug":"mobiler-bar-catering-service-algarve","status":"publish","type":"page","link":"https:\/\/www.weddingportugal.com\/de\/services\/catering\/mobiler-bar-catering-service-algarve\/","title":{"rendered":"Mobiler Bar-Catering-Service Algarve"},"content":{"rendered":"\t\t<div data-elementor-type=\"wp-page\" data-elementor-id=\"4460\" class=\"elementor elementor-4460 elementor-2719\" data-elementor-post-type=\"page\">\n\t\t\t\t\t\t<section class=\"elementor-section elementor-top-section elementor-element elementor-element-2f1c5c17 elementor-section-boxed elementor-section-height-default elementor-section-height-default\" data-id=\"2f1c5c17\" data-element_type=\"section\" data-e-type=\"section\">\n\t\t\t\t\t\t<div class=\"elementor-container elementor-column-gap-default\">\n\t\t\t\t\t<div class=\"elementor-column elementor-col-50 elementor-top-column elementor-element elementor-element-5f4e75fe\" data-id=\"5f4e75fe\" data-element_type=\"column\" data-e-type=\"column\">\n\t\t\t<div class=\"elementor-widget-wrap elementor-element-populated\">\n\t\t\t\t\t\t<div class=\"elementor-element elementor-element-4ba321b4 elementor-widget elementor-widget-text-editor\" data-id=\"4ba321b4\" data-element_type=\"widget\" data-e-type=\"widget\" data-widget_type=\"text-editor.default\">\n\t\t\t\t<div class=\"elementor-widget-container\">\n\t\t\t\t\t\t\t\t\t<p>On.Point ist ein professioneller <strong>Bar-Catering-Service<\/strong>, der Cocktails, Longdrinks, Wein und alle Arten von Getr\u00e4nken rund um die Algarve und den Alentejo serviert. On.Point macht Ihre Hochzeit und die Feier danach f\u00fcr Ihre G\u00e4ste noch einzigartiger und unvergesslicher. Mit einer einzigartigen und voll ausgestatteten mobilen Pferdeanh\u00e4nger-Bar k\u00f6nnen sie kleine bis gro\u00dfe Veranstaltungen bedienen und liefern immer hohe Qualit\u00e4t f\u00fcr alle Produkt.<\/p>\n<p><img decoding=\"async\" class=\"alignnone size-full wp-image-2749\" src=\"http:\/\/www.weddingportugal.com\/wp-content\/uploads\/2020\/11\/icon-pdf.png\" alt=\"\" width=\"37\" height=\"39\" \/> <a href=\"\/wp-content\/uploads\/2020\/11\/Wedding-Portugal-Cocktail-Catering-EN.pdf\" target=\"_blank\" rel=\"noopener\" data-wp-editing=\"1\">Mobile Bar Catering Service.pdf<\/a><\/p>\n<div><\/div>\n<div><\/div>\n\t\t\t\t\t\t\t\t<\/div>\n\t\t\t\t<\/div>\n\t\t\t\t\t<\/div>\n\t\t<\/div>\n\t\t\t\t<div class=\"elementor-column elementor-col-50 elementor-top-column elementor-element elementor-element-6eb87571\" data-id=\"6eb87571\" data-element_type=\"column\" data-e-type=\"column\">\n\t\t\t<div class=\"elementor-widget-wrap elementor-element-populated\">\n\t\t\t\t\t\t<div class=\"elementor-element elementor-element-69681d25 elementor-flip-box--effect-flip elementor-flip-box--direction-up elementor-widget elementor-widget-flip-box\" data-id=\"69681d25\" data-element_type=\"widget\" data-e-type=\"widget\" data-widget_type=\"flip-box.default\">\n\t\t\t\t<div class=\"elementor-widget-container\">\n\t\t\t\t\t\t\t<div class=\"elementor-flip-box\" tabindex=\"0\">\n\t\t\t<div class=\"elementor-flip-box__layer elementor-flip-box__front\">\n\t\t\t\t<div class=\"elementor-flip-box__layer__overlay\">\n\t\t\t\t\t<div class=\"elementor-flip-box__layer__inner\">\n\t\t\t\t\t\t\n\t\t\t\t\t\t\n\t\t\t\t\t\t\t\t\t\t\t<\/div>\n\t\t\t\t<\/div>\n\t\t\t<\/div>\n\t\t\t<div class=\"elementor-flip-box__layer elementor-flip-box__back\">\n\t\t\t<div class=\"elementor-flip-box__layer__overlay\">\n\t\t\t\t<div class=\"elementor-flip-box__layer__inner\">\n\t\t\t\t\t\n\t\t\t\t\t\n\t\t\t\t\t\t\t\t<\/div>\n\t\t<\/div>\n\t\t<\/div>\n\t\t<\/div>\n\t\t\t\t\t\t<\/div>\n\t\t\t\t<\/div>\n\t\t\t\t\t<\/div>\n\t\t<\/div>\n\t\t\t\t\t<\/div>\n\t\t<\/section>\n\t\t\t\t<\/div>\n\t\t","protected":false},"excerpt":{"rendered":"<p>On.Point ist ein professioneller Bar-Catering-Service, der Cocktails, Longdrinks, Wein und alle Arten von Getr\u00e4nken rund um die Algarve und den Alentejo serviert. On.Point macht Ihre Hochzeit und die Feier danach f\u00fcr Ihre G\u00e4ste noch einzigartiger und unvergesslicher. Mit einer einzigartigen und voll ausgestatteten mobilen Pferdeanh\u00e4nger-Bar k\u00f6nnen sie kleine bis gro\u00dfe Veranstaltungen bedienen und liefern immer [&hellip;]<\/p>\n","protected":false},"author":1,"featured_media":2761,"parent":4328,"menu_order":104,"comment_status":"closed","ping_status":"closed","template":"","meta":{"content-type":"","footnotes":""},"class_list":["post-4460","page","type-page","status-publish","has-post-thumbnail","hentry"],"yoast_head":"<!-- This site is optimized with the Yoast SEO plugin v27.2 - https:\/\/yoast.com\/product\/yoast-seo-wordpress\/ -->\n<title>Mobiler Bar-Catering-Service Algarve - Wedding Portugal<\/title>\n<meta name=\"robots\" content=\"index, follow, max-snippet:-1, max-image-preview:large, max-video-preview:-1\" \/>\n<link rel=\"canonical\" href=\"https:\/\/www.weddingportugal.com\/de\/services\/catering\/mobiler-bar-catering-service-algarve\/\" \/>\n<meta property=\"og:locale\" content=\"de_DE\" \/>\n<meta property=\"og:type\" content=\"article\" \/>\n<meta property=\"og:title\" content=\"Mobiler Bar-Catering-Service Algarve - Wedding Portugal\" \/>\n<meta property=\"og:description\" content=\"On.Point ist ein professioneller Bar-Catering-Service, der Cocktails, Longdrinks, Wein und alle Arten von Getr\u00e4nken rund um die Algarve und den Alentejo serviert. On.Point macht Ihre Hochzeit und die Feier danach f\u00fcr Ihre G\u00e4ste noch einzigartiger und unvergesslicher. Mit einer einzigartigen und voll ausgestatteten mobilen Pferdeanh\u00e4nger-Bar k\u00f6nnen sie kleine bis gro\u00dfe Veranstaltungen bedienen und liefern immer [&hellip;]\" \/>\n<meta property=\"og:url\" content=\"https:\/\/www.weddingportugal.com\/de\/services\/catering\/mobiler-bar-catering-service-algarve\/\" \/>\n<meta property=\"og:site_name\" content=\"Wedding Portugal\" \/>\n<meta property=\"article:modified_time\" content=\"2021-07-26T17:37:22+00:00\" \/>\n<meta property=\"og:image\" content=\"https:\/\/www.weddingportugal.com\/wp-content\/uploads\/2020\/11\/MobileBarCatering.jpg\" \/>\n\t<meta property=\"og:image:width\" content=\"760\" \/>\n\t<meta property=\"og:image:height\" content=\"500\" \/>\n\t<meta property=\"og:image:type\" content=\"image\/jpeg\" \/>\n<meta name=\"twitter:card\" content=\"summary_large_image\" \/>\n<script type=\"application\/ld+json\" class=\"yoast-schema-graph\">{\"@context\":\"https:\/\/schema.org\",\"@graph\":[{\"@type\":\"WebPage\",\"@id\":\"https:\/\/www.weddingportugal.com\/de\/services\/catering\/mobiler-bar-catering-service-algarve\/\",\"url\":\"https:\/\/www.weddingportugal.com\/de\/services\/catering\/mobiler-bar-catering-service-algarve\/\",\"name\":\"Mobiler Bar-Catering-Service Algarve - Wedding Portugal\",\"isPartOf\":{\"@id\":\"https:\/\/www.weddingportugal.com\/de\/#website\"},\"primaryImageOfPage\":{\"@id\":\"https:\/\/www.weddingportugal.com\/de\/services\/catering\/mobiler-bar-catering-service-algarve\/#primaryimage\"},\"image\":{\"@id\":\"https:\/\/www.weddingportugal.com\/de\/services\/catering\/mobiler-bar-catering-service-algarve\/#primaryimage\"},\"thumbnailUrl\":\"https:\/\/www.weddingportugal.com\/wp-content\/uploads\/2020\/11\/MobileBarCatering.jpg\",\"datePublished\":\"2021-07-06T16:26:33+00:00\",\"dateModified\":\"2021-07-26T17:37:22+00:00\",\"breadcrumb\":{\"@id\":\"https:\/\/www.weddingportugal.com\/de\/services\/catering\/mobiler-bar-catering-service-algarve\/#breadcrumb\"},\"inLanguage\":\"de\",\"potentialAction\":[{\"@type\":\"ReadAction\",\"target\":[\"https:\/\/www.weddingportugal.com\/de\/services\/catering\/mobiler-bar-catering-service-algarve\/\"]}]},{\"@type\":\"ImageObject\",\"inLanguage\":\"de\",\"@id\":\"https:\/\/www.weddingportugal.com\/de\/services\/catering\/mobiler-bar-catering-service-algarve\/#primaryimage\",\"url\":\"https:\/\/www.weddingportugal.com\/wp-content\/uploads\/2020\/11\/MobileBarCatering.jpg\",\"contentUrl\":\"https:\/\/www.weddingportugal.com\/wp-content\/uploads\/2020\/11\/MobileBarCatering.jpg\",\"width\":760,\"height\":500},{\"@type\":\"BreadcrumbList\",\"@id\":\"https:\/\/www.weddingportugal.com\/de\/services\/catering\/mobiler-bar-catering-service-algarve\/#breadcrumb\",\"itemListElement\":[{\"@type\":\"ListItem\",\"position\":1,\"name\":\"Home\",\"item\":\"https:\/\/www.weddingportugal.com\/de\/\"},{\"@type\":\"ListItem\",\"position\":2,\"name\":\"Services\",\"item\":\"https:\/\/www.weddingportugal.com\/de\/services\/\"},{\"@type\":\"ListItem\",\"position\":3,\"name\":\"Catering\",\"item\":\"https:\/\/www.weddingportugal.com\/de\/services\/catering\/\"},{\"@type\":\"ListItem\",\"position\":4,\"name\":\"Mobiler Bar-Catering-Service Algarve\"}]},{\"@type\":\"WebSite\",\"@id\":\"https:\/\/www.weddingportugal.com\/de\/#website\",\"url\":\"https:\/\/www.weddingportugal.com\/de\/\",\"name\":\"Wedding Portugal\",\"description\":\"We tell you why you should get your weeding in Portugal\",\"publisher\":{\"@id\":\"https:\/\/www.weddingportugal.com\/de\/#organization\"},\"potentialAction\":[{\"@type\":\"SearchAction\",\"target\":{\"@type\":\"EntryPoint\",\"urlTemplate\":\"https:\/\/www.weddingportugal.com\/de\/?s={search_term_string}\"},\"query-input\":{\"@type\":\"PropertyValueSpecification\",\"valueRequired\":true,\"valueName\":\"search_term_string\"}}],\"inLanguage\":\"de\"},{\"@type\":\"Organization\",\"@id\":\"https:\/\/www.weddingportugal.com\/de\/#organization\",\"name\":\"Wedding Portugal\",\"url\":\"https:\/\/www.weddingportugal.com\/de\/\",\"logo\":{\"@type\":\"ImageObject\",\"inLanguage\":\"de\",\"@id\":\"https:\/\/www.weddingportugal.com\/de\/#\/schema\/logo\/image\/\",\"url\":\"https:\/\/www.weddingportugal.com\/wp-content\/uploads\/2020\/02\/cropped-logo-WeddingPortugal.png\",\"contentUrl\":\"https:\/\/www.weddingportugal.com\/wp-content\/uploads\/2020\/02\/cropped-logo-WeddingPortugal.png\",\"width\":523,\"height\":89,\"caption\":\"Wedding Portugal\"},\"image\":{\"@id\":\"https:\/\/www.weddingportugal.com\/de\/#\/schema\/logo\/image\/\"}}]}<\/script>\n<!-- \/ Yoast SEO plugin. -->","yoast_head_json":{"title":"Mobiler Bar-Catering-Service Algarve - Wedding Portugal","robots":{"index":"index","follow":"follow","max-snippet":"max-snippet:-1","max-image-preview":"max-image-preview:large","max-video-preview":"max-video-preview:-1"},"canonical":"https:\/\/www.weddingportugal.com\/de\/services\/catering\/mobiler-bar-catering-service-algarve\/","og_locale":"de_DE","og_type":"article","og_title":"Mobiler Bar-Catering-Service Algarve - Wedding Portugal","og_description":"On.Point ist ein professioneller Bar-Catering-Service, der Cocktails, Longdrinks, Wein und alle Arten von Getr\u00e4nken rund um die Algarve und den Alentejo serviert. On.Point macht Ihre Hochzeit und die Feier danach f\u00fcr Ihre G\u00e4ste noch einzigartiger und unvergesslicher. Mit einer einzigartigen und voll ausgestatteten mobilen Pferdeanh\u00e4nger-Bar k\u00f6nnen sie kleine bis gro\u00dfe Veranstaltungen bedienen und liefern immer [&hellip;]","og_url":"https:\/\/www.weddingportugal.com\/de\/services\/catering\/mobiler-bar-catering-service-algarve\/","og_site_name":"Wedding Portugal","article_modified_time":"2021-07-26T17:37:22+00:00","og_image":[{"width":760,"height":500,"url":"https:\/\/www.weddingportugal.com\/wp-content\/uploads\/2020\/11\/MobileBarCatering.jpg","type":"image\/jpeg"}],"twitter_card":"summary_large_image","schema":{"@context":"https:\/\/schema.org","@graph":[{"@type":"WebPage","@id":"https:\/\/www.weddingportugal.com\/de\/services\/catering\/mobiler-bar-catering-service-algarve\/","url":"https:\/\/www.weddingportugal.com\/de\/services\/catering\/mobiler-bar-catering-service-algarve\/","name":"Mobiler Bar-Catering-Service Algarve - Wedding Portugal","isPartOf":{"@id":"https:\/\/www.weddingportugal.com\/de\/#website"},"primaryImageOfPage":{"@id":"https:\/\/www.weddingportugal.com\/de\/services\/catering\/mobiler-bar-catering-service-algarve\/#primaryimage"},"image":{"@id":"https:\/\/www.weddingportugal.com\/de\/services\/catering\/mobiler-bar-catering-service-algarve\/#primaryimage"},"thumbnailUrl":"https:\/\/www.weddingportugal.com\/wp-content\/uploads\/2020\/11\/MobileBarCatering.jpg","datePublished":"2021-07-06T16:26:33+00:00","dateModified":"2021-07-26T17:37:22+00:00","breadcrumb":{"@id":"https:\/\/www.weddingportugal.com\/de\/services\/catering\/mobiler-bar-catering-service-algarve\/#breadcrumb"},"inLanguage":"de","potentialAction":[{"@type":"ReadAction","target":["https:\/\/www.weddingportugal.com\/de\/services\/catering\/mobiler-bar-catering-service-algarve\/"]}]},{"@type":"ImageObject","inLanguage":"de","@id":"https:\/\/www.weddingportugal.com\/de\/services\/catering\/mobiler-bar-catering-service-algarve\/#primaryimage","url":"https:\/\/www.weddingportugal.com\/wp-content\/uploads\/2020\/11\/MobileBarCatering.jpg","contentUrl":"https:\/\/www.weddingportugal.com\/wp-content\/uploads\/2020\/11\/MobileBarCatering.jpg","width":760,"height":500},{"@type":"BreadcrumbList","@id":"https:\/\/www.weddingportugal.com\/de\/services\/catering\/mobiler-bar-catering-service-algarve\/#breadcrumb","itemListElement":[{"@type":"ListItem","position":1,"name":"Home","item":"https:\/\/www.weddingportugal.com\/de\/"},{"@type":"ListItem","position":2,"name":"Services","item":"https:\/\/www.weddingportugal.com\/de\/services\/"},{"@type":"ListItem","position":3,"name":"Catering","item":"https:\/\/www.weddingportugal.com\/de\/services\/catering\/"},{"@type":"ListItem","position":4,"name":"Mobiler Bar-Catering-Service Algarve"}]},{"@type":"WebSite","@id":"https:\/\/www.weddingportugal.com\/de\/#website","url":"https:\/\/www.weddingportugal.com\/de\/","name":"Wedding Portugal","description":"We tell you why you should get your weeding in Portugal","publisher":{"@id":"https:\/\/www.weddingportugal.com\/de\/#organization"},"potentialAction":[{"@type":"SearchAction","target":{"@type":"EntryPoint","urlTemplate":"https:\/\/www.weddingportugal.com\/de\/?s={search_term_string}"},"query-input":{"@type":"PropertyValueSpecification","valueRequired":true,"valueName":"search_term_string"}}],"inLanguage":"de"},{"@type":"Organization","@id":"https:\/\/www.weddingportugal.com\/de\/#organization","name":"Wedding Portugal","url":"https:\/\/www.weddingportugal.com\/de\/","logo":{"@type":"ImageObject","inLanguage":"de","@id":"https:\/\/www.weddingportugal.com\/de\/#\/schema\/logo\/image\/","url":"https:\/\/www.weddingportugal.com\/wp-content\/uploads\/2020\/02\/cropped-logo-WeddingPortugal.png","contentUrl":"https:\/\/www.weddingportugal.com\/wp-content\/uploads\/2020\/02\/cropped-logo-WeddingPortugal.png","width":523,"height":89,"caption":"Wedding Portugal"},"image":{"@id":"https:\/\/www.weddingportugal.com\/de\/#\/schema\/logo\/image\/"}}]}},"_links":{"self":[{"href":"https:\/\/www.weddingportugal.com\/de\/wp-json\/wp\/v2\/pages\/4460","targetHints":{"allow":["GET"]}}],"collection":[{"href":"https:\/\/www.weddingportugal.com\/de\/wp-json\/wp\/v2\/pages"}],"about":[{"href":"https:\/\/www.weddingportugal.com\/de\/wp-json\/wp\/v2\/types\/page"}],"author":[{"embeddable":true,"href":"https:\/\/www.weddingportugal.com\/de\/wp-json\/wp\/v2\/users\/1"}],"replies":[{"embeddable":true,"href":"https:\/\/www.weddingportugal.com\/de\/wp-json\/wp\/v2\/comments?post=4460"}],"version-history":[{"count":1,"href":"https:\/\/www.weddingportugal.com\/de\/wp-json\/wp\/v2\/pages\/4460\/revisions"}],"predecessor-version":[{"id":4461,"href":"https:\/\/www.weddingportugal.com\/de\/wp-json\/wp\/v2\/pages\/4460\/revisions\/4461"}],"up":[{"embeddable":true,"href":"https:\/\/www.weddingportugal.com\/de\/wp-json\/wp\/v2\/pages\/4328"}],"wp:featuredmedia":[{"embeddable":true,"href":"https:\/\/www.weddingportugal.com\/de\/wp-json\/wp\/v2\/media\/2761"}],"wp:attachment":[{"href":"https:\/\/www.weddingportugal.com\/de\/wp-json\/wp\/v2\/media?parent=4460"}],"curies":[{"name":"wp","href":"https:\/\/api.w.org\/{rel}","templated":true}]}}