{"id":4458,"date":"2021-07-06T16:25:18","date_gmt":"2021-07-06T16:25:18","guid":{"rendered":"https:\/\/www.weddingportugal.com\/services\/catering\/snacks-fuer-eine-strandhochzeit\/"},"modified":"2021-07-26T17:37:22","modified_gmt":"2021-07-26T17:37:22","slug":"snacks-fuer-eine-strandhochzeit","status":"publish","type":"page","link":"https:\/\/www.weddingportugal.com\/de\/services\/catering\/snacks-fuer-eine-strandhochzeit\/","title":{"rendered":"Snacks f\u00fcr eine Strandhochzeit"},"content":{"rendered":"\t\t<div data-elementor-type=\"wp-page\" data-elementor-id=\"4458\" class=\"elementor elementor-4458 elementor-2717\" data-elementor-post-type=\"page\">\n\t\t\t\t\t\t<section class=\"elementor-section elementor-top-section elementor-element elementor-element-69105752 elementor-section-boxed elementor-section-height-default elementor-section-height-default\" data-id=\"69105752\" data-element_type=\"section\" data-e-type=\"section\">\n\t\t\t\t\t\t<div class=\"elementor-container elementor-column-gap-default\">\n\t\t\t\t\t<div class=\"elementor-column elementor-col-50 elementor-top-column elementor-element elementor-element-64214a38\" data-id=\"64214a38\" data-element_type=\"column\" data-e-type=\"column\">\n\t\t\t<div class=\"elementor-widget-wrap elementor-element-populated\">\n\t\t\t\t\t\t<div class=\"elementor-element elementor-element-20cf8dd7 elementor-widget elementor-widget-text-editor\" data-id=\"20cf8dd7\" data-element_type=\"widget\" data-e-type=\"widget\" data-widget_type=\"text-editor.default\">\n\t\t\t\t<div class=\"elementor-widget-container\">\n\t\t\t\t\t\t\t\t\t<p><a href=\"http:\/\/www.pinterest.com\/weddingportugal\/beach-wedding-snacks\/\">Klicken Sie hier, um unser PINTREST Board zu sehen<\/a><\/p>\n<p>F\u00fcr Ihr leibliche Wohl und das Ihrer G\u00e4ste ist die Verpflegung essenziel und sollte sorgf\u00e4ltig ausgew\u00e4hlt werden. Wenn Sie am Strand heiraten sollten, ist es eine gute Idee, nach der Zeremonie einige Snacks zu servieren. Bei den vorhochzeitlichen Vorbereitungen und Aufregungen kann es schnell passieren, dass das Fr\u00fchst\u00fccken ausf\u00e4llt oder dass einfach keine Zeit f\u00fcr die Verk\u00f6stigung bleibt. Frisuren&#8230; Anziehen&#8230; Fotografen&#8230;. Plaudern mit Freunden&#8230; die Zeit vergeht wie im Flug und nach dem &#8222;Ja-Wort&#8220; wird einem pl\u00f6tzlich das knurren in der Magengegend bewusst und dass man eigentlich noch gar nichts gegessen hat.<\/p>\n<p>Das ist der richtige Moment f\u00fcr einen kleinen Snack am Strand<\/p>\n<p>Auch wenn Sie danach ein gro\u00dfes Hochzeitsessen organisiert haben, denken Sie daran, dass, sobald der offizielle Teil getan ist und sich die Nerven beruhigt haben (f\u00fcr Sie und Ihre G\u00e4ste), der Appetit einsetzt.<\/p>\n\t\t\t\t\t\t\t\t<\/div>\n\t\t\t\t<\/div>\n\t\t\t\t\t<\/div>\n\t\t<\/div>\n\t\t\t\t<div class=\"elementor-column elementor-col-50 elementor-top-column elementor-element elementor-element-434c152a\" data-id=\"434c152a\" data-element_type=\"column\" data-e-type=\"column\">\n\t\t\t<div class=\"elementor-widget-wrap elementor-element-populated\">\n\t\t\t\t\t\t<div class=\"elementor-element elementor-element-7493a64a elementor-widget elementor-widget-image\" data-id=\"7493a64a\" data-element_type=\"widget\" data-e-type=\"widget\" data-widget_type=\"image.default\">\n\t\t\t\t<div class=\"elementor-widget-container\">\n\t\t\t\t\t\t\t\t\t\t\t\t\t\t\t<img fetchpriority=\"high\" decoding=\"async\" width=\"760\" height=\"500\" src=\"https:\/\/www.weddingportugal.com\/wp-content\/uploads\/2020\/12\/SnacksBeachWedding.jpg\" class=\"attachment-large size-large wp-image-3249\" alt=\"\" srcset=\"https:\/\/www.weddingportugal.com\/wp-content\/uploads\/2020\/12\/SnacksBeachWedding.jpg 760w, https:\/\/www.weddingportugal.com\/wp-content\/uploads\/2020\/12\/SnacksBeachWedding-300x197.jpg 300w\" sizes=\"(max-width: 760px) 100vw, 760px\" \/>\t\t\t\t\t\t\t\t\t\t\t\t\t\t\t<\/div>\n\t\t\t\t<\/div>\n\t\t\t\t\t<\/div>\n\t\t<\/div>\n\t\t\t\t\t<\/div>\n\t\t<\/section>\n\t\t\t\t<section class=\"elementor-section elementor-top-section elementor-element elementor-element-0006ddf elementor-section-boxed elementor-section-height-default elementor-section-height-default\" data-id=\"0006ddf\" data-element_type=\"section\" data-e-type=\"section\">\n\t\t\t\t\t\t<div class=\"elementor-container elementor-column-gap-default\">\n\t\t\t\t\t<div class=\"elementor-column elementor-col-100 elementor-top-column elementor-element elementor-element-8376045\" data-id=\"8376045\" data-element_type=\"column\" data-e-type=\"column\">\n\t\t\t<div class=\"elementor-widget-wrap elementor-element-populated\">\n\t\t\t\t\t\t<div class=\"elementor-element elementor-element-7c71884 elementor-widget elementor-widget-text-editor\" data-id=\"7c71884\" data-element_type=\"widget\" data-e-type=\"widget\" data-widget_type=\"text-editor.default\">\n\t\t\t\t<div class=\"elementor-widget-container\">\n\t\t\t\t\t\t\t\t\t<p>Wir empfehlen f\u00fcr den Strand, eine Mischung aus Obst und Gem\u00fcse, die sowohl s\u00e4ttigend als auch frisch ist.<\/p>\n<p>Spie\u00dfe sind eine gelungene Option, von Obst \u00fcber Gem\u00fcse bis hin zu Fleisch alles passt auf einen Spie\u00df. Sie sind einfach zu Handhaben und in jeder Hinsicht praktisch.<\/p>\n<p>Empfehlenswert sind Lebensmittel, die sich ohne gro\u00dfen Aufwand bei Hitze gut halten, von frischen Fisch oder Fleisch Produkten w\u00fcrden wir abraten.<\/p>\n<p>Bitte kontaktieren Sie uns f\u00fcr weitere Informationen oder wenn Sie m\u00f6chten, dass wir f\u00fcr Ihre Strandhochzeit einen Imbiss organisieren. Welche Speisen und\/oder Getr\u00e4nke m\u00f6chten Sie an Ihrer Strandhochzeit serviert bekommen?<\/p>\n<p>E-Mail an <a href=\"mailto:info@weddingportugal.com\">info@weddingportugal.com<\/a>.<\/p>\n\t\t\t\t\t\t\t\t<\/div>\n\t\t\t\t<\/div>\n\t\t\t\t\t<\/div>\n\t\t<\/div>\n\t\t\t\t\t<\/div>\n\t\t<\/section>\n\t\t\t\t<\/div>\n\t\t","protected":false},"excerpt":{"rendered":"<p>Klicken Sie hier, um unser PINTREST Board zu sehen F\u00fcr Ihr leibliche Wohl und das Ihrer G\u00e4ste ist die Verpflegung essenziel und sollte sorgf\u00e4ltig ausgew\u00e4hlt werden. Wenn Sie am Strand heiraten sollten, ist es eine gute Idee, nach der Zeremonie einige Snacks zu servieren. Bei den vorhochzeitlichen Vorbereitungen und Aufregungen kann es schnell passieren, dass [&hellip;]<\/p>\n","protected":false},"author":1,"featured_media":3249,"parent":4328,"menu_order":103,"comment_status":"closed","ping_status":"closed","template":"","meta":{"content-type":"","footnotes":""},"class_list":["post-4458","page","type-page","status-publish","has-post-thumbnail","hentry"],"yoast_head":"<!-- This site is optimized with the Yoast SEO plugin v27.2 - https:\/\/yoast.com\/product\/yoast-seo-wordpress\/ -->\n<title>Snacks f\u00fcr eine Strandhochzeit - Wedding Portugal<\/title>\n<meta name=\"robots\" content=\"index, follow, max-snippet:-1, max-image-preview:large, max-video-preview:-1\" \/>\n<link rel=\"canonical\" href=\"https:\/\/www.weddingportugal.com\/de\/services\/catering\/snacks-fuer-eine-strandhochzeit\/\" \/>\n<meta property=\"og:locale\" content=\"de_DE\" \/>\n<meta property=\"og:type\" content=\"article\" \/>\n<meta property=\"og:title\" content=\"Snacks f\u00fcr eine Strandhochzeit - Wedding Portugal\" \/>\n<meta property=\"og:description\" content=\"Klicken Sie hier, um unser PINTREST Board zu sehen F\u00fcr Ihr leibliche Wohl und das Ihrer G\u00e4ste ist die Verpflegung essenziel und sollte sorgf\u00e4ltig ausgew\u00e4hlt werden. Wenn Sie am Strand heiraten sollten, ist es eine gute Idee, nach der Zeremonie einige Snacks zu servieren. Bei den vorhochzeitlichen Vorbereitungen und Aufregungen kann es schnell passieren, dass [&hellip;]\" \/>\n<meta property=\"og:url\" content=\"https:\/\/www.weddingportugal.com\/de\/services\/catering\/snacks-fuer-eine-strandhochzeit\/\" \/>\n<meta property=\"og:site_name\" content=\"Wedding Portugal\" \/>\n<meta property=\"article:modified_time\" content=\"2021-07-26T17:37:22+00:00\" \/>\n<meta property=\"og:image\" content=\"https:\/\/www.weddingportugal.com\/wp-content\/uploads\/2020\/12\/SnacksBeachWedding.jpg\" \/>\n\t<meta property=\"og:image:width\" content=\"760\" \/>\n\t<meta property=\"og:image:height\" content=\"500\" \/>\n\t<meta property=\"og:image:type\" content=\"image\/jpeg\" \/>\n<meta name=\"twitter:card\" content=\"summary_large_image\" \/>\n<meta name=\"twitter:label1\" content=\"Gesch\u00e4tzte Lesezeit\" \/>\n\t<meta name=\"twitter:data1\" content=\"1\u00a0Minute\" \/>\n<script type=\"application\/ld+json\" class=\"yoast-schema-graph\">{\"@context\":\"https:\/\/schema.org\",\"@graph\":[{\"@type\":\"WebPage\",\"@id\":\"https:\/\/www.weddingportugal.com\/de\/services\/catering\/snacks-fuer-eine-strandhochzeit\/\",\"url\":\"https:\/\/www.weddingportugal.com\/de\/services\/catering\/snacks-fuer-eine-strandhochzeit\/\",\"name\":\"Snacks f\u00fcr eine Strandhochzeit - Wedding Portugal\",\"isPartOf\":{\"@id\":\"https:\/\/www.weddingportugal.com\/de\/#website\"},\"primaryImageOfPage\":{\"@id\":\"https:\/\/www.weddingportugal.com\/de\/services\/catering\/snacks-fuer-eine-strandhochzeit\/#primaryimage\"},\"image\":{\"@id\":\"https:\/\/www.weddingportugal.com\/de\/services\/catering\/snacks-fuer-eine-strandhochzeit\/#primaryimage\"},\"thumbnailUrl\":\"https:\/\/www.weddingportugal.com\/wp-content\/uploads\/2020\/12\/SnacksBeachWedding.jpg\",\"datePublished\":\"2021-07-06T16:25:18+00:00\",\"dateModified\":\"2021-07-26T17:37:22+00:00\",\"breadcrumb\":{\"@id\":\"https:\/\/www.weddingportugal.com\/de\/services\/catering\/snacks-fuer-eine-strandhochzeit\/#breadcrumb\"},\"inLanguage\":\"de\",\"potentialAction\":[{\"@type\":\"ReadAction\",\"target\":[\"https:\/\/www.weddingportugal.com\/de\/services\/catering\/snacks-fuer-eine-strandhochzeit\/\"]}]},{\"@type\":\"ImageObject\",\"inLanguage\":\"de\",\"@id\":\"https:\/\/www.weddingportugal.com\/de\/services\/catering\/snacks-fuer-eine-strandhochzeit\/#primaryimage\",\"url\":\"https:\/\/www.weddingportugal.com\/wp-content\/uploads\/2020\/12\/SnacksBeachWedding.jpg\",\"contentUrl\":\"https:\/\/www.weddingportugal.com\/wp-content\/uploads\/2020\/12\/SnacksBeachWedding.jpg\",\"width\":760,\"height\":500},{\"@type\":\"BreadcrumbList\",\"@id\":\"https:\/\/www.weddingportugal.com\/de\/services\/catering\/snacks-fuer-eine-strandhochzeit\/#breadcrumb\",\"itemListElement\":[{\"@type\":\"ListItem\",\"position\":1,\"name\":\"Home\",\"item\":\"https:\/\/www.weddingportugal.com\/de\/\"},{\"@type\":\"ListItem\",\"position\":2,\"name\":\"Services\",\"item\":\"https:\/\/www.weddingportugal.com\/de\/services\/\"},{\"@type\":\"ListItem\",\"position\":3,\"name\":\"Catering\",\"item\":\"https:\/\/www.weddingportugal.com\/de\/services\/catering\/\"},{\"@type\":\"ListItem\",\"position\":4,\"name\":\"Snacks f\u00fcr eine Strandhochzeit\"}]},{\"@type\":\"WebSite\",\"@id\":\"https:\/\/www.weddingportugal.com\/de\/#website\",\"url\":\"https:\/\/www.weddingportugal.com\/de\/\",\"name\":\"Wedding Portugal\",\"description\":\"We tell you why you should get your weeding in Portugal\",\"publisher\":{\"@id\":\"https:\/\/www.weddingportugal.com\/de\/#organization\"},\"potentialAction\":[{\"@type\":\"SearchAction\",\"target\":{\"@type\":\"EntryPoint\",\"urlTemplate\":\"https:\/\/www.weddingportugal.com\/de\/?s={search_term_string}\"},\"query-input\":{\"@type\":\"PropertyValueSpecification\",\"valueRequired\":true,\"valueName\":\"search_term_string\"}}],\"inLanguage\":\"de\"},{\"@type\":\"Organization\",\"@id\":\"https:\/\/www.weddingportugal.com\/de\/#organization\",\"name\":\"Wedding Portugal\",\"url\":\"https:\/\/www.weddingportugal.com\/de\/\",\"logo\":{\"@type\":\"ImageObject\",\"inLanguage\":\"de\",\"@id\":\"https:\/\/www.weddingportugal.com\/de\/#\/schema\/logo\/image\/\",\"url\":\"https:\/\/www.weddingportugal.com\/wp-content\/uploads\/2020\/02\/cropped-logo-WeddingPortugal.png\",\"contentUrl\":\"https:\/\/www.weddingportugal.com\/wp-content\/uploads\/2020\/02\/cropped-logo-WeddingPortugal.png\",\"width\":523,\"height\":89,\"caption\":\"Wedding Portugal\"},\"image\":{\"@id\":\"https:\/\/www.weddingportugal.com\/de\/#\/schema\/logo\/image\/\"}}]}<\/script>\n<!-- \/ Yoast SEO plugin. -->","yoast_head_json":{"title":"Snacks f\u00fcr eine Strandhochzeit - Wedding Portugal","robots":{"index":"index","follow":"follow","max-snippet":"max-snippet:-1","max-image-preview":"max-image-preview:large","max-video-preview":"max-video-preview:-1"},"canonical":"https:\/\/www.weddingportugal.com\/de\/services\/catering\/snacks-fuer-eine-strandhochzeit\/","og_locale":"de_DE","og_type":"article","og_title":"Snacks f\u00fcr eine Strandhochzeit - Wedding Portugal","og_description":"Klicken Sie hier, um unser PINTREST Board zu sehen F\u00fcr Ihr leibliche Wohl und das Ihrer G\u00e4ste ist die Verpflegung essenziel und sollte sorgf\u00e4ltig ausgew\u00e4hlt werden. Wenn Sie am Strand heiraten sollten, ist es eine gute Idee, nach der Zeremonie einige Snacks zu servieren. Bei den vorhochzeitlichen Vorbereitungen und Aufregungen kann es schnell passieren, dass [&hellip;]","og_url":"https:\/\/www.weddingportugal.com\/de\/services\/catering\/snacks-fuer-eine-strandhochzeit\/","og_site_name":"Wedding Portugal","article_modified_time":"2021-07-26T17:37:22+00:00","og_image":[{"width":760,"height":500,"url":"https:\/\/www.weddingportugal.com\/wp-content\/uploads\/2020\/12\/SnacksBeachWedding.jpg","type":"image\/jpeg"}],"twitter_card":"summary_large_image","twitter_misc":{"Gesch\u00e4tzte Lesezeit":"1\u00a0Minute"},"schema":{"@context":"https:\/\/schema.org","@graph":[{"@type":"WebPage","@id":"https:\/\/www.weddingportugal.com\/de\/services\/catering\/snacks-fuer-eine-strandhochzeit\/","url":"https:\/\/www.weddingportugal.com\/de\/services\/catering\/snacks-fuer-eine-strandhochzeit\/","name":"Snacks f\u00fcr eine Strandhochzeit - Wedding Portugal","isPartOf":{"@id":"https:\/\/www.weddingportugal.com\/de\/#website"},"primaryImageOfPage":{"@id":"https:\/\/www.weddingportugal.com\/de\/services\/catering\/snacks-fuer-eine-strandhochzeit\/#primaryimage"},"image":{"@id":"https:\/\/www.weddingportugal.com\/de\/services\/catering\/snacks-fuer-eine-strandhochzeit\/#primaryimage"},"thumbnailUrl":"https:\/\/www.weddingportugal.com\/wp-content\/uploads\/2020\/12\/SnacksBeachWedding.jpg","datePublished":"2021-07-06T16:25:18+00:00","dateModified":"2021-07-26T17:37:22+00:00","breadcrumb":{"@id":"https:\/\/www.weddingportugal.com\/de\/services\/catering\/snacks-fuer-eine-strandhochzeit\/#breadcrumb"},"inLanguage":"de","potentialAction":[{"@type":"ReadAction","target":["https:\/\/www.weddingportugal.com\/de\/services\/catering\/snacks-fuer-eine-strandhochzeit\/"]}]},{"@type":"ImageObject","inLanguage":"de","@id":"https:\/\/www.weddingportugal.com\/de\/services\/catering\/snacks-fuer-eine-strandhochzeit\/#primaryimage","url":"https:\/\/www.weddingportugal.com\/wp-content\/uploads\/2020\/12\/SnacksBeachWedding.jpg","contentUrl":"https:\/\/www.weddingportugal.com\/wp-content\/uploads\/2020\/12\/SnacksBeachWedding.jpg","width":760,"height":500},{"@type":"BreadcrumbList","@id":"https:\/\/www.weddingportugal.com\/de\/services\/catering\/snacks-fuer-eine-strandhochzeit\/#breadcrumb","itemListElement":[{"@type":"ListItem","position":1,"name":"Home","item":"https:\/\/www.weddingportugal.com\/de\/"},{"@type":"ListItem","position":2,"name":"Services","item":"https:\/\/www.weddingportugal.com\/de\/services\/"},{"@type":"ListItem","position":3,"name":"Catering","item":"https:\/\/www.weddingportugal.com\/de\/services\/catering\/"},{"@type":"ListItem","position":4,"name":"Snacks f\u00fcr eine Strandhochzeit"}]},{"@type":"WebSite","@id":"https:\/\/www.weddingportugal.com\/de\/#website","url":"https:\/\/www.weddingportugal.com\/de\/","name":"Wedding Portugal","description":"We tell you why you should get your weeding in Portugal","publisher":{"@id":"https:\/\/www.weddingportugal.com\/de\/#organization"},"potentialAction":[{"@type":"SearchAction","target":{"@type":"EntryPoint","urlTemplate":"https:\/\/www.weddingportugal.com\/de\/?s={search_term_string}"},"query-input":{"@type":"PropertyValueSpecification","valueRequired":true,"valueName":"search_term_string"}}],"inLanguage":"de"},{"@type":"Organization","@id":"https:\/\/www.weddingportugal.com\/de\/#organization","name":"Wedding Portugal","url":"https:\/\/www.weddingportugal.com\/de\/","logo":{"@type":"ImageObject","inLanguage":"de","@id":"https:\/\/www.weddingportugal.com\/de\/#\/schema\/logo\/image\/","url":"https:\/\/www.weddingportugal.com\/wp-content\/uploads\/2020\/02\/cropped-logo-WeddingPortugal.png","contentUrl":"https:\/\/www.weddingportugal.com\/wp-content\/uploads\/2020\/02\/cropped-logo-WeddingPortugal.png","width":523,"height":89,"caption":"Wedding Portugal"},"image":{"@id":"https:\/\/www.weddingportugal.com\/de\/#\/schema\/logo\/image\/"}}]}},"_links":{"self":[{"href":"https:\/\/www.weddingportugal.com\/de\/wp-json\/wp\/v2\/pages\/4458","targetHints":{"allow":["GET"]}}],"collection":[{"href":"https:\/\/www.weddingportugal.com\/de\/wp-json\/wp\/v2\/pages"}],"about":[{"href":"https:\/\/www.weddingportugal.com\/de\/wp-json\/wp\/v2\/types\/page"}],"author":[{"embeddable":true,"href":"https:\/\/www.weddingportugal.com\/de\/wp-json\/wp\/v2\/users\/1"}],"replies":[{"embeddable":true,"href":"https:\/\/www.weddingportugal.com\/de\/wp-json\/wp\/v2\/comments?post=4458"}],"version-history":[{"count":1,"href":"https:\/\/www.weddingportugal.com\/de\/wp-json\/wp\/v2\/pages\/4458\/revisions"}],"predecessor-version":[{"id":4459,"href":"https:\/\/www.weddingportugal.com\/de\/wp-json\/wp\/v2\/pages\/4458\/revisions\/4459"}],"up":[{"embeddable":true,"href":"https:\/\/www.weddingportugal.com\/de\/wp-json\/wp\/v2\/pages\/4328"}],"wp:featuredmedia":[{"embeddable":true,"href":"https:\/\/www.weddingportugal.com\/de\/wp-json\/wp\/v2\/media\/3249"}],"wp:attachment":[{"href":"https:\/\/www.weddingportugal.com\/de\/wp-json\/wp\/v2\/media?parent=4458"}],"curies":[{"name":"wp","href":"https:\/\/api.w.org\/{rel}","templated":true}]}}