{"id":4454,"date":"2021-07-06T16:20:53","date_gmt":"2021-07-06T16:20:53","guid":{"rendered":"https:\/\/www.weddingportugal.com\/services\/catering\/traditionelle-portugiesische-desserts-und-suessspeisen\/"},"modified":"2021-07-26T17:37:21","modified_gmt":"2021-07-26T17:37:21","slug":"traditionelle-portugiesische-desserts-und-suessspeisen","status":"publish","type":"page","link":"https:\/\/www.weddingportugal.com\/de\/services\/catering\/traditionelle-portugiesische-desserts-und-suessspeisen\/","title":{"rendered":"Traditionelle portugiesische Desserts und S\u00fc\u00dfspeisen"},"content":{"rendered":"\t\t<div data-elementor-type=\"wp-page\" data-elementor-id=\"4454\" class=\"elementor elementor-4454 elementor-2713\" data-elementor-post-type=\"page\">\n\t\t\t\t\t\t<section class=\"elementor-section elementor-top-section elementor-element elementor-element-1ec9fbe7 elementor-section-boxed elementor-section-height-default elementor-section-height-default\" data-id=\"1ec9fbe7\" data-element_type=\"section\" data-e-type=\"section\">\n\t\t\t\t\t\t<div class=\"elementor-container elementor-column-gap-default\">\n\t\t\t\t\t<div class=\"elementor-column elementor-col-50 elementor-top-column elementor-element elementor-element-3aa3a4f2\" data-id=\"3aa3a4f2\" data-element_type=\"column\" data-e-type=\"column\">\n\t\t\t<div class=\"elementor-widget-wrap elementor-element-populated\">\n\t\t\t\t\t\t<div class=\"elementor-element elementor-element-1303a8be elementor-widget elementor-widget-text-editor\" data-id=\"1303a8be\" data-element_type=\"widget\" data-e-type=\"widget\" data-widget_type=\"text-editor.default\">\n\t\t\t\t<div class=\"elementor-widget-container\">\n\t\t\t\t\t\t\t\t\t<p>Hier finden Sie einige unserer traditionellen portugiesischen Desserts, w\u00e4hlen Sie aus den Fotos auf dem Pinterest-Board Ihren Lieblings S\u00fc\u00dfspeise aus: <a href=\"http:\/\/www.pinterest.com\/weddingportugal\/traditional-portuguese-sweets\/\">http:\/\/www.pinterest.com\/weddingportugal\/traditional-portuguese-sweets\/<\/a><\/p>\n<ul>\n<li>Trouxas de Ovo | Sweet egg wraps<\/li>\n<li>Cheese Cake de Frutos Silvestres | Forest fruit Cheese Cake<\/li>\n<li>Bolo Brigadeiro | Brigadier Cake<\/li>\n<li>Bolo Bolacha | Layered biscuite Cake<\/li>\n<li>Tarte Lim\u00e3o Merengada | Lemon Meringue Pie<\/li>\n<li>Torta de Azeit\u00e3o | Azeit\u00e3o Roll<\/li>\n<li>Torta de Laranja | Orange Roll<\/li>\n<li>Pudim de Alcoba\u00e7a | Alcoba\u00e7a Pudding<\/li>\n<li>Charllote de Anan\u00e1s | Pineapple Charlotte<\/li>\n<li>Semi-frio de Maracuj\u00e1, Pessego e Lim\u00e3o | Passion Fruit, peach and lemon semifreddo<\/li>\n<li>Mousse de Chocolate | Chocolate Mousse<\/li>\n<li>Mousse de Manga | Mango Mousse<\/li>\n<li>Arroz doce | Rice Pudding<\/li>\n<li>Leite Creme Queimado | Creme brule<\/li>\n<\/ul>\n\t\t\t\t\t\t\t\t<\/div>\n\t\t\t\t<\/div>\n\t\t\t\t\t<\/div>\n\t\t<\/div>\n\t\t\t\t<div class=\"elementor-column elementor-col-50 elementor-top-column elementor-element elementor-element-7b41f9c1\" data-id=\"7b41f9c1\" data-element_type=\"column\" data-e-type=\"column\">\n\t\t\t<div class=\"elementor-widget-wrap elementor-element-populated\">\n\t\t\t\t\t\t<div class=\"elementor-element elementor-element-1de88abf elementor-widget elementor-widget-image\" data-id=\"1de88abf\" data-element_type=\"widget\" data-e-type=\"widget\" data-widget_type=\"image.default\">\n\t\t\t\t<div class=\"elementor-widget-container\">\n\t\t\t\t\t\t\t\t\t\t\t\t\t\t\t<img fetchpriority=\"high\" decoding=\"async\" width=\"500\" height=\"760\" src=\"https:\/\/www.weddingportugal.com\/wp-content\/uploads\/2021\/01\/TraditionalPortugueseDeserts-1.jpg\" class=\"attachment-large size-large wp-image-3278\" alt=\"\" srcset=\"https:\/\/www.weddingportugal.com\/wp-content\/uploads\/2021\/01\/TraditionalPortugueseDeserts-1.jpg 500w, https:\/\/www.weddingportugal.com\/wp-content\/uploads\/2021\/01\/TraditionalPortugueseDeserts-1-197x300.jpg 197w\" sizes=\"(max-width: 500px) 100vw, 500px\" \/>\t\t\t\t\t\t\t\t\t\t\t\t\t\t\t<\/div>\n\t\t\t\t<\/div>\n\t\t\t\t\t<\/div>\n\t\t<\/div>\n\t\t\t\t\t<\/div>\n\t\t<\/section>\n\t\t\t\t<\/div>\n\t\t","protected":false},"excerpt":{"rendered":"<p>Hier finden Sie einige unserer traditionellen portugiesischen Desserts, w\u00e4hlen Sie aus den Fotos auf dem Pinterest-Board Ihren Lieblings S\u00fc\u00dfspeise aus: http:\/\/www.pinterest.com\/weddingportugal\/traditional-portuguese-sweets\/ Trouxas de Ovo | Sweet egg wraps Cheese Cake de Frutos Silvestres | Forest fruit Cheese Cake Bolo Brigadeiro | Brigadier Cake Bolo Bolacha | Layered biscuite Cake Tarte Lim\u00e3o Merengada | Lemon Meringue [&hellip;]<\/p>\n","protected":false},"author":1,"featured_media":3278,"parent":4328,"menu_order":101,"comment_status":"closed","ping_status":"closed","template":"","meta":{"content-type":"","footnotes":""},"class_list":["post-4454","page","type-page","status-publish","has-post-thumbnail","hentry"],"yoast_head":"<!-- This site is optimized with the Yoast SEO plugin v27.2 - https:\/\/yoast.com\/product\/yoast-seo-wordpress\/ -->\n<title>Traditionelle portugiesische Desserts und S\u00fc\u00dfspeisen - Wedding Portugal<\/title>\n<meta name=\"robots\" content=\"index, follow, max-snippet:-1, max-image-preview:large, max-video-preview:-1\" \/>\n<link rel=\"canonical\" href=\"https:\/\/www.weddingportugal.com\/de\/services\/catering\/traditionelle-portugiesische-desserts-und-suessspeisen\/\" \/>\n<meta property=\"og:locale\" content=\"de_DE\" \/>\n<meta property=\"og:type\" content=\"article\" \/>\n<meta property=\"og:title\" content=\"Traditionelle portugiesische Desserts und S\u00fc\u00dfspeisen - Wedding Portugal\" \/>\n<meta property=\"og:description\" content=\"Hier finden Sie einige unserer traditionellen portugiesischen Desserts, w\u00e4hlen Sie aus den Fotos auf dem Pinterest-Board Ihren Lieblings S\u00fc\u00dfspeise aus: http:\/\/www.pinterest.com\/weddingportugal\/traditional-portuguese-sweets\/ Trouxas de Ovo | Sweet egg wraps Cheese Cake de Frutos Silvestres | Forest fruit Cheese Cake Bolo Brigadeiro | Brigadier Cake Bolo Bolacha | Layered biscuite Cake Tarte Lim\u00e3o Merengada | Lemon Meringue [&hellip;]\" \/>\n<meta property=\"og:url\" content=\"https:\/\/www.weddingportugal.com\/de\/services\/catering\/traditionelle-portugiesische-desserts-und-suessspeisen\/\" \/>\n<meta property=\"og:site_name\" content=\"Wedding Portugal\" \/>\n<meta property=\"article:modified_time\" content=\"2021-07-26T17:37:21+00:00\" \/>\n<meta property=\"og:image\" content=\"https:\/\/www.weddingportugal.com\/wp-content\/uploads\/2021\/01\/TraditionalPortugueseDeserts-1.jpg\" \/>\n\t<meta property=\"og:image:width\" content=\"500\" \/>\n\t<meta property=\"og:image:height\" content=\"760\" \/>\n\t<meta property=\"og:image:type\" content=\"image\/jpeg\" \/>\n<meta name=\"twitter:card\" content=\"summary_large_image\" \/>\n<meta name=\"twitter:label1\" content=\"Gesch\u00e4tzte Lesezeit\" \/>\n\t<meta name=\"twitter:data1\" content=\"1\u00a0Minute\" \/>\n<script type=\"application\/ld+json\" class=\"yoast-schema-graph\">{\"@context\":\"https:\/\/schema.org\",\"@graph\":[{\"@type\":\"WebPage\",\"@id\":\"https:\/\/www.weddingportugal.com\/de\/services\/catering\/traditionelle-portugiesische-desserts-und-suessspeisen\/\",\"url\":\"https:\/\/www.weddingportugal.com\/de\/services\/catering\/traditionelle-portugiesische-desserts-und-suessspeisen\/\",\"name\":\"Traditionelle portugiesische Desserts und S\u00fc\u00dfspeisen - Wedding Portugal\",\"isPartOf\":{\"@id\":\"https:\/\/www.weddingportugal.com\/de\/#website\"},\"primaryImageOfPage\":{\"@id\":\"https:\/\/www.weddingportugal.com\/de\/services\/catering\/traditionelle-portugiesische-desserts-und-suessspeisen\/#primaryimage\"},\"image\":{\"@id\":\"https:\/\/www.weddingportugal.com\/de\/services\/catering\/traditionelle-portugiesische-desserts-und-suessspeisen\/#primaryimage\"},\"thumbnailUrl\":\"https:\/\/www.weddingportugal.com\/wp-content\/uploads\/2021\/01\/TraditionalPortugueseDeserts-1.jpg\",\"datePublished\":\"2021-07-06T16:20:53+00:00\",\"dateModified\":\"2021-07-26T17:37:21+00:00\",\"breadcrumb\":{\"@id\":\"https:\/\/www.weddingportugal.com\/de\/services\/catering\/traditionelle-portugiesische-desserts-und-suessspeisen\/#breadcrumb\"},\"inLanguage\":\"de\",\"potentialAction\":[{\"@type\":\"ReadAction\",\"target\":[\"https:\/\/www.weddingportugal.com\/de\/services\/catering\/traditionelle-portugiesische-desserts-und-suessspeisen\/\"]}]},{\"@type\":\"ImageObject\",\"inLanguage\":\"de\",\"@id\":\"https:\/\/www.weddingportugal.com\/de\/services\/catering\/traditionelle-portugiesische-desserts-und-suessspeisen\/#primaryimage\",\"url\":\"https:\/\/www.weddingportugal.com\/wp-content\/uploads\/2021\/01\/TraditionalPortugueseDeserts-1.jpg\",\"contentUrl\":\"https:\/\/www.weddingportugal.com\/wp-content\/uploads\/2021\/01\/TraditionalPortugueseDeserts-1.jpg\",\"width\":500,\"height\":760},{\"@type\":\"BreadcrumbList\",\"@id\":\"https:\/\/www.weddingportugal.com\/de\/services\/catering\/traditionelle-portugiesische-desserts-und-suessspeisen\/#breadcrumb\",\"itemListElement\":[{\"@type\":\"ListItem\",\"position\":1,\"name\":\"Home\",\"item\":\"https:\/\/www.weddingportugal.com\/de\/\"},{\"@type\":\"ListItem\",\"position\":2,\"name\":\"Services\",\"item\":\"https:\/\/www.weddingportugal.com\/de\/services\/\"},{\"@type\":\"ListItem\",\"position\":3,\"name\":\"Catering\",\"item\":\"https:\/\/www.weddingportugal.com\/de\/services\/catering\/\"},{\"@type\":\"ListItem\",\"position\":4,\"name\":\"Traditionelle portugiesische Desserts und S\u00fc\u00dfspeisen\"}]},{\"@type\":\"WebSite\",\"@id\":\"https:\/\/www.weddingportugal.com\/de\/#website\",\"url\":\"https:\/\/www.weddingportugal.com\/de\/\",\"name\":\"Wedding Portugal\",\"description\":\"We tell you why you should get your weeding in Portugal\",\"publisher\":{\"@id\":\"https:\/\/www.weddingportugal.com\/de\/#organization\"},\"potentialAction\":[{\"@type\":\"SearchAction\",\"target\":{\"@type\":\"EntryPoint\",\"urlTemplate\":\"https:\/\/www.weddingportugal.com\/de\/?s={search_term_string}\"},\"query-input\":{\"@type\":\"PropertyValueSpecification\",\"valueRequired\":true,\"valueName\":\"search_term_string\"}}],\"inLanguage\":\"de\"},{\"@type\":\"Organization\",\"@id\":\"https:\/\/www.weddingportugal.com\/de\/#organization\",\"name\":\"Wedding Portugal\",\"url\":\"https:\/\/www.weddingportugal.com\/de\/\",\"logo\":{\"@type\":\"ImageObject\",\"inLanguage\":\"de\",\"@id\":\"https:\/\/www.weddingportugal.com\/de\/#\/schema\/logo\/image\/\",\"url\":\"https:\/\/www.weddingportugal.com\/wp-content\/uploads\/2020\/02\/cropped-logo-WeddingPortugal.png\",\"contentUrl\":\"https:\/\/www.weddingportugal.com\/wp-content\/uploads\/2020\/02\/cropped-logo-WeddingPortugal.png\",\"width\":523,\"height\":89,\"caption\":\"Wedding Portugal\"},\"image\":{\"@id\":\"https:\/\/www.weddingportugal.com\/de\/#\/schema\/logo\/image\/\"}}]}<\/script>\n<!-- \/ Yoast SEO plugin. -->","yoast_head_json":{"title":"Traditionelle portugiesische Desserts und S\u00fc\u00dfspeisen - Wedding Portugal","robots":{"index":"index","follow":"follow","max-snippet":"max-snippet:-1","max-image-preview":"max-image-preview:large","max-video-preview":"max-video-preview:-1"},"canonical":"https:\/\/www.weddingportugal.com\/de\/services\/catering\/traditionelle-portugiesische-desserts-und-suessspeisen\/","og_locale":"de_DE","og_type":"article","og_title":"Traditionelle portugiesische Desserts und S\u00fc\u00dfspeisen - Wedding Portugal","og_description":"Hier finden Sie einige unserer traditionellen portugiesischen Desserts, w\u00e4hlen Sie aus den Fotos auf dem Pinterest-Board Ihren Lieblings S\u00fc\u00dfspeise aus: http:\/\/www.pinterest.com\/weddingportugal\/traditional-portuguese-sweets\/ Trouxas de Ovo | Sweet egg wraps Cheese Cake de Frutos Silvestres | Forest fruit Cheese Cake Bolo Brigadeiro | Brigadier Cake Bolo Bolacha | Layered biscuite Cake Tarte Lim\u00e3o Merengada | Lemon Meringue [&hellip;]","og_url":"https:\/\/www.weddingportugal.com\/de\/services\/catering\/traditionelle-portugiesische-desserts-und-suessspeisen\/","og_site_name":"Wedding Portugal","article_modified_time":"2021-07-26T17:37:21+00:00","og_image":[{"width":500,"height":760,"url":"https:\/\/www.weddingportugal.com\/wp-content\/uploads\/2021\/01\/TraditionalPortugueseDeserts-1.jpg","type":"image\/jpeg"}],"twitter_card":"summary_large_image","twitter_misc":{"Gesch\u00e4tzte Lesezeit":"1\u00a0Minute"},"schema":{"@context":"https:\/\/schema.org","@graph":[{"@type":"WebPage","@id":"https:\/\/www.weddingportugal.com\/de\/services\/catering\/traditionelle-portugiesische-desserts-und-suessspeisen\/","url":"https:\/\/www.weddingportugal.com\/de\/services\/catering\/traditionelle-portugiesische-desserts-und-suessspeisen\/","name":"Traditionelle portugiesische Desserts und S\u00fc\u00dfspeisen - Wedding Portugal","isPartOf":{"@id":"https:\/\/www.weddingportugal.com\/de\/#website"},"primaryImageOfPage":{"@id":"https:\/\/www.weddingportugal.com\/de\/services\/catering\/traditionelle-portugiesische-desserts-und-suessspeisen\/#primaryimage"},"image":{"@id":"https:\/\/www.weddingportugal.com\/de\/services\/catering\/traditionelle-portugiesische-desserts-und-suessspeisen\/#primaryimage"},"thumbnailUrl":"https:\/\/www.weddingportugal.com\/wp-content\/uploads\/2021\/01\/TraditionalPortugueseDeserts-1.jpg","datePublished":"2021-07-06T16:20:53+00:00","dateModified":"2021-07-26T17:37:21+00:00","breadcrumb":{"@id":"https:\/\/www.weddingportugal.com\/de\/services\/catering\/traditionelle-portugiesische-desserts-und-suessspeisen\/#breadcrumb"},"inLanguage":"de","potentialAction":[{"@type":"ReadAction","target":["https:\/\/www.weddingportugal.com\/de\/services\/catering\/traditionelle-portugiesische-desserts-und-suessspeisen\/"]}]},{"@type":"ImageObject","inLanguage":"de","@id":"https:\/\/www.weddingportugal.com\/de\/services\/catering\/traditionelle-portugiesische-desserts-und-suessspeisen\/#primaryimage","url":"https:\/\/www.weddingportugal.com\/wp-content\/uploads\/2021\/01\/TraditionalPortugueseDeserts-1.jpg","contentUrl":"https:\/\/www.weddingportugal.com\/wp-content\/uploads\/2021\/01\/TraditionalPortugueseDeserts-1.jpg","width":500,"height":760},{"@type":"BreadcrumbList","@id":"https:\/\/www.weddingportugal.com\/de\/services\/catering\/traditionelle-portugiesische-desserts-und-suessspeisen\/#breadcrumb","itemListElement":[{"@type":"ListItem","position":1,"name":"Home","item":"https:\/\/www.weddingportugal.com\/de\/"},{"@type":"ListItem","position":2,"name":"Services","item":"https:\/\/www.weddingportugal.com\/de\/services\/"},{"@type":"ListItem","position":3,"name":"Catering","item":"https:\/\/www.weddingportugal.com\/de\/services\/catering\/"},{"@type":"ListItem","position":4,"name":"Traditionelle portugiesische Desserts und S\u00fc\u00dfspeisen"}]},{"@type":"WebSite","@id":"https:\/\/www.weddingportugal.com\/de\/#website","url":"https:\/\/www.weddingportugal.com\/de\/","name":"Wedding Portugal","description":"We tell you why you should get your weeding in Portugal","publisher":{"@id":"https:\/\/www.weddingportugal.com\/de\/#organization"},"potentialAction":[{"@type":"SearchAction","target":{"@type":"EntryPoint","urlTemplate":"https:\/\/www.weddingportugal.com\/de\/?s={search_term_string}"},"query-input":{"@type":"PropertyValueSpecification","valueRequired":true,"valueName":"search_term_string"}}],"inLanguage":"de"},{"@type":"Organization","@id":"https:\/\/www.weddingportugal.com\/de\/#organization","name":"Wedding Portugal","url":"https:\/\/www.weddingportugal.com\/de\/","logo":{"@type":"ImageObject","inLanguage":"de","@id":"https:\/\/www.weddingportugal.com\/de\/#\/schema\/logo\/image\/","url":"https:\/\/www.weddingportugal.com\/wp-content\/uploads\/2020\/02\/cropped-logo-WeddingPortugal.png","contentUrl":"https:\/\/www.weddingportugal.com\/wp-content\/uploads\/2020\/02\/cropped-logo-WeddingPortugal.png","width":523,"height":89,"caption":"Wedding Portugal"},"image":{"@id":"https:\/\/www.weddingportugal.com\/de\/#\/schema\/logo\/image\/"}}]}},"_links":{"self":[{"href":"https:\/\/www.weddingportugal.com\/de\/wp-json\/wp\/v2\/pages\/4454","targetHints":{"allow":["GET"]}}],"collection":[{"href":"https:\/\/www.weddingportugal.com\/de\/wp-json\/wp\/v2\/pages"}],"about":[{"href":"https:\/\/www.weddingportugal.com\/de\/wp-json\/wp\/v2\/types\/page"}],"author":[{"embeddable":true,"href":"https:\/\/www.weddingportugal.com\/de\/wp-json\/wp\/v2\/users\/1"}],"replies":[{"embeddable":true,"href":"https:\/\/www.weddingportugal.com\/de\/wp-json\/wp\/v2\/comments?post=4454"}],"version-history":[{"count":1,"href":"https:\/\/www.weddingportugal.com\/de\/wp-json\/wp\/v2\/pages\/4454\/revisions"}],"predecessor-version":[{"id":4455,"href":"https:\/\/www.weddingportugal.com\/de\/wp-json\/wp\/v2\/pages\/4454\/revisions\/4455"}],"up":[{"embeddable":true,"href":"https:\/\/www.weddingportugal.com\/de\/wp-json\/wp\/v2\/pages\/4328"}],"wp:featuredmedia":[{"embeddable":true,"href":"https:\/\/www.weddingportugal.com\/de\/wp-json\/wp\/v2\/media\/3278"}],"wp:attachment":[{"href":"https:\/\/www.weddingportugal.com\/de\/wp-json\/wp\/v2\/media?parent=4454"}],"curies":[{"name":"wp","href":"https:\/\/api.w.org\/{rel}","templated":true}]}}