{"id":4452,"date":"2021-07-06T16:17:56","date_gmt":"2021-07-06T16:17:56","guid":{"rendered":"https:\/\/www.weddingportugal.com\/services\/catering\/traditionelle-delikatessen-porto\/"},"modified":"2021-07-26T17:37:21","modified_gmt":"2021-07-26T17:37:21","slug":"traditionelle-delikatessen-porto","status":"publish","type":"page","link":"https:\/\/www.weddingportugal.com\/de\/services\/catering\/traditionelle-delikatessen-porto\/","title":{"rendered":"Traditionelle Delikatessen \u2013 Porto"},"content":{"rendered":"\t\t<div data-elementor-type=\"wp-page\" data-elementor-id=\"4452\" class=\"elementor elementor-4452 elementor-2711\" data-elementor-post-type=\"page\">\n\t\t\t\t\t\t<section class=\"elementor-section elementor-top-section elementor-element elementor-element-418cd721 elementor-section-boxed elementor-section-height-default elementor-section-height-default\" data-id=\"418cd721\" data-element_type=\"section\" data-e-type=\"section\">\n\t\t\t\t\t\t<div class=\"elementor-container elementor-column-gap-default\">\n\t\t\t\t\t<div class=\"elementor-column elementor-col-50 elementor-top-column elementor-element elementor-element-29a5fceb\" data-id=\"29a5fceb\" data-element_type=\"column\" data-e-type=\"column\">\n\t\t\t<div class=\"elementor-widget-wrap elementor-element-populated\">\n\t\t\t\t\t\t<div class=\"elementor-element elementor-element-4f3b3aa6 elementor-widget elementor-widget-text-editor\" data-id=\"4f3b3aa6\" data-element_type=\"widget\" data-e-type=\"widget\" data-widget_type=\"text-editor.default\">\n\t\t\t\t<div class=\"elementor-widget-container\">\n\t\t\t\t\t\t\t\t\t<p>F\u00fcr den Raum Porto empfehlen wir Ihnen das Catering von Angelo. Lassen Sie sich an Ihrem Hochzeitstag von Angelo verw\u00f6hnen mit einer reichhaltigen Auswahl an leckeren portugiesischen Spezialit\u00e4ten und Snacks.<\/p>\n<p>Bitte kontaktieren Sie uns f\u00fcr weitere Informationen und um das Catering von Angelo f\u00fcr Sie zu organisieren.<\/p>\n\t\t\t\t\t\t\t\t<\/div>\n\t\t\t\t<\/div>\n\t\t\t\t\t<\/div>\n\t\t<\/div>\n\t\t\t\t<div class=\"elementor-column elementor-col-50 elementor-top-column elementor-element elementor-element-bdafedd\" data-id=\"bdafedd\" data-element_type=\"column\" data-e-type=\"column\">\n\t\t\t<div class=\"elementor-widget-wrap elementor-element-populated\">\n\t\t\t\t\t\t<div class=\"elementor-element elementor-element-58d5d693 elementor-widget elementor-widget-image\" data-id=\"58d5d693\" data-element_type=\"widget\" data-e-type=\"widget\" data-widget_type=\"image.default\">\n\t\t\t\t<div class=\"elementor-widget-container\">\n\t\t\t\t\t\t\t\t\t\t\t\t\t\t\t<img fetchpriority=\"high\" decoding=\"async\" width=\"760\" height=\"500\" src=\"https:\/\/www.weddingportugal.com\/wp-content\/uploads\/2020\/11\/TraditionalArtisanalFood.jpg\" class=\"attachment-large size-large wp-image-2733\" alt=\"\" srcset=\"https:\/\/www.weddingportugal.com\/wp-content\/uploads\/2020\/11\/TraditionalArtisanalFood.jpg 760w, https:\/\/www.weddingportugal.com\/wp-content\/uploads\/2020\/11\/TraditionalArtisanalFood-300x197.jpg 300w\" sizes=\"(max-width: 760px) 100vw, 760px\" \/>\t\t\t\t\t\t\t\t\t\t\t\t\t\t\t<\/div>\n\t\t\t\t<\/div>\n\t\t\t\t\t<\/div>\n\t\t<\/div>\n\t\t\t\t\t<\/div>\n\t\t<\/section>\n\t\t\t\t<\/div>\n\t\t","protected":false},"excerpt":{"rendered":"<p>F\u00fcr den Raum Porto empfehlen wir Ihnen das Catering von Angelo. Lassen Sie sich an Ihrem Hochzeitstag von Angelo verw\u00f6hnen mit einer reichhaltigen Auswahl an leckeren portugiesischen Spezialit\u00e4ten und Snacks. Bitte kontaktieren Sie uns f\u00fcr weitere Informationen und um das Catering von Angelo f\u00fcr Sie zu organisieren.<\/p>\n","protected":false},"author":1,"featured_media":2733,"parent":4328,"menu_order":100,"comment_status":"closed","ping_status":"closed","template":"","meta":{"content-type":"","footnotes":""},"class_list":["post-4452","page","type-page","status-publish","has-post-thumbnail","hentry"],"yoast_head":"<!-- This site is optimized with the Yoast SEO plugin v27.2 - https:\/\/yoast.com\/product\/yoast-seo-wordpress\/ -->\n<title>Traditionelle Delikatessen \u2013 Porto - Wedding Portugal<\/title>\n<meta name=\"robots\" content=\"index, follow, max-snippet:-1, max-image-preview:large, max-video-preview:-1\" \/>\n<link rel=\"canonical\" href=\"https:\/\/www.weddingportugal.com\/de\/services\/catering\/traditionelle-delikatessen-porto\/\" \/>\n<meta property=\"og:locale\" content=\"de_DE\" \/>\n<meta property=\"og:type\" content=\"article\" \/>\n<meta property=\"og:title\" content=\"Traditionelle Delikatessen \u2013 Porto - Wedding Portugal\" \/>\n<meta property=\"og:description\" content=\"F\u00fcr den Raum Porto empfehlen wir Ihnen das Catering von Angelo. Lassen Sie sich an Ihrem Hochzeitstag von Angelo verw\u00f6hnen mit einer reichhaltigen Auswahl an leckeren portugiesischen Spezialit\u00e4ten und Snacks. Bitte kontaktieren Sie uns f\u00fcr weitere Informationen und um das Catering von Angelo f\u00fcr Sie zu organisieren.\" \/>\n<meta property=\"og:url\" content=\"https:\/\/www.weddingportugal.com\/de\/services\/catering\/traditionelle-delikatessen-porto\/\" \/>\n<meta property=\"og:site_name\" content=\"Wedding Portugal\" \/>\n<meta property=\"article:modified_time\" content=\"2021-07-26T17:37:21+00:00\" \/>\n<meta property=\"og:image\" content=\"https:\/\/www.weddingportugal.com\/wp-content\/uploads\/2020\/11\/TraditionalArtisanalFood.jpg\" \/>\n\t<meta property=\"og:image:width\" content=\"760\" \/>\n\t<meta property=\"og:image:height\" content=\"500\" \/>\n\t<meta property=\"og:image:type\" content=\"image\/jpeg\" \/>\n<meta name=\"twitter:card\" content=\"summary_large_image\" \/>\n<script type=\"application\/ld+json\" class=\"yoast-schema-graph\">{\"@context\":\"https:\/\/schema.org\",\"@graph\":[{\"@type\":\"WebPage\",\"@id\":\"https:\/\/www.weddingportugal.com\/de\/services\/catering\/traditionelle-delikatessen-porto\/\",\"url\":\"https:\/\/www.weddingportugal.com\/de\/services\/catering\/traditionelle-delikatessen-porto\/\",\"name\":\"Traditionelle Delikatessen \u2013 Porto - Wedding Portugal\",\"isPartOf\":{\"@id\":\"https:\/\/www.weddingportugal.com\/de\/#website\"},\"primaryImageOfPage\":{\"@id\":\"https:\/\/www.weddingportugal.com\/de\/services\/catering\/traditionelle-delikatessen-porto\/#primaryimage\"},\"image\":{\"@id\":\"https:\/\/www.weddingportugal.com\/de\/services\/catering\/traditionelle-delikatessen-porto\/#primaryimage\"},\"thumbnailUrl\":\"https:\/\/www.weddingportugal.com\/wp-content\/uploads\/2020\/11\/TraditionalArtisanalFood.jpg\",\"datePublished\":\"2021-07-06T16:17:56+00:00\",\"dateModified\":\"2021-07-26T17:37:21+00:00\",\"breadcrumb\":{\"@id\":\"https:\/\/www.weddingportugal.com\/de\/services\/catering\/traditionelle-delikatessen-porto\/#breadcrumb\"},\"inLanguage\":\"de\",\"potentialAction\":[{\"@type\":\"ReadAction\",\"target\":[\"https:\/\/www.weddingportugal.com\/de\/services\/catering\/traditionelle-delikatessen-porto\/\"]}]},{\"@type\":\"ImageObject\",\"inLanguage\":\"de\",\"@id\":\"https:\/\/www.weddingportugal.com\/de\/services\/catering\/traditionelle-delikatessen-porto\/#primaryimage\",\"url\":\"https:\/\/www.weddingportugal.com\/wp-content\/uploads\/2020\/11\/TraditionalArtisanalFood.jpg\",\"contentUrl\":\"https:\/\/www.weddingportugal.com\/wp-content\/uploads\/2020\/11\/TraditionalArtisanalFood.jpg\",\"width\":760,\"height\":500},{\"@type\":\"BreadcrumbList\",\"@id\":\"https:\/\/www.weddingportugal.com\/de\/services\/catering\/traditionelle-delikatessen-porto\/#breadcrumb\",\"itemListElement\":[{\"@type\":\"ListItem\",\"position\":1,\"name\":\"Home\",\"item\":\"https:\/\/www.weddingportugal.com\/de\/\"},{\"@type\":\"ListItem\",\"position\":2,\"name\":\"Services\",\"item\":\"https:\/\/www.weddingportugal.com\/de\/services\/\"},{\"@type\":\"ListItem\",\"position\":3,\"name\":\"Catering\",\"item\":\"https:\/\/www.weddingportugal.com\/de\/services\/catering\/\"},{\"@type\":\"ListItem\",\"position\":4,\"name\":\"Traditionelle Delikatessen \u2013 Porto\"}]},{\"@type\":\"WebSite\",\"@id\":\"https:\/\/www.weddingportugal.com\/de\/#website\",\"url\":\"https:\/\/www.weddingportugal.com\/de\/\",\"name\":\"Wedding Portugal\",\"description\":\"We tell you why you should get your weeding in Portugal\",\"publisher\":{\"@id\":\"https:\/\/www.weddingportugal.com\/de\/#organization\"},\"potentialAction\":[{\"@type\":\"SearchAction\",\"target\":{\"@type\":\"EntryPoint\",\"urlTemplate\":\"https:\/\/www.weddingportugal.com\/de\/?s={search_term_string}\"},\"query-input\":{\"@type\":\"PropertyValueSpecification\",\"valueRequired\":true,\"valueName\":\"search_term_string\"}}],\"inLanguage\":\"de\"},{\"@type\":\"Organization\",\"@id\":\"https:\/\/www.weddingportugal.com\/de\/#organization\",\"name\":\"Wedding Portugal\",\"url\":\"https:\/\/www.weddingportugal.com\/de\/\",\"logo\":{\"@type\":\"ImageObject\",\"inLanguage\":\"de\",\"@id\":\"https:\/\/www.weddingportugal.com\/de\/#\/schema\/logo\/image\/\",\"url\":\"https:\/\/www.weddingportugal.com\/wp-content\/uploads\/2020\/02\/cropped-logo-WeddingPortugal.png\",\"contentUrl\":\"https:\/\/www.weddingportugal.com\/wp-content\/uploads\/2020\/02\/cropped-logo-WeddingPortugal.png\",\"width\":523,\"height\":89,\"caption\":\"Wedding Portugal\"},\"image\":{\"@id\":\"https:\/\/www.weddingportugal.com\/de\/#\/schema\/logo\/image\/\"}}]}<\/script>\n<!-- \/ Yoast SEO plugin. -->","yoast_head_json":{"title":"Traditionelle Delikatessen \u2013 Porto - Wedding Portugal","robots":{"index":"index","follow":"follow","max-snippet":"max-snippet:-1","max-image-preview":"max-image-preview:large","max-video-preview":"max-video-preview:-1"},"canonical":"https:\/\/www.weddingportugal.com\/de\/services\/catering\/traditionelle-delikatessen-porto\/","og_locale":"de_DE","og_type":"article","og_title":"Traditionelle Delikatessen \u2013 Porto - Wedding Portugal","og_description":"F\u00fcr den Raum Porto empfehlen wir Ihnen das Catering von Angelo. Lassen Sie sich an Ihrem Hochzeitstag von Angelo verw\u00f6hnen mit einer reichhaltigen Auswahl an leckeren portugiesischen Spezialit\u00e4ten und Snacks. Bitte kontaktieren Sie uns f\u00fcr weitere Informationen und um das Catering von Angelo f\u00fcr Sie zu organisieren.","og_url":"https:\/\/www.weddingportugal.com\/de\/services\/catering\/traditionelle-delikatessen-porto\/","og_site_name":"Wedding Portugal","article_modified_time":"2021-07-26T17:37:21+00:00","og_image":[{"width":760,"height":500,"url":"https:\/\/www.weddingportugal.com\/wp-content\/uploads\/2020\/11\/TraditionalArtisanalFood.jpg","type":"image\/jpeg"}],"twitter_card":"summary_large_image","schema":{"@context":"https:\/\/schema.org","@graph":[{"@type":"WebPage","@id":"https:\/\/www.weddingportugal.com\/de\/services\/catering\/traditionelle-delikatessen-porto\/","url":"https:\/\/www.weddingportugal.com\/de\/services\/catering\/traditionelle-delikatessen-porto\/","name":"Traditionelle Delikatessen \u2013 Porto - Wedding Portugal","isPartOf":{"@id":"https:\/\/www.weddingportugal.com\/de\/#website"},"primaryImageOfPage":{"@id":"https:\/\/www.weddingportugal.com\/de\/services\/catering\/traditionelle-delikatessen-porto\/#primaryimage"},"image":{"@id":"https:\/\/www.weddingportugal.com\/de\/services\/catering\/traditionelle-delikatessen-porto\/#primaryimage"},"thumbnailUrl":"https:\/\/www.weddingportugal.com\/wp-content\/uploads\/2020\/11\/TraditionalArtisanalFood.jpg","datePublished":"2021-07-06T16:17:56+00:00","dateModified":"2021-07-26T17:37:21+00:00","breadcrumb":{"@id":"https:\/\/www.weddingportugal.com\/de\/services\/catering\/traditionelle-delikatessen-porto\/#breadcrumb"},"inLanguage":"de","potentialAction":[{"@type":"ReadAction","target":["https:\/\/www.weddingportugal.com\/de\/services\/catering\/traditionelle-delikatessen-porto\/"]}]},{"@type":"ImageObject","inLanguage":"de","@id":"https:\/\/www.weddingportugal.com\/de\/services\/catering\/traditionelle-delikatessen-porto\/#primaryimage","url":"https:\/\/www.weddingportugal.com\/wp-content\/uploads\/2020\/11\/TraditionalArtisanalFood.jpg","contentUrl":"https:\/\/www.weddingportugal.com\/wp-content\/uploads\/2020\/11\/TraditionalArtisanalFood.jpg","width":760,"height":500},{"@type":"BreadcrumbList","@id":"https:\/\/www.weddingportugal.com\/de\/services\/catering\/traditionelle-delikatessen-porto\/#breadcrumb","itemListElement":[{"@type":"ListItem","position":1,"name":"Home","item":"https:\/\/www.weddingportugal.com\/de\/"},{"@type":"ListItem","position":2,"name":"Services","item":"https:\/\/www.weddingportugal.com\/de\/services\/"},{"@type":"ListItem","position":3,"name":"Catering","item":"https:\/\/www.weddingportugal.com\/de\/services\/catering\/"},{"@type":"ListItem","position":4,"name":"Traditionelle Delikatessen \u2013 Porto"}]},{"@type":"WebSite","@id":"https:\/\/www.weddingportugal.com\/de\/#website","url":"https:\/\/www.weddingportugal.com\/de\/","name":"Wedding Portugal","description":"We tell you why you should get your weeding in Portugal","publisher":{"@id":"https:\/\/www.weddingportugal.com\/de\/#organization"},"potentialAction":[{"@type":"SearchAction","target":{"@type":"EntryPoint","urlTemplate":"https:\/\/www.weddingportugal.com\/de\/?s={search_term_string}"},"query-input":{"@type":"PropertyValueSpecification","valueRequired":true,"valueName":"search_term_string"}}],"inLanguage":"de"},{"@type":"Organization","@id":"https:\/\/www.weddingportugal.com\/de\/#organization","name":"Wedding Portugal","url":"https:\/\/www.weddingportugal.com\/de\/","logo":{"@type":"ImageObject","inLanguage":"de","@id":"https:\/\/www.weddingportugal.com\/de\/#\/schema\/logo\/image\/","url":"https:\/\/www.weddingportugal.com\/wp-content\/uploads\/2020\/02\/cropped-logo-WeddingPortugal.png","contentUrl":"https:\/\/www.weddingportugal.com\/wp-content\/uploads\/2020\/02\/cropped-logo-WeddingPortugal.png","width":523,"height":89,"caption":"Wedding Portugal"},"image":{"@id":"https:\/\/www.weddingportugal.com\/de\/#\/schema\/logo\/image\/"}}]}},"_links":{"self":[{"href":"https:\/\/www.weddingportugal.com\/de\/wp-json\/wp\/v2\/pages\/4452","targetHints":{"allow":["GET"]}}],"collection":[{"href":"https:\/\/www.weddingportugal.com\/de\/wp-json\/wp\/v2\/pages"}],"about":[{"href":"https:\/\/www.weddingportugal.com\/de\/wp-json\/wp\/v2\/types\/page"}],"author":[{"embeddable":true,"href":"https:\/\/www.weddingportugal.com\/de\/wp-json\/wp\/v2\/users\/1"}],"replies":[{"embeddable":true,"href":"https:\/\/www.weddingportugal.com\/de\/wp-json\/wp\/v2\/comments?post=4452"}],"version-history":[{"count":1,"href":"https:\/\/www.weddingportugal.com\/de\/wp-json\/wp\/v2\/pages\/4452\/revisions"}],"predecessor-version":[{"id":4453,"href":"https:\/\/www.weddingportugal.com\/de\/wp-json\/wp\/v2\/pages\/4452\/revisions\/4453"}],"up":[{"embeddable":true,"href":"https:\/\/www.weddingportugal.com\/de\/wp-json\/wp\/v2\/pages\/4328"}],"wp:featuredmedia":[{"embeddable":true,"href":"https:\/\/www.weddingportugal.com\/de\/wp-json\/wp\/v2\/media\/2733"}],"wp:attachment":[{"href":"https:\/\/www.weddingportugal.com\/de\/wp-json\/wp\/v2\/media?parent=4452"}],"curies":[{"name":"wp","href":"https:\/\/api.w.org\/{rel}","templated":true}]}}