{"id":4450,"date":"2021-07-06T16:16:51","date_gmt":"2021-07-06T16:16:51","guid":{"rendered":"https:\/\/www.weddingportugal.com\/services\/catering\/profikoch-fuer-ihre-hochzeitsfeier-lissabon-sintra\/"},"modified":"2021-07-26T17:37:21","modified_gmt":"2021-07-26T17:37:21","slug":"profikoch-fuer-ihre-hochzeitsfeier-lissabon-sintra","status":"publish","type":"page","link":"https:\/\/www.weddingportugal.com\/de\/services\/catering\/profikoch-fuer-ihre-hochzeitsfeier-lissabon-sintra\/","title":{"rendered":"Profikoch f\u00fcr Ihre Hochzeitsfeier &#8211; Lissabon, Sintra"},"content":{"rendered":"\t\t<div data-elementor-type=\"wp-page\" data-elementor-id=\"4450\" class=\"elementor elementor-4450 elementor-2709\" data-elementor-post-type=\"page\">\n\t\t\t\t\t\t<section class=\"elementor-section elementor-top-section elementor-element elementor-element-47ab56a0 elementor-section-boxed elementor-section-height-default elementor-section-height-default\" data-id=\"47ab56a0\" data-element_type=\"section\" data-e-type=\"section\">\n\t\t\t\t\t\t<div class=\"elementor-container elementor-column-gap-default\">\n\t\t\t\t\t<div class=\"elementor-column elementor-col-50 elementor-top-column elementor-element elementor-element-17a6c6c3\" data-id=\"17a6c6c3\" data-element_type=\"column\" data-e-type=\"column\">\n\t\t\t<div class=\"elementor-widget-wrap elementor-element-populated\">\n\t\t\t\t\t\t<div class=\"elementor-element elementor-element-18d716b7 elementor-widget elementor-widget-text-editor\" data-id=\"18d716b7\" data-element_type=\"widget\" data-e-type=\"widget\" data-widget_type=\"text-editor.default\">\n\t\t\t\t<div class=\"elementor-widget-container\">\n\t\t\t\t\t\t\t\t\t<p>Warum nicht einen Profikoch f\u00fcr Ihre Hochzeit buchen? Unsere Profik\u00f6che sorgen daf\u00fcr, dass Ihre Hochzeit den passenden kulinarischen Rahmen erh\u00e4lt. Hierzu stimmen wir gemeinsam mit Ihnen die Details ab und planen das Men\u00fc, die Getr\u00e4nkeauswahl, den Kostenrahmen und die Vorbereitungen.<\/p>\n<p>Lassen Sie sich ein Men\u00fc auf Ihren pers\u00f6nlichen Geschmack zuschneiden, Kalte und warme Buffets, Fingerfood, H\u00e4ppchen, Canap\u00e9s, Live-Cooking, Barbecue und sogar eine Hochzeitstorte, was auch immer Sie sich w\u00fcnschen, alles ist m\u00f6glich.<\/p>\n<p>W\u00e4hlen Sie aus einer Vielzahl von veganen oder vegetarischen Men\u00fcs, die keinem Fleischesser W\u00fcnsche offenl\u00e4sst, ein einzigartiges und exquisites Men\u00fc das Ihren Vorstellungen entspricht. \ud83d\ude09 .<\/p>\n<p>Bitte kontaktieren Sie uns f\u00fcr weitere Informationen und um diesen Service f\u00fcr Sie zu organisieren.<\/p>\n\t\t\t\t\t\t\t\t<\/div>\n\t\t\t\t<\/div>\n\t\t\t\t\t<\/div>\n\t\t<\/div>\n\t\t\t\t<div class=\"elementor-column elementor-col-50 elementor-top-column elementor-element elementor-element-3c96d4a9\" data-id=\"3c96d4a9\" data-element_type=\"column\" data-e-type=\"column\">\n\t\t\t<div class=\"elementor-widget-wrap elementor-element-populated\">\n\t\t\t\t\t\t<div class=\"elementor-element elementor-element-aa51b7 elementor-widget elementor-widget-image\" data-id=\"aa51b7\" data-element_type=\"widget\" data-e-type=\"widget\" data-widget_type=\"image.default\">\n\t\t\t\t<div class=\"elementor-widget-container\">\n\t\t\t\t\t\t\t\t\t\t\t\t\t\t\t<img fetchpriority=\"high\" decoding=\"async\" width=\"760\" height=\"500\" src=\"https:\/\/www.weddingportugal.com\/wp-content\/uploads\/2020\/11\/FreshNaturalCreativeCuisine.jpg\" class=\"attachment-large size-large wp-image-2737\" alt=\"\" srcset=\"https:\/\/www.weddingportugal.com\/wp-content\/uploads\/2020\/11\/FreshNaturalCreativeCuisine.jpg 760w, https:\/\/www.weddingportugal.com\/wp-content\/uploads\/2020\/11\/FreshNaturalCreativeCuisine-300x197.jpg 300w\" sizes=\"(max-width: 760px) 100vw, 760px\" \/>\t\t\t\t\t\t\t\t\t\t\t\t\t\t\t<\/div>\n\t\t\t\t<\/div>\n\t\t\t\t\t<\/div>\n\t\t<\/div>\n\t\t\t\t\t<\/div>\n\t\t<\/section>\n\t\t\t\t<\/div>\n\t\t","protected":false},"excerpt":{"rendered":"<p>Warum nicht einen Profikoch f\u00fcr Ihre Hochzeit buchen? Unsere Profik\u00f6che sorgen daf\u00fcr, dass Ihre Hochzeit den passenden kulinarischen Rahmen erh\u00e4lt. Hierzu stimmen wir gemeinsam mit Ihnen die Details ab und planen das Men\u00fc, die Getr\u00e4nkeauswahl, den Kostenrahmen und die Vorbereitungen. Lassen Sie sich ein Men\u00fc auf Ihren pers\u00f6nlichen Geschmack zuschneiden, Kalte und warme Buffets, Fingerfood, [&hellip;]<\/p>\n","protected":false},"author":1,"featured_media":2737,"parent":4328,"menu_order":99,"comment_status":"closed","ping_status":"closed","template":"","meta":{"content-type":"","footnotes":""},"class_list":["post-4450","page","type-page","status-publish","has-post-thumbnail","hentry"],"yoast_head":"<!-- This site is optimized with the Yoast SEO plugin v27.2 - https:\/\/yoast.com\/product\/yoast-seo-wordpress\/ -->\n<title>Profikoch f\u00fcr Ihre Hochzeitsfeier - Lissabon, Sintra - Wedding Portugal<\/title>\n<meta name=\"robots\" content=\"index, follow, max-snippet:-1, max-image-preview:large, max-video-preview:-1\" \/>\n<link rel=\"canonical\" href=\"https:\/\/www.weddingportugal.com\/de\/services\/catering\/profikoch-fuer-ihre-hochzeitsfeier-lissabon-sintra\/\" \/>\n<meta property=\"og:locale\" content=\"de_DE\" \/>\n<meta property=\"og:type\" content=\"article\" \/>\n<meta property=\"og:title\" content=\"Profikoch f\u00fcr Ihre Hochzeitsfeier - Lissabon, Sintra - Wedding Portugal\" \/>\n<meta property=\"og:description\" content=\"Warum nicht einen Profikoch f\u00fcr Ihre Hochzeit buchen? Unsere Profik\u00f6che sorgen daf\u00fcr, dass Ihre Hochzeit den passenden kulinarischen Rahmen erh\u00e4lt. Hierzu stimmen wir gemeinsam mit Ihnen die Details ab und planen das Men\u00fc, die Getr\u00e4nkeauswahl, den Kostenrahmen und die Vorbereitungen. Lassen Sie sich ein Men\u00fc auf Ihren pers\u00f6nlichen Geschmack zuschneiden, Kalte und warme Buffets, Fingerfood, [&hellip;]\" \/>\n<meta property=\"og:url\" content=\"https:\/\/www.weddingportugal.com\/de\/services\/catering\/profikoch-fuer-ihre-hochzeitsfeier-lissabon-sintra\/\" \/>\n<meta property=\"og:site_name\" content=\"Wedding Portugal\" \/>\n<meta property=\"article:modified_time\" content=\"2021-07-26T17:37:21+00:00\" \/>\n<meta property=\"og:image\" content=\"https:\/\/www.weddingportugal.com\/wp-content\/uploads\/2020\/11\/FreshNaturalCreativeCuisine.jpg\" \/>\n\t<meta property=\"og:image:width\" content=\"760\" \/>\n\t<meta property=\"og:image:height\" content=\"500\" \/>\n\t<meta property=\"og:image:type\" content=\"image\/jpeg\" \/>\n<meta name=\"twitter:card\" content=\"summary_large_image\" \/>\n<meta name=\"twitter:label1\" content=\"Gesch\u00e4tzte Lesezeit\" \/>\n\t<meta name=\"twitter:data1\" content=\"1\u00a0Minute\" \/>\n<script type=\"application\/ld+json\" class=\"yoast-schema-graph\">{\"@context\":\"https:\/\/schema.org\",\"@graph\":[{\"@type\":\"WebPage\",\"@id\":\"https:\/\/www.weddingportugal.com\/de\/services\/catering\/profikoch-fuer-ihre-hochzeitsfeier-lissabon-sintra\/\",\"url\":\"https:\/\/www.weddingportugal.com\/de\/services\/catering\/profikoch-fuer-ihre-hochzeitsfeier-lissabon-sintra\/\",\"name\":\"Profikoch f\u00fcr Ihre Hochzeitsfeier - Lissabon, Sintra - Wedding Portugal\",\"isPartOf\":{\"@id\":\"https:\/\/www.weddingportugal.com\/de\/#website\"},\"primaryImageOfPage\":{\"@id\":\"https:\/\/www.weddingportugal.com\/de\/services\/catering\/profikoch-fuer-ihre-hochzeitsfeier-lissabon-sintra\/#primaryimage\"},\"image\":{\"@id\":\"https:\/\/www.weddingportugal.com\/de\/services\/catering\/profikoch-fuer-ihre-hochzeitsfeier-lissabon-sintra\/#primaryimage\"},\"thumbnailUrl\":\"https:\/\/www.weddingportugal.com\/wp-content\/uploads\/2020\/11\/FreshNaturalCreativeCuisine.jpg\",\"datePublished\":\"2021-07-06T16:16:51+00:00\",\"dateModified\":\"2021-07-26T17:37:21+00:00\",\"breadcrumb\":{\"@id\":\"https:\/\/www.weddingportugal.com\/de\/services\/catering\/profikoch-fuer-ihre-hochzeitsfeier-lissabon-sintra\/#breadcrumb\"},\"inLanguage\":\"de\",\"potentialAction\":[{\"@type\":\"ReadAction\",\"target\":[\"https:\/\/www.weddingportugal.com\/de\/services\/catering\/profikoch-fuer-ihre-hochzeitsfeier-lissabon-sintra\/\"]}]},{\"@type\":\"ImageObject\",\"inLanguage\":\"de\",\"@id\":\"https:\/\/www.weddingportugal.com\/de\/services\/catering\/profikoch-fuer-ihre-hochzeitsfeier-lissabon-sintra\/#primaryimage\",\"url\":\"https:\/\/www.weddingportugal.com\/wp-content\/uploads\/2020\/11\/FreshNaturalCreativeCuisine.jpg\",\"contentUrl\":\"https:\/\/www.weddingportugal.com\/wp-content\/uploads\/2020\/11\/FreshNaturalCreativeCuisine.jpg\",\"width\":760,\"height\":500},{\"@type\":\"BreadcrumbList\",\"@id\":\"https:\/\/www.weddingportugal.com\/de\/services\/catering\/profikoch-fuer-ihre-hochzeitsfeier-lissabon-sintra\/#breadcrumb\",\"itemListElement\":[{\"@type\":\"ListItem\",\"position\":1,\"name\":\"Home\",\"item\":\"https:\/\/www.weddingportugal.com\/de\/\"},{\"@type\":\"ListItem\",\"position\":2,\"name\":\"Services\",\"item\":\"https:\/\/www.weddingportugal.com\/de\/services\/\"},{\"@type\":\"ListItem\",\"position\":3,\"name\":\"Catering\",\"item\":\"https:\/\/www.weddingportugal.com\/de\/services\/catering\/\"},{\"@type\":\"ListItem\",\"position\":4,\"name\":\"Profikoch f\u00fcr Ihre Hochzeitsfeier &#8211; Lissabon, Sintra\"}]},{\"@type\":\"WebSite\",\"@id\":\"https:\/\/www.weddingportugal.com\/de\/#website\",\"url\":\"https:\/\/www.weddingportugal.com\/de\/\",\"name\":\"Wedding Portugal\",\"description\":\"We tell you why you should get your weeding in Portugal\",\"publisher\":{\"@id\":\"https:\/\/www.weddingportugal.com\/de\/#organization\"},\"potentialAction\":[{\"@type\":\"SearchAction\",\"target\":{\"@type\":\"EntryPoint\",\"urlTemplate\":\"https:\/\/www.weddingportugal.com\/de\/?s={search_term_string}\"},\"query-input\":{\"@type\":\"PropertyValueSpecification\",\"valueRequired\":true,\"valueName\":\"search_term_string\"}}],\"inLanguage\":\"de\"},{\"@type\":\"Organization\",\"@id\":\"https:\/\/www.weddingportugal.com\/de\/#organization\",\"name\":\"Wedding Portugal\",\"url\":\"https:\/\/www.weddingportugal.com\/de\/\",\"logo\":{\"@type\":\"ImageObject\",\"inLanguage\":\"de\",\"@id\":\"https:\/\/www.weddingportugal.com\/de\/#\/schema\/logo\/image\/\",\"url\":\"https:\/\/www.weddingportugal.com\/wp-content\/uploads\/2020\/02\/cropped-logo-WeddingPortugal.png\",\"contentUrl\":\"https:\/\/www.weddingportugal.com\/wp-content\/uploads\/2020\/02\/cropped-logo-WeddingPortugal.png\",\"width\":523,\"height\":89,\"caption\":\"Wedding Portugal\"},\"image\":{\"@id\":\"https:\/\/www.weddingportugal.com\/de\/#\/schema\/logo\/image\/\"}}]}<\/script>\n<!-- \/ Yoast SEO plugin. -->","yoast_head_json":{"title":"Profikoch f\u00fcr Ihre Hochzeitsfeier - Lissabon, Sintra - Wedding Portugal","robots":{"index":"index","follow":"follow","max-snippet":"max-snippet:-1","max-image-preview":"max-image-preview:large","max-video-preview":"max-video-preview:-1"},"canonical":"https:\/\/www.weddingportugal.com\/de\/services\/catering\/profikoch-fuer-ihre-hochzeitsfeier-lissabon-sintra\/","og_locale":"de_DE","og_type":"article","og_title":"Profikoch f\u00fcr Ihre Hochzeitsfeier - Lissabon, Sintra - Wedding Portugal","og_description":"Warum nicht einen Profikoch f\u00fcr Ihre Hochzeit buchen? Unsere Profik\u00f6che sorgen daf\u00fcr, dass Ihre Hochzeit den passenden kulinarischen Rahmen erh\u00e4lt. Hierzu stimmen wir gemeinsam mit Ihnen die Details ab und planen das Men\u00fc, die Getr\u00e4nkeauswahl, den Kostenrahmen und die Vorbereitungen. Lassen Sie sich ein Men\u00fc auf Ihren pers\u00f6nlichen Geschmack zuschneiden, Kalte und warme Buffets, Fingerfood, [&hellip;]","og_url":"https:\/\/www.weddingportugal.com\/de\/services\/catering\/profikoch-fuer-ihre-hochzeitsfeier-lissabon-sintra\/","og_site_name":"Wedding Portugal","article_modified_time":"2021-07-26T17:37:21+00:00","og_image":[{"width":760,"height":500,"url":"https:\/\/www.weddingportugal.com\/wp-content\/uploads\/2020\/11\/FreshNaturalCreativeCuisine.jpg","type":"image\/jpeg"}],"twitter_card":"summary_large_image","twitter_misc":{"Gesch\u00e4tzte Lesezeit":"1\u00a0Minute"},"schema":{"@context":"https:\/\/schema.org","@graph":[{"@type":"WebPage","@id":"https:\/\/www.weddingportugal.com\/de\/services\/catering\/profikoch-fuer-ihre-hochzeitsfeier-lissabon-sintra\/","url":"https:\/\/www.weddingportugal.com\/de\/services\/catering\/profikoch-fuer-ihre-hochzeitsfeier-lissabon-sintra\/","name":"Profikoch f\u00fcr Ihre Hochzeitsfeier - Lissabon, Sintra - Wedding Portugal","isPartOf":{"@id":"https:\/\/www.weddingportugal.com\/de\/#website"},"primaryImageOfPage":{"@id":"https:\/\/www.weddingportugal.com\/de\/services\/catering\/profikoch-fuer-ihre-hochzeitsfeier-lissabon-sintra\/#primaryimage"},"image":{"@id":"https:\/\/www.weddingportugal.com\/de\/services\/catering\/profikoch-fuer-ihre-hochzeitsfeier-lissabon-sintra\/#primaryimage"},"thumbnailUrl":"https:\/\/www.weddingportugal.com\/wp-content\/uploads\/2020\/11\/FreshNaturalCreativeCuisine.jpg","datePublished":"2021-07-06T16:16:51+00:00","dateModified":"2021-07-26T17:37:21+00:00","breadcrumb":{"@id":"https:\/\/www.weddingportugal.com\/de\/services\/catering\/profikoch-fuer-ihre-hochzeitsfeier-lissabon-sintra\/#breadcrumb"},"inLanguage":"de","potentialAction":[{"@type":"ReadAction","target":["https:\/\/www.weddingportugal.com\/de\/services\/catering\/profikoch-fuer-ihre-hochzeitsfeier-lissabon-sintra\/"]}]},{"@type":"ImageObject","inLanguage":"de","@id":"https:\/\/www.weddingportugal.com\/de\/services\/catering\/profikoch-fuer-ihre-hochzeitsfeier-lissabon-sintra\/#primaryimage","url":"https:\/\/www.weddingportugal.com\/wp-content\/uploads\/2020\/11\/FreshNaturalCreativeCuisine.jpg","contentUrl":"https:\/\/www.weddingportugal.com\/wp-content\/uploads\/2020\/11\/FreshNaturalCreativeCuisine.jpg","width":760,"height":500},{"@type":"BreadcrumbList","@id":"https:\/\/www.weddingportugal.com\/de\/services\/catering\/profikoch-fuer-ihre-hochzeitsfeier-lissabon-sintra\/#breadcrumb","itemListElement":[{"@type":"ListItem","position":1,"name":"Home","item":"https:\/\/www.weddingportugal.com\/de\/"},{"@type":"ListItem","position":2,"name":"Services","item":"https:\/\/www.weddingportugal.com\/de\/services\/"},{"@type":"ListItem","position":3,"name":"Catering","item":"https:\/\/www.weddingportugal.com\/de\/services\/catering\/"},{"@type":"ListItem","position":4,"name":"Profikoch f\u00fcr Ihre Hochzeitsfeier &#8211; Lissabon, Sintra"}]},{"@type":"WebSite","@id":"https:\/\/www.weddingportugal.com\/de\/#website","url":"https:\/\/www.weddingportugal.com\/de\/","name":"Wedding Portugal","description":"We tell you why you should get your weeding in Portugal","publisher":{"@id":"https:\/\/www.weddingportugal.com\/de\/#organization"},"potentialAction":[{"@type":"SearchAction","target":{"@type":"EntryPoint","urlTemplate":"https:\/\/www.weddingportugal.com\/de\/?s={search_term_string}"},"query-input":{"@type":"PropertyValueSpecification","valueRequired":true,"valueName":"search_term_string"}}],"inLanguage":"de"},{"@type":"Organization","@id":"https:\/\/www.weddingportugal.com\/de\/#organization","name":"Wedding Portugal","url":"https:\/\/www.weddingportugal.com\/de\/","logo":{"@type":"ImageObject","inLanguage":"de","@id":"https:\/\/www.weddingportugal.com\/de\/#\/schema\/logo\/image\/","url":"https:\/\/www.weddingportugal.com\/wp-content\/uploads\/2020\/02\/cropped-logo-WeddingPortugal.png","contentUrl":"https:\/\/www.weddingportugal.com\/wp-content\/uploads\/2020\/02\/cropped-logo-WeddingPortugal.png","width":523,"height":89,"caption":"Wedding Portugal"},"image":{"@id":"https:\/\/www.weddingportugal.com\/de\/#\/schema\/logo\/image\/"}}]}},"_links":{"self":[{"href":"https:\/\/www.weddingportugal.com\/de\/wp-json\/wp\/v2\/pages\/4450","targetHints":{"allow":["GET"]}}],"collection":[{"href":"https:\/\/www.weddingportugal.com\/de\/wp-json\/wp\/v2\/pages"}],"about":[{"href":"https:\/\/www.weddingportugal.com\/de\/wp-json\/wp\/v2\/types\/page"}],"author":[{"embeddable":true,"href":"https:\/\/www.weddingportugal.com\/de\/wp-json\/wp\/v2\/users\/1"}],"replies":[{"embeddable":true,"href":"https:\/\/www.weddingportugal.com\/de\/wp-json\/wp\/v2\/comments?post=4450"}],"version-history":[{"count":1,"href":"https:\/\/www.weddingportugal.com\/de\/wp-json\/wp\/v2\/pages\/4450\/revisions"}],"predecessor-version":[{"id":4451,"href":"https:\/\/www.weddingportugal.com\/de\/wp-json\/wp\/v2\/pages\/4450\/revisions\/4451"}],"up":[{"embeddable":true,"href":"https:\/\/www.weddingportugal.com\/de\/wp-json\/wp\/v2\/pages\/4328"}],"wp:featuredmedia":[{"embeddable":true,"href":"https:\/\/www.weddingportugal.com\/de\/wp-json\/wp\/v2\/media\/2737"}],"wp:attachment":[{"href":"https:\/\/www.weddingportugal.com\/de\/wp-json\/wp\/v2\/media?parent=4450"}],"curies":[{"name":"wp","href":"https:\/\/api.w.org\/{rel}","templated":true}]}}