{"id":4299,"date":"2021-07-01T12:43:26","date_gmt":"2021-07-01T12:43:26","guid":{"rendered":"https:\/\/www.weddingportugal.com\/datenschutzerklaerung\/"},"modified":"2021-07-26T17:37:23","modified_gmt":"2021-07-26T17:37:23","slug":"datenschutzerklaerung","status":"publish","type":"page","link":"https:\/\/www.weddingportugal.com\/de\/datenschutzerklaerung\/","title":{"rendered":"Datenschutzerkl\u00e4rung"},"content":{"rendered":"\t\t<div data-elementor-type=\"wp-page\" data-elementor-id=\"4299\" class=\"elementor elementor-4299 elementor-3\" data-elementor-post-type=\"page\">\n\t\t\t\t\t\t<section class=\"elementor-section elementor-top-section elementor-element elementor-element-7f1f050a elementor-section-boxed elementor-section-height-default elementor-section-height-default\" data-id=\"7f1f050a\" data-element_type=\"section\" data-e-type=\"section\">\n\t\t\t\t\t\t<div class=\"elementor-container elementor-column-gap-default\">\n\t\t\t\t\t<div class=\"elementor-column elementor-col-100 elementor-top-column elementor-element elementor-element-6a97a9ea\" data-id=\"6a97a9ea\" data-element_type=\"column\" data-e-type=\"column\">\n\t\t\t<div class=\"elementor-widget-wrap elementor-element-populated\">\n\t\t\t\t\t\t<div class=\"elementor-element elementor-element-4bb2858 elementor-widget elementor-widget-text-editor\" data-id=\"4bb2858\" data-element_type=\"widget\" data-e-type=\"widget\" data-widget_type=\"text-editor.default\">\n\t\t\t\t<div class=\"elementor-widget-container\">\n\t\t\t\t\t\t\t\t\t<p>Gem\u00e4\u00df der Datenschutzgrundverordnung (DSGVO) informieren wir Sie als unseren Nutzer und Kunden \u00fcber Art, Umfang und Zweck der Verarbeitung Ihrer personenbezogenen Daten bei der Nutzung unserer Website unter &#8222;<a href=\"https:\/\/www.weddingportugal.com\">https:\/\/www.weddingportugal.com<\/a>&#8220; oder unserer Dienste. Personenbezogene Daten sind alle Informationen, die sich auf eine identifizierte oder identifizierbare nat\u00fcrliche Person beziehen.<\/p>\n<p><strong>PRIVATSPH\u00c4RE UND DATENSCHUTZ<\/strong><\/p>\n<p>Wir bei Wedding Portugal respektieren Ihre Privatsph\u00e4re und wissen das Vertrauen zu sch\u00e4tzen, das Sie uns entgegenbringen. In dieser Datenschutzerkl\u00e4rung lassen wir Sie wissen, wer wir sind, warum wir Ihre Daten ben\u00f6tigen, wie wir sie behandeln, mit wem wir sie teilen und wie lange wir sie aufbewahren. Schlie\u00dflich stellen wir Ihnen die M\u00f6glichkeiten vor, wie Sie mit uns in Kontakt treten und Ihre Rechte wahrnehmen k\u00f6nnen.<\/p>\n<p><strong>ERHEBUNG, VERARBEITUNG UND ZWECKBESTIMMUNG VON PERSONENBEZOGENEN DATEN<\/strong><\/p>\n<p>Diese Webseite geh\u00f6rt zu der Hochzeitsplanungsfirma Wedding Portugal.<\/p>\n<p>Wenn Sie die Dienstleistungen von Wedding Portugal f\u00fcr die Organisation Ihrer Veranstaltung und\/oder Hochzeit anfragen oder best\u00e4tigen, fragen wir Sie m\u00f6glicherweise nach Ihrem Namen, Ihrer Adresse, Ihrer Steuer- oder Passnummer, dem Ausstellungsdatum, dem Ablaufdatum, Ihrem Geburtsdatum, Ihrem Familienstand, Ihrer Nationalit\u00e4t, Ihrem Telefon, Ihrer E-Mail, Ihren Gesundheits- oder Ern\u00e4hrungseinschr\u00e4nkungen oder anderen Daten, die f\u00fcr die Planung, Organisation und Durchf\u00fchrung Ihrer Veranstaltung\/Hochzeit in Portugal erforderlich sind.<\/p>\n<p>Einige oder alle dieser Daten k\u00f6nnen an verschiedene Stellen weitergegeben werden, mit denen wir direkte oder indirekte vertragliche Beziehungen haben: insbesondere, aber nicht ausschlie\u00dflich, mit Hotels, Veranstaltungsorten, Restaurants, Dienstleistungsanbietern f\u00fcr Dekoration, Fotografie, Video, Make-up, Haare, Transport und \u00dcbersetzung, sowie mit K\u00fcstenwache, Seepolizei und Stadtverwaltungen f\u00fcr Strandhochzeiten und im Falle von standesamtlichen oder kirchlichen Trauungen, Standes\u00e4mtern, Notaren, Kirchenverwaltungen und anderen Partnern und\/oder Einrichtungen, die Dienstleistungen anbieten, die f\u00fcr die Organisation Ihrer Veranstaltung und\/oder Hochzeit in Portugal notwendig sind. Die Daten, die wir diesen Stellen zur Verf\u00fcgung stellen, sind das notwendige Minimum, um das gew\u00fcnschte Ergebnis zu erzielen.<\/p>\n<p>Daten k\u00f6nnen \u00fcber die Website von Wedding Portugal, Webformulare von Drittanbietern, per E-Mail, Telefon, soziale Kommunikations-Apps oder pers\u00f6nlichen Kontakt erhoben werden.<\/p>\n<p><strong>WIE LANGE WIR IHRE DATEN AUFBEWAHREN<\/strong><\/p>\n<p>Die Daten des Kundenkontos werden solange aufbewahrt, wie es gesetzlich vorgeschrieben ist oder wie es f\u00fcr die Erbringung der Dienstleistung erforderlich ist. Nach Beendigung des Vertragsverh\u00e4ltnisses kann Wedding Portugal die Daten f\u00fcr einen Zeitraum von 10 Jahren aufbewahren, um gesetzlichen Verpflichtungen, insbesondere buchhalterischen und steuerlichen Anforderungen, nachzukommen.<\/p>\n<p><strong>BEAUFTRAGUNG VON DRITTANBIETERN<\/strong><\/p>\n<p>Mit der Angabe Ihrer pers\u00f6nlichen Daten erkl\u00e4ren Sie, dass Sie die Verarbeitung Ihrer Daten durch Wedding Portugal und beauftragter Dienstleistungsanbieter in \u00dcbereinstimmung mit der Datenschutzgrundverordnung (DSGVO) genehmigen und zustimmen, und zwar in dem Umfang, der f\u00fcr die Buchung der vorgesehenen Dienstleistungen unbedingt erforderlich ist.<\/p>\n<p>Drittanbieter, die Ihre pers\u00f6nlichen Daten von uns erhalten, sind durch Ihre eigenen Datenschutzerkl\u00e4rungen an die Vorgaben der Datenschutzgrundverordnung gebunden.<\/p>\n<p>Wenn Sie mit den oben genannten Bedingungen nicht einverstanden sind, kann Wedding Portugal Ihrer Anfrage nicht nachkommen und folglich Ihre Hochzeit und\/oder Veranstaltung nicht organisieren.<\/p>\n<p><strong>KUNDENRECHTE<\/strong><\/p>\n<p>Wir garantieren Ihnen die Aus\u00fcbung Ihres Rechts auf Zugriff, Berichtigung, L\u00f6schung oder Widerspruch, wie es gesetzlich vorgesehen ist. Wenn Sie das Recht auf Zugriff, Berichtigung, L\u00f6schung oder Einschr\u00e4nkung Ihrer Daten aus\u00fcben m\u00f6chten, das Ihnen die DSGVO gew\u00e4hrt, senden Sie uns bitte eine Anfrage per E-Mail.<\/p>\n<p>Auf Anfrage informieren wir Sie gerne, mit welchen Stellen und Leistungsanbietern wir Ihre pers\u00f6nliche Daten geteilt haben und in welchem Umfang.<\/p>\n<p>Um Ihre Rechte gegen\u00fcber diesen Dritten geltend zu machen, wenden Sie sich bitte an diese.<\/p>\n<p><strong>\u00c4NDERUNGEN AN DER DATENSCHUTZERKL\u00c4RUNG<\/strong><\/p>\n<p>Wedding Portugal kann jederzeit \u00c4nderungen vornehmen, die als notwendig erachtet werden, um die Aktualisierung, Entwicklung und kontinuierliche Verbesserung dieser DSGVO zu gew\u00e4hrleisten und garantiert deren Online-Ver\u00f6ffentlichung, um die Transparenz zu wahren und unsere Kunden zu informieren. Die fortgesetzte Nutzung der Dienstleistungen des Unternehmens nach einer solchen Mitteilung erfordert Ihre Zustimmung.<\/p>\n<p><strong>BESCHWERDEN ODER ANREGUNGEN UND MELDUNG VON VORF\u00c4LLEN<\/strong><\/p>\n<p>Nutzer, Dienstleistungsempf\u00e4nger und Kunden von Wedding Portugal haben das Recht, sich bei den Aufsichtsbeh\u00f6rden in Portugal zu beschweren.<\/p>\n<p>F\u00fcr jegliche Kl\u00e4rung oder zus\u00e4tzliche Informationen sowie Anregungen oder zur Aus\u00fcbung Ihrer Rechte, die Ihnen durch diese DSGVO gew\u00e4hrt werden, kontaktieren Sie bitte die Gesch\u00e4ftsf\u00fchrung von Wedding Portugal per E-Mail: <a href=\"mailto:info@weddingportugal.com\">info@weddingportugal.com<\/a><\/p>\n<p><strong>UNSERE COOKIE-RICHTLINIEN<\/strong><\/p>\n<p>Wedding Portugal beabsichtigt, die Privatsph\u00e4re zu garantieren und zu sch\u00fctzen und seinen gesetzlichen Verpflichtungen nachzukommen. Unsere Datenschutz- und Cookies-Richtlinien spezifizieren die Behandlung aller pers\u00f6nlichen Informationen, die bei der Nutzung unserer Webseite angegeben werden. Sie beschreibt auch die Verwendung von Internet-Cookies und einige der Sicherheitsma\u00dfnahmen, die wir zum Schutz Ihrer Privatsph\u00e4re ergreifen.<\/p>\n<p><strong>COOKIES<\/strong><\/p>\n<p>Wir verwenden Cookies auf unserer Seite. Ein Cookie ist eine kleine Textdatei, die Ihren Computer gegen\u00fcber unserem Server identifiziert. Cookies selbst identifizieren nicht den einzelnen Benutzer, sondern nur den verwendeten Computer. Cookies werden nicht verwendet, um pers\u00f6nliche Informationen zu sammeln. Der Benutzer hat jederzeit die M\u00f6glichkeit, seinen Computer so zu konfigurieren, dass er alle Cookies akzeptiert, dass er benachrichtigt wird, wenn ein Cookie ausgegeben wird, oder dass er keine Cookies erh\u00e4lt. Die Art und Weise, wie Sie dies tun, h\u00e4ngt von dem von Ihnen verwendeten Browser (Webbrowser) ab. Bitte konsultieren Sie den Abschnitt &#8222;Hilfe&#8220; Ihres Browsers. Wenn Sie Cookies akzeptieren, k\u00f6nnen diese f\u00fcr viele Jahre auf Ihrem Computer verbleiben, sofern Sie sie nicht l\u00f6schen. Wenn Sie Cookies abschalten, kann die Nutzung von Websites im Allgemeinen eingeschr\u00e4nkt sein.<\/p>\n<p><strong>COOKIE-STEUERUNG<\/strong><\/p>\n<p>Webbrowser erm\u00f6glichen es Ihnen, \u00fcber die Browsereinstellungen eine gewisse Kontrolle \u00fcber die Cookies auszu\u00fcben. Die meisten Browser erm\u00f6glichen es Ihnen, Cookies zu blockieren oder Cookies von bestimmten Websites zu blockieren. Browser k\u00f6nnen Ihnen auch helfen, Cookies zu l\u00f6schen, wenn Sie den Browser schlie\u00dfen. Sie sollten jedoch beachten, dass dies bedeuten kann, dass alle Opt-Outs oder Einstellungen, die Sie auf der Website vorgenommen haben, verloren gehen. Um mehr \u00fcber Cookies zu erfahren, einschlie\u00dflich der Frage, wie Sie sehen k\u00f6nnen, welche Cookies gesetzt wurden, und wie Sie diese verwalten und l\u00f6schen k\u00f6nnen, besuchen Sie www.allaboutcookies.org. Dort finden Sie auch Informationen dar\u00fcber, wie Sie Ihre Einstellungen f\u00fcr die verschiedenen Browser-Anbieter verwalten k\u00f6nnen.<\/p>\n<p><strong>BROWSER-ADD-ON ZUR DEAKTIVIERUNG VON GOOGLE ANALYTICS<\/strong><\/p>\n<p>Wir verwenden Google Analytics auf unserer Website. Um den Besuchern mehr Wahlm\u00f6glichkeiten zu geben, wie ihre Daten von Google Analytics erfasst werden, hat Google das <a href=\"https:\/\/tools.google.com\/dlpage\/gaoptout?hl=de\">Browser-Add-on zur Deaktivierung von Google Analytics<\/a> entwickelt. Das Add-on kommuniziert mit dem Google Analytics JavaScript (ga.js), um anzuzeigen, dass solche Informationen \u00fcber den Besuch der Website nicht an Google Analytics gesendet werden d\u00fcrfen. Das Browser-Add-on zur Deaktivierung von Google Analytics verhindert nicht, dass Informationen an die Website selbst oder an andere Webanalysedienste gesendet werden. Wir m\u00f6gen nicht identifizierbare Informationen wie Browsertyp und Aufl\u00f6sung zu statistischen Zwecken verwenden.<\/p>\n<p><strong>ANERKENNUNG DIESER BEDINGUNGEN<\/strong><\/p>\n<p>Durch die Nutzung dieser Website erkl\u00e4ren Sie sich mit der Erfassung und Nutzung Ihrer Daten gem\u00e4\u00df dieser Cookie- und Datenschutzerkl\u00e4rung einverstanden. Wenn wir unsere Datenschutz- oder Cookie-Richtlinien in irgendeiner Weise \u00e4ndern, werden diese \u00c4nderungen auf dieser Seite ver\u00f6ffentlicht.<\/p>\n\t\t\t\t\t\t\t\t<\/div>\n\t\t\t\t<\/div>\n\t\t\t\t\t<\/div>\n\t\t<\/div>\n\t\t\t\t\t<\/div>\n\t\t<\/section>\n\t\t\t\t<\/div>\n\t\t","protected":false},"excerpt":{"rendered":"<p>Gem\u00e4\u00df der Datenschutzgrundverordnung (DSGVO) informieren wir Sie als unseren Nutzer und Kunden \u00fcber Art, Umfang und Zweck der Verarbeitung Ihrer personenbezogenen Daten bei der Nutzung unserer Website unter &#8222;https:\/\/www.weddingportugal.com&#8220; oder unserer Dienste. Personenbezogene Daten sind alle Informationen, die sich auf eine identifizierte oder identifizierbare nat\u00fcrliche Person beziehen. PRIVATSPH\u00c4RE UND DATENSCHUTZ Wir bei Wedding Portugal respektieren [&hellip;]<\/p>\n","protected":false},"author":1,"featured_media":0,"parent":0,"menu_order":8,"comment_status":"closed","ping_status":"open","template":"","meta":{"content-type":"","footnotes":""},"class_list":["post-4299","page","type-page","status-publish","hentry"],"yoast_head":"<!-- This site is optimized with the Yoast SEO plugin v27.2 - https:\/\/yoast.com\/product\/yoast-seo-wordpress\/ -->\n<title>Datenschutzerkl\u00e4rung - Wedding Portugal<\/title>\n<meta name=\"robots\" content=\"index, follow, max-snippet:-1, max-image-preview:large, max-video-preview:-1\" \/>\n<link rel=\"canonical\" href=\"https:\/\/www.weddingportugal.com\/de\/datenschutzerklaerung\/\" \/>\n<meta property=\"og:locale\" content=\"de_DE\" \/>\n<meta property=\"og:type\" content=\"article\" \/>\n<meta property=\"og:title\" content=\"Datenschutzerkl\u00e4rung - Wedding Portugal\" \/>\n<meta property=\"og:description\" content=\"Gem\u00e4\u00df der Datenschutzgrundverordnung (DSGVO) informieren wir Sie als unseren Nutzer und Kunden \u00fcber Art, Umfang und Zweck der Verarbeitung Ihrer personenbezogenen Daten bei der Nutzung unserer Website unter &#8222;https:\/\/www.weddingportugal.com&#8220; oder unserer Dienste. Personenbezogene Daten sind alle Informationen, die sich auf eine identifizierte oder identifizierbare nat\u00fcrliche Person beziehen. PRIVATSPH\u00c4RE UND DATENSCHUTZ Wir bei Wedding Portugal respektieren [&hellip;]\" \/>\n<meta property=\"og:url\" content=\"https:\/\/www.weddingportugal.com\/de\/datenschutzerklaerung\/\" \/>\n<meta property=\"og:site_name\" content=\"Wedding Portugal\" \/>\n<meta property=\"article:modified_time\" content=\"2021-07-26T17:37:23+00:00\" \/>\n<meta name=\"twitter:card\" content=\"summary_large_image\" \/>\n<meta name=\"twitter:label1\" content=\"Gesch\u00e4tzte Lesezeit\" \/>\n\t<meta name=\"twitter:data1\" content=\"6\u00a0Minuten\" \/>\n<script type=\"application\/ld+json\" class=\"yoast-schema-graph\">{\"@context\":\"https:\/\/schema.org\",\"@graph\":[{\"@type\":\"WebPage\",\"@id\":\"https:\/\/www.weddingportugal.com\/de\/datenschutzerklaerung\/\",\"url\":\"https:\/\/www.weddingportugal.com\/de\/datenschutzerklaerung\/\",\"name\":\"Datenschutzerkl\u00e4rung - Wedding Portugal\",\"isPartOf\":{\"@id\":\"https:\/\/www.weddingportugal.com\/de\/#website\"},\"datePublished\":\"2021-07-01T12:43:26+00:00\",\"dateModified\":\"2021-07-26T17:37:23+00:00\",\"breadcrumb\":{\"@id\":\"https:\/\/www.weddingportugal.com\/de\/datenschutzerklaerung\/#breadcrumb\"},\"inLanguage\":\"de\",\"potentialAction\":[{\"@type\":\"ReadAction\",\"target\":[\"https:\/\/www.weddingportugal.com\/de\/datenschutzerklaerung\/\"]}]},{\"@type\":\"BreadcrumbList\",\"@id\":\"https:\/\/www.weddingportugal.com\/de\/datenschutzerklaerung\/#breadcrumb\",\"itemListElement\":[{\"@type\":\"ListItem\",\"position\":1,\"name\":\"Home\",\"item\":\"https:\/\/www.weddingportugal.com\/de\/\"},{\"@type\":\"ListItem\",\"position\":2,\"name\":\"Datenschutzerkl\u00e4rung\"}]},{\"@type\":\"WebSite\",\"@id\":\"https:\/\/www.weddingportugal.com\/de\/#website\",\"url\":\"https:\/\/www.weddingportugal.com\/de\/\",\"name\":\"Wedding Portugal\",\"description\":\"We tell you why you should get your weeding in Portugal\",\"publisher\":{\"@id\":\"https:\/\/www.weddingportugal.com\/de\/#organization\"},\"potentialAction\":[{\"@type\":\"SearchAction\",\"target\":{\"@type\":\"EntryPoint\",\"urlTemplate\":\"https:\/\/www.weddingportugal.com\/de\/?s={search_term_string}\"},\"query-input\":{\"@type\":\"PropertyValueSpecification\",\"valueRequired\":true,\"valueName\":\"search_term_string\"}}],\"inLanguage\":\"de\"},{\"@type\":\"Organization\",\"@id\":\"https:\/\/www.weddingportugal.com\/de\/#organization\",\"name\":\"Wedding Portugal\",\"url\":\"https:\/\/www.weddingportugal.com\/de\/\",\"logo\":{\"@type\":\"ImageObject\",\"inLanguage\":\"de\",\"@id\":\"https:\/\/www.weddingportugal.com\/de\/#\/schema\/logo\/image\/\",\"url\":\"https:\/\/www.weddingportugal.com\/wp-content\/uploads\/2020\/02\/cropped-logo-WeddingPortugal.png\",\"contentUrl\":\"https:\/\/www.weddingportugal.com\/wp-content\/uploads\/2020\/02\/cropped-logo-WeddingPortugal.png\",\"width\":523,\"height\":89,\"caption\":\"Wedding Portugal\"},\"image\":{\"@id\":\"https:\/\/www.weddingportugal.com\/de\/#\/schema\/logo\/image\/\"}}]}<\/script>\n<!-- \/ Yoast SEO plugin. -->","yoast_head_json":{"title":"Datenschutzerkl\u00e4rung - Wedding Portugal","robots":{"index":"index","follow":"follow","max-snippet":"max-snippet:-1","max-image-preview":"max-image-preview:large","max-video-preview":"max-video-preview:-1"},"canonical":"https:\/\/www.weddingportugal.com\/de\/datenschutzerklaerung\/","og_locale":"de_DE","og_type":"article","og_title":"Datenschutzerkl\u00e4rung - Wedding Portugal","og_description":"Gem\u00e4\u00df der Datenschutzgrundverordnung (DSGVO) informieren wir Sie als unseren Nutzer und Kunden \u00fcber Art, Umfang und Zweck der Verarbeitung Ihrer personenbezogenen Daten bei der Nutzung unserer Website unter &#8222;https:\/\/www.weddingportugal.com&#8220; oder unserer Dienste. Personenbezogene Daten sind alle Informationen, die sich auf eine identifizierte oder identifizierbare nat\u00fcrliche Person beziehen. PRIVATSPH\u00c4RE UND DATENSCHUTZ Wir bei Wedding Portugal respektieren [&hellip;]","og_url":"https:\/\/www.weddingportugal.com\/de\/datenschutzerklaerung\/","og_site_name":"Wedding Portugal","article_modified_time":"2021-07-26T17:37:23+00:00","twitter_card":"summary_large_image","twitter_misc":{"Gesch\u00e4tzte Lesezeit":"6\u00a0Minuten"},"schema":{"@context":"https:\/\/schema.org","@graph":[{"@type":"WebPage","@id":"https:\/\/www.weddingportugal.com\/de\/datenschutzerklaerung\/","url":"https:\/\/www.weddingportugal.com\/de\/datenschutzerklaerung\/","name":"Datenschutzerkl\u00e4rung - Wedding Portugal","isPartOf":{"@id":"https:\/\/www.weddingportugal.com\/de\/#website"},"datePublished":"2021-07-01T12:43:26+00:00","dateModified":"2021-07-26T17:37:23+00:00","breadcrumb":{"@id":"https:\/\/www.weddingportugal.com\/de\/datenschutzerklaerung\/#breadcrumb"},"inLanguage":"de","potentialAction":[{"@type":"ReadAction","target":["https:\/\/www.weddingportugal.com\/de\/datenschutzerklaerung\/"]}]},{"@type":"BreadcrumbList","@id":"https:\/\/www.weddingportugal.com\/de\/datenschutzerklaerung\/#breadcrumb","itemListElement":[{"@type":"ListItem","position":1,"name":"Home","item":"https:\/\/www.weddingportugal.com\/de\/"},{"@type":"ListItem","position":2,"name":"Datenschutzerkl\u00e4rung"}]},{"@type":"WebSite","@id":"https:\/\/www.weddingportugal.com\/de\/#website","url":"https:\/\/www.weddingportugal.com\/de\/","name":"Wedding Portugal","description":"We tell you why you should get your weeding in Portugal","publisher":{"@id":"https:\/\/www.weddingportugal.com\/de\/#organization"},"potentialAction":[{"@type":"SearchAction","target":{"@type":"EntryPoint","urlTemplate":"https:\/\/www.weddingportugal.com\/de\/?s={search_term_string}"},"query-input":{"@type":"PropertyValueSpecification","valueRequired":true,"valueName":"search_term_string"}}],"inLanguage":"de"},{"@type":"Organization","@id":"https:\/\/www.weddingportugal.com\/de\/#organization","name":"Wedding Portugal","url":"https:\/\/www.weddingportugal.com\/de\/","logo":{"@type":"ImageObject","inLanguage":"de","@id":"https:\/\/www.weddingportugal.com\/de\/#\/schema\/logo\/image\/","url":"https:\/\/www.weddingportugal.com\/wp-content\/uploads\/2020\/02\/cropped-logo-WeddingPortugal.png","contentUrl":"https:\/\/www.weddingportugal.com\/wp-content\/uploads\/2020\/02\/cropped-logo-WeddingPortugal.png","width":523,"height":89,"caption":"Wedding Portugal"},"image":{"@id":"https:\/\/www.weddingportugal.com\/de\/#\/schema\/logo\/image\/"}}]}},"_links":{"self":[{"href":"https:\/\/www.weddingportugal.com\/de\/wp-json\/wp\/v2\/pages\/4299","targetHints":{"allow":["GET"]}}],"collection":[{"href":"https:\/\/www.weddingportugal.com\/de\/wp-json\/wp\/v2\/pages"}],"about":[{"href":"https:\/\/www.weddingportugal.com\/de\/wp-json\/wp\/v2\/types\/page"}],"author":[{"embeddable":true,"href":"https:\/\/www.weddingportugal.com\/de\/wp-json\/wp\/v2\/users\/1"}],"replies":[{"embeddable":true,"href":"https:\/\/www.weddingportugal.com\/de\/wp-json\/wp\/v2\/comments?post=4299"}],"version-history":[{"count":10,"href":"https:\/\/www.weddingportugal.com\/de\/wp-json\/wp\/v2\/pages\/4299\/revisions"}],"predecessor-version":[{"id":4817,"href":"https:\/\/www.weddingportugal.com\/de\/wp-json\/wp\/v2\/pages\/4299\/revisions\/4817"}],"wp:attachment":[{"href":"https:\/\/www.weddingportugal.com\/de\/wp-json\/wp\/v2\/media?parent=4299"}],"curies":[{"name":"wp","href":"https:\/\/api.w.org\/{rel}","templated":true}]}}