{"id":4297,"date":"2021-07-01T12:31:06","date_gmt":"2021-07-01T12:31:06","guid":{"rendered":"https:\/\/www.weddingportugal.com\/urheberrechte\/"},"modified":"2021-07-26T17:37:23","modified_gmt":"2021-07-26T17:37:23","slug":"urheberrechte","status":"publish","type":"page","link":"https:\/\/www.weddingportugal.com\/de\/urheberrechte\/","title":{"rendered":"Urheberrechte"},"content":{"rendered":"\t\t<div data-elementor-type=\"wp-page\" data-elementor-id=\"4297\" class=\"elementor elementor-4297 elementor-87\" data-elementor-post-type=\"page\">\n\t\t\t\t\t\t<section class=\"elementor-section elementor-top-section elementor-element elementor-element-7688fe17 elementor-section-boxed elementor-section-height-default elementor-section-height-default\" data-id=\"7688fe17\" data-element_type=\"section\" data-e-type=\"section\">\n\t\t\t\t\t\t<div class=\"elementor-container elementor-column-gap-default\">\n\t\t\t\t\t<div class=\"elementor-column elementor-col-100 elementor-top-column elementor-element elementor-element-65ae6eb0\" data-id=\"65ae6eb0\" data-element_type=\"column\" data-e-type=\"column\">\n\t\t\t<div class=\"elementor-widget-wrap elementor-element-populated\">\n\t\t\t\t\t\t<div class=\"elementor-element elementor-element-42995a12 elementor-widget elementor-widget-text-editor\" data-id=\"42995a12\" data-element_type=\"widget\" data-e-type=\"widget\" data-widget_type=\"text-editor.default\">\n\t\t\t\t<div class=\"elementor-widget-container\">\n\t\t\t\t\t\t\t\t\t<p>Die Inhalte dieser Website dienen der allgemeinen Information und stellen keine Erbringung von Dienstleistungen dar. Wedding Portugal haftet nicht f\u00fcr Sch\u00e4den, die aus der Nutzung der Informationen auf dieser Website entstanden sein k\u00f6nnten. Diese Seite hat rein informativen Charakter.<\/p>\n<p>Wedding Portugal gestattet das Herunterladen und die vor\u00fcbergehende Speicherung der Inhalte dieser Website zur Betrachtung auf einem pers\u00f6nlichen Computer oder Monitor. Die Vervielf\u00e4ltigung, dauerhafte Speicherung oder Weitergabe dieser Website ist ohne vorherige schriftliche Genehmigung von Wedding Portugal ausdr\u00fccklich untersagt. Alle Rechte an dieser Website sind das exklusive Eigentum von Wedding Portugal.<\/p>\n\t\t\t\t\t\t\t\t<\/div>\n\t\t\t\t<\/div>\n\t\t\t\t\t<\/div>\n\t\t<\/div>\n\t\t\t\t\t<\/div>\n\t\t<\/section>\n\t\t\t\t<\/div>\n\t\t","protected":false},"excerpt":{"rendered":"<p>Die Inhalte dieser Website dienen der allgemeinen Information und stellen keine Erbringung von Dienstleistungen dar. Wedding Portugal haftet nicht f\u00fcr Sch\u00e4den, die aus der Nutzung der Informationen auf dieser Website entstanden sein k\u00f6nnten. Diese Seite hat rein informativen Charakter. Wedding Portugal gestattet das Herunterladen und die vor\u00fcbergehende Speicherung der Inhalte dieser Website zur Betrachtung auf [&hellip;]<\/p>\n","protected":false},"author":1,"featured_media":0,"parent":0,"menu_order":10,"comment_status":"closed","ping_status":"closed","template":"","meta":{"content-type":"","footnotes":""},"class_list":["post-4297","page","type-page","status-publish","hentry"],"yoast_head":"<!-- This site is optimized with the Yoast SEO plugin v27.2 - https:\/\/yoast.com\/product\/yoast-seo-wordpress\/ -->\n<title>Urheberrechte - Wedding Portugal<\/title>\n<meta name=\"robots\" content=\"index, follow, max-snippet:-1, max-image-preview:large, max-video-preview:-1\" \/>\n<link rel=\"canonical\" href=\"https:\/\/www.weddingportugal.com\/de\/urheberrechte\/\" \/>\n<meta property=\"og:locale\" content=\"de_DE\" \/>\n<meta property=\"og:type\" content=\"article\" \/>\n<meta property=\"og:title\" content=\"Urheberrechte - Wedding Portugal\" \/>\n<meta property=\"og:description\" content=\"Die Inhalte dieser Website dienen der allgemeinen Information und stellen keine Erbringung von Dienstleistungen dar. Wedding Portugal haftet nicht f\u00fcr Sch\u00e4den, die aus der Nutzung der Informationen auf dieser Website entstanden sein k\u00f6nnten. Diese Seite hat rein informativen Charakter. Wedding Portugal gestattet das Herunterladen und die vor\u00fcbergehende Speicherung der Inhalte dieser Website zur Betrachtung auf [&hellip;]\" \/>\n<meta property=\"og:url\" content=\"https:\/\/www.weddingportugal.com\/de\/urheberrechte\/\" \/>\n<meta property=\"og:site_name\" content=\"Wedding Portugal\" \/>\n<meta property=\"article:modified_time\" content=\"2021-07-26T17:37:23+00:00\" \/>\n<meta name=\"twitter:card\" content=\"summary_large_image\" \/>\n<script type=\"application\/ld+json\" class=\"yoast-schema-graph\">{\"@context\":\"https:\/\/schema.org\",\"@graph\":[{\"@type\":\"WebPage\",\"@id\":\"https:\/\/www.weddingportugal.com\/de\/urheberrechte\/\",\"url\":\"https:\/\/www.weddingportugal.com\/de\/urheberrechte\/\",\"name\":\"Urheberrechte - Wedding Portugal\",\"isPartOf\":{\"@id\":\"https:\/\/www.weddingportugal.com\/de\/#website\"},\"datePublished\":\"2021-07-01T12:31:06+00:00\",\"dateModified\":\"2021-07-26T17:37:23+00:00\",\"breadcrumb\":{\"@id\":\"https:\/\/www.weddingportugal.com\/de\/urheberrechte\/#breadcrumb\"},\"inLanguage\":\"de\",\"potentialAction\":[{\"@type\":\"ReadAction\",\"target\":[\"https:\/\/www.weddingportugal.com\/de\/urheberrechte\/\"]}]},{\"@type\":\"BreadcrumbList\",\"@id\":\"https:\/\/www.weddingportugal.com\/de\/urheberrechte\/#breadcrumb\",\"itemListElement\":[{\"@type\":\"ListItem\",\"position\":1,\"name\":\"Home\",\"item\":\"https:\/\/www.weddingportugal.com\/de\/\"},{\"@type\":\"ListItem\",\"position\":2,\"name\":\"Urheberrechte\"}]},{\"@type\":\"WebSite\",\"@id\":\"https:\/\/www.weddingportugal.com\/de\/#website\",\"url\":\"https:\/\/www.weddingportugal.com\/de\/\",\"name\":\"Wedding Portugal\",\"description\":\"We tell you why you should get your weeding in Portugal\",\"publisher\":{\"@id\":\"https:\/\/www.weddingportugal.com\/de\/#organization\"},\"potentialAction\":[{\"@type\":\"SearchAction\",\"target\":{\"@type\":\"EntryPoint\",\"urlTemplate\":\"https:\/\/www.weddingportugal.com\/de\/?s={search_term_string}\"},\"query-input\":{\"@type\":\"PropertyValueSpecification\",\"valueRequired\":true,\"valueName\":\"search_term_string\"}}],\"inLanguage\":\"de\"},{\"@type\":\"Organization\",\"@id\":\"https:\/\/www.weddingportugal.com\/de\/#organization\",\"name\":\"Wedding Portugal\",\"url\":\"https:\/\/www.weddingportugal.com\/de\/\",\"logo\":{\"@type\":\"ImageObject\",\"inLanguage\":\"de\",\"@id\":\"https:\/\/www.weddingportugal.com\/de\/#\/schema\/logo\/image\/\",\"url\":\"https:\/\/www.weddingportugal.com\/wp-content\/uploads\/2020\/02\/cropped-logo-WeddingPortugal.png\",\"contentUrl\":\"https:\/\/www.weddingportugal.com\/wp-content\/uploads\/2020\/02\/cropped-logo-WeddingPortugal.png\",\"width\":523,\"height\":89,\"caption\":\"Wedding Portugal\"},\"image\":{\"@id\":\"https:\/\/www.weddingportugal.com\/de\/#\/schema\/logo\/image\/\"}}]}<\/script>\n<!-- \/ Yoast SEO plugin. -->","yoast_head_json":{"title":"Urheberrechte - Wedding Portugal","robots":{"index":"index","follow":"follow","max-snippet":"max-snippet:-1","max-image-preview":"max-image-preview:large","max-video-preview":"max-video-preview:-1"},"canonical":"https:\/\/www.weddingportugal.com\/de\/urheberrechte\/","og_locale":"de_DE","og_type":"article","og_title":"Urheberrechte - Wedding Portugal","og_description":"Die Inhalte dieser Website dienen der allgemeinen Information und stellen keine Erbringung von Dienstleistungen dar. Wedding Portugal haftet nicht f\u00fcr Sch\u00e4den, die aus der Nutzung der Informationen auf dieser Website entstanden sein k\u00f6nnten. Diese Seite hat rein informativen Charakter. Wedding Portugal gestattet das Herunterladen und die vor\u00fcbergehende Speicherung der Inhalte dieser Website zur Betrachtung auf [&hellip;]","og_url":"https:\/\/www.weddingportugal.com\/de\/urheberrechte\/","og_site_name":"Wedding Portugal","article_modified_time":"2021-07-26T17:37:23+00:00","twitter_card":"summary_large_image","schema":{"@context":"https:\/\/schema.org","@graph":[{"@type":"WebPage","@id":"https:\/\/www.weddingportugal.com\/de\/urheberrechte\/","url":"https:\/\/www.weddingportugal.com\/de\/urheberrechte\/","name":"Urheberrechte - Wedding Portugal","isPartOf":{"@id":"https:\/\/www.weddingportugal.com\/de\/#website"},"datePublished":"2021-07-01T12:31:06+00:00","dateModified":"2021-07-26T17:37:23+00:00","breadcrumb":{"@id":"https:\/\/www.weddingportugal.com\/de\/urheberrechte\/#breadcrumb"},"inLanguage":"de","potentialAction":[{"@type":"ReadAction","target":["https:\/\/www.weddingportugal.com\/de\/urheberrechte\/"]}]},{"@type":"BreadcrumbList","@id":"https:\/\/www.weddingportugal.com\/de\/urheberrechte\/#breadcrumb","itemListElement":[{"@type":"ListItem","position":1,"name":"Home","item":"https:\/\/www.weddingportugal.com\/de\/"},{"@type":"ListItem","position":2,"name":"Urheberrechte"}]},{"@type":"WebSite","@id":"https:\/\/www.weddingportugal.com\/de\/#website","url":"https:\/\/www.weddingportugal.com\/de\/","name":"Wedding Portugal","description":"We tell you why you should get your weeding in Portugal","publisher":{"@id":"https:\/\/www.weddingportugal.com\/de\/#organization"},"potentialAction":[{"@type":"SearchAction","target":{"@type":"EntryPoint","urlTemplate":"https:\/\/www.weddingportugal.com\/de\/?s={search_term_string}"},"query-input":{"@type":"PropertyValueSpecification","valueRequired":true,"valueName":"search_term_string"}}],"inLanguage":"de"},{"@type":"Organization","@id":"https:\/\/www.weddingportugal.com\/de\/#organization","name":"Wedding Portugal","url":"https:\/\/www.weddingportugal.com\/de\/","logo":{"@type":"ImageObject","inLanguage":"de","@id":"https:\/\/www.weddingportugal.com\/de\/#\/schema\/logo\/image\/","url":"https:\/\/www.weddingportugal.com\/wp-content\/uploads\/2020\/02\/cropped-logo-WeddingPortugal.png","contentUrl":"https:\/\/www.weddingportugal.com\/wp-content\/uploads\/2020\/02\/cropped-logo-WeddingPortugal.png","width":523,"height":89,"caption":"Wedding Portugal"},"image":{"@id":"https:\/\/www.weddingportugal.com\/de\/#\/schema\/logo\/image\/"}}]}},"_links":{"self":[{"href":"https:\/\/www.weddingportugal.com\/de\/wp-json\/wp\/v2\/pages\/4297","targetHints":{"allow":["GET"]}}],"collection":[{"href":"https:\/\/www.weddingportugal.com\/de\/wp-json\/wp\/v2\/pages"}],"about":[{"href":"https:\/\/www.weddingportugal.com\/de\/wp-json\/wp\/v2\/types\/page"}],"author":[{"embeddable":true,"href":"https:\/\/www.weddingportugal.com\/de\/wp-json\/wp\/v2\/users\/1"}],"replies":[{"embeddable":true,"href":"https:\/\/www.weddingportugal.com\/de\/wp-json\/wp\/v2\/comments?post=4297"}],"version-history":[{"count":1,"href":"https:\/\/www.weddingportugal.com\/de\/wp-json\/wp\/v2\/pages\/4297\/revisions"}],"predecessor-version":[{"id":4298,"href":"https:\/\/www.weddingportugal.com\/de\/wp-json\/wp\/v2\/pages\/4297\/revisions\/4298"}],"wp:attachment":[{"href":"https:\/\/www.weddingportugal.com\/de\/wp-json\/wp\/v2\/media?parent=4297"}],"curies":[{"name":"wp","href":"https:\/\/api.w.org\/{rel}","templated":true}]}}