{"id":4231,"date":"2021-06-30T10:16:06","date_gmt":"2021-06-30T10:16:06","guid":{"rendered":"https:\/\/www.weddingportugal.com\/de-wedding-packages\/kleine-hochzeitspakete-fuer-symbolische-hochzeiten\/"},"modified":"2021-07-26T17:37:43","modified_gmt":"2021-07-26T17:37:43","slug":"kleine-hochzeitspakete-fuer-symbolische-hochzeiten","status":"publish","type":"page","link":"https:\/\/www.weddingportugal.com\/de\/de-wedding-packages\/kleine-hochzeitspakete-fuer-symbolische-hochzeiten\/","title":{"rendered":"Kleine Hochzeitspakete f\u00fcr Symbolische Hochzeiten"},"content":{"rendered":"\t\t<div data-elementor-type=\"wp-page\" data-elementor-id=\"4231\" class=\"elementor elementor-4231 elementor-3347\" data-elementor-post-type=\"page\">\n\t\t\t\t\t\t<section class=\"elementor-section elementor-top-section elementor-element elementor-element-6e6e060 elementor-section-boxed elementor-section-height-default elementor-section-height-default\" data-id=\"6e6e060\" data-element_type=\"section\" data-e-type=\"section\">\n\t\t\t\t\t\t<div class=\"elementor-container elementor-column-gap-default\">\n\t\t\t\t\t<div class=\"elementor-column elementor-col-50 elementor-top-column elementor-element elementor-element-8499dd4\" data-id=\"8499dd4\" data-element_type=\"column\" data-e-type=\"column\">\n\t\t\t<div class=\"elementor-widget-wrap elementor-element-populated\">\n\t\t\t\t\t\t<div class=\"elementor-element elementor-element-fb11b7a elementor-widget elementor-widget-heading\" data-id=\"fb11b7a\" data-element_type=\"widget\" data-e-type=\"widget\" data-widget_type=\"heading.default\">\n\t\t\t\t<div class=\"elementor-widget-container\">\n\t\t\t\t\t<h2 class=\"elementor-heading-title elementor-size-default\">Kann ein Hochzeitspaket genau die richtige L\u00f6sung f\u00fcr Sie sein<\/h2>\t\t\t\t<\/div>\n\t\t\t\t<\/div>\n\t\t\t\t\t<\/div>\n\t\t<\/div>\n\t\t\t\t<div class=\"elementor-column elementor-col-50 elementor-top-column elementor-element elementor-element-d82f50f\" data-id=\"d82f50f\" data-element_type=\"column\" data-e-type=\"column\">\n\t\t\t<div class=\"elementor-widget-wrap elementor-element-populated\">\n\t\t\t\t\t\t<div class=\"elementor-element elementor-element-cd85b36 elementor-widget elementor-widget-text-editor\" data-id=\"cd85b36\" data-element_type=\"widget\" data-e-type=\"widget\" data-widget_type=\"text-editor.default\">\n\t\t\t\t<div class=\"elementor-widget-container\">\n\t\t\t\t\t\t\t\t\t<p>Wenn Ihnen der Gedanke f\u00fcr eine Hochzeitsplanung Kopfschmerzen zubereitet und Sie diese lieber von Anfang bis Ende in sicheren H\u00e4nden, von erfahrenen Hochzeitsplanern, \u00fcbergeben m\u00f6chten,<a href=\"http:\/\/www.weddingportugal.com\/de\/de-wedding-packages\/kleine-hochzeitspakete-strandhochzeiten\/\"> kann ein Hochzeitspaket genau die richtige L\u00f6sung f\u00fcr Sie sein<\/a>.<\/p>\n<p>Es ist ein einfacher und effizienter Weg Ihre Hochzeit zu planen. Mit einem Hochzeitsplaner, der die ganze Planung f\u00fcr Sie erledigt. Alles was Sie tun m\u00fcssen, ist Ihre Verlobung zu genie\u00dfen und Ihre Energie f\u00fcr Ihren besonderen Tag zu sparen!<\/p>\n<p>Von dem Moment an, in dem Sie uns als Ihren Hochzeitsplaner w\u00e4hlen, bis zum Tag Ihrer Hochzeit, k\u00f6nnen Sie sicher sein, dass jedes Detail Ihrer Hochzeit von einem Team erfahrener Hochzeitsplaner \u00fcberwacht wird. Unsere Hochzeitsplaner werden alle Lieferanten vermitteln, um die besten Dienstleistungen f\u00fcr Sie sicherzustellen, so dass Ihre Hochzeit, hier in Portugal, ein voller Erfolg wird. Aus diesem Grund und mit diesem Ziel, ein optimales Ergebnis zu garantieren, haben wir einige Hochzeitspakete zusammengestellt.<\/p>\n<p>Egal, ob Sie Ihren Hochzeitstag feiern oder Ihr Ehegel\u00fcbde erneuern, unsere Pakete wurden mit allem ausgestattet, was Sie brauchen, um Ihren besonderen Tag entspannt und bezaubernd zu gestalten. Unsere Pakete schaffen die perfekte Umgebung f\u00fcr intime Momente, die Sie mit Ihren Liebsten auf Ihrem Weg zum Ehepaar teilen k\u00f6nnen, sei es mit einer Handvoll enger Familienangeh\u00f6riger oder Freunde oder nur Sie beide.<\/p>\n\t\t\t\t\t\t\t\t<\/div>\n\t\t\t\t<\/div>\n\t\t\t\t\t<\/div>\n\t\t<\/div>\n\t\t\t\t\t<\/div>\n\t\t<\/section>\n\t\t\t\t<section class=\"elementor-section elementor-top-section elementor-element elementor-element-b66c6c9 elementor-section-boxed elementor-section-height-default elementor-section-height-default\" data-id=\"b66c6c9\" data-element_type=\"section\" data-e-type=\"section\">\n\t\t\t\t\t\t<div class=\"elementor-container elementor-column-gap-default\">\n\t\t\t\t\t<div class=\"elementor-column elementor-col-100 elementor-top-column elementor-element elementor-element-b6fca77\" data-id=\"b6fca77\" data-element_type=\"column\" data-e-type=\"column\">\n\t\t\t<div class=\"elementor-widget-wrap elementor-element-populated\">\n\t\t\t\t\t\t<div class=\"elementor-element elementor-element-343adcb elementor-widget elementor-widget-image\" data-id=\"343adcb\" data-element_type=\"widget\" data-e-type=\"widget\" data-widget_type=\"image.default\">\n\t\t\t\t<div class=\"elementor-widget-container\">\n\t\t\t\t\t\t\t\t\t\t\t\t\t\t\t<img fetchpriority=\"high\" decoding=\"async\" width=\"1120\" height=\"450\" src=\"https:\/\/www.weddingportugal.com\/wp-content\/uploads\/2021\/06\/Cat-Elopement-Packages.jpg\" class=\"attachment-full size-full wp-image-4076\" alt=\"\" srcset=\"https:\/\/www.weddingportugal.com\/wp-content\/uploads\/2021\/06\/Cat-Elopement-Packages.jpg 1120w, https:\/\/www.weddingportugal.com\/wp-content\/uploads\/2021\/06\/Cat-Elopement-Packages-300x121.jpg 300w, https:\/\/www.weddingportugal.com\/wp-content\/uploads\/2021\/06\/Cat-Elopement-Packages-1024x411.jpg 1024w, https:\/\/www.weddingportugal.com\/wp-content\/uploads\/2021\/06\/Cat-Elopement-Packages-768x309.jpg 768w\" sizes=\"(max-width: 1120px) 100vw, 1120px\" \/>\t\t\t\t\t\t\t\t\t\t\t\t\t\t\t<\/div>\n\t\t\t\t<\/div>\n\t\t\t\t\t<\/div>\n\t\t<\/div>\n\t\t\t\t\t<\/div>\n\t\t<\/section>\n\t\t\t\t<\/div>\n\t\t","protected":false},"excerpt":{"rendered":"<p>Kann ein Hochzeitspaket genau die richtige L\u00f6sung f\u00fcr Sie sein Wenn Ihnen der Gedanke f\u00fcr eine Hochzeitsplanung Kopfschmerzen zubereitet und Sie diese lieber von Anfang bis Ende in sicheren H\u00e4nden, von erfahrenen Hochzeitsplanern, \u00fcbergeben m\u00f6chten, kann ein Hochzeitspaket genau die richtige L\u00f6sung f\u00fcr Sie sein. Es ist ein einfacher und effizienter Weg Ihre Hochzeit zu [&hellip;]<\/p>\n","protected":false},"author":1,"featured_media":0,"parent":4194,"menu_order":46,"comment_status":"closed","ping_status":"closed","template":"","meta":{"content-type":"","footnotes":""},"class_list":["post-4231","page","type-page","status-publish","hentry"],"yoast_head":"<!-- This site is optimized with the Yoast SEO plugin v27.2 - https:\/\/yoast.com\/product\/yoast-seo-wordpress\/ -->\n<title>Kleine Hochzeitspakete f\u00fcr Symbolische Hochzeiten - Wedding Portugal<\/title>\n<meta name=\"robots\" content=\"index, follow, max-snippet:-1, max-image-preview:large, max-video-preview:-1\" \/>\n<link rel=\"canonical\" href=\"https:\/\/www.weddingportugal.com\/de\/de-wedding-packages\/kleine-hochzeitspakete-fuer-symbolische-hochzeiten\/\" \/>\n<meta property=\"og:locale\" content=\"de_DE\" \/>\n<meta property=\"og:type\" content=\"article\" \/>\n<meta property=\"og:title\" content=\"Kleine Hochzeitspakete f\u00fcr Symbolische Hochzeiten - Wedding Portugal\" \/>\n<meta property=\"og:description\" content=\"Kann ein Hochzeitspaket genau die richtige L\u00f6sung f\u00fcr Sie sein Wenn Ihnen der Gedanke f\u00fcr eine Hochzeitsplanung Kopfschmerzen zubereitet und Sie diese lieber von Anfang bis Ende in sicheren H\u00e4nden, von erfahrenen Hochzeitsplanern, \u00fcbergeben m\u00f6chten, kann ein Hochzeitspaket genau die richtige L\u00f6sung f\u00fcr Sie sein. Es ist ein einfacher und effizienter Weg Ihre Hochzeit zu [&hellip;]\" \/>\n<meta property=\"og:url\" content=\"https:\/\/www.weddingportugal.com\/de\/de-wedding-packages\/kleine-hochzeitspakete-fuer-symbolische-hochzeiten\/\" \/>\n<meta property=\"og:site_name\" content=\"Wedding Portugal\" \/>\n<meta property=\"article:modified_time\" content=\"2021-07-26T17:37:43+00:00\" \/>\n<meta property=\"og:image\" content=\"https:\/\/www.weddingportugal.com\/wp-content\/uploads\/2021\/06\/Cat-Elopement-Packages.jpg\" \/>\n<meta name=\"twitter:card\" content=\"summary_large_image\" \/>\n<meta name=\"twitter:label1\" content=\"Gesch\u00e4tzte Lesezeit\" \/>\n\t<meta name=\"twitter:data1\" content=\"1\u00a0Minute\" \/>\n<script type=\"application\/ld+json\" class=\"yoast-schema-graph\">{\"@context\":\"https:\/\/schema.org\",\"@graph\":[{\"@type\":\"WebPage\",\"@id\":\"https:\/\/www.weddingportugal.com\/de\/de-wedding-packages\/kleine-hochzeitspakete-fuer-symbolische-hochzeiten\/\",\"url\":\"https:\/\/www.weddingportugal.com\/de\/de-wedding-packages\/kleine-hochzeitspakete-fuer-symbolische-hochzeiten\/\",\"name\":\"Kleine Hochzeitspakete f\u00fcr Symbolische Hochzeiten - Wedding Portugal\",\"isPartOf\":{\"@id\":\"https:\/\/www.weddingportugal.com\/de\/#website\"},\"primaryImageOfPage\":{\"@id\":\"https:\/\/www.weddingportugal.com\/de\/de-wedding-packages\/kleine-hochzeitspakete-fuer-symbolische-hochzeiten\/#primaryimage\"},\"image\":{\"@id\":\"https:\/\/www.weddingportugal.com\/de\/de-wedding-packages\/kleine-hochzeitspakete-fuer-symbolische-hochzeiten\/#primaryimage\"},\"thumbnailUrl\":\"https:\/\/www.weddingportugal.com\/wp-content\/uploads\/2021\/06\/Cat-Elopement-Packages.jpg\",\"datePublished\":\"2021-06-30T10:16:06+00:00\",\"dateModified\":\"2021-07-26T17:37:43+00:00\",\"breadcrumb\":{\"@id\":\"https:\/\/www.weddingportugal.com\/de\/de-wedding-packages\/kleine-hochzeitspakete-fuer-symbolische-hochzeiten\/#breadcrumb\"},\"inLanguage\":\"de\",\"potentialAction\":[{\"@type\":\"ReadAction\",\"target\":[\"https:\/\/www.weddingportugal.com\/de\/de-wedding-packages\/kleine-hochzeitspakete-fuer-symbolische-hochzeiten\/\"]}]},{\"@type\":\"ImageObject\",\"inLanguage\":\"de\",\"@id\":\"https:\/\/www.weddingportugal.com\/de\/de-wedding-packages\/kleine-hochzeitspakete-fuer-symbolische-hochzeiten\/#primaryimage\",\"url\":\"https:\/\/www.weddingportugal.com\/wp-content\/uploads\/2021\/06\/Cat-Elopement-Packages.jpg\",\"contentUrl\":\"https:\/\/www.weddingportugal.com\/wp-content\/uploads\/2021\/06\/Cat-Elopement-Packages.jpg\"},{\"@type\":\"BreadcrumbList\",\"@id\":\"https:\/\/www.weddingportugal.com\/de\/de-wedding-packages\/kleine-hochzeitspakete-fuer-symbolische-hochzeiten\/#breadcrumb\",\"itemListElement\":[{\"@type\":\"ListItem\",\"position\":1,\"name\":\"Home\",\"item\":\"https:\/\/www.weddingportugal.com\/de\/\"},{\"@type\":\"ListItem\",\"position\":2,\"name\":\"Hochzeitspakete\",\"item\":\"https:\/\/www.weddingportugal.com\/de\/de-wedding-packages\/\"},{\"@type\":\"ListItem\",\"position\":3,\"name\":\"Kleine Hochzeitspakete f\u00fcr Symbolische Hochzeiten\"}]},{\"@type\":\"WebSite\",\"@id\":\"https:\/\/www.weddingportugal.com\/de\/#website\",\"url\":\"https:\/\/www.weddingportugal.com\/de\/\",\"name\":\"Wedding Portugal\",\"description\":\"We tell you why you should get your weeding in Portugal\",\"publisher\":{\"@id\":\"https:\/\/www.weddingportugal.com\/de\/#organization\"},\"potentialAction\":[{\"@type\":\"SearchAction\",\"target\":{\"@type\":\"EntryPoint\",\"urlTemplate\":\"https:\/\/www.weddingportugal.com\/de\/?s={search_term_string}\"},\"query-input\":{\"@type\":\"PropertyValueSpecification\",\"valueRequired\":true,\"valueName\":\"search_term_string\"}}],\"inLanguage\":\"de\"},{\"@type\":\"Organization\",\"@id\":\"https:\/\/www.weddingportugal.com\/de\/#organization\",\"name\":\"Wedding Portugal\",\"url\":\"https:\/\/www.weddingportugal.com\/de\/\",\"logo\":{\"@type\":\"ImageObject\",\"inLanguage\":\"de\",\"@id\":\"https:\/\/www.weddingportugal.com\/de\/#\/schema\/logo\/image\/\",\"url\":\"https:\/\/www.weddingportugal.com\/wp-content\/uploads\/2020\/02\/cropped-logo-WeddingPortugal.png\",\"contentUrl\":\"https:\/\/www.weddingportugal.com\/wp-content\/uploads\/2020\/02\/cropped-logo-WeddingPortugal.png\",\"width\":523,\"height\":89,\"caption\":\"Wedding Portugal\"},\"image\":{\"@id\":\"https:\/\/www.weddingportugal.com\/de\/#\/schema\/logo\/image\/\"}}]}<\/script>\n<!-- \/ Yoast SEO plugin. -->","yoast_head_json":{"title":"Kleine Hochzeitspakete f\u00fcr Symbolische Hochzeiten - Wedding Portugal","robots":{"index":"index","follow":"follow","max-snippet":"max-snippet:-1","max-image-preview":"max-image-preview:large","max-video-preview":"max-video-preview:-1"},"canonical":"https:\/\/www.weddingportugal.com\/de\/de-wedding-packages\/kleine-hochzeitspakete-fuer-symbolische-hochzeiten\/","og_locale":"de_DE","og_type":"article","og_title":"Kleine Hochzeitspakete f\u00fcr Symbolische Hochzeiten - Wedding Portugal","og_description":"Kann ein Hochzeitspaket genau die richtige L\u00f6sung f\u00fcr Sie sein Wenn Ihnen der Gedanke f\u00fcr eine Hochzeitsplanung Kopfschmerzen zubereitet und Sie diese lieber von Anfang bis Ende in sicheren H\u00e4nden, von erfahrenen Hochzeitsplanern, \u00fcbergeben m\u00f6chten, kann ein Hochzeitspaket genau die richtige L\u00f6sung f\u00fcr Sie sein. Es ist ein einfacher und effizienter Weg Ihre Hochzeit zu [&hellip;]","og_url":"https:\/\/www.weddingportugal.com\/de\/de-wedding-packages\/kleine-hochzeitspakete-fuer-symbolische-hochzeiten\/","og_site_name":"Wedding Portugal","article_modified_time":"2021-07-26T17:37:43+00:00","og_image":[{"url":"https:\/\/www.weddingportugal.com\/wp-content\/uploads\/2021\/06\/Cat-Elopement-Packages.jpg","type":"","width":"","height":""}],"twitter_card":"summary_large_image","twitter_misc":{"Gesch\u00e4tzte Lesezeit":"1\u00a0Minute"},"schema":{"@context":"https:\/\/schema.org","@graph":[{"@type":"WebPage","@id":"https:\/\/www.weddingportugal.com\/de\/de-wedding-packages\/kleine-hochzeitspakete-fuer-symbolische-hochzeiten\/","url":"https:\/\/www.weddingportugal.com\/de\/de-wedding-packages\/kleine-hochzeitspakete-fuer-symbolische-hochzeiten\/","name":"Kleine Hochzeitspakete f\u00fcr Symbolische Hochzeiten - Wedding Portugal","isPartOf":{"@id":"https:\/\/www.weddingportugal.com\/de\/#website"},"primaryImageOfPage":{"@id":"https:\/\/www.weddingportugal.com\/de\/de-wedding-packages\/kleine-hochzeitspakete-fuer-symbolische-hochzeiten\/#primaryimage"},"image":{"@id":"https:\/\/www.weddingportugal.com\/de\/de-wedding-packages\/kleine-hochzeitspakete-fuer-symbolische-hochzeiten\/#primaryimage"},"thumbnailUrl":"https:\/\/www.weddingportugal.com\/wp-content\/uploads\/2021\/06\/Cat-Elopement-Packages.jpg","datePublished":"2021-06-30T10:16:06+00:00","dateModified":"2021-07-26T17:37:43+00:00","breadcrumb":{"@id":"https:\/\/www.weddingportugal.com\/de\/de-wedding-packages\/kleine-hochzeitspakete-fuer-symbolische-hochzeiten\/#breadcrumb"},"inLanguage":"de","potentialAction":[{"@type":"ReadAction","target":["https:\/\/www.weddingportugal.com\/de\/de-wedding-packages\/kleine-hochzeitspakete-fuer-symbolische-hochzeiten\/"]}]},{"@type":"ImageObject","inLanguage":"de","@id":"https:\/\/www.weddingportugal.com\/de\/de-wedding-packages\/kleine-hochzeitspakete-fuer-symbolische-hochzeiten\/#primaryimage","url":"https:\/\/www.weddingportugal.com\/wp-content\/uploads\/2021\/06\/Cat-Elopement-Packages.jpg","contentUrl":"https:\/\/www.weddingportugal.com\/wp-content\/uploads\/2021\/06\/Cat-Elopement-Packages.jpg"},{"@type":"BreadcrumbList","@id":"https:\/\/www.weddingportugal.com\/de\/de-wedding-packages\/kleine-hochzeitspakete-fuer-symbolische-hochzeiten\/#breadcrumb","itemListElement":[{"@type":"ListItem","position":1,"name":"Home","item":"https:\/\/www.weddingportugal.com\/de\/"},{"@type":"ListItem","position":2,"name":"Hochzeitspakete","item":"https:\/\/www.weddingportugal.com\/de\/de-wedding-packages\/"},{"@type":"ListItem","position":3,"name":"Kleine Hochzeitspakete f\u00fcr Symbolische Hochzeiten"}]},{"@type":"WebSite","@id":"https:\/\/www.weddingportugal.com\/de\/#website","url":"https:\/\/www.weddingportugal.com\/de\/","name":"Wedding Portugal","description":"We tell you why you should get your weeding in Portugal","publisher":{"@id":"https:\/\/www.weddingportugal.com\/de\/#organization"},"potentialAction":[{"@type":"SearchAction","target":{"@type":"EntryPoint","urlTemplate":"https:\/\/www.weddingportugal.com\/de\/?s={search_term_string}"},"query-input":{"@type":"PropertyValueSpecification","valueRequired":true,"valueName":"search_term_string"}}],"inLanguage":"de"},{"@type":"Organization","@id":"https:\/\/www.weddingportugal.com\/de\/#organization","name":"Wedding Portugal","url":"https:\/\/www.weddingportugal.com\/de\/","logo":{"@type":"ImageObject","inLanguage":"de","@id":"https:\/\/www.weddingportugal.com\/de\/#\/schema\/logo\/image\/","url":"https:\/\/www.weddingportugal.com\/wp-content\/uploads\/2020\/02\/cropped-logo-WeddingPortugal.png","contentUrl":"https:\/\/www.weddingportugal.com\/wp-content\/uploads\/2020\/02\/cropped-logo-WeddingPortugal.png","width":523,"height":89,"caption":"Wedding Portugal"},"image":{"@id":"https:\/\/www.weddingportugal.com\/de\/#\/schema\/logo\/image\/"}}]}},"_links":{"self":[{"href":"https:\/\/www.weddingportugal.com\/de\/wp-json\/wp\/v2\/pages\/4231","targetHints":{"allow":["GET"]}}],"collection":[{"href":"https:\/\/www.weddingportugal.com\/de\/wp-json\/wp\/v2\/pages"}],"about":[{"href":"https:\/\/www.weddingportugal.com\/de\/wp-json\/wp\/v2\/types\/page"}],"author":[{"embeddable":true,"href":"https:\/\/www.weddingportugal.com\/de\/wp-json\/wp\/v2\/users\/1"}],"replies":[{"embeddable":true,"href":"https:\/\/www.weddingportugal.com\/de\/wp-json\/wp\/v2\/comments?post=4231"}],"version-history":[{"count":2,"href":"https:\/\/www.weddingportugal.com\/de\/wp-json\/wp\/v2\/pages\/4231\/revisions"}],"predecessor-version":[{"id":4788,"href":"https:\/\/www.weddingportugal.com\/de\/wp-json\/wp\/v2\/pages\/4231\/revisions\/4788"}],"up":[{"embeddable":true,"href":"https:\/\/www.weddingportugal.com\/de\/wp-json\/wp\/v2\/pages\/4194"}],"wp:attachment":[{"href":"https:\/\/www.weddingportugal.com\/de\/wp-json\/wp\/v2\/media?parent=4231"}],"curies":[{"name":"wp","href":"https:\/\/api.w.org\/{rel}","templated":true}]}}