{"id":4204,"date":"2021-06-29T14:39:27","date_gmt":"2021-06-29T14:39:27","guid":{"rendered":"https:\/\/www.weddingportugal.com\/de-getting-married\/warum-wedding-portugal\/"},"modified":"2021-08-02T15:24:09","modified_gmt":"2021-08-02T15:24:09","slug":"warum-wedding-portugal","status":"publish","type":"page","link":"https:\/\/www.weddingportugal.com\/de\/warum-wedding-portugal\/","title":{"rendered":"Warum Wedding Portugal?"},"content":{"rendered":"\t\t<div data-elementor-type=\"wp-page\" data-elementor-id=\"4204\" class=\"elementor elementor-4204 elementor-277\" data-elementor-post-type=\"page\">\n\t\t\t\t\t\t<section class=\"elementor-section elementor-top-section elementor-element elementor-element-8d14cb1 elementor-section-boxed elementor-section-height-default elementor-section-height-default\" data-id=\"8d14cb1\" data-element_type=\"section\" data-e-type=\"section\">\n\t\t\t\t\t\t<div class=\"elementor-container elementor-column-gap-default\">\n\t\t\t\t\t<div class=\"elementor-column elementor-col-50 elementor-top-column elementor-element elementor-element-ffcaf3b\" data-id=\"ffcaf3b\" data-element_type=\"column\" data-e-type=\"column\">\n\t\t\t<div class=\"elementor-widget-wrap elementor-element-populated\">\n\t\t\t\t\t\t<div class=\"elementor-element elementor-element-e911412 elementor-widget elementor-widget-heading\" data-id=\"e911412\" data-element_type=\"widget\" data-e-type=\"widget\" data-widget_type=\"heading.default\">\n\t\t\t\t<div class=\"elementor-widget-container\">\n\t\t\t\t\t<h2 class=\"elementor-heading-title elementor-size-default\">Einen Hochzeitsplaner zu engagieren ist eine exzellente Entscheidung. <\/h2>\t\t\t\t<\/div>\n\t\t\t\t<\/div>\n\t\t\t\t\t<\/div>\n\t\t<\/div>\n\t\t\t\t<div class=\"elementor-column elementor-col-50 elementor-top-column elementor-element elementor-element-3358089\" data-id=\"3358089\" data-element_type=\"column\" data-e-type=\"column\">\n\t\t\t<div class=\"elementor-widget-wrap elementor-element-populated\">\n\t\t\t\t\t\t<div class=\"elementor-element elementor-element-bcde83b elementor-widget elementor-widget-text-editor\" data-id=\"bcde83b\" data-element_type=\"widget\" data-e-type=\"widget\" data-widget_type=\"text-editor.default\">\n\t\t\t\t<div class=\"elementor-widget-container\">\n\t\t\t\t\t\t\t\t\t<p>Wir, das Wedding Portugal Team bestehen aus erfahrenen und dynamischen Mitgliedern, die dieses Land, seine Sprache, seine Besonderheiten und seine Nuancen gut kennen. Wir sprechen Englisch, Deutsch, Franz\u00f6sisch, Portugiesisch, Italienisch und Russisch.<\/p>\n<p>Wir sind ein eingespieltes Team und engagiert Ihre Traumhochzeit zu verwirklichen. Unsere Hochzeitsplaner widmen sich einf\u00fchlsam Ihrer W\u00fcnsche und Bed\u00fcrfnisse und pr\u00e4sentieren Ihnen, die bestm\u00f6glichen Dienstleistungen mit dem attraktivsten Preis-Leistungs-Verh\u00e4ltnis um sicherzustellen, dass Ihre Hochzeit zu einem einmaligen Erlebnis wird. Sie sind bei uns bestens aufgehoben, denn wir verf\u00fcgen nicht nur \u00fcber umfassende Sprachkenntnisse, sondern auch \u00fcber die Erfahrung, mit b\u00fcrokratischen Eigenarten und Abwicklungen des Landes, die f\u00fcr Ihre Hochzeit in Portugal notwendig ist.<\/p>\n\t\t\t\t\t\t\t\t<\/div>\n\t\t\t\t<\/div>\n\t\t\t\t\t<\/div>\n\t\t<\/div>\n\t\t\t\t\t<\/div>\n\t\t<\/section>\n\t\t\t\t<section class=\"elementor-section elementor-top-section elementor-element elementor-element-17c51fe1 elementor-section-content-middle elementor-section-boxed elementor-section-height-default elementor-section-height-default\" data-id=\"17c51fe1\" data-element_type=\"section\" data-e-type=\"section\">\n\t\t\t\t\t\t<div class=\"elementor-container elementor-column-gap-no\">\n\t\t\t\t\t<div class=\"elementor-column elementor-col-100 elementor-top-column elementor-element elementor-element-6adf2307\" data-id=\"6adf2307\" data-element_type=\"column\" data-e-type=\"column\">\n\t\t\t<div class=\"elementor-widget-wrap elementor-element-populated\">\n\t\t\t\t\t\t<div class=\"elementor-element elementor-element-c12f5e7 elementor-widget elementor-widget-image\" data-id=\"c12f5e7\" data-element_type=\"widget\" data-e-type=\"widget\" data-widget_type=\"image.default\">\n\t\t\t\t<div class=\"elementor-widget-container\">\n\t\t\t\t\t\t\t\t\t\t\t\t\t\t\t<img fetchpriority=\"high\" decoding=\"async\" width=\"1120\" height=\"450\" src=\"https:\/\/www.weddingportugal.com\/wp-content\/uploads\/2021\/06\/Cat-Why-us.jpg\" class=\"attachment-full size-full wp-image-4087\" alt=\"\" srcset=\"https:\/\/www.weddingportugal.com\/wp-content\/uploads\/2021\/06\/Cat-Why-us.jpg 1120w, https:\/\/www.weddingportugal.com\/wp-content\/uploads\/2021\/06\/Cat-Why-us-300x121.jpg 300w, https:\/\/www.weddingportugal.com\/wp-content\/uploads\/2021\/06\/Cat-Why-us-1024x411.jpg 1024w, https:\/\/www.weddingportugal.com\/wp-content\/uploads\/2021\/06\/Cat-Why-us-768x309.jpg 768w\" sizes=\"(max-width: 1120px) 100vw, 1120px\" \/>\t\t\t\t\t\t\t\t\t\t\t\t\t\t\t<\/div>\n\t\t\t\t<\/div>\n\t\t\t\t<div class=\"elementor-element elementor-element-b94b070 elementor-widget elementor-widget-text-editor\" data-id=\"b94b070\" data-element_type=\"widget\" data-e-type=\"widget\" data-widget_type=\"text-editor.default\">\n\t\t\t\t<div class=\"elementor-widget-container\">\n\t\t\t\t\t\t\t\t\t<p style=\"text-align: center;\"><strong>Hier finden Sie einige Gr\u00fcnde, warum sie mit Wedding Portugal zusammenarbeiten sollten:<\/strong><\/p>\n\t\t\t\t\t\t\t\t<\/div>\n\t\t\t\t<\/div>\n\t\t\t\t<section class=\"elementor-section elementor-inner-section elementor-element elementor-element-c7f3476 elementor-section-boxed elementor-section-height-default elementor-section-height-default\" data-id=\"c7f3476\" data-element_type=\"section\" data-e-type=\"section\">\n\t\t\t\t\t\t<div class=\"elementor-container elementor-column-gap-wider\">\n\t\t\t\t\t<div class=\"elementor-column elementor-col-33 elementor-inner-column elementor-element elementor-element-35888591\" data-id=\"35888591\" data-element_type=\"column\" data-e-type=\"column\">\n\t\t\t<div class=\"elementor-widget-wrap elementor-element-populated\">\n\t\t\t\t\t\t<div class=\"elementor-element elementor-element-dde028c elementor-widget elementor-widget-text-editor\" data-id=\"dde028c\" data-element_type=\"widget\" data-e-type=\"widget\" data-widget_type=\"text-editor.default\">\n\t\t\t\t<div class=\"elementor-widget-container\">\n\t\t\t\t\t\t\t\t\t<p style=\"text-align: center;\">Wir blicken auf viele positive Erfahrungen zur\u00fcck und haben dementsprechend viele dankbare Bewertungen von unseren zufriedenen Kunden erhalten.<\/p>\n\t\t\t\t\t\t\t\t<\/div>\n\t\t\t\t<\/div>\n\t\t\t\t\t<\/div>\n\t\t<\/div>\n\t\t\t\t<div class=\"elementor-column elementor-col-33 elementor-inner-column elementor-element elementor-element-21cbefb8\" data-id=\"21cbefb8\" data-element_type=\"column\" data-e-type=\"column\">\n\t\t\t<div class=\"elementor-widget-wrap elementor-element-populated\">\n\t\t\t\t\t\t<div class=\"elementor-element elementor-element-304db54 elementor-widget elementor-widget-text-editor\" data-id=\"304db54\" data-element_type=\"widget\" data-e-type=\"widget\" data-widget_type=\"text-editor.default\">\n\t\t\t\t<div class=\"elementor-widget-container\">\n\t\t\t\t\t\t\t\t\t<p style=\"text-align: center;\">Flexibilit\u00e4t, Wedding Portugal organisieren f\u00fcr Sie sowohl gro\u00dfe, spektakul\u00e4re Hochzeiten mit vielen G\u00e4sten als auch freundliche Micro Hochzeiten ab zwei Personen.<\/p>\n\t\t\t\t\t\t\t\t<\/div>\n\t\t\t\t<\/div>\n\t\t\t\t\t<\/div>\n\t\t<\/div>\n\t\t\t\t<div class=\"elementor-column elementor-col-33 elementor-inner-column elementor-element elementor-element-469501a6\" data-id=\"469501a6\" data-element_type=\"column\" data-e-type=\"column\">\n\t\t\t<div class=\"elementor-widget-wrap elementor-element-populated\">\n\t\t\t\t\t\t<div class=\"elementor-element elementor-element-27a5323 elementor-widget elementor-widget-text-editor\" data-id=\"27a5323\" data-element_type=\"widget\" data-e-type=\"widget\" data-widget_type=\"text-editor.default\">\n\t\t\t\t<div class=\"elementor-widget-container\">\n\t\t\t\t\t\t\t\t\t<p style=\"text-align: center;\">Wir arbeiten mit den sch\u00f6nsten Veranstaltungsorten im ganzen Land zusammen: stilvolle Schl\u00f6sser, k\u00f6nigliche Pal\u00e4ste, elegante Hotels, malerische Str\u00e4nde, romantische Villen, belebte Stadtparks, traumhafte W\u00e4lder, Scheunen und Weinberge, Festungen und sogar Museen. Was auch immer Sie sich W\u00fcnschen oder Vorstellungen, wir finden es f\u00fcr Sie!<\/p>\n\t\t\t\t\t\t\t\t<\/div>\n\t\t\t\t<\/div>\n\t\t\t\t\t<\/div>\n\t\t<\/div>\n\t\t\t\t\t<\/div>\n\t\t<\/section>\n\t\t\t\t<section class=\"elementor-section elementor-inner-section elementor-element elementor-element-f20b582 elementor-section-boxed elementor-section-height-default elementor-section-height-default\" data-id=\"f20b582\" data-element_type=\"section\" data-e-type=\"section\">\n\t\t\t\t\t\t<div class=\"elementor-container elementor-column-gap-wider\">\n\t\t\t\t\t<div class=\"elementor-column elementor-col-33 elementor-inner-column elementor-element elementor-element-ae35f1c\" data-id=\"ae35f1c\" data-element_type=\"column\" data-e-type=\"column\">\n\t\t\t<div class=\"elementor-widget-wrap elementor-element-populated\">\n\t\t\t\t\t\t<div class=\"elementor-element elementor-element-a483230 elementor-widget elementor-widget-text-editor\" data-id=\"a483230\" data-element_type=\"widget\" data-e-type=\"widget\" data-widget_type=\"text-editor.default\">\n\t\t\t\t<div class=\"elementor-widget-container\">\n\t\t\t\t\t\t\t\t\t<p style=\"text-align: center;\">Qualit\u00e4t. Wir arbeiten mit den besten Anbietern des Landes zusammen, die gute Qualit\u00e4t zu einem vern\u00fcnftigen Preis anbieten. Wir halten einen hohen Standard ein bei der Auswahl von unseren Dienstleistern und Hochzeit Locations<\/p>\n\t\t\t\t\t\t\t\t<\/div>\n\t\t\t\t<\/div>\n\t\t\t\t\t<\/div>\n\t\t<\/div>\n\t\t\t\t<div class=\"elementor-column elementor-col-33 elementor-inner-column elementor-element elementor-element-bee5d5d\" data-id=\"bee5d5d\" data-element_type=\"column\" data-e-type=\"column\">\n\t\t\t<div class=\"elementor-widget-wrap elementor-element-populated\">\n\t\t\t\t\t\t<div class=\"elementor-element elementor-element-989bbdf elementor-widget elementor-widget-text-editor\" data-id=\"989bbdf\" data-element_type=\"widget\" data-e-type=\"widget\" data-widget_type=\"text-editor.default\">\n\t\t\t\t<div class=\"elementor-widget-container\">\n\t\t\t\t\t\t\t\t\t<p style=\"text-align: center;\">Wir halten sie jederzeit \u00fcber alle Kosten informiert. Alle zus\u00e4tzlichen Ausgaben geschehen nur mit vorheriger Absprache des Kunden. Unsere Preispolitik ist transparente und wir sind bem\u00fcht Ihren Kostenrahmen zu optimieren, um in gegenseitiges Einvernehmen ein perfektes Ergebnis zu erzielen.<\/p>\n\t\t\t\t\t\t\t\t<\/div>\n\t\t\t\t<\/div>\n\t\t\t\t\t<\/div>\n\t\t<\/div>\n\t\t\t\t<div class=\"elementor-column elementor-col-33 elementor-inner-column elementor-element elementor-element-eb595bf\" data-id=\"eb595bf\" data-element_type=\"column\" data-e-type=\"column\">\n\t\t\t<div class=\"elementor-widget-wrap elementor-element-populated\">\n\t\t\t\t\t\t<div class=\"elementor-element elementor-element-5241463 elementor-widget elementor-widget-text-editor\" data-id=\"5241463\" data-element_type=\"widget\" data-e-type=\"widget\" data-widget_type=\"text-editor.default\">\n\t\t\t\t<div class=\"elementor-widget-container\">\n\t\t\t\t\t\t\t\t\t<p style=\"text-align: center;\">Wir \u00fcbernehmen die volle Verantwortung f\u00fcr Ihre Hochzeit, in allen Phasen der Vorbereitung bis zum Endergebnis.<\/p>\n\t\t\t\t\t\t\t\t<\/div>\n\t\t\t\t<\/div>\n\t\t\t\t\t<\/div>\n\t\t<\/div>\n\t\t\t\t\t<\/div>\n\t\t<\/section>\n\t\t\t\t<section class=\"elementor-section elementor-inner-section elementor-element elementor-element-2cd01b9 elementor-section-boxed elementor-section-height-default elementor-section-height-default\" data-id=\"2cd01b9\" data-element_type=\"section\" data-e-type=\"section\">\n\t\t\t\t\t\t<div class=\"elementor-container elementor-column-gap-wider\">\n\t\t\t\t\t<div class=\"elementor-column elementor-col-33 elementor-inner-column elementor-element elementor-element-3a8b4ce\" data-id=\"3a8b4ce\" data-element_type=\"column\" data-e-type=\"column\">\n\t\t\t<div class=\"elementor-widget-wrap elementor-element-populated\">\n\t\t\t\t\t\t<div class=\"elementor-element elementor-element-c6c9505 elementor-widget elementor-widget-text-editor\" data-id=\"c6c9505\" data-element_type=\"widget\" data-e-type=\"widget\" data-widget_type=\"text-editor.default\">\n\t\t\t\t<div class=\"elementor-widget-container\">\n\t\t\t\t\t\t\t\t\t<p style=\"text-align: center;\">Zuverl\u00e4ssigkeit. Wir erstellen klare Zeit- und Lieferpl\u00e4ne f\u00fcr unsere Lieferanten damit an Ihrem Hochzeitstag alles nach Plan verl\u00e4uft.<\/p>\n\t\t\t\t\t\t\t\t<\/div>\n\t\t\t\t<\/div>\n\t\t\t\t\t<\/div>\n\t\t<\/div>\n\t\t\t\t<div class=\"elementor-column elementor-col-33 elementor-inner-column elementor-element elementor-element-15427cd\" data-id=\"15427cd\" data-element_type=\"column\" data-e-type=\"column\">\n\t\t\t<div class=\"elementor-widget-wrap elementor-element-populated\">\n\t\t\t\t\t\t<div class=\"elementor-element elementor-element-f1f169b elementor-widget elementor-widget-text-editor\" data-id=\"f1f169b\" data-element_type=\"widget\" data-e-type=\"widget\" data-widget_type=\"text-editor.default\">\n\t\t\t\t<div class=\"elementor-widget-container\">\n\t\t\t\t\t\t\t\t\t<p style=\"text-align: center;\">Best\u00e4ndigkeit. Die Erfahrung die wir im Laufe der Jahre durch unsere Arbeit gesammelt haben, erlaubt uns allen Herausforderungen und dem Druck der modernen Lebensumst\u00e4nde mit einem hohen Ma\u00df an Reife zu begegnen.<\/p>\n\t\t\t\t\t\t\t\t<\/div>\n\t\t\t\t<\/div>\n\t\t\t\t\t<\/div>\n\t\t<\/div>\n\t\t\t\t<div class=\"elementor-column elementor-col-33 elementor-inner-column elementor-element elementor-element-86bd952\" data-id=\"86bd952\" data-element_type=\"column\" data-e-type=\"column\">\n\t\t\t<div class=\"elementor-widget-wrap elementor-element-populated\">\n\t\t\t\t\t\t<div class=\"elementor-element elementor-element-c8121f9 elementor-widget elementor-widget-text-editor\" data-id=\"c8121f9\" data-element_type=\"widget\" data-e-type=\"widget\" data-widget_type=\"text-editor.default\">\n\t\t\t\t<div class=\"elementor-widget-container\">\n\t\t\t\t\t\t\t\t\t<p style=\"text-align: center;\">Gegenw\u00e4rtigkeit.Wir sind immer f\u00fcr Sie da und k\u00fcmmern uns um alle Fragen in Bezug zu Ihrer Hochzeit, damit Sie, entspannt, Ihre wunderbare Veranstaltung genie\u00dfen k\u00f6nnen, mit der Gewissheit, von einem professionellen und engagierten Team unterst\u00fctzt zu werden.<\/p>\n\t\t\t\t\t\t\t\t<\/div>\n\t\t\t\t<\/div>\n\t\t\t\t\t<\/div>\n\t\t<\/div>\n\t\t\t\t\t<\/div>\n\t\t<\/section>\n\t\t\t\t<div class=\"elementor-element elementor-element-44d02fd elementor-widget elementor-widget-image\" data-id=\"44d02fd\" data-element_type=\"widget\" data-e-type=\"widget\" data-widget_type=\"image.default\">\n\t\t\t\t<div class=\"elementor-widget-container\">\n\t\t\t\t\t\t\t\t\t\t\t\t\t\t\t<img decoding=\"async\" width=\"1120\" height=\"450\" src=\"https:\/\/www.weddingportugal.com\/wp-content\/uploads\/2020\/05\/Cat-GM-Why-Should.jpg\" class=\"attachment-full size-full wp-image-907\" alt=\"\" srcset=\"https:\/\/www.weddingportugal.com\/wp-content\/uploads\/2020\/05\/Cat-GM-Why-Should.jpg 1120w, https:\/\/www.weddingportugal.com\/wp-content\/uploads\/2020\/05\/Cat-GM-Why-Should-300x121.jpg 300w, https:\/\/www.weddingportugal.com\/wp-content\/uploads\/2020\/05\/Cat-GM-Why-Should-1024x411.jpg 1024w, https:\/\/www.weddingportugal.com\/wp-content\/uploads\/2020\/05\/Cat-GM-Why-Should-768x309.jpg 768w\" sizes=\"(max-width: 1120px) 100vw, 1120px\" \/>\t\t\t\t\t\t\t\t\t\t\t\t\t\t\t<\/div>\n\t\t\t\t<\/div>\n\t\t\t\t\t<\/div>\n\t\t<\/div>\n\t\t\t\t\t<\/div>\n\t\t<\/section>\n\t\t\t\t<\/div>\n\t\t","protected":false},"excerpt":{"rendered":"<p>Einen Hochzeitsplaner zu engagieren ist eine exzellente Entscheidung. Wir, das Wedding Portugal Team bestehen aus erfahrenen und dynamischen Mitgliedern, die dieses Land, seine Sprache, seine Besonderheiten und seine Nuancen gut kennen. Wir sprechen Englisch, Deutsch, Franz\u00f6sisch, Portugiesisch, Italienisch und Russisch. Wir sind ein eingespieltes Team und engagiert Ihre Traumhochzeit zu verwirklichen. Unsere Hochzeitsplaner widmen sich [&hellip;]<\/p>\n","protected":false},"author":1,"featured_media":0,"parent":0,"menu_order":9,"comment_status":"closed","ping_status":"closed","template":"","meta":{"content-type":"","footnotes":""},"class_list":["post-4204","page","type-page","status-publish","hentry"],"yoast_head":"<!-- This site is optimized with the Yoast SEO plugin v27.2 - https:\/\/yoast.com\/product\/yoast-seo-wordpress\/ -->\n<title>Warum Wedding Portugal? - Wedding Portugal<\/title>\n<meta name=\"robots\" content=\"index, follow, max-snippet:-1, max-image-preview:large, max-video-preview:-1\" \/>\n<link rel=\"canonical\" href=\"https:\/\/www.weddingportugal.com\/de\/warum-wedding-portugal\/\" \/>\n<meta property=\"og:locale\" content=\"de_DE\" \/>\n<meta property=\"og:type\" content=\"article\" \/>\n<meta property=\"og:title\" content=\"Warum Wedding Portugal? - Wedding Portugal\" \/>\n<meta property=\"og:description\" content=\"Einen Hochzeitsplaner zu engagieren ist eine exzellente Entscheidung. Wir, das Wedding Portugal Team bestehen aus erfahrenen und dynamischen Mitgliedern, die dieses Land, seine Sprache, seine Besonderheiten und seine Nuancen gut kennen. Wir sprechen Englisch, Deutsch, Franz\u00f6sisch, Portugiesisch, Italienisch und Russisch. Wir sind ein eingespieltes Team und engagiert Ihre Traumhochzeit zu verwirklichen. Unsere Hochzeitsplaner widmen sich [&hellip;]\" \/>\n<meta property=\"og:url\" content=\"https:\/\/www.weddingportugal.com\/de\/warum-wedding-portugal\/\" \/>\n<meta property=\"og:site_name\" content=\"Wedding Portugal\" \/>\n<meta property=\"article:modified_time\" content=\"2021-08-02T15:24:09+00:00\" \/>\n<meta property=\"og:image\" content=\"https:\/\/www.weddingportugal.com\/wp-content\/uploads\/2021\/06\/Cat-Why-us.jpg\" \/>\n<meta name=\"twitter:card\" content=\"summary_large_image\" \/>\n<meta name=\"twitter:label1\" content=\"Gesch\u00e4tzte Lesezeit\" \/>\n\t<meta name=\"twitter:data1\" content=\"2\u00a0Minuten\" \/>\n<script type=\"application\/ld+json\" class=\"yoast-schema-graph\">{\"@context\":\"https:\/\/schema.org\",\"@graph\":[{\"@type\":\"WebPage\",\"@id\":\"https:\/\/www.weddingportugal.com\/de\/warum-wedding-portugal\/\",\"url\":\"https:\/\/www.weddingportugal.com\/de\/warum-wedding-portugal\/\",\"name\":\"Warum Wedding Portugal? - Wedding Portugal\",\"isPartOf\":{\"@id\":\"https:\/\/www.weddingportugal.com\/de\/#website\"},\"primaryImageOfPage\":{\"@id\":\"https:\/\/www.weddingportugal.com\/de\/warum-wedding-portugal\/#primaryimage\"},\"image\":{\"@id\":\"https:\/\/www.weddingportugal.com\/de\/warum-wedding-portugal\/#primaryimage\"},\"thumbnailUrl\":\"https:\/\/www.weddingportugal.com\/wp-content\/uploads\/2021\/06\/Cat-Why-us.jpg\",\"datePublished\":\"2021-06-29T14:39:27+00:00\",\"dateModified\":\"2021-08-02T15:24:09+00:00\",\"breadcrumb\":{\"@id\":\"https:\/\/www.weddingportugal.com\/de\/warum-wedding-portugal\/#breadcrumb\"},\"inLanguage\":\"de\",\"potentialAction\":[{\"@type\":\"ReadAction\",\"target\":[\"https:\/\/www.weddingportugal.com\/de\/warum-wedding-portugal\/\"]}]},{\"@type\":\"ImageObject\",\"inLanguage\":\"de\",\"@id\":\"https:\/\/www.weddingportugal.com\/de\/warum-wedding-portugal\/#primaryimage\",\"url\":\"https:\/\/www.weddingportugal.com\/wp-content\/uploads\/2021\/06\/Cat-Why-us.jpg\",\"contentUrl\":\"https:\/\/www.weddingportugal.com\/wp-content\/uploads\/2021\/06\/Cat-Why-us.jpg\"},{\"@type\":\"BreadcrumbList\",\"@id\":\"https:\/\/www.weddingportugal.com\/de\/warum-wedding-portugal\/#breadcrumb\",\"itemListElement\":[{\"@type\":\"ListItem\",\"position\":1,\"name\":\"Home\",\"item\":\"https:\/\/www.weddingportugal.com\/de\/\"},{\"@type\":\"ListItem\",\"position\":2,\"name\":\"Warum Wedding Portugal?\"}]},{\"@type\":\"WebSite\",\"@id\":\"https:\/\/www.weddingportugal.com\/de\/#website\",\"url\":\"https:\/\/www.weddingportugal.com\/de\/\",\"name\":\"Wedding Portugal\",\"description\":\"We tell you why you should get your weeding in Portugal\",\"publisher\":{\"@id\":\"https:\/\/www.weddingportugal.com\/de\/#organization\"},\"potentialAction\":[{\"@type\":\"SearchAction\",\"target\":{\"@type\":\"EntryPoint\",\"urlTemplate\":\"https:\/\/www.weddingportugal.com\/de\/?s={search_term_string}\"},\"query-input\":{\"@type\":\"PropertyValueSpecification\",\"valueRequired\":true,\"valueName\":\"search_term_string\"}}],\"inLanguage\":\"de\"},{\"@type\":\"Organization\",\"@id\":\"https:\/\/www.weddingportugal.com\/de\/#organization\",\"name\":\"Wedding Portugal\",\"url\":\"https:\/\/www.weddingportugal.com\/de\/\",\"logo\":{\"@type\":\"ImageObject\",\"inLanguage\":\"de\",\"@id\":\"https:\/\/www.weddingportugal.com\/de\/#\/schema\/logo\/image\/\",\"url\":\"https:\/\/www.weddingportugal.com\/wp-content\/uploads\/2020\/02\/cropped-logo-WeddingPortugal.png\",\"contentUrl\":\"https:\/\/www.weddingportugal.com\/wp-content\/uploads\/2020\/02\/cropped-logo-WeddingPortugal.png\",\"width\":523,\"height\":89,\"caption\":\"Wedding Portugal\"},\"image\":{\"@id\":\"https:\/\/www.weddingportugal.com\/de\/#\/schema\/logo\/image\/\"}}]}<\/script>\n<!-- \/ Yoast SEO plugin. -->","yoast_head_json":{"title":"Warum Wedding Portugal? - Wedding Portugal","robots":{"index":"index","follow":"follow","max-snippet":"max-snippet:-1","max-image-preview":"max-image-preview:large","max-video-preview":"max-video-preview:-1"},"canonical":"https:\/\/www.weddingportugal.com\/de\/warum-wedding-portugal\/","og_locale":"de_DE","og_type":"article","og_title":"Warum Wedding Portugal? - Wedding Portugal","og_description":"Einen Hochzeitsplaner zu engagieren ist eine exzellente Entscheidung. Wir, das Wedding Portugal Team bestehen aus erfahrenen und dynamischen Mitgliedern, die dieses Land, seine Sprache, seine Besonderheiten und seine Nuancen gut kennen. Wir sprechen Englisch, Deutsch, Franz\u00f6sisch, Portugiesisch, Italienisch und Russisch. Wir sind ein eingespieltes Team und engagiert Ihre Traumhochzeit zu verwirklichen. Unsere Hochzeitsplaner widmen sich [&hellip;]","og_url":"https:\/\/www.weddingportugal.com\/de\/warum-wedding-portugal\/","og_site_name":"Wedding Portugal","article_modified_time":"2021-08-02T15:24:09+00:00","og_image":[{"url":"https:\/\/www.weddingportugal.com\/wp-content\/uploads\/2021\/06\/Cat-Why-us.jpg","type":"","width":"","height":""}],"twitter_card":"summary_large_image","twitter_misc":{"Gesch\u00e4tzte Lesezeit":"2\u00a0Minuten"},"schema":{"@context":"https:\/\/schema.org","@graph":[{"@type":"WebPage","@id":"https:\/\/www.weddingportugal.com\/de\/warum-wedding-portugal\/","url":"https:\/\/www.weddingportugal.com\/de\/warum-wedding-portugal\/","name":"Warum Wedding Portugal? - Wedding Portugal","isPartOf":{"@id":"https:\/\/www.weddingportugal.com\/de\/#website"},"primaryImageOfPage":{"@id":"https:\/\/www.weddingportugal.com\/de\/warum-wedding-portugal\/#primaryimage"},"image":{"@id":"https:\/\/www.weddingportugal.com\/de\/warum-wedding-portugal\/#primaryimage"},"thumbnailUrl":"https:\/\/www.weddingportugal.com\/wp-content\/uploads\/2021\/06\/Cat-Why-us.jpg","datePublished":"2021-06-29T14:39:27+00:00","dateModified":"2021-08-02T15:24:09+00:00","breadcrumb":{"@id":"https:\/\/www.weddingportugal.com\/de\/warum-wedding-portugal\/#breadcrumb"},"inLanguage":"de","potentialAction":[{"@type":"ReadAction","target":["https:\/\/www.weddingportugal.com\/de\/warum-wedding-portugal\/"]}]},{"@type":"ImageObject","inLanguage":"de","@id":"https:\/\/www.weddingportugal.com\/de\/warum-wedding-portugal\/#primaryimage","url":"https:\/\/www.weddingportugal.com\/wp-content\/uploads\/2021\/06\/Cat-Why-us.jpg","contentUrl":"https:\/\/www.weddingportugal.com\/wp-content\/uploads\/2021\/06\/Cat-Why-us.jpg"},{"@type":"BreadcrumbList","@id":"https:\/\/www.weddingportugal.com\/de\/warum-wedding-portugal\/#breadcrumb","itemListElement":[{"@type":"ListItem","position":1,"name":"Home","item":"https:\/\/www.weddingportugal.com\/de\/"},{"@type":"ListItem","position":2,"name":"Warum Wedding Portugal?"}]},{"@type":"WebSite","@id":"https:\/\/www.weddingportugal.com\/de\/#website","url":"https:\/\/www.weddingportugal.com\/de\/","name":"Wedding Portugal","description":"We tell you why you should get your weeding in Portugal","publisher":{"@id":"https:\/\/www.weddingportugal.com\/de\/#organization"},"potentialAction":[{"@type":"SearchAction","target":{"@type":"EntryPoint","urlTemplate":"https:\/\/www.weddingportugal.com\/de\/?s={search_term_string}"},"query-input":{"@type":"PropertyValueSpecification","valueRequired":true,"valueName":"search_term_string"}}],"inLanguage":"de"},{"@type":"Organization","@id":"https:\/\/www.weddingportugal.com\/de\/#organization","name":"Wedding Portugal","url":"https:\/\/www.weddingportugal.com\/de\/","logo":{"@type":"ImageObject","inLanguage":"de","@id":"https:\/\/www.weddingportugal.com\/de\/#\/schema\/logo\/image\/","url":"https:\/\/www.weddingportugal.com\/wp-content\/uploads\/2020\/02\/cropped-logo-WeddingPortugal.png","contentUrl":"https:\/\/www.weddingportugal.com\/wp-content\/uploads\/2020\/02\/cropped-logo-WeddingPortugal.png","width":523,"height":89,"caption":"Wedding Portugal"},"image":{"@id":"https:\/\/www.weddingportugal.com\/de\/#\/schema\/logo\/image\/"}}]}},"_links":{"self":[{"href":"https:\/\/www.weddingportugal.com\/de\/wp-json\/wp\/v2\/pages\/4204","targetHints":{"allow":["GET"]}}],"collection":[{"href":"https:\/\/www.weddingportugal.com\/de\/wp-json\/wp\/v2\/pages"}],"about":[{"href":"https:\/\/www.weddingportugal.com\/de\/wp-json\/wp\/v2\/types\/page"}],"author":[{"embeddable":true,"href":"https:\/\/www.weddingportugal.com\/de\/wp-json\/wp\/v2\/users\/1"}],"replies":[{"embeddable":true,"href":"https:\/\/www.weddingportugal.com\/de\/wp-json\/wp\/v2\/comments?post=4204"}],"version-history":[{"count":1,"href":"https:\/\/www.weddingportugal.com\/de\/wp-json\/wp\/v2\/pages\/4204\/revisions"}],"predecessor-version":[{"id":4205,"href":"https:\/\/www.weddingportugal.com\/de\/wp-json\/wp\/v2\/pages\/4204\/revisions\/4205"}],"wp:attachment":[{"href":"https:\/\/www.weddingportugal.com\/de\/wp-json\/wp\/v2\/media?parent=4204"}],"curies":[{"name":"wp","href":"https:\/\/api.w.org\/{rel}","templated":true}]}}